{"id":2070,"date":"2025-06-23T08:39:08","date_gmt":"2025-06-23T08:39:08","guid":{"rendered":"https:\/\/mmbobd2.com\/?page_id=2070"},"modified":"2025-06-23T08:39:11","modified_gmt":"2025-06-23T08:39:11","slug":"mentions-legales","status":"publish","type":"page","link":"https:\/\/mmbobd2.com\/en\/mentions-legales\/","title":{"rendered":"Mentions L\u00e9gales"},"content":{"rendered":"<h4 class=\"wp-block-heading\"><strong>1. \u00c9DITEUR DU SITE<\/strong><\/h4>\n\n\n\n<p>Le pr\u00e9sent site <strong>mmbobd2.com<\/strong> est \u00e9dit\u00e9 par <strong>SARL MMB COMPANY<\/strong>, soci\u00e9t\u00e9 \u00e0 responsabilit\u00e9 limit\u00e9e au capital de <strong>10 euros<\/strong>, immatricul\u00e9e au <strong>RCS de Nantes sous le num\u00e9ro B 950992339<\/strong>, dont le si\u00e8ge social est situ\u00e9 \u00e0 <strong>7 B Rue du Plessis, 44880 Sautron, France<\/strong>.<\/p>\n\n\n\n<p><strong>Nom de domaine du site<\/strong> : <a href=\"http:\/\/www.mmbsoftauto.com\">www.<strong>mmbobd2.com<\/strong><\/a><br><strong>Adresse e-mail<\/strong> : <a><strong>mmbvad@gmail.com<\/strong><\/a><\/p>\n\n\n\n<h4 class=\"wp-block-heading\"><strong>2. H\u00c9BERGEMENT DU SITE<\/strong><\/h4>\n\n\n\n<p>Le site est h\u00e9berg\u00e9 par <strong>Vultr (AS-VULTR)<\/strong>, un fournisseur de services cloud.<\/p>\n\n\n\n<ul class=\"wp-block-list\">\n<li><strong>Nom d\u2019h\u00f4te<\/strong> : mmbobd2.com<\/li>\n\n\n\n<li><strong>Site de l\u2019h\u00e9bergeur<\/strong> : <a href=\"https:\/\/www.vultr.com\">www.vultr.com<\/a><\/li>\n\n\n\n<li><strong>Support technique<\/strong> : <a href=\"https:\/\/www.vultr.com\/support\">www.vultr.com\/support<\/a><\/li>\n<\/ul>\n\n\n\n<h4 class=\"wp-block-heading\"><strong>3. PROPRI\u00c9T\u00c9 INTELLECTUELLE<\/strong><\/h4>\n\n\n\n<p>Tous les \u00e9l\u00e9ments pr\u00e9sents sur ce site (textes, images, graphismes, logos, vid\u00e9os, ic\u00f4nes, etc.) sont la propri\u00e9t\u00e9 exclusive de <strong>MMB COMPANY<\/strong>, sauf mention contraire explicite. Toute reproduction, distribution, modification ou utilisation sans l\u2019autorisation pr\u00e9alable de <strong>MMB COMPANY<\/strong> est strictement interdite.<\/p>\n\n\n\n<h4 class=\"wp-block-heading\"><strong>4. ACTIVIT\u00c9 DU SITE<\/strong><\/h4>\n\n\n\n<p>Le site exploit\u00e9 par <strong>MMB COMPANY<\/strong> est \u00e0 vocation <strong>commerciale<\/strong>. Toutefois, la soci\u00e9t\u00e9 <strong>n\u2019est pas assujettie \u00e0 la TVA<\/strong> conform\u00e9ment \u00e0 l\u2019article 293 B du CGI.<\/p>\n\n\n\n<h4 class=\"wp-block-heading\"><strong>5. COLLECTE ET TRAITEMENT DES DONN\u00c9ES PERSONNELLES<\/strong><\/h4>\n\n\n\n<p>Conform\u00e9ment au <strong>R\u00e8glement G\u00e9n\u00e9ral sur la Protection des Donn\u00e9es (RGPD)<\/strong>, <strong>MMB COMPANY<\/strong> s\u2019engage \u00e0 assurer la protection des donn\u00e9es personnelles des utilisateurs.<\/p>\n\n\n\n<h4 class=\"wp-block-heading\"><strong>DONN\u00c9ES COLLECT\u00c9ES<\/strong><\/h4>\n\n\n\n<p>Le site collecte uniquement les adresses e-mail des utilisateurs \u00e0 des fins de <strong>prise de contact<\/strong>.<\/p>\n\n\n\n<h4 class=\"wp-block-heading\"><strong>RESPONSABLE DU TRAITEMENT DES DONN\u00c9ES<\/strong><\/h4>\n\n\n\n<p>Le responsable du traitement des donn\u00e9es est : <strong>MMB COMPANY<\/strong>.<\/p>\n\n\n\n<h4 class=\"wp-block-heading\"><strong>FINALIT\u00c9 DU TRAITEMENT<\/strong><\/h4>\n\n\n\n<p>Les adresses e-mail collect\u00e9es sont utilis\u00e9es uniquement pour r\u00e9pondre aux demandes des utilisateurs. Aucune donn\u00e9e n\u2019est utilis\u00e9e \u00e0 des fins commerciales, publicitaires ou c\u00e9d\u00e9e \u00e0 des tiers.<\/p>\n\n\n\n<h4 class=\"wp-block-heading\"><strong>DUR\u00c9E DE CONSERVATION DES DONN\u00c9ES<\/strong><\/h4>\n\n\n\n<p>Les donn\u00e9es sont conserv\u00e9es pendant une dur\u00e9e de <strong>1 an<\/strong> \u00e0 compter de leur collecte.<\/p>\n\n\n\n<h4 class=\"wp-block-heading\"><strong>TRANSFERT DES DONN\u00c9ES HORS DE L\u2019UNION EUROP\u00c9ENNE<\/strong><\/h4>\n\n\n\n<p>Aucun transfert de donn\u00e9es en dehors de l\u2019Union Europ\u00e9enne n\u2019est effectu\u00e9.<\/p>\n\n\n\n<h4 class=\"wp-block-heading\"><strong>DROITS DES UTILISATEURS<\/strong><\/h4>\n\n\n\n<p>Conform\u00e9ment \u00e0 la r\u00e9glementation en vigueur, les utilisateurs disposent des droits suivants concernant leurs donn\u00e9es personnelles :<\/p>\n\n\n\n<ul class=\"wp-block-list\">\n<li>Droit d\u2019acc\u00e8s, de rectification et d\u2019effacement des donn\u00e9es,<\/li>\n\n\n\n<li>Droit d\u2019opposition et de limitation du traitement,<\/li>\n\n\n\n<li>Droit \u00e0 la portabilit\u00e9 des donn\u00e9es,<\/li>\n\n\n\n<li>Droit d\u2019introduire une r\u00e9clamation aupr\u00e8s de la <strong>CNIL<\/strong>.<\/li>\n<\/ul>\n\n\n\n<p>Pour toute demande relative aux donn\u00e9es personnelles, l\u2019utilisateur peut contacter <a><strong>mmbvad@gmail.com<\/strong><\/a>.<\/p>\n\n\n\n<h4 class=\"wp-block-heading\"><strong>6. GESTION DES COOKIES<\/strong><\/h4>\n\n\n\n<p>Le site utilise des <strong>cookies \u00e0 des fins statistiques uniquement<\/strong> afin d\u2019analyser la fr\u00e9quentation et l\u2019utilisation du site.<\/p>\n\n\n\n<p>Lors de la premi\u00e8re connexion, l\u2019utilisateur est inform\u00e9 de l\u2019utilisation des cookies et peut choisir d\u2019accepter ou de refuser leur installation via un bandeau d\u00e9di\u00e9.<\/p>\n\n\n\n<h4 class=\"wp-block-heading\"><strong>7. RESPONSABILIT\u00c9<\/strong><\/h4>\n\n\n\n<p>L\u2019\u00e9diteur du site s\u2019efforce de fournir des informations exactes et \u00e0 jour. Toutefois, il ne peut \u00eatre tenu responsable des erreurs ou omissions, ni d\u2019une \u00e9ventuelle indisponibilit\u00e9 du site.<\/p>\n\n\n\n<h4 class=\"wp-block-heading\"><strong>8. DROIT APPLICABLE ET JURIDICTION COMP\u00c9TENTE<\/strong><\/h4>\n\n\n\n<p>Les pr\u00e9sentes mentions l\u00e9gales sont r\u00e9gies par le droit fran\u00e7ais. En cas de litige, les tribunaux comp\u00e9tents seront ceux du ressort de <strong>Nantes<\/strong>.<\/p>\n\n\n\n<p><\/p>","protected":false},"excerpt":{"rendered":"<p>1. \u00c9DITEUR DU SITE Le pr\u00e9sent site mmbobd2.com est \u00e9dit\u00e9 par SARL MMB COMPANY, soci\u00e9t\u00e9 \u00e0 responsabilit\u00e9 limit\u00e9e au capital de 10 euros, immatricul\u00e9e au RCS de Nantes sous le num\u00e9ro B 950992339, dont le si\u00e8ge social est situ\u00e9 \u00e0 7 B Rue du Plessis, 44880 Sautron, France. Nom de domaine du site : www.mmbobd2.comAdresse [&hellip;]<\/p>\n","protected":false},"author":1,"featured_media":0,"parent":0,"menu_order":0,"comment_status":"closed","ping_status":"closed","template":"","meta":{"footnotes":""},"class_list":["post-2070","page","type-page","status-publish","hentry"],"yoast_head":"<!-- This site is optimized with the Yoast SEO plugin v27.4 - https:\/\/yoast.com\/product\/yoast-seo-wordpress\/ -->\n<title>Logiciels de Diagnostic Automobiles | Camion | Reprogrammation | Boutique | MMB Soft Automotive<\/title>\n<meta name=\"description\" content=\"D\u00e9couvrez notre s\u00e9lection de logiciels de diagnostic automobiles et de reprogrammation moteur chez MMB Software Automotive. Optimisez la performance de votre v\u00e9hicule avec nos outils professionnels. Trouvez le logiciel parfait pour vos besoins de r\u00e9paration et d&#039;am\u00e9lioration automobile\" \/>\n<meta name=\"robots\" content=\"index, follow, max-snippet:-1, max-image-preview:large, max-video-preview:-1\" \/>\n<link rel=\"canonical\" href=\"https:\/\/mmbobd2.com\/en\/mentions-legales\/\" \/>\n<meta property=\"og:locale\" content=\"en_GB\" \/>\n<meta property=\"og:type\" content=\"article\" \/>\n<meta property=\"og:title\" content=\"Logiciels de Diagnostic Automobiles | Camion | Reprogrammation | Boutique | MMB Soft Automotive\" \/>\n<meta property=\"og:description\" content=\"D\u00e9couvrez notre s\u00e9lection de logiciels de diagnostic automobiles et de reprogrammation moteur chez MMB Software Automotive. Optimisez la performance de votre v\u00e9hicule avec nos outils professionnels. Trouvez le logiciel parfait pour vos besoins de r\u00e9paration et d&#039;am\u00e9lioration automobile\" \/>\n<meta property=\"og:url\" content=\"https:\/\/mmbobd2.com\/en\/mentions-legales\/\" \/>\n<meta property=\"og:site_name\" content=\"MMB OBD2 SOFTWARE\" \/>\n<meta property=\"article:publisher\" content=\"https:\/\/www.facebook.com\/profile.php?id=61552159950965\" \/>\n<meta property=\"article:modified_time\" content=\"2025-06-23T08:39:11+00:00\" \/>\n<meta property=\"og:image\" content=\"https:\/\/i0.wp.com\/mmbobd2.com\/wp-content\/uploads\/2023\/10\/Capture-decran-2023-10-08-223046.jpg?fit=1559%2C887&ssl=1\" \/>\n\t<meta property=\"og:image:width\" content=\"1559\" \/>\n\t<meta property=\"og:image:height\" content=\"887\" \/>\n\t<meta property=\"og:image:type\" content=\"image\/jpeg\" \/>\n<meta name=\"twitter:card\" content=\"summary_large_image\" \/>\n<meta name=\"twitter:label1\" content=\"Estimated reading time\" \/>\n\t<meta name=\"twitter:data1\" content=\"3 minutes\" \/>\n<script type=\"application\/ld+json\" class=\"yoast-schema-graph\">{\"@context\":\"https:\\\/\\\/schema.org\",\"@graph\":[{\"@type\":\"WebPage\",\"@id\":\"https:\\\/\\\/mmbobd2.com\\\/mentions-legales\\\/\",\"url\":\"https:\\\/\\\/mmbobd2.com\\\/mentions-legales\\\/\",\"name\":\"Logiciels de Diagnostic Automobiles | Camion | Reprogrammation | Boutique | MMB Soft Automotive\",\"isPartOf\":{\"@id\":\"https:\\\/\\\/mmbobd2.com\\\/#website\"},\"datePublished\":\"2025-06-23T08:39:08+00:00\",\"dateModified\":\"2025-06-23T08:39:11+00:00\",\"description\":\"D\u00e9couvrez notre s\u00e9lection de logiciels de diagnostic automobiles et de reprogrammation moteur chez MMB Software Automotive. Optimisez la performance de votre v\u00e9hicule avec nos outils professionnels. Trouvez le logiciel parfait pour vos besoins de r\u00e9paration et d'am\u00e9lioration automobile\",\"breadcrumb\":{\"@id\":\"https:\\\/\\\/mmbobd2.com\\\/mentions-legales\\\/#breadcrumb\"},\"inLanguage\":\"en-GB\",\"potentialAction\":[{\"@type\":\"ReadAction\",\"target\":[\"https:\\\/\\\/mmbobd2.com\\\/mentions-legales\\\/\"]}]},{\"@type\":\"BreadcrumbList\",\"@id\":\"https:\\\/\\\/mmbobd2.com\\\/mentions-legales\\\/#breadcrumb\",\"itemListElement\":[{\"@type\":\"ListItem\",\"position\":1,\"name\":\"Accueil\",\"item\":\"https:\\\/\\\/mmbobd2.com\\\/\"},{\"@type\":\"ListItem\",\"position\":2,\"name\":\"Mentions L\u00e9gales\"}]},{\"@type\":\"WebSite\",\"@id\":\"https:\\\/\\\/mmbobd2.com\\\/#website\",\"url\":\"https:\\\/\\\/mmbobd2.com\\\/\",\"name\":\"MMB OBD2 SOFTWARE\",\"description\":\"\",\"publisher\":{\"@id\":\"https:\\\/\\\/mmbobd2.com\\\/#organization\"},\"alternateName\":\"mmbsoftauto\",\"potentialAction\":[{\"@type\":\"SearchAction\",\"target\":{\"@type\":\"EntryPoint\",\"urlTemplate\":\"https:\\\/\\\/mmbobd2.com\\\/?s={search_term_string}\"},\"query-input\":{\"@type\":\"PropertyValueSpecification\",\"valueRequired\":true,\"valueName\":\"search_term_string\"}}],\"inLanguage\":\"en-GB\"},{\"@type\":\"Organization\",\"@id\":\"https:\\\/\\\/mmbobd2.com\\\/#organization\",\"name\":\"MMB COMPANY\",\"url\":\"https:\\\/\\\/mmbobd2.com\\\/\",\"logo\":{\"@type\":\"ImageObject\",\"inLanguage\":\"en-GB\",\"@id\":\"https:\\\/\\\/mmbobd2.com\\\/#\\\/schema\\\/logo\\\/image\\\/\",\"url\":\"https:\\\/\\\/mmbobd2.com\\\/wp-content\\\/uploads\\\/2023\\\/10\\\/LOGO-ROND-MMB-200.png\",\"contentUrl\":\"https:\\\/\\\/mmbobd2.com\\\/wp-content\\\/uploads\\\/2023\\\/10\\\/LOGO-ROND-MMB-200.png\",\"width\":200,\"height\":200,\"caption\":\"MMB COMPANY\"},\"image\":{\"@id\":\"https:\\\/\\\/mmbobd2.com\\\/#\\\/schema\\\/logo\\\/image\\\/\"},\"sameAs\":[\"https:\\\/\\\/www.facebook.com\\\/profile.php?id=61552159950965\"]}]}<\/script>\n<!-- \/ Yoast SEO plugin. -->","yoast_head_json":{"title":"Logiciels de Diagnostic Automobiles | Camion | Reprogrammation | Boutique | MMB Soft Automotive","description":"D\u00e9couvrez notre s\u00e9lection de logiciels de diagnostic automobiles et de reprogrammation moteur chez MMB Software Automotive. Optimisez la performance de votre v\u00e9hicule avec nos outils professionnels. Trouvez le logiciel parfait pour vos besoins de r\u00e9paration et d'am\u00e9lioration automobile","robots":{"index":"index","follow":"follow","max-snippet":"max-snippet:-1","max-image-preview":"max-image-preview:large","max-video-preview":"max-video-preview:-1"},"canonical":"https:\/\/mmbobd2.com\/en\/mentions-legales\/","og_locale":"en_GB","og_type":"article","og_title":"Logiciels de Diagnostic Automobiles | Camion | Reprogrammation | Boutique | MMB Soft Automotive","og_description":"D\u00e9couvrez notre s\u00e9lection de logiciels de diagnostic automobiles et de reprogrammation moteur chez MMB Software Automotive. Optimisez la performance de votre v\u00e9hicule avec nos outils professionnels. Trouvez le logiciel parfait pour vos besoins de r\u00e9paration et d'am\u00e9lioration automobile","og_url":"https:\/\/mmbobd2.com\/en\/mentions-legales\/","og_site_name":"MMB OBD2 SOFTWARE","article_publisher":"https:\/\/www.facebook.com\/profile.php?id=61552159950965","article_modified_time":"2025-06-23T08:39:11+00:00","og_image":[{"width":1559,"height":887,"url":"https:\/\/i0.wp.com\/mmbobd2.com\/wp-content\/uploads\/2023\/10\/Capture-decran-2023-10-08-223046.jpg?fit=1559%2C887&ssl=1","type":"image\/jpeg"}],"twitter_card":"summary_large_image","twitter_misc":{"Estimated reading time":"3 minutes"},"schema":{"@context":"https:\/\/schema.org","@graph":[{"@type":"WebPage","@id":"https:\/\/mmbobd2.com\/mentions-legales\/","url":"https:\/\/mmbobd2.com\/mentions-legales\/","name":"Logiciels de Diagnostic Automobiles | Camion | Reprogrammation | Boutique | MMB Soft Automotive","isPartOf":{"@id":"https:\/\/mmbobd2.com\/#website"},"datePublished":"2025-06-23T08:39:08+00:00","dateModified":"2025-06-23T08:39:11+00:00","description":"D\u00e9couvrez notre s\u00e9lection de logiciels de diagnostic automobiles et de reprogrammation moteur chez MMB Software Automotive. Optimisez la performance de votre v\u00e9hicule avec nos outils professionnels. Trouvez le logiciel parfait pour vos besoins de r\u00e9paration et d'am\u00e9lioration automobile","breadcrumb":{"@id":"https:\/\/mmbobd2.com\/mentions-legales\/#breadcrumb"},"inLanguage":"en-GB","potentialAction":[{"@type":"ReadAction","target":["https:\/\/mmbobd2.com\/mentions-legales\/"]}]},{"@type":"BreadcrumbList","@id":"https:\/\/mmbobd2.com\/mentions-legales\/#breadcrumb","itemListElement":[{"@type":"ListItem","position":1,"name":"Accueil","item":"https:\/\/mmbobd2.com\/"},{"@type":"ListItem","position":2,"name":"Mentions L\u00e9gales"}]},{"@type":"WebSite","@id":"https:\/\/mmbobd2.com\/#website","url":"https:\/\/mmbobd2.com\/","name":"MMB OBD2 SOFTWARE","description":"","publisher":{"@id":"https:\/\/mmbobd2.com\/#organization"},"alternateName":"mmbsoftauto","potentialAction":[{"@type":"SearchAction","target":{"@type":"EntryPoint","urlTemplate":"https:\/\/mmbobd2.com\/?s={search_term_string}"},"query-input":{"@type":"PropertyValueSpecification","valueRequired":true,"valueName":"search_term_string"}}],"inLanguage":"en-GB"},{"@type":"Organization","@id":"https:\/\/mmbobd2.com\/#organization","name":"MMB COMPANY","url":"https:\/\/mmbobd2.com\/","logo":{"@type":"ImageObject","inLanguage":"en-GB","@id":"https:\/\/mmbobd2.com\/#\/schema\/logo\/image\/","url":"https:\/\/mmbobd2.com\/wp-content\/uploads\/2023\/10\/LOGO-ROND-MMB-200.png","contentUrl":"https:\/\/mmbobd2.com\/wp-content\/uploads\/2023\/10\/LOGO-ROND-MMB-200.png","width":200,"height":200,"caption":"MMB COMPANY"},"image":{"@id":"https:\/\/mmbobd2.com\/#\/schema\/logo\/image\/"},"sameAs":["https:\/\/www.facebook.com\/profile.php?id=61552159950965"]}]}},"_links":{"self":[{"href":"https:\/\/mmbobd2.com\/en\/wp-json\/wp\/v2\/pages\/2070","targetHints":{"allow":["GET"]}}],"collection":[{"href":"https:\/\/mmbobd2.com\/en\/wp-json\/wp\/v2\/pages"}],"about":[{"href":"https:\/\/mmbobd2.com\/en\/wp-json\/wp\/v2\/types\/page"}],"author":[{"embeddable":true,"href":"https:\/\/mmbobd2.com\/en\/wp-json\/wp\/v2\/users\/1"}],"replies":[{"embeddable":true,"href":"https:\/\/mmbobd2.com\/en\/wp-json\/wp\/v2\/comments?post=2070"}],"version-history":[{"count":2,"href":"https:\/\/mmbobd2.com\/en\/wp-json\/wp\/v2\/pages\/2070\/revisions"}],"predecessor-version":[{"id":2073,"href":"https:\/\/mmbobd2.com\/en\/wp-json\/wp\/v2\/pages\/2070\/revisions\/2073"}],"wp:attachment":[{"href":"https:\/\/mmbobd2.com\/en\/wp-json\/wp\/v2\/media?parent=2070"}],"curies":[{"name":"wp","href":"https:\/\/api.w.org\/{rel}","templated":true}]}}