{"id":8,"date":"2023-10-06T09:58:50","date_gmt":"2023-10-06T09:58:50","guid":{"rendered":"https:\/\/mmbobd2.com\/cart\/"},"modified":"2023-10-13T11:42:56","modified_gmt":"2023-10-13T11:42:56","slug":"logiciels-de-diagnostic-trucks","status":"publish","type":"page","link":"https:\/\/mmbobd2.com\/en\/logiciels-de-diagnostic-trucks\/","title":{"rendered":"Panier"},"content":{"rendered":"","protected":false},"excerpt":{"rendered":"","protected":false},"author":1,"featured_media":0,"parent":0,"menu_order":0,"comment_status":"closed","ping_status":"closed","template":"","meta":{"footnotes":""},"class_list":["post-8","page","type-page","status-publish","hentry"],"yoast_head":"<!-- This site is optimized with the Yoast SEO plugin v27.6 - https:\/\/yoast.com\/product\/yoast-seo-wordpress\/ -->\n<title>Logiciels de Diagnostic Trucks Panier<\/title>\n<meta name=\"description\" content=\"Logiciels de Diagnostic Trucks Votre source de logiciels de diagnostic automobile avanc\u00e9s pour m\u00e9caniciens et passionn\u00e9s.\" \/>\n<meta name=\"robots\" content=\"index, follow, max-snippet:-1, max-image-preview:large, max-video-preview:-1\" \/>\n<link rel=\"canonical\" href=\"https:\/\/mmbobd2.com\/en\/logiciels-de-diagnostic-trucks\/\" \/>\n<meta property=\"og:locale\" content=\"en_GB\" \/>\n<meta property=\"og:type\" content=\"article\" \/>\n<meta property=\"og:title\" content=\"Logiciels de Diagnostic Trucks Panier\" \/>\n<meta property=\"og:description\" content=\"Logiciels de Diagnostic Trucks Votre source de logiciels de diagnostic automobile avanc\u00e9s pour m\u00e9caniciens et passionn\u00e9s.\" \/>\n<meta property=\"og:url\" content=\"https:\/\/mmbobd2.com\/en\/logiciels-de-diagnostic-trucks\/\" \/>\n<meta property=\"og:site_name\" content=\"MMB OBD2 SOFTWARE\" \/>\n<meta property=\"article:publisher\" content=\"https:\/\/www.facebook.com\/profile.php?id=61552159950965\" \/>\n<meta property=\"article:modified_time\" content=\"2023-10-13T11:42:56+00:00\" \/>\n<meta property=\"og:image\" content=\"https:\/\/i0.wp.com\/mmbobd2.com\/wp-content\/uploads\/2023\/10\/Capture-decran-2023-10-08-223046.jpg?fit=1559%2C887&ssl=1\" \/>\n\t<meta property=\"og:image:width\" content=\"1559\" \/>\n\t<meta property=\"og:image:height\" content=\"887\" \/>\n\t<meta property=\"og:image:type\" content=\"image\/jpeg\" \/>\n<meta name=\"twitter:card\" content=\"summary_large_image\" \/>\n<meta name=\"twitter:label1\" content=\"Estimated reading time\" \/>\n\t<meta name=\"twitter:data1\" content=\"1 minute\" \/>\n<script type=\"application\/ld+json\" class=\"yoast-schema-graph\">{\"@context\":\"https:\\\/\\\/schema.org\",\"@graph\":[{\"@type\":\"WebPage\",\"@id\":\"https:\\\/\\\/mmbobd2.com\\\/logiciels-de-diagnostic-trucks\\\/\",\"url\":\"https:\\\/\\\/mmbobd2.com\\\/logiciels-de-diagnostic-trucks\\\/\",\"name\":\"Logiciels de Diagnostic Trucks Panier\",\"isPartOf\":{\"@id\":\"https:\\\/\\\/mmbobd2.com\\\/#website\"},\"datePublished\":\"2023-10-06T09:58:50+00:00\",\"dateModified\":\"2023-10-13T11:42:56+00:00\",\"description\":\"Logiciels de Diagnostic Trucks Votre source de logiciels de diagnostic automobile avanc\u00e9s pour m\u00e9caniciens et passionn\u00e9s.\",\"breadcrumb\":{\"@id\":\"https:\\\/\\\/mmbobd2.com\\\/logiciels-de-diagnostic-trucks\\\/#breadcrumb\"},\"inLanguage\":\"en-GB\",\"potentialAction\":[{\"@type\":\"ReadAction\",\"target\":[\"https:\\\/\\\/mmbobd2.com\\\/logiciels-de-diagnostic-trucks\\\/\"]}]},{\"@type\":\"BreadcrumbList\",\"@id\":\"https:\\\/\\\/mmbobd2.com\\\/logiciels-de-diagnostic-trucks\\\/#breadcrumb\",\"itemListElement\":[{\"@type\":\"ListItem\",\"position\":1,\"name\":\"Accueil\",\"item\":\"https:\\\/\\\/mmbobd2.com\\\/\"},{\"@type\":\"ListItem\",\"position\":2,\"name\":\"Panier\"}]},{\"@type\":\"WebSite\",\"@id\":\"https:\\\/\\\/mmbobd2.com\\\/#website\",\"url\":\"https:\\\/\\\/mmbobd2.com\\\/\",\"name\":\"MMB OBD2 SOFTWARE\",\"description\":\"\",\"publisher\":{\"@id\":\"https:\\\/\\\/mmbobd2.com\\\/#organization\"},\"alternateName\":\"mmbsoftauto\",\"potentialAction\":[{\"@type\":\"SearchAction\",\"target\":{\"@type\":\"EntryPoint\",\"urlTemplate\":\"https:\\\/\\\/mmbobd2.com\\\/?s={search_term_string}\"},\"query-input\":{\"@type\":\"PropertyValueSpecification\",\"valueRequired\":true,\"valueName\":\"search_term_string\"}}],\"inLanguage\":\"en-GB\"},{\"@type\":\"Organization\",\"@id\":\"https:\\\/\\\/mmbobd2.com\\\/#organization\",\"name\":\"MMB COMPANY\",\"url\":\"https:\\\/\\\/mmbobd2.com\\\/\",\"logo\":{\"@type\":\"ImageObject\",\"inLanguage\":\"en-GB\",\"@id\":\"https:\\\/\\\/mmbobd2.com\\\/#\\\/schema\\\/logo\\\/image\\\/\",\"url\":\"https:\\\/\\\/mmbobd2.com\\\/wp-content\\\/uploads\\\/2023\\\/10\\\/LOGO-ROND-MMB-200.png\",\"contentUrl\":\"https:\\\/\\\/mmbobd2.com\\\/wp-content\\\/uploads\\\/2023\\\/10\\\/LOGO-ROND-MMB-200.png\",\"width\":200,\"height\":200,\"caption\":\"MMB COMPANY\"},\"image\":{\"@id\":\"https:\\\/\\\/mmbobd2.com\\\/#\\\/schema\\\/logo\\\/image\\\/\"},\"sameAs\":[\"https:\\\/\\\/www.facebook.com\\\/profile.php?id=61552159950965\"]}]}<\/script>\n<!-- \/ Yoast SEO plugin. -->","yoast_head_json":{"title":"Logiciels de Diagnostic Trucks Panier","description":"Logiciels de Diagnostic Trucks Votre source de logiciels de diagnostic automobile avanc\u00e9s pour m\u00e9caniciens et passionn\u00e9s.","robots":{"index":"index","follow":"follow","max-snippet":"max-snippet:-1","max-image-preview":"max-image-preview:large","max-video-preview":"max-video-preview:-1"},"canonical":"https:\/\/mmbobd2.com\/en\/logiciels-de-diagnostic-trucks\/","og_locale":"en_GB","og_type":"article","og_title":"Logiciels de Diagnostic Trucks Panier","og_description":"Logiciels de Diagnostic Trucks Votre source de logiciels de diagnostic automobile avanc\u00e9s pour m\u00e9caniciens et passionn\u00e9s.","og_url":"https:\/\/mmbobd2.com\/en\/logiciels-de-diagnostic-trucks\/","og_site_name":"MMB OBD2 SOFTWARE","article_publisher":"https:\/\/www.facebook.com\/profile.php?id=61552159950965","article_modified_time":"2023-10-13T11:42:56+00:00","og_image":[{"width":1559,"height":887,"url":"https:\/\/i0.wp.com\/mmbobd2.com\/wp-content\/uploads\/2023\/10\/Capture-decran-2023-10-08-223046.jpg?fit=1559%2C887&ssl=1","type":"image\/jpeg"}],"twitter_card":"summary_large_image","twitter_misc":{"Estimated reading time":"1 minute"},"schema":{"@context":"https:\/\/schema.org","@graph":[{"@type":"WebPage","@id":"https:\/\/mmbobd2.com\/logiciels-de-diagnostic-trucks\/","url":"https:\/\/mmbobd2.com\/logiciels-de-diagnostic-trucks\/","name":"Logiciels de Diagnostic Trucks Panier","isPartOf":{"@id":"https:\/\/mmbobd2.com\/#website"},"datePublished":"2023-10-06T09:58:50+00:00","dateModified":"2023-10-13T11:42:56+00:00","description":"Logiciels de Diagnostic Trucks Votre source de logiciels de diagnostic automobile avanc\u00e9s pour m\u00e9caniciens et passionn\u00e9s.","breadcrumb":{"@id":"https:\/\/mmbobd2.com\/logiciels-de-diagnostic-trucks\/#breadcrumb"},"inLanguage":"en-GB","potentialAction":[{"@type":"ReadAction","target":["https:\/\/mmbobd2.com\/logiciels-de-diagnostic-trucks\/"]}]},{"@type":"BreadcrumbList","@id":"https:\/\/mmbobd2.com\/logiciels-de-diagnostic-trucks\/#breadcrumb","itemListElement":[{"@type":"ListItem","position":1,"name":"Accueil","item":"https:\/\/mmbobd2.com\/"},{"@type":"ListItem","position":2,"name":"Panier"}]},{"@type":"WebSite","@id":"https:\/\/mmbobd2.com\/#website","url":"https:\/\/mmbobd2.com\/","name":"MMB OBD2 SOFTWARE","description":"","publisher":{"@id":"https:\/\/mmbobd2.com\/#organization"},"alternateName":"mmbsoftauto","potentialAction":[{"@type":"SearchAction","target":{"@type":"EntryPoint","urlTemplate":"https:\/\/mmbobd2.com\/?s={search_term_string}"},"query-input":{"@type":"PropertyValueSpecification","valueRequired":true,"valueName":"search_term_string"}}],"inLanguage":"en-GB"},{"@type":"Organization","@id":"https:\/\/mmbobd2.com\/#organization","name":"MMB COMPANY","url":"https:\/\/mmbobd2.com\/","logo":{"@type":"ImageObject","inLanguage":"en-GB","@id":"https:\/\/mmbobd2.com\/#\/schema\/logo\/image\/","url":"https:\/\/mmbobd2.com\/wp-content\/uploads\/2023\/10\/LOGO-ROND-MMB-200.png","contentUrl":"https:\/\/mmbobd2.com\/wp-content\/uploads\/2023\/10\/LOGO-ROND-MMB-200.png","width":200,"height":200,"caption":"MMB COMPANY"},"image":{"@id":"https:\/\/mmbobd2.com\/#\/schema\/logo\/image\/"},"sameAs":["https:\/\/www.facebook.com\/profile.php?id=61552159950965"]}]}},"_links":{"self":[{"href":"https:\/\/mmbobd2.com\/en\/wp-json\/wp\/v2\/pages\/8","targetHints":{"allow":["GET"]}}],"collection":[{"href":"https:\/\/mmbobd2.com\/en\/wp-json\/wp\/v2\/pages"}],"about":[{"href":"https:\/\/mmbobd2.com\/en\/wp-json\/wp\/v2\/types\/page"}],"author":[{"embeddable":true,"href":"https:\/\/mmbobd2.com\/en\/wp-json\/wp\/v2\/users\/1"}],"replies":[{"embeddable":true,"href":"https:\/\/mmbobd2.com\/en\/wp-json\/wp\/v2\/comments?post=8"}],"version-history":[{"count":3,"href":"https:\/\/mmbobd2.com\/en\/wp-json\/wp\/v2\/pages\/8\/revisions"}],"predecessor-version":[{"id":521,"href":"https:\/\/mmbobd2.com\/en\/wp-json\/wp\/v2\/pages\/8\/revisions\/521"}],"wp:attachment":[{"href":"https:\/\/mmbobd2.com\/en\/wp-json\/wp\/v2\/media?parent=8"}],"curies":[{"name":"wp","href":"https:\/\/api.w.org\/{rel}","templated":true}]}}