{"id":998,"date":"2023-10-06T09:58:50","date_gmt":"2023-10-06T09:58:50","guid":{"rendered":"https:\/\/mmbobd2.com\/checkout\/"},"modified":"2024-01-23T22:14:40","modified_gmt":"2024-01-23T22:14:40","slug":"checkout","status":"publish","type":"page","link":"https:\/\/mmbobd2.com\/en\/checkout\/","title":{"rendered":"Checkout"},"content":{"rendered":"[wordpress_file_upload]<div class=\"woocommerce\"><\/div>\n","protected":false},"excerpt":{"rendered":"<p>[wordpress_file_upload]<\/p>\n","protected":false},"author":1,"featured_media":0,"parent":0,"menu_order":0,"comment_status":"closed","ping_status":"closed","template":"","meta":{"footnotes":""},"class_list":["post-998","page","type-page","status-publish","hentry"],"yoast_head":"<!-- This site is optimized with the Yoast SEO plugin v27.4 - https:\/\/yoast.com\/product\/yoast-seo-wordpress\/ -->\n<title>Logiciels de Diagnostic Automobiles | Camion | Reprogrammation | Boutique | MMB Soft Automotive<\/title>\n<meta name=\"description\" content=\"D\u00e9couvrez notre s\u00e9lection de logiciels de diagnostic automobiles et de reprogrammation moteur chez MMB Software Automotive. Optimisez la performance de votre v\u00e9hicule avec nos outils professionnels. Trouvez le logiciel parfait pour vos besoins de r\u00e9paration et d&#039;am\u00e9lioration automobile\" \/>\n<meta name=\"robots\" content=\"index, follow, max-snippet:-1, max-image-preview:large, max-video-preview:-1\" \/>\n<link rel=\"canonical\" href=\"https:\/\/mmbobd2.com\/en\/checkout\/\" \/>\n<meta property=\"og:locale\" content=\"en_GB\" \/>\n<meta property=\"og:type\" content=\"article\" \/>\n<meta property=\"og:title\" content=\"Logiciels de Diagnostic Automobiles | Camion | Reprogrammation | Boutique | MMB Soft Automotive\" \/>\n<meta property=\"og:description\" content=\"D\u00e9couvrez notre s\u00e9lection de logiciels de diagnostic automobiles et de reprogrammation moteur chez MMB Software Automotive. Optimisez la performance de votre v\u00e9hicule avec nos outils professionnels. Trouvez le logiciel parfait pour vos besoins de r\u00e9paration et d&#039;am\u00e9lioration automobile\" \/>\n<meta property=\"og:url\" content=\"https:\/\/mmbobd2.com\/en\/checkout\/\" \/>\n<meta property=\"og:site_name\" content=\"MMB OBD2 SOFTWARE\" \/>\n<meta property=\"article:publisher\" content=\"https:\/\/www.facebook.com\/profile.php?id=61552159950965\" \/>\n<meta property=\"article:modified_time\" content=\"2024-01-23T22:14:40+00:00\" \/>\n<meta property=\"og:image\" content=\"https:\/\/i0.wp.com\/mmbobd2.com\/wp-content\/uploads\/2023\/10\/Capture-decran-2023-10-08-223046.jpg?fit=1559%2C887&ssl=1\" \/>\n\t<meta property=\"og:image:width\" content=\"1559\" \/>\n\t<meta property=\"og:image:height\" content=\"887\" \/>\n\t<meta property=\"og:image:type\" content=\"image\/jpeg\" \/>\n<meta name=\"twitter:card\" content=\"summary_large_image\" \/>\n<script type=\"application\/ld+json\" class=\"yoast-schema-graph\">{\"@context\":\"https:\\\/\\\/schema.org\",\"@graph\":[{\"@type\":\"WebPage\",\"@id\":\"https:\\\/\\\/mmbobd2.com\\\/en\\\/checkout\\\/\",\"url\":\"https:\\\/\\\/mmbobd2.com\\\/en\\\/checkout\\\/\",\"name\":\"Logiciels de Diagnostic Automobiles | Camion | Reprogrammation | Boutique | MMB Soft Automotive\",\"isPartOf\":{\"@id\":\"https:\\\/\\\/mmbobd2.com\\\/#website\"},\"datePublished\":\"2023-10-06T09:58:50+00:00\",\"dateModified\":\"2024-01-23T22:14:40+00:00\",\"description\":\"D\u00e9couvrez notre s\u00e9lection de logiciels de diagnostic automobiles et de reprogrammation moteur chez MMB Software Automotive. Optimisez la performance de votre v\u00e9hicule avec nos outils professionnels. Trouvez le logiciel parfait pour vos besoins de r\u00e9paration et d'am\u00e9lioration automobile\",\"breadcrumb\":{\"@id\":\"https:\\\/\\\/mmbobd2.com\\\/en\\\/checkout\\\/#breadcrumb\"},\"inLanguage\":\"en-GB\",\"potentialAction\":[{\"@type\":\"ReadAction\",\"target\":[\"https:\\\/\\\/mmbobd2.com\\\/en\\\/checkout\\\/\"]}]},{\"@type\":\"BreadcrumbList\",\"@id\":\"https:\\\/\\\/mmbobd2.com\\\/en\\\/checkout\\\/#breadcrumb\",\"itemListElement\":[{\"@type\":\"ListItem\",\"position\":1,\"name\":\"Accueil\",\"item\":\"https:\\\/\\\/mmbobd2.com\\\/\"},{\"@type\":\"ListItem\",\"position\":2,\"name\":\"Checkout\"}]},{\"@type\":\"WebSite\",\"@id\":\"https:\\\/\\\/mmbobd2.com\\\/#website\",\"url\":\"https:\\\/\\\/mmbobd2.com\\\/\",\"name\":\"MMB OBD2 SOFTWARE\",\"description\":\"\",\"publisher\":{\"@id\":\"https:\\\/\\\/mmbobd2.com\\\/#organization\"},\"alternateName\":\"mmbsoftauto\",\"potentialAction\":[{\"@type\":\"SearchAction\",\"target\":{\"@type\":\"EntryPoint\",\"urlTemplate\":\"https:\\\/\\\/mmbobd2.com\\\/?s={search_term_string}\"},\"query-input\":{\"@type\":\"PropertyValueSpecification\",\"valueRequired\":true,\"valueName\":\"search_term_string\"}}],\"inLanguage\":\"en-GB\"},{\"@type\":\"Organization\",\"@id\":\"https:\\\/\\\/mmbobd2.com\\\/#organization\",\"name\":\"MMB COMPANY\",\"url\":\"https:\\\/\\\/mmbobd2.com\\\/\",\"logo\":{\"@type\":\"ImageObject\",\"inLanguage\":\"en-GB\",\"@id\":\"https:\\\/\\\/mmbobd2.com\\\/#\\\/schema\\\/logo\\\/image\\\/\",\"url\":\"https:\\\/\\\/mmbobd2.com\\\/wp-content\\\/uploads\\\/2023\\\/10\\\/LOGO-ROND-MMB-200.png\",\"contentUrl\":\"https:\\\/\\\/mmbobd2.com\\\/wp-content\\\/uploads\\\/2023\\\/10\\\/LOGO-ROND-MMB-200.png\",\"width\":200,\"height\":200,\"caption\":\"MMB COMPANY\"},\"image\":{\"@id\":\"https:\\\/\\\/mmbobd2.com\\\/#\\\/schema\\\/logo\\\/image\\\/\"},\"sameAs\":[\"https:\\\/\\\/www.facebook.com\\\/profile.php?id=61552159950965\"]}]}<\/script>\n<!-- \/ Yoast SEO plugin. -->","yoast_head_json":{"title":"Logiciels de Diagnostic Automobiles | Camion | Reprogrammation | Boutique | MMB Soft Automotive","description":"D\u00e9couvrez notre s\u00e9lection de logiciels de diagnostic automobiles et de reprogrammation moteur chez MMB Software Automotive. Optimisez la performance de votre v\u00e9hicule avec nos outils professionnels. Trouvez le logiciel parfait pour vos besoins de r\u00e9paration et d'am\u00e9lioration automobile","robots":{"index":"index","follow":"follow","max-snippet":"max-snippet:-1","max-image-preview":"max-image-preview:large","max-video-preview":"max-video-preview:-1"},"canonical":"https:\/\/mmbobd2.com\/en\/checkout\/","og_locale":"en_GB","og_type":"article","og_title":"Logiciels de Diagnostic Automobiles | Camion | Reprogrammation | Boutique | MMB Soft Automotive","og_description":"D\u00e9couvrez notre s\u00e9lection de logiciels de diagnostic automobiles et de reprogrammation moteur chez MMB Software Automotive. Optimisez la performance de votre v\u00e9hicule avec nos outils professionnels. Trouvez le logiciel parfait pour vos besoins de r\u00e9paration et d'am\u00e9lioration automobile","og_url":"https:\/\/mmbobd2.com\/en\/checkout\/","og_site_name":"MMB OBD2 SOFTWARE","article_publisher":"https:\/\/www.facebook.com\/profile.php?id=61552159950965","article_modified_time":"2024-01-23T22:14:40+00:00","og_image":[{"width":1559,"height":887,"url":"https:\/\/i0.wp.com\/mmbobd2.com\/wp-content\/uploads\/2023\/10\/Capture-decran-2023-10-08-223046.jpg?fit=1559%2C887&ssl=1","type":"image\/jpeg"}],"twitter_card":"summary_large_image","schema":{"@context":"https:\/\/schema.org","@graph":[{"@type":"WebPage","@id":"https:\/\/mmbobd2.com\/en\/checkout\/","url":"https:\/\/mmbobd2.com\/en\/checkout\/","name":"Logiciels de Diagnostic Automobiles | Camion | Reprogrammation | Boutique | MMB Soft Automotive","isPartOf":{"@id":"https:\/\/mmbobd2.com\/#website"},"datePublished":"2023-10-06T09:58:50+00:00","dateModified":"2024-01-23T22:14:40+00:00","description":"D\u00e9couvrez notre s\u00e9lection de logiciels de diagnostic automobiles et de reprogrammation moteur chez MMB Software Automotive. Optimisez la performance de votre v\u00e9hicule avec nos outils professionnels. Trouvez le logiciel parfait pour vos besoins de r\u00e9paration et d'am\u00e9lioration automobile","breadcrumb":{"@id":"https:\/\/mmbobd2.com\/en\/checkout\/#breadcrumb"},"inLanguage":"en-GB","potentialAction":[{"@type":"ReadAction","target":["https:\/\/mmbobd2.com\/en\/checkout\/"]}]},{"@type":"BreadcrumbList","@id":"https:\/\/mmbobd2.com\/en\/checkout\/#breadcrumb","itemListElement":[{"@type":"ListItem","position":1,"name":"Accueil","item":"https:\/\/mmbobd2.com\/"},{"@type":"ListItem","position":2,"name":"Checkout"}]},{"@type":"WebSite","@id":"https:\/\/mmbobd2.com\/#website","url":"https:\/\/mmbobd2.com\/","name":"MMB OBD2 SOFTWARE","description":"","publisher":{"@id":"https:\/\/mmbobd2.com\/#organization"},"alternateName":"mmbsoftauto","potentialAction":[{"@type":"SearchAction","target":{"@type":"EntryPoint","urlTemplate":"https:\/\/mmbobd2.com\/?s={search_term_string}"},"query-input":{"@type":"PropertyValueSpecification","valueRequired":true,"valueName":"search_term_string"}}],"inLanguage":"en-GB"},{"@type":"Organization","@id":"https:\/\/mmbobd2.com\/#organization","name":"MMB COMPANY","url":"https:\/\/mmbobd2.com\/","logo":{"@type":"ImageObject","inLanguage":"en-GB","@id":"https:\/\/mmbobd2.com\/#\/schema\/logo\/image\/","url":"https:\/\/mmbobd2.com\/wp-content\/uploads\/2023\/10\/LOGO-ROND-MMB-200.png","contentUrl":"https:\/\/mmbobd2.com\/wp-content\/uploads\/2023\/10\/LOGO-ROND-MMB-200.png","width":200,"height":200,"caption":"MMB COMPANY"},"image":{"@id":"https:\/\/mmbobd2.com\/#\/schema\/logo\/image\/"},"sameAs":["https:\/\/www.facebook.com\/profile.php?id=61552159950965"]}]}},"_links":{"self":[{"href":"https:\/\/mmbobd2.com\/en\/wp-json\/wp\/v2\/pages\/998","targetHints":{"allow":["GET"]}}],"collection":[{"href":"https:\/\/mmbobd2.com\/en\/wp-json\/wp\/v2\/pages"}],"about":[{"href":"https:\/\/mmbobd2.com\/en\/wp-json\/wp\/v2\/types\/page"}],"author":[{"embeddable":true,"href":"https:\/\/mmbobd2.com\/en\/wp-json\/wp\/v2\/users\/1"}],"replies":[{"embeddable":true,"href":"https:\/\/mmbobd2.com\/en\/wp-json\/wp\/v2\/comments?post=998"}],"version-history":[{"count":1,"href":"https:\/\/mmbobd2.com\/en\/wp-json\/wp\/v2\/pages\/998\/revisions"}],"predecessor-version":[{"id":1000,"href":"https:\/\/mmbobd2.com\/en\/wp-json\/wp\/v2\/pages\/998\/revisions\/1000"}],"wp:attachment":[{"href":"https:\/\/mmbobd2.com\/en\/wp-json\/wp\/v2\/media?parent=998"}],"curies":[{"name":"wp","href":"https:\/\/api.w.org\/{rel}","templated":true}]}}