{"id":1255,"date":"2024-04-04T14:47:29","date_gmt":"2024-04-04T14:47:29","guid":{"rendered":"https:\/\/mmbobd2.com\/?post_type=product&#038;p=1255"},"modified":"2024-04-07T15:43:33","modified_gmt":"2024-04-07T15:43:33","slug":"nissan-consulta-iii-v83","status":"publish","type":"product","link":"https:\/\/mmbobd2.com\/en\/product\/nissan-consulta-iii-v83\/","title":{"rendered":"NISSAN CONSULT III+ V83"},"content":{"rendered":"<h2 style=\"text-align: center;\"><strong>NISSAN CONSULT III+ V83<\/strong><\/h2>\n<p>El Diagn\u00f3stico NISSAN CONSULT III+ ofrece una gama completa de informaci\u00f3n y servicios de diagn\u00f3stico, todo en una plataforma inal\u00e1mbrica. Consult-3 Plus es compatible con todos los modelos Nissan e Infiniti fabricados entre 1996 y 2018, incorporando la funcionalidad de Consult II y III.<\/p>\n<p>Puntos importantes a recordar:<br \/>\n1. Consult-3 Plus combina las funcionalidades de Consult-3 para Nissan y Consult-2 para Nissan.<br \/>\n2. La versi\u00f3n de software es la m\u00e1s reciente: Datos de programaci\u00f3n Versi\u00f3n: plus_V83.<br \/>\n3. Disponible en varios idiomas.<br \/>\n4. Compatible con todos los modelos Nissan e Infiniti hasta 2023, incluidas las funciones Consult II y III.<br \/>\n5. Posibilidad de generar contrase\u00f1as para coches nuevos hasta 2023 con NISSAN Password.<br \/>\n6. 6. Soporte para la programaci\u00f3n de la ECU sin necesidad de tarjeta.<\/p>\n<p>Consult 3 Plus versi\u00f3n 65.12 y superiores a\u00f1aden programaci\u00f3n ECU sin necesidad de tarjeta inmovilizadora.<\/p>\n<p>Caracter\u00edsticas de NISSAN CONSULT III+ V83 Diagn\u00f3stico :<br \/>\n&#8211; Compatible con todos los coches Nissan, Infiniti y Nissan RTM hasta 2023.<br \/>\n&#8211; Soporta conectores obd-16 para los nuevos modelos y conectores de 14 pines para los modelos m\u00e1s antiguos.<br \/>\n&#8211; Compatible con el diagn\u00f3stico del sistema el\u00e9ctrico de los coches Nissan, incluidos los veh\u00edculos el\u00e9ctricos como el Nissan Leaf.<br \/>\n&#8211; Soporte para todos los veh\u00edculos Renault.<\/p>\n<p>Caracter\u00edsticas principales de NISSAN CONSULT III+ V83 Diagnostic Plus :<br \/>\n&#8211; Diagn\u00f3stico mediante herramienta de escaneo: Compatible con todos los modelos Nissan, Infiniti y GTR.<br \/>\n&#8211; Inmovilizaci\u00f3n y llave inteligente: Funciona para Nissan, Infiniti y GTR.<br \/>\n&#8211; Espec\u00edfico para Nissan GTR: Diagn\u00f3stico e inmovilizaci\u00f3n.<br \/>\n&#8211; Veh\u00edculos el\u00e9ctricos: Diagn\u00f3stico e inmovilizaci\u00f3n para coches el\u00e9ctricos Nissan.<\/p>\n<p>Es importante tener en cuenta que para utilizar la funci\u00f3n de programaci\u00f3n de la llave del inmovilizador es necesario adquirir la tarjeta de seguridad Nissan Conslut-3 Plus.<\/p>\n<p>Acerca del software Nissan Consult 3 Plus:<br \/>\n&#8211; Cubre una lista de veh\u00edculos hasta el a\u00f1o 2023, con soporte de diagn\u00f3stico e inmovilizaci\u00f3n para Nissan, Infiniti y GTR.<br \/>\n&#8211; Los comentarios sobre el software son positivos, y los usuarios informan de un buen rendimiento con diferentes modelos de Nissan.<br \/>\n&#8211; Compatible con m\u00faltiples sistemas operativos Windows, a excepci\u00f3n de Windows VISTA (compatible con Windows XP SP3, Windows 7 Pro \/ Ultimate, Windows 8 y Windows 10).<\/p>\n<p>&nbsp;<\/p>\n<p>&nbsp;<\/p>","protected":false},"excerpt":{"rendered":"<p><audio class=\"audio-for-speech\"><\/audio><\/p>\n<div class=\"translate-tooltip-mtz translator-hidden\">\n<div class=\"header\">\n<div class=\"header-controls\">Translator<\/div>\n<div class=\"header-controls\"><\/div>\n<div class=\"header-controls\"><\/div>\n<\/div>\n<div class=\"translated-text\">\n<div class=\"words\"><\/div>\n<div class=\"sentences\"><\/div>\n<\/div>\n<\/div>\n<p>&nbsp;<\/p>\n<p>Diagn\u00f3stico NISSAN CONSULT III+ V83: Soluci\u00f3n completa para Nissan, Infiniti y Nissan RTM hasta 2023. Diagn\u00f3stico, programaci\u00f3n, llaves.<\/p>","protected":false},"featured_media":1256,"template":"","meta":[],"product_brand":[],"product_cat":[110],"product_tag":[],"class_list":{"0":"post-1255","1":"product","2":"type-product","3":"status-publish","4":"has-post-thumbnail","6":"product_cat-non-classe-es","8":"first","9":"instock","10":"downloadable","11":"virtual","12":"purchasable","13":"product-type-simple"},"yoast_head":"<!-- This site is optimized with the Yoast SEO plugin v27.4 - https:\/\/yoast.com\/product\/yoast-seo-wordpress\/ -->\n<title>NISSAN CONSULTAR III+ V83 MMB OBD2 SOFTWARE<\/title>\n<meta name=\"description\" content=\"Diagn\u00f3stico NISSAN CONSULT III+ V83: Soluci\u00f3n completa para Nissan, Infiniti y Nissan RTM hasta 2023. Diagn\u00f3stico, programaci\u00f3n, llaves.\" \/>\n<meta name=\"robots\" content=\"index, follow, max-snippet:-1, max-image-preview:large, max-video-preview:-1\" \/>\n<link rel=\"canonical\" href=\"https:\/\/mmbobd2.com\/en\/es\/product\/nissan-consulta-iii-v83\/\" \/>\n<meta property=\"og:locale\" content=\"en_GB\" \/>\n<meta property=\"og:type\" content=\"article\" \/>\n<meta property=\"og:title\" content=\"NISSAN CONSULTAR III+ V83 MMB OBD2 SOFTWARE\" \/>\n<meta property=\"og:description\" content=\"Explore NISSAN CONSULT III+ V83, la herramienta de diagn\u00f3stico todo en uno para Nissan, Infiniti y GTR hasta 2023. Realice diagn\u00f3sticos y programaciones precisas sin una tarjeta inmovilizadora. Mant\u00e9ngase al d\u00eda en tecnolog\u00eda de automoci\u00f3n con MMB Software Automotive. #NISSAN #Diagn\u00f3stico #MMBSoftwareAutomotive.\" \/>\n<meta property=\"og:url\" content=\"https:\/\/mmbobd2.com\/en\/es\/product\/nissan-consulta-iii-v83\/\" \/>\n<meta property=\"og:site_name\" content=\"MMB OBD2 SOFTWARE\" \/>\n<meta property=\"article:publisher\" content=\"https:\/\/www.facebook.com\/profile.php?id=61552159950965\" \/>\n<meta property=\"article:modified_time\" content=\"2024-04-07T15:43:33+00:00\" \/>\n<meta property=\"og:image\" content=\"https:\/\/mmbobd2.com\/wp-content\/uploads\/2024\/01\/NISSANV83-300x300.jpg\" \/>\n<meta name=\"twitter:card\" content=\"summary_large_image\" \/>\n<meta name=\"twitter:label1\" content=\"Estimated reading time\" \/>\n\t<meta name=\"twitter:data1\" content=\"1 minute\" \/>\n<script type=\"application\/ld+json\" class=\"yoast-schema-graph\">{\"@context\":\"https:\\\/\\\/schema.org\",\"@graph\":[{\"@type\":\"WebPage\",\"@id\":\"https:\\\/\\\/mmbobd2.com\\\/es\\\/product\\\/nissan-consulta-iii-v83\\\/\",\"url\":\"https:\\\/\\\/mmbobd2.com\\\/es\\\/product\\\/nissan-consulta-iii-v83\\\/\",\"name\":\"NISSAN CONSULTAR III+ V83 MMB OBD2 SOFTWARE\",\"isPartOf\":{\"@id\":\"https:\\\/\\\/mmbobd2.com\\\/#website\"},\"primaryImageOfPage\":{\"@id\":\"https:\\\/\\\/mmbobd2.com\\\/es\\\/product\\\/nissan-consulta-iii-v83\\\/#primaryimage\"},\"image\":{\"@id\":\"https:\\\/\\\/mmbobd2.com\\\/es\\\/product\\\/nissan-consulta-iii-v83\\\/#primaryimage\"},\"thumbnailUrl\":\"https:\\\/\\\/i0.wp.com\\\/mmbobd2.com\\\/wp-content\\\/uploads\\\/2024\\\/01\\\/NISSANV83-jpg.webp?fit=1000%2C1000&ssl=1\",\"datePublished\":\"2024-04-04T14:47:29+00:00\",\"dateModified\":\"2024-04-07T15:43:33+00:00\",\"description\":\"Diagn\u00f3stico NISSAN CONSULT III+ V83: Soluci\u00f3n completa para Nissan, Infiniti y Nissan RTM hasta 2023. Diagn\u00f3stico, programaci\u00f3n, llaves.\",\"breadcrumb\":{\"@id\":\"https:\\\/\\\/mmbobd2.com\\\/es\\\/product\\\/nissan-consulta-iii-v83\\\/#breadcrumb\"},\"inLanguage\":\"en-GB\",\"potentialAction\":[{\"@type\":\"ReadAction\",\"target\":[\"https:\\\/\\\/mmbobd2.com\\\/es\\\/product\\\/nissan-consulta-iii-v83\\\/\"]}]},{\"@type\":\"ImageObject\",\"inLanguage\":\"en-GB\",\"@id\":\"https:\\\/\\\/mmbobd2.com\\\/es\\\/product\\\/nissan-consulta-iii-v83\\\/#primaryimage\",\"url\":\"https:\\\/\\\/i0.wp.com\\\/mmbobd2.com\\\/wp-content\\\/uploads\\\/2024\\\/01\\\/NISSANV83-jpg.webp?fit=1000%2C1000&ssl=1\",\"contentUrl\":\"https:\\\/\\\/i0.wp.com\\\/mmbobd2.com\\\/wp-content\\\/uploads\\\/2024\\\/01\\\/NISSANV83-jpg.webp?fit=1000%2C1000&ssl=1\",\"width\":1000,\"height\":1000,\"caption\":\"NISSAN CONSULT III+ V83\"},{\"@type\":\"BreadcrumbList\",\"@id\":\"https:\\\/\\\/mmbobd2.com\\\/es\\\/product\\\/nissan-consulta-iii-v83\\\/#breadcrumb\",\"itemListElement\":[{\"@type\":\"ListItem\",\"position\":1,\"name\":\"Accueil\",\"item\":\"https:\\\/\\\/mmbobd2.com\\\/\"},{\"@type\":\"ListItem\",\"position\":2,\"name\":\"Boutique\",\"item\":\"https:\\\/\\\/mmbobd2.com\\\/logiciels-de-diagnostic-automobiles\\\/\"},{\"@type\":\"ListItem\",\"position\":3,\"name\":\"NISSAN CONSULT III+ V83\"}]},{\"@type\":\"WebSite\",\"@id\":\"https:\\\/\\\/mmbobd2.com\\\/#website\",\"url\":\"https:\\\/\\\/mmbobd2.com\\\/\",\"name\":\"MMB OBD2 SOFTWARE\",\"description\":\"\",\"publisher\":{\"@id\":\"https:\\\/\\\/mmbobd2.com\\\/#organization\"},\"alternateName\":\"mmbsoftauto\",\"potentialAction\":[{\"@type\":\"SearchAction\",\"target\":{\"@type\":\"EntryPoint\",\"urlTemplate\":\"https:\\\/\\\/mmbobd2.com\\\/?s={search_term_string}\"},\"query-input\":{\"@type\":\"PropertyValueSpecification\",\"valueRequired\":true,\"valueName\":\"search_term_string\"}}],\"inLanguage\":\"en-GB\"},{\"@type\":\"Organization\",\"@id\":\"https:\\\/\\\/mmbobd2.com\\\/#organization\",\"name\":\"MMB COMPANY\",\"url\":\"https:\\\/\\\/mmbobd2.com\\\/\",\"logo\":{\"@type\":\"ImageObject\",\"inLanguage\":\"en-GB\",\"@id\":\"https:\\\/\\\/mmbobd2.com\\\/#\\\/schema\\\/logo\\\/image\\\/\",\"url\":\"https:\\\/\\\/mmbobd2.com\\\/wp-content\\\/uploads\\\/2023\\\/10\\\/LOGO-ROND-MMB-200.png\",\"contentUrl\":\"https:\\\/\\\/mmbobd2.com\\\/wp-content\\\/uploads\\\/2023\\\/10\\\/LOGO-ROND-MMB-200.png\",\"width\":200,\"height\":200,\"caption\":\"MMB COMPANY\"},\"image\":{\"@id\":\"https:\\\/\\\/mmbobd2.com\\\/#\\\/schema\\\/logo\\\/image\\\/\"},\"sameAs\":[\"https:\\\/\\\/www.facebook.com\\\/profile.php?id=61552159950965\"]}]}<\/script>\n<!-- \/ Yoast SEO plugin. -->","yoast_head_json":{"title":"NISSAN CONSULTAR III+ V83 MMB OBD2 SOFTWARE","description":"Diagn\u00f3stico NISSAN CONSULT III+ V83: Soluci\u00f3n completa para Nissan, Infiniti y Nissan RTM hasta 2023. Diagn\u00f3stico, programaci\u00f3n, llaves.","robots":{"index":"index","follow":"follow","max-snippet":"max-snippet:-1","max-image-preview":"max-image-preview:large","max-video-preview":"max-video-preview:-1"},"canonical":"https:\/\/mmbobd2.com\/en\/es\/product\/nissan-consulta-iii-v83\/","og_locale":"en_GB","og_type":"article","og_title":"NISSAN CONSULTAR III+ V83 MMB OBD2 SOFTWARE","og_description":"Explore NISSAN CONSULT III+ V83, la herramienta de diagn\u00f3stico todo en uno para Nissan, Infiniti y GTR hasta 2023. Realice diagn\u00f3sticos y programaciones precisas sin una tarjeta inmovilizadora. Mant\u00e9ngase al d\u00eda en tecnolog\u00eda de automoci\u00f3n con MMB Software Automotive. #NISSAN #Diagn\u00f3stico #MMBSoftwareAutomotive.","og_url":"https:\/\/mmbobd2.com\/en\/es\/product\/nissan-consulta-iii-v83\/","og_site_name":"MMB OBD2 SOFTWARE","article_publisher":"https:\/\/www.facebook.com\/profile.php?id=61552159950965","article_modified_time":"2024-04-07T15:43:33+00:00","og_image":[{"url":"https:\/\/mmbobd2.com\/wp-content\/uploads\/2024\/01\/NISSANV83-300x300.jpg","type":"","width":"","height":""}],"twitter_card":"summary_large_image","twitter_misc":{"Estimated reading time":"1 minute"},"schema":{"@context":"https:\/\/schema.org","@graph":[{"@type":"WebPage","@id":"https:\/\/mmbobd2.com\/es\/product\/nissan-consulta-iii-v83\/","url":"https:\/\/mmbobd2.com\/es\/product\/nissan-consulta-iii-v83\/","name":"NISSAN CONSULTAR III+ V83 MMB OBD2 SOFTWARE","isPartOf":{"@id":"https:\/\/mmbobd2.com\/#website"},"primaryImageOfPage":{"@id":"https:\/\/mmbobd2.com\/es\/product\/nissan-consulta-iii-v83\/#primaryimage"},"image":{"@id":"https:\/\/mmbobd2.com\/es\/product\/nissan-consulta-iii-v83\/#primaryimage"},"thumbnailUrl":"https:\/\/i0.wp.com\/mmbobd2.com\/wp-content\/uploads\/2024\/01\/NISSANV83-jpg.webp?fit=1000%2C1000&ssl=1","datePublished":"2024-04-04T14:47:29+00:00","dateModified":"2024-04-07T15:43:33+00:00","description":"Diagn\u00f3stico NISSAN CONSULT III+ V83: Soluci\u00f3n completa para Nissan, Infiniti y Nissan RTM hasta 2023. Diagn\u00f3stico, programaci\u00f3n, llaves.","breadcrumb":{"@id":"https:\/\/mmbobd2.com\/es\/product\/nissan-consulta-iii-v83\/#breadcrumb"},"inLanguage":"en-GB","potentialAction":[{"@type":"ReadAction","target":["https:\/\/mmbobd2.com\/es\/product\/nissan-consulta-iii-v83\/"]}]},{"@type":"ImageObject","inLanguage":"en-GB","@id":"https:\/\/mmbobd2.com\/es\/product\/nissan-consulta-iii-v83\/#primaryimage","url":"https:\/\/i0.wp.com\/mmbobd2.com\/wp-content\/uploads\/2024\/01\/NISSANV83-jpg.webp?fit=1000%2C1000&ssl=1","contentUrl":"https:\/\/i0.wp.com\/mmbobd2.com\/wp-content\/uploads\/2024\/01\/NISSANV83-jpg.webp?fit=1000%2C1000&ssl=1","width":1000,"height":1000,"caption":"NISSAN CONSULT III+ V83"},{"@type":"BreadcrumbList","@id":"https:\/\/mmbobd2.com\/es\/product\/nissan-consulta-iii-v83\/#breadcrumb","itemListElement":[{"@type":"ListItem","position":1,"name":"Accueil","item":"https:\/\/mmbobd2.com\/"},{"@type":"ListItem","position":2,"name":"Boutique","item":"https:\/\/mmbobd2.com\/logiciels-de-diagnostic-automobiles\/"},{"@type":"ListItem","position":3,"name":"NISSAN CONSULT III+ V83"}]},{"@type":"WebSite","@id":"https:\/\/mmbobd2.com\/#website","url":"https:\/\/mmbobd2.com\/","name":"MMB OBD2 SOFTWARE","description":"","publisher":{"@id":"https:\/\/mmbobd2.com\/#organization"},"alternateName":"mmbsoftauto","potentialAction":[{"@type":"SearchAction","target":{"@type":"EntryPoint","urlTemplate":"https:\/\/mmbobd2.com\/?s={search_term_string}"},"query-input":{"@type":"PropertyValueSpecification","valueRequired":true,"valueName":"search_term_string"}}],"inLanguage":"en-GB"},{"@type":"Organization","@id":"https:\/\/mmbobd2.com\/#organization","name":"MMB COMPANY","url":"https:\/\/mmbobd2.com\/","logo":{"@type":"ImageObject","inLanguage":"en-GB","@id":"https:\/\/mmbobd2.com\/#\/schema\/logo\/image\/","url":"https:\/\/mmbobd2.com\/wp-content\/uploads\/2023\/10\/LOGO-ROND-MMB-200.png","contentUrl":"https:\/\/mmbobd2.com\/wp-content\/uploads\/2023\/10\/LOGO-ROND-MMB-200.png","width":200,"height":200,"caption":"MMB COMPANY"},"image":{"@id":"https:\/\/mmbobd2.com\/#\/schema\/logo\/image\/"},"sameAs":["https:\/\/www.facebook.com\/profile.php?id=61552159950965"]}]}},"_links":{"self":[{"href":"https:\/\/mmbobd2.com\/en\/wp-json\/wp\/v2\/product\/1255","targetHints":{"allow":["GET"]}}],"collection":[{"href":"https:\/\/mmbobd2.com\/en\/wp-json\/wp\/v2\/product"}],"about":[{"href":"https:\/\/mmbobd2.com\/en\/wp-json\/wp\/v2\/types\/product"}],"wp:featuredmedia":[{"embeddable":true,"href":"https:\/\/mmbobd2.com\/en\/wp-json\/wp\/v2\/media\/1256"}],"wp:attachment":[{"href":"https:\/\/mmbobd2.com\/en\/wp-json\/wp\/v2\/media?parent=1255"}],"wp:term":[{"taxonomy":"product_brand","embeddable":true,"href":"https:\/\/mmbobd2.com\/en\/wp-json\/wp\/v2\/product_brand?post=1255"},{"taxonomy":"product_cat","embeddable":true,"href":"https:\/\/mmbobd2.com\/en\/wp-json\/wp\/v2\/product_cat?post=1255"},{"taxonomy":"product_tag","embeddable":true,"href":"https:\/\/mmbobd2.com\/en\/wp-json\/wp\/v2\/product_tag?post=1255"}],"curies":[{"name":"wp","href":"https:\/\/api.w.org\/{rel}","templated":true}]}}