{"id":1302,"date":"2024-04-07T16:41:51","date_gmt":"2024-04-07T16:41:51","guid":{"rendered":"https:\/\/mmbobd2.com\/?post_type=product&#038;p=1302"},"modified":"2024-04-07T16:41:52","modified_gmt":"2024-04-07T16:41:52","slug":"nissan-consult-iii-v83-3","status":"publish","type":"product","link":"https:\/\/mmbobd2.com\/en\/product\/nissan-consult-iii-v83-3\/","title":{"rendered":"NISSAN CONSULT III+ V83"},"content":{"rendered":"<h2 style=\"text-align: centre;\"><strong>NISSAN CONSULT III+ V83<\/strong><\/h2>\n<p>O diagn\u00f3stico NISSAN CONSULT III+ fornece uma gama abrangente de informa\u00e7\u00f5es e servi\u00e7os de diagn\u00f3stico, tudo numa plataforma sem fios. O Consult-3 Plus \u00e9 compat\u00edvel com todos os modelos Nissan e Infiniti produzidos entre 1996 e 2018 e inclui as fun\u00e7\u00f5es do Consult II e III.<\/p>\n<p>Pontos-chave a ter em conta:<br \/>\n1. O Consult-3 Plus combina as funcionalidades do Consult-3 para a Nissan e do Consult-2 para a Nissan.<br \/>\n2. A vers\u00e3o do software \u00e9 a mais recente: Dados de programa\u00e7\u00e3o da vers\u00e3o: plus_V83.<br \/>\n3. Dispon\u00edvel em v\u00e1rias l\u00ednguas.<br \/>\n4. Compat\u00edvel com todos os modelos Nissan e Infiniti at\u00e9 2023, incluindo as fun\u00e7\u00f5es Consult II e III.<br \/>\n5. Capacidade de gerar palavras-passe para autom\u00f3veis novos at\u00e9 2023 com a palavra-passe NISSAN.<br \/>\n6. Suporte para programa\u00e7\u00e3o da ECU sem necessidade de cart\u00e3o.<\/p>\n<p>O Consult 3 Plus vers\u00e3o 65.12 e superior acrescenta a programa\u00e7\u00e3o da UCE sem a utiliza\u00e7\u00e3o de um cart\u00e3o de imobilizador.<\/p>\n<p>Caracter\u00edsticas do Diagnostics NISSAN CONSULT III+ V83:<br \/>\n&#8211; Compat\u00edvel com todos os autom\u00f3veis Nissan, Infiniti e Nissan RTM at\u00e9 2023.<br \/>\n&#8211; Suporta conectores obd-16 para novos modelos e conectores de 14 pinos para modelos mais antigos.<br \/>\n&#8211; Suporte para o diagn\u00f3stico do sistema el\u00e9trico dos autom\u00f3veis Nissan, incluindo ve\u00edculos el\u00e9ctricos como o Nissan Leaf.<br \/>\n&#8211; Suporte para todos os ve\u00edculos Renault.<\/p>\n<p>Principais caracter\u00edsticas do NISSAN CONSULT III+ V83 Diagnostic Plus:<br \/>\n&#8211; Diagn\u00f3stico atrav\u00e9s da ferramenta de digitaliza\u00e7\u00e3o: compat\u00edvel com todos os modelos Nissan, Infiniti e GTR.<br \/>\n&#8211; Imobilizador e chave inteligente: Funciona para Nissan, Infiniti e GTR.<br \/>\n&#8211; Espec\u00edfico para Nissan GTR: Diagn\u00f3stico e imobilizador.<br \/>\n&#8211; Ve\u00edculos el\u00e9ctricos: Diagn\u00f3stico e imobilizador para carros el\u00e9ctricos Nissan.<\/p>\n<p>\u00c9 importante notar que a compra do cart\u00e3o de seguran\u00e7a Nissan Conslut-3 Plus \u00e9 necess\u00e1ria para utilizar a fun\u00e7\u00e3o de programa\u00e7\u00e3o da chave do imobilizador.<\/p>\n<p>Sobre o software Nissan Consult 3 Plus:<br \/>\n&#8211; Inclui uma lista de ve\u00edculos at\u00e9 ao ano 2023, com suporte de diagn\u00f3stico e imobiliza\u00e7\u00e3o para Nissan, Infiniti e GTR.<br \/>\n&#8211; O feedback sobre o software tem sido positivo, com os utilizadores a reportarem um bom desempenho com v\u00e1rios modelos Nissan.<br \/>\n&#8211; Compat\u00edvel com v\u00e1rios sistemas operativos Windows, exceto Windows VISTA (compat\u00edvel com Windows XP SP3, Windows 7 Pro \/ Ultimate, Windows 8 e Windows 10).<\/p>\n<p>&nbsp;<\/p>","protected":false},"excerpt":{"rendered":"<p><audio class=\"audio-for-speech\"><\/audio><\/p>\n<div class=\"translate-tooltip-mtz translator-hidden\">\n<div class=\"header\">\n<div class=\"header-controls\">Translator<\/div>\n<div class=\"header-controls\"><\/div>\n<div class=\"header-controls\"><\/div>\n<\/div>\n<div class=\"translated-text\">\n<div class=\"words\"><\/div>\n<div class=\"sentences\"><\/div>\n<\/div>\n<\/div>\n<p>&nbsp;<\/p>\n<p>Diagn\u00f3stico NISSAN CONSULT III+ V83: solu\u00e7\u00e3o completa para Nissan, Infiniti e Nissan RTM at\u00e9 2023. Diagn\u00f3stico, programa\u00e7\u00e3o, chaves.<\/p>","protected":false},"featured_media":0,"template":"","meta":[],"product_brand":[],"product_cat":[142],"product_tag":[],"class_list":{"0":"post-1302","1":"product","2":"type-product","3":"status-publish","5":"product_cat-non-classe-pt","7":"first","8":"instock","9":"downloadable","10":"virtual","11":"purchasable","12":"product-type-simple"},"yoast_head":"<!-- This site is optimized with the Yoast SEO plugin v27.4 - https:\/\/yoast.com\/product\/yoast-seo-wordpress\/ -->\n<title>NISSAN CONSULT III+ V83 MMB OBD2 SOFTWARE<\/title>\n<meta name=\"description\" content=\"Diagn\u00f3stico NISSAN CONSULT III+ V83: solu\u00e7\u00e3o completa para Nissan, Infiniti e Nissan RTM at\u00e9 2023. Diagn\u00f3stico, programa\u00e7\u00e3o, chaves.\" \/>\n<meta name=\"robots\" content=\"index, follow, max-snippet:-1, max-image-preview:large, max-video-preview:-1\" \/>\n<link rel=\"canonical\" href=\"https:\/\/mmbobd2.com\/en\/pt\/product\/nissan-consult-iii-v83-3\/\" \/>\n<meta property=\"og:locale\" content=\"en_GB\" \/>\n<meta property=\"og:type\" content=\"article\" \/>\n<meta property=\"og:title\" content=\"NISSAN CONSULT III+ V83 MMB OBD2 SOFTWARE\" \/>\n<meta property=\"og:description\" content=\"Descubra o NISSAN CONSULT III+ V83, a ferramenta de diagn\u00f3stico tudo-em-um para Nissan, Infiniti e GTR at\u00e9 2023. Efectue diagn\u00f3sticos e programa\u00e7\u00e3o precisos sem um cart\u00e3o de imobilizador. Mantenha-se no topo da tecnologia autom\u00f3vel com a MMB Software Automotive. #NISSAN #Diagn\u00f3stico #MMBSoftwareAutomotivo.\" \/>\n<meta property=\"og:url\" content=\"https:\/\/mmbobd2.com\/en\/pt\/product\/nissan-consult-iii-v83-3\/\" \/>\n<meta property=\"og:site_name\" content=\"MMB OBD2 SOFTWARE\" \/>\n<meta property=\"article:publisher\" content=\"https:\/\/www.facebook.com\/profile.php?id=61552159950965\" \/>\n<meta property=\"article:modified_time\" content=\"2024-04-07T16:41:52+00:00\" \/>\n<meta property=\"og:image\" content=\"https:\/\/i0.wp.com\/mmbobd2.com\/wp-content\/uploads\/2023\/10\/Capture-decran-2023-10-08-223046.jpg?fit=1559%2C887&ssl=1\" \/>\n\t<meta property=\"og:image:width\" content=\"1559\" \/>\n\t<meta property=\"og:image:height\" content=\"887\" \/>\n\t<meta property=\"og:image:type\" content=\"image\/jpeg\" \/>\n<meta name=\"twitter:card\" content=\"summary_large_image\" \/>\n<script type=\"application\/ld+json\" class=\"yoast-schema-graph\">{\"@context\":\"https:\\\/\\\/schema.org\",\"@graph\":[{\"@type\":\"WebPage\",\"@id\":\"https:\\\/\\\/mmbobd2.com\\\/pt\\\/product\\\/nissan-consult-iii-v83-3\\\/\",\"url\":\"https:\\\/\\\/mmbobd2.com\\\/pt\\\/product\\\/nissan-consult-iii-v83-3\\\/\",\"name\":\"NISSAN CONSULT III+ V83 MMB OBD2 SOFTWARE\",\"isPartOf\":{\"@id\":\"https:\\\/\\\/mmbobd2.com\\\/#website\"},\"datePublished\":\"2024-04-07T16:41:51+00:00\",\"dateModified\":\"2024-04-07T16:41:52+00:00\",\"description\":\"Diagn\u00f3stico NISSAN CONSULT III+ V83: solu\u00e7\u00e3o completa para Nissan, Infiniti e Nissan RTM at\u00e9 2023. Diagn\u00f3stico, programa\u00e7\u00e3o, chaves.\",\"breadcrumb\":{\"@id\":\"https:\\\/\\\/mmbobd2.com\\\/pt\\\/product\\\/nissan-consult-iii-v83-3\\\/#breadcrumb\"},\"inLanguage\":\"en-GB\",\"potentialAction\":[{\"@type\":\"ReadAction\",\"target\":[\"https:\\\/\\\/mmbobd2.com\\\/pt\\\/product\\\/nissan-consult-iii-v83-3\\\/\"]}]},{\"@type\":\"BreadcrumbList\",\"@id\":\"https:\\\/\\\/mmbobd2.com\\\/pt\\\/product\\\/nissan-consult-iii-v83-3\\\/#breadcrumb\",\"itemListElement\":[{\"@type\":\"ListItem\",\"position\":1,\"name\":\"Accueil\",\"item\":\"https:\\\/\\\/mmbobd2.com\\\/\"},{\"@type\":\"ListItem\",\"position\":2,\"name\":\"Boutique\",\"item\":\"https:\\\/\\\/mmbobd2.com\\\/logiciels-de-diagnostic-automobiles\\\/\"},{\"@type\":\"ListItem\",\"position\":3,\"name\":\"NISSAN CONSULT III+ V83\"}]},{\"@type\":\"WebSite\",\"@id\":\"https:\\\/\\\/mmbobd2.com\\\/#website\",\"url\":\"https:\\\/\\\/mmbobd2.com\\\/\",\"name\":\"MMB OBD2 SOFTWARE\",\"description\":\"\",\"publisher\":{\"@id\":\"https:\\\/\\\/mmbobd2.com\\\/#organization\"},\"alternateName\":\"mmbsoftauto\",\"potentialAction\":[{\"@type\":\"SearchAction\",\"target\":{\"@type\":\"EntryPoint\",\"urlTemplate\":\"https:\\\/\\\/mmbobd2.com\\\/?s={search_term_string}\"},\"query-input\":{\"@type\":\"PropertyValueSpecification\",\"valueRequired\":true,\"valueName\":\"search_term_string\"}}],\"inLanguage\":\"en-GB\"},{\"@type\":\"Organization\",\"@id\":\"https:\\\/\\\/mmbobd2.com\\\/#organization\",\"name\":\"MMB COMPANY\",\"url\":\"https:\\\/\\\/mmbobd2.com\\\/\",\"logo\":{\"@type\":\"ImageObject\",\"inLanguage\":\"en-GB\",\"@id\":\"https:\\\/\\\/mmbobd2.com\\\/#\\\/schema\\\/logo\\\/image\\\/\",\"url\":\"https:\\\/\\\/mmbobd2.com\\\/wp-content\\\/uploads\\\/2023\\\/10\\\/LOGO-ROND-MMB-200.png\",\"contentUrl\":\"https:\\\/\\\/mmbobd2.com\\\/wp-content\\\/uploads\\\/2023\\\/10\\\/LOGO-ROND-MMB-200.png\",\"width\":200,\"height\":200,\"caption\":\"MMB COMPANY\"},\"image\":{\"@id\":\"https:\\\/\\\/mmbobd2.com\\\/#\\\/schema\\\/logo\\\/image\\\/\"},\"sameAs\":[\"https:\\\/\\\/www.facebook.com\\\/profile.php?id=61552159950965\"]}]}<\/script>\n<!-- \/ Yoast SEO plugin. -->","yoast_head_json":{"title":"NISSAN CONSULT III+ V83 MMB OBD2 SOFTWARE","description":"Diagn\u00f3stico NISSAN CONSULT III+ V83: solu\u00e7\u00e3o completa para Nissan, Infiniti e Nissan RTM at\u00e9 2023. Diagn\u00f3stico, programa\u00e7\u00e3o, chaves.","robots":{"index":"index","follow":"follow","max-snippet":"max-snippet:-1","max-image-preview":"max-image-preview:large","max-video-preview":"max-video-preview:-1"},"canonical":"https:\/\/mmbobd2.com\/en\/pt\/product\/nissan-consult-iii-v83-3\/","og_locale":"en_GB","og_type":"article","og_title":"NISSAN CONSULT III+ V83 MMB OBD2 SOFTWARE","og_description":"Descubra o NISSAN CONSULT III+ V83, a ferramenta de diagn\u00f3stico tudo-em-um para Nissan, Infiniti e GTR at\u00e9 2023. Efectue diagn\u00f3sticos e programa\u00e7\u00e3o precisos sem um cart\u00e3o de imobilizador. Mantenha-se no topo da tecnologia autom\u00f3vel com a MMB Software Automotive. #NISSAN #Diagn\u00f3stico #MMBSoftwareAutomotivo.","og_url":"https:\/\/mmbobd2.com\/en\/pt\/product\/nissan-consult-iii-v83-3\/","og_site_name":"MMB OBD2 SOFTWARE","article_publisher":"https:\/\/www.facebook.com\/profile.php?id=61552159950965","article_modified_time":"2024-04-07T16:41:52+00:00","og_image":[{"width":1559,"height":887,"url":"https:\/\/i0.wp.com\/mmbobd2.com\/wp-content\/uploads\/2023\/10\/Capture-decran-2023-10-08-223046.jpg?fit=1559%2C887&ssl=1","type":"image\/jpeg"}],"twitter_card":"summary_large_image","schema":{"@context":"https:\/\/schema.org","@graph":[{"@type":"WebPage","@id":"https:\/\/mmbobd2.com\/pt\/product\/nissan-consult-iii-v83-3\/","url":"https:\/\/mmbobd2.com\/pt\/product\/nissan-consult-iii-v83-3\/","name":"NISSAN CONSULT III+ V83 MMB OBD2 SOFTWARE","isPartOf":{"@id":"https:\/\/mmbobd2.com\/#website"},"datePublished":"2024-04-07T16:41:51+00:00","dateModified":"2024-04-07T16:41:52+00:00","description":"Diagn\u00f3stico NISSAN CONSULT III+ V83: solu\u00e7\u00e3o completa para Nissan, Infiniti e Nissan RTM at\u00e9 2023. Diagn\u00f3stico, programa\u00e7\u00e3o, chaves.","breadcrumb":{"@id":"https:\/\/mmbobd2.com\/pt\/product\/nissan-consult-iii-v83-3\/#breadcrumb"},"inLanguage":"en-GB","potentialAction":[{"@type":"ReadAction","target":["https:\/\/mmbobd2.com\/pt\/product\/nissan-consult-iii-v83-3\/"]}]},{"@type":"BreadcrumbList","@id":"https:\/\/mmbobd2.com\/pt\/product\/nissan-consult-iii-v83-3\/#breadcrumb","itemListElement":[{"@type":"ListItem","position":1,"name":"Accueil","item":"https:\/\/mmbobd2.com\/"},{"@type":"ListItem","position":2,"name":"Boutique","item":"https:\/\/mmbobd2.com\/logiciels-de-diagnostic-automobiles\/"},{"@type":"ListItem","position":3,"name":"NISSAN CONSULT III+ V83"}]},{"@type":"WebSite","@id":"https:\/\/mmbobd2.com\/#website","url":"https:\/\/mmbobd2.com\/","name":"MMB OBD2 SOFTWARE","description":"","publisher":{"@id":"https:\/\/mmbobd2.com\/#organization"},"alternateName":"mmbsoftauto","potentialAction":[{"@type":"SearchAction","target":{"@type":"EntryPoint","urlTemplate":"https:\/\/mmbobd2.com\/?s={search_term_string}"},"query-input":{"@type":"PropertyValueSpecification","valueRequired":true,"valueName":"search_term_string"}}],"inLanguage":"en-GB"},{"@type":"Organization","@id":"https:\/\/mmbobd2.com\/#organization","name":"MMB COMPANY","url":"https:\/\/mmbobd2.com\/","logo":{"@type":"ImageObject","inLanguage":"en-GB","@id":"https:\/\/mmbobd2.com\/#\/schema\/logo\/image\/","url":"https:\/\/mmbobd2.com\/wp-content\/uploads\/2023\/10\/LOGO-ROND-MMB-200.png","contentUrl":"https:\/\/mmbobd2.com\/wp-content\/uploads\/2023\/10\/LOGO-ROND-MMB-200.png","width":200,"height":200,"caption":"MMB COMPANY"},"image":{"@id":"https:\/\/mmbobd2.com\/#\/schema\/logo\/image\/"},"sameAs":["https:\/\/www.facebook.com\/profile.php?id=61552159950965"]}]}},"_links":{"self":[{"href":"https:\/\/mmbobd2.com\/en\/wp-json\/wp\/v2\/product\/1302","targetHints":{"allow":["GET"]}}],"collection":[{"href":"https:\/\/mmbobd2.com\/en\/wp-json\/wp\/v2\/product"}],"about":[{"href":"https:\/\/mmbobd2.com\/en\/wp-json\/wp\/v2\/types\/product"}],"wp:attachment":[{"href":"https:\/\/mmbobd2.com\/en\/wp-json\/wp\/v2\/media?parent=1302"}],"wp:term":[{"taxonomy":"product_brand","embeddable":true,"href":"https:\/\/mmbobd2.com\/en\/wp-json\/wp\/v2\/product_brand?post=1302"},{"taxonomy":"product_cat","embeddable":true,"href":"https:\/\/mmbobd2.com\/en\/wp-json\/wp\/v2\/product_cat?post=1302"},{"taxonomy":"product_tag","embeddable":true,"href":"https:\/\/mmbobd2.com\/en\/wp-json\/wp\/v2\/product_tag?post=1302"}],"curies":[{"name":"wp","href":"https:\/\/api.w.org\/{rel}","templated":true}]}}