{"id":1323,"date":"2024-04-07T18:48:17","date_gmt":"2024-04-07T18:48:17","guid":{"rendered":"https:\/\/mmbobd2.com\/?post_type=product&#038;p=1323"},"modified":"2024-04-07T18:48:18","modified_gmt":"2024-04-07T18:48:18","slug":"nissan-danisman-iii-v83","status":"publish","type":"product","link":"https:\/\/mmbobd2.com\/en\/product\/nissan-danisman-iii-v83\/","title":{"rendered":"NISSAN DANI\u015eMAN III+ V83"},"content":{"rendered":"<h2 style=\"text-align: center;\"><strong>NISSAN CONSULT III+ V83<\/strong><\/h2>\n<p>NISSAN CONSULT III+ diyagnostik, t\u00fcm\u00fc kablosuz bir platformda olmak \u00fczere kapsaml\u0131 bir diyagnostik bilgi ve hizmet yelpazesi sunar. Consult-3 Plus, 1996 ile 2018 y\u0131llar\u0131 aras\u0131nda \u00fcretilen t\u00fcm Nissan ve Infiniti modelleriyle uyumludur ve Consult II ve III&rsquo;\u00fcn i\u015flevlerini i\u00e7erir.<\/p>\n<p>Hat\u0131rlanmas\u0131 gereken \u00f6nemli noktalar:<br \/>\n1. Consult-3 Plus, Consult-3 for Nissan ve Consult-2 for Nissan&rsquo;\u0131n i\u015flevlerini birle\u015ftirir.<br \/>\n2. Yaz\u0131l\u0131m s\u00fcr\u00fcm\u00fc en son s\u00fcr\u00fcmd\u00fcr: S\u00fcr\u00fcm programlama verileri: plus_V83.<br \/>\n3. \u00c7e\u015fitli dillerde mevcuttur.<br \/>\n4. Consult II ve III fonksiyonlar\u0131 dahil olmak \u00fczere 2023 y\u0131l\u0131na kadar t\u00fcm Nissan ve Infiniti modellerini destekler.<br \/>\n5. NISSAN Password ile 2023 y\u0131l\u0131na kadar yeni otomobiller i\u00e7in \u015fifre \u00fcretebilme.<br \/>\n6. Karta ihtiya\u00e7 duymadan ECU programlama deste\u011fi.<\/p>\n<p>Consult 3 Plus s\u00fcr\u00fcm 65.12 ve \u00fczeri, bir immobilizer kart\u0131 kullanmadan ECU programlamay\u0131 ekler.<\/p>\n<p>Diagnostics NISSAN CONSULT III+ V83&rsquo;\u00fcn \u00d6zellikleri:<br \/>\n&#8211; 2023&rsquo;e kadar t\u00fcm Nissan, Infiniti ve Nissan RTM otomobilleri ile uyumludur.<br \/>\n&#8211; Yeni modeller i\u00e7in obd-16 konekt\u00f6rlerini ve eski modeller i\u00e7in 14 pinli konekt\u00f6rleri destekler.<br \/>\n&#8211; Nissan Leaf gibi elektrikli ara\u00e7lar da dahil olmak \u00fczere Nissan otomobil elektrik sistemi diyagnosti\u011fi deste\u011fi.<br \/>\n&#8211; T\u00fcm Renault ara\u00e7lar\u0131 i\u00e7in destek.<\/p>\n<p>NISSAN CONSULT III+ V83 Diagnostic Plus&rsquo;\u0131n temel \u00f6zellikleri:<br \/>\n&#8211; Tarama aleti ile ar\u0131za te\u015fhisi: t\u00fcm Nissan, Infiniti ve GTR modelleri ile uyumludur.<br \/>\n&#8211; \u0130mmobilizer ve ak\u0131ll\u0131 anahtar: Nissan, Infiniti ve GTR i\u00e7in \u00e7al\u0131\u015f\u0131r.<br \/>\n&#8211; Nissan GTR i\u00e7in \u00f6zel: Diyagnoz ve immobilizer.<br \/>\n&#8211; Elektrikli ara\u00e7lar: Nissan elektrikli otomobiller i\u00e7in te\u015fhis ve immobilizer.<\/p>\n<p>\u0130mmobilizer anahtar programlama i\u015flevini kullanmak i\u00e7in Nissan Conslut-3 Plus g\u00fcvenlik kart\u0131n\u0131n sat\u0131n al\u0131nmas\u0131 gerekti\u011fine dikkat etmek \u00f6nemlidir.<\/p>\n<p>Nissan Consult 3 Plus yaz\u0131l\u0131m\u0131 hakk\u0131nda:<br \/>\n&#8211; Nissan, Infiniti ve GTR i\u00e7in te\u015fhis ve immobilizasyon deste\u011fi ile 2023 y\u0131l\u0131na kadar olan ara\u00e7lar\u0131n bir listesini i\u00e7erir.<br \/>\n&#8211; Yaz\u0131l\u0131mla ilgili geri bildirimler olumlu olup, kullan\u0131c\u0131lar \u00e7e\u015fitli Nissan modellerinde iyi performans bildirmi\u015flerdir.<br \/>\n&#8211; Windows VISTA hari\u00e7 (Windows XP SP3, Windows 7 Pro \/ Ultimate, Windows 8 ve Windows 10 ile uyumludur) birden fazla Windows i\u015fletim sistemi ile uyumludur.<\/p>\n<p>&nbsp;<\/p>","protected":false},"excerpt":{"rendered":"<p><audio class=\"audio-for-speech\"><\/audio><\/p>\n<div class=\"translate-tooltip-mtz translator-hidden\">\n<div class=\"header\">\n<div class=\"header-controls\">Translator<\/div>\n<div class=\"header-controls\"><\/div>\n<div class=\"header-controls\"><\/div>\n<\/div>\n<div class=\"translated-text\">\n<div class=\"words\"><\/div>\n<div class=\"sentences\"><\/div>\n<\/div>\n<\/div>\n<p>&nbsp;<\/p>\n<p>Diyagnoz NISSAN CONSULT III+ V83: Nissan, Infiniti ve Nissan RTM i\u00e7in 2023 y\u0131l\u0131na kadar komple \u00e7\u00f6z\u00fcm. Diyagnoz, programlama, anahtarlar.<\/p>","protected":false},"featured_media":0,"template":"","meta":[],"product_brand":[],"product_cat":[206],"product_tag":[],"class_list":{"0":"post-1323","1":"product","2":"type-product","3":"status-publish","5":"product_cat-non-classe-tr","7":"first","8":"instock","9":"downloadable","10":"virtual","11":"purchasable","12":"product-type-simple"},"yoast_head":"<!-- This site is optimized with the Yoast SEO plugin v27.4 - https:\/\/yoast.com\/product\/yoast-seo-wordpress\/ -->\n<title>NISSAN DANI\u015eMAN III+ V83 MMB OBD2 SOFTWARE<\/title>\n<meta name=\"description\" content=\"Diyagnoz NISSAN CONSULT III+ V83: Nissan, Infiniti ve Nissan RTM i\u00e7in 2023 y\u0131l\u0131na kadar komple \u00e7\u00f6z\u00fcm. Diyagnoz, programlama, anahtarlar.\" \/>\n<meta name=\"robots\" content=\"index, follow, max-snippet:-1, max-image-preview:large, max-video-preview:-1\" \/>\n<link rel=\"canonical\" href=\"https:\/\/mmbobd2.com\/en\/tr\/product\/nissan-danisman-iii-v83\/\" \/>\n<meta property=\"og:locale\" content=\"en_GB\" \/>\n<meta property=\"og:type\" content=\"article\" \/>\n<meta property=\"og:title\" content=\"NISSAN DANI\u015eMAN III+ V83 MMB OBD2 SOFTWARE\" \/>\n<meta property=\"og:description\" content=\"2023&#039;e kadar Nissan, Infiniti ve GTR i\u00e7in hepsi bir arada ar\u0131za tespit cihaz\u0131 olan NISSAN CONSULT III+ V83&#039;\u00fc ke\u015ffedin. \u0130mmobilizer kart\u0131 olmadan do\u011fru te\u015fhis ve programlama ger\u00e7ekle\u015ftirin. MMB Software Automotive ile otomotiv teknolojisinin zirvesinde kal\u0131n. #NISSAN #Diagnosis #MMBSoftwareAutomotive.\" \/>\n<meta property=\"og:url\" content=\"https:\/\/mmbobd2.com\/en\/tr\/product\/nissan-danisman-iii-v83\/\" \/>\n<meta property=\"og:site_name\" content=\"MMB OBD2 SOFTWARE\" \/>\n<meta property=\"article:publisher\" content=\"https:\/\/www.facebook.com\/profile.php?id=61552159950965\" \/>\n<meta property=\"article:modified_time\" content=\"2024-04-07T18:48:18+00:00\" \/>\n<meta property=\"og:image\" content=\"https:\/\/i0.wp.com\/mmbobd2.com\/wp-content\/uploads\/2023\/10\/Capture-decran-2023-10-08-223046.jpg?fit=1559%2C887&ssl=1\" \/>\n\t<meta property=\"og:image:width\" content=\"1559\" \/>\n\t<meta property=\"og:image:height\" content=\"887\" \/>\n\t<meta property=\"og:image:type\" content=\"image\/jpeg\" \/>\n<meta name=\"twitter:card\" content=\"summary_large_image\" \/>\n<script type=\"application\/ld+json\" class=\"yoast-schema-graph\">{\"@context\":\"https:\\\/\\\/schema.org\",\"@graph\":[{\"@type\":\"WebPage\",\"@id\":\"https:\\\/\\\/mmbobd2.com\\\/tr\\\/product\\\/nissan-danisman-iii-v83\\\/\",\"url\":\"https:\\\/\\\/mmbobd2.com\\\/tr\\\/product\\\/nissan-danisman-iii-v83\\\/\",\"name\":\"NISSAN DANI\u015eMAN III+ V83 MMB OBD2 SOFTWARE\",\"isPartOf\":{\"@id\":\"https:\\\/\\\/mmbobd2.com\\\/#website\"},\"datePublished\":\"2024-04-07T18:48:17+00:00\",\"dateModified\":\"2024-04-07T18:48:18+00:00\",\"description\":\"Diyagnoz NISSAN CONSULT III+ V83: Nissan, Infiniti ve Nissan RTM i\u00e7in 2023 y\u0131l\u0131na kadar komple \u00e7\u00f6z\u00fcm. Diyagnoz, programlama, anahtarlar.\",\"breadcrumb\":{\"@id\":\"https:\\\/\\\/mmbobd2.com\\\/tr\\\/product\\\/nissan-danisman-iii-v83\\\/#breadcrumb\"},\"inLanguage\":\"en-GB\",\"potentialAction\":[{\"@type\":\"ReadAction\",\"target\":[\"https:\\\/\\\/mmbobd2.com\\\/tr\\\/product\\\/nissan-danisman-iii-v83\\\/\"]}]},{\"@type\":\"BreadcrumbList\",\"@id\":\"https:\\\/\\\/mmbobd2.com\\\/tr\\\/product\\\/nissan-danisman-iii-v83\\\/#breadcrumb\",\"itemListElement\":[{\"@type\":\"ListItem\",\"position\":1,\"name\":\"Accueil\",\"item\":\"https:\\\/\\\/mmbobd2.com\\\/\"},{\"@type\":\"ListItem\",\"position\":2,\"name\":\"Boutique\",\"item\":\"https:\\\/\\\/mmbobd2.com\\\/logiciels-de-diagnostic-automobiles\\\/\"},{\"@type\":\"ListItem\",\"position\":3,\"name\":\"NISSAN DANI\u015eMAN III+ V83\"}]},{\"@type\":\"WebSite\",\"@id\":\"https:\\\/\\\/mmbobd2.com\\\/#website\",\"url\":\"https:\\\/\\\/mmbobd2.com\\\/\",\"name\":\"MMB OBD2 SOFTWARE\",\"description\":\"\",\"publisher\":{\"@id\":\"https:\\\/\\\/mmbobd2.com\\\/#organization\"},\"alternateName\":\"mmbsoftauto\",\"potentialAction\":[{\"@type\":\"SearchAction\",\"target\":{\"@type\":\"EntryPoint\",\"urlTemplate\":\"https:\\\/\\\/mmbobd2.com\\\/?s={search_term_string}\"},\"query-input\":{\"@type\":\"PropertyValueSpecification\",\"valueRequired\":true,\"valueName\":\"search_term_string\"}}],\"inLanguage\":\"en-GB\"},{\"@type\":\"Organization\",\"@id\":\"https:\\\/\\\/mmbobd2.com\\\/#organization\",\"name\":\"MMB COMPANY\",\"url\":\"https:\\\/\\\/mmbobd2.com\\\/\",\"logo\":{\"@type\":\"ImageObject\",\"inLanguage\":\"en-GB\",\"@id\":\"https:\\\/\\\/mmbobd2.com\\\/#\\\/schema\\\/logo\\\/image\\\/\",\"url\":\"https:\\\/\\\/mmbobd2.com\\\/wp-content\\\/uploads\\\/2023\\\/10\\\/LOGO-ROND-MMB-200.png\",\"contentUrl\":\"https:\\\/\\\/mmbobd2.com\\\/wp-content\\\/uploads\\\/2023\\\/10\\\/LOGO-ROND-MMB-200.png\",\"width\":200,\"height\":200,\"caption\":\"MMB COMPANY\"},\"image\":{\"@id\":\"https:\\\/\\\/mmbobd2.com\\\/#\\\/schema\\\/logo\\\/image\\\/\"},\"sameAs\":[\"https:\\\/\\\/www.facebook.com\\\/profile.php?id=61552159950965\"]}]}<\/script>\n<!-- \/ Yoast SEO plugin. -->","yoast_head_json":{"title":"NISSAN DANI\u015eMAN III+ V83 MMB OBD2 SOFTWARE","description":"Diyagnoz NISSAN CONSULT III+ V83: Nissan, Infiniti ve Nissan RTM i\u00e7in 2023 y\u0131l\u0131na kadar komple \u00e7\u00f6z\u00fcm. Diyagnoz, programlama, anahtarlar.","robots":{"index":"index","follow":"follow","max-snippet":"max-snippet:-1","max-image-preview":"max-image-preview:large","max-video-preview":"max-video-preview:-1"},"canonical":"https:\/\/mmbobd2.com\/en\/tr\/product\/nissan-danisman-iii-v83\/","og_locale":"en_GB","og_type":"article","og_title":"NISSAN DANI\u015eMAN III+ V83 MMB OBD2 SOFTWARE","og_description":"2023'e kadar Nissan, Infiniti ve GTR i\u00e7in hepsi bir arada ar\u0131za tespit cihaz\u0131 olan NISSAN CONSULT III+ V83'\u00fc ke\u015ffedin. \u0130mmobilizer kart\u0131 olmadan do\u011fru te\u015fhis ve programlama ger\u00e7ekle\u015ftirin. MMB Software Automotive ile otomotiv teknolojisinin zirvesinde kal\u0131n. #NISSAN #Diagnosis #MMBSoftwareAutomotive.","og_url":"https:\/\/mmbobd2.com\/en\/tr\/product\/nissan-danisman-iii-v83\/","og_site_name":"MMB OBD2 SOFTWARE","article_publisher":"https:\/\/www.facebook.com\/profile.php?id=61552159950965","article_modified_time":"2024-04-07T18:48:18+00:00","og_image":[{"width":1559,"height":887,"url":"https:\/\/i0.wp.com\/mmbobd2.com\/wp-content\/uploads\/2023\/10\/Capture-decran-2023-10-08-223046.jpg?fit=1559%2C887&ssl=1","type":"image\/jpeg"}],"twitter_card":"summary_large_image","schema":{"@context":"https:\/\/schema.org","@graph":[{"@type":"WebPage","@id":"https:\/\/mmbobd2.com\/tr\/product\/nissan-danisman-iii-v83\/","url":"https:\/\/mmbobd2.com\/tr\/product\/nissan-danisman-iii-v83\/","name":"NISSAN DANI\u015eMAN III+ V83 MMB OBD2 SOFTWARE","isPartOf":{"@id":"https:\/\/mmbobd2.com\/#website"},"datePublished":"2024-04-07T18:48:17+00:00","dateModified":"2024-04-07T18:48:18+00:00","description":"Diyagnoz NISSAN CONSULT III+ V83: Nissan, Infiniti ve Nissan RTM i\u00e7in 2023 y\u0131l\u0131na kadar komple \u00e7\u00f6z\u00fcm. Diyagnoz, programlama, anahtarlar.","breadcrumb":{"@id":"https:\/\/mmbobd2.com\/tr\/product\/nissan-danisman-iii-v83\/#breadcrumb"},"inLanguage":"en-GB","potentialAction":[{"@type":"ReadAction","target":["https:\/\/mmbobd2.com\/tr\/product\/nissan-danisman-iii-v83\/"]}]},{"@type":"BreadcrumbList","@id":"https:\/\/mmbobd2.com\/tr\/product\/nissan-danisman-iii-v83\/#breadcrumb","itemListElement":[{"@type":"ListItem","position":1,"name":"Accueil","item":"https:\/\/mmbobd2.com\/"},{"@type":"ListItem","position":2,"name":"Boutique","item":"https:\/\/mmbobd2.com\/logiciels-de-diagnostic-automobiles\/"},{"@type":"ListItem","position":3,"name":"NISSAN DANI\u015eMAN III+ V83"}]},{"@type":"WebSite","@id":"https:\/\/mmbobd2.com\/#website","url":"https:\/\/mmbobd2.com\/","name":"MMB OBD2 SOFTWARE","description":"","publisher":{"@id":"https:\/\/mmbobd2.com\/#organization"},"alternateName":"mmbsoftauto","potentialAction":[{"@type":"SearchAction","target":{"@type":"EntryPoint","urlTemplate":"https:\/\/mmbobd2.com\/?s={search_term_string}"},"query-input":{"@type":"PropertyValueSpecification","valueRequired":true,"valueName":"search_term_string"}}],"inLanguage":"en-GB"},{"@type":"Organization","@id":"https:\/\/mmbobd2.com\/#organization","name":"MMB COMPANY","url":"https:\/\/mmbobd2.com\/","logo":{"@type":"ImageObject","inLanguage":"en-GB","@id":"https:\/\/mmbobd2.com\/#\/schema\/logo\/image\/","url":"https:\/\/mmbobd2.com\/wp-content\/uploads\/2023\/10\/LOGO-ROND-MMB-200.png","contentUrl":"https:\/\/mmbobd2.com\/wp-content\/uploads\/2023\/10\/LOGO-ROND-MMB-200.png","width":200,"height":200,"caption":"MMB COMPANY"},"image":{"@id":"https:\/\/mmbobd2.com\/#\/schema\/logo\/image\/"},"sameAs":["https:\/\/www.facebook.com\/profile.php?id=61552159950965"]}]}},"_links":{"self":[{"href":"https:\/\/mmbobd2.com\/en\/wp-json\/wp\/v2\/product\/1323","targetHints":{"allow":["GET"]}}],"collection":[{"href":"https:\/\/mmbobd2.com\/en\/wp-json\/wp\/v2\/product"}],"about":[{"href":"https:\/\/mmbobd2.com\/en\/wp-json\/wp\/v2\/types\/product"}],"wp:attachment":[{"href":"https:\/\/mmbobd2.com\/en\/wp-json\/wp\/v2\/media?parent=1323"}],"wp:term":[{"taxonomy":"product_brand","embeddable":true,"href":"https:\/\/mmbobd2.com\/en\/wp-json\/wp\/v2\/product_brand?post=1323"},{"taxonomy":"product_cat","embeddable":true,"href":"https:\/\/mmbobd2.com\/en\/wp-json\/wp\/v2\/product_cat?post=1323"},{"taxonomy":"product_tag","embeddable":true,"href":"https:\/\/mmbobd2.com\/en\/wp-json\/wp\/v2\/product_tag?post=1323"}],"curies":[{"name":"wp","href":"https:\/\/api.w.org\/{rel}","templated":true}]}}