{"id":1342,"date":"2024-04-07T21:25:40","date_gmt":"2024-04-07T21:25:40","guid":{"rendered":"https:\/\/mmbobd2.com\/?post_type=product&#038;p=1342"},"modified":"2024-04-07T21:25:41","modified_gmt":"2024-04-07T21:25:41","slug":"%d9%86%d9%8a%d8%b3%d8%a7%d9%86-%d8%a7%d8%b3%d8%aa%d8%b4%d8%a7%d8%b1%d9%8a-iii-v83-%d9%86%d9%8a%d8%b3%d8%a7%d9%86-%d8%a7%d8%b3%d8%aa%d8%b4%d8%a7%d8%b1%d9%8a-iii-v83","status":"publish","type":"product","link":"https:\/\/mmbobd2.com\/en\/product\/%d9%86%d9%8a%d8%b3%d8%a7%d9%86-%d8%a7%d8%b3%d8%aa%d8%b4%d8%a7%d8%b1%d9%8a-iii-v83-%d9%86%d9%8a%d8%b3%d8%a7%d9%86-%d8%a7%d8%b3%d8%aa%d8%b4%d8%a7%d8%b1%d9%8a-iii-v83\/","title":{"rendered":"\u0646\u064a\u0633\u0627\u0646 \u0627\u0633\u062a\u0634\u0627\u0631\u064a III+ V83+ \u0646\u064a\u0633\u0627\u0646 \u0627\u0633\u062a\u0634\u0627\u0631\u064a III+ V83"},"content":{"rendered":"<h2 style=\"text-align: center;\"><strong> \u0646\u064a\u0633\u0627\u0646 CONSULT III+ V83<\/strong><\/strong><\/h2>\n<p>\u0646\u064a\u0633\u0627\u0646 CONSULT III+ CONSULT V83+ \u0645\u0646 \u0646\u064a\u0633\u0627\u0646 CONSULT III+ \u0641\u064a 83+\u060c \u0643\u0644 \u0630\u0644\u0643 \u0625\u0644\u0649 \u00fer\u00e1lausum vettvangi. \u0625\u0646 \u0633\u064a\u0627\u0631\u0629 Consult-3 Plus \u0647\u064a \u0646\u0641\u0633\u0647\u0627 \u0644\u0640 \u0646\u064a\u0633\u0627\u0646 \u0648\u0625\u0646\u0641\u064a\u0646\u064a\u062a\u064a \u062d\u064a\u062b \u062a\u0645 \u0628\u064a\u0639\u0647\u0627 \u0645\u0646 1996 \u0625\u0644\u0649 2018 \u0648\u0647\u064a \u0645\u062a\u0648\u0641\u0631\u0629 \u0627\u0644\u0622\u0646 \u0644\u0640 Consult II \u0648+3.<\/p>\n<p>\u0639\u0646\u0627\u0635\u0631 \u0645\u0647\u0645\u0629 \u0644\u0640<br \/>\n1. Consult-3 More \u0647\u0648 \u0646\u0641\u0633\u0647 Consult-3 \u0644\u0646\u064a\u0633\u0627\u0646 \u0648 Consult-2 \u0644\u0646\u064a\u0633\u0627\u0646.<br \/>\n2. Hugb\u00fana\u00f0ar\u00f0ar\u00fatg\u00e1fan \u0647\u0648 s\u00fa n\u00fdjasta: Forritunargagnaargagna\u00fatg\u00e1f\u00e1fa: plus_V83.<br \/>\n3. \u0645\u062a\u0648\u0641\u0631 \u0628\u0644\u063a\u0627\u062a \u0645\u062e\u062a\u0644\u0641\u0629.<br \/>\n4. \u062c\u0645\u064a\u0639 \u0637\u0631\u0627\u0632\u0627\u062a \u0646\u064a\u0633\u0627\u0646 \u0648\u0625\u0646\u0641\u064a\u0646\u064a\u062a\u064a \u0645\u062a\u0648\u0641\u0631\u0629 \u062d\u062a\u0649 \u0639\u0627\u0645 2023\u060c \u0648\u0647\u064a \u0645\u062a\u0648\u0641\u0631\u0629 \u0628\u0644\u063a\u0627\u062a \u0645\u062e\u062a\u0644\u0641\u0629.<br \/>\n5. \u0627\u062d\u0635\u0644 \u0639\u0644\u0649 \u0633\u064a\u0627\u0631\u0629 \u0646\u064a\u0633\u0627\u0646 2023.<br \/>\n6. \u0642\u0645 \u0628\u062a\u062b\u0628\u064a\u062a \u0648\u062d\u062f\u0629 \u0627\u0644\u062a\u062d\u0643\u0645 \u0627\u0644\u0625\u0644\u0643\u062a\u0631\u0648\u0646\u064a\u0629 \u0641\u064a \u0648\u062d\u062f\u0629 \u0627\u0644\u062a\u062d\u0643\u0645 \u0627\u0644\u0625\u0644\u0643\u062a\u0631\u0648\u0646\u064a\u0629 \u0639\u0644\u0649 \u0648\u062d\u062f\u0629 \u0627\u0644\u062a\u062d\u0643\u0645 \u0627\u0644\u0625\u0644\u0643\u062a\u0631\u0648\u0646\u064a\u0629.<\/p>\n<p>\u0642\u0645 \u0628\u062a\u062b\u0628\u064a\u062a \u0648\u062d\u062f\u0629 \u0627\u0644\u062a\u062d\u0643\u0645 \u0627\u0644\u0625\u0644\u0643\u062a\u0631\u0648\u0646\u064a\u0629 \u0644\u0648\u062d\u062f\u0629 \u0627\u0644\u062a\u062d\u0643\u0645 \u0627\u0644\u0625\u0644\u0643\u062a\u0631\u0648\u0646\u064a\u0629 \u0641\u064a \u0648\u062d\u062f\u0629 \u0627\u0644\u062a\u062d\u0643\u0645 \u0627\u0644\u0625\u0644\u0643\u062a\u0631\u0648\u0646\u064a\u0629 3 Plus 65.12 \u0639\u0644\u0649 \u0648\u062d\u062f\u0629 \u0627\u0644\u062a\u062d\u0643\u0645 \u0627\u0644\u0625\u0644\u0643\u062a\u0631\u0648\u0646\u064a\u0629 \u0641\u064a \u0648\u062d\u062f\u0629 \u0627\u0644\u062a\u062d\u0643\u0645 \u0627\u0644\u0625\u0644\u0643\u062a\u0631\u0648\u0646\u064a\u0629.<\/p>\n<p>\u0625\u0631\u0634\u0627\u062f\u0627\u062a \u0639\u0627\u0645\u0629 \u0644\u0640 Nissan CONSULT III+ V83:<br \/>\n&#8211; \u0646\u0641\u0633 \u0627\u0644\u0642\u0635\u0629 \u062d\u0648\u0644 \u0646\u064a\u0633\u0627\u0646 \u0648\u0625\u0646\u0641\u064a\u0646\u064a\u062a\u064a \u0648\u0646\u064a\u0633\u0627\u0646 RTM \u0627\u0644\u062a\u064a \u062a\u0645 \u0625\u0637\u0644\u0627\u0642\u0647\u0627 \u0641\u064a \u0639\u0627\u0645 2023.<br \/>\n&#8211; Sty\u00f0ur OBD-16 tengi \u0644\u0644\u0645\u0631\u0643\u0628\u0627\u062a \u0627\u0644\u0623\u062d\u062f\u062b \u064814 pinna tengi \u0644\u0644\u0645\u0631\u0643\u0628\u0627\u062a \u0627\u0644\u0623\u0642\u062f\u0645.<br \/>\n&#8211; \u0639\u0646\u062f\u0645\u0627 \u062a\u0631\u0649 \u0627\u0644\u0623\u062c\u0632\u0627\u0621 \u0627\u0644\u0631\u0645\u0627\u062f\u064a\u0629 \u0645\u0646 \u0634\u0641\u0631\u0629 \u0646\u064a\u0633\u0627\u0646\u060c \u0641\u0647\u064a \u0646\u0641\u0633 \u0627\u0644\u062c\u0632\u0621 \u0645\u0646 \u0634\u0641\u0631\u0629 \u0646\u064a\u0633\u0627\u0646.<br \/>\n&#8211; Stu\u00f0ningur vi\u00f0ll Renault \u00f6kut\u00e6ki.<\/p>\n<p>\u0641\u064a\u0645\u0627 \u064a\u0644\u064a \u0627\u0644\u062a\u0639\u0644\u064a\u0645\u0627\u062a \u0627\u0644\u062e\u0627\u0635\u0629 \u0628\u0640 Nissan CONSULT III+ V83 Diagnostic Plus:<br \/>\n&#8211; \u0627\u0633\u062a\u062e\u0644\u0627\u0635 \u0627\u0644\u0645\u0639\u0644\u0648\u0645\u0627\u062a: \u0627\u0633\u062a\u0643\u0634\u0627\u0641 \u0643\u0644 \u0645\u0627 \u064a\u062a\u0639\u0644\u0642 \u0628\u0646\u064a\u0633\u0627\u0646 \u0648\u0625\u0646\u0641\u064a\u0646\u064a\u062a\u064a \u0648GTR.<br \/>\n&#8211; \u0627\u0644\u0623\u062f\u0627\u0621 \u0648\u0627\u0644\u0623\u0631\u0642\u0627\u0645 \u0627\u0644\u0631\u0626\u064a\u0633\u064a\u0629: \u064a\u0639\u0645\u0644 \u0645\u0639 \u0646\u064a\u0633\u0627\u0646 \u0648\u0625\u0646\u0641\u064a\u0646\u064a\u062a\u064a \u0648 GTR.<br \/>\n&#8211; \u0628\u062f\u0621 \u062a\u0634\u063a\u064a\u0644 \u0646\u064a\u0633\u0627\u0646 GTR: \u0627\u0644\u0634\u064a\u0628 \u0648\u0627\u0644\u0625\u0635\u0644\u0627\u062d.<br \/>\n&#8211; Rafkn\u00fan farart\u00e6ki: Greining og r\u00e6siutstyr \u0644\u0640 \u0646\u064a\u0633\u0627\u0646 \u0631\u0627\u0641\u0628\u064a\u0644\u0627.<\/p>\n<p>\u0645\u0637\u0644\u0648\u0628 \u0628\u0637\u0627\u0642\u0629 \u0623\u0645\u0627\u0646 Nissan Conslut- Plus \u0644\u0639\u062f\u0645 \u0627\u0633\u062a\u062e\u062f\u0627\u0645 \u0627\u0644\u0628\u0631\u0645\u062c\u0629.<\/p>\n<p>&#8211; \u0641\u064a \u0646\u0647\u0627\u064a\u0629 \u0627\u0644\u0645\u0637\u0627\u0641\u060c \u0641\u0625\u0646 \u0627\u0644\u0642\u0627\u0626\u0645\u0629 \u0628\u0639\u064a\u062f\u0629 \u0643\u0644 \u0627\u0644\u0628\u0639\u062f \u0639\u0646 \u0628\u062f\u0627\u064a\u0629 \u0639\u0627\u0645 2023\u060c \u0639\u0644\u0649 \u0627\u0644\u0631\u063a\u0645 \u0645\u0646 \u0623\u0646\u0647\u0627 \u0644\u0627 \u062a\u0632\u0627\u0644 \u0645\u062a\u0648\u0641\u0631\u0629 \u0644\u0646\u064a\u0633\u0627\u0646 \u0648\u0625\u0646\u0641\u064a\u0646\u064a\u062a\u064a \u0648 GTR.<br \/>\n&#8211; \u0644\u0642\u062f \u0643\u0627\u0646 \u0627\u0633\u062a\u062e\u062f\u0627\u0645 \u0627\u0644\u0628\u0631\u0646\u0627\u0645\u062c \u0625\u064a\u062c\u0627\u0628\u064a\u064b\u0627 \u0648\u0644\u0627\u062d\u0638\u0646\u0627 \u0623\u0646 \u0627\u0633\u062a\u062e\u062f\u0627\u0645 \u0627\u0644\u0628\u0631\u0646\u0627\u0645\u062c \u0643\u0627\u0646 \u0625\u064a\u062c\u0627\u0628\u064a\u064b\u0627 \u0648\u0645\u0644\u0627\u062d\u0638\u064b\u0627 \u0645\u0646 \u0627\u0644\u0623\u0633\u0627\u0644\u064a\u0628 \u0627\u0644\u062c\u064a\u062f\u0629 \u0645\u0639 \u0645\u062e\u062a\u0644\u0641 \u0633\u064a\u0627\u0631\u0627\u062a \u0646\u064a\u0633\u0627\u0646 \u062c\u064a\u0631\u062f\u064a\u0631.<br \/>\n&#8211; \u0646\u0641\u0633 \u0627\u0644\u0625\u0635\u062f\u0627\u0631 \u0645\u0646 \u0625\u0635\u062f\u0627\u0631\u0627\u062a \u0648\u064a\u0646\u062f\u0648\u0632 \u0648\u0646\u0638\u0627\u0645 \u0648\u064a\u0646\u062f\u0648\u0632 \u0641\u064a\u0633\u062a\u0627 (\u0628\u0645\u0627 \u0641\u064a \u0630\u0644\u0643 \u0648\u064a\u0646\u062f\u0648\u0632 XP SP3 \u0648\u0648\u064a\u0646\u062f\u0648\u0632 7 \u0628\u0631\u0648\/\u0645\u0624\u0642\u062a \u0648\u0648\u064a\u0646\u062f\u0648\u0632 8 \u0648\u0648\u064a\u0646\u062f\u0648\u0632 10).<\/p>\n<p>\u0648<\/p>","protected":false},"excerpt":{"rendered":"<p><audio class=\"audio-for-speech\"><\/audio><\/p>\n<div class=\"translate-tooltip-mtz translator-hidden\">\n<div class=\"header\">\n<div class=\"header-controls\">\u00de\u00fd\u00f0andi<\/div>\n<div class=\"header-controls\"><\/div>\n<div class=\"header-controls\"><\/div>\n<\/div>\n<div class=\"translated-text\">\n<div class=\"words\"><\/div>\n<div class=\"sentences\"><\/div>\n<\/div>\n<\/div>\n<p>&nbsp;<\/p>\n<p>\u062c\u0631\u064a\u0646\u064a\u0646\u062c \u0646\u064a\u0633\u0627\u0646 \u0643\u0648\u0646\u0633\u0644\u062a III+ V83: Totallausn \u0644\u0646\u064a\u0633\u0627\u0646 \u0648\u0625\u0646\u0641\u064a\u0646\u064a\u062a\u064a \u0648\u0646\u064a\u0633\u0627\u0646 RTM \u062d\u062a\u0649 \u0639\u0627\u0645 2023. \u062c\u0631\u064a\u0646\u064a\u0646\u062c\u060c \u0641\u0648\u0631\u064a\u062a\u0648\u0646\u060c \u0644\u064a\u0643\u0644\u0627\u0631.<\/p>","protected":false},"featured_media":0,"template":"","meta":[],"product_brand":[],"product_cat":[286],"product_tag":[],"class_list":{"0":"post-1342","1":"product","2":"type-product","3":"status-publish","5":"product_cat-non-classe-ar","7":"first","8":"instock","9":"downloadable","10":"virtual","11":"purchasable","12":"product-type-simple"},"yoast_head":"<!-- This site is optimized with the Yoast SEO plugin v27.4 - https:\/\/yoast.com\/product\/yoast-seo-wordpress\/ -->\n<title>\u0628\u0631\u0646\u0627\u0645\u062c \u062a\u0634\u062e\u064a\u0635 \u0627\u0644\u0633\u064a\u0627\u0631\u0627\u062a \u0648\u0627\u0644\u0634\u0627\u062d\u0646\u0627\u062a \u0648\u0625\u0639\u0627\u062f\u0629 \u0628\u0631\u0645\u062c\u0629 \u0627\u0644\u0645\u062d\u0631\u0643 | \u0628\u0648\u062a\u064a\u0643 | \u0628\u0631\u0646\u0627\u0645\u062c MMB \u0644\u0644\u0633\u064a\u0627\u0631\u0627\u062a. MMB OBD2 SOFTWARE<\/title>\n<meta name=\"description\" content=\"\u062c\u0631\u064a\u0646\u064a\u0646\u062c \u0646\u064a\u0633\u0627\u0646 \u0643\u0648\u0646\u0633\u0644\u062a III+ V83: Totallausn \u0644\u0646\u064a\u0633\u0627\u0646 \u0648\u0625\u0646\u0641\u064a\u0646\u064a\u062a\u064a \u0648\u0646\u064a\u0633\u0627\u0646 RTM \u062d\u062a\u0649 \u0639\u0627\u0645 2023. \u062c\u0631\u064a\u0646\u064a\u0646\u062c\u060c \u0641\u0648\u0631\u064a\u062a\u0648\u0646\u060c \u0644\u064a\u0643\u0644\u0627\u0631.\" \/>\n<meta name=\"robots\" content=\"index, follow, max-snippet:-1, max-image-preview:large, max-video-preview:-1\" \/>\n<link rel=\"canonical\" href=\"https:\/\/mmbobd2.com\/en\/ar\/product\/\u0646\u064a\u0633\u0627\u0646-\u0627\u0633\u062a\u0634\u0627\u0631\u064a-iii-v83-\u0646\u064a\u0633\u0627\u0646-\u0627\u0633\u062a\u0634\u0627\u0631\u064a-iii-v83\/\" \/>\n<meta property=\"og:locale\" content=\"en_GB\" \/>\n<meta property=\"og:type\" content=\"article\" \/>\n<meta property=\"og:title\" content=\"\u0646\u064a\u0633\u0627\u0646 \u0627\u0633\u062a\u0634\u0627\u0631\u064a III+ V83+ \u0646\u064a\u0633\u0627\u0646 \u0627\u0633\u062a\u0634\u0627\u0631\u064a III+ V83 MMB OBD2 SOFTWARE\" \/>\n<meta property=\"og:description\" content=\"Sko\u00f0a\u00f0a\u00f0u NISSAN CONSULT III+ V83\u060c \u0646\u0638\u0627\u0645 \u062a\u0634\u062e\u064a\u0635 \u0634\u0627\u0645\u0644 \u0644\u0633\u064a\u0627\u0631\u0627\u062a \u0646\u064a\u0633\u0627\u0646 \u0648\u0625\u0646\u0641\u064a\u0646\u064a\u062a\u064a \u0648GTR \u062d\u062a\u0649 \u0639\u0627\u0645 2023. \u0627\u062d\u0635\u0644 \u0639\u0644\u0649 \u062a\u0634\u062e\u064a\u0635 \u0648\u0628\u0631\u0645\u062c\u0629 \u062f\u0642\u064a\u0642\u0629 \u0628\u062f\u0648\u0646 \u0628\u0637\u0627\u0642\u0629 \u0646\u0634\u0627\u0637. \u0627\u0628\u0642\u064e \u0639\u0644\u0649 \u0627\u0637\u0644\u0627\u0639 \u0639\u0644\u0649 \u062a\u0643\u0646\u0648\u0644\u0648\u062c\u064a\u0627 \u0627\u0644\u0633\u064a\u0627\u0631\u0627\u062a \u0645\u0639 \u0628\u0631\u0646\u0627\u0645\u062c MMB \u0644\u0644\u0633\u064a\u0627\u0631\u0627\u062a. #\u0646\u064a\u0633\u0627\u0646 #\u0627\u0644\u062a\u0634\u062e\u064a\u0635 #MBSoftwareAutomotive.\" \/>\n<meta property=\"og:url\" content=\"https:\/\/mmbobd2.com\/en\/ar\/product\/\u0646\u064a\u0633\u0627\u0646-\u0627\u0633\u062a\u0634\u0627\u0631\u064a-iii-v83-\u0646\u064a\u0633\u0627\u0646-\u0627\u0633\u062a\u0634\u0627\u0631\u064a-iii-v83\/\" \/>\n<meta property=\"og:site_name\" content=\"MMB OBD2 SOFTWARE\" \/>\n<meta property=\"article:publisher\" content=\"https:\/\/www.facebook.com\/profile.php?id=61552159950965\" \/>\n<meta property=\"article:modified_time\" content=\"2024-04-07T21:25:41+00:00\" \/>\n<meta property=\"og:image\" content=\"https:\/\/i0.wp.com\/mmbobd2.com\/wp-content\/uploads\/2023\/10\/Capture-decran-2023-10-08-223046.jpg?fit=1559%2C887&ssl=1\" \/>\n\t<meta property=\"og:image:width\" content=\"1559\" \/>\n\t<meta property=\"og:image:height\" content=\"887\" \/>\n\t<meta property=\"og:image:type\" content=\"image\/jpeg\" \/>\n<meta name=\"twitter:card\" content=\"summary_large_image\" \/>\n<script type=\"application\/ld+json\" class=\"yoast-schema-graph\">{\"@context\":\"https:\\\/\\\/schema.org\",\"@graph\":[{\"@type\":\"WebPage\",\"@id\":\"https:\\\/\\\/mmbobd2.com\\\/ar\\\/product\\\/%d9%86%d9%8a%d8%b3%d8%a7%d9%86-%d8%a7%d8%b3%d8%aa%d8%b4%d8%a7%d8%b1%d9%8a-iii-v83-%d9%86%d9%8a%d8%b3%d8%a7%d9%86-%d8%a7%d8%b3%d8%aa%d8%b4%d8%a7%d8%b1%d9%8a-iii-v83\\\/\",\"url\":\"https:\\\/\\\/mmbobd2.com\\\/ar\\\/product\\\/%d9%86%d9%8a%d8%b3%d8%a7%d9%86-%d8%a7%d8%b3%d8%aa%d8%b4%d8%a7%d8%b1%d9%8a-iii-v83-%d9%86%d9%8a%d8%b3%d8%a7%d9%86-%d8%a7%d8%b3%d8%aa%d8%b4%d8%a7%d8%b1%d9%8a-iii-v83\\\/\",\"name\":\"\u0628\u0631\u0646\u0627\u0645\u062c \u062a\u0634\u062e\u064a\u0635 \u0627\u0644\u0633\u064a\u0627\u0631\u0627\u062a \u0648\u0627\u0644\u0634\u0627\u062d\u0646\u0627\u062a \u0648\u0625\u0639\u0627\u062f\u0629 \u0628\u0631\u0645\u062c\u0629 \u0627\u0644\u0645\u062d\u0631\u0643 | \u0628\u0648\u062a\u064a\u0643 | \u0628\u0631\u0646\u0627\u0645\u062c MMB \u0644\u0644\u0633\u064a\u0627\u0631\u0627\u062a. MMB OBD2 SOFTWARE\",\"isPartOf\":{\"@id\":\"https:\\\/\\\/mmbobd2.com\\\/#website\"},\"datePublished\":\"2024-04-07T21:25:40+00:00\",\"dateModified\":\"2024-04-07T21:25:41+00:00\",\"description\":\"\u062c\u0631\u064a\u0646\u064a\u0646\u062c \u0646\u064a\u0633\u0627\u0646 \u0643\u0648\u0646\u0633\u0644\u062a III+ V83: Totallausn \u0644\u0646\u064a\u0633\u0627\u0646 \u0648\u0625\u0646\u0641\u064a\u0646\u064a\u062a\u064a \u0648\u0646\u064a\u0633\u0627\u0646 RTM \u062d\u062a\u0649 \u0639\u0627\u0645 2023. \u062c\u0631\u064a\u0646\u064a\u0646\u062c\u060c \u0641\u0648\u0631\u064a\u062a\u0648\u0646\u060c \u0644\u064a\u0643\u0644\u0627\u0631.\",\"breadcrumb\":{\"@id\":\"https:\\\/\\\/mmbobd2.com\\\/ar\\\/product\\\/%d9%86%d9%8a%d8%b3%d8%a7%d9%86-%d8%a7%d8%b3%d8%aa%d8%b4%d8%a7%d8%b1%d9%8a-iii-v83-%d9%86%d9%8a%d8%b3%d8%a7%d9%86-%d8%a7%d8%b3%d8%aa%d8%b4%d8%a7%d8%b1%d9%8a-iii-v83\\\/#breadcrumb\"},\"inLanguage\":\"en-GB\",\"potentialAction\":[{\"@type\":\"ReadAction\",\"target\":[\"https:\\\/\\\/mmbobd2.com\\\/ar\\\/product\\\/%d9%86%d9%8a%d8%b3%d8%a7%d9%86-%d8%a7%d8%b3%d8%aa%d8%b4%d8%a7%d8%b1%d9%8a-iii-v83-%d9%86%d9%8a%d8%b3%d8%a7%d9%86-%d8%a7%d8%b3%d8%aa%d8%b4%d8%a7%d8%b1%d9%8a-iii-v83\\\/\"]}]},{\"@type\":\"BreadcrumbList\",\"@id\":\"https:\\\/\\\/mmbobd2.com\\\/ar\\\/product\\\/%d9%86%d9%8a%d8%b3%d8%a7%d9%86-%d8%a7%d8%b3%d8%aa%d8%b4%d8%a7%d8%b1%d9%8a-iii-v83-%d9%86%d9%8a%d8%b3%d8%a7%d9%86-%d8%a7%d8%b3%d8%aa%d8%b4%d8%a7%d8%b1%d9%8a-iii-v83\\\/#breadcrumb\",\"itemListElement\":[{\"@type\":\"ListItem\",\"position\":1,\"name\":\"Accueil\",\"item\":\"https:\\\/\\\/mmbobd2.com\\\/\"},{\"@type\":\"ListItem\",\"position\":2,\"name\":\"Boutique\",\"item\":\"https:\\\/\\\/mmbobd2.com\\\/logiciels-de-diagnostic-automobiles\\\/\"},{\"@type\":\"ListItem\",\"position\":3,\"name\":\"\u0646\u064a\u0633\u0627\u0646 \u0627\u0633\u062a\u0634\u0627\u0631\u064a III+ V83+ \u0646\u064a\u0633\u0627\u0646 \u0627\u0633\u062a\u0634\u0627\u0631\u064a III+ V83\"}]},{\"@type\":\"WebSite\",\"@id\":\"https:\\\/\\\/mmbobd2.com\\\/#website\",\"url\":\"https:\\\/\\\/mmbobd2.com\\\/\",\"name\":\"MMB OBD2 SOFTWARE\",\"description\":\"\",\"publisher\":{\"@id\":\"https:\\\/\\\/mmbobd2.com\\\/#organization\"},\"alternateName\":\"mmbsoftauto\",\"potentialAction\":[{\"@type\":\"SearchAction\",\"target\":{\"@type\":\"EntryPoint\",\"urlTemplate\":\"https:\\\/\\\/mmbobd2.com\\\/?s={search_term_string}\"},\"query-input\":{\"@type\":\"PropertyValueSpecification\",\"valueRequired\":true,\"valueName\":\"search_term_string\"}}],\"inLanguage\":\"en-GB\"},{\"@type\":\"Organization\",\"@id\":\"https:\\\/\\\/mmbobd2.com\\\/#organization\",\"name\":\"MMB COMPANY\",\"url\":\"https:\\\/\\\/mmbobd2.com\\\/\",\"logo\":{\"@type\":\"ImageObject\",\"inLanguage\":\"en-GB\",\"@id\":\"https:\\\/\\\/mmbobd2.com\\\/#\\\/schema\\\/logo\\\/image\\\/\",\"url\":\"https:\\\/\\\/mmbobd2.com\\\/wp-content\\\/uploads\\\/2023\\\/10\\\/LOGO-ROND-MMB-200.png\",\"contentUrl\":\"https:\\\/\\\/mmbobd2.com\\\/wp-content\\\/uploads\\\/2023\\\/10\\\/LOGO-ROND-MMB-200.png\",\"width\":200,\"height\":200,\"caption\":\"MMB COMPANY\"},\"image\":{\"@id\":\"https:\\\/\\\/mmbobd2.com\\\/#\\\/schema\\\/logo\\\/image\\\/\"},\"sameAs\":[\"https:\\\/\\\/www.facebook.com\\\/profile.php?id=61552159950965\"]}]}<\/script>\n<!-- \/ Yoast SEO plugin. -->","yoast_head_json":{"title":"\u0628\u0631\u0646\u0627\u0645\u062c \u062a\u0634\u062e\u064a\u0635 \u0627\u0644\u0633\u064a\u0627\u0631\u0627\u062a \u0648\u0627\u0644\u0634\u0627\u062d\u0646\u0627\u062a \u0648\u0625\u0639\u0627\u062f\u0629 \u0628\u0631\u0645\u062c\u0629 \u0627\u0644\u0645\u062d\u0631\u0643 | \u0628\u0648\u062a\u064a\u0643 | \u0628\u0631\u0646\u0627\u0645\u062c MMB \u0644\u0644\u0633\u064a\u0627\u0631\u0627\u062a. MMB OBD2 SOFTWARE","description":"\u062c\u0631\u064a\u0646\u064a\u0646\u062c \u0646\u064a\u0633\u0627\u0646 \u0643\u0648\u0646\u0633\u0644\u062a III+ V83: Totallausn \u0644\u0646\u064a\u0633\u0627\u0646 \u0648\u0625\u0646\u0641\u064a\u0646\u064a\u062a\u064a \u0648\u0646\u064a\u0633\u0627\u0646 RTM \u062d\u062a\u0649 \u0639\u0627\u0645 2023. \u062c\u0631\u064a\u0646\u064a\u0646\u062c\u060c \u0641\u0648\u0631\u064a\u062a\u0648\u0646\u060c \u0644\u064a\u0643\u0644\u0627\u0631.","robots":{"index":"index","follow":"follow","max-snippet":"max-snippet:-1","max-image-preview":"max-image-preview:large","max-video-preview":"max-video-preview:-1"},"canonical":"https:\/\/mmbobd2.com\/en\/ar\/product\/\u0646\u064a\u0633\u0627\u0646-\u0627\u0633\u062a\u0634\u0627\u0631\u064a-iii-v83-\u0646\u064a\u0633\u0627\u0646-\u0627\u0633\u062a\u0634\u0627\u0631\u064a-iii-v83\/","og_locale":"en_GB","og_type":"article","og_title":"\u0646\u064a\u0633\u0627\u0646 \u0627\u0633\u062a\u0634\u0627\u0631\u064a III+ V83+ \u0646\u064a\u0633\u0627\u0646 \u0627\u0633\u062a\u0634\u0627\u0631\u064a III+ V83 MMB OBD2 SOFTWARE","og_description":"Sko\u00f0a\u00f0a\u00f0u NISSAN CONSULT III+ V83\u060c \u0646\u0638\u0627\u0645 \u062a\u0634\u062e\u064a\u0635 \u0634\u0627\u0645\u0644 \u0644\u0633\u064a\u0627\u0631\u0627\u062a \u0646\u064a\u0633\u0627\u0646 \u0648\u0625\u0646\u0641\u064a\u0646\u064a\u062a\u064a \u0648GTR \u062d\u062a\u0649 \u0639\u0627\u0645 2023. \u0627\u062d\u0635\u0644 \u0639\u0644\u0649 \u062a\u0634\u062e\u064a\u0635 \u0648\u0628\u0631\u0645\u062c\u0629 \u062f\u0642\u064a\u0642\u0629 \u0628\u062f\u0648\u0646 \u0628\u0637\u0627\u0642\u0629 \u0646\u0634\u0627\u0637. \u0627\u0628\u0642\u064e \u0639\u0644\u0649 \u0627\u0637\u0644\u0627\u0639 \u0639\u0644\u0649 \u062a\u0643\u0646\u0648\u0644\u0648\u062c\u064a\u0627 \u0627\u0644\u0633\u064a\u0627\u0631\u0627\u062a \u0645\u0639 \u0628\u0631\u0646\u0627\u0645\u062c MMB \u0644\u0644\u0633\u064a\u0627\u0631\u0627\u062a. #\u0646\u064a\u0633\u0627\u0646 #\u0627\u0644\u062a\u0634\u062e\u064a\u0635 #MBSoftwareAutomotive.","og_url":"https:\/\/mmbobd2.com\/en\/ar\/product\/\u0646\u064a\u0633\u0627\u0646-\u0627\u0633\u062a\u0634\u0627\u0631\u064a-iii-v83-\u0646\u064a\u0633\u0627\u0646-\u0627\u0633\u062a\u0634\u0627\u0631\u064a-iii-v83\/","og_site_name":"MMB OBD2 SOFTWARE","article_publisher":"https:\/\/www.facebook.com\/profile.php?id=61552159950965","article_modified_time":"2024-04-07T21:25:41+00:00","og_image":[{"width":1559,"height":887,"url":"https:\/\/i0.wp.com\/mmbobd2.com\/wp-content\/uploads\/2023\/10\/Capture-decran-2023-10-08-223046.jpg?fit=1559%2C887&ssl=1","type":"image\/jpeg"}],"twitter_card":"summary_large_image","schema":{"@context":"https:\/\/schema.org","@graph":[{"@type":"WebPage","@id":"https:\/\/mmbobd2.com\/ar\/product\/%d9%86%d9%8a%d8%b3%d8%a7%d9%86-%d8%a7%d8%b3%d8%aa%d8%b4%d8%a7%d8%b1%d9%8a-iii-v83-%d9%86%d9%8a%d8%b3%d8%a7%d9%86-%d8%a7%d8%b3%d8%aa%d8%b4%d8%a7%d8%b1%d9%8a-iii-v83\/","url":"https:\/\/mmbobd2.com\/ar\/product\/%d9%86%d9%8a%d8%b3%d8%a7%d9%86-%d8%a7%d8%b3%d8%aa%d8%b4%d8%a7%d8%b1%d9%8a-iii-v83-%d9%86%d9%8a%d8%b3%d8%a7%d9%86-%d8%a7%d8%b3%d8%aa%d8%b4%d8%a7%d8%b1%d9%8a-iii-v83\/","name":"\u0628\u0631\u0646\u0627\u0645\u062c \u062a\u0634\u062e\u064a\u0635 \u0627\u0644\u0633\u064a\u0627\u0631\u0627\u062a \u0648\u0627\u0644\u0634\u0627\u062d\u0646\u0627\u062a \u0648\u0625\u0639\u0627\u062f\u0629 \u0628\u0631\u0645\u062c\u0629 \u0627\u0644\u0645\u062d\u0631\u0643 | \u0628\u0648\u062a\u064a\u0643 | \u0628\u0631\u0646\u0627\u0645\u062c MMB \u0644\u0644\u0633\u064a\u0627\u0631\u0627\u062a. MMB OBD2 SOFTWARE","isPartOf":{"@id":"https:\/\/mmbobd2.com\/#website"},"datePublished":"2024-04-07T21:25:40+00:00","dateModified":"2024-04-07T21:25:41+00:00","description":"\u062c\u0631\u064a\u0646\u064a\u0646\u062c \u0646\u064a\u0633\u0627\u0646 \u0643\u0648\u0646\u0633\u0644\u062a III+ V83: Totallausn \u0644\u0646\u064a\u0633\u0627\u0646 \u0648\u0625\u0646\u0641\u064a\u0646\u064a\u062a\u064a \u0648\u0646\u064a\u0633\u0627\u0646 RTM \u062d\u062a\u0649 \u0639\u0627\u0645 2023. \u062c\u0631\u064a\u0646\u064a\u0646\u062c\u060c \u0641\u0648\u0631\u064a\u062a\u0648\u0646\u060c \u0644\u064a\u0643\u0644\u0627\u0631.","breadcrumb":{"@id":"https:\/\/mmbobd2.com\/ar\/product\/%d9%86%d9%8a%d8%b3%d8%a7%d9%86-%d8%a7%d8%b3%d8%aa%d8%b4%d8%a7%d8%b1%d9%8a-iii-v83-%d9%86%d9%8a%d8%b3%d8%a7%d9%86-%d8%a7%d8%b3%d8%aa%d8%b4%d8%a7%d8%b1%d9%8a-iii-v83\/#breadcrumb"},"inLanguage":"en-GB","potentialAction":[{"@type":"ReadAction","target":["https:\/\/mmbobd2.com\/ar\/product\/%d9%86%d9%8a%d8%b3%d8%a7%d9%86-%d8%a7%d8%b3%d8%aa%d8%b4%d8%a7%d8%b1%d9%8a-iii-v83-%d9%86%d9%8a%d8%b3%d8%a7%d9%86-%d8%a7%d8%b3%d8%aa%d8%b4%d8%a7%d8%b1%d9%8a-iii-v83\/"]}]},{"@type":"BreadcrumbList","@id":"https:\/\/mmbobd2.com\/ar\/product\/%d9%86%d9%8a%d8%b3%d8%a7%d9%86-%d8%a7%d8%b3%d8%aa%d8%b4%d8%a7%d8%b1%d9%8a-iii-v83-%d9%86%d9%8a%d8%b3%d8%a7%d9%86-%d8%a7%d8%b3%d8%aa%d8%b4%d8%a7%d8%b1%d9%8a-iii-v83\/#breadcrumb","itemListElement":[{"@type":"ListItem","position":1,"name":"Accueil","item":"https:\/\/mmbobd2.com\/"},{"@type":"ListItem","position":2,"name":"Boutique","item":"https:\/\/mmbobd2.com\/logiciels-de-diagnostic-automobiles\/"},{"@type":"ListItem","position":3,"name":"\u0646\u064a\u0633\u0627\u0646 \u0627\u0633\u062a\u0634\u0627\u0631\u064a III+ V83+ \u0646\u064a\u0633\u0627\u0646 \u0627\u0633\u062a\u0634\u0627\u0631\u064a III+ V83"}]},{"@type":"WebSite","@id":"https:\/\/mmbobd2.com\/#website","url":"https:\/\/mmbobd2.com\/","name":"MMB OBD2 SOFTWARE","description":"","publisher":{"@id":"https:\/\/mmbobd2.com\/#organization"},"alternateName":"mmbsoftauto","potentialAction":[{"@type":"SearchAction","target":{"@type":"EntryPoint","urlTemplate":"https:\/\/mmbobd2.com\/?s={search_term_string}"},"query-input":{"@type":"PropertyValueSpecification","valueRequired":true,"valueName":"search_term_string"}}],"inLanguage":"en-GB"},{"@type":"Organization","@id":"https:\/\/mmbobd2.com\/#organization","name":"MMB COMPANY","url":"https:\/\/mmbobd2.com\/","logo":{"@type":"ImageObject","inLanguage":"en-GB","@id":"https:\/\/mmbobd2.com\/#\/schema\/logo\/image\/","url":"https:\/\/mmbobd2.com\/wp-content\/uploads\/2023\/10\/LOGO-ROND-MMB-200.png","contentUrl":"https:\/\/mmbobd2.com\/wp-content\/uploads\/2023\/10\/LOGO-ROND-MMB-200.png","width":200,"height":200,"caption":"MMB COMPANY"},"image":{"@id":"https:\/\/mmbobd2.com\/#\/schema\/logo\/image\/"},"sameAs":["https:\/\/www.facebook.com\/profile.php?id=61552159950965"]}]}},"_links":{"self":[{"href":"https:\/\/mmbobd2.com\/en\/wp-json\/wp\/v2\/product\/1342","targetHints":{"allow":["GET"]}}],"collection":[{"href":"https:\/\/mmbobd2.com\/en\/wp-json\/wp\/v2\/product"}],"about":[{"href":"https:\/\/mmbobd2.com\/en\/wp-json\/wp\/v2\/types\/product"}],"wp:attachment":[{"href":"https:\/\/mmbobd2.com\/en\/wp-json\/wp\/v2\/media?parent=1342"}],"wp:term":[{"taxonomy":"product_brand","embeddable":true,"href":"https:\/\/mmbobd2.com\/en\/wp-json\/wp\/v2\/product_brand?post=1342"},{"taxonomy":"product_cat","embeddable":true,"href":"https:\/\/mmbobd2.com\/en\/wp-json\/wp\/v2\/product_cat?post=1342"},{"taxonomy":"product_tag","embeddable":true,"href":"https:\/\/mmbobd2.com\/en\/wp-json\/wp\/v2\/product_tag?post=1342"}],"curies":[{"name":"wp","href":"https:\/\/api.w.org\/{rel}","templated":true}]}}