{"id":1345,"date":"2024-04-07T21:34:17","date_gmt":"2024-04-07T21:34:17","guid":{"rendered":"https:\/\/mmbobd2.com\/?post_type=product&#038;p=1345"},"modified":"2024-04-07T21:34:18","modified_gmt":"2024-04-07T21:34:18","slug":"nissan-consult-iii-v83","status":"publish","type":"product","link":"https:\/\/mmbobd2.com\/en\/product\/nissan-consult-iii-v83\/","title":{"rendered":"NISSAN CONSULT III+ V83"},"content":{"rendered":"<h2 style=\"text-align: center;\"><strong>NISSAN CONSULT III+ V83<\/strong><\/h2>\n<p>NISSAN CONSULT III+ rat tot alle av rat op en af, alles na draadlose platform. Consult-3 Plus is dieselfde vir Nissan en Infiniti wat van 1996 tot 2018 verkoop is en nou beskikbaar is vir Consult II en III.<\/p>\n<p>Belangrike elemente om te onthou:<br \/>\n1. Consult-3 More kombineer die funksies van Consult-3 vir Nissan en Consult-2 vir Nissan.<br \/>\n2. Die sagteware weergawe is die nuutste: Programmering data weergawe: plus_V83.<br \/>\n3. Beskikbaar in verskillende tale.<br \/>\n4. Ondersteun alle Nissan- en Infiniti-modelle tot 2023, insluitend Raadpleeg II- en III-modelle.<br \/>\n5. Kry 2023 NISSAN wagwoord.<br \/>\n6. Ondersteun ECU-programmering sonder om &lsquo;n kaart te benodig.<\/p>\n<p>Raadpleeg 3 Plus-uitgawe 65.12 en nuwer voeg ECU-programmering by sonder die gebruik van &lsquo;n uitbreekbord.<\/p>\n<p>Algemene instruksies vir NISSAN CONSULT III+ V83:<br \/>\n\u2013 Dieselfde storie oor Nissan, Infiniti en Nissan RTM is in 2023 bekendgestel.<br \/>\n&#8211; Ondersteun OBD-16-aansluiting vir nuwer modelle en 14-pen-aansluiting vir ouer modelle.<br \/>\n&#8211; As jy die grys dele van Nissan-bladet sien, is dit dieselfde deel van Nissan-bladet.<br \/>\n&#8211; Ondersteuning vir alle Renault-voertuie.<\/p>\n<p>Hier is die instruksies vir NISSAN CONSULT III+ V83 Diagnostic Plus:<br \/>\n&#8211; Diagnostiek op skanderingsgereedskap: Versoenbaar met alle Nissan-, Infiniti- en GTR-modelle.<br \/>\n&#8211; Mobiliteit en sleutelbord: werk vir Nissan, Infiniti en GTR.<br \/>\n&#8211; Begin av Nissan GTR: Grys en herstel.<br \/>\n&#8211; Elektriese voertuie: Diagnostiek en aansitgereedskap vir Nissan elektriese motors.<\/p>\n<p>Nissan Conslut-Plus sekuriteitskaart is nodig om nie programmering te gebruik nie.<\/p>\n<p>Oor die Nissan Consult 3 Plus-sagteware:<br \/>\n&#8211; Ten slotte, die lys is ver van die begin van 2023 af, hoewel dit nog in voorraad is vir Nissan, Infiniti en GTR.<br \/>\n&#8211; Die gebruik van die sagteware was positief en gebruikers rapporteer goeie interaksies met verskeie Nissan-modelle.<br \/>\n&#8211; Dieselfde weergawe van Windows-weergawe en Windows VISTA-stelsel (insluitend Windows XP SP3, Windows 7 Pro\/Ultimate, Windows 8 en Windows 10).<\/p>\n<p>&nbsp;<\/p>","protected":false},"excerpt":{"rendered":"<p><audio class=\"audio-for-speech\"><\/audio><\/p>\n<div class=\"translate-tooltip-mtz translator-hidden\">\n<div class=\"header\">\n<div class=\"header-controls\">\u00de\u00fd\u00f0andi<\/div>\n<div class=\"header-controls\"><\/div>\n<div class=\"header-controls\"><\/div>\n<\/div>\n<div class=\"translated-text\">\n<div class=\"words\"><\/div>\n<div class=\"sinne\"><\/div>\n<\/div>\n<\/div>\n<p>&nbsp;<\/p>\n<p>Diagnostiek NISSAN CONSULT III+ V83: Totale oplossing vir Nissan, Infiniti en Nissan RTM tot 2023. Diagnostiek, programmering, sleutels.<\/p>","protected":false},"featured_media":0,"template":"","meta":[],"product_brand":[],"product_cat":[246],"product_tag":[],"class_list":{"0":"post-1345","1":"product","2":"type-product","3":"status-publish","5":"product_cat-non-classe-af","7":"first","8":"instock","9":"downloadable","10":"virtual","11":"purchasable","12":"product-type-simple"},"yoast_head":"<!-- This site is optimized with the Yoast SEO plugin v27.4 - https:\/\/yoast.com\/product\/yoast-seo-wordpress\/ -->\n<title>Diagnostiese sagteware vir herprogrammering van motors, vragmotors en enjins | winkel | MMB Sagteware Automotive.<\/title>\n<meta name=\"description\" content=\"Diagnostiek NISSAN CONSULT III+ V83: Totale oplossing vir Nissan, Infiniti en Nissan RTM tot 2023. Diagnostiek, programmering, sleutels.\" \/>\n<meta name=\"robots\" content=\"index, follow, max-snippet:-1, max-image-preview:large, max-video-preview:-1\" \/>\n<link rel=\"canonical\" href=\"https:\/\/mmbobd2.com\/en\/af\/product\/nissan-consult-iii-v83\/\" \/>\n<meta property=\"og:locale\" content=\"en_GB\" \/>\n<meta property=\"og:type\" content=\"article\" \/>\n<meta property=\"og:title\" content=\"NISSAN CONSULT III+ V83\" \/>\n<meta property=\"og:description\" content=\"Kyk na NISSAN CONSULT III+ V83, alles-in-een diagnostiese toerusting vir Nissan, Infiniti en GTR tot die jaar 2023. Doen akkurate diagnose en programmering sonder aktiwiteitskaarte. Vertu is aan die voorpunt van motortegnologie met MMB Software Automotive. #NISSAN #Diagnostiek #MMBSoftwareAutomotive.\" \/>\n<meta property=\"og:url\" content=\"https:\/\/mmbobd2.com\/en\/af\/product\/nissan-consult-iii-v83\/\" \/>\n<meta property=\"og:site_name\" content=\"MMB OBD2 SOFTWARE\" \/>\n<meta property=\"article:publisher\" content=\"https:\/\/www.facebook.com\/profile.php?id=61552159950965\" \/>\n<meta property=\"article:modified_time\" content=\"2024-04-07T21:34:18+00:00\" \/>\n<meta property=\"og:image\" content=\"https:\/\/i0.wp.com\/mmbobd2.com\/wp-content\/uploads\/2023\/10\/Capture-decran-2023-10-08-223046.jpg?fit=1559%2C887&ssl=1\" \/>\n\t<meta property=\"og:image:width\" content=\"1559\" \/>\n\t<meta property=\"og:image:height\" content=\"887\" \/>\n\t<meta property=\"og:image:type\" content=\"image\/jpeg\" \/>\n<meta name=\"twitter:card\" content=\"summary_large_image\" \/>\n<script type=\"application\/ld+json\" class=\"yoast-schema-graph\">{\"@context\":\"https:\\\/\\\/schema.org\",\"@graph\":[{\"@type\":\"WebPage\",\"@id\":\"https:\\\/\\\/mmbobd2.com\\\/af\\\/product\\\/nissan-consult-iii-v83\\\/\",\"url\":\"https:\\\/\\\/mmbobd2.com\\\/af\\\/product\\\/nissan-consult-iii-v83\\\/\",\"name\":\"Diagnostiese sagteware vir herprogrammering van motors, vragmotors en enjins | winkel | MMB Sagteware Automotive.\",\"isPartOf\":{\"@id\":\"https:\\\/\\\/mmbobd2.com\\\/#website\"},\"datePublished\":\"2024-04-07T21:34:17+00:00\",\"dateModified\":\"2024-04-07T21:34:18+00:00\",\"description\":\"Diagnostiek NISSAN CONSULT III+ V83: Totale oplossing vir Nissan, Infiniti en Nissan RTM tot 2023. Diagnostiek, programmering, sleutels.\",\"breadcrumb\":{\"@id\":\"https:\\\/\\\/mmbobd2.com\\\/af\\\/product\\\/nissan-consult-iii-v83\\\/#breadcrumb\"},\"inLanguage\":\"en-GB\",\"potentialAction\":[{\"@type\":\"ReadAction\",\"target\":[\"https:\\\/\\\/mmbobd2.com\\\/af\\\/product\\\/nissan-consult-iii-v83\\\/\"]}]},{\"@type\":\"BreadcrumbList\",\"@id\":\"https:\\\/\\\/mmbobd2.com\\\/af\\\/product\\\/nissan-consult-iii-v83\\\/#breadcrumb\",\"itemListElement\":[{\"@type\":\"ListItem\",\"position\":1,\"name\":\"Accueil\",\"item\":\"https:\\\/\\\/mmbobd2.com\\\/\"},{\"@type\":\"ListItem\",\"position\":2,\"name\":\"Boutique\",\"item\":\"https:\\\/\\\/mmbobd2.com\\\/logiciels-de-diagnostic-automobiles\\\/\"},{\"@type\":\"ListItem\",\"position\":3,\"name\":\"NISSAN CONSULT III+ V83\"}]},{\"@type\":\"WebSite\",\"@id\":\"https:\\\/\\\/mmbobd2.com\\\/#website\",\"url\":\"https:\\\/\\\/mmbobd2.com\\\/\",\"name\":\"MMB OBD2 SOFTWARE\",\"description\":\"\",\"publisher\":{\"@id\":\"https:\\\/\\\/mmbobd2.com\\\/#organization\"},\"alternateName\":\"mmbsoftauto\",\"potentialAction\":[{\"@type\":\"SearchAction\",\"target\":{\"@type\":\"EntryPoint\",\"urlTemplate\":\"https:\\\/\\\/mmbobd2.com\\\/?s={search_term_string}\"},\"query-input\":{\"@type\":\"PropertyValueSpecification\",\"valueRequired\":true,\"valueName\":\"search_term_string\"}}],\"inLanguage\":\"en-GB\"},{\"@type\":\"Organization\",\"@id\":\"https:\\\/\\\/mmbobd2.com\\\/#organization\",\"name\":\"MMB COMPANY\",\"url\":\"https:\\\/\\\/mmbobd2.com\\\/\",\"logo\":{\"@type\":\"ImageObject\",\"inLanguage\":\"en-GB\",\"@id\":\"https:\\\/\\\/mmbobd2.com\\\/#\\\/schema\\\/logo\\\/image\\\/\",\"url\":\"https:\\\/\\\/mmbobd2.com\\\/wp-content\\\/uploads\\\/2023\\\/10\\\/LOGO-ROND-MMB-200.png\",\"contentUrl\":\"https:\\\/\\\/mmbobd2.com\\\/wp-content\\\/uploads\\\/2023\\\/10\\\/LOGO-ROND-MMB-200.png\",\"width\":200,\"height\":200,\"caption\":\"MMB COMPANY\"},\"image\":{\"@id\":\"https:\\\/\\\/mmbobd2.com\\\/#\\\/schema\\\/logo\\\/image\\\/\"},\"sameAs\":[\"https:\\\/\\\/www.facebook.com\\\/profile.php?id=61552159950965\"]}]}<\/script>\n<!-- \/ Yoast SEO plugin. -->","yoast_head_json":{"title":"Diagnostiese sagteware vir herprogrammering van motors, vragmotors en enjins | winkel | MMB Sagteware Automotive.","description":"Diagnostiek NISSAN CONSULT III+ V83: Totale oplossing vir Nissan, Infiniti en Nissan RTM tot 2023. Diagnostiek, programmering, sleutels.","robots":{"index":"index","follow":"follow","max-snippet":"max-snippet:-1","max-image-preview":"max-image-preview:large","max-video-preview":"max-video-preview:-1"},"canonical":"https:\/\/mmbobd2.com\/en\/af\/product\/nissan-consult-iii-v83\/","og_locale":"en_GB","og_type":"article","og_title":"NISSAN CONSULT III+ V83","og_description":"Kyk na NISSAN CONSULT III+ V83, alles-in-een diagnostiese toerusting vir Nissan, Infiniti en GTR tot die jaar 2023. Doen akkurate diagnose en programmering sonder aktiwiteitskaarte. Vertu is aan die voorpunt van motortegnologie met MMB Software Automotive. #NISSAN #Diagnostiek #MMBSoftwareAutomotive.","og_url":"https:\/\/mmbobd2.com\/en\/af\/product\/nissan-consult-iii-v83\/","og_site_name":"MMB OBD2 SOFTWARE","article_publisher":"https:\/\/www.facebook.com\/profile.php?id=61552159950965","article_modified_time":"2024-04-07T21:34:18+00:00","og_image":[{"width":1559,"height":887,"url":"https:\/\/i0.wp.com\/mmbobd2.com\/wp-content\/uploads\/2023\/10\/Capture-decran-2023-10-08-223046.jpg?fit=1559%2C887&ssl=1","type":"image\/jpeg"}],"twitter_card":"summary_large_image","schema":{"@context":"https:\/\/schema.org","@graph":[{"@type":"WebPage","@id":"https:\/\/mmbobd2.com\/af\/product\/nissan-consult-iii-v83\/","url":"https:\/\/mmbobd2.com\/af\/product\/nissan-consult-iii-v83\/","name":"Diagnostiese sagteware vir herprogrammering van motors, vragmotors en enjins | winkel | MMB Sagteware Automotive.","isPartOf":{"@id":"https:\/\/mmbobd2.com\/#website"},"datePublished":"2024-04-07T21:34:17+00:00","dateModified":"2024-04-07T21:34:18+00:00","description":"Diagnostiek NISSAN CONSULT III+ V83: Totale oplossing vir Nissan, Infiniti en Nissan RTM tot 2023. Diagnostiek, programmering, sleutels.","breadcrumb":{"@id":"https:\/\/mmbobd2.com\/af\/product\/nissan-consult-iii-v83\/#breadcrumb"},"inLanguage":"en-GB","potentialAction":[{"@type":"ReadAction","target":["https:\/\/mmbobd2.com\/af\/product\/nissan-consult-iii-v83\/"]}]},{"@type":"BreadcrumbList","@id":"https:\/\/mmbobd2.com\/af\/product\/nissan-consult-iii-v83\/#breadcrumb","itemListElement":[{"@type":"ListItem","position":1,"name":"Accueil","item":"https:\/\/mmbobd2.com\/"},{"@type":"ListItem","position":2,"name":"Boutique","item":"https:\/\/mmbobd2.com\/logiciels-de-diagnostic-automobiles\/"},{"@type":"ListItem","position":3,"name":"NISSAN CONSULT III+ V83"}]},{"@type":"WebSite","@id":"https:\/\/mmbobd2.com\/#website","url":"https:\/\/mmbobd2.com\/","name":"MMB OBD2 SOFTWARE","description":"","publisher":{"@id":"https:\/\/mmbobd2.com\/#organization"},"alternateName":"mmbsoftauto","potentialAction":[{"@type":"SearchAction","target":{"@type":"EntryPoint","urlTemplate":"https:\/\/mmbobd2.com\/?s={search_term_string}"},"query-input":{"@type":"PropertyValueSpecification","valueRequired":true,"valueName":"search_term_string"}}],"inLanguage":"en-GB"},{"@type":"Organization","@id":"https:\/\/mmbobd2.com\/#organization","name":"MMB COMPANY","url":"https:\/\/mmbobd2.com\/","logo":{"@type":"ImageObject","inLanguage":"en-GB","@id":"https:\/\/mmbobd2.com\/#\/schema\/logo\/image\/","url":"https:\/\/mmbobd2.com\/wp-content\/uploads\/2023\/10\/LOGO-ROND-MMB-200.png","contentUrl":"https:\/\/mmbobd2.com\/wp-content\/uploads\/2023\/10\/LOGO-ROND-MMB-200.png","width":200,"height":200,"caption":"MMB COMPANY"},"image":{"@id":"https:\/\/mmbobd2.com\/#\/schema\/logo\/image\/"},"sameAs":["https:\/\/www.facebook.com\/profile.php?id=61552159950965"]}]}},"_links":{"self":[{"href":"https:\/\/mmbobd2.com\/en\/wp-json\/wp\/v2\/product\/1345","targetHints":{"allow":["GET"]}}],"collection":[{"href":"https:\/\/mmbobd2.com\/en\/wp-json\/wp\/v2\/product"}],"about":[{"href":"https:\/\/mmbobd2.com\/en\/wp-json\/wp\/v2\/types\/product"}],"wp:attachment":[{"href":"https:\/\/mmbobd2.com\/en\/wp-json\/wp\/v2\/media?parent=1345"}],"wp:term":[{"taxonomy":"product_brand","embeddable":true,"href":"https:\/\/mmbobd2.com\/en\/wp-json\/wp\/v2\/product_brand?post=1345"},{"taxonomy":"product_cat","embeddable":true,"href":"https:\/\/mmbobd2.com\/en\/wp-json\/wp\/v2\/product_cat?post=1345"},{"taxonomy":"product_tag","embeddable":true,"href":"https:\/\/mmbobd2.com\/en\/wp-json\/wp\/v2\/product_tag?post=1345"}],"curies":[{"name":"wp","href":"https:\/\/api.w.org\/{rel}","templated":true}]}}