{"id":362,"date":"2023-10-10T14:21:50","date_gmt":"2023-10-10T14:21:50","guid":{"rendered":"https:\/\/mmbobd2.com\/?post_type=product&#038;p=362"},"modified":"2024-01-13T20:47:48","modified_gmt":"2024-01-13T20:47:48","slug":"automobile-hacking-and-security","status":"publish","type":"product","link":"https:\/\/mmbobd2.com\/en\/product\/automobile-hacking-and-security\/","title":{"rendered":"Automobile Hacking and Security v2.0"},"content":{"rendered":"<p><audio class=\"audio-for-speech\"><\/audio><\/p>\n<div class=\"translate-tooltip-mtz translator-hidden\">\n<div class=\"header\">\n<div class=\"header-controls\">Translator<\/div>\n<div class=\"header-controls\"><\/div>\n<\/div>\n<div class=\"translated-text\">\n<div class=\"words\"><\/div>\n<div class=\"sentences\"><\/div>\n<\/div>\n<\/div>\n<p>&nbsp;<\/p>\n<div class=\"flex flex-grow flex-col gap-3 max-w-full\">\n<div class=\"min-h-[20px] flex flex-col items-start gap-3 whitespace-pre-wrap break-words overflow-x-auto\">\n<div class=\"markdown prose w-full break-words dark:prose-invert dark\">\n<h2 style=\"text-align: center;\"><strong>Automobile Hacking and Security v2.0<\/strong><\/h2>\n<p>&nbsp;<\/p>\n<p>Bienvenue dans le monde du piratage automobile et de la s\u00e9curit\u00e9, Automobile Hacking and Security version 2.0. Dans ce cours, nous irons encore plus loin pour explorer les vuln\u00e9rabilit\u00e9s et les menaces de s\u00e9curit\u00e9 qui peuvent affecter votre propre v\u00e9hicule.<\/p>\n<h4><strong>Aper\u00e7u des Protocoles Automobiles<\/strong><\/h4>\n<p>Pour bien comprendre les enjeux de la <a href=\"https:\/\/mmbobd2.com\/product-category\/software-reprogrammation-auto\/diagnostic-automobiles\/epc-et-manuels-de-reparation-auto\/\">s\u00e9curit\u00e9<\/a> automobile, nous commencerons par un aper\u00e7u des protocoles automobiles, en mettant l&rsquo;accent sur le r\u00e9seau CAN (Controller Area Network), le socle sur lequel repose la communication des <a href=\"https:\/\/www.automobile-magazine.fr\/\">v\u00e9hicules<\/a> modernes.<\/p>\n<h4><strong data-moz-translations-id=\"0\">Simulateur de Voiture Avanc\u00e9<\/strong><\/h4>\n<p>D\u00e9couvrez comment cr\u00e9er et utiliser un simulateur de voiture avanc\u00e9, une \u00e9tape cruciale pour mettre en pratique les concepts de s\u00e9curit\u00e9 automobile que nous explorerons par la suite.<\/p>\n<h4><strong data-moz-translations-id=\"0\">D\u00e9tection de Vuln\u00e9rabilit\u00e9s dans une Voiture Virtuelle<\/strong><\/h4>\n<p>Plongez dans la recherche de vuln\u00e9rabilit\u00e9s en utilisant une voiture virtuelle. O\u00f9 nous appliquerons des outils et des techniques avanc\u00e9s pour identifier les failles potentielles.<\/p>\n<h4><strong data-moz-translations-id=\"0\">Exploration Avanc\u00e9e de la S\u00e9curit\u00e9 Automobile<\/strong><\/h4>\n<p>Explorez des outils avanc\u00e9s de s\u00e9curit\u00e9 automobile, notamment CaringCaribou. Pour trouver des IDS uniques dans le r\u00e9seau CAN, les services de diagnostic unifi\u00e9s (UDS) et des attaques telles que le Fuzzer Brute Force.<\/p>\n<h4><strong data-moz-translations-id=\"0\">OBD2 : Concepts et Protocoles<\/strong><\/h4>\n<p>D\u00e9cryptez le monde des diagnostics embarqu\u00e9s II (OBD2). En examinant les diff\u00e9rents protocoles OBD2 et en apprenant \u00e0 cr\u00e9er des connecteurs universels OBD2 pour communiquer avec de vrais v\u00e9hicules.<\/p>\n<h4><strong>Cr\u00e9ation d&rsquo;un Appareil de Communication Version 2.0<\/strong><\/h4>\n<p>Explorez la cr\u00e9ation d&rsquo;un appareil de communication version 2.0 avec le module MCP2515 pour obtenir des donn\u00e9es en temps r\u00e9el \u00e0 partir de v\u00e9hicules r\u00e9els.<\/p>\n<h4><strong>Application Pratique sur un V\u00e9hicule R\u00e9el<\/strong><\/h4>\n<p>Assistez \u00e0 une d\u00e9monstration pratique o\u00f9 nous appliquerons les connaissances acquises sur une v\u00e9ritable voiture. En utilisant notre appareil version 2.0 et le connecteur OBD2.<\/p>\n<h4><strong>Cr\u00e9ation d&rsquo;une Unit\u00e9 de Commande \u00c9lectronique (ECU) Mod\u00e8le<\/strong><\/h4>\n<p>Plongez dans la cr\u00e9ation d&rsquo;un mod\u00e8le d&rsquo;unit\u00e9 de commande \u00e9lectronique (ECU). Pour tester en toute s\u00e9curit\u00e9 les outils \u00e9tudi\u00e9s dans ce cours.<\/p>\n<h4><strong data-moz-translations-id=\"0\">Pensez Hors de la Bo\u00eete<\/strong><\/h4>\n<p>Ce cours n&rsquo;est pas pour les \u00e2mes timides. Il s&rsquo;adresse aux passionn\u00e9s de cybers\u00e9curit\u00e9 pr\u00eats \u00e0 penser diff\u00e9remment et \u00e0 relever le d\u00e9fi de s\u00e9curiser nos v\u00e9hicules modernes.<\/p>\n<h4><strong data-moz-translations-id=\"0\">Pour Qui Est-ce ?<\/strong><\/h4>\n<p>Ce cours s&rsquo;adresse aux chercheurs en cybers\u00e9curit\u00e9, aux hackers \u00e9thiques, aux amateurs curieux et \u00e0 toute personne passionn\u00e9e par la cybers\u00e9curit\u00e9. \u00e0 condition d&rsquo;avoir la volont\u00e9 de sortir des sentiers battus ! Rejoignez-nous dans cette aventure passionnante du piratage automobile et de la s\u00e9curit\u00e9.<\/p>\n<\/div>\n<\/div>\n<\/div>\n","protected":false},"excerpt":{"rendered":"<p><audio class=\"audio-for-speech\"><\/audio><\/p>\n<div class=\"translate-tooltip-mtz translator-hidden\">\n<div class=\"header\">\n<div class=\"header-controls\">Translator<\/div>\n<div class=\"header-controls\"><\/div>\n<\/div>\n<div class=\"translated-text\">\n<div class=\"words\"><\/div>\n<div class=\"sentences\"><\/div>\n<\/div>\n<\/div>\n<p>&nbsp;<\/p>\n<p>D\u00e9couvrez le cours Automobile Hacking and Security v2.0 : explorez les vuln\u00e9rabilit\u00e9s et la s\u00e9curit\u00e9 auto avanc\u00e9e. MMB Software Automotive<\/p>","protected":false},"featured_media":363,"template":"","meta":[],"product_brand":[],"product_cat":[18],"product_tag":[],"class_list":{"0":"post-362","1":"product","2":"type-product","3":"status-publish","4":"has-post-thumbnail","6":"product_cat-epc-et-manuels-de-reparation-auto","8":"first","9":"instock","10":"downloadable","11":"virtual","12":"purchasable","13":"product-type-simple"},"yoast_head":"<!-- This site is optimized with the Yoast SEO plugin v27.4 - https:\/\/yoast.com\/product\/yoast-seo-wordpress\/ -->\n<title>Automobile Hacking and Security MMB OBD2 SOFTWARE<\/title>\n<meta name=\"description\" content=\"D\u00e9couvrez le cours Automobile Hacking and Security v2.0 : explorez les vuln\u00e9rabilit\u00e9s et la s\u00e9curit\u00e9 auto avanc\u00e9e. MMB Software Automotive\" \/>\n<meta name=\"robots\" content=\"index, follow, max-snippet:-1, max-image-preview:large, max-video-preview:-1\" \/>\n<link rel=\"canonical\" href=\"https:\/\/mmbobd2.com\/en\/product\/automobile-hacking-and-security\/\" \/>\n<meta property=\"og:locale\" content=\"en_GB\" \/>\n<meta property=\"og:type\" content=\"article\" \/>\n<meta property=\"og:title\" content=\"Automobile Hacking and Security v2.0\" \/>\n<meta property=\"og:description\" content=\"Plongez dans le monde du piratage automobile et de la s\u00e9curit\u00e9 avec le cours v2.0 ! Explorez les vuln\u00e9rabilit\u00e9s, cr\u00e9ez des simulateurs avanc\u00e9s et bien plus encore. Relevez le d\u00e9fi avec nous ! \ud83d\ude97\ud83d\udd12 #Cybers\u00e9curit\u00e9Automobile #FormationAvanc\u00e9e\" \/>\n<meta property=\"og:url\" content=\"https:\/\/mmbobd2.com\/en\/product\/automobile-hacking-and-security\/\" \/>\n<meta property=\"og:site_name\" content=\"MMB OBD2 SOFTWARE\" \/>\n<meta property=\"article:publisher\" content=\"https:\/\/www.facebook.com\/profile.php?id=61552159950965\" \/>\n<meta property=\"article:modified_time\" content=\"2024-01-13T20:47:48+00:00\" \/>\n<meta property=\"og:image\" content=\"https:\/\/mmbobd2.com\/wp-content\/uploads\/2023\/10\/Automobile-Hacking-and-Security-v2.0-1.jpg\" \/>\n\t<meta property=\"og:image:width\" content=\"1000\" \/>\n\t<meta property=\"og:image:height\" content=\"1000\" \/>\n\t<meta property=\"og:image:type\" content=\"image\/jpeg\" \/>\n<meta name=\"twitter:card\" content=\"summary_large_image\" \/>\n<meta name=\"twitter:label1\" content=\"Estimated reading time\" \/>\n\t<meta name=\"twitter:data1\" content=\"3 minutes\" \/>\n<script type=\"application\/ld+json\" class=\"yoast-schema-graph\">{\"@context\":\"https:\\\/\\\/schema.org\",\"@graph\":[{\"@type\":\"WebPage\",\"@id\":\"https:\\\/\\\/mmbobd2.com\\\/product\\\/automobile-hacking-and-security\\\/\",\"url\":\"https:\\\/\\\/mmbobd2.com\\\/product\\\/automobile-hacking-and-security\\\/\",\"name\":\"Automobile Hacking and Security MMB OBD2 SOFTWARE\",\"isPartOf\":{\"@id\":\"https:\\\/\\\/mmbobd2.com\\\/#website\"},\"primaryImageOfPage\":{\"@id\":\"https:\\\/\\\/mmbobd2.com\\\/product\\\/automobile-hacking-and-security\\\/#primaryimage\"},\"image\":{\"@id\":\"https:\\\/\\\/mmbobd2.com\\\/product\\\/automobile-hacking-and-security\\\/#primaryimage\"},\"thumbnailUrl\":\"https:\\\/\\\/i0.wp.com\\\/mmbobd2.com\\\/wp-content\\\/uploads\\\/2023\\\/10\\\/Automobile-Hacking-and-Security-v2.0-1.jpg?fit=1000%2C1000&ssl=1\",\"datePublished\":\"2023-10-10T14:21:50+00:00\",\"dateModified\":\"2024-01-13T20:47:48+00:00\",\"description\":\"D\u00e9couvrez le cours Automobile Hacking and Security v2.0 : explorez les vuln\u00e9rabilit\u00e9s et la s\u00e9curit\u00e9 auto avanc\u00e9e. MMB Software Automotive\",\"breadcrumb\":{\"@id\":\"https:\\\/\\\/mmbobd2.com\\\/product\\\/automobile-hacking-and-security\\\/#breadcrumb\"},\"inLanguage\":\"en-GB\",\"potentialAction\":[{\"@type\":\"ReadAction\",\"target\":[\"https:\\\/\\\/mmbobd2.com\\\/product\\\/automobile-hacking-and-security\\\/\"]}]},{\"@type\":\"ImageObject\",\"inLanguage\":\"en-GB\",\"@id\":\"https:\\\/\\\/mmbobd2.com\\\/product\\\/automobile-hacking-and-security\\\/#primaryimage\",\"url\":\"https:\\\/\\\/i0.wp.com\\\/mmbobd2.com\\\/wp-content\\\/uploads\\\/2023\\\/10\\\/Automobile-Hacking-and-Security-v2.0-1.jpg?fit=1000%2C1000&ssl=1\",\"contentUrl\":\"https:\\\/\\\/i0.wp.com\\\/mmbobd2.com\\\/wp-content\\\/uploads\\\/2023\\\/10\\\/Automobile-Hacking-and-Security-v2.0-1.jpg?fit=1000%2C1000&ssl=1\",\"width\":1000,\"height\":1000,\"caption\":\"Automobile Hacking and Security v2.0\"},{\"@type\":\"BreadcrumbList\",\"@id\":\"https:\\\/\\\/mmbobd2.com\\\/product\\\/automobile-hacking-and-security\\\/#breadcrumb\",\"itemListElement\":[{\"@type\":\"ListItem\",\"position\":1,\"name\":\"Accueil\",\"item\":\"https:\\\/\\\/mmbobd2.com\\\/\"},{\"@type\":\"ListItem\",\"position\":2,\"name\":\"Boutique\",\"item\":\"https:\\\/\\\/mmbobd2.com\\\/logiciels-de-diagnostic-automobiles\\\/\"},{\"@type\":\"ListItem\",\"position\":3,\"name\":\"Automobile Hacking and Security v2.0\"}]},{\"@type\":\"WebSite\",\"@id\":\"https:\\\/\\\/mmbobd2.com\\\/#website\",\"url\":\"https:\\\/\\\/mmbobd2.com\\\/\",\"name\":\"MMB OBD2 SOFTWARE\",\"description\":\"\",\"publisher\":{\"@id\":\"https:\\\/\\\/mmbobd2.com\\\/#organization\"},\"alternateName\":\"mmbsoftauto\",\"potentialAction\":[{\"@type\":\"SearchAction\",\"target\":{\"@type\":\"EntryPoint\",\"urlTemplate\":\"https:\\\/\\\/mmbobd2.com\\\/?s={search_term_string}\"},\"query-input\":{\"@type\":\"PropertyValueSpecification\",\"valueRequired\":true,\"valueName\":\"search_term_string\"}}],\"inLanguage\":\"en-GB\"},{\"@type\":\"Organization\",\"@id\":\"https:\\\/\\\/mmbobd2.com\\\/#organization\",\"name\":\"MMB COMPANY\",\"url\":\"https:\\\/\\\/mmbobd2.com\\\/\",\"logo\":{\"@type\":\"ImageObject\",\"inLanguage\":\"en-GB\",\"@id\":\"https:\\\/\\\/mmbobd2.com\\\/#\\\/schema\\\/logo\\\/image\\\/\",\"url\":\"https:\\\/\\\/mmbobd2.com\\\/wp-content\\\/uploads\\\/2023\\\/10\\\/LOGO-ROND-MMB-200.png\",\"contentUrl\":\"https:\\\/\\\/mmbobd2.com\\\/wp-content\\\/uploads\\\/2023\\\/10\\\/LOGO-ROND-MMB-200.png\",\"width\":200,\"height\":200,\"caption\":\"MMB COMPANY\"},\"image\":{\"@id\":\"https:\\\/\\\/mmbobd2.com\\\/#\\\/schema\\\/logo\\\/image\\\/\"},\"sameAs\":[\"https:\\\/\\\/www.facebook.com\\\/profile.php?id=61552159950965\"]}]}<\/script>\n<!-- \/ Yoast SEO plugin. -->","yoast_head_json":{"title":"Automobile Hacking and Security MMB OBD2 SOFTWARE","description":"D\u00e9couvrez le cours Automobile Hacking and Security v2.0 : explorez les vuln\u00e9rabilit\u00e9s et la s\u00e9curit\u00e9 auto avanc\u00e9e. MMB Software Automotive","robots":{"index":"index","follow":"follow","max-snippet":"max-snippet:-1","max-image-preview":"max-image-preview:large","max-video-preview":"max-video-preview:-1"},"canonical":"https:\/\/mmbobd2.com\/en\/product\/automobile-hacking-and-security\/","og_locale":"en_GB","og_type":"article","og_title":"Automobile Hacking and Security v2.0","og_description":"Plongez dans le monde du piratage automobile et de la s\u00e9curit\u00e9 avec le cours v2.0 ! Explorez les vuln\u00e9rabilit\u00e9s, cr\u00e9ez des simulateurs avanc\u00e9s et bien plus encore. Relevez le d\u00e9fi avec nous ! \ud83d\ude97\ud83d\udd12 #Cybers\u00e9curit\u00e9Automobile #FormationAvanc\u00e9e","og_url":"https:\/\/mmbobd2.com\/en\/product\/automobile-hacking-and-security\/","og_site_name":"MMB OBD2 SOFTWARE","article_publisher":"https:\/\/www.facebook.com\/profile.php?id=61552159950965","article_modified_time":"2024-01-13T20:47:48+00:00","og_image":[{"width":1000,"height":1000,"url":"https:\/\/mmbobd2.com\/wp-content\/uploads\/2023\/10\/Automobile-Hacking-and-Security-v2.0-1.jpg","type":"image\/jpeg"}],"twitter_card":"summary_large_image","twitter_misc":{"Estimated reading time":"3 minutes"},"schema":{"@context":"https:\/\/schema.org","@graph":[{"@type":"WebPage","@id":"https:\/\/mmbobd2.com\/product\/automobile-hacking-and-security\/","url":"https:\/\/mmbobd2.com\/product\/automobile-hacking-and-security\/","name":"Automobile Hacking and Security MMB OBD2 SOFTWARE","isPartOf":{"@id":"https:\/\/mmbobd2.com\/#website"},"primaryImageOfPage":{"@id":"https:\/\/mmbobd2.com\/product\/automobile-hacking-and-security\/#primaryimage"},"image":{"@id":"https:\/\/mmbobd2.com\/product\/automobile-hacking-and-security\/#primaryimage"},"thumbnailUrl":"https:\/\/i0.wp.com\/mmbobd2.com\/wp-content\/uploads\/2023\/10\/Automobile-Hacking-and-Security-v2.0-1.jpg?fit=1000%2C1000&ssl=1","datePublished":"2023-10-10T14:21:50+00:00","dateModified":"2024-01-13T20:47:48+00:00","description":"D\u00e9couvrez le cours Automobile Hacking and Security v2.0 : explorez les vuln\u00e9rabilit\u00e9s et la s\u00e9curit\u00e9 auto avanc\u00e9e. MMB Software Automotive","breadcrumb":{"@id":"https:\/\/mmbobd2.com\/product\/automobile-hacking-and-security\/#breadcrumb"},"inLanguage":"en-GB","potentialAction":[{"@type":"ReadAction","target":["https:\/\/mmbobd2.com\/product\/automobile-hacking-and-security\/"]}]},{"@type":"ImageObject","inLanguage":"en-GB","@id":"https:\/\/mmbobd2.com\/product\/automobile-hacking-and-security\/#primaryimage","url":"https:\/\/i0.wp.com\/mmbobd2.com\/wp-content\/uploads\/2023\/10\/Automobile-Hacking-and-Security-v2.0-1.jpg?fit=1000%2C1000&ssl=1","contentUrl":"https:\/\/i0.wp.com\/mmbobd2.com\/wp-content\/uploads\/2023\/10\/Automobile-Hacking-and-Security-v2.0-1.jpg?fit=1000%2C1000&ssl=1","width":1000,"height":1000,"caption":"Automobile Hacking and Security v2.0"},{"@type":"BreadcrumbList","@id":"https:\/\/mmbobd2.com\/product\/automobile-hacking-and-security\/#breadcrumb","itemListElement":[{"@type":"ListItem","position":1,"name":"Accueil","item":"https:\/\/mmbobd2.com\/"},{"@type":"ListItem","position":2,"name":"Boutique","item":"https:\/\/mmbobd2.com\/logiciels-de-diagnostic-automobiles\/"},{"@type":"ListItem","position":3,"name":"Automobile Hacking and Security v2.0"}]},{"@type":"WebSite","@id":"https:\/\/mmbobd2.com\/#website","url":"https:\/\/mmbobd2.com\/","name":"MMB OBD2 SOFTWARE","description":"","publisher":{"@id":"https:\/\/mmbobd2.com\/#organization"},"alternateName":"mmbsoftauto","potentialAction":[{"@type":"SearchAction","target":{"@type":"EntryPoint","urlTemplate":"https:\/\/mmbobd2.com\/?s={search_term_string}"},"query-input":{"@type":"PropertyValueSpecification","valueRequired":true,"valueName":"search_term_string"}}],"inLanguage":"en-GB"},{"@type":"Organization","@id":"https:\/\/mmbobd2.com\/#organization","name":"MMB COMPANY","url":"https:\/\/mmbobd2.com\/","logo":{"@type":"ImageObject","inLanguage":"en-GB","@id":"https:\/\/mmbobd2.com\/#\/schema\/logo\/image\/","url":"https:\/\/mmbobd2.com\/wp-content\/uploads\/2023\/10\/LOGO-ROND-MMB-200.png","contentUrl":"https:\/\/mmbobd2.com\/wp-content\/uploads\/2023\/10\/LOGO-ROND-MMB-200.png","width":200,"height":200,"caption":"MMB COMPANY"},"image":{"@id":"https:\/\/mmbobd2.com\/#\/schema\/logo\/image\/"},"sameAs":["https:\/\/www.facebook.com\/profile.php?id=61552159950965"]}]}},"_links":{"self":[{"href":"https:\/\/mmbobd2.com\/en\/wp-json\/wp\/v2\/product\/362","targetHints":{"allow":["GET"]}}],"collection":[{"href":"https:\/\/mmbobd2.com\/en\/wp-json\/wp\/v2\/product"}],"about":[{"href":"https:\/\/mmbobd2.com\/en\/wp-json\/wp\/v2\/types\/product"}],"wp:featuredmedia":[{"embeddable":true,"href":"https:\/\/mmbobd2.com\/en\/wp-json\/wp\/v2\/media\/363"}],"wp:attachment":[{"href":"https:\/\/mmbobd2.com\/en\/wp-json\/wp\/v2\/media?parent=362"}],"wp:term":[{"taxonomy":"product_brand","embeddable":true,"href":"https:\/\/mmbobd2.com\/en\/wp-json\/wp\/v2\/product_brand?post=362"},{"taxonomy":"product_cat","embeddable":true,"href":"https:\/\/mmbobd2.com\/en\/wp-json\/wp\/v2\/product_cat?post=362"},{"taxonomy":"product_tag","embeddable":true,"href":"https:\/\/mmbobd2.com\/en\/wp-json\/wp\/v2\/product_tag?post=362"}],"curies":[{"name":"wp","href":"https:\/\/api.w.org\/{rel}","templated":true}]}}