{"id":370,"date":"2023-10-10T15:16:25","date_gmt":"2023-10-10T15:16:25","guid":{"rendered":"https:\/\/mmbobd2.com\/?post_type=product&#038;p=370"},"modified":"2024-02-01T20:22:03","modified_gmt":"2024-02-01T20:22:03","slug":"caterpillar-cat-sis-2022","status":"publish","type":"product","link":"https:\/\/mmbobd2.com\/en\/product\/caterpillar-cat-sis-2022\/","title":{"rendered":"CATERPILLAR CAT SIS 2022"},"content":{"rendered":"<p><audio class=\"audio-for-speech\"><\/audio><\/p>\n<div class=\"translate-tooltip-mtz translator-hidden\">\n<div class=\"header\">\n<div class=\"header-controls\">Translator<\/div>\n<div class=\"header-controls\"><\/div>\n<\/div>\n<div class=\"translated-text\">\n<div class=\"words\"><\/div>\n<div class=\"sentences\"><\/div>\n<\/div>\n<\/div>\n<p>&nbsp;<\/p>\n<h2 style=\"text-align: center;\"><strong>CATERPILLAR CAT SIS 2022<\/strong><\/h2>\n<p><strong>\u00a0<\/strong><\/p>\n<div class=\"flex flex-grow flex-col gap-3 max-w-full\">\n<div class=\"min-h-[20px] flex flex-col items-start gap-3 whitespace-pre-wrap break-words overflow-x-auto\">\n<div class=\"markdown prose w-full break-words dark:prose-invert dark\">\n<h4><strong>Caterpillar Service Information System 2022 <\/strong><\/h4>\n<h4><\/h4>\n<h4><strong>Votre Guide Complet pour la Maintenance et la R\u00e9paration Caterpillar<\/strong><\/h4>\n<p>D\u00e9couvrez la toute nouvelle version de <a href=\"https:\/\/www.caterpillar.com\/fr.html\">Caterpillar<\/a> Service Information <a href=\"https:\/\/mmbobd2.com\/product-category\/trucks-diagnostic-software\/epc-et-manuels-de-reparation-trucks\/\">System<\/a> (CAT SIS) 2022, con\u00e7ue pour simplifier la maintenance et la r\u00e9paration de la gamme compl\u00e8te de v\u00e9hicules Caterpillar. Ce catalogue complet de manuels de r\u00e9paration et de catalogues de pi\u00e8ces d\u00e9tach\u00e9es est votre ressource incontournable pour entretenir et diagnostiquer efficacement vos \u00e9quipements Caterpillar, qu&rsquo;ils soient destin\u00e9s \u00e0 la construction, \u00e0 l&rsquo;agriculture ou \u00e0 d&rsquo;autres secteurs.<\/p>\n<h4><strong>Couverture Mondiale et Multilingue<\/strong><\/h4>\n<p>CAT SIS 2022 est un outil polyvalent con\u00e7u pour r\u00e9pondre aux besoins des utilisateurs du monde entier. Avec une couverture mondiale et la prise en charge de langues telles que l&rsquo;anglais, l&rsquo;espagnol, l&rsquo;italien, le chinois, le mexicain, l&rsquo;allemand et le fran\u00e7ais, il est accessible \u00e0 un large public international.<\/p>\n<h4><strong>Fonctionnalit\u00e9s Puissantes pour les Professionnels<\/strong><\/h4>\n<p>Ce manuel de r\u00e9paration Caterpillar SIS 2022 est un incontournable pour les ing\u00e9nieurs et les professionnels de l&rsquo;entretien. Il offre des conseils sur l&rsquo;\u00e9quipement de r\u00e9paration, des informations sur les machines Caterpillar, un programme d&rsquo;aide au diagnostic de production Caterpillar, des instructions d&rsquo;utilisation pour les pi\u00e8ces de rechange et l&rsquo;\u00e9quipement Caterpillar, et bien plus encore. Il vous permet de calibrer, diagnostiquer et r\u00e9soudre les probl\u00e8mes de mani\u00e8re efficace.<\/p>\n<h4><strong data-moz-translations-id=\"0\">Simplicit\u00e9 d&rsquo;Utilisation<\/strong><\/h4>\n<p>L&rsquo;une des caract\u00e9ristiques remarquables de CAT SIS est sa simplicit\u00e9 d&rsquo;utilisation. Pour acc\u00e9der aux informations dont vous avez besoin. Il vous suffit de conna\u00eetre le nom de votre mod\u00e8le, votre num\u00e9ro de s\u00e9rie ou votre pr\u00e9fixe. Une fonction de recherche de pi\u00e8ces facilite \u00e9galement la navigation et la localisation des informations cruciales.<\/p>\n<h4><strong data-moz-translations-id=\"0\">Un Produit Hors Ligne Fiable<\/strong><\/h4>\n<p>CAT SIS est un produit enti\u00e8rement hors ligne qui fonctionne \u00e0 l&rsquo;aide du navigateur Internet Explorer. Il se connecte \u00e0 un serveur Web local install\u00e9 sur votre propre PC ou ordinateur portable. La base de donn\u00e9es technique de toutes les machines Caterpillar est stock\u00e9e sur 26 disques DVD-DL ou sous forme d&rsquo;images ISO de ces DVD.<\/p>\n<h4><strong>Une Vaste Gamme de Fonctionnalit\u00e9s<\/strong><\/h4>\n<p>CAT SIS 2022 offre une gamme compl\u00e8te de fonctionnalit\u00e9s, notamment des catalogues de pi\u00e8ces, des manuels d&rsquo;entretien et de r\u00e9paration, des conseils sur l&rsquo;\u00e9quipement de r\u00e9paration, des sch\u00e9mas hydrauliques, des donn\u00e9es d&rsquo;\u00e9talonnage, et bien plus encore. Il couvre une multitude d&rsquo;informations essentielles pour maintenir vos \u00e9quipements Caterpillar en parfait \u00e9tat de fonctionnement.<\/p>\n<p>En r\u00e9sum\u00e9, Caterpillar Service Information System 2022 est bien plus qu&rsquo;un simple manuel de r\u00e9paration. C&rsquo;est votre guide complet pour entretenir, diagnostiquer et optimiser vos \u00e9quipements Caterpillar, quelle que soit leur application. Explorez cette ressource essentielle d\u00e8s aujourd&rsquo;hui pour garantir une performance optimale de vos machines Caterpillar.<\/p>\n<\/div>\n<\/div>\n<\/div>\n<p>&nbsp;<\/p>\n<p>&nbsp;<\/p>\n","protected":false},"excerpt":{"rendered":"<p><audio class=\"audio-for-speech\"><\/audio><\/p>\n<div class=\"translate-tooltip-mtz translator-hidden\">\n<div class=\"header\">\n<div class=\"header-controls\">Translator<\/div>\n<div class=\"header-controls\"><\/div>\n<\/div>\n<div class=\"translated-text\">\n<div class=\"words\"><\/div>\n<div class=\"sentences\"><\/div>\n<\/div>\n<\/div>\n<p>&nbsp;<\/p>\n<p><audio class=\"audio-for-speech\"><\/audio><\/p>\n<div class=\"translate-tooltip-mtz translator-hidden\">\n<div class=\"header\">\n<div class=\"header-controls\">Translator<\/div>\n<div class=\"header-controls\"><\/div>\n<\/div>\n<div class=\"translated-text\">\n<div class=\"words\"><\/div>\n<div class=\"sentences\"><\/div>\n<\/div>\n<\/div>\n<p>&nbsp;<\/p>\n<p>Le guide ultime pour la maintenance et la r\u00e9paration Caterpillar, couvrant une gamme mondiale de langues et d&rsquo;applications.<\/p>","protected":false},"featured_media":371,"template":"","meta":[],"product_brand":[],"product_cat":[19],"product_tag":[],"class_list":{"0":"post-370","1":"product","2":"type-product","3":"status-publish","4":"has-post-thumbnail","6":"product_cat-epc-et-manuels-de-reparation-trucks","8":"first","9":"instock","10":"downloadable","11":"virtual","12":"purchasable","13":"product-type-simple"},"yoast_head":"<!-- This site is optimized with the Yoast SEO plugin v27.4 - https:\/\/yoast.com\/product\/yoast-seo-wordpress\/ -->\n<title>CATERPILLAR CAT SIS 2022 MMB OBD2 SOFTWARE<\/title>\n<meta name=\"description\" content=\"CATERPILLAR CAT SIS 2022 Le guide ultime pour la maintenance et la r\u00e9paration Caterpillar, couvrant une gamme mondiale de langues et d&#039;applications.\" \/>\n<meta name=\"robots\" content=\"index, follow, max-snippet:-1, max-image-preview:large, max-video-preview:-1\" \/>\n<link rel=\"canonical\" href=\"https:\/\/mmbobd2.com\/en\/product\/caterpillar-cat-sis-2022\/\" \/>\n<meta property=\"og:locale\" content=\"en_GB\" \/>\n<meta property=\"og:type\" content=\"article\" \/>\n<meta property=\"og:title\" content=\"CATERPILLAR CAT SIS 2022\" \/>\n<meta property=\"og:description\" content=\"D\u00e9couvrez la toute nouvelle version de Caterpillar Service Information System 2022 - votre outil essentiel pour la maintenance et la r\u00e9paration Caterpillar dans le monde entier. Simplifiez la gestion de votre \u00e9quipement avec #CaterpillarSIS2022. #MMBSoftwareAutomotive\" \/>\n<meta property=\"og:url\" content=\"https:\/\/mmbobd2.com\/en\/product\/caterpillar-cat-sis-2022\/\" \/>\n<meta property=\"og:site_name\" content=\"MMB OBD2 SOFTWARE\" \/>\n<meta property=\"article:publisher\" content=\"https:\/\/www.facebook.com\/profile.php?id=61552159950965\" \/>\n<meta property=\"article:modified_time\" content=\"2024-02-01T20:22:03+00:00\" \/>\n<meta property=\"og:image\" content=\"https:\/\/mmbobd2.com\/wp-content\/uploads\/2023\/10\/CATSIS.jpg\" \/>\n\t<meta property=\"og:image:width\" content=\"1000\" \/>\n\t<meta property=\"og:image:height\" content=\"1000\" \/>\n\t<meta property=\"og:image:type\" content=\"image\/jpeg\" \/>\n<meta name=\"twitter:card\" content=\"summary_large_image\" \/>\n<meta name=\"twitter:label1\" content=\"Estimated reading time\" \/>\n\t<meta name=\"twitter:data1\" content=\"3 minutes\" \/>\n<script type=\"application\/ld+json\" class=\"yoast-schema-graph\">{\"@context\":\"https:\\\/\\\/schema.org\",\"@graph\":[{\"@type\":\"WebPage\",\"@id\":\"https:\\\/\\\/mmbobd2.com\\\/product\\\/caterpillar-cat-sis-2022\\\/\",\"url\":\"https:\\\/\\\/mmbobd2.com\\\/product\\\/caterpillar-cat-sis-2022\\\/\",\"name\":\"CATERPILLAR CAT SIS 2022 MMB OBD2 SOFTWARE\",\"isPartOf\":{\"@id\":\"https:\\\/\\\/mmbobd2.com\\\/#website\"},\"primaryImageOfPage\":{\"@id\":\"https:\\\/\\\/mmbobd2.com\\\/product\\\/caterpillar-cat-sis-2022\\\/#primaryimage\"},\"image\":{\"@id\":\"https:\\\/\\\/mmbobd2.com\\\/product\\\/caterpillar-cat-sis-2022\\\/#primaryimage\"},\"thumbnailUrl\":\"https:\\\/\\\/i0.wp.com\\\/mmbobd2.com\\\/wp-content\\\/uploads\\\/2023\\\/10\\\/CATSIS.jpg?fit=1000%2C1000&ssl=1\",\"datePublished\":\"2023-10-10T15:16:25+00:00\",\"dateModified\":\"2024-02-01T20:22:03+00:00\",\"description\":\"CATERPILLAR CAT SIS 2022 Le guide ultime pour la maintenance et la r\u00e9paration Caterpillar, couvrant une gamme mondiale de langues et d'applications.\",\"breadcrumb\":{\"@id\":\"https:\\\/\\\/mmbobd2.com\\\/product\\\/caterpillar-cat-sis-2022\\\/#breadcrumb\"},\"inLanguage\":\"en-GB\",\"potentialAction\":[{\"@type\":\"ReadAction\",\"target\":[\"https:\\\/\\\/mmbobd2.com\\\/product\\\/caterpillar-cat-sis-2022\\\/\"]}]},{\"@type\":\"ImageObject\",\"inLanguage\":\"en-GB\",\"@id\":\"https:\\\/\\\/mmbobd2.com\\\/product\\\/caterpillar-cat-sis-2022\\\/#primaryimage\",\"url\":\"https:\\\/\\\/i0.wp.com\\\/mmbobd2.com\\\/wp-content\\\/uploads\\\/2023\\\/10\\\/CATSIS.jpg?fit=1000%2C1000&ssl=1\",\"contentUrl\":\"https:\\\/\\\/i0.wp.com\\\/mmbobd2.com\\\/wp-content\\\/uploads\\\/2023\\\/10\\\/CATSIS.jpg?fit=1000%2C1000&ssl=1\",\"width\":1000,\"height\":1000,\"caption\":\"CATERPILLAR CAT SIS 2022\"},{\"@type\":\"BreadcrumbList\",\"@id\":\"https:\\\/\\\/mmbobd2.com\\\/product\\\/caterpillar-cat-sis-2022\\\/#breadcrumb\",\"itemListElement\":[{\"@type\":\"ListItem\",\"position\":1,\"name\":\"Accueil\",\"item\":\"https:\\\/\\\/mmbobd2.com\\\/\"},{\"@type\":\"ListItem\",\"position\":2,\"name\":\"Boutique\",\"item\":\"https:\\\/\\\/mmbobd2.com\\\/logiciels-de-diagnostic-automobiles\\\/\"},{\"@type\":\"ListItem\",\"position\":3,\"name\":\"CATERPILLAR CAT SIS 2022\"}]},{\"@type\":\"WebSite\",\"@id\":\"https:\\\/\\\/mmbobd2.com\\\/#website\",\"url\":\"https:\\\/\\\/mmbobd2.com\\\/\",\"name\":\"MMB OBD2 SOFTWARE\",\"description\":\"\",\"publisher\":{\"@id\":\"https:\\\/\\\/mmbobd2.com\\\/#organization\"},\"alternateName\":\"mmbsoftauto\",\"potentialAction\":[{\"@type\":\"SearchAction\",\"target\":{\"@type\":\"EntryPoint\",\"urlTemplate\":\"https:\\\/\\\/mmbobd2.com\\\/?s={search_term_string}\"},\"query-input\":{\"@type\":\"PropertyValueSpecification\",\"valueRequired\":true,\"valueName\":\"search_term_string\"}}],\"inLanguage\":\"en-GB\"},{\"@type\":\"Organization\",\"@id\":\"https:\\\/\\\/mmbobd2.com\\\/#organization\",\"name\":\"MMB COMPANY\",\"url\":\"https:\\\/\\\/mmbobd2.com\\\/\",\"logo\":{\"@type\":\"ImageObject\",\"inLanguage\":\"en-GB\",\"@id\":\"https:\\\/\\\/mmbobd2.com\\\/#\\\/schema\\\/logo\\\/image\\\/\",\"url\":\"https:\\\/\\\/mmbobd2.com\\\/wp-content\\\/uploads\\\/2023\\\/10\\\/LOGO-ROND-MMB-200.png\",\"contentUrl\":\"https:\\\/\\\/mmbobd2.com\\\/wp-content\\\/uploads\\\/2023\\\/10\\\/LOGO-ROND-MMB-200.png\",\"width\":200,\"height\":200,\"caption\":\"MMB COMPANY\"},\"image\":{\"@id\":\"https:\\\/\\\/mmbobd2.com\\\/#\\\/schema\\\/logo\\\/image\\\/\"},\"sameAs\":[\"https:\\\/\\\/www.facebook.com\\\/profile.php?id=61552159950965\"]}]}<\/script>\n<!-- \/ Yoast SEO plugin. -->","yoast_head_json":{"title":"CATERPILLAR CAT SIS 2022 MMB OBD2 SOFTWARE","description":"CATERPILLAR CAT SIS 2022 Le guide ultime pour la maintenance et la r\u00e9paration Caterpillar, couvrant une gamme mondiale de langues et d'applications.","robots":{"index":"index","follow":"follow","max-snippet":"max-snippet:-1","max-image-preview":"max-image-preview:large","max-video-preview":"max-video-preview:-1"},"canonical":"https:\/\/mmbobd2.com\/en\/product\/caterpillar-cat-sis-2022\/","og_locale":"en_GB","og_type":"article","og_title":"CATERPILLAR CAT SIS 2022","og_description":"D\u00e9couvrez la toute nouvelle version de Caterpillar Service Information System 2022 - votre outil essentiel pour la maintenance et la r\u00e9paration Caterpillar dans le monde entier. Simplifiez la gestion de votre \u00e9quipement avec #CaterpillarSIS2022. #MMBSoftwareAutomotive","og_url":"https:\/\/mmbobd2.com\/en\/product\/caterpillar-cat-sis-2022\/","og_site_name":"MMB OBD2 SOFTWARE","article_publisher":"https:\/\/www.facebook.com\/profile.php?id=61552159950965","article_modified_time":"2024-02-01T20:22:03+00:00","og_image":[{"width":1000,"height":1000,"url":"https:\/\/mmbobd2.com\/wp-content\/uploads\/2023\/10\/CATSIS.jpg","type":"image\/jpeg"}],"twitter_card":"summary_large_image","twitter_misc":{"Estimated reading time":"3 minutes"},"schema":{"@context":"https:\/\/schema.org","@graph":[{"@type":"WebPage","@id":"https:\/\/mmbobd2.com\/product\/caterpillar-cat-sis-2022\/","url":"https:\/\/mmbobd2.com\/product\/caterpillar-cat-sis-2022\/","name":"CATERPILLAR CAT SIS 2022 MMB OBD2 SOFTWARE","isPartOf":{"@id":"https:\/\/mmbobd2.com\/#website"},"primaryImageOfPage":{"@id":"https:\/\/mmbobd2.com\/product\/caterpillar-cat-sis-2022\/#primaryimage"},"image":{"@id":"https:\/\/mmbobd2.com\/product\/caterpillar-cat-sis-2022\/#primaryimage"},"thumbnailUrl":"https:\/\/i0.wp.com\/mmbobd2.com\/wp-content\/uploads\/2023\/10\/CATSIS.jpg?fit=1000%2C1000&ssl=1","datePublished":"2023-10-10T15:16:25+00:00","dateModified":"2024-02-01T20:22:03+00:00","description":"CATERPILLAR CAT SIS 2022 Le guide ultime pour la maintenance et la r\u00e9paration Caterpillar, couvrant une gamme mondiale de langues et d'applications.","breadcrumb":{"@id":"https:\/\/mmbobd2.com\/product\/caterpillar-cat-sis-2022\/#breadcrumb"},"inLanguage":"en-GB","potentialAction":[{"@type":"ReadAction","target":["https:\/\/mmbobd2.com\/product\/caterpillar-cat-sis-2022\/"]}]},{"@type":"ImageObject","inLanguage":"en-GB","@id":"https:\/\/mmbobd2.com\/product\/caterpillar-cat-sis-2022\/#primaryimage","url":"https:\/\/i0.wp.com\/mmbobd2.com\/wp-content\/uploads\/2023\/10\/CATSIS.jpg?fit=1000%2C1000&ssl=1","contentUrl":"https:\/\/i0.wp.com\/mmbobd2.com\/wp-content\/uploads\/2023\/10\/CATSIS.jpg?fit=1000%2C1000&ssl=1","width":1000,"height":1000,"caption":"CATERPILLAR CAT SIS 2022"},{"@type":"BreadcrumbList","@id":"https:\/\/mmbobd2.com\/product\/caterpillar-cat-sis-2022\/#breadcrumb","itemListElement":[{"@type":"ListItem","position":1,"name":"Accueil","item":"https:\/\/mmbobd2.com\/"},{"@type":"ListItem","position":2,"name":"Boutique","item":"https:\/\/mmbobd2.com\/logiciels-de-diagnostic-automobiles\/"},{"@type":"ListItem","position":3,"name":"CATERPILLAR CAT SIS 2022"}]},{"@type":"WebSite","@id":"https:\/\/mmbobd2.com\/#website","url":"https:\/\/mmbobd2.com\/","name":"MMB OBD2 SOFTWARE","description":"","publisher":{"@id":"https:\/\/mmbobd2.com\/#organization"},"alternateName":"mmbsoftauto","potentialAction":[{"@type":"SearchAction","target":{"@type":"EntryPoint","urlTemplate":"https:\/\/mmbobd2.com\/?s={search_term_string}"},"query-input":{"@type":"PropertyValueSpecification","valueRequired":true,"valueName":"search_term_string"}}],"inLanguage":"en-GB"},{"@type":"Organization","@id":"https:\/\/mmbobd2.com\/#organization","name":"MMB COMPANY","url":"https:\/\/mmbobd2.com\/","logo":{"@type":"ImageObject","inLanguage":"en-GB","@id":"https:\/\/mmbobd2.com\/#\/schema\/logo\/image\/","url":"https:\/\/mmbobd2.com\/wp-content\/uploads\/2023\/10\/LOGO-ROND-MMB-200.png","contentUrl":"https:\/\/mmbobd2.com\/wp-content\/uploads\/2023\/10\/LOGO-ROND-MMB-200.png","width":200,"height":200,"caption":"MMB COMPANY"},"image":{"@id":"https:\/\/mmbobd2.com\/#\/schema\/logo\/image\/"},"sameAs":["https:\/\/www.facebook.com\/profile.php?id=61552159950965"]}]}},"_links":{"self":[{"href":"https:\/\/mmbobd2.com\/en\/wp-json\/wp\/v2\/product\/370","targetHints":{"allow":["GET"]}}],"collection":[{"href":"https:\/\/mmbobd2.com\/en\/wp-json\/wp\/v2\/product"}],"about":[{"href":"https:\/\/mmbobd2.com\/en\/wp-json\/wp\/v2\/types\/product"}],"wp:featuredmedia":[{"embeddable":true,"href":"https:\/\/mmbobd2.com\/en\/wp-json\/wp\/v2\/media\/371"}],"wp:attachment":[{"href":"https:\/\/mmbobd2.com\/en\/wp-json\/wp\/v2\/media?parent=370"}],"wp:term":[{"taxonomy":"product_brand","embeddable":true,"href":"https:\/\/mmbobd2.com\/en\/wp-json\/wp\/v2\/product_brand?post=370"},{"taxonomy":"product_cat","embeddable":true,"href":"https:\/\/mmbobd2.com\/en\/wp-json\/wp\/v2\/product_cat?post=370"},{"taxonomy":"product_tag","embeddable":true,"href":"https:\/\/mmbobd2.com\/en\/wp-json\/wp\/v2\/product_tag?post=370"}],"curies":[{"name":"wp","href":"https:\/\/api.w.org\/{rel}","templated":true}]}}