{"id":378,"date":"2023-10-10T16:06:59","date_gmt":"2023-10-10T16:06:59","guid":{"rendered":"https:\/\/mmbobd2.com\/?post_type=product&#038;p=378"},"modified":"2023-11-08T16:08:15","modified_gmt":"2023-11-08T16:08:15","slug":"dts-monaco-9-2-mercedes","status":"publish","type":"product","link":"https:\/\/mmbobd2.com\/en\/product\/dts-monaco-9-2-mercedes\/","title":{"rendered":"DTS MONACO 9.2"},"content":{"rendered":"<h2 style=\"text-align: center;\"><strong>DTS MONACO 9.2<\/strong><\/h2>\n<p>&nbsp;<\/p>\n<h4><strong>Le Pouvoir Derri\u00e8re les Tests de Maintenance Mercedes-Benz<\/strong><\/h4>\n<h4><strong>La Puissance de DTS Monaco <\/strong><\/h4>\n<h4>DTS MONACO 9.2 MERCEDES n&rsquo;est pas seulement un logiciel de diagnostic de base. C&rsquo;est l&rsquo;autorit\u00e9 ultime pour les tests de maintenance Mercedes-Benz, utilis\u00e9e par les ing\u00e9nieurs de d\u00e9veloppement de Daimler-Benz eux-m\u00eames. Il vous offre un outil complet pour le diagnostic des v\u00e9hicules, les tests d&rsquo;ing\u00e9nierie avanc\u00e9e, et bien plus encore. C&rsquo;est la cl\u00e9 pour d\u00e9bloquer tout le potentiel de votre Mercedes-Benz.<\/h4>\n<h4><strong>Des Fonctionnalit\u00e9s Avanc\u00e9es<\/strong><\/h4>\n<h4>DTS Monaco brise les barri\u00e8res entre le diagnostic de base et l&rsquo;ing\u00e9nierie avanc\u00e9e. Il permet un test instantan\u00e9 de tous les ECU de votre v\u00e9hicule, vous donnant un aper\u00e7u complet de son \u00e9tat. De plus, vous pouvez ajouter ou supprimer facilement des fonctionnalit\u00e9s OVA (Options de V\u00e9hicule Active) selon vos besoins.<\/h4>\n<h4><strong>Compatibilit\u00e9 Sans Faille<\/strong><\/h4>\n<h4>Ce logiciel est compatible avec le mat\u00e9riel C4 (SDconnect) et Ecom, garantissant une int\u00e9gration sans faille dans votre <a href=\"https:\/\/mmbobd2.com\/en\/product-category\/software-reprogrammation-auto\/\">syst\u00e8me<\/a> existant.<\/h4>\n<h4><strong>Plus de Contr\u00f4le<\/strong><\/h4>\n<h4>DTS Monaco vous donne le contr\u00f4le total sur votre <a href=\"https:\/\/group.mercedes-benz.com\/en\/\">Mercedes-Benz<\/a>. Vous pouvez lire et sauvegarder rapidement tous les modules du v\u00e9hicule, effectuer une programmation Flash hors ligne, diagnostiquer les codes d&rsquo;anomalie du module, \u00e9changer des donn\u00e9es entre deux ECU identiques, enregistrer efficacement les fichiers de tra\u00e7age, et bien plus encore.<\/h4>\n<h4><strong>Un Spectre de Fonctionnalit\u00e9s<\/strong><\/h4>\n<h4>Des r\u00e9glages de feux de circulation \u00e0 la programmation hors ligne, DTS MONACO 9.2 MERCEDES couvre un large spectre de fonctionnalit\u00e9s. De l&rsquo;adaptation du forfait sportif AMG dans le mod\u00e8le W212 \u00e0 la remise \u00e0 z\u00e9ro de l&rsquo;ordinateur gonflable W16, il offre une pr\u00e9cision et une efficacit\u00e9 in\u00e9gal\u00e9es.<\/h4>\n<h4><strong>Principales caract\u00e9ristiques:<\/strong><\/h4>\n<ul>\n<li><strong>\u00c9preuve rapide:<\/strong> Essai instantan\u00e9 de tous les \u00e9cus du v\u00e9hicule.<\/li>\n<li><strong>Variante Codage :<\/strong> Ajoutez ou supprimez facilement les fonctionnalit\u00e9s OVA.<\/li>\n<li><strong>Identification de l&rsquo;identit\u00e9:<\/strong> Lire et sauvegarder rapidement tous les modules du v\u00e9hicule.<\/li>\n<li><strong>Programmation Flash hors ligne:<\/strong> Actualisez votre logiciel sans interf\u00e9rence sur Internet.<\/li>\n<li><strong>Diagnostic du code d\u00e9faut: Codes<\/strong> d&rsquo;anomalie de diagnostic du module Pinpoint.<\/li>\n<li><strong>Bourse en \u00e9cus:<\/strong> \u00e9change de donn\u00e9es entre deux \u00e9cus identiques.<\/li>\n<li><strong>Trace symbolique:<\/strong> Enregistrer efficacement les fichiers de tra\u00e7age.<\/li>\n<li><strong>Programmation de base:<\/strong> plonger dans des fonctionnalit\u00e9s telles que la programmation hors ligne, le code hors jeu, les r\u00e9glages de feux de circulation, et plus encore.<\/li>\n<\/ul>\n<p><strong>Avantages suppl\u00e9mentaires:<\/strong> De l&rsquo;adaptation du forfait sportif AMG dans le mod\u00e8le W212 \u00e0 la remise \u00e0 z\u00e9ro de l&rsquo;ordinateur gonflable W16, DTS Monaco couvre un vaste spectre de fonctionnalit\u00e9s con\u00e7ues pour la plus grande pr\u00e9cision et l&rsquo;efficacit\u00e9.<\/p>","protected":false},"excerpt":{"rendered":"<p><audio class=\"audio-for-speech\"><\/audio><\/p>\n<div class=\"translate-tooltip-mtz translator-hidden\">\n<div class=\"header\">\n<div class=\"header-controls\">Translator<\/div>\n<div class=\"header-controls\"><\/div>\n<\/div>\n<div class=\"translated-text\">\n<div class=\"words\"><\/div>\n<div class=\"sentences\"><\/div>\n<\/div>\n<\/div>\n<p>&nbsp;<\/p>\n<p>L&rsquo;autorit\u00e9 en tests de maintenance Mercedes-Benz. Lib\u00e9rez la puissance de votre Mercedes avec DTS Monaco<\/p>","protected":false},"featured_media":379,"template":"","meta":[],"product_brand":[],"product_cat":[17],"product_tag":[],"class_list":{"0":"post-378","1":"product","2":"type-product","3":"status-publish","4":"has-post-thumbnail","6":"product_cat-software-reprogrammation-auto","8":"first","9":"instock","10":"downloadable","11":"virtual","12":"purchasable","13":"product-type-simple"},"yoast_head":"<!-- This site is optimized with the Yoast SEO plugin v27.4 - https:\/\/yoast.com\/product\/yoast-seo-wordpress\/ -->\n<title>DTS MONACO 9.2 MERCEDES MMB OBD2 SOFTWARE<\/title>\n<meta name=\"description\" content=\"DTS MONACO 9.2 MERCEDES L&#039;autorit\u00e9 en tests de maintenance Mercedes-Benz. Lib\u00e9rez la puissance de votre Mercedes avec DTS Monaco\" \/>\n<meta name=\"robots\" content=\"index, follow, max-snippet:-1, max-image-preview:large, max-video-preview:-1\" \/>\n<link rel=\"canonical\" href=\"https:\/\/mmbobd2.com\/en\/product\/dts-monaco-9-2-mercedes\/\" \/>\n<meta property=\"og:locale\" content=\"en_GB\" \/>\n<meta property=\"og:type\" content=\"article\" \/>\n<meta property=\"og:title\" content=\"DTS MONACO 9.2 MERCEDES\" \/>\n<meta property=\"og:description\" content=\"D\u00e9couvrez DTS Monaco, l&#039;outil ultime pour les propri\u00e9taires de Mercedes-Benz. Diagnostic avanc\u00e9, tests d&#039;ing\u00e9nierie et plus encore. #Mercedes #DTSMonaco #MMBSoftwareAutomotive\" \/>\n<meta property=\"og:url\" content=\"https:\/\/mmbobd2.com\/en\/product\/dts-monaco-9-2-mercedes\/\" \/>\n<meta property=\"og:site_name\" content=\"MMB OBD2 SOFTWARE\" \/>\n<meta property=\"article:publisher\" content=\"https:\/\/www.facebook.com\/profile.php?id=61552159950965\" \/>\n<meta property=\"article:modified_time\" content=\"2023-11-08T16:08:15+00:00\" \/>\n<meta property=\"og:image\" content=\"https:\/\/mmbobd2.com\/wp-content\/uploads\/2023\/10\/DTSMONACO.jpg\" \/>\n\t<meta property=\"og:image:width\" content=\"1000\" \/>\n\t<meta property=\"og:image:height\" content=\"1000\" \/>\n\t<meta property=\"og:image:type\" content=\"image\/jpeg\" \/>\n<meta name=\"twitter:card\" content=\"summary_large_image\" \/>\n<meta name=\"twitter:label1\" content=\"Estimated reading time\" \/>\n\t<meta name=\"twitter:data1\" content=\"3 minutes\" \/>\n<script type=\"application\/ld+json\" class=\"yoast-schema-graph\">{\"@context\":\"https:\\\/\\\/schema.org\",\"@graph\":[{\"@type\":\"WebPage\",\"@id\":\"https:\\\/\\\/mmbobd2.com\\\/product\\\/dts-monaco-9-2-mercedes\\\/\",\"url\":\"https:\\\/\\\/mmbobd2.com\\\/product\\\/dts-monaco-9-2-mercedes\\\/\",\"name\":\"DTS MONACO 9.2 MERCEDES MMB OBD2 SOFTWARE\",\"isPartOf\":{\"@id\":\"https:\\\/\\\/mmbobd2.com\\\/#website\"},\"primaryImageOfPage\":{\"@id\":\"https:\\\/\\\/mmbobd2.com\\\/product\\\/dts-monaco-9-2-mercedes\\\/#primaryimage\"},\"image\":{\"@id\":\"https:\\\/\\\/mmbobd2.com\\\/product\\\/dts-monaco-9-2-mercedes\\\/#primaryimage\"},\"thumbnailUrl\":\"https:\\\/\\\/i0.wp.com\\\/mmbobd2.com\\\/wp-content\\\/uploads\\\/2023\\\/10\\\/DTSMONACO.jpg?fit=1000%2C1000&ssl=1\",\"datePublished\":\"2023-10-10T16:06:59+00:00\",\"dateModified\":\"2023-11-08T16:08:15+00:00\",\"description\":\"DTS MONACO 9.2 MERCEDES L'autorit\u00e9 en tests de maintenance Mercedes-Benz. Lib\u00e9rez la puissance de votre Mercedes avec DTS Monaco\",\"breadcrumb\":{\"@id\":\"https:\\\/\\\/mmbobd2.com\\\/product\\\/dts-monaco-9-2-mercedes\\\/#breadcrumb\"},\"inLanguage\":\"en-GB\",\"potentialAction\":[{\"@type\":\"ReadAction\",\"target\":[\"https:\\\/\\\/mmbobd2.com\\\/product\\\/dts-monaco-9-2-mercedes\\\/\"]}]},{\"@type\":\"ImageObject\",\"inLanguage\":\"en-GB\",\"@id\":\"https:\\\/\\\/mmbobd2.com\\\/product\\\/dts-monaco-9-2-mercedes\\\/#primaryimage\",\"url\":\"https:\\\/\\\/i0.wp.com\\\/mmbobd2.com\\\/wp-content\\\/uploads\\\/2023\\\/10\\\/DTSMONACO.jpg?fit=1000%2C1000&ssl=1\",\"contentUrl\":\"https:\\\/\\\/i0.wp.com\\\/mmbobd2.com\\\/wp-content\\\/uploads\\\/2023\\\/10\\\/DTSMONACO.jpg?fit=1000%2C1000&ssl=1\",\"width\":1000,\"height\":1000,\"caption\":\"DTS MONACO 9.2 MERCEDES\"},{\"@type\":\"BreadcrumbList\",\"@id\":\"https:\\\/\\\/mmbobd2.com\\\/product\\\/dts-monaco-9-2-mercedes\\\/#breadcrumb\",\"itemListElement\":[{\"@type\":\"ListItem\",\"position\":1,\"name\":\"Accueil\",\"item\":\"https:\\\/\\\/mmbobd2.com\\\/\"},{\"@type\":\"ListItem\",\"position\":2,\"name\":\"Boutique\",\"item\":\"https:\\\/\\\/mmbobd2.com\\\/logiciels-de-diagnostic-automobiles\\\/\"},{\"@type\":\"ListItem\",\"position\":3,\"name\":\"DTS MONACO 9.2\"}]},{\"@type\":\"WebSite\",\"@id\":\"https:\\\/\\\/mmbobd2.com\\\/#website\",\"url\":\"https:\\\/\\\/mmbobd2.com\\\/\",\"name\":\"MMB OBD2 SOFTWARE\",\"description\":\"\",\"publisher\":{\"@id\":\"https:\\\/\\\/mmbobd2.com\\\/#organization\"},\"alternateName\":\"mmbsoftauto\",\"potentialAction\":[{\"@type\":\"SearchAction\",\"target\":{\"@type\":\"EntryPoint\",\"urlTemplate\":\"https:\\\/\\\/mmbobd2.com\\\/?s={search_term_string}\"},\"query-input\":{\"@type\":\"PropertyValueSpecification\",\"valueRequired\":true,\"valueName\":\"search_term_string\"}}],\"inLanguage\":\"en-GB\"},{\"@type\":\"Organization\",\"@id\":\"https:\\\/\\\/mmbobd2.com\\\/#organization\",\"name\":\"MMB COMPANY\",\"url\":\"https:\\\/\\\/mmbobd2.com\\\/\",\"logo\":{\"@type\":\"ImageObject\",\"inLanguage\":\"en-GB\",\"@id\":\"https:\\\/\\\/mmbobd2.com\\\/#\\\/schema\\\/logo\\\/image\\\/\",\"url\":\"https:\\\/\\\/mmbobd2.com\\\/wp-content\\\/uploads\\\/2023\\\/10\\\/LOGO-ROND-MMB-200.png\",\"contentUrl\":\"https:\\\/\\\/mmbobd2.com\\\/wp-content\\\/uploads\\\/2023\\\/10\\\/LOGO-ROND-MMB-200.png\",\"width\":200,\"height\":200,\"caption\":\"MMB COMPANY\"},\"image\":{\"@id\":\"https:\\\/\\\/mmbobd2.com\\\/#\\\/schema\\\/logo\\\/image\\\/\"},\"sameAs\":[\"https:\\\/\\\/www.facebook.com\\\/profile.php?id=61552159950965\"]}]}<\/script>\n<!-- \/ Yoast SEO plugin. -->","yoast_head_json":{"title":"DTS MONACO 9.2 MERCEDES MMB OBD2 SOFTWARE","description":"DTS MONACO 9.2 MERCEDES L'autorit\u00e9 en tests de maintenance Mercedes-Benz. Lib\u00e9rez la puissance de votre Mercedes avec DTS Monaco","robots":{"index":"index","follow":"follow","max-snippet":"max-snippet:-1","max-image-preview":"max-image-preview:large","max-video-preview":"max-video-preview:-1"},"canonical":"https:\/\/mmbobd2.com\/en\/product\/dts-monaco-9-2-mercedes\/","og_locale":"en_GB","og_type":"article","og_title":"DTS MONACO 9.2 MERCEDES","og_description":"D\u00e9couvrez DTS Monaco, l'outil ultime pour les propri\u00e9taires de Mercedes-Benz. Diagnostic avanc\u00e9, tests d'ing\u00e9nierie et plus encore. #Mercedes #DTSMonaco #MMBSoftwareAutomotive","og_url":"https:\/\/mmbobd2.com\/en\/product\/dts-monaco-9-2-mercedes\/","og_site_name":"MMB OBD2 SOFTWARE","article_publisher":"https:\/\/www.facebook.com\/profile.php?id=61552159950965","article_modified_time":"2023-11-08T16:08:15+00:00","og_image":[{"width":1000,"height":1000,"url":"https:\/\/mmbobd2.com\/wp-content\/uploads\/2023\/10\/DTSMONACO.jpg","type":"image\/jpeg"}],"twitter_card":"summary_large_image","twitter_misc":{"Estimated reading time":"3 minutes"},"schema":{"@context":"https:\/\/schema.org","@graph":[{"@type":"WebPage","@id":"https:\/\/mmbobd2.com\/product\/dts-monaco-9-2-mercedes\/","url":"https:\/\/mmbobd2.com\/product\/dts-monaco-9-2-mercedes\/","name":"DTS MONACO 9.2 MERCEDES MMB OBD2 SOFTWARE","isPartOf":{"@id":"https:\/\/mmbobd2.com\/#website"},"primaryImageOfPage":{"@id":"https:\/\/mmbobd2.com\/product\/dts-monaco-9-2-mercedes\/#primaryimage"},"image":{"@id":"https:\/\/mmbobd2.com\/product\/dts-monaco-9-2-mercedes\/#primaryimage"},"thumbnailUrl":"https:\/\/i0.wp.com\/mmbobd2.com\/wp-content\/uploads\/2023\/10\/DTSMONACO.jpg?fit=1000%2C1000&ssl=1","datePublished":"2023-10-10T16:06:59+00:00","dateModified":"2023-11-08T16:08:15+00:00","description":"DTS MONACO 9.2 MERCEDES L'autorit\u00e9 en tests de maintenance Mercedes-Benz. Lib\u00e9rez la puissance de votre Mercedes avec DTS Monaco","breadcrumb":{"@id":"https:\/\/mmbobd2.com\/product\/dts-monaco-9-2-mercedes\/#breadcrumb"},"inLanguage":"en-GB","potentialAction":[{"@type":"ReadAction","target":["https:\/\/mmbobd2.com\/product\/dts-monaco-9-2-mercedes\/"]}]},{"@type":"ImageObject","inLanguage":"en-GB","@id":"https:\/\/mmbobd2.com\/product\/dts-monaco-9-2-mercedes\/#primaryimage","url":"https:\/\/i0.wp.com\/mmbobd2.com\/wp-content\/uploads\/2023\/10\/DTSMONACO.jpg?fit=1000%2C1000&ssl=1","contentUrl":"https:\/\/i0.wp.com\/mmbobd2.com\/wp-content\/uploads\/2023\/10\/DTSMONACO.jpg?fit=1000%2C1000&ssl=1","width":1000,"height":1000,"caption":"DTS MONACO 9.2 MERCEDES"},{"@type":"BreadcrumbList","@id":"https:\/\/mmbobd2.com\/product\/dts-monaco-9-2-mercedes\/#breadcrumb","itemListElement":[{"@type":"ListItem","position":1,"name":"Accueil","item":"https:\/\/mmbobd2.com\/"},{"@type":"ListItem","position":2,"name":"Boutique","item":"https:\/\/mmbobd2.com\/logiciels-de-diagnostic-automobiles\/"},{"@type":"ListItem","position":3,"name":"DTS MONACO 9.2"}]},{"@type":"WebSite","@id":"https:\/\/mmbobd2.com\/#website","url":"https:\/\/mmbobd2.com\/","name":"MMB OBD2 SOFTWARE","description":"","publisher":{"@id":"https:\/\/mmbobd2.com\/#organization"},"alternateName":"mmbsoftauto","potentialAction":[{"@type":"SearchAction","target":{"@type":"EntryPoint","urlTemplate":"https:\/\/mmbobd2.com\/?s={search_term_string}"},"query-input":{"@type":"PropertyValueSpecification","valueRequired":true,"valueName":"search_term_string"}}],"inLanguage":"en-GB"},{"@type":"Organization","@id":"https:\/\/mmbobd2.com\/#organization","name":"MMB COMPANY","url":"https:\/\/mmbobd2.com\/","logo":{"@type":"ImageObject","inLanguage":"en-GB","@id":"https:\/\/mmbobd2.com\/#\/schema\/logo\/image\/","url":"https:\/\/mmbobd2.com\/wp-content\/uploads\/2023\/10\/LOGO-ROND-MMB-200.png","contentUrl":"https:\/\/mmbobd2.com\/wp-content\/uploads\/2023\/10\/LOGO-ROND-MMB-200.png","width":200,"height":200,"caption":"MMB COMPANY"},"image":{"@id":"https:\/\/mmbobd2.com\/#\/schema\/logo\/image\/"},"sameAs":["https:\/\/www.facebook.com\/profile.php?id=61552159950965"]}]}},"_links":{"self":[{"href":"https:\/\/mmbobd2.com\/en\/wp-json\/wp\/v2\/product\/378","targetHints":{"allow":["GET"]}}],"collection":[{"href":"https:\/\/mmbobd2.com\/en\/wp-json\/wp\/v2\/product"}],"about":[{"href":"https:\/\/mmbobd2.com\/en\/wp-json\/wp\/v2\/types\/product"}],"wp:featuredmedia":[{"embeddable":true,"href":"https:\/\/mmbobd2.com\/en\/wp-json\/wp\/v2\/media\/379"}],"wp:attachment":[{"href":"https:\/\/mmbobd2.com\/en\/wp-json\/wp\/v2\/media?parent=378"}],"wp:term":[{"taxonomy":"product_brand","embeddable":true,"href":"https:\/\/mmbobd2.com\/en\/wp-json\/wp\/v2\/product_brand?post=378"},{"taxonomy":"product_cat","embeddable":true,"href":"https:\/\/mmbobd2.com\/en\/wp-json\/wp\/v2\/product_cat?post=378"},{"taxonomy":"product_tag","embeddable":true,"href":"https:\/\/mmbobd2.com\/en\/wp-json\/wp\/v2\/product_tag?post=378"}],"curies":[{"name":"wp","href":"https:\/\/api.w.org\/{rel}","templated":true}]}}