{"id":382,"date":"2023-10-10T16:28:51","date_gmt":"2023-10-10T16:28:51","guid":{"rendered":"https:\/\/mmbobd2.com\/?post_type=product&#038;p=382"},"modified":"2026-03-19T18:56:34","modified_gmt":"2026-03-19T18:56:34","slug":"ecm-titanium-1-61","status":"publish","type":"product","link":"https:\/\/mmbobd2.com\/en\/product\/ecm-titanium-1-61\/","title":{"rendered":"ECM TITANIUM 1.61"},"content":{"rendered":"<h2 style=\"text-align: center;\"><strong>ECM TITANIUM 1.61<br \/>\n<\/strong><\/h2>\n<p>&nbsp;<\/p>\n<h4><strong>ECM Titanium 1.61 : Le Pouvoir de la Personnalisation du Moteur<\/strong><\/h4>\n<p><em data-moz-translations-id=\"0\">Un Aper\u00e7u du Nouveau ECM Titanium 1.61<\/em> ECM Titanium 1.61 est le logiciel r\u00e9volutionnaire qui vous permet d&rsquo;acc\u00e9der et d&rsquo;\u00e9diter les donn\u00e9es stock\u00e9es dans l&rsquo;unit\u00e9 de contr\u00f4le du moteur (ECU) avec une pr\u00e9cision exceptionnelle. Dot\u00e9 d&rsquo;une biblioth\u00e8que impressionnante de plus de 18 000 pilotes, ECM Titanium facilite l&rsquo;identification des cartes de gestion du moteur et l&rsquo;ajustement des limites de performance stock\u00e9es dans les fichiers.<\/p>\n<p><strong>Langues Prises en Charge<\/strong> Fran\u00e7ais, Allemand, Espagnol, Lip\u00e9rien, Portugais<\/p>\n<p><em data-moz-translations-id=\"0\">Diagnostic Pr\u00e9cis et S\u00e9curis\u00e9<\/em> ECM Titanium vous offre une approche pr\u00e9cise et s\u00e9curis\u00e9e pour interpr\u00e9ter les fichiers internes du contr\u00f4leur de moteur. Gr\u00e2ce \u00e0 une biblioth\u00e8que de pilotes qui servent de \u00ab\u00a0cl\u00e9\u00a0\u00bb pour d\u00e9crypter les fichiers ECU, vous pouvez facilement localiser les donn\u00e9es de cartographie et les limites de performance principales pour optimiser la puissance <a href=\"https:\/\/mmbobd2.com\/en\/product-category\/software-reprogrammation-auto\/\">du<\/a> moteur.<\/p>\n<h4><strong>Les Caract\u00e9ristiques Essentielles<\/strong><\/h4>\n<p><em data-moz-translations-id=\"0\">Conducteurs de Performance<\/em> ECM Titanium est aliment\u00e9 par une g\u00e9n\u00e9ration de pilotes de pointe. Offrant une interface puissante et fonctionnelle pour cr\u00e9er et g\u00e9rer des projets de personnalisation moteur. Il peut intervenir directement sur des param\u00e8tres cl\u00e9s tels que le rapport air-carburant, le couple moteur, l&rsquo;injection de carburant, le turbo, et bien d&rsquo;autres encore.<\/p>\n<h4><strong>Vue de Tableau<\/strong><\/h4>\n<h4>Pour une interpr\u00e9tation rapide et compr\u00e9hensible des valeurs. ECM Titanium propose une repr\u00e9sentation tabulaire des donn\u00e9es lues dans le fichier de contr\u00f4le. Cela permet d&rsquo;ajuster facilement les param\u00e8tres Nm, Bar, mm3, et bien plus encore.<\/h4>\n<h4><strong>Vue 2D et 3D<\/strong><\/h4>\n<h4>Les donn\u00e9es peuvent \u00e9galement \u00eatre converties en graphiques 2D et 3D pour une optimisation plus visuelle. Vous pouvez agir sur des cartes sp\u00e9cifiques pour obtenir des performances optimales.<\/h4>\n<h4><strong>Vue Hexad\u00e9cimale et V\u00e9rification des Donn\u00e9es<\/strong><\/h4>\n<p>Une fen\u00eatre hexad\u00e9cimale vous permet d&rsquo;interpr\u00e9ter la structure du fichier. Tandis qu&rsquo;<a href=\"https:\/\/www.alientech-tools.com\/fr\/ecm-titanium\/\">ECM<\/a> Titanium v\u00e9rifie en permanence l&rsquo;int\u00e9grit\u00e9 des donn\u00e9es pour des r\u00e9sultats fiables.<\/p>\n<p>&nbsp;<\/p>","protected":false},"excerpt":{"rendered":"<p>D\u00e9couvrez ECM Titanium 1.61, l&rsquo;outil ultime pour personnaliser les performances de votre moteur. MMB Software Automotive Logiciels<\/p>","protected":false},"featured_media":383,"template":"","meta":[],"product_brand":[],"product_cat":[17],"product_tag":[],"class_list":{"0":"post-382","1":"product","2":"type-product","3":"status-publish","4":"has-post-thumbnail","6":"product_cat-software-reprogrammation-auto","8":"first","9":"instock","10":"downloadable","11":"virtual","12":"purchasable","13":"product-type-simple"},"yoast_head":"<!-- This site is optimized with the Yoast SEO plugin v27.4 - https:\/\/yoast.com\/product\/yoast-seo-wordpress\/ -->\n<title>ECM TITANIUM 1.61 MMB OBD2 SOFTWARE<\/title>\n<meta name=\"description\" content=\"D\u00e9couvrez ECM Titanium 1.61, l&#039;outil ultime pour personnaliser les performances de votre moteur. MMB Software Automotive Logiciels\" \/>\n<meta name=\"robots\" content=\"index, follow, max-snippet:-1, max-image-preview:large, max-video-preview:-1\" \/>\n<link rel=\"canonical\" href=\"https:\/\/mmbobd2.com\/en\/product\/ecm-titanium-1-61\/\" \/>\n<meta property=\"og:locale\" content=\"en_GB\" \/>\n<meta property=\"og:type\" content=\"article\" \/>\n<meta property=\"og:title\" content=\"ECM Titanium 1.61\" \/>\n<meta property=\"og:description\" content=\"ECM Titanium 1.61 : L&#039;art de personnaliser les performances du moteur. Plus de puissance, moins de limites. #ECMTitanium #PersonnalisationMoteur #MMBSoftwareAutomotive\" \/>\n<meta property=\"og:url\" content=\"https:\/\/mmbobd2.com\/en\/product\/ecm-titanium-1-61\/\" \/>\n<meta property=\"og:site_name\" content=\"MMB OBD2 SOFTWARE\" \/>\n<meta property=\"article:publisher\" content=\"https:\/\/www.facebook.com\/profile.php?id=61552159950965\" \/>\n<meta property=\"article:modified_time\" content=\"2026-03-19T18:56:34+00:00\" \/>\n<meta property=\"og:image\" content=\"https:\/\/mmbobd2.com\/wp-content\/uploads\/2023\/10\/ECMTTT.jpg\" \/>\n\t<meta property=\"og:image:width\" content=\"1000\" \/>\n\t<meta property=\"og:image:height\" content=\"1000\" \/>\n\t<meta property=\"og:image:type\" content=\"image\/jpeg\" \/>\n<meta name=\"twitter:card\" content=\"summary_large_image\" \/>\n<meta name=\"twitter:label1\" content=\"Estimated reading time\" \/>\n\t<meta name=\"twitter:data1\" content=\"2 minutes\" \/>\n<script type=\"application\/ld+json\" class=\"yoast-schema-graph\">{\"@context\":\"https:\\\/\\\/schema.org\",\"@graph\":[{\"@type\":\"WebPage\",\"@id\":\"https:\\\/\\\/mmbobd2.com\\\/product\\\/ecm-titanium-1-61\\\/\",\"url\":\"https:\\\/\\\/mmbobd2.com\\\/product\\\/ecm-titanium-1-61\\\/\",\"name\":\"ECM TITANIUM 1.61 MMB OBD2 SOFTWARE\",\"isPartOf\":{\"@id\":\"https:\\\/\\\/mmbobd2.com\\\/#website\"},\"primaryImageOfPage\":{\"@id\":\"https:\\\/\\\/mmbobd2.com\\\/product\\\/ecm-titanium-1-61\\\/#primaryimage\"},\"image\":{\"@id\":\"https:\\\/\\\/mmbobd2.com\\\/product\\\/ecm-titanium-1-61\\\/#primaryimage\"},\"thumbnailUrl\":\"https:\\\/\\\/i0.wp.com\\\/mmbobd2.com\\\/wp-content\\\/uploads\\\/2023\\\/10\\\/ECMTTT.jpg?fit=1000%2C1000&ssl=1\",\"datePublished\":\"2023-10-10T16:28:51+00:00\",\"dateModified\":\"2026-03-19T18:56:34+00:00\",\"description\":\"D\u00e9couvrez ECM Titanium 1.61, l'outil ultime pour personnaliser les performances de votre moteur. MMB Software Automotive Logiciels\",\"breadcrumb\":{\"@id\":\"https:\\\/\\\/mmbobd2.com\\\/product\\\/ecm-titanium-1-61\\\/#breadcrumb\"},\"inLanguage\":\"en-GB\",\"potentialAction\":[{\"@type\":\"ReadAction\",\"target\":[\"https:\\\/\\\/mmbobd2.com\\\/product\\\/ecm-titanium-1-61\\\/\"]}]},{\"@type\":\"ImageObject\",\"inLanguage\":\"en-GB\",\"@id\":\"https:\\\/\\\/mmbobd2.com\\\/product\\\/ecm-titanium-1-61\\\/#primaryimage\",\"url\":\"https:\\\/\\\/i0.wp.com\\\/mmbobd2.com\\\/wp-content\\\/uploads\\\/2023\\\/10\\\/ECMTTT.jpg?fit=1000%2C1000&ssl=1\",\"contentUrl\":\"https:\\\/\\\/i0.wp.com\\\/mmbobd2.com\\\/wp-content\\\/uploads\\\/2023\\\/10\\\/ECMTTT.jpg?fit=1000%2C1000&ssl=1\",\"width\":1000,\"height\":1000,\"caption\":\"ECM TITANIUM 1.61\"},{\"@type\":\"BreadcrumbList\",\"@id\":\"https:\\\/\\\/mmbobd2.com\\\/product\\\/ecm-titanium-1-61\\\/#breadcrumb\",\"itemListElement\":[{\"@type\":\"ListItem\",\"position\":1,\"name\":\"Accueil\",\"item\":\"https:\\\/\\\/mmbobd2.com\\\/\"},{\"@type\":\"ListItem\",\"position\":2,\"name\":\"Boutique\",\"item\":\"https:\\\/\\\/mmbobd2.com\\\/logiciels-de-diagnostic-automobiles\\\/\"},{\"@type\":\"ListItem\",\"position\":3,\"name\":\"ECM TITANIUM 1.61\"}]},{\"@type\":\"WebSite\",\"@id\":\"https:\\\/\\\/mmbobd2.com\\\/#website\",\"url\":\"https:\\\/\\\/mmbobd2.com\\\/\",\"name\":\"MMB OBD2 SOFTWARE\",\"description\":\"\",\"publisher\":{\"@id\":\"https:\\\/\\\/mmbobd2.com\\\/#organization\"},\"alternateName\":\"mmbsoftauto\",\"potentialAction\":[{\"@type\":\"SearchAction\",\"target\":{\"@type\":\"EntryPoint\",\"urlTemplate\":\"https:\\\/\\\/mmbobd2.com\\\/?s={search_term_string}\"},\"query-input\":{\"@type\":\"PropertyValueSpecification\",\"valueRequired\":true,\"valueName\":\"search_term_string\"}}],\"inLanguage\":\"en-GB\"},{\"@type\":\"Organization\",\"@id\":\"https:\\\/\\\/mmbobd2.com\\\/#organization\",\"name\":\"MMB COMPANY\",\"url\":\"https:\\\/\\\/mmbobd2.com\\\/\",\"logo\":{\"@type\":\"ImageObject\",\"inLanguage\":\"en-GB\",\"@id\":\"https:\\\/\\\/mmbobd2.com\\\/#\\\/schema\\\/logo\\\/image\\\/\",\"url\":\"https:\\\/\\\/mmbobd2.com\\\/wp-content\\\/uploads\\\/2023\\\/10\\\/LOGO-ROND-MMB-200.png\",\"contentUrl\":\"https:\\\/\\\/mmbobd2.com\\\/wp-content\\\/uploads\\\/2023\\\/10\\\/LOGO-ROND-MMB-200.png\",\"width\":200,\"height\":200,\"caption\":\"MMB COMPANY\"},\"image\":{\"@id\":\"https:\\\/\\\/mmbobd2.com\\\/#\\\/schema\\\/logo\\\/image\\\/\"},\"sameAs\":[\"https:\\\/\\\/www.facebook.com\\\/profile.php?id=61552159950965\"]}]}<\/script>\n<!-- \/ Yoast SEO plugin. -->","yoast_head_json":{"title":"ECM TITANIUM 1.61 MMB OBD2 SOFTWARE","description":"D\u00e9couvrez ECM Titanium 1.61, l'outil ultime pour personnaliser les performances de votre moteur. MMB Software Automotive Logiciels","robots":{"index":"index","follow":"follow","max-snippet":"max-snippet:-1","max-image-preview":"max-image-preview:large","max-video-preview":"max-video-preview:-1"},"canonical":"https:\/\/mmbobd2.com\/en\/product\/ecm-titanium-1-61\/","og_locale":"en_GB","og_type":"article","og_title":"ECM Titanium 1.61","og_description":"ECM Titanium 1.61 : L'art de personnaliser les performances du moteur. Plus de puissance, moins de limites. #ECMTitanium #PersonnalisationMoteur #MMBSoftwareAutomotive","og_url":"https:\/\/mmbobd2.com\/en\/product\/ecm-titanium-1-61\/","og_site_name":"MMB OBD2 SOFTWARE","article_publisher":"https:\/\/www.facebook.com\/profile.php?id=61552159950965","article_modified_time":"2026-03-19T18:56:34+00:00","og_image":[{"width":1000,"height":1000,"url":"https:\/\/mmbobd2.com\/wp-content\/uploads\/2023\/10\/ECMTTT.jpg","type":"image\/jpeg"}],"twitter_card":"summary_large_image","twitter_misc":{"Estimated reading time":"2 minutes"},"schema":{"@context":"https:\/\/schema.org","@graph":[{"@type":"WebPage","@id":"https:\/\/mmbobd2.com\/product\/ecm-titanium-1-61\/","url":"https:\/\/mmbobd2.com\/product\/ecm-titanium-1-61\/","name":"ECM TITANIUM 1.61 MMB OBD2 SOFTWARE","isPartOf":{"@id":"https:\/\/mmbobd2.com\/#website"},"primaryImageOfPage":{"@id":"https:\/\/mmbobd2.com\/product\/ecm-titanium-1-61\/#primaryimage"},"image":{"@id":"https:\/\/mmbobd2.com\/product\/ecm-titanium-1-61\/#primaryimage"},"thumbnailUrl":"https:\/\/i0.wp.com\/mmbobd2.com\/wp-content\/uploads\/2023\/10\/ECMTTT.jpg?fit=1000%2C1000&ssl=1","datePublished":"2023-10-10T16:28:51+00:00","dateModified":"2026-03-19T18:56:34+00:00","description":"D\u00e9couvrez ECM Titanium 1.61, l'outil ultime pour personnaliser les performances de votre moteur. MMB Software Automotive Logiciels","breadcrumb":{"@id":"https:\/\/mmbobd2.com\/product\/ecm-titanium-1-61\/#breadcrumb"},"inLanguage":"en-GB","potentialAction":[{"@type":"ReadAction","target":["https:\/\/mmbobd2.com\/product\/ecm-titanium-1-61\/"]}]},{"@type":"ImageObject","inLanguage":"en-GB","@id":"https:\/\/mmbobd2.com\/product\/ecm-titanium-1-61\/#primaryimage","url":"https:\/\/i0.wp.com\/mmbobd2.com\/wp-content\/uploads\/2023\/10\/ECMTTT.jpg?fit=1000%2C1000&ssl=1","contentUrl":"https:\/\/i0.wp.com\/mmbobd2.com\/wp-content\/uploads\/2023\/10\/ECMTTT.jpg?fit=1000%2C1000&ssl=1","width":1000,"height":1000,"caption":"ECM TITANIUM 1.61"},{"@type":"BreadcrumbList","@id":"https:\/\/mmbobd2.com\/product\/ecm-titanium-1-61\/#breadcrumb","itemListElement":[{"@type":"ListItem","position":1,"name":"Accueil","item":"https:\/\/mmbobd2.com\/"},{"@type":"ListItem","position":2,"name":"Boutique","item":"https:\/\/mmbobd2.com\/logiciels-de-diagnostic-automobiles\/"},{"@type":"ListItem","position":3,"name":"ECM TITANIUM 1.61"}]},{"@type":"WebSite","@id":"https:\/\/mmbobd2.com\/#website","url":"https:\/\/mmbobd2.com\/","name":"MMB OBD2 SOFTWARE","description":"","publisher":{"@id":"https:\/\/mmbobd2.com\/#organization"},"alternateName":"mmbsoftauto","potentialAction":[{"@type":"SearchAction","target":{"@type":"EntryPoint","urlTemplate":"https:\/\/mmbobd2.com\/?s={search_term_string}"},"query-input":{"@type":"PropertyValueSpecification","valueRequired":true,"valueName":"search_term_string"}}],"inLanguage":"en-GB"},{"@type":"Organization","@id":"https:\/\/mmbobd2.com\/#organization","name":"MMB COMPANY","url":"https:\/\/mmbobd2.com\/","logo":{"@type":"ImageObject","inLanguage":"en-GB","@id":"https:\/\/mmbobd2.com\/#\/schema\/logo\/image\/","url":"https:\/\/mmbobd2.com\/wp-content\/uploads\/2023\/10\/LOGO-ROND-MMB-200.png","contentUrl":"https:\/\/mmbobd2.com\/wp-content\/uploads\/2023\/10\/LOGO-ROND-MMB-200.png","width":200,"height":200,"caption":"MMB COMPANY"},"image":{"@id":"https:\/\/mmbobd2.com\/#\/schema\/logo\/image\/"},"sameAs":["https:\/\/www.facebook.com\/profile.php?id=61552159950965"]}]}},"_links":{"self":[{"href":"https:\/\/mmbobd2.com\/en\/wp-json\/wp\/v2\/product\/382","targetHints":{"allow":["GET"]}}],"collection":[{"href":"https:\/\/mmbobd2.com\/en\/wp-json\/wp\/v2\/product"}],"about":[{"href":"https:\/\/mmbobd2.com\/en\/wp-json\/wp\/v2\/types\/product"}],"wp:featuredmedia":[{"embeddable":true,"href":"https:\/\/mmbobd2.com\/en\/wp-json\/wp\/v2\/media\/383"}],"wp:attachment":[{"href":"https:\/\/mmbobd2.com\/en\/wp-json\/wp\/v2\/media?parent=382"}],"wp:term":[{"taxonomy":"product_brand","embeddable":true,"href":"https:\/\/mmbobd2.com\/en\/wp-json\/wp\/v2\/product_brand?post=382"},{"taxonomy":"product_cat","embeddable":true,"href":"https:\/\/mmbobd2.com\/en\/wp-json\/wp\/v2\/product_cat?post=382"},{"taxonomy":"product_tag","embeddable":true,"href":"https:\/\/mmbobd2.com\/en\/wp-json\/wp\/v2\/product_tag?post=382"}],"curies":[{"name":"wp","href":"https:\/\/api.w.org\/{rel}","templated":true}]}}