{"id":389,"date":"2023-10-10T18:21:29","date_gmt":"2023-10-10T18:21:29","guid":{"rendered":"https:\/\/mmbobd2.com\/?post_type=product&#038;p=389"},"modified":"2023-11-08T16:06:43","modified_gmt":"2023-11-08T16:06:43","slug":"mercedes-benz-wis-asra","status":"publish","type":"product","link":"https:\/\/mmbobd2.com\/en\/product\/mercedes-benz-wis-asra\/","title":{"rendered":"Mercedes-Benz WIS \/ ASRA"},"content":{"rendered":"<h2 style=\"text-align: center;\"><strong>MERCEDES-BENS WIS \/ ASRA<\/strong><\/h2>\n<p>&nbsp;<\/p>\n<h4><strong>Votre Guide Complet de R\u00e9paration Mercedes-Benz<\/strong><\/h4>\n<p><em data-moz-translations-id=\"0\">Une Base d&rsquo;Information Compl\u00e8te<\/em> Mercedes Wis \/ Asra Net est bien plus qu&rsquo;une simple base de donn\u00e9es. C&rsquo;est une ressource inestimable pour quiconque souhaite r\u00e9parer et entretenir des v\u00e9hicules Mercedes-Benz. Cette base de donn\u00e9es couvre une vaste gamme de v\u00e9hicules, des voitures de tourisme aux camions, en passant par les utilitaires l\u00e9gers et les bus. Elle fournit des informations d\u00e9taill\u00e9es sur la r\u00e9paration de toutes les unit\u00e9s. Qu&rsquo;il s&rsquo;agisse de composants \u00e9lectriques, de moteurs ou de bo\u00eetes de vitesses. Que vous soyez un professionnel de l&rsquo;automobile ou un amateur, vous trouverez tout ce dont vous avez besoin pour entretenir votre Mercedes.<\/p>\n<p><em>Mod\u00e8les Vari\u00e9s<\/em> Mercedes Wis \/ Asra Net <a href=\"https:\/\/mmbobd2.com\/en\/product-category\/software-reprogrammation-auto\/diagnostic-automobiles\/epc-et-manuels-de-reparation-auto\/\">couvre<\/a> tous les mod\u00e8les de voitures et de camions Mercedes-Benz, y compris les Smart, Maybach, les bus et les mod\u00e8les sp\u00e9ciaux. Peu importe le mod\u00e8le que vous poss\u00e9dez, cette base de donn\u00e9es \u00e9lectronique vous fournira des manuels de diagnostic. Des informations sur la r\u00e9paration de la carrosserie, des d\u00e9tails sur les transmissions m\u00e9caniques et automatiques, ainsi que des informations sur le calcul du taux horaire. Vous aurez tout ce dont vous avez besoin pour r\u00e9soudre les probl\u00e8mes de votre Mercedes.<\/p>\n<p><em>Instructions Compl\u00e8tes<\/em> Ce catalogue de r\u00e9paration de <a href=\"https:\/\/fr.wikipedia.org\/wiki\/Maybach\">Mercedes-Benz<\/a> propose des instructions d\u00e9taill\u00e9es pour le montage. Le d\u00e9montage, le d\u00e9mant\u00e8lement et l&rsquo;assemblage des composants et des assemblages de votre v\u00e9hicule. Il comprend \u00e9galement des diagrammes \u00e9lectriques complets, des informations sur les dimensions du corps et des manuels de r\u00e9paration de la carrosserie. Vous aurez toutes les informations n\u00e9cessaires pour effectuer des r\u00e9parations de mani\u00e8re professionnelle.<\/p>\n<p><strong>Syst\u00e8me d&rsquo;information sur l&rsquo;atelier<\/strong><br \/>\n<strong>Mise \u00e0 jour: 10.2020<\/strong><br \/>\n<strong>R\u00e9gion: toutes les r\u00e9gions<\/strong><br \/>\n<strong>Type: Manuel de r\u00e9paration Mercedes-Benz, maintenance, diagrammes de c\u00e2blage (voitures, bus, camions)<\/strong><br \/>\n<strong>Langue: anglais, chinois, fran\u00e7ais, italien, allemand, japonais, polonais, portugais, russe, espagnol, turc<\/strong><br \/>\n<strong>SO: Win 10, Win 8, Win 7, Win Vista, Win XP<\/strong><\/p>\n<p>&nbsp;<\/p>","protected":false},"excerpt":{"rendered":"<p>Votre guide complet pour la r\u00e9paration de tous les mod\u00e8les Mercedes-Benz. Des manuels aux sch\u00e9mas \u00e9lectriques, tout est l\u00e0 !<\/p>","protected":false},"featured_media":390,"template":"","meta":[],"product_brand":[],"product_cat":[18],"product_tag":[],"class_list":{"0":"post-389","1":"product","2":"type-product","3":"status-publish","4":"has-post-thumbnail","6":"product_cat-epc-et-manuels-de-reparation-auto","8":"first","9":"instock","10":"downloadable","11":"virtual","12":"purchasable","13":"product-type-simple"},"yoast_head":"<!-- This site is optimized with the Yoast SEO plugin v27.4 - https:\/\/yoast.com\/product\/yoast-seo-wordpress\/ -->\n<title>Mercedes-Benz WIS \/ ASRA MMB OBD2 SOFTWARE<\/title>\n<meta name=\"description\" content=\"Mercedes Wis \/ Asra Net : Votre guide complet pour la r\u00e9paration de tous les mod\u00e8les Mercedes-Benz. Des manuels aux sch\u00e9mas \u00e9lectriques, tout est l\u00e0 !\" \/>\n<meta name=\"robots\" content=\"index, follow, max-snippet:-1, max-image-preview:large, max-video-preview:-1\" \/>\n<link rel=\"canonical\" href=\"https:\/\/mmbobd2.com\/en\/product\/mercedes-benz-wis-asra\/\" \/>\n<meta property=\"og:locale\" content=\"en_GB\" \/>\n<meta property=\"og:type\" content=\"article\" \/>\n<meta property=\"og:title\" content=\"Mercedes Wis \/ Asra\" \/>\n<meta property=\"og:description\" content=\"D\u00e9couvrez Mercedes Wis \/ Asra Net : la ressource ultime pour la r\u00e9paration de votre Mercedes-Benz. Des informations d\u00e9taill\u00e9es pour tous les mod\u00e8les ! #MercedesWis #R\u00e9parationAuto #MMBSoftwareAutomotive\" \/>\n<meta property=\"og:url\" content=\"https:\/\/mmbobd2.com\/en\/product\/mercedes-benz-wis-asra\/\" \/>\n<meta property=\"og:site_name\" content=\"MMB OBD2 SOFTWARE\" \/>\n<meta property=\"article:publisher\" content=\"https:\/\/www.facebook.com\/profile.php?id=61552159950965\" \/>\n<meta property=\"article:modified_time\" content=\"2023-11-08T16:06:43+00:00\" \/>\n<meta property=\"og:image\" content=\"https:\/\/mmbobd2.com\/wp-content\/uploads\/2023\/10\/EPC.jpg\" \/>\n\t<meta property=\"og:image:width\" content=\"1000\" \/>\n\t<meta property=\"og:image:height\" content=\"1000\" \/>\n\t<meta property=\"og:image:type\" content=\"image\/jpeg\" \/>\n<meta name=\"twitter:card\" content=\"summary_large_image\" \/>\n<meta name=\"twitter:label1\" content=\"Estimated reading time\" \/>\n\t<meta name=\"twitter:data1\" content=\"2 minutes\" \/>\n<script type=\"application\/ld+json\" class=\"yoast-schema-graph\">{\"@context\":\"https:\\\/\\\/schema.org\",\"@graph\":[{\"@type\":\"WebPage\",\"@id\":\"https:\\\/\\\/mmbobd2.com\\\/product\\\/mercedes-benz-wis-asra\\\/\",\"url\":\"https:\\\/\\\/mmbobd2.com\\\/product\\\/mercedes-benz-wis-asra\\\/\",\"name\":\"Mercedes-Benz WIS \\\/ ASRA MMB OBD2 SOFTWARE\",\"isPartOf\":{\"@id\":\"https:\\\/\\\/mmbobd2.com\\\/#website\"},\"primaryImageOfPage\":{\"@id\":\"https:\\\/\\\/mmbobd2.com\\\/product\\\/mercedes-benz-wis-asra\\\/#primaryimage\"},\"image\":{\"@id\":\"https:\\\/\\\/mmbobd2.com\\\/product\\\/mercedes-benz-wis-asra\\\/#primaryimage\"},\"thumbnailUrl\":\"https:\\\/\\\/i0.wp.com\\\/mmbobd2.com\\\/wp-content\\\/uploads\\\/2023\\\/10\\\/EPC.jpg?fit=1000%2C1000&ssl=1\",\"datePublished\":\"2023-10-10T18:21:29+00:00\",\"dateModified\":\"2023-11-08T16:06:43+00:00\",\"description\":\"Mercedes Wis \\\/ Asra Net : Votre guide complet pour la r\u00e9paration de tous les mod\u00e8les Mercedes-Benz. Des manuels aux sch\u00e9mas \u00e9lectriques, tout est l\u00e0 !\",\"breadcrumb\":{\"@id\":\"https:\\\/\\\/mmbobd2.com\\\/product\\\/mercedes-benz-wis-asra\\\/#breadcrumb\"},\"inLanguage\":\"en-GB\",\"potentialAction\":[{\"@type\":\"ReadAction\",\"target\":[\"https:\\\/\\\/mmbobd2.com\\\/product\\\/mercedes-benz-wis-asra\\\/\"]}]},{\"@type\":\"ImageObject\",\"inLanguage\":\"en-GB\",\"@id\":\"https:\\\/\\\/mmbobd2.com\\\/product\\\/mercedes-benz-wis-asra\\\/#primaryimage\",\"url\":\"https:\\\/\\\/i0.wp.com\\\/mmbobd2.com\\\/wp-content\\\/uploads\\\/2023\\\/10\\\/EPC.jpg?fit=1000%2C1000&ssl=1\",\"contentUrl\":\"https:\\\/\\\/i0.wp.com\\\/mmbobd2.com\\\/wp-content\\\/uploads\\\/2023\\\/10\\\/EPC.jpg?fit=1000%2C1000&ssl=1\",\"width\":1000,\"height\":1000,\"caption\":\"Mercedes-Benz WIS \\\/ ASRA\"},{\"@type\":\"BreadcrumbList\",\"@id\":\"https:\\\/\\\/mmbobd2.com\\\/product\\\/mercedes-benz-wis-asra\\\/#breadcrumb\",\"itemListElement\":[{\"@type\":\"ListItem\",\"position\":1,\"name\":\"Accueil\",\"item\":\"https:\\\/\\\/mmbobd2.com\\\/\"},{\"@type\":\"ListItem\",\"position\":2,\"name\":\"Boutique\",\"item\":\"https:\\\/\\\/mmbobd2.com\\\/logiciels-de-diagnostic-automobiles\\\/\"},{\"@type\":\"ListItem\",\"position\":3,\"name\":\"Mercedes-Benz WIS \\\/ ASRA\"}]},{\"@type\":\"WebSite\",\"@id\":\"https:\\\/\\\/mmbobd2.com\\\/#website\",\"url\":\"https:\\\/\\\/mmbobd2.com\\\/\",\"name\":\"MMB OBD2 SOFTWARE\",\"description\":\"\",\"publisher\":{\"@id\":\"https:\\\/\\\/mmbobd2.com\\\/#organization\"},\"alternateName\":\"mmbsoftauto\",\"potentialAction\":[{\"@type\":\"SearchAction\",\"target\":{\"@type\":\"EntryPoint\",\"urlTemplate\":\"https:\\\/\\\/mmbobd2.com\\\/?s={search_term_string}\"},\"query-input\":{\"@type\":\"PropertyValueSpecification\",\"valueRequired\":true,\"valueName\":\"search_term_string\"}}],\"inLanguage\":\"en-GB\"},{\"@type\":\"Organization\",\"@id\":\"https:\\\/\\\/mmbobd2.com\\\/#organization\",\"name\":\"MMB COMPANY\",\"url\":\"https:\\\/\\\/mmbobd2.com\\\/\",\"logo\":{\"@type\":\"ImageObject\",\"inLanguage\":\"en-GB\",\"@id\":\"https:\\\/\\\/mmbobd2.com\\\/#\\\/schema\\\/logo\\\/image\\\/\",\"url\":\"https:\\\/\\\/mmbobd2.com\\\/wp-content\\\/uploads\\\/2023\\\/10\\\/LOGO-ROND-MMB-200.png\",\"contentUrl\":\"https:\\\/\\\/mmbobd2.com\\\/wp-content\\\/uploads\\\/2023\\\/10\\\/LOGO-ROND-MMB-200.png\",\"width\":200,\"height\":200,\"caption\":\"MMB COMPANY\"},\"image\":{\"@id\":\"https:\\\/\\\/mmbobd2.com\\\/#\\\/schema\\\/logo\\\/image\\\/\"},\"sameAs\":[\"https:\\\/\\\/www.facebook.com\\\/profile.php?id=61552159950965\"]}]}<\/script>\n<!-- \/ Yoast SEO plugin. -->","yoast_head_json":{"title":"Mercedes-Benz WIS \/ ASRA MMB OBD2 SOFTWARE","description":"Mercedes Wis \/ Asra Net : Votre guide complet pour la r\u00e9paration de tous les mod\u00e8les Mercedes-Benz. Des manuels aux sch\u00e9mas \u00e9lectriques, tout est l\u00e0 !","robots":{"index":"index","follow":"follow","max-snippet":"max-snippet:-1","max-image-preview":"max-image-preview:large","max-video-preview":"max-video-preview:-1"},"canonical":"https:\/\/mmbobd2.com\/en\/product\/mercedes-benz-wis-asra\/","og_locale":"en_GB","og_type":"article","og_title":"Mercedes Wis \/ Asra","og_description":"D\u00e9couvrez Mercedes Wis \/ Asra Net : la ressource ultime pour la r\u00e9paration de votre Mercedes-Benz. Des informations d\u00e9taill\u00e9es pour tous les mod\u00e8les ! #MercedesWis #R\u00e9parationAuto #MMBSoftwareAutomotive","og_url":"https:\/\/mmbobd2.com\/en\/product\/mercedes-benz-wis-asra\/","og_site_name":"MMB OBD2 SOFTWARE","article_publisher":"https:\/\/www.facebook.com\/profile.php?id=61552159950965","article_modified_time":"2023-11-08T16:06:43+00:00","og_image":[{"width":1000,"height":1000,"url":"https:\/\/mmbobd2.com\/wp-content\/uploads\/2023\/10\/EPC.jpg","type":"image\/jpeg"}],"twitter_card":"summary_large_image","twitter_misc":{"Estimated reading time":"2 minutes"},"schema":{"@context":"https:\/\/schema.org","@graph":[{"@type":"WebPage","@id":"https:\/\/mmbobd2.com\/product\/mercedes-benz-wis-asra\/","url":"https:\/\/mmbobd2.com\/product\/mercedes-benz-wis-asra\/","name":"Mercedes-Benz WIS \/ ASRA MMB OBD2 SOFTWARE","isPartOf":{"@id":"https:\/\/mmbobd2.com\/#website"},"primaryImageOfPage":{"@id":"https:\/\/mmbobd2.com\/product\/mercedes-benz-wis-asra\/#primaryimage"},"image":{"@id":"https:\/\/mmbobd2.com\/product\/mercedes-benz-wis-asra\/#primaryimage"},"thumbnailUrl":"https:\/\/i0.wp.com\/mmbobd2.com\/wp-content\/uploads\/2023\/10\/EPC.jpg?fit=1000%2C1000&ssl=1","datePublished":"2023-10-10T18:21:29+00:00","dateModified":"2023-11-08T16:06:43+00:00","description":"Mercedes Wis \/ Asra Net : Votre guide complet pour la r\u00e9paration de tous les mod\u00e8les Mercedes-Benz. Des manuels aux sch\u00e9mas \u00e9lectriques, tout est l\u00e0 !","breadcrumb":{"@id":"https:\/\/mmbobd2.com\/product\/mercedes-benz-wis-asra\/#breadcrumb"},"inLanguage":"en-GB","potentialAction":[{"@type":"ReadAction","target":["https:\/\/mmbobd2.com\/product\/mercedes-benz-wis-asra\/"]}]},{"@type":"ImageObject","inLanguage":"en-GB","@id":"https:\/\/mmbobd2.com\/product\/mercedes-benz-wis-asra\/#primaryimage","url":"https:\/\/i0.wp.com\/mmbobd2.com\/wp-content\/uploads\/2023\/10\/EPC.jpg?fit=1000%2C1000&ssl=1","contentUrl":"https:\/\/i0.wp.com\/mmbobd2.com\/wp-content\/uploads\/2023\/10\/EPC.jpg?fit=1000%2C1000&ssl=1","width":1000,"height":1000,"caption":"Mercedes-Benz WIS \/ ASRA"},{"@type":"BreadcrumbList","@id":"https:\/\/mmbobd2.com\/product\/mercedes-benz-wis-asra\/#breadcrumb","itemListElement":[{"@type":"ListItem","position":1,"name":"Accueil","item":"https:\/\/mmbobd2.com\/"},{"@type":"ListItem","position":2,"name":"Boutique","item":"https:\/\/mmbobd2.com\/logiciels-de-diagnostic-automobiles\/"},{"@type":"ListItem","position":3,"name":"Mercedes-Benz WIS \/ ASRA"}]},{"@type":"WebSite","@id":"https:\/\/mmbobd2.com\/#website","url":"https:\/\/mmbobd2.com\/","name":"MMB OBD2 SOFTWARE","description":"","publisher":{"@id":"https:\/\/mmbobd2.com\/#organization"},"alternateName":"mmbsoftauto","potentialAction":[{"@type":"SearchAction","target":{"@type":"EntryPoint","urlTemplate":"https:\/\/mmbobd2.com\/?s={search_term_string}"},"query-input":{"@type":"PropertyValueSpecification","valueRequired":true,"valueName":"search_term_string"}}],"inLanguage":"en-GB"},{"@type":"Organization","@id":"https:\/\/mmbobd2.com\/#organization","name":"MMB COMPANY","url":"https:\/\/mmbobd2.com\/","logo":{"@type":"ImageObject","inLanguage":"en-GB","@id":"https:\/\/mmbobd2.com\/#\/schema\/logo\/image\/","url":"https:\/\/mmbobd2.com\/wp-content\/uploads\/2023\/10\/LOGO-ROND-MMB-200.png","contentUrl":"https:\/\/mmbobd2.com\/wp-content\/uploads\/2023\/10\/LOGO-ROND-MMB-200.png","width":200,"height":200,"caption":"MMB COMPANY"},"image":{"@id":"https:\/\/mmbobd2.com\/#\/schema\/logo\/image\/"},"sameAs":["https:\/\/www.facebook.com\/profile.php?id=61552159950965"]}]}},"_links":{"self":[{"href":"https:\/\/mmbobd2.com\/en\/wp-json\/wp\/v2\/product\/389","targetHints":{"allow":["GET"]}}],"collection":[{"href":"https:\/\/mmbobd2.com\/en\/wp-json\/wp\/v2\/product"}],"about":[{"href":"https:\/\/mmbobd2.com\/en\/wp-json\/wp\/v2\/types\/product"}],"wp:featuredmedia":[{"embeddable":true,"href":"https:\/\/mmbobd2.com\/en\/wp-json\/wp\/v2\/media\/390"}],"wp:attachment":[{"href":"https:\/\/mmbobd2.com\/en\/wp-json\/wp\/v2\/media?parent=389"}],"wp:term":[{"taxonomy":"product_brand","embeddable":true,"href":"https:\/\/mmbobd2.com\/en\/wp-json\/wp\/v2\/product_brand?post=389"},{"taxonomy":"product_cat","embeddable":true,"href":"https:\/\/mmbobd2.com\/en\/wp-json\/wp\/v2\/product_cat?post=389"},{"taxonomy":"product_tag","embeddable":true,"href":"https:\/\/mmbobd2.com\/en\/wp-json\/wp\/v2\/product_tag?post=389"}],"curies":[{"name":"wp","href":"https:\/\/api.w.org\/{rel}","templated":true}]}}