{"id":399,"date":"2023-10-10T19:15:02","date_gmt":"2023-10-10T19:15:02","guid":{"rendered":"https:\/\/mmbobd2.com\/?post_type=product&#038;p=399"},"modified":"2023-11-06T22:50:26","modified_gmt":"2023-11-06T22:50:26","slug":"hardcut-limiter-pop-bang","status":"publish","type":"product","link":"https:\/\/mmbobd2.com\/en\/product\/hardcut-limiter-pop-bang\/","title":{"rendered":"HARDCUT LIMITER\u00a0 AND\u00a0 POP &#038; BANG"},"content":{"rendered":"<h2 style=\"text-align: center;\"><strong>HARDCUT LIMITER POP &amp; BANG<\/strong><\/h2>\n<p>&nbsp;<\/p>\n<h4>Liste des calculateurs pris en charge\u00a0:<\/h4>\n<p>VAG EDC16 1.9 \/ 2.0 TDI PD<br \/>\nVAG EDC17 CP14 \/ CP20 \/ C46 \/ C54 \/ C64<br \/>\nVAG \/ Porsche 2.7 \/ 3.0 TDI CR \u2013 EDC17 CP04 \/ CP14 \/CP44<br \/>\nVAG PCR2.1 \u2013 1.6 TDI CR HardCut &amp; Launch Control 2500 Rpm<br \/>\nVAG 1.2 TDI \u2013 Delphi DCM 3.7 -NEW-<br \/>\nVAG Siemens\/Continental PPD \/ PCR1<br \/>\nVAG EDC16 2.7 \/ 3.0 TDI CR<br \/>\nVAG EDC17 U01 \/ U05 -New Solution-<br \/>\nBMW \/ LAND ROVER EDC15C4 DDE4 + Launch Control 2500 rpm<br \/>\nBMW EDC17 CP02 \/ CP09 \/ C06 \/ C41 \/ C45 \/ C50<br \/>\nBMW EDC16 C31 \/ C35<br \/>\nPSA \/ FORD EDC17C10<br \/>\nPSA \/ FORD 1.6 HDI \/ 1.6 TDCI EDC16C34<br \/>\nMercedes EDC16C31<br \/>\nFIAT \/ FORD \/ OPEL \/ PSA 1.3 JTD Multijet \/ CDTI \/ HDI Marelli MJD 6\/8<br \/>\nKIA \/ Hyundai EDC17C08<br \/>\nOpel \/ Vauxhall PSG 16 Rev Limiter<br \/>\nOpel \/ Vauxhall EDC16 C9 \/C39<br \/>\nOpel \/ Vauxhall EDC17 C01 \/ C18 \/ C19<br \/>\nOpel \/ Vauxhall \/ RENAULT \/ DACIA \/ SUZUKI \/ EDC16 C3 \/ CP33 \/ <a href=\"https:\/\/mmbobd2.com\/en\/product-category\/software-reprogrammation-auto\/\">C36<\/a><\/p>\n<p>quantit\u00e9 de Hardcut Limiter et Pops and <a href=\"https:\/\/www.maserati.com\/fr\/fr\/shopping-tools\/web-to-lead-td?utm_campaign=fr_conv_lead_ao_range_paidsearch&amp;utm_source=google_adw&amp;utm_medium=paidsearch&amp;utm_content=:fr_fr&amp;campaignName=7017T000000YUb3&amp;wtl_source=https:\/\/www.maserati.com\/fr\/fr\/shopping-tools\/web-to-lead-td?utm_campaign=fr_conv_lead_ao_range_paidsearch&amp;utm_source=google_adw&amp;utm_medium=paidsearch&amp;utm_content=:fr_fr&amp;campaignName=7017T000000YUb3&amp;wtl_source=google_adw_paidsearch_prosp&amp;gad=1&amp;gclid=Cj0KCQjw7JOpBhCfARIsAL3bobecM4uJIzg_qB3irdHY6OdO3FH8RpLlnEsvwwne0s9IDHUOoEgo1VAaAtI6EALw_wcB&amp;gclsrc=aw.ds\">bangs<\/a><\/p>\n<p>HARDCUT LIMITER\u00a0POP BANG<\/p>","protected":false},"excerpt":{"rendered":"<p>Am\u00e9liorez les performances de votre voiture avec le Hardcut Limiter Pop Bang. Vivez une exp\u00e9rience de conduite in\u00e9gal\u00e9e.<\/p>","protected":false},"featured_media":400,"template":"","meta":[],"product_brand":[],"product_cat":[17],"product_tag":[],"class_list":{"0":"post-399","1":"product","2":"type-product","3":"status-publish","4":"has-post-thumbnail","6":"product_cat-software-reprogrammation-auto","8":"first","9":"instock","10":"downloadable","11":"virtual","12":"purchasable","13":"product-type-simple"},"yoast_head":"<!-- This site is optimized with the Yoast SEO plugin v27.3 - https:\/\/yoast.com\/product\/yoast-seo-wordpress\/ -->\n<title>HARDCUT LIMITER\u00a0POP BANG MMB OBD2 SOFTWARE<\/title>\n<meta name=\"description\" content=\"Am\u00e9liorez les performances de votre voiture avec le Hardcut Limiter Pop Bang. Vivez une exp\u00e9rience de conduite in\u00e9gal\u00e9e. MMB Software Automotive\" \/>\n<meta name=\"robots\" content=\"index, follow, max-snippet:-1, max-image-preview:large, max-video-preview:-1\" \/>\n<link rel=\"canonical\" href=\"https:\/\/mmbobd2.com\/en\/product\/hardcut-limiter-pop-bang\/\" \/>\n<meta property=\"og:locale\" content=\"en_GB\" \/>\n<meta property=\"og:type\" content=\"article\" \/>\n<meta property=\"og:title\" content=\"HARDCUT LIMITER\u00a0 AND\u00a0 POP &amp; BANG\" \/>\n<meta property=\"og:description\" content=\"D\u00e9couvrez le Hardcut Limiter Pop Bang pour une exp\u00e9rience de conduite ultime. Lib\u00e9rez la puissance de votre voiture ! #PerformanceAuto #HardcutLimiter #MMBSoftwareAutomotive\" \/>\n<meta property=\"og:url\" content=\"https:\/\/mmbobd2.com\/en\/product\/hardcut-limiter-pop-bang\/\" \/>\n<meta property=\"og:site_name\" content=\"MMB OBD2 SOFTWARE\" \/>\n<meta property=\"article:publisher\" content=\"https:\/\/www.facebook.com\/profile.php?id=61552159950965\" \/>\n<meta property=\"article:modified_time\" content=\"2023-11-06T22:50:26+00:00\" \/>\n<meta property=\"og:image\" content=\"https:\/\/mmbobd2.com\/wp-content\/uploads\/2023\/10\/HARDCUT-LIMITER-AND-POP-BANG.jpg\" \/>\n\t<meta property=\"og:image:width\" content=\"1000\" \/>\n\t<meta property=\"og:image:height\" content=\"1000\" \/>\n\t<meta property=\"og:image:type\" content=\"image\/jpeg\" \/>\n<meta name=\"twitter:card\" content=\"summary_large_image\" \/>\n<meta name=\"twitter:label1\" content=\"Estimated reading time\" \/>\n\t<meta name=\"twitter:data1\" content=\"1 minute\" \/>\n<script type=\"application\/ld+json\" class=\"yoast-schema-graph\">{\"@context\":\"https:\\\/\\\/schema.org\",\"@graph\":[{\"@type\":\"WebPage\",\"@id\":\"https:\\\/\\\/mmbobd2.com\\\/product\\\/hardcut-limiter-pop-bang\\\/\",\"url\":\"https:\\\/\\\/mmbobd2.com\\\/product\\\/hardcut-limiter-pop-bang\\\/\",\"name\":\"HARDCUT LIMITER\u00a0POP BANG MMB OBD2 SOFTWARE\",\"isPartOf\":{\"@id\":\"https:\\\/\\\/mmbobd2.com\\\/#website\"},\"primaryImageOfPage\":{\"@id\":\"https:\\\/\\\/mmbobd2.com\\\/product\\\/hardcut-limiter-pop-bang\\\/#primaryimage\"},\"image\":{\"@id\":\"https:\\\/\\\/mmbobd2.com\\\/product\\\/hardcut-limiter-pop-bang\\\/#primaryimage\"},\"thumbnailUrl\":\"https:\\\/\\\/i0.wp.com\\\/mmbobd2.com\\\/wp-content\\\/uploads\\\/2023\\\/10\\\/HARDCUT-LIMITER-AND-POP-BANG.jpg?fit=1000%2C1000&ssl=1\",\"datePublished\":\"2023-10-10T19:15:02+00:00\",\"dateModified\":\"2023-11-06T22:50:26+00:00\",\"description\":\"Am\u00e9liorez les performances de votre voiture avec le Hardcut Limiter Pop Bang. Vivez une exp\u00e9rience de conduite in\u00e9gal\u00e9e. MMB Software Automotive\",\"breadcrumb\":{\"@id\":\"https:\\\/\\\/mmbobd2.com\\\/product\\\/hardcut-limiter-pop-bang\\\/#breadcrumb\"},\"inLanguage\":\"en-GB\",\"potentialAction\":[{\"@type\":\"ReadAction\",\"target\":[\"https:\\\/\\\/mmbobd2.com\\\/product\\\/hardcut-limiter-pop-bang\\\/\"]}]},{\"@type\":\"ImageObject\",\"inLanguage\":\"en-GB\",\"@id\":\"https:\\\/\\\/mmbobd2.com\\\/product\\\/hardcut-limiter-pop-bang\\\/#primaryimage\",\"url\":\"https:\\\/\\\/i0.wp.com\\\/mmbobd2.com\\\/wp-content\\\/uploads\\\/2023\\\/10\\\/HARDCUT-LIMITER-AND-POP-BANG.jpg?fit=1000%2C1000&ssl=1\",\"contentUrl\":\"https:\\\/\\\/i0.wp.com\\\/mmbobd2.com\\\/wp-content\\\/uploads\\\/2023\\\/10\\\/HARDCUT-LIMITER-AND-POP-BANG.jpg?fit=1000%2C1000&ssl=1\",\"width\":1000,\"height\":1000,\"caption\":\"HARDCUT LIMITER\u00a0 AND\u00a0 POP & BANG\"},{\"@type\":\"BreadcrumbList\",\"@id\":\"https:\\\/\\\/mmbobd2.com\\\/product\\\/hardcut-limiter-pop-bang\\\/#breadcrumb\",\"itemListElement\":[{\"@type\":\"ListItem\",\"position\":1,\"name\":\"Accueil\",\"item\":\"https:\\\/\\\/mmbobd2.com\\\/\"},{\"@type\":\"ListItem\",\"position\":2,\"name\":\"Boutique\",\"item\":\"https:\\\/\\\/mmbobd2.com\\\/logiciels-de-diagnostic-automobiles\\\/\"},{\"@type\":\"ListItem\",\"position\":3,\"name\":\"HARDCUT LIMITER\u00a0 AND\u00a0 POP &#038; BANG\"}]},{\"@type\":\"WebSite\",\"@id\":\"https:\\\/\\\/mmbobd2.com\\\/#website\",\"url\":\"https:\\\/\\\/mmbobd2.com\\\/\",\"name\":\"MMB OBD2 SOFTWARE\",\"description\":\"\",\"publisher\":{\"@id\":\"https:\\\/\\\/mmbobd2.com\\\/#organization\"},\"alternateName\":\"mmbsoftauto\",\"potentialAction\":[{\"@type\":\"SearchAction\",\"target\":{\"@type\":\"EntryPoint\",\"urlTemplate\":\"https:\\\/\\\/mmbobd2.com\\\/?s={search_term_string}\"},\"query-input\":{\"@type\":\"PropertyValueSpecification\",\"valueRequired\":true,\"valueName\":\"search_term_string\"}}],\"inLanguage\":\"en-GB\"},{\"@type\":\"Organization\",\"@id\":\"https:\\\/\\\/mmbobd2.com\\\/#organization\",\"name\":\"MMB COMPANY\",\"url\":\"https:\\\/\\\/mmbobd2.com\\\/\",\"logo\":{\"@type\":\"ImageObject\",\"inLanguage\":\"en-GB\",\"@id\":\"https:\\\/\\\/mmbobd2.com\\\/#\\\/schema\\\/logo\\\/image\\\/\",\"url\":\"https:\\\/\\\/mmbobd2.com\\\/wp-content\\\/uploads\\\/2023\\\/10\\\/LOGO-ROND-MMB-200.png\",\"contentUrl\":\"https:\\\/\\\/mmbobd2.com\\\/wp-content\\\/uploads\\\/2023\\\/10\\\/LOGO-ROND-MMB-200.png\",\"width\":200,\"height\":200,\"caption\":\"MMB COMPANY\"},\"image\":{\"@id\":\"https:\\\/\\\/mmbobd2.com\\\/#\\\/schema\\\/logo\\\/image\\\/\"},\"sameAs\":[\"https:\\\/\\\/www.facebook.com\\\/profile.php?id=61552159950965\"]}]}<\/script>\n<!-- \/ Yoast SEO plugin. -->","yoast_head_json":{"title":"HARDCUT LIMITER\u00a0POP BANG MMB OBD2 SOFTWARE","description":"Am\u00e9liorez les performances de votre voiture avec le Hardcut Limiter Pop Bang. Vivez une exp\u00e9rience de conduite in\u00e9gal\u00e9e. MMB Software Automotive","robots":{"index":"index","follow":"follow","max-snippet":"max-snippet:-1","max-image-preview":"max-image-preview:large","max-video-preview":"max-video-preview:-1"},"canonical":"https:\/\/mmbobd2.com\/en\/product\/hardcut-limiter-pop-bang\/","og_locale":"en_GB","og_type":"article","og_title":"HARDCUT LIMITER\u00a0 AND\u00a0 POP & BANG","og_description":"D\u00e9couvrez le Hardcut Limiter Pop Bang pour une exp\u00e9rience de conduite ultime. Lib\u00e9rez la puissance de votre voiture ! #PerformanceAuto #HardcutLimiter #MMBSoftwareAutomotive","og_url":"https:\/\/mmbobd2.com\/en\/product\/hardcut-limiter-pop-bang\/","og_site_name":"MMB OBD2 SOFTWARE","article_publisher":"https:\/\/www.facebook.com\/profile.php?id=61552159950965","article_modified_time":"2023-11-06T22:50:26+00:00","og_image":[{"width":1000,"height":1000,"url":"https:\/\/mmbobd2.com\/wp-content\/uploads\/2023\/10\/HARDCUT-LIMITER-AND-POP-BANG.jpg","type":"image\/jpeg"}],"twitter_card":"summary_large_image","twitter_misc":{"Estimated reading time":"1 minute"},"schema":{"@context":"https:\/\/schema.org","@graph":[{"@type":"WebPage","@id":"https:\/\/mmbobd2.com\/product\/hardcut-limiter-pop-bang\/","url":"https:\/\/mmbobd2.com\/product\/hardcut-limiter-pop-bang\/","name":"HARDCUT LIMITER\u00a0POP BANG MMB OBD2 SOFTWARE","isPartOf":{"@id":"https:\/\/mmbobd2.com\/#website"},"primaryImageOfPage":{"@id":"https:\/\/mmbobd2.com\/product\/hardcut-limiter-pop-bang\/#primaryimage"},"image":{"@id":"https:\/\/mmbobd2.com\/product\/hardcut-limiter-pop-bang\/#primaryimage"},"thumbnailUrl":"https:\/\/i0.wp.com\/mmbobd2.com\/wp-content\/uploads\/2023\/10\/HARDCUT-LIMITER-AND-POP-BANG.jpg?fit=1000%2C1000&ssl=1","datePublished":"2023-10-10T19:15:02+00:00","dateModified":"2023-11-06T22:50:26+00:00","description":"Am\u00e9liorez les performances de votre voiture avec le Hardcut Limiter Pop Bang. Vivez une exp\u00e9rience de conduite in\u00e9gal\u00e9e. MMB Software Automotive","breadcrumb":{"@id":"https:\/\/mmbobd2.com\/product\/hardcut-limiter-pop-bang\/#breadcrumb"},"inLanguage":"en-GB","potentialAction":[{"@type":"ReadAction","target":["https:\/\/mmbobd2.com\/product\/hardcut-limiter-pop-bang\/"]}]},{"@type":"ImageObject","inLanguage":"en-GB","@id":"https:\/\/mmbobd2.com\/product\/hardcut-limiter-pop-bang\/#primaryimage","url":"https:\/\/i0.wp.com\/mmbobd2.com\/wp-content\/uploads\/2023\/10\/HARDCUT-LIMITER-AND-POP-BANG.jpg?fit=1000%2C1000&ssl=1","contentUrl":"https:\/\/i0.wp.com\/mmbobd2.com\/wp-content\/uploads\/2023\/10\/HARDCUT-LIMITER-AND-POP-BANG.jpg?fit=1000%2C1000&ssl=1","width":1000,"height":1000,"caption":"HARDCUT LIMITER\u00a0 AND\u00a0 POP & BANG"},{"@type":"BreadcrumbList","@id":"https:\/\/mmbobd2.com\/product\/hardcut-limiter-pop-bang\/#breadcrumb","itemListElement":[{"@type":"ListItem","position":1,"name":"Accueil","item":"https:\/\/mmbobd2.com\/"},{"@type":"ListItem","position":2,"name":"Boutique","item":"https:\/\/mmbobd2.com\/logiciels-de-diagnostic-automobiles\/"},{"@type":"ListItem","position":3,"name":"HARDCUT LIMITER\u00a0 AND\u00a0 POP &#038; BANG"}]},{"@type":"WebSite","@id":"https:\/\/mmbobd2.com\/#website","url":"https:\/\/mmbobd2.com\/","name":"MMB OBD2 SOFTWARE","description":"","publisher":{"@id":"https:\/\/mmbobd2.com\/#organization"},"alternateName":"mmbsoftauto","potentialAction":[{"@type":"SearchAction","target":{"@type":"EntryPoint","urlTemplate":"https:\/\/mmbobd2.com\/?s={search_term_string}"},"query-input":{"@type":"PropertyValueSpecification","valueRequired":true,"valueName":"search_term_string"}}],"inLanguage":"en-GB"},{"@type":"Organization","@id":"https:\/\/mmbobd2.com\/#organization","name":"MMB COMPANY","url":"https:\/\/mmbobd2.com\/","logo":{"@type":"ImageObject","inLanguage":"en-GB","@id":"https:\/\/mmbobd2.com\/#\/schema\/logo\/image\/","url":"https:\/\/mmbobd2.com\/wp-content\/uploads\/2023\/10\/LOGO-ROND-MMB-200.png","contentUrl":"https:\/\/mmbobd2.com\/wp-content\/uploads\/2023\/10\/LOGO-ROND-MMB-200.png","width":200,"height":200,"caption":"MMB COMPANY"},"image":{"@id":"https:\/\/mmbobd2.com\/#\/schema\/logo\/image\/"},"sameAs":["https:\/\/www.facebook.com\/profile.php?id=61552159950965"]}]}},"_links":{"self":[{"href":"https:\/\/mmbobd2.com\/en\/wp-json\/wp\/v2\/product\/399","targetHints":{"allow":["GET"]}}],"collection":[{"href":"https:\/\/mmbobd2.com\/en\/wp-json\/wp\/v2\/product"}],"about":[{"href":"https:\/\/mmbobd2.com\/en\/wp-json\/wp\/v2\/types\/product"}],"wp:featuredmedia":[{"embeddable":true,"href":"https:\/\/mmbobd2.com\/en\/wp-json\/wp\/v2\/media\/400"}],"wp:attachment":[{"href":"https:\/\/mmbobd2.com\/en\/wp-json\/wp\/v2\/media?parent=399"}],"wp:term":[{"taxonomy":"product_brand","embeddable":true,"href":"https:\/\/mmbobd2.com\/en\/wp-json\/wp\/v2\/product_brand?post=399"},{"taxonomy":"product_cat","embeddable":true,"href":"https:\/\/mmbobd2.com\/en\/wp-json\/wp\/v2\/product_cat?post=399"},{"taxonomy":"product_tag","embeddable":true,"href":"https:\/\/mmbobd2.com\/en\/wp-json\/wp\/v2\/product_tag?post=399"}],"curies":[{"name":"wp","href":"https:\/\/api.w.org\/{rel}","templated":true}]}}