{"id":401,"date":"2023-10-10T19:31:56","date_gmt":"2023-10-10T19:31:56","guid":{"rendered":"https:\/\/mmbobd2.com\/?post_type=product&#038;p=401"},"modified":"2025-05-25T19:46:48","modified_gmt":"2025-05-25T19:46:48","slug":"haynes-pro-mmb-software","status":"publish","type":"product","link":"https:\/\/mmbobd2.com\/en\/product\/haynes-pro-mmb-software\/","title":{"rendered":"HAYNES PRO"},"content":{"rendered":"<h2 style=\"text-align: center;\"><strong>HAYNES PRO 2018.1<br \/>\n<\/strong><\/h2>\n<p>&nbsp;<\/p>\n<h4><\/h4>\n<p><em>HAYNES PRO MMB SOFTWARE Pro 2018.1 ATRIS Stakis : Votre guide de r\u00e9paration automobile de confiance<\/em><\/p>\n<p>Si vous \u00eates passionn\u00e9 d&rsquo;automobile ou un professionnel de la r\u00e9paration,HAYNES PRO MMB SOFTWARE Pro 2018.1 ATRIS Stakis est l&rsquo;outil dont vous avez besoin. Avec une base de donn\u00e9es couvrant les marques les plus populaires de 1980 \u00e0 2018, ce manuel \u00e9lectronique est votre ressource compl\u00e8te pour la r\u00e9paration automobile.<\/p>\n<p><em>Donn\u00e9es pr\u00e9cises pour chaque besoin<\/em><\/p>\n<p>Ce programme comprend des biblioth\u00e8ques compl\u00e8tes de sp\u00e9cifications techniques, de diagrammes, de syst\u00e8mes, d&rsquo;outils n\u00e9cessaires, d&rsquo;intervalles d&rsquo;entretien, de descriptions exactes et de guides \u00e9tape par \u00e9tape pour chaque op\u00e9ration de r\u00e9paration. Que vous soyez un amateur qui aime bricoler sa voiture ou un professionnel chevronn\u00e9, Haynes Pro vous donne les informations dont vous avez besoin.<\/p>\n<p><em>Facilit\u00e9 d&rsquo;utilisation pour tous<\/em><\/p>\n<p>Que vous soyez un d\u00e9butant ou un expert, l&rsquo;interface conviviale de Haynes Pro en fait un outil accessible pour tous. Trouvez rapidement les informations dont vous avez besoin, que ce soit pour diagnostiquer un probl\u00e8me, effectuer un entretien r\u00e9gulier ou r\u00e9parer <a href=\"https:\/\/mmbobd2.com\/en\/product-category\/software-reprogrammation-auto\/diagnostic-automobiles\/epc-et-manuels-de-reparation-auto\/\">une<\/a> panne.<\/p>\n<p>N&rsquo;attendez plus, d\u00e9couvrez Haynes Pro 2018.1 ATRIS Stakis et maximisez l&rsquo;efficacit\u00e9 de vos r\u00e9parations automobiles d\u00e8s aujourd&rsquo;hui.<\/p>\n<p>Le programme fournit des informations sur les syst\u00e8mes suivants:<\/p>\n<p>Sch\u00e9mas pour le diagnostic correct du probl\u00e8me<br \/>\n&#8211; Service<br \/>\n&#8211; int\u00e9rieur\/ext\u00e9rieur<br \/>\n&#8211; Transmission<br \/>\n&#8211; \u00c9lectronique<br \/>\n&#8211; Gestion<br \/>\n&#8211; Syst\u00e8mes de navigation<br \/>\n&#8211; Suspension<br \/>\n&#8211; Modules de confort<br \/>\n&#8211; Freins<br \/>\n&#8211; Appareils et dispositifs de mise \u00e0 feu<br \/>\n&#8211; Messages temps de service<br \/>\n&#8211; Param\u00e8tres de gestion<br \/>\n&#8211; Pression de type<br \/>\n&#8211; Syst\u00e8mes de surveillance<br \/>\n&#8211; Guide de r\u00e9paration<br \/>\n&#8211; Mass et lubrifiants<br \/>\n&#8211; Dessins techniques<br \/>\n&#8211; Informations g\u00e9n\u00e9rales<br \/>\n&#8211; Syst\u00e8mes d&rsquo;aspiration<\/p>\n<p>Le programme ex\u00e9cute Windows XP, Windows 7, 8 ou <a href=\"https:\/\/haynes.com\/en-gb\/\">10<\/a>.<\/p>\n<p>HAYNES PRO MMB SOFTWARE<\/p>","protected":false},"excerpt":{"rendered":"<p><audio class=\"audio-for-speech\"><\/audio><\/p>\n<div class=\"translate-tooltip-mtz translator-hidden\">\n<div class=\"header\">\n<div class=\"header-controls\">Translator<\/div>\n<div class=\"header-controls\"><\/div>\n<\/div>\n<div class=\"translated-text\">\n<div class=\"words\"><\/div>\n<div class=\"sentences\"><\/div>\n<\/div>\n<\/div>\n<p>&nbsp;<\/p>\n<p><audio class=\"audio-for-speech\"><\/audio><\/p>\n<div class=\"translate-tooltip-mtz translator-hidden\">\n<div class=\"header\">\n<div class=\"header-controls\">Translator<\/div>\n<div class=\"header-controls\"><\/div>\n<\/div>\n<div class=\"translated-text\">\n<div class=\"words\"><\/div>\n<div class=\"sentences\"><\/div>\n<\/div>\n<\/div>\n<p>&nbsp;<\/p>\n<p>Optimisez les r\u00e9parations automobiles avec HAYNES PRO MMB SOFTWARE ATRIS Stakis. Des donn\u00e9es pr\u00e9cises pour chaque besoin. MMB Software Automotive<\/p>","protected":false},"featured_media":402,"template":"","meta":[],"product_brand":[],"product_cat":[18],"product_tag":[],"class_list":{"0":"post-401","1":"product","2":"type-product","3":"status-publish","4":"has-post-thumbnail","6":"product_cat-epc-et-manuels-de-reparation-auto","8":"first","9":"instock","10":"downloadable","11":"virtual","12":"purchasable","13":"product-type-simple"},"yoast_head":"<!-- This site is optimized with the Yoast SEO plugin v27.4 - https:\/\/yoast.com\/product\/yoast-seo-wordpress\/ -->\n<title>HAYNES PRO MMB SOFTWARE MMB OBD2 SOFTWARE<\/title>\n<meta name=\"description\" content=\"Optimisez les r\u00e9parations automobiles avec HAYNES PRO MMB SOFTWARE ATRIS Stakis. Des donn\u00e9es pr\u00e9cises pour chaque besoin. MMB Software Automotive\" \/>\n<meta name=\"robots\" content=\"index, follow, max-snippet:-1, max-image-preview:large, max-video-preview:-1\" \/>\n<link rel=\"canonical\" href=\"https:\/\/mmbobd2.com\/en\/product\/haynes-pro-mmb-software\/\" \/>\n<meta property=\"og:locale\" content=\"en_GB\" \/>\n<meta property=\"og:type\" content=\"article\" \/>\n<meta property=\"og:title\" content=\"HAYNES PRO MMB SOFTWARE\" \/>\n<meta property=\"og:description\" content=\"D\u00e9couvrez Haynes Pro 2018.1 ATRIS Stakis, le manuel \u00e9lectronique ultime pour les passionn\u00e9s et les professionnels de l&#039;automobile. #HaynesPro #ATRISStakis #MMBSoftwareAutomotive\" \/>\n<meta property=\"og:url\" content=\"https:\/\/mmbobd2.com\/en\/product\/haynes-pro-mmb-software\/\" \/>\n<meta property=\"og:site_name\" content=\"MMB OBD2 SOFTWARE\" \/>\n<meta property=\"article:publisher\" content=\"https:\/\/www.facebook.com\/profile.php?id=61552159950965\" \/>\n<meta property=\"article:modified_time\" content=\"2025-05-25T19:46:48+00:00\" \/>\n<meta property=\"og:image\" content=\"https:\/\/mmbobd2.com\/wp-content\/uploads\/2023\/10\/HAYNES.jpg\" \/>\n\t<meta property=\"og:image:width\" content=\"1000\" \/>\n\t<meta property=\"og:image:height\" content=\"1000\" \/>\n\t<meta property=\"og:image:type\" content=\"image\/jpeg\" \/>\n<meta name=\"twitter:card\" content=\"summary_large_image\" \/>\n<meta name=\"twitter:label1\" content=\"Estimated reading time\" \/>\n\t<meta name=\"twitter:data1\" content=\"2 minutes\" \/>\n<script type=\"application\/ld+json\" class=\"yoast-schema-graph\">{\"@context\":\"https:\\\/\\\/schema.org\",\"@graph\":[{\"@type\":\"WebPage\",\"@id\":\"https:\\\/\\\/mmbobd2.com\\\/product\\\/haynes-pro-mmb-software\\\/\",\"url\":\"https:\\\/\\\/mmbobd2.com\\\/product\\\/haynes-pro-mmb-software\\\/\",\"name\":\"HAYNES PRO MMB SOFTWARE MMB OBD2 SOFTWARE\",\"isPartOf\":{\"@id\":\"https:\\\/\\\/mmbobd2.com\\\/#website\"},\"primaryImageOfPage\":{\"@id\":\"https:\\\/\\\/mmbobd2.com\\\/product\\\/haynes-pro-mmb-software\\\/#primaryimage\"},\"image\":{\"@id\":\"https:\\\/\\\/mmbobd2.com\\\/product\\\/haynes-pro-mmb-software\\\/#primaryimage\"},\"thumbnailUrl\":\"https:\\\/\\\/i0.wp.com\\\/mmbobd2.com\\\/wp-content\\\/uploads\\\/2023\\\/10\\\/HAYNES.jpg?fit=1000%2C1000&ssl=1\",\"datePublished\":\"2023-10-10T19:31:56+00:00\",\"dateModified\":\"2025-05-25T19:46:48+00:00\",\"description\":\"Optimisez les r\u00e9parations automobiles avec HAYNES PRO MMB SOFTWARE ATRIS Stakis. Des donn\u00e9es pr\u00e9cises pour chaque besoin. MMB Software Automotive\",\"breadcrumb\":{\"@id\":\"https:\\\/\\\/mmbobd2.com\\\/product\\\/haynes-pro-mmb-software\\\/#breadcrumb\"},\"inLanguage\":\"en-GB\",\"potentialAction\":[{\"@type\":\"ReadAction\",\"target\":[\"https:\\\/\\\/mmbobd2.com\\\/product\\\/haynes-pro-mmb-software\\\/\"]}]},{\"@type\":\"ImageObject\",\"inLanguage\":\"en-GB\",\"@id\":\"https:\\\/\\\/mmbobd2.com\\\/product\\\/haynes-pro-mmb-software\\\/#primaryimage\",\"url\":\"https:\\\/\\\/i0.wp.com\\\/mmbobd2.com\\\/wp-content\\\/uploads\\\/2023\\\/10\\\/HAYNES.jpg?fit=1000%2C1000&ssl=1\",\"contentUrl\":\"https:\\\/\\\/i0.wp.com\\\/mmbobd2.com\\\/wp-content\\\/uploads\\\/2023\\\/10\\\/HAYNES.jpg?fit=1000%2C1000&ssl=1\",\"width\":1000,\"height\":1000,\"caption\":\"HAYNES PRO MMB SOFTWARE\"},{\"@type\":\"BreadcrumbList\",\"@id\":\"https:\\\/\\\/mmbobd2.com\\\/product\\\/haynes-pro-mmb-software\\\/#breadcrumb\",\"itemListElement\":[{\"@type\":\"ListItem\",\"position\":1,\"name\":\"Accueil\",\"item\":\"https:\\\/\\\/mmbobd2.com\\\/\"},{\"@type\":\"ListItem\",\"position\":2,\"name\":\"Boutique\",\"item\":\"https:\\\/\\\/mmbobd2.com\\\/logiciels-de-diagnostic-automobiles\\\/\"},{\"@type\":\"ListItem\",\"position\":3,\"name\":\"HAYNES PRO\"}]},{\"@type\":\"WebSite\",\"@id\":\"https:\\\/\\\/mmbobd2.com\\\/#website\",\"url\":\"https:\\\/\\\/mmbobd2.com\\\/\",\"name\":\"MMB OBD2 SOFTWARE\",\"description\":\"\",\"publisher\":{\"@id\":\"https:\\\/\\\/mmbobd2.com\\\/#organization\"},\"alternateName\":\"mmbsoftauto\",\"potentialAction\":[{\"@type\":\"SearchAction\",\"target\":{\"@type\":\"EntryPoint\",\"urlTemplate\":\"https:\\\/\\\/mmbobd2.com\\\/?s={search_term_string}\"},\"query-input\":{\"@type\":\"PropertyValueSpecification\",\"valueRequired\":true,\"valueName\":\"search_term_string\"}}],\"inLanguage\":\"en-GB\"},{\"@type\":\"Organization\",\"@id\":\"https:\\\/\\\/mmbobd2.com\\\/#organization\",\"name\":\"MMB COMPANY\",\"url\":\"https:\\\/\\\/mmbobd2.com\\\/\",\"logo\":{\"@type\":\"ImageObject\",\"inLanguage\":\"en-GB\",\"@id\":\"https:\\\/\\\/mmbobd2.com\\\/#\\\/schema\\\/logo\\\/image\\\/\",\"url\":\"https:\\\/\\\/mmbobd2.com\\\/wp-content\\\/uploads\\\/2023\\\/10\\\/LOGO-ROND-MMB-200.png\",\"contentUrl\":\"https:\\\/\\\/mmbobd2.com\\\/wp-content\\\/uploads\\\/2023\\\/10\\\/LOGO-ROND-MMB-200.png\",\"width\":200,\"height\":200,\"caption\":\"MMB COMPANY\"},\"image\":{\"@id\":\"https:\\\/\\\/mmbobd2.com\\\/#\\\/schema\\\/logo\\\/image\\\/\"},\"sameAs\":[\"https:\\\/\\\/www.facebook.com\\\/profile.php?id=61552159950965\"]}]}<\/script>\n<!-- \/ Yoast SEO plugin. -->","yoast_head_json":{"title":"HAYNES PRO MMB SOFTWARE MMB OBD2 SOFTWARE","description":"Optimisez les r\u00e9parations automobiles avec HAYNES PRO MMB SOFTWARE ATRIS Stakis. Des donn\u00e9es pr\u00e9cises pour chaque besoin. MMB Software Automotive","robots":{"index":"index","follow":"follow","max-snippet":"max-snippet:-1","max-image-preview":"max-image-preview:large","max-video-preview":"max-video-preview:-1"},"canonical":"https:\/\/mmbobd2.com\/en\/product\/haynes-pro-mmb-software\/","og_locale":"en_GB","og_type":"article","og_title":"HAYNES PRO MMB SOFTWARE","og_description":"D\u00e9couvrez Haynes Pro 2018.1 ATRIS Stakis, le manuel \u00e9lectronique ultime pour les passionn\u00e9s et les professionnels de l'automobile. #HaynesPro #ATRISStakis #MMBSoftwareAutomotive","og_url":"https:\/\/mmbobd2.com\/en\/product\/haynes-pro-mmb-software\/","og_site_name":"MMB OBD2 SOFTWARE","article_publisher":"https:\/\/www.facebook.com\/profile.php?id=61552159950965","article_modified_time":"2025-05-25T19:46:48+00:00","og_image":[{"width":1000,"height":1000,"url":"https:\/\/mmbobd2.com\/wp-content\/uploads\/2023\/10\/HAYNES.jpg","type":"image\/jpeg"}],"twitter_card":"summary_large_image","twitter_misc":{"Estimated reading time":"2 minutes"},"schema":{"@context":"https:\/\/schema.org","@graph":[{"@type":"WebPage","@id":"https:\/\/mmbobd2.com\/product\/haynes-pro-mmb-software\/","url":"https:\/\/mmbobd2.com\/product\/haynes-pro-mmb-software\/","name":"HAYNES PRO MMB SOFTWARE MMB OBD2 SOFTWARE","isPartOf":{"@id":"https:\/\/mmbobd2.com\/#website"},"primaryImageOfPage":{"@id":"https:\/\/mmbobd2.com\/product\/haynes-pro-mmb-software\/#primaryimage"},"image":{"@id":"https:\/\/mmbobd2.com\/product\/haynes-pro-mmb-software\/#primaryimage"},"thumbnailUrl":"https:\/\/i0.wp.com\/mmbobd2.com\/wp-content\/uploads\/2023\/10\/HAYNES.jpg?fit=1000%2C1000&ssl=1","datePublished":"2023-10-10T19:31:56+00:00","dateModified":"2025-05-25T19:46:48+00:00","description":"Optimisez les r\u00e9parations automobiles avec HAYNES PRO MMB SOFTWARE ATRIS Stakis. Des donn\u00e9es pr\u00e9cises pour chaque besoin. MMB Software Automotive","breadcrumb":{"@id":"https:\/\/mmbobd2.com\/product\/haynes-pro-mmb-software\/#breadcrumb"},"inLanguage":"en-GB","potentialAction":[{"@type":"ReadAction","target":["https:\/\/mmbobd2.com\/product\/haynes-pro-mmb-software\/"]}]},{"@type":"ImageObject","inLanguage":"en-GB","@id":"https:\/\/mmbobd2.com\/product\/haynes-pro-mmb-software\/#primaryimage","url":"https:\/\/i0.wp.com\/mmbobd2.com\/wp-content\/uploads\/2023\/10\/HAYNES.jpg?fit=1000%2C1000&ssl=1","contentUrl":"https:\/\/i0.wp.com\/mmbobd2.com\/wp-content\/uploads\/2023\/10\/HAYNES.jpg?fit=1000%2C1000&ssl=1","width":1000,"height":1000,"caption":"HAYNES PRO MMB SOFTWARE"},{"@type":"BreadcrumbList","@id":"https:\/\/mmbobd2.com\/product\/haynes-pro-mmb-software\/#breadcrumb","itemListElement":[{"@type":"ListItem","position":1,"name":"Accueil","item":"https:\/\/mmbobd2.com\/"},{"@type":"ListItem","position":2,"name":"Boutique","item":"https:\/\/mmbobd2.com\/logiciels-de-diagnostic-automobiles\/"},{"@type":"ListItem","position":3,"name":"HAYNES PRO"}]},{"@type":"WebSite","@id":"https:\/\/mmbobd2.com\/#website","url":"https:\/\/mmbobd2.com\/","name":"MMB OBD2 SOFTWARE","description":"","publisher":{"@id":"https:\/\/mmbobd2.com\/#organization"},"alternateName":"mmbsoftauto","potentialAction":[{"@type":"SearchAction","target":{"@type":"EntryPoint","urlTemplate":"https:\/\/mmbobd2.com\/?s={search_term_string}"},"query-input":{"@type":"PropertyValueSpecification","valueRequired":true,"valueName":"search_term_string"}}],"inLanguage":"en-GB"},{"@type":"Organization","@id":"https:\/\/mmbobd2.com\/#organization","name":"MMB COMPANY","url":"https:\/\/mmbobd2.com\/","logo":{"@type":"ImageObject","inLanguage":"en-GB","@id":"https:\/\/mmbobd2.com\/#\/schema\/logo\/image\/","url":"https:\/\/mmbobd2.com\/wp-content\/uploads\/2023\/10\/LOGO-ROND-MMB-200.png","contentUrl":"https:\/\/mmbobd2.com\/wp-content\/uploads\/2023\/10\/LOGO-ROND-MMB-200.png","width":200,"height":200,"caption":"MMB COMPANY"},"image":{"@id":"https:\/\/mmbobd2.com\/#\/schema\/logo\/image\/"},"sameAs":["https:\/\/www.facebook.com\/profile.php?id=61552159950965"]}]}},"_links":{"self":[{"href":"https:\/\/mmbobd2.com\/en\/wp-json\/wp\/v2\/product\/401","targetHints":{"allow":["GET"]}}],"collection":[{"href":"https:\/\/mmbobd2.com\/en\/wp-json\/wp\/v2\/product"}],"about":[{"href":"https:\/\/mmbobd2.com\/en\/wp-json\/wp\/v2\/types\/product"}],"wp:featuredmedia":[{"embeddable":true,"href":"https:\/\/mmbobd2.com\/en\/wp-json\/wp\/v2\/media\/402"}],"wp:attachment":[{"href":"https:\/\/mmbobd2.com\/en\/wp-json\/wp\/v2\/media?parent=401"}],"wp:term":[{"taxonomy":"product_brand","embeddable":true,"href":"https:\/\/mmbobd2.com\/en\/wp-json\/wp\/v2\/product_brand?post=401"},{"taxonomy":"product_cat","embeddable":true,"href":"https:\/\/mmbobd2.com\/en\/wp-json\/wp\/v2\/product_cat?post=401"},{"taxonomy":"product_tag","embeddable":true,"href":"https:\/\/mmbobd2.com\/en\/wp-json\/wp\/v2\/product_tag?post=401"}],"curies":[{"name":"wp","href":"https:\/\/api.w.org\/{rel}","templated":true}]}}