{"id":415,"date":"2023-10-10T21:23:04","date_gmt":"2023-10-10T21:23:04","guid":{"rendered":"https:\/\/mmbobd2.com\/?post_type=product&#038;p=415"},"modified":"2023-11-06T22:28:16","modified_gmt":"2023-11-06T22:28:16","slug":"john-deer-hitachi-epc","status":"publish","type":"product","link":"https:\/\/mmbobd2.com\/en\/product\/john-deer-hitachi-epc\/","title":{"rendered":"JOHN DEER &#038; HITACHI EPC 2020"},"content":{"rendered":"<h2 style=\"text-align: center;\"><strong>JOHN DEER &amp; HITACHI EPC 2020<\/strong><\/h2>\n<p>&nbsp;<\/p>\n<h3><strong>D\u00e9couverte de John Deere &amp; Hitachi Parts Advisor<\/strong><\/h3>\n<p>JOHN DEER &amp; HITACHI EPC 2020 est un catalogue de pi\u00e8ces \u00e9lectriques essentiel pour tous les \u00e9quipements John Deere &amp; Hitachi, couvrant une gamme compl\u00e8te, de l&rsquo;agriculture \u00e0 la construction. Il offre une mine d&rsquo;informations pour des r\u00e9parations efficaces.<\/p>\n<h3><strong>Facilit\u00e9 d&rsquo;utilisation avec John Deere Parts ADVISOR<\/strong><\/h3>\n<p>Ce logiciel rend la recherche de pi\u00e8ces de rechange plus confortable et productive que jamais. Avec une flexibilit\u00e9 exceptionnelle, il s&rsquo;adapte \u00e0 votre flux de travail, garantissant que vous trouvez rapidement les pi\u00e8ces n\u00e9cessaires.<\/p>\n<h3><strong>Informations cl\u00e9s sur John Deere Parts ADVISOR<\/strong><\/h3>\n<p>Le logiciel est disponible depuis mars 2023, prenant en charge diverses langues, y compris le chinois, l&rsquo;anglais, l&rsquo;espagnol, l&rsquo;italien, l&rsquo;allemand et le fran\u00e7ais. Il couvre toutes les r\u00e9gions, offrant une vaste base de donn\u00e9es d&rsquo;informations.<\/p>\n<h3><strong>Fonctionnalit\u00e9s Compl\u00e8tes<\/strong><\/h3>\n<p>John Deere Parts ADVISOR propose une gamme compl\u00e8te de fonctionnalit\u00e9s, notamment des recommandations d&rsquo;entretien, des informations sur les pi\u00e8ces de rechange, des sp\u00e9cifications techniques, des tableaux, des diagrammes, et bien plus encore. C&rsquo;est un outil polyvalent pour les professionnels de la r\u00e9paration.<\/p>\n<h3><strong data-moz-translations-id=\"0\">Diff\u00e9rentes Divisions Couvertes<\/strong><\/h3>\n<p>Ce logiciel comprend des divisions essentielles, telles que l&rsquo;agriculture, les \u00e9quipements de jardin et utilitaires, la construction et la foresterie, les syst\u00e8mes d&rsquo;alimentation et m\u00eame Hitachi. Il est une ressource pr\u00e9cieuse pour divers <a href=\"https:\/\/mmbobd2.com\/en\/product-category\/trucks-diagnostic-software\/epc-et-manuels-de-reparation-trucks\/\">secteurs<\/a>.<\/p>\n<h3><strong>Compatibilit\u00e9 Syst\u00e8me<\/strong><\/h3>\n<p>John Deere Parts ADVISOR est compatible avec Windows\u00ae 10 et Windows\u00ae 11, garantissant une accessibilit\u00e9 maximale pour les utilisateurs.<\/p>\n<h3><strong data-moz-translations-id=\"0\">Optimisation pour une Maintenance Efficace<\/strong><\/h3>\n<p>Utilisez toutes les donn\u00e9es de\u00a0 ADVISOR pour am\u00e9liorer l&rsquo;entretien, \u00e9viter les pannes pr\u00e9matur\u00e9es, et choisir les pi\u00e8ces appropri\u00e9es. Il est l&rsquo;outil ultime pour les professionnels de la r\u00e9paration.<\/p>\n<h3><strong data-moz-translations-id=\"0\">Explorez l&rsquo;Excellence avec MMB Automotive<\/strong><\/h3>\n<p>D\u00e9couvrez comment MMB Automotive : John Deere Parts ADVISOR peut simplifier votre processus de <a href=\"https:\/\/www.constructioncayola.com\/terrassements-carrieres\/article\/2021\/08\/26\/135824\/fin-jv-entre-hitachi-john-deere\">r\u00e9paration<\/a>.<\/p>\n<p>&nbsp;<\/p>","protected":false},"excerpt":{"rendered":"<p><audio class=\"audio-for-speech\"><\/audio><\/p>\n<div class=\"translate-tooltip-mtz translator-hidden\">\n<div class=\"header\">\n<div class=\"header-controls\">Translator<\/div>\n<div class=\"header-controls\"><\/div>\n<\/div>\n<div class=\"translated-text\">\n<div class=\"words\"><\/div>\n<div class=\"sentences\"><\/div>\n<\/div>\n<\/div>\n<p>&nbsp;<\/p>\n<p>JOHN DEER HITACHI EPC, l&rsquo;entretien et la r\u00e9paration des \u00e9quipements John Deere &amp; Hitachi Parts Advisor. MMB Software Automotive.<\/p>","protected":false},"featured_media":416,"template":"","meta":[],"product_brand":[],"product_cat":[19],"product_tag":[],"class_list":{"0":"post-415","1":"product","2":"type-product","3":"status-publish","4":"has-post-thumbnail","6":"product_cat-epc-et-manuels-de-reparation-trucks","8":"first","9":"instock","10":"downloadable","11":"virtual","12":"purchasable","13":"product-type-simple"},"yoast_head":"<!-- This site is optimized with the Yoast SEO plugin v27.4 - https:\/\/yoast.com\/product\/yoast-seo-wordpress\/ -->\n<title>JOHN DEER HITACHI EPC MMB OBD2 SOFTWARE<\/title>\n<meta name=\"description\" content=\"JOHN DEER HITACHI EPC, l&#039;entretien et la r\u00e9paration des \u00e9quipements John Deere &amp; Hitachi Parts Advisor. MMB Software Automotive.\" \/>\n<meta name=\"robots\" content=\"index, follow, max-snippet:-1, max-image-preview:large, max-video-preview:-1\" \/>\n<link rel=\"canonical\" href=\"https:\/\/mmbobd2.com\/en\/product\/john-deer-hitachi-epc\/\" \/>\n<meta property=\"og:locale\" content=\"en_GB\" \/>\n<meta property=\"og:type\" content=\"article\" \/>\n<meta property=\"og:title\" content=\"JOHN DEER HITACHI EPC\" \/>\n<meta property=\"og:description\" content=\"D\u00e9couvrez le logiciel MMB Automotive : John Deere Parts ADVISOR. Obtenez des conseils sur l&#039;entretien et la r\u00e9paration des \u00e9quipements John Deere &amp; Hitachi. #JohnDeere #Hitachi #MMBAutomotiveSoftware\" \/>\n<meta property=\"og:url\" content=\"https:\/\/mmbobd2.com\/en\/product\/john-deer-hitachi-epc\/\" \/>\n<meta property=\"og:site_name\" content=\"MMB OBD2 SOFTWARE\" \/>\n<meta property=\"article:publisher\" content=\"https:\/\/www.facebook.com\/profile.php?id=61552159950965\" \/>\n<meta property=\"article:modified_time\" content=\"2023-11-06T22:28:16+00:00\" \/>\n<meta property=\"og:image\" content=\"https:\/\/mmbobd2.com\/wp-content\/uploads\/2023\/10\/JOHN-DEER-HITACHI-EPC-2020.jpg\" \/>\n\t<meta property=\"og:image:width\" content=\"1000\" \/>\n\t<meta property=\"og:image:height\" content=\"1000\" \/>\n\t<meta property=\"og:image:type\" content=\"image\/jpeg\" \/>\n<meta name=\"twitter:card\" content=\"summary_large_image\" \/>\n<meta name=\"twitter:label1\" content=\"Estimated reading time\" \/>\n\t<meta name=\"twitter:data1\" content=\"2 minutes\" \/>\n<script type=\"application\/ld+json\" class=\"yoast-schema-graph\">{\"@context\":\"https:\\\/\\\/schema.org\",\"@graph\":[{\"@type\":\"WebPage\",\"@id\":\"https:\\\/\\\/mmbobd2.com\\\/product\\\/john-deer-hitachi-epc\\\/\",\"url\":\"https:\\\/\\\/mmbobd2.com\\\/product\\\/john-deer-hitachi-epc\\\/\",\"name\":\"JOHN DEER HITACHI EPC MMB OBD2 SOFTWARE\",\"isPartOf\":{\"@id\":\"https:\\\/\\\/mmbobd2.com\\\/#website\"},\"primaryImageOfPage\":{\"@id\":\"https:\\\/\\\/mmbobd2.com\\\/product\\\/john-deer-hitachi-epc\\\/#primaryimage\"},\"image\":{\"@id\":\"https:\\\/\\\/mmbobd2.com\\\/product\\\/john-deer-hitachi-epc\\\/#primaryimage\"},\"thumbnailUrl\":\"https:\\\/\\\/i0.wp.com\\\/mmbobd2.com\\\/wp-content\\\/uploads\\\/2023\\\/10\\\/JOHN-DEER-HITACHI-EPC-2020.jpg?fit=1000%2C1000&ssl=1\",\"datePublished\":\"2023-10-10T21:23:04+00:00\",\"dateModified\":\"2023-11-06T22:28:16+00:00\",\"description\":\"JOHN DEER HITACHI EPC, l'entretien et la r\u00e9paration des \u00e9quipements John Deere & Hitachi Parts Advisor. MMB Software Automotive.\",\"breadcrumb\":{\"@id\":\"https:\\\/\\\/mmbobd2.com\\\/product\\\/john-deer-hitachi-epc\\\/#breadcrumb\"},\"inLanguage\":\"en-GB\",\"potentialAction\":[{\"@type\":\"ReadAction\",\"target\":[\"https:\\\/\\\/mmbobd2.com\\\/product\\\/john-deer-hitachi-epc\\\/\"]}]},{\"@type\":\"ImageObject\",\"inLanguage\":\"en-GB\",\"@id\":\"https:\\\/\\\/mmbobd2.com\\\/product\\\/john-deer-hitachi-epc\\\/#primaryimage\",\"url\":\"https:\\\/\\\/i0.wp.com\\\/mmbobd2.com\\\/wp-content\\\/uploads\\\/2023\\\/10\\\/JOHN-DEER-HITACHI-EPC-2020.jpg?fit=1000%2C1000&ssl=1\",\"contentUrl\":\"https:\\\/\\\/i0.wp.com\\\/mmbobd2.com\\\/wp-content\\\/uploads\\\/2023\\\/10\\\/JOHN-DEER-HITACHI-EPC-2020.jpg?fit=1000%2C1000&ssl=1\",\"width\":1000,\"height\":1000,\"caption\":\"JOHN DEER & HITACHI EPC 2020\"},{\"@type\":\"BreadcrumbList\",\"@id\":\"https:\\\/\\\/mmbobd2.com\\\/product\\\/john-deer-hitachi-epc\\\/#breadcrumb\",\"itemListElement\":[{\"@type\":\"ListItem\",\"position\":1,\"name\":\"Accueil\",\"item\":\"https:\\\/\\\/mmbobd2.com\\\/\"},{\"@type\":\"ListItem\",\"position\":2,\"name\":\"Boutique\",\"item\":\"https:\\\/\\\/mmbobd2.com\\\/logiciels-de-diagnostic-automobiles\\\/\"},{\"@type\":\"ListItem\",\"position\":3,\"name\":\"JOHN DEER &#038; HITACHI EPC 2020\"}]},{\"@type\":\"WebSite\",\"@id\":\"https:\\\/\\\/mmbobd2.com\\\/#website\",\"url\":\"https:\\\/\\\/mmbobd2.com\\\/\",\"name\":\"MMB OBD2 SOFTWARE\",\"description\":\"\",\"publisher\":{\"@id\":\"https:\\\/\\\/mmbobd2.com\\\/#organization\"},\"alternateName\":\"mmbsoftauto\",\"potentialAction\":[{\"@type\":\"SearchAction\",\"target\":{\"@type\":\"EntryPoint\",\"urlTemplate\":\"https:\\\/\\\/mmbobd2.com\\\/?s={search_term_string}\"},\"query-input\":{\"@type\":\"PropertyValueSpecification\",\"valueRequired\":true,\"valueName\":\"search_term_string\"}}],\"inLanguage\":\"en-GB\"},{\"@type\":\"Organization\",\"@id\":\"https:\\\/\\\/mmbobd2.com\\\/#organization\",\"name\":\"MMB COMPANY\",\"url\":\"https:\\\/\\\/mmbobd2.com\\\/\",\"logo\":{\"@type\":\"ImageObject\",\"inLanguage\":\"en-GB\",\"@id\":\"https:\\\/\\\/mmbobd2.com\\\/#\\\/schema\\\/logo\\\/image\\\/\",\"url\":\"https:\\\/\\\/mmbobd2.com\\\/wp-content\\\/uploads\\\/2023\\\/10\\\/LOGO-ROND-MMB-200.png\",\"contentUrl\":\"https:\\\/\\\/mmbobd2.com\\\/wp-content\\\/uploads\\\/2023\\\/10\\\/LOGO-ROND-MMB-200.png\",\"width\":200,\"height\":200,\"caption\":\"MMB COMPANY\"},\"image\":{\"@id\":\"https:\\\/\\\/mmbobd2.com\\\/#\\\/schema\\\/logo\\\/image\\\/\"},\"sameAs\":[\"https:\\\/\\\/www.facebook.com\\\/profile.php?id=61552159950965\"]}]}<\/script>\n<!-- \/ Yoast SEO plugin. -->","yoast_head_json":{"title":"JOHN DEER HITACHI EPC MMB OBD2 SOFTWARE","description":"JOHN DEER HITACHI EPC, l'entretien et la r\u00e9paration des \u00e9quipements John Deere & Hitachi Parts Advisor. MMB Software Automotive.","robots":{"index":"index","follow":"follow","max-snippet":"max-snippet:-1","max-image-preview":"max-image-preview:large","max-video-preview":"max-video-preview:-1"},"canonical":"https:\/\/mmbobd2.com\/en\/product\/john-deer-hitachi-epc\/","og_locale":"en_GB","og_type":"article","og_title":"JOHN DEER HITACHI EPC","og_description":"D\u00e9couvrez le logiciel MMB Automotive : John Deere Parts ADVISOR. Obtenez des conseils sur l'entretien et la r\u00e9paration des \u00e9quipements John Deere & Hitachi. #JohnDeere #Hitachi #MMBAutomotiveSoftware","og_url":"https:\/\/mmbobd2.com\/en\/product\/john-deer-hitachi-epc\/","og_site_name":"MMB OBD2 SOFTWARE","article_publisher":"https:\/\/www.facebook.com\/profile.php?id=61552159950965","article_modified_time":"2023-11-06T22:28:16+00:00","og_image":[{"width":1000,"height":1000,"url":"https:\/\/mmbobd2.com\/wp-content\/uploads\/2023\/10\/JOHN-DEER-HITACHI-EPC-2020.jpg","type":"image\/jpeg"}],"twitter_card":"summary_large_image","twitter_misc":{"Estimated reading time":"2 minutes"},"schema":{"@context":"https:\/\/schema.org","@graph":[{"@type":"WebPage","@id":"https:\/\/mmbobd2.com\/product\/john-deer-hitachi-epc\/","url":"https:\/\/mmbobd2.com\/product\/john-deer-hitachi-epc\/","name":"JOHN DEER HITACHI EPC MMB OBD2 SOFTWARE","isPartOf":{"@id":"https:\/\/mmbobd2.com\/#website"},"primaryImageOfPage":{"@id":"https:\/\/mmbobd2.com\/product\/john-deer-hitachi-epc\/#primaryimage"},"image":{"@id":"https:\/\/mmbobd2.com\/product\/john-deer-hitachi-epc\/#primaryimage"},"thumbnailUrl":"https:\/\/i0.wp.com\/mmbobd2.com\/wp-content\/uploads\/2023\/10\/JOHN-DEER-HITACHI-EPC-2020.jpg?fit=1000%2C1000&ssl=1","datePublished":"2023-10-10T21:23:04+00:00","dateModified":"2023-11-06T22:28:16+00:00","description":"JOHN DEER HITACHI EPC, l'entretien et la r\u00e9paration des \u00e9quipements John Deere & Hitachi Parts Advisor. MMB Software Automotive.","breadcrumb":{"@id":"https:\/\/mmbobd2.com\/product\/john-deer-hitachi-epc\/#breadcrumb"},"inLanguage":"en-GB","potentialAction":[{"@type":"ReadAction","target":["https:\/\/mmbobd2.com\/product\/john-deer-hitachi-epc\/"]}]},{"@type":"ImageObject","inLanguage":"en-GB","@id":"https:\/\/mmbobd2.com\/product\/john-deer-hitachi-epc\/#primaryimage","url":"https:\/\/i0.wp.com\/mmbobd2.com\/wp-content\/uploads\/2023\/10\/JOHN-DEER-HITACHI-EPC-2020.jpg?fit=1000%2C1000&ssl=1","contentUrl":"https:\/\/i0.wp.com\/mmbobd2.com\/wp-content\/uploads\/2023\/10\/JOHN-DEER-HITACHI-EPC-2020.jpg?fit=1000%2C1000&ssl=1","width":1000,"height":1000,"caption":"JOHN DEER & HITACHI EPC 2020"},{"@type":"BreadcrumbList","@id":"https:\/\/mmbobd2.com\/product\/john-deer-hitachi-epc\/#breadcrumb","itemListElement":[{"@type":"ListItem","position":1,"name":"Accueil","item":"https:\/\/mmbobd2.com\/"},{"@type":"ListItem","position":2,"name":"Boutique","item":"https:\/\/mmbobd2.com\/logiciels-de-diagnostic-automobiles\/"},{"@type":"ListItem","position":3,"name":"JOHN DEER &#038; HITACHI EPC 2020"}]},{"@type":"WebSite","@id":"https:\/\/mmbobd2.com\/#website","url":"https:\/\/mmbobd2.com\/","name":"MMB OBD2 SOFTWARE","description":"","publisher":{"@id":"https:\/\/mmbobd2.com\/#organization"},"alternateName":"mmbsoftauto","potentialAction":[{"@type":"SearchAction","target":{"@type":"EntryPoint","urlTemplate":"https:\/\/mmbobd2.com\/?s={search_term_string}"},"query-input":{"@type":"PropertyValueSpecification","valueRequired":true,"valueName":"search_term_string"}}],"inLanguage":"en-GB"},{"@type":"Organization","@id":"https:\/\/mmbobd2.com\/#organization","name":"MMB COMPANY","url":"https:\/\/mmbobd2.com\/","logo":{"@type":"ImageObject","inLanguage":"en-GB","@id":"https:\/\/mmbobd2.com\/#\/schema\/logo\/image\/","url":"https:\/\/mmbobd2.com\/wp-content\/uploads\/2023\/10\/LOGO-ROND-MMB-200.png","contentUrl":"https:\/\/mmbobd2.com\/wp-content\/uploads\/2023\/10\/LOGO-ROND-MMB-200.png","width":200,"height":200,"caption":"MMB COMPANY"},"image":{"@id":"https:\/\/mmbobd2.com\/#\/schema\/logo\/image\/"},"sameAs":["https:\/\/www.facebook.com\/profile.php?id=61552159950965"]}]}},"_links":{"self":[{"href":"https:\/\/mmbobd2.com\/en\/wp-json\/wp\/v2\/product\/415","targetHints":{"allow":["GET"]}}],"collection":[{"href":"https:\/\/mmbobd2.com\/en\/wp-json\/wp\/v2\/product"}],"about":[{"href":"https:\/\/mmbobd2.com\/en\/wp-json\/wp\/v2\/types\/product"}],"wp:featuredmedia":[{"embeddable":true,"href":"https:\/\/mmbobd2.com\/en\/wp-json\/wp\/v2\/media\/416"}],"wp:attachment":[{"href":"https:\/\/mmbobd2.com\/en\/wp-json\/wp\/v2\/media?parent=415"}],"wp:term":[{"taxonomy":"product_brand","embeddable":true,"href":"https:\/\/mmbobd2.com\/en\/wp-json\/wp\/v2\/product_brand?post=415"},{"taxonomy":"product_cat","embeddable":true,"href":"https:\/\/mmbobd2.com\/en\/wp-json\/wp\/v2\/product_cat?post=415"},{"taxonomy":"product_tag","embeddable":true,"href":"https:\/\/mmbobd2.com\/en\/wp-json\/wp\/v2\/product_tag?post=415"}],"curies":[{"name":"wp","href":"https:\/\/api.w.org\/{rel}","templated":true}]}}