{"id":417,"date":"2023-10-10T21:41:38","date_gmt":"2023-10-10T21:41:38","guid":{"rendered":"https:\/\/mmbobd2.com\/?post_type=product&#038;p=417"},"modified":"2025-12-25T00:13:30","modified_gmt":"2025-12-25T00:13:30","slug":"man-mantis-epc","status":"publish","type":"product","link":"https:\/\/mmbobd2.com\/en\/product\/man-mantis-epc\/","title":{"rendered":"MAN MANTIS EPC"},"content":{"rendered":"<h2 style=\"text-align: center;\"><strong>MAN MANTIS<br \/>\n<\/strong><\/h2>\n<h4><strong>\u00a0<\/strong><\/h4>\n<h3><strong>D\u00e9couverte de MAN MANTIS EPC v.6.6<\/strong><\/h3>\n<p>Le catalogue \u00e9lectronique <a href=\"https:\/\/www.man.eu\/fr\/fr\/page-d-accueil.html\">MAN<\/a> MANTIS EPC v.6.6 est une ressource inestimable pour les amateurs de camions et d&rsquo;autobus MAN, offrant une multitude d&rsquo;informations sur les pi\u00e8ces et accessoires pour ces v\u00e9hicules.<\/p>\n<h3><strong data-moz-translations-id=\"0\">Facilit\u00e9 d&rsquo;Utilisation<\/strong><\/h3>\n<p>Ce programme convivial est con\u00e7u pour rendre la recherche de pi\u00e8ces simple et efficace. Les utilisateurs peuvent rechercher des pi\u00e8ces par mod\u00e8le, num\u00e9ro de pi\u00e8ce, nom de pi\u00e8ce, <a href=\"https:\/\/mmbobd2.com\/en\/product-category\/trucks-diagnostic-software\/epc-et-manuels-de-reparation-trucks\/\">VIN<\/a>, et bien plus encore.<\/p>\n<h3><strong>Couverture Globale<\/strong><\/h3>\n<p>MAN MANTIS EPC v.6.6 couvre tous les mod\u00e8les de camions, d&rsquo;autobus et de moteurs MAN, fabriqu\u00e9s pour tous les march\u00e9s, ce qui en fait une ressource essentielle pour les propri\u00e9taires et les professionnels.<\/p>\n<h3><strong>Compatibilit\u00e9 Syst\u00e8me<\/strong><\/h3>\n<p>Ce logiciel est compatible avec Windows 10, 8.1, 8, 7, et XP, tant en version 32 bits (x86) qu&rsquo;en 64 bits (x64), assurant l&rsquo;accessibilit\u00e9 \u00e0 un large \u00e9ventail d&rsquo;utilisateurs.<\/p>\n<h3><strong>Polyglotte<\/strong><\/h3>\n<p>Avec une vari\u00e9t\u00e9 de langues prises en charge, dont l&rsquo;anglais, le hongrois, le n\u00e9erlandais, le danois, l&rsquo;espagnol, l&rsquo;italien, le chinois, le mexicain, l&rsquo;allemand, le norv\u00e9gien, le polonais, le russe, le turc, le fran\u00e7ais, le tch\u00e8que, le su\u00e9dois et le japonais, ce catalogue est une ressource mondiale.<\/p>\n<h3><strong>Taille de T\u00e9l\u00e9chargement Imposante<\/strong><\/h3>\n<p>Pour garantir un acc\u00e8s complet \u00e0 toutes ces informations, pr\u00e9parez-vous \u00e0 t\u00e9l\u00e9charger 4 Go de donn\u00e9es. Mais cela en vaut la peine pour la richesse des informations disponibles.<\/p>\n<h3><strong data-moz-translations-id=\"0\">Optimisez Votre Maintenance<\/strong><\/h3>\n<p>MAN MANTIS EPC v.6.6 vous donne la capacit\u00e9 de trouver rapidement les pi\u00e8ces dont vous avez besoin. Pour entretenir, r\u00e9parer et am\u00e9liorer vos camions et autobus MAN. C&rsquo;est un atout inestimable pour les passionn\u00e9s et les professionnels de l&rsquo;automobile.<\/p>\n<p>&nbsp;<\/p>\n<p>&nbsp;<\/p>","protected":false},"excerpt":{"rendered":"<p>le catalogue de pi\u00e8ces pour camions et autobus MAN, accessible sur tous les march\u00e9s.<\/p>","protected":false},"featured_media":418,"template":"","meta":[],"product_brand":[],"product_cat":[19],"product_tag":[],"class_list":{"0":"post-417","1":"product","2":"type-product","3":"status-publish","4":"has-post-thumbnail","6":"product_cat-epc-et-manuels-de-reparation-trucks","8":"first","9":"instock","10":"downloadable","11":"virtual","12":"purchasable","13":"product-type-simple"},"yoast_head":"<!-- This site is optimized with the Yoast SEO plugin v27.4 - https:\/\/yoast.com\/product\/yoast-seo-wordpress\/ -->\n<title>MAN MANTIS EPC MMB OBD2 SOFTWARE<\/title>\n<meta name=\"description\" content=\"D\u00e9couvrez MMB Software Automotive : MAN MANTIS EPC v.6.6, le catalogue de pi\u00e8ces pour camions et autobus MAN, accessible sur tous les march\u00e9s.\" \/>\n<meta name=\"robots\" content=\"index, follow, max-snippet:-1, max-image-preview:large, max-video-preview:-1\" \/>\n<link rel=\"canonical\" href=\"https:\/\/mmbobd2.com\/en\/product\/man-mantis-epc\/\" \/>\n<meta property=\"og:locale\" content=\"en_GB\" \/>\n<meta property=\"og:type\" content=\"article\" \/>\n<meta property=\"og:title\" content=\"MAN MANTIS EPC\" \/>\n<meta property=\"og:description\" content=\"Explorez le catalogue \u00e9lectronique MAN MANTIS EPC v.6.6 de MMB Software Automotive. Trouvez des pi\u00e8ces pour camions et autobus MAN. #MMBAutomotive #MANMANTISEPC #Catalogue\u00c9lectronique\" \/>\n<meta property=\"og:url\" content=\"https:\/\/mmbobd2.com\/en\/product\/man-mantis-epc\/\" \/>\n<meta property=\"og:site_name\" content=\"MMB OBD2 SOFTWARE\" \/>\n<meta property=\"article:publisher\" content=\"https:\/\/www.facebook.com\/profile.php?id=61552159950965\" \/>\n<meta property=\"article:modified_time\" content=\"2025-12-25T00:13:30+00:00\" \/>\n<meta property=\"og:image\" content=\"https:\/\/mmbobd2.com\/wp-content\/uploads\/2023\/10\/MANMANTIS.jpg\" \/>\n\t<meta property=\"og:image:width\" content=\"1000\" \/>\n\t<meta property=\"og:image:height\" content=\"1000\" \/>\n\t<meta property=\"og:image:type\" content=\"image\/jpeg\" \/>\n<meta name=\"twitter:card\" content=\"summary_large_image\" \/>\n<meta name=\"twitter:label1\" content=\"Estimated reading time\" \/>\n\t<meta name=\"twitter:data1\" content=\"2 minutes\" \/>\n<script type=\"application\/ld+json\" class=\"yoast-schema-graph\">{\"@context\":\"https:\\\/\\\/schema.org\",\"@graph\":[{\"@type\":\"WebPage\",\"@id\":\"https:\\\/\\\/mmbobd2.com\\\/product\\\/man-mantis-epc\\\/\",\"url\":\"https:\\\/\\\/mmbobd2.com\\\/product\\\/man-mantis-epc\\\/\",\"name\":\"MAN MANTIS EPC MMB OBD2 SOFTWARE\",\"isPartOf\":{\"@id\":\"https:\\\/\\\/mmbobd2.com\\\/#website\"},\"primaryImageOfPage\":{\"@id\":\"https:\\\/\\\/mmbobd2.com\\\/product\\\/man-mantis-epc\\\/#primaryimage\"},\"image\":{\"@id\":\"https:\\\/\\\/mmbobd2.com\\\/product\\\/man-mantis-epc\\\/#primaryimage\"},\"thumbnailUrl\":\"https:\\\/\\\/i0.wp.com\\\/mmbobd2.com\\\/wp-content\\\/uploads\\\/2023\\\/10\\\/MANMANTIS.jpg?fit=1000%2C1000&ssl=1\",\"datePublished\":\"2023-10-10T21:41:38+00:00\",\"dateModified\":\"2025-12-25T00:13:30+00:00\",\"description\":\"D\u00e9couvrez MMB Software Automotive : MAN MANTIS EPC v.6.6, le catalogue de pi\u00e8ces pour camions et autobus MAN, accessible sur tous les march\u00e9s.\",\"breadcrumb\":{\"@id\":\"https:\\\/\\\/mmbobd2.com\\\/product\\\/man-mantis-epc\\\/#breadcrumb\"},\"inLanguage\":\"en-GB\",\"potentialAction\":[{\"@type\":\"ReadAction\",\"target\":[\"https:\\\/\\\/mmbobd2.com\\\/product\\\/man-mantis-epc\\\/\"]}]},{\"@type\":\"ImageObject\",\"inLanguage\":\"en-GB\",\"@id\":\"https:\\\/\\\/mmbobd2.com\\\/product\\\/man-mantis-epc\\\/#primaryimage\",\"url\":\"https:\\\/\\\/i0.wp.com\\\/mmbobd2.com\\\/wp-content\\\/uploads\\\/2023\\\/10\\\/MANMANTIS.jpg?fit=1000%2C1000&ssl=1\",\"contentUrl\":\"https:\\\/\\\/i0.wp.com\\\/mmbobd2.com\\\/wp-content\\\/uploads\\\/2023\\\/10\\\/MANMANTIS.jpg?fit=1000%2C1000&ssl=1\",\"width\":1000,\"height\":1000,\"caption\":\"MAN MANTIS EPC\"},{\"@type\":\"BreadcrumbList\",\"@id\":\"https:\\\/\\\/mmbobd2.com\\\/product\\\/man-mantis-epc\\\/#breadcrumb\",\"itemListElement\":[{\"@type\":\"ListItem\",\"position\":1,\"name\":\"Accueil\",\"item\":\"https:\\\/\\\/mmbobd2.com\\\/\"},{\"@type\":\"ListItem\",\"position\":2,\"name\":\"Boutique\",\"item\":\"https:\\\/\\\/mmbobd2.com\\\/logiciels-de-diagnostic-automobiles\\\/\"},{\"@type\":\"ListItem\",\"position\":3,\"name\":\"MAN MANTIS EPC\"}]},{\"@type\":\"WebSite\",\"@id\":\"https:\\\/\\\/mmbobd2.com\\\/#website\",\"url\":\"https:\\\/\\\/mmbobd2.com\\\/\",\"name\":\"MMB OBD2 SOFTWARE\",\"description\":\"\",\"publisher\":{\"@id\":\"https:\\\/\\\/mmbobd2.com\\\/#organization\"},\"alternateName\":\"mmbsoftauto\",\"potentialAction\":[{\"@type\":\"SearchAction\",\"target\":{\"@type\":\"EntryPoint\",\"urlTemplate\":\"https:\\\/\\\/mmbobd2.com\\\/?s={search_term_string}\"},\"query-input\":{\"@type\":\"PropertyValueSpecification\",\"valueRequired\":true,\"valueName\":\"search_term_string\"}}],\"inLanguage\":\"en-GB\"},{\"@type\":\"Organization\",\"@id\":\"https:\\\/\\\/mmbobd2.com\\\/#organization\",\"name\":\"MMB COMPANY\",\"url\":\"https:\\\/\\\/mmbobd2.com\\\/\",\"logo\":{\"@type\":\"ImageObject\",\"inLanguage\":\"en-GB\",\"@id\":\"https:\\\/\\\/mmbobd2.com\\\/#\\\/schema\\\/logo\\\/image\\\/\",\"url\":\"https:\\\/\\\/mmbobd2.com\\\/wp-content\\\/uploads\\\/2023\\\/10\\\/LOGO-ROND-MMB-200.png\",\"contentUrl\":\"https:\\\/\\\/mmbobd2.com\\\/wp-content\\\/uploads\\\/2023\\\/10\\\/LOGO-ROND-MMB-200.png\",\"width\":200,\"height\":200,\"caption\":\"MMB COMPANY\"},\"image\":{\"@id\":\"https:\\\/\\\/mmbobd2.com\\\/#\\\/schema\\\/logo\\\/image\\\/\"},\"sameAs\":[\"https:\\\/\\\/www.facebook.com\\\/profile.php?id=61552159950965\"]}]}<\/script>\n<!-- \/ Yoast SEO plugin. -->","yoast_head_json":{"title":"MAN MANTIS EPC MMB OBD2 SOFTWARE","description":"D\u00e9couvrez MMB Software Automotive : MAN MANTIS EPC v.6.6, le catalogue de pi\u00e8ces pour camions et autobus MAN, accessible sur tous les march\u00e9s.","robots":{"index":"index","follow":"follow","max-snippet":"max-snippet:-1","max-image-preview":"max-image-preview:large","max-video-preview":"max-video-preview:-1"},"canonical":"https:\/\/mmbobd2.com\/en\/product\/man-mantis-epc\/","og_locale":"en_GB","og_type":"article","og_title":"MAN MANTIS EPC","og_description":"Explorez le catalogue \u00e9lectronique MAN MANTIS EPC v.6.6 de MMB Software Automotive. Trouvez des pi\u00e8ces pour camions et autobus MAN. #MMBAutomotive #MANMANTISEPC #Catalogue\u00c9lectronique","og_url":"https:\/\/mmbobd2.com\/en\/product\/man-mantis-epc\/","og_site_name":"MMB OBD2 SOFTWARE","article_publisher":"https:\/\/www.facebook.com\/profile.php?id=61552159950965","article_modified_time":"2025-12-25T00:13:30+00:00","og_image":[{"width":1000,"height":1000,"url":"https:\/\/mmbobd2.com\/wp-content\/uploads\/2023\/10\/MANMANTIS.jpg","type":"image\/jpeg"}],"twitter_card":"summary_large_image","twitter_misc":{"Estimated reading time":"2 minutes"},"schema":{"@context":"https:\/\/schema.org","@graph":[{"@type":"WebPage","@id":"https:\/\/mmbobd2.com\/product\/man-mantis-epc\/","url":"https:\/\/mmbobd2.com\/product\/man-mantis-epc\/","name":"MAN MANTIS EPC MMB OBD2 SOFTWARE","isPartOf":{"@id":"https:\/\/mmbobd2.com\/#website"},"primaryImageOfPage":{"@id":"https:\/\/mmbobd2.com\/product\/man-mantis-epc\/#primaryimage"},"image":{"@id":"https:\/\/mmbobd2.com\/product\/man-mantis-epc\/#primaryimage"},"thumbnailUrl":"https:\/\/i0.wp.com\/mmbobd2.com\/wp-content\/uploads\/2023\/10\/MANMANTIS.jpg?fit=1000%2C1000&ssl=1","datePublished":"2023-10-10T21:41:38+00:00","dateModified":"2025-12-25T00:13:30+00:00","description":"D\u00e9couvrez MMB Software Automotive : MAN MANTIS EPC v.6.6, le catalogue de pi\u00e8ces pour camions et autobus MAN, accessible sur tous les march\u00e9s.","breadcrumb":{"@id":"https:\/\/mmbobd2.com\/product\/man-mantis-epc\/#breadcrumb"},"inLanguage":"en-GB","potentialAction":[{"@type":"ReadAction","target":["https:\/\/mmbobd2.com\/product\/man-mantis-epc\/"]}]},{"@type":"ImageObject","inLanguage":"en-GB","@id":"https:\/\/mmbobd2.com\/product\/man-mantis-epc\/#primaryimage","url":"https:\/\/i0.wp.com\/mmbobd2.com\/wp-content\/uploads\/2023\/10\/MANMANTIS.jpg?fit=1000%2C1000&ssl=1","contentUrl":"https:\/\/i0.wp.com\/mmbobd2.com\/wp-content\/uploads\/2023\/10\/MANMANTIS.jpg?fit=1000%2C1000&ssl=1","width":1000,"height":1000,"caption":"MAN MANTIS EPC"},{"@type":"BreadcrumbList","@id":"https:\/\/mmbobd2.com\/product\/man-mantis-epc\/#breadcrumb","itemListElement":[{"@type":"ListItem","position":1,"name":"Accueil","item":"https:\/\/mmbobd2.com\/"},{"@type":"ListItem","position":2,"name":"Boutique","item":"https:\/\/mmbobd2.com\/logiciels-de-diagnostic-automobiles\/"},{"@type":"ListItem","position":3,"name":"MAN MANTIS EPC"}]},{"@type":"WebSite","@id":"https:\/\/mmbobd2.com\/#website","url":"https:\/\/mmbobd2.com\/","name":"MMB OBD2 SOFTWARE","description":"","publisher":{"@id":"https:\/\/mmbobd2.com\/#organization"},"alternateName":"mmbsoftauto","potentialAction":[{"@type":"SearchAction","target":{"@type":"EntryPoint","urlTemplate":"https:\/\/mmbobd2.com\/?s={search_term_string}"},"query-input":{"@type":"PropertyValueSpecification","valueRequired":true,"valueName":"search_term_string"}}],"inLanguage":"en-GB"},{"@type":"Organization","@id":"https:\/\/mmbobd2.com\/#organization","name":"MMB COMPANY","url":"https:\/\/mmbobd2.com\/","logo":{"@type":"ImageObject","inLanguage":"en-GB","@id":"https:\/\/mmbobd2.com\/#\/schema\/logo\/image\/","url":"https:\/\/mmbobd2.com\/wp-content\/uploads\/2023\/10\/LOGO-ROND-MMB-200.png","contentUrl":"https:\/\/mmbobd2.com\/wp-content\/uploads\/2023\/10\/LOGO-ROND-MMB-200.png","width":200,"height":200,"caption":"MMB COMPANY"},"image":{"@id":"https:\/\/mmbobd2.com\/#\/schema\/logo\/image\/"},"sameAs":["https:\/\/www.facebook.com\/profile.php?id=61552159950965"]}]}},"_links":{"self":[{"href":"https:\/\/mmbobd2.com\/en\/wp-json\/wp\/v2\/product\/417","targetHints":{"allow":["GET"]}}],"collection":[{"href":"https:\/\/mmbobd2.com\/en\/wp-json\/wp\/v2\/product"}],"about":[{"href":"https:\/\/mmbobd2.com\/en\/wp-json\/wp\/v2\/types\/product"}],"wp:featuredmedia":[{"embeddable":true,"href":"https:\/\/mmbobd2.com\/en\/wp-json\/wp\/v2\/media\/418"}],"wp:attachment":[{"href":"https:\/\/mmbobd2.com\/en\/wp-json\/wp\/v2\/media?parent=417"}],"wp:term":[{"taxonomy":"product_brand","embeddable":true,"href":"https:\/\/mmbobd2.com\/en\/wp-json\/wp\/v2\/product_brand?post=417"},{"taxonomy":"product_cat","embeddable":true,"href":"https:\/\/mmbobd2.com\/en\/wp-json\/wp\/v2\/product_cat?post=417"},{"taxonomy":"product_tag","embeddable":true,"href":"https:\/\/mmbobd2.com\/en\/wp-json\/wp\/v2\/product_tag?post=417"}],"curies":[{"name":"wp","href":"https:\/\/api.w.org\/{rel}","templated":true}]}}