{"id":419,"date":"2023-10-10T21:53:16","date_gmt":"2023-10-10T21:53:16","guid":{"rendered":"https:\/\/mmbobd2.com\/?post_type=product&#038;p=419"},"modified":"2023-11-18T15:38:18","modified_gmt":"2023-11-18T15:38:18","slug":"mitchell-ultramate-2023","status":"publish","type":"product","link":"https:\/\/mmbobd2.com\/en\/product\/mitchell-ultramate-2023\/","title":{"rendered":"MITCHELL ULTRAMATE 2023"},"content":{"rendered":"<h2 style=\"text-align: center;\"><strong>MITCHELL ULTRAMATE 2023<\/strong><\/h2>\n<p>&nbsp;<\/p>\n<h3><strong>D\u00e9couvrez UltraMate : L&rsquo;Art de l&rsquo;Estimation Automobile<\/strong><\/h3>\n<p>MITCHELL ULTRAMATE 2023, propos\u00e9 par MMB Software Automotive, est bien plus qu&rsquo;un simple logiciel d&rsquo;estimation. C&rsquo;est un syst\u00e8me avanc\u00e9 qui allie la pr\u00e9cision de la base de donn\u00e9es Mitchell, la simplicit\u00e9 de Windows et des calculs automatis\u00e9s pour cr\u00e9er des estimations d&rsquo;une pr\u00e9cision<a href=\"https:\/\/mmbobd2.com\/en\/product-category\/software-reprogrammation-auto\/diagnostic-automobiles\/epc-et-manuels-de-reparation-auto\/\"> in\u00e9gal\u00e9e<\/a>.<\/p>\n<h3><strong>Estimations Sans Erreurs<\/strong><\/h3>\n<p>UltraMate offre des pages de proc\u00e9dures de r\u00e9paration et des calculs automatis\u00e9s pour \u00e9liminer les erreurs. Cr\u00e9ez des estimations pr\u00e9cises du premier coup et r\u00e9duisez le besoin de suppl\u00e9ments.<\/p>\n<h3><strong data-moz-translations-id=\"0\">Navigation Intuitive<\/strong><\/h3>\n<p>Avec une navigation intuitive, des graphiques clairs et des instructions simples, UltraMate vous offre une technologie d&rsquo;estimation puissante tout en restant facile \u00e0 utiliser.<\/p>\n<h3><strong>Gestion Compl\u00e8te<\/strong><\/h3>\n<p>UltraMate est \u00e9galement \u00e9quip\u00e9 pour g\u00e9rer une vari\u00e9t\u00e9 de sc\u00e9narios d&rsquo;estimation, y compris des produits de s\u00e9lection de pi\u00e8ces alternatives. Il inclut un produit de gestion d&rsquo;atelier de base, ShopPak, pour vous aider dans la gestion de votre entreprise.<\/p>\n<h3><strong data-moz-translations-id=\"0\">Produits Associ\u00e9s<\/strong><\/h3>\n<p>Explorez les produits associ\u00e9s, y compris Mitchell\u2019s Alternate Parts Program (MAPP), Pi\u00e8ces recycl\u00e9es de qualit\u00e9 (QRP) et ShopPak, pour optimiser votre exp\u00e9rience avec UltraMate.<\/p>\n<h3><strong data-moz-translations-id=\"0\">Caract\u00e9ristiques Puissantes<\/strong><\/h3>\n<p>UltraMate est aliment\u00e9 par la base de donn\u00e9es Mitchell, la r\u00e9f\u00e9rence n\u00b01 dans l&rsquo;industrie. Il dispose d&rsquo;une structure de menu \u00e0 onglets, d&rsquo;un \u00e9cran de r\u00e9paration configurable, du d\u00e9codage automatique du VIN, des pages de proc\u00e9dure, et bien plus encore.<\/p>\n<h3><strong>Avantages Incontestables<\/strong><\/h3>\n<p>En utilisant UltraMate, augmentez la productivit\u00e9 et la flexibilit\u00e9 de votre entreprise, gagnez du temps, r\u00e9duisez les erreurs et \u00e9tablissez des connexions rapides et faciles avec vos partenaires commerciaux.<\/p>\n<h3><strong>Compatibilit\u00e9 Syst\u00e8me<\/strong><\/h3>\n<p>UltraMate est compatible avec VISTA, Win7, Win8, Win10, WinNT, WinXP, vous permettant de l&rsquo;utiliser sur une vari\u00e9t\u00e9 de<a href=\"https:\/\/the-best-manuals-online.com\/fr\/products\/john-deer-parts-advisor-2020-epc-john-deer-hitachi-models-cf-ag-cce-parts-manuals-software-2021\"> plateformes<\/a>.<\/p>\n<p>&nbsp;<\/p>","protected":false},"excerpt":{"rendered":"<p>Cr\u00e9ez des estimations pr\u00e9cises et accept\u00e9es dans l&rsquo;industrie automobile gr\u00e2ce \u00e0 une technologie \u00e9prouv\u00e9e. MMB Software Automotive.<\/p>","protected":false},"featured_media":420,"template":"","meta":[],"product_brand":[],"product_cat":[18],"product_tag":[],"class_list":{"0":"post-419","1":"product","2":"type-product","3":"status-publish","4":"has-post-thumbnail","6":"product_cat-epc-et-manuels-de-reparation-auto","8":"first","9":"instock","10":"downloadable","11":"virtual","12":"purchasable","13":"product-type-simple"},"yoast_head":"<!-- This site is optimized with the Yoast SEO plugin v27.4 - https:\/\/yoast.com\/product\/yoast-seo-wordpress\/ -->\n<title>MITCHELL ULTRAMATE 2023 MMB OBD2 SOFTWARE<\/title>\n<meta name=\"description\" content=\"MITCHELL ULTRAMATE 2023 Cr\u00e9ez des estimations pr\u00e9cises et accept\u00e9es dans l&#039;industrie automobile gr\u00e2ce \u00e0 une technologie \u00e9prouv\u00e9e. MMB Software Automotive.\" \/>\n<meta name=\"robots\" content=\"index, follow, max-snippet:-1, max-image-preview:large, max-video-preview:-1\" \/>\n<link rel=\"canonical\" href=\"https:\/\/mmbobd2.com\/en\/product\/mitchell-ultramate-2023\/\" \/>\n<meta property=\"og:locale\" content=\"en_GB\" \/>\n<meta property=\"og:type\" content=\"article\" \/>\n<meta property=\"og:title\" content=\"MITCHELL ULTRAMATE 2023\" \/>\n<meta property=\"og:description\" content=\"D\u00e9couvrez UltraMate de MMB Software Automotive, le syst\u00e8me d&#039;estimation avanc\u00e9 pour l&#039;industrie automobile. #UltraMate #EstimationAutomobile #MMBAutomotive\" \/>\n<meta property=\"og:url\" content=\"https:\/\/mmbobd2.com\/en\/product\/mitchell-ultramate-2023\/\" \/>\n<meta property=\"og:site_name\" content=\"MMB OBD2 SOFTWARE\" \/>\n<meta property=\"article:publisher\" content=\"https:\/\/www.facebook.com\/profile.php?id=61552159950965\" \/>\n<meta property=\"article:modified_time\" content=\"2023-11-18T15:38:18+00:00\" \/>\n<meta property=\"og:image\" content=\"https:\/\/mmbobd2.com\/wp-content\/uploads\/2023\/10\/MITCHELL-2023.jpg\" \/>\n\t<meta property=\"og:image:width\" content=\"1000\" \/>\n\t<meta property=\"og:image:height\" content=\"1000\" \/>\n\t<meta property=\"og:image:type\" content=\"image\/jpeg\" \/>\n<meta name=\"twitter:card\" content=\"summary_large_image\" \/>\n<meta name=\"twitter:label1\" content=\"Estimated reading time\" \/>\n\t<meta name=\"twitter:data1\" content=\"2 minutes\" \/>\n<script type=\"application\/ld+json\" class=\"yoast-schema-graph\">{\"@context\":\"https:\\\/\\\/schema.org\",\"@graph\":[{\"@type\":\"WebPage\",\"@id\":\"https:\\\/\\\/mmbobd2.com\\\/product\\\/mitchell-ultramate-2023\\\/\",\"url\":\"https:\\\/\\\/mmbobd2.com\\\/product\\\/mitchell-ultramate-2023\\\/\",\"name\":\"MITCHELL ULTRAMATE 2023 MMB OBD2 SOFTWARE\",\"isPartOf\":{\"@id\":\"https:\\\/\\\/mmbobd2.com\\\/#website\"},\"primaryImageOfPage\":{\"@id\":\"https:\\\/\\\/mmbobd2.com\\\/product\\\/mitchell-ultramate-2023\\\/#primaryimage\"},\"image\":{\"@id\":\"https:\\\/\\\/mmbobd2.com\\\/product\\\/mitchell-ultramate-2023\\\/#primaryimage\"},\"thumbnailUrl\":\"https:\\\/\\\/i0.wp.com\\\/mmbobd2.com\\\/wp-content\\\/uploads\\\/2023\\\/10\\\/MITCHELL-2023.jpg?fit=1000%2C1000&ssl=1\",\"datePublished\":\"2023-10-10T21:53:16+00:00\",\"dateModified\":\"2023-11-18T15:38:18+00:00\",\"description\":\"MITCHELL ULTRAMATE 2023 Cr\u00e9ez des estimations pr\u00e9cises et accept\u00e9es dans l'industrie automobile gr\u00e2ce \u00e0 une technologie \u00e9prouv\u00e9e. MMB Software Automotive.\",\"breadcrumb\":{\"@id\":\"https:\\\/\\\/mmbobd2.com\\\/product\\\/mitchell-ultramate-2023\\\/#breadcrumb\"},\"inLanguage\":\"en-GB\",\"potentialAction\":[{\"@type\":\"ReadAction\",\"target\":[\"https:\\\/\\\/mmbobd2.com\\\/product\\\/mitchell-ultramate-2023\\\/\"]}]},{\"@type\":\"ImageObject\",\"inLanguage\":\"en-GB\",\"@id\":\"https:\\\/\\\/mmbobd2.com\\\/product\\\/mitchell-ultramate-2023\\\/#primaryimage\",\"url\":\"https:\\\/\\\/i0.wp.com\\\/mmbobd2.com\\\/wp-content\\\/uploads\\\/2023\\\/10\\\/MITCHELL-2023.jpg?fit=1000%2C1000&ssl=1\",\"contentUrl\":\"https:\\\/\\\/i0.wp.com\\\/mmbobd2.com\\\/wp-content\\\/uploads\\\/2023\\\/10\\\/MITCHELL-2023.jpg?fit=1000%2C1000&ssl=1\",\"width\":1000,\"height\":1000,\"caption\":\"MITCHELL ULTRAMATE 2023\"},{\"@type\":\"BreadcrumbList\",\"@id\":\"https:\\\/\\\/mmbobd2.com\\\/product\\\/mitchell-ultramate-2023\\\/#breadcrumb\",\"itemListElement\":[{\"@type\":\"ListItem\",\"position\":1,\"name\":\"Accueil\",\"item\":\"https:\\\/\\\/mmbobd2.com\\\/\"},{\"@type\":\"ListItem\",\"position\":2,\"name\":\"Boutique\",\"item\":\"https:\\\/\\\/mmbobd2.com\\\/logiciels-de-diagnostic-automobiles\\\/\"},{\"@type\":\"ListItem\",\"position\":3,\"name\":\"MITCHELL ULTRAMATE 2023\"}]},{\"@type\":\"WebSite\",\"@id\":\"https:\\\/\\\/mmbobd2.com\\\/#website\",\"url\":\"https:\\\/\\\/mmbobd2.com\\\/\",\"name\":\"MMB OBD2 SOFTWARE\",\"description\":\"\",\"publisher\":{\"@id\":\"https:\\\/\\\/mmbobd2.com\\\/#organization\"},\"alternateName\":\"mmbsoftauto\",\"potentialAction\":[{\"@type\":\"SearchAction\",\"target\":{\"@type\":\"EntryPoint\",\"urlTemplate\":\"https:\\\/\\\/mmbobd2.com\\\/?s={search_term_string}\"},\"query-input\":{\"@type\":\"PropertyValueSpecification\",\"valueRequired\":true,\"valueName\":\"search_term_string\"}}],\"inLanguage\":\"en-GB\"},{\"@type\":\"Organization\",\"@id\":\"https:\\\/\\\/mmbobd2.com\\\/#organization\",\"name\":\"MMB COMPANY\",\"url\":\"https:\\\/\\\/mmbobd2.com\\\/\",\"logo\":{\"@type\":\"ImageObject\",\"inLanguage\":\"en-GB\",\"@id\":\"https:\\\/\\\/mmbobd2.com\\\/#\\\/schema\\\/logo\\\/image\\\/\",\"url\":\"https:\\\/\\\/mmbobd2.com\\\/wp-content\\\/uploads\\\/2023\\\/10\\\/LOGO-ROND-MMB-200.png\",\"contentUrl\":\"https:\\\/\\\/mmbobd2.com\\\/wp-content\\\/uploads\\\/2023\\\/10\\\/LOGO-ROND-MMB-200.png\",\"width\":200,\"height\":200,\"caption\":\"MMB COMPANY\"},\"image\":{\"@id\":\"https:\\\/\\\/mmbobd2.com\\\/#\\\/schema\\\/logo\\\/image\\\/\"},\"sameAs\":[\"https:\\\/\\\/www.facebook.com\\\/profile.php?id=61552159950965\"]}]}<\/script>\n<!-- \/ Yoast SEO plugin. -->","yoast_head_json":{"title":"MITCHELL ULTRAMATE 2023 MMB OBD2 SOFTWARE","description":"MITCHELL ULTRAMATE 2023 Cr\u00e9ez des estimations pr\u00e9cises et accept\u00e9es dans l'industrie automobile gr\u00e2ce \u00e0 une technologie \u00e9prouv\u00e9e. MMB Software Automotive.","robots":{"index":"index","follow":"follow","max-snippet":"max-snippet:-1","max-image-preview":"max-image-preview:large","max-video-preview":"max-video-preview:-1"},"canonical":"https:\/\/mmbobd2.com\/en\/product\/mitchell-ultramate-2023\/","og_locale":"en_GB","og_type":"article","og_title":"MITCHELL ULTRAMATE 2023","og_description":"D\u00e9couvrez UltraMate de MMB Software Automotive, le syst\u00e8me d'estimation avanc\u00e9 pour l'industrie automobile. #UltraMate #EstimationAutomobile #MMBAutomotive","og_url":"https:\/\/mmbobd2.com\/en\/product\/mitchell-ultramate-2023\/","og_site_name":"MMB OBD2 SOFTWARE","article_publisher":"https:\/\/www.facebook.com\/profile.php?id=61552159950965","article_modified_time":"2023-11-18T15:38:18+00:00","og_image":[{"width":1000,"height":1000,"url":"https:\/\/mmbobd2.com\/wp-content\/uploads\/2023\/10\/MITCHELL-2023.jpg","type":"image\/jpeg"}],"twitter_card":"summary_large_image","twitter_misc":{"Estimated reading time":"2 minutes"},"schema":{"@context":"https:\/\/schema.org","@graph":[{"@type":"WebPage","@id":"https:\/\/mmbobd2.com\/product\/mitchell-ultramate-2023\/","url":"https:\/\/mmbobd2.com\/product\/mitchell-ultramate-2023\/","name":"MITCHELL ULTRAMATE 2023 MMB OBD2 SOFTWARE","isPartOf":{"@id":"https:\/\/mmbobd2.com\/#website"},"primaryImageOfPage":{"@id":"https:\/\/mmbobd2.com\/product\/mitchell-ultramate-2023\/#primaryimage"},"image":{"@id":"https:\/\/mmbobd2.com\/product\/mitchell-ultramate-2023\/#primaryimage"},"thumbnailUrl":"https:\/\/i0.wp.com\/mmbobd2.com\/wp-content\/uploads\/2023\/10\/MITCHELL-2023.jpg?fit=1000%2C1000&ssl=1","datePublished":"2023-10-10T21:53:16+00:00","dateModified":"2023-11-18T15:38:18+00:00","description":"MITCHELL ULTRAMATE 2023 Cr\u00e9ez des estimations pr\u00e9cises et accept\u00e9es dans l'industrie automobile gr\u00e2ce \u00e0 une technologie \u00e9prouv\u00e9e. MMB Software Automotive.","breadcrumb":{"@id":"https:\/\/mmbobd2.com\/product\/mitchell-ultramate-2023\/#breadcrumb"},"inLanguage":"en-GB","potentialAction":[{"@type":"ReadAction","target":["https:\/\/mmbobd2.com\/product\/mitchell-ultramate-2023\/"]}]},{"@type":"ImageObject","inLanguage":"en-GB","@id":"https:\/\/mmbobd2.com\/product\/mitchell-ultramate-2023\/#primaryimage","url":"https:\/\/i0.wp.com\/mmbobd2.com\/wp-content\/uploads\/2023\/10\/MITCHELL-2023.jpg?fit=1000%2C1000&ssl=1","contentUrl":"https:\/\/i0.wp.com\/mmbobd2.com\/wp-content\/uploads\/2023\/10\/MITCHELL-2023.jpg?fit=1000%2C1000&ssl=1","width":1000,"height":1000,"caption":"MITCHELL ULTRAMATE 2023"},{"@type":"BreadcrumbList","@id":"https:\/\/mmbobd2.com\/product\/mitchell-ultramate-2023\/#breadcrumb","itemListElement":[{"@type":"ListItem","position":1,"name":"Accueil","item":"https:\/\/mmbobd2.com\/"},{"@type":"ListItem","position":2,"name":"Boutique","item":"https:\/\/mmbobd2.com\/logiciels-de-diagnostic-automobiles\/"},{"@type":"ListItem","position":3,"name":"MITCHELL ULTRAMATE 2023"}]},{"@type":"WebSite","@id":"https:\/\/mmbobd2.com\/#website","url":"https:\/\/mmbobd2.com\/","name":"MMB OBD2 SOFTWARE","description":"","publisher":{"@id":"https:\/\/mmbobd2.com\/#organization"},"alternateName":"mmbsoftauto","potentialAction":[{"@type":"SearchAction","target":{"@type":"EntryPoint","urlTemplate":"https:\/\/mmbobd2.com\/?s={search_term_string}"},"query-input":{"@type":"PropertyValueSpecification","valueRequired":true,"valueName":"search_term_string"}}],"inLanguage":"en-GB"},{"@type":"Organization","@id":"https:\/\/mmbobd2.com\/#organization","name":"MMB COMPANY","url":"https:\/\/mmbobd2.com\/","logo":{"@type":"ImageObject","inLanguage":"en-GB","@id":"https:\/\/mmbobd2.com\/#\/schema\/logo\/image\/","url":"https:\/\/mmbobd2.com\/wp-content\/uploads\/2023\/10\/LOGO-ROND-MMB-200.png","contentUrl":"https:\/\/mmbobd2.com\/wp-content\/uploads\/2023\/10\/LOGO-ROND-MMB-200.png","width":200,"height":200,"caption":"MMB COMPANY"},"image":{"@id":"https:\/\/mmbobd2.com\/#\/schema\/logo\/image\/"},"sameAs":["https:\/\/www.facebook.com\/profile.php?id=61552159950965"]}]}},"_links":{"self":[{"href":"https:\/\/mmbobd2.com\/en\/wp-json\/wp\/v2\/product\/419","targetHints":{"allow":["GET"]}}],"collection":[{"href":"https:\/\/mmbobd2.com\/en\/wp-json\/wp\/v2\/product"}],"about":[{"href":"https:\/\/mmbobd2.com\/en\/wp-json\/wp\/v2\/types\/product"}],"wp:featuredmedia":[{"embeddable":true,"href":"https:\/\/mmbobd2.com\/en\/wp-json\/wp\/v2\/media\/420"}],"wp:attachment":[{"href":"https:\/\/mmbobd2.com\/en\/wp-json\/wp\/v2\/media?parent=419"}],"wp:term":[{"taxonomy":"product_brand","embeddable":true,"href":"https:\/\/mmbobd2.com\/en\/wp-json\/wp\/v2\/product_brand?post=419"},{"taxonomy":"product_cat","embeddable":true,"href":"https:\/\/mmbobd2.com\/en\/wp-json\/wp\/v2\/product_cat?post=419"},{"taxonomy":"product_tag","embeddable":true,"href":"https:\/\/mmbobd2.com\/en\/wp-json\/wp\/v2\/product_tag?post=419"}],"curies":[{"name":"wp","href":"https:\/\/api.w.org\/{rel}","templated":true}]}}