{"id":425,"date":"2023-10-10T22:35:08","date_gmt":"2023-10-10T22:35:08","guid":{"rendered":"https:\/\/mmbobd2.com\/?post_type=product&#038;p=425"},"modified":"2023-11-08T16:00:36","modified_gmt":"2023-11-08T16:00:36","slug":"nissan-nats-code-calculator","status":"publish","type":"product","link":"https:\/\/mmbobd2.com\/en\/product\/nissan-nats-code-calculator\/","title":{"rendered":"NISSAN NATS PIN CODE CALCULATOR"},"content":{"rendered":"<h2 style=\"text-align: center;\"><strong>NISSAN NATS PIN CODE CALCULATOR<\/strong><\/h2>\n<p>&nbsp;<\/p>\n<p>&nbsp;<\/p>\n<p>Le calculateur de code NATS de NISSAN NATS CODE CALCULATOR est capable de calculer le code PIN Nissan \u00e0 4 chiffres requis pour programmer les cl\u00e9s du transpondeur sur une large gamme de v\u00e9hicules Nissan et Infiniti.<\/p>\n<p>&nbsp;<\/p>\n<p><strong>Nissan NATS 5 &amp; 6 PIN CALCULATOR supports:<\/strong><\/p>\n<ul>\n<li>Siemens encrypted pin for <a href=\"https:\/\/mmbobd2.com\/en\/product-category\/software-reprogrammation-auto\/\">NATS<\/a> 5<\/li>\n<li>Siemens encrypted pin for NATS 6<\/li>\n<li>Siemens Made in Mexico, Made in Germany, Made in <a href=\"https:\/\/www.nissanusa.com\/\">Europe<\/a>.<\/li>\n<\/ul>\n<p>&nbsp;<\/p>\n<p><strong>Liste des v\u00e9hicules Support\u00e9\u00a0<\/strong><strong>:<\/strong><\/p>\n<p><strong>Nissan: <\/strong><\/p>\n<p>Altima, Almera, Armada, Frontier, Maxima, Cefiro, Murano, Merca, March, Navara, Note, Pathfinder, Primera, Patrol, Pulsar, Quest, Quashqai, Sentra, Teana, Titan, Terrano II, Xterra, Xtrail, 350Z, Skyline, Versa, Atlas, Cabstar, Tiida, Interstar, Kubistar, GT-R, Rogue, Primastar and others\u2026<\/p>\n<p><strong>Infiniti:<\/strong><\/p>\n<p>FX35, FX45, FX50, G20, G35, G37, I30, I35, M35, M45, QX4, QX45, QX56, Q45, EX35, EX37 and others<\/p>\n<p>&nbsp;<\/p>","protected":false},"excerpt":{"rendered":"<p><audio class=\"audio-for-speech\"><\/audio><\/p>\n<div class=\"translate-tooltip-mtz translator-hidden\">\n<div class=\"header\">\n<div class=\"header-controls\">Translator<\/div>\n<div class=\"header-controls\"><\/div>\n<\/div>\n<div class=\"translated-text\">\n<div class=\"words\"><\/div>\n<div class=\"sentences\"><\/div>\n<\/div>\n<\/div>\n<p>&nbsp;<\/p>\n<p>D\u00e9couvrez le NISSAN NISSAN NATS CODE CALCULATOR de MMB Software Automotive. Programmez vos cl\u00e9s de transpondeur Nissan en toute simplicit\u00e9.<\/p>","protected":false},"featured_media":426,"template":"","meta":[],"product_brand":[],"product_cat":[17],"product_tag":[],"class_list":{"0":"post-425","1":"product","2":"type-product","3":"status-publish","4":"has-post-thumbnail","6":"product_cat-software-reprogrammation-auto","8":"first","9":"instock","10":"downloadable","11":"virtual","12":"purchasable","13":"product-type-simple"},"yoast_head":"<!-- This site is optimized with the Yoast SEO plugin v27.4 - https:\/\/yoast.com\/product\/yoast-seo-wordpress\/ -->\n<title>NISSAN NATS CODE CALCULATOR MMB OBD2 SOFTWARE<\/title>\n<meta name=\"description\" content=\"D\u00e9couvrez le NISSAN NISSAN NATS CODE CALCULATOR de MMB Software Automotive. Programmez vos cl\u00e9s de transpondeur Nissan en toute simplicit\u00e9.\" \/>\n<meta name=\"robots\" content=\"index, follow, max-snippet:-1, max-image-preview:large, max-video-preview:-1\" \/>\n<link rel=\"canonical\" href=\"https:\/\/mmbobd2.com\/en\/product\/nissan-nats-code-calculator\/\" \/>\n<meta property=\"og:locale\" content=\"en_GB\" \/>\n<meta property=\"og:type\" content=\"article\" \/>\n<meta property=\"og:title\" content=\"NISSAN NATS PIN CODE CALCULATOR\" \/>\n<meta property=\"og:description\" content=\"Explorez le NISSAN NATS PIN CODE CALCULATOR de MMB Software Automotive. Programmez les cl\u00e9s Nissan avec facilit\u00e9. #MMBAutomotive #NissanNATS #ProgrammationDeCl\u00e9s\" \/>\n<meta property=\"og:url\" content=\"https:\/\/mmbobd2.com\/en\/product\/nissan-nats-code-calculator\/\" \/>\n<meta property=\"og:site_name\" content=\"MMB OBD2 SOFTWARE\" \/>\n<meta property=\"article:publisher\" content=\"https:\/\/www.facebook.com\/profile.php?id=61552159950965\" \/>\n<meta property=\"article:modified_time\" content=\"2023-11-08T16:00:36+00:00\" \/>\n<meta property=\"og:image\" content=\"https:\/\/mmbobd2.com\/wp-content\/uploads\/2023\/10\/Nissan-NATS-Pin-code-tool.jpg\" \/>\n\t<meta property=\"og:image:width\" content=\"1000\" \/>\n\t<meta property=\"og:image:height\" content=\"1000\" \/>\n\t<meta property=\"og:image:type\" content=\"image\/jpeg\" \/>\n<meta name=\"twitter:card\" content=\"summary_large_image\" \/>\n<meta name=\"twitter:label1\" content=\"Estimated reading time\" \/>\n\t<meta name=\"twitter:data1\" content=\"1 minute\" \/>\n<script type=\"application\/ld+json\" class=\"yoast-schema-graph\">{\"@context\":\"https:\\\/\\\/schema.org\",\"@graph\":[{\"@type\":\"WebPage\",\"@id\":\"https:\\\/\\\/mmbobd2.com\\\/product\\\/nissan-nats-code-calculator\\\/\",\"url\":\"https:\\\/\\\/mmbobd2.com\\\/product\\\/nissan-nats-code-calculator\\\/\",\"name\":\"NISSAN NATS CODE CALCULATOR MMB OBD2 SOFTWARE\",\"isPartOf\":{\"@id\":\"https:\\\/\\\/mmbobd2.com\\\/#website\"},\"primaryImageOfPage\":{\"@id\":\"https:\\\/\\\/mmbobd2.com\\\/product\\\/nissan-nats-code-calculator\\\/#primaryimage\"},\"image\":{\"@id\":\"https:\\\/\\\/mmbobd2.com\\\/product\\\/nissan-nats-code-calculator\\\/#primaryimage\"},\"thumbnailUrl\":\"https:\\\/\\\/i0.wp.com\\\/mmbobd2.com\\\/wp-content\\\/uploads\\\/2023\\\/10\\\/Nissan-NATS-Pin-code-tool.jpg?fit=1000%2C1000&ssl=1\",\"datePublished\":\"2023-10-10T22:35:08+00:00\",\"dateModified\":\"2023-11-08T16:00:36+00:00\",\"description\":\"D\u00e9couvrez le NISSAN NISSAN NATS CODE CALCULATOR de MMB Software Automotive. Programmez vos cl\u00e9s de transpondeur Nissan en toute simplicit\u00e9.\",\"breadcrumb\":{\"@id\":\"https:\\\/\\\/mmbobd2.com\\\/product\\\/nissan-nats-code-calculator\\\/#breadcrumb\"},\"inLanguage\":\"en-GB\",\"potentialAction\":[{\"@type\":\"ReadAction\",\"target\":[\"https:\\\/\\\/mmbobd2.com\\\/product\\\/nissan-nats-code-calculator\\\/\"]}]},{\"@type\":\"ImageObject\",\"inLanguage\":\"en-GB\",\"@id\":\"https:\\\/\\\/mmbobd2.com\\\/product\\\/nissan-nats-code-calculator\\\/#primaryimage\",\"url\":\"https:\\\/\\\/i0.wp.com\\\/mmbobd2.com\\\/wp-content\\\/uploads\\\/2023\\\/10\\\/Nissan-NATS-Pin-code-tool.jpg?fit=1000%2C1000&ssl=1\",\"contentUrl\":\"https:\\\/\\\/i0.wp.com\\\/mmbobd2.com\\\/wp-content\\\/uploads\\\/2023\\\/10\\\/Nissan-NATS-Pin-code-tool.jpg?fit=1000%2C1000&ssl=1\",\"width\":1000,\"height\":1000,\"caption\":\"NISSAN NATS CODE CALCULATOR\"},{\"@type\":\"BreadcrumbList\",\"@id\":\"https:\\\/\\\/mmbobd2.com\\\/product\\\/nissan-nats-code-calculator\\\/#breadcrumb\",\"itemListElement\":[{\"@type\":\"ListItem\",\"position\":1,\"name\":\"Accueil\",\"item\":\"https:\\\/\\\/mmbobd2.com\\\/\"},{\"@type\":\"ListItem\",\"position\":2,\"name\":\"Boutique\",\"item\":\"https:\\\/\\\/mmbobd2.com\\\/logiciels-de-diagnostic-automobiles\\\/\"},{\"@type\":\"ListItem\",\"position\":3,\"name\":\"NISSAN NATS PIN CODE CALCULATOR\"}]},{\"@type\":\"WebSite\",\"@id\":\"https:\\\/\\\/mmbobd2.com\\\/#website\",\"url\":\"https:\\\/\\\/mmbobd2.com\\\/\",\"name\":\"MMB OBD2 SOFTWARE\",\"description\":\"\",\"publisher\":{\"@id\":\"https:\\\/\\\/mmbobd2.com\\\/#organization\"},\"alternateName\":\"mmbsoftauto\",\"potentialAction\":[{\"@type\":\"SearchAction\",\"target\":{\"@type\":\"EntryPoint\",\"urlTemplate\":\"https:\\\/\\\/mmbobd2.com\\\/?s={search_term_string}\"},\"query-input\":{\"@type\":\"PropertyValueSpecification\",\"valueRequired\":true,\"valueName\":\"search_term_string\"}}],\"inLanguage\":\"en-GB\"},{\"@type\":\"Organization\",\"@id\":\"https:\\\/\\\/mmbobd2.com\\\/#organization\",\"name\":\"MMB COMPANY\",\"url\":\"https:\\\/\\\/mmbobd2.com\\\/\",\"logo\":{\"@type\":\"ImageObject\",\"inLanguage\":\"en-GB\",\"@id\":\"https:\\\/\\\/mmbobd2.com\\\/#\\\/schema\\\/logo\\\/image\\\/\",\"url\":\"https:\\\/\\\/mmbobd2.com\\\/wp-content\\\/uploads\\\/2023\\\/10\\\/LOGO-ROND-MMB-200.png\",\"contentUrl\":\"https:\\\/\\\/mmbobd2.com\\\/wp-content\\\/uploads\\\/2023\\\/10\\\/LOGO-ROND-MMB-200.png\",\"width\":200,\"height\":200,\"caption\":\"MMB COMPANY\"},\"image\":{\"@id\":\"https:\\\/\\\/mmbobd2.com\\\/#\\\/schema\\\/logo\\\/image\\\/\"},\"sameAs\":[\"https:\\\/\\\/www.facebook.com\\\/profile.php?id=61552159950965\"]}]}<\/script>\n<!-- \/ Yoast SEO plugin. -->","yoast_head_json":{"title":"NISSAN NATS CODE CALCULATOR MMB OBD2 SOFTWARE","description":"D\u00e9couvrez le NISSAN NISSAN NATS CODE CALCULATOR de MMB Software Automotive. Programmez vos cl\u00e9s de transpondeur Nissan en toute simplicit\u00e9.","robots":{"index":"index","follow":"follow","max-snippet":"max-snippet:-1","max-image-preview":"max-image-preview:large","max-video-preview":"max-video-preview:-1"},"canonical":"https:\/\/mmbobd2.com\/en\/product\/nissan-nats-code-calculator\/","og_locale":"en_GB","og_type":"article","og_title":"NISSAN NATS PIN CODE CALCULATOR","og_description":"Explorez le NISSAN NATS PIN CODE CALCULATOR de MMB Software Automotive. Programmez les cl\u00e9s Nissan avec facilit\u00e9. #MMBAutomotive #NissanNATS #ProgrammationDeCl\u00e9s","og_url":"https:\/\/mmbobd2.com\/en\/product\/nissan-nats-code-calculator\/","og_site_name":"MMB OBD2 SOFTWARE","article_publisher":"https:\/\/www.facebook.com\/profile.php?id=61552159950965","article_modified_time":"2023-11-08T16:00:36+00:00","og_image":[{"width":1000,"height":1000,"url":"https:\/\/mmbobd2.com\/wp-content\/uploads\/2023\/10\/Nissan-NATS-Pin-code-tool.jpg","type":"image\/jpeg"}],"twitter_card":"summary_large_image","twitter_misc":{"Estimated reading time":"1 minute"},"schema":{"@context":"https:\/\/schema.org","@graph":[{"@type":"WebPage","@id":"https:\/\/mmbobd2.com\/product\/nissan-nats-code-calculator\/","url":"https:\/\/mmbobd2.com\/product\/nissan-nats-code-calculator\/","name":"NISSAN NATS CODE CALCULATOR MMB OBD2 SOFTWARE","isPartOf":{"@id":"https:\/\/mmbobd2.com\/#website"},"primaryImageOfPage":{"@id":"https:\/\/mmbobd2.com\/product\/nissan-nats-code-calculator\/#primaryimage"},"image":{"@id":"https:\/\/mmbobd2.com\/product\/nissan-nats-code-calculator\/#primaryimage"},"thumbnailUrl":"https:\/\/i0.wp.com\/mmbobd2.com\/wp-content\/uploads\/2023\/10\/Nissan-NATS-Pin-code-tool.jpg?fit=1000%2C1000&ssl=1","datePublished":"2023-10-10T22:35:08+00:00","dateModified":"2023-11-08T16:00:36+00:00","description":"D\u00e9couvrez le NISSAN NISSAN NATS CODE CALCULATOR de MMB Software Automotive. Programmez vos cl\u00e9s de transpondeur Nissan en toute simplicit\u00e9.","breadcrumb":{"@id":"https:\/\/mmbobd2.com\/product\/nissan-nats-code-calculator\/#breadcrumb"},"inLanguage":"en-GB","potentialAction":[{"@type":"ReadAction","target":["https:\/\/mmbobd2.com\/product\/nissan-nats-code-calculator\/"]}]},{"@type":"ImageObject","inLanguage":"en-GB","@id":"https:\/\/mmbobd2.com\/product\/nissan-nats-code-calculator\/#primaryimage","url":"https:\/\/i0.wp.com\/mmbobd2.com\/wp-content\/uploads\/2023\/10\/Nissan-NATS-Pin-code-tool.jpg?fit=1000%2C1000&ssl=1","contentUrl":"https:\/\/i0.wp.com\/mmbobd2.com\/wp-content\/uploads\/2023\/10\/Nissan-NATS-Pin-code-tool.jpg?fit=1000%2C1000&ssl=1","width":1000,"height":1000,"caption":"NISSAN NATS CODE CALCULATOR"},{"@type":"BreadcrumbList","@id":"https:\/\/mmbobd2.com\/product\/nissan-nats-code-calculator\/#breadcrumb","itemListElement":[{"@type":"ListItem","position":1,"name":"Accueil","item":"https:\/\/mmbobd2.com\/"},{"@type":"ListItem","position":2,"name":"Boutique","item":"https:\/\/mmbobd2.com\/logiciels-de-diagnostic-automobiles\/"},{"@type":"ListItem","position":3,"name":"NISSAN NATS PIN CODE CALCULATOR"}]},{"@type":"WebSite","@id":"https:\/\/mmbobd2.com\/#website","url":"https:\/\/mmbobd2.com\/","name":"MMB OBD2 SOFTWARE","description":"","publisher":{"@id":"https:\/\/mmbobd2.com\/#organization"},"alternateName":"mmbsoftauto","potentialAction":[{"@type":"SearchAction","target":{"@type":"EntryPoint","urlTemplate":"https:\/\/mmbobd2.com\/?s={search_term_string}"},"query-input":{"@type":"PropertyValueSpecification","valueRequired":true,"valueName":"search_term_string"}}],"inLanguage":"en-GB"},{"@type":"Organization","@id":"https:\/\/mmbobd2.com\/#organization","name":"MMB COMPANY","url":"https:\/\/mmbobd2.com\/","logo":{"@type":"ImageObject","inLanguage":"en-GB","@id":"https:\/\/mmbobd2.com\/#\/schema\/logo\/image\/","url":"https:\/\/mmbobd2.com\/wp-content\/uploads\/2023\/10\/LOGO-ROND-MMB-200.png","contentUrl":"https:\/\/mmbobd2.com\/wp-content\/uploads\/2023\/10\/LOGO-ROND-MMB-200.png","width":200,"height":200,"caption":"MMB COMPANY"},"image":{"@id":"https:\/\/mmbobd2.com\/#\/schema\/logo\/image\/"},"sameAs":["https:\/\/www.facebook.com\/profile.php?id=61552159950965"]}]}},"_links":{"self":[{"href":"https:\/\/mmbobd2.com\/en\/wp-json\/wp\/v2\/product\/425","targetHints":{"allow":["GET"]}}],"collection":[{"href":"https:\/\/mmbobd2.com\/en\/wp-json\/wp\/v2\/product"}],"about":[{"href":"https:\/\/mmbobd2.com\/en\/wp-json\/wp\/v2\/types\/product"}],"wp:featuredmedia":[{"embeddable":true,"href":"https:\/\/mmbobd2.com\/en\/wp-json\/wp\/v2\/media\/426"}],"wp:attachment":[{"href":"https:\/\/mmbobd2.com\/en\/wp-json\/wp\/v2\/media?parent=425"}],"wp:term":[{"taxonomy":"product_brand","embeddable":true,"href":"https:\/\/mmbobd2.com\/en\/wp-json\/wp\/v2\/product_brand?post=425"},{"taxonomy":"product_cat","embeddable":true,"href":"https:\/\/mmbobd2.com\/en\/wp-json\/wp\/v2\/product_cat?post=425"},{"taxonomy":"product_tag","embeddable":true,"href":"https:\/\/mmbobd2.com\/en\/wp-json\/wp\/v2\/product_tag?post=425"}],"curies":[{"name":"wp","href":"https:\/\/api.w.org\/{rel}","templated":true}]}}