{"id":441,"date":"2023-10-11T08:17:12","date_gmt":"2023-10-11T08:17:12","guid":{"rendered":"https:\/\/mmbobd2.com\/?post_type=product&#038;p=441"},"modified":"2023-12-12T08:30:21","modified_gmt":"2023-12-12T08:30:21","slug":"tecdoc-2020","status":"publish","type":"product","link":"https:\/\/mmbobd2.com\/en\/product\/tecdoc-2020\/","title":{"rendered":"TECDOC 2020"},"content":{"rendered":"<h2 style=\"text-align: center;\"><strong>TECDOC 2020<\/strong><\/h2>\n<p>&nbsp;<\/p>\n<h3><strong>La R\u00e9f\u00e9rence en Catalogue de Pi\u00e8ces<\/strong><\/h3>\n<p>Bien plus qu&rsquo;un simple catalogue de pi\u00e8ces d\u00e9tach\u00e9es. Il s&rsquo;agit d&rsquo;une ressource inestimable pour les professionnels de l&rsquo;automobile et les passionn\u00e9s qui cherchent des pi\u00e8ces non originales de haute qualit\u00e9 pour voitures, camions et v\u00e9hicules utilitaires l\u00e9gers.<\/p>\n<h3><strong>Vaste Gamme de Pi\u00e8ces et d&rsquo;Accessoires<\/strong><\/h3>\n<p>Ce catalogue complet rassemble une vaste gamme de pi\u00e8ces d\u00e9tach\u00e9es et d&rsquo;accessoires non originaux pour r\u00e9pondre aux besoins de r\u00e9paration et d&rsquo;entretien de tous les types de v\u00e9hicules, des voitures particuli\u00e8res aux camions lourds.<\/p>\n<h3><strong>Recherche Simple et Efficace<\/strong><\/h3>\n<p>TECDOC 2020 est \u00e9quip\u00e9 d&rsquo;une fonction de recherche simple qui vous permet de trouver rapidement le num\u00e9ro de pi\u00e8ce, qu&rsquo;il soit original ou non, pour la plupart des fabricants. Vous pouvez effectuer des recherches en fonction du mod\u00e8le du moteur, de l&rsquo;<a href=\"https:\/\/mmbobd2.com\/en\/product-category\/software-reprogrammation-auto\/diagnostic-automobiles\/epc-et-manuels-de-reparation-auto\/\">axe<\/a> du v\u00e9hicule et bien <a href=\"https:\/\/www.ebay.com\/\">plus<\/a> encore.<\/p>\n<h3><strong>Personnalisation en Fonction de la R\u00e9gion<\/strong><\/h3>\n<p>Le catalogue de pi\u00e8ces comprend une liste d\u00e9taill\u00e9e de mod\u00e8les de v\u00e9hicules, et vous pouvez personnaliser votre recherche en fonction de la r\u00e9gion ou du pays sp\u00e9cifique. Cela garantit que vous obtenez des r\u00e9sultats pertinents pour votre localisation.<\/p>\n<h3><strong>Interface Conviviale<\/strong><\/h3>\n<p>L&rsquo;interface de TECDOC 2020 est con\u00e7ue pour \u00eatre simple et conviviale. M\u00eame les utilisateurs inexp\u00e9riment\u00e9s trouveront facile de naviguer dans ce catalogue de pi\u00e8ces. Les fonctionnalit\u00e9s intuitives rendent la recherche de pi\u00e8ces un jeu d&rsquo;enfant.<\/p>\n<h3><strong>Multilingue pour Plus de Commodit\u00e9<\/strong><\/h3>\n<p>TECDOC 2020 prend en charge de nombreuses langues, ce qui facilite le travail avec le catalogue, quel que soit votre lieu de r\u00e9sidence ou votre pr\u00e9f\u00e9rence linguistique. Vous pouvez parcourir les pi\u00e8ces et les accessoires dans la langue de votre choix.<\/p>\n<h3><strong>La Solution Compl\u00e8te pour les Pi\u00e8ces Automobiles<\/strong><\/h3>\n<p>Que vous soyez un professionnel de la r\u00e9paration automobile ou un passionn\u00e9 qui aime travailler sur son propre v\u00e9hicule, TECDOC 2020 est la solution compl\u00e8te pour trouver les pi\u00e8ces dont vous avez besoin. Simplifiez vos recherches de pi\u00e8ces d\u00e9tach\u00e9es avec ce catalogue de r\u00e9f\u00e9rence.<\/p>\n<p>&nbsp;<\/p>\n<p><strong>Catalogue couvre les fabricants suivants:<\/strong><\/p>\n<p>ABARTH<br \/>\nAC<br \/>\nACURA<br \/>\nAIXAM<br \/>\nALFA ROMEO<br \/>\nALPINA<br \/>\nAMC<br \/>\nARO<br \/>\nARTEGA<br \/>\nASHOK LEYLAND<br \/>\nMOYENS DE L&rsquo;ASCIA<br \/>\nASKAM (FARGO\/DESOTO)<br \/>\nASTON MARTIN<br \/>\nAUDI<br \/>\nAUSTIN<br \/>\nAUSTIN-HEALEY<br \/>\nAUTOBIANCHI<br \/>\nAUTO UNION<br \/>\nAVIA<br \/>\nBARKAS<br \/>\nBAW<br \/>\nBEDFORD<br \/>\nBENTLEY<br \/>\nBERTONE<br \/>\nBESTURE (FAN)<br \/>\nBITTER<br \/>\nBMW<br \/>\nBOGDAN<br \/>\nBOND<br \/>\nBORGWARD<br \/>\nROULET<br \/>\nBRISTAL<br \/>\nBUGATTI<br \/>\nBUICK<br \/>\nBYD<br \/>\nCADILLAC<br \/>\nAPPELIAGES<br \/>\nCARDES<br \/>\nCATERHAM<br \/>\nCeA3 (SeA)<br \/>\nCHANGAN<br \/>\nCHANGFENG<br \/>\nCLDKER<br \/>\nCHERIE<br \/>\nCHEVROLET<br \/>\nCHRYSLER<br \/>\nCITROEN<br \/>\nCMC<br \/>\nDACIA<br \/>\nDAEWOO<br \/>\nDAF<br \/>\nDAIHATSU<br \/>\nDAIMLER<br \/>\nDALLAS<br \/>\nDATSUN<br \/>\nDE LOREAN<br \/>\nD\u00c9RIVRE DER OUCHE<br \/>\nDE TOMASO<br \/>\nDONGFENG (DFAC)<br \/>\nDODGE<br \/>\nDS<br \/>\nEBRO<br \/>\nEMBARGE (GEELY)<br \/>\nENGLON (GALIE)<br \/>\nFAW TIANJIN<br \/>\nFERRARI<br \/>\nFIAT<br \/>\nFISKER<br \/>\nFORD<br \/>\nFOTON<br \/>\nOSF<br \/>\nGAC GONOW<br \/>\nGEELY<br \/>\nGEO<br \/>\nGINETTA<br \/>\nGLAS<br \/>\nGMC<br \/>\nGRANDE OUILLISSIEME<br \/>\nHAFEI<br \/>\nHAIMA (FAW)<br \/>\nHAIMA (HENG-HOU)<br \/>\nHINDUSTAN<br \/>\nHOBBYCAR<br \/>\nHONDA<br \/>\nHONDA (GAC)<br \/>\nHUANGHAI<br \/>\n\u00c9TIQUETTE<br \/>\nHYUNDAI<br \/>\nIRAN KHODRO (IKCO)<br \/>\nINDIGO<br \/>\nINFINITI<br \/>\nINNOC\u00c9N\u00c9TI<br \/>\nIRMCHER<br \/>\nISDERA<br \/>\nIVECO<br \/>\nI-H<br \/>\nJAC<br \/>\nJAGUAR<br \/>\nJEEP<br \/>\nJENSEN<br \/>\nJMC<br \/>\nKIA<br \/>\nROI LE GRANDE<br \/>\nKTM<br \/>\nLADA<br \/>\nLAMBORGHINI<br \/>\nLANCIA<br \/>\nLAND ROVER<br \/>\nLANDWIND (JMC)<br \/>\nLDV<br \/>\nLEXUS<br \/>\nLIFAN<br \/>\nLIGIER<br \/>\nLINCOLN<br \/>\nLOTUS<br \/>\nLTI<br \/>\nLUXGEN<br \/>\nMAHINDRA<br \/>\nMAN<br \/>\nMARCOS<br \/>\nMASERATI<br \/>\nMAYBACH<br \/>\nMAZDA<br \/>\nMCLAREN<br \/>\nMEGA<br \/>\nMARCEN-MERCE DES MERCI<br \/>\nMETROCAB<br \/>\nMG<br \/>\nMIDDLEBRIDGE<br \/>\nMINELLI<br \/>\nMINI<br \/>\nMITSUBISHI<br \/>\nMITSUOKA<br \/>\nMORGAN<br \/>\nMORRIS<br \/>\nMOSKVICH<br \/>\nNISSAN<br \/>\nNISSAN (DONGFENG)<br \/>\nNSU<br \/>\nOLDSMOBILE<br \/>\nOLTCIT<br \/>\nOPEL<br \/>\nOSCA<br \/>\nPANO<br \/>\nPANTRES<br \/>\nPAYNE<br \/>\nPEUGEOT<br \/>\nPIAGGIO<br \/>\nPININFARINA<br \/>\nPLYMOUTH<br \/>\nPONTIAC<br \/>\nPORSHE<br \/>\nPREMIER<br \/>\nPROTON<br \/>\nPUCH<br \/>\nRANGER<br \/>\nRAVON<br \/>\nRAYTON FISSORE<br \/>\nRELIANT<br \/>\nRENAULT<br \/>\nTRUCKS RENAULT<br \/>\nRILEY<br \/>\nROLLS-ROYCE<br \/>\nROVER<br \/>\nRUF<br \/>\nSAAB<br \/>\nSAMSUNG<br \/>\nSANTANA<br \/>\nSEAT<br \/>\nSHELBY<br \/>\nSHUANGHUAN<br \/>\nSIPANI<br \/>\nSKODA<br \/>\nSMART<br \/>\nESPECTEURS<br \/>\nSPYKER<br \/>\nSSANGYONG<br \/>\nNORME<br \/>\nSTEYR<br \/>\nSuzuki<br \/>\nTAGA<br \/>\nTALBOT<br \/>\nATTA<br \/>\nTESLA<br \/>\nTHINK<br \/>\nTOFAS<br \/>\nTOYOTA<br \/>\nTRABANT<br \/>\nTRIUMPH<br \/>\nTVR<br \/>\nUA<br \/>\nUMM<br \/>\nDAEWOO<br \/>\nVAUXHALL<br \/>\nVECTEUR<br \/>\nVW<br \/>\nWARTBURG<br \/>\nESTFIELD<br \/>\nWEISMANN<br \/>\nWOLSELEY<br \/>\nYULON<br \/>\nASTAVA<\/p>\n<p>&nbsp;<\/p>","protected":false},"excerpt":{"rendered":"<p><audio class=\"audio-for-speech\"><\/audio><\/p>\n<div class=\"translate-tooltip-mtz translator-hidden\">\n<div class=\"header\">\n<div class=\"header-controls\">Translator<\/div>\n<div class=\"header-controls\"><\/div>\n<\/div>\n<div class=\"translated-text\">\n<div class=\"words\"><\/div>\n<div class=\"sentences\"><\/div>\n<\/div>\n<\/div>\n<p>&nbsp;<\/p>\n<p>D\u00e9couvrez TECDOC 2020 de MMB Software Automotive, le catalogue de pi\u00e8ces complet pour voitures et camions, facile \u00e0 utiliser et multilingue<\/p>","protected":false},"featured_media":442,"template":"","meta":[],"product_brand":[],"product_cat":[18],"product_tag":[],"class_list":{"0":"post-441","1":"product","2":"type-product","3":"status-publish","4":"has-post-thumbnail","6":"product_cat-epc-et-manuels-de-reparation-auto","8":"first","9":"instock","10":"downloadable","11":"virtual","12":"purchasable","13":"product-type-simple"},"yoast_head":"<!-- This site is optimized with the Yoast SEO plugin v27.4 - https:\/\/yoast.com\/product\/yoast-seo-wordpress\/ -->\n<title>TECDOC 2020 MMB OBD2 SOFTWARE<\/title>\n<meta name=\"description\" content=\"D\u00e9couvrez TECDOC 2020 de MMB Software Automotive, le catalogue de pi\u00e8ces complet pour voitures et camions, facile \u00e0 utiliser et multilingue\" \/>\n<meta name=\"robots\" content=\"index, follow, max-snippet:-1, max-image-preview:large, max-video-preview:-1\" \/>\n<link rel=\"canonical\" href=\"https:\/\/mmbobd2.com\/en\/product\/tecdoc-2020\/\" \/>\n<meta property=\"og:locale\" content=\"en_GB\" \/>\n<meta property=\"og:type\" content=\"article\" \/>\n<meta property=\"og:title\" content=\"TECDOC 2020\" \/>\n<meta property=\"og:description\" content=\"Explorez TECDOC 2020 de MMB Software Automotive, votre solution pour trouver des pi\u00e8ces automobiles. #MMBAutomotive #TECDOC2020 #CatalogueDePi\u00e8ces\" \/>\n<meta property=\"og:url\" content=\"https:\/\/mmbobd2.com\/en\/product\/tecdoc-2020\/\" \/>\n<meta property=\"og:site_name\" content=\"MMB OBD2 SOFTWARE\" \/>\n<meta property=\"article:publisher\" content=\"https:\/\/www.facebook.com\/profile.php?id=61552159950965\" \/>\n<meta property=\"article:modified_time\" content=\"2023-12-12T08:30:21+00:00\" \/>\n<meta property=\"og:image\" content=\"https:\/\/mmbobd2.com\/wp-content\/uploads\/2023\/10\/TECDOC.jpg\" \/>\n\t<meta property=\"og:image:width\" content=\"1000\" \/>\n\t<meta property=\"og:image:height\" content=\"1000\" \/>\n\t<meta property=\"og:image:type\" content=\"image\/jpeg\" \/>\n<meta name=\"twitter:card\" content=\"summary_large_image\" \/>\n<meta name=\"twitter:label1\" content=\"Estimated reading time\" \/>\n\t<meta name=\"twitter:data1\" content=\"3 minutes\" \/>\n<script type=\"application\/ld+json\" class=\"yoast-schema-graph\">{\"@context\":\"https:\\\/\\\/schema.org\",\"@graph\":[{\"@type\":\"WebPage\",\"@id\":\"https:\\\/\\\/mmbobd2.com\\\/product\\\/tecdoc-2020\\\/\",\"url\":\"https:\\\/\\\/mmbobd2.com\\\/product\\\/tecdoc-2020\\\/\",\"name\":\"TECDOC 2020 MMB OBD2 SOFTWARE\",\"isPartOf\":{\"@id\":\"https:\\\/\\\/mmbobd2.com\\\/#website\"},\"primaryImageOfPage\":{\"@id\":\"https:\\\/\\\/mmbobd2.com\\\/product\\\/tecdoc-2020\\\/#primaryimage\"},\"image\":{\"@id\":\"https:\\\/\\\/mmbobd2.com\\\/product\\\/tecdoc-2020\\\/#primaryimage\"},\"thumbnailUrl\":\"https:\\\/\\\/i0.wp.com\\\/mmbobd2.com\\\/wp-content\\\/uploads\\\/2023\\\/10\\\/TECDOC.jpg?fit=1000%2C1000&ssl=1\",\"datePublished\":\"2023-10-11T08:17:12+00:00\",\"dateModified\":\"2023-12-12T08:30:21+00:00\",\"description\":\"D\u00e9couvrez TECDOC 2020 de MMB Software Automotive, le catalogue de pi\u00e8ces complet pour voitures et camions, facile \u00e0 utiliser et multilingue\",\"breadcrumb\":{\"@id\":\"https:\\\/\\\/mmbobd2.com\\\/product\\\/tecdoc-2020\\\/#breadcrumb\"},\"inLanguage\":\"en-GB\",\"potentialAction\":[{\"@type\":\"ReadAction\",\"target\":[\"https:\\\/\\\/mmbobd2.com\\\/product\\\/tecdoc-2020\\\/\"]}]},{\"@type\":\"ImageObject\",\"inLanguage\":\"en-GB\",\"@id\":\"https:\\\/\\\/mmbobd2.com\\\/product\\\/tecdoc-2020\\\/#primaryimage\",\"url\":\"https:\\\/\\\/i0.wp.com\\\/mmbobd2.com\\\/wp-content\\\/uploads\\\/2023\\\/10\\\/TECDOC.jpg?fit=1000%2C1000&ssl=1\",\"contentUrl\":\"https:\\\/\\\/i0.wp.com\\\/mmbobd2.com\\\/wp-content\\\/uploads\\\/2023\\\/10\\\/TECDOC.jpg?fit=1000%2C1000&ssl=1\",\"width\":1000,\"height\":1000,\"caption\":\"TECDOC 2020\"},{\"@type\":\"BreadcrumbList\",\"@id\":\"https:\\\/\\\/mmbobd2.com\\\/product\\\/tecdoc-2020\\\/#breadcrumb\",\"itemListElement\":[{\"@type\":\"ListItem\",\"position\":1,\"name\":\"Accueil\",\"item\":\"https:\\\/\\\/mmbobd2.com\\\/\"},{\"@type\":\"ListItem\",\"position\":2,\"name\":\"Boutique\",\"item\":\"https:\\\/\\\/mmbobd2.com\\\/logiciels-de-diagnostic-automobiles\\\/\"},{\"@type\":\"ListItem\",\"position\":3,\"name\":\"TECDOC 2020\"}]},{\"@type\":\"WebSite\",\"@id\":\"https:\\\/\\\/mmbobd2.com\\\/#website\",\"url\":\"https:\\\/\\\/mmbobd2.com\\\/\",\"name\":\"MMB OBD2 SOFTWARE\",\"description\":\"\",\"publisher\":{\"@id\":\"https:\\\/\\\/mmbobd2.com\\\/#organization\"},\"alternateName\":\"mmbsoftauto\",\"potentialAction\":[{\"@type\":\"SearchAction\",\"target\":{\"@type\":\"EntryPoint\",\"urlTemplate\":\"https:\\\/\\\/mmbobd2.com\\\/?s={search_term_string}\"},\"query-input\":{\"@type\":\"PropertyValueSpecification\",\"valueRequired\":true,\"valueName\":\"search_term_string\"}}],\"inLanguage\":\"en-GB\"},{\"@type\":\"Organization\",\"@id\":\"https:\\\/\\\/mmbobd2.com\\\/#organization\",\"name\":\"MMB COMPANY\",\"url\":\"https:\\\/\\\/mmbobd2.com\\\/\",\"logo\":{\"@type\":\"ImageObject\",\"inLanguage\":\"en-GB\",\"@id\":\"https:\\\/\\\/mmbobd2.com\\\/#\\\/schema\\\/logo\\\/image\\\/\",\"url\":\"https:\\\/\\\/mmbobd2.com\\\/wp-content\\\/uploads\\\/2023\\\/10\\\/LOGO-ROND-MMB-200.png\",\"contentUrl\":\"https:\\\/\\\/mmbobd2.com\\\/wp-content\\\/uploads\\\/2023\\\/10\\\/LOGO-ROND-MMB-200.png\",\"width\":200,\"height\":200,\"caption\":\"MMB COMPANY\"},\"image\":{\"@id\":\"https:\\\/\\\/mmbobd2.com\\\/#\\\/schema\\\/logo\\\/image\\\/\"},\"sameAs\":[\"https:\\\/\\\/www.facebook.com\\\/profile.php?id=61552159950965\"]}]}<\/script>\n<!-- \/ Yoast SEO plugin. -->","yoast_head_json":{"title":"TECDOC 2020 MMB OBD2 SOFTWARE","description":"D\u00e9couvrez TECDOC 2020 de MMB Software Automotive, le catalogue de pi\u00e8ces complet pour voitures et camions, facile \u00e0 utiliser et multilingue","robots":{"index":"index","follow":"follow","max-snippet":"max-snippet:-1","max-image-preview":"max-image-preview:large","max-video-preview":"max-video-preview:-1"},"canonical":"https:\/\/mmbobd2.com\/en\/product\/tecdoc-2020\/","og_locale":"en_GB","og_type":"article","og_title":"TECDOC 2020","og_description":"Explorez TECDOC 2020 de MMB Software Automotive, votre solution pour trouver des pi\u00e8ces automobiles. #MMBAutomotive #TECDOC2020 #CatalogueDePi\u00e8ces","og_url":"https:\/\/mmbobd2.com\/en\/product\/tecdoc-2020\/","og_site_name":"MMB OBD2 SOFTWARE","article_publisher":"https:\/\/www.facebook.com\/profile.php?id=61552159950965","article_modified_time":"2023-12-12T08:30:21+00:00","og_image":[{"width":1000,"height":1000,"url":"https:\/\/mmbobd2.com\/wp-content\/uploads\/2023\/10\/TECDOC.jpg","type":"image\/jpeg"}],"twitter_card":"summary_large_image","twitter_misc":{"Estimated reading time":"3 minutes"},"schema":{"@context":"https:\/\/schema.org","@graph":[{"@type":"WebPage","@id":"https:\/\/mmbobd2.com\/product\/tecdoc-2020\/","url":"https:\/\/mmbobd2.com\/product\/tecdoc-2020\/","name":"TECDOC 2020 MMB OBD2 SOFTWARE","isPartOf":{"@id":"https:\/\/mmbobd2.com\/#website"},"primaryImageOfPage":{"@id":"https:\/\/mmbobd2.com\/product\/tecdoc-2020\/#primaryimage"},"image":{"@id":"https:\/\/mmbobd2.com\/product\/tecdoc-2020\/#primaryimage"},"thumbnailUrl":"https:\/\/i0.wp.com\/mmbobd2.com\/wp-content\/uploads\/2023\/10\/TECDOC.jpg?fit=1000%2C1000&ssl=1","datePublished":"2023-10-11T08:17:12+00:00","dateModified":"2023-12-12T08:30:21+00:00","description":"D\u00e9couvrez TECDOC 2020 de MMB Software Automotive, le catalogue de pi\u00e8ces complet pour voitures et camions, facile \u00e0 utiliser et multilingue","breadcrumb":{"@id":"https:\/\/mmbobd2.com\/product\/tecdoc-2020\/#breadcrumb"},"inLanguage":"en-GB","potentialAction":[{"@type":"ReadAction","target":["https:\/\/mmbobd2.com\/product\/tecdoc-2020\/"]}]},{"@type":"ImageObject","inLanguage":"en-GB","@id":"https:\/\/mmbobd2.com\/product\/tecdoc-2020\/#primaryimage","url":"https:\/\/i0.wp.com\/mmbobd2.com\/wp-content\/uploads\/2023\/10\/TECDOC.jpg?fit=1000%2C1000&ssl=1","contentUrl":"https:\/\/i0.wp.com\/mmbobd2.com\/wp-content\/uploads\/2023\/10\/TECDOC.jpg?fit=1000%2C1000&ssl=1","width":1000,"height":1000,"caption":"TECDOC 2020"},{"@type":"BreadcrumbList","@id":"https:\/\/mmbobd2.com\/product\/tecdoc-2020\/#breadcrumb","itemListElement":[{"@type":"ListItem","position":1,"name":"Accueil","item":"https:\/\/mmbobd2.com\/"},{"@type":"ListItem","position":2,"name":"Boutique","item":"https:\/\/mmbobd2.com\/logiciels-de-diagnostic-automobiles\/"},{"@type":"ListItem","position":3,"name":"TECDOC 2020"}]},{"@type":"WebSite","@id":"https:\/\/mmbobd2.com\/#website","url":"https:\/\/mmbobd2.com\/","name":"MMB OBD2 SOFTWARE","description":"","publisher":{"@id":"https:\/\/mmbobd2.com\/#organization"},"alternateName":"mmbsoftauto","potentialAction":[{"@type":"SearchAction","target":{"@type":"EntryPoint","urlTemplate":"https:\/\/mmbobd2.com\/?s={search_term_string}"},"query-input":{"@type":"PropertyValueSpecification","valueRequired":true,"valueName":"search_term_string"}}],"inLanguage":"en-GB"},{"@type":"Organization","@id":"https:\/\/mmbobd2.com\/#organization","name":"MMB COMPANY","url":"https:\/\/mmbobd2.com\/","logo":{"@type":"ImageObject","inLanguage":"en-GB","@id":"https:\/\/mmbobd2.com\/#\/schema\/logo\/image\/","url":"https:\/\/mmbobd2.com\/wp-content\/uploads\/2023\/10\/LOGO-ROND-MMB-200.png","contentUrl":"https:\/\/mmbobd2.com\/wp-content\/uploads\/2023\/10\/LOGO-ROND-MMB-200.png","width":200,"height":200,"caption":"MMB COMPANY"},"image":{"@id":"https:\/\/mmbobd2.com\/#\/schema\/logo\/image\/"},"sameAs":["https:\/\/www.facebook.com\/profile.php?id=61552159950965"]}]}},"_links":{"self":[{"href":"https:\/\/mmbobd2.com\/en\/wp-json\/wp\/v2\/product\/441","targetHints":{"allow":["GET"]}}],"collection":[{"href":"https:\/\/mmbobd2.com\/en\/wp-json\/wp\/v2\/product"}],"about":[{"href":"https:\/\/mmbobd2.com\/en\/wp-json\/wp\/v2\/types\/product"}],"wp:featuredmedia":[{"embeddable":true,"href":"https:\/\/mmbobd2.com\/en\/wp-json\/wp\/v2\/media\/442"}],"wp:attachment":[{"href":"https:\/\/mmbobd2.com\/en\/wp-json\/wp\/v2\/media?parent=441"}],"wp:term":[{"taxonomy":"product_brand","embeddable":true,"href":"https:\/\/mmbobd2.com\/en\/wp-json\/wp\/v2\/product_brand?post=441"},{"taxonomy":"product_cat","embeddable":true,"href":"https:\/\/mmbobd2.com\/en\/wp-json\/wp\/v2\/product_cat?post=441"},{"taxonomy":"product_tag","embeddable":true,"href":"https:\/\/mmbobd2.com\/en\/wp-json\/wp\/v2\/product_tag?post=441"}],"curies":[{"name":"wp","href":"https:\/\/api.w.org\/{rel}","templated":true}]}}