{"id":450,"date":"2023-10-11T09:17:30","date_gmt":"2023-10-11T09:17:30","guid":{"rendered":"https:\/\/mmbobd2.com\/?post_type=product&#038;p=450"},"modified":"2024-01-07T19:32:10","modified_gmt":"2024-01-07T19:32:10","slug":"vediamo-mercedes","status":"publish","type":"product","link":"https:\/\/mmbobd2.com\/en\/product\/vediamo-mercedes\/","title":{"rendered":"VEDIAMO MERCEDES"},"content":{"rendered":"<h2 style=\"text-align: center;\"><strong>VEDIAMO MERCEDES<\/strong><\/h2>\n<p>&nbsp;<\/p>\n<h4><strong>L&rsquo;Innovation au Service de la Diagnostic Automobile<\/strong><\/h4>\n<p>Le logiciel VEDIAMO MERCEDES est bien plus qu&rsquo;un simple outil de diagnostic. Il est le fruit du travail acharn\u00e9 des ing\u00e9nieurs de l&rsquo;usine Mercedes, d\u00e9velopp\u00e9 pour am\u00e9liorer le diagnostic et l&rsquo;ing\u00e9nierie. Initialement con\u00e7u pour un usage interne, il est d\u00e9sormais accessible aux concessionnaires de services, renfor\u00e7ant ainsi la fiabilit\u00e9 de la <a href=\"https:\/\/www.mercedes-amg.com\/en\/home.html\">marque<\/a>.<\/p>\n<h4><strong>Vediamo : L&rsquo;\u00c9volution du Diagnostic<\/strong><\/h4>\n<p>Vediamo repr\u00e9sente une avanc\u00e9e majeure dans le diagnostic des unit\u00e9s de commande \u00e9lectronique (ECU). Il fait partie int\u00e9grante du processus CAESAR\/Diog\u00e8ne de Mercedes-Benz. Cette application est con\u00e7ue pour effectuer des diagnostics sur les calculateurs moteur, mais son champ d&rsquo;action s&rsquo;\u00e9tend bien au-del\u00e0. Il prend en charge tous les protocoles, y compris RTMD +, MBISO, KWFB, KW2000, et <a href=\"https:\/\/mmbobd2.com\/en\/product-category\/software-reprogrammation-auto\/\">UDS<\/a>, garantissant une couverture compl\u00e8te.<\/p>\n<h4><strong>Plus que des Moteurs<\/strong><\/h4>\n<p>Bien que son nom puisse pr\u00eater \u00e0 confusion, Vediamo ne se limite pas aux calculateurs moteur. Il peut diagnostiquer tous les calculateurs sur la ligne K, ainsi que ceux en utilisant le protocole CAN. Cette polyvalence fait de Vediamo un outil essentiel pour r\u00e9soudre une grande vari\u00e9t\u00e9 de probl\u00e8mes de diagnostic.<\/p>\n<h4><strong>Une Plate-Forme de Communication Standard<\/strong><\/h4>\n<p>Vediamo repose sur la plate-forme de communication standard de Mercedes-Benz, DCDi CAESAR. Cette int\u00e9gration lui permet de prendre en charge tous les mat\u00e9riels de communication utilis\u00e9s par l&rsquo;entreprise. Les donn\u00e9es Diog\u00e8ne, essentielles \u00e0 toutes les applications de diagnostic de Mercedes, sont disponibles via la base de donn\u00e9es centrale TAMINO. Cela signifie que Vediamo dispose d&rsquo;un acc\u00e8s rapide et complet aux donn\u00e9es de diagnostic.<\/p>","protected":false},"excerpt":{"rendered":"<p><audio class=\"audio-for-speech\"><\/audio><\/p>\n<div class=\"translate-tooltip-mtz translator-hidden\">\n<div class=\"header\">\n<div class=\"header-controls\">Translator<\/div>\n<div class=\"header-controls\"><\/div>\n<\/div>\n<div class=\"translated-text\">\n<div class=\"words\"><\/div>\n<div class=\"sentences\"><\/div>\n<\/div>\n<\/div>\n<p>&nbsp;<\/p>\n<p>L&rsquo;outil de diagnostic ultime pour les ECU, bien au-del\u00e0 des moteurs. Une innovation Mercedes-Benz.<\/p>","protected":false},"featured_media":451,"template":"","meta":[],"product_brand":[],"product_cat":[17],"product_tag":[],"class_list":{"0":"post-450","1":"product","2":"type-product","3":"status-publish","4":"has-post-thumbnail","6":"product_cat-software-reprogrammation-auto","8":"first","9":"instock","10":"downloadable","11":"virtual","12":"purchasable","13":"product-type-simple"},"yoast_head":"<!-- This site is optimized with the Yoast SEO plugin v27.4 - https:\/\/yoast.com\/product\/yoast-seo-wordpress\/ -->\n<title>VEDIAMO MERCEDES MMB OBD2 SOFTWARE<\/title>\n<meta name=\"description\" content=\"VEDIAMO MERCEDES - L&#039;outil de diagnostic ultime pour les ECU, bien au-del\u00e0 des moteurs. Une innovation Mercedes-Benz. MMB Software Automotive\" \/>\n<meta name=\"robots\" content=\"index, follow, max-snippet:-1, max-image-preview:large, max-video-preview:-1\" \/>\n<link rel=\"canonical\" href=\"https:\/\/mmbobd2.com\/en\/product\/vediamo-mercedes\/\" \/>\n<meta property=\"og:locale\" content=\"en_GB\" \/>\n<meta property=\"og:type\" content=\"article\" \/>\n<meta property=\"og:title\" content=\"VEDIAMO MERCEDES\" \/>\n<meta property=\"og:description\" content=\"D\u00e9couvrez VEDIAMO MERCEDES, le logiciel de diagnostic de pointe pour les ECU, allant bien au-del\u00e0 des moteurs. L&#039;innovation de Mercedes-Benz \u00e0 votre service. #VEDIAMOMERCEDES #DiagnosticAuto #MercedesBenz #MMBSoftwareAutomotive\" \/>\n<meta property=\"og:url\" content=\"https:\/\/mmbobd2.com\/en\/product\/vediamo-mercedes\/\" \/>\n<meta property=\"og:site_name\" content=\"MMB OBD2 SOFTWARE\" \/>\n<meta property=\"article:publisher\" content=\"https:\/\/www.facebook.com\/profile.php?id=61552159950965\" \/>\n<meta property=\"article:modified_time\" content=\"2024-01-07T19:32:10+00:00\" \/>\n<meta property=\"og:image\" content=\"https:\/\/mmbobd2.com\/wp-content\/uploads\/2023\/10\/VEDIAMO.jpg\" \/>\n\t<meta property=\"og:image:width\" content=\"1000\" \/>\n\t<meta property=\"og:image:height\" content=\"1000\" \/>\n\t<meta property=\"og:image:type\" content=\"image\/jpeg\" \/>\n<meta name=\"twitter:card\" content=\"summary_large_image\" \/>\n<meta name=\"twitter:label1\" content=\"Estimated reading time\" \/>\n\t<meta name=\"twitter:data1\" content=\"2 minutes\" \/>\n<script type=\"application\/ld+json\" class=\"yoast-schema-graph\">{\"@context\":\"https:\\\/\\\/schema.org\",\"@graph\":[{\"@type\":\"WebPage\",\"@id\":\"https:\\\/\\\/mmbobd2.com\\\/product\\\/vediamo-mercedes\\\/\",\"url\":\"https:\\\/\\\/mmbobd2.com\\\/product\\\/vediamo-mercedes\\\/\",\"name\":\"VEDIAMO MERCEDES MMB OBD2 SOFTWARE\",\"isPartOf\":{\"@id\":\"https:\\\/\\\/mmbobd2.com\\\/#website\"},\"primaryImageOfPage\":{\"@id\":\"https:\\\/\\\/mmbobd2.com\\\/product\\\/vediamo-mercedes\\\/#primaryimage\"},\"image\":{\"@id\":\"https:\\\/\\\/mmbobd2.com\\\/product\\\/vediamo-mercedes\\\/#primaryimage\"},\"thumbnailUrl\":\"https:\\\/\\\/i0.wp.com\\\/mmbobd2.com\\\/wp-content\\\/uploads\\\/2023\\\/10\\\/VEDIAMO.jpg?fit=1000%2C1000&ssl=1\",\"datePublished\":\"2023-10-11T09:17:30+00:00\",\"dateModified\":\"2024-01-07T19:32:10+00:00\",\"description\":\"VEDIAMO MERCEDES - L'outil de diagnostic ultime pour les ECU, bien au-del\u00e0 des moteurs. Une innovation Mercedes-Benz. MMB Software Automotive\",\"breadcrumb\":{\"@id\":\"https:\\\/\\\/mmbobd2.com\\\/product\\\/vediamo-mercedes\\\/#breadcrumb\"},\"inLanguage\":\"en-GB\",\"potentialAction\":[{\"@type\":\"ReadAction\",\"target\":[\"https:\\\/\\\/mmbobd2.com\\\/product\\\/vediamo-mercedes\\\/\"]}]},{\"@type\":\"ImageObject\",\"inLanguage\":\"en-GB\",\"@id\":\"https:\\\/\\\/mmbobd2.com\\\/product\\\/vediamo-mercedes\\\/#primaryimage\",\"url\":\"https:\\\/\\\/i0.wp.com\\\/mmbobd2.com\\\/wp-content\\\/uploads\\\/2023\\\/10\\\/VEDIAMO.jpg?fit=1000%2C1000&ssl=1\",\"contentUrl\":\"https:\\\/\\\/i0.wp.com\\\/mmbobd2.com\\\/wp-content\\\/uploads\\\/2023\\\/10\\\/VEDIAMO.jpg?fit=1000%2C1000&ssl=1\",\"width\":1000,\"height\":1000,\"caption\":\"VEDIAMO MERCEDES\"},{\"@type\":\"BreadcrumbList\",\"@id\":\"https:\\\/\\\/mmbobd2.com\\\/product\\\/vediamo-mercedes\\\/#breadcrumb\",\"itemListElement\":[{\"@type\":\"ListItem\",\"position\":1,\"name\":\"Accueil\",\"item\":\"https:\\\/\\\/mmbobd2.com\\\/\"},{\"@type\":\"ListItem\",\"position\":2,\"name\":\"Boutique\",\"item\":\"https:\\\/\\\/mmbobd2.com\\\/logiciels-de-diagnostic-automobiles\\\/\"},{\"@type\":\"ListItem\",\"position\":3,\"name\":\"VEDIAMO MERCEDES\"}]},{\"@type\":\"WebSite\",\"@id\":\"https:\\\/\\\/mmbobd2.com\\\/#website\",\"url\":\"https:\\\/\\\/mmbobd2.com\\\/\",\"name\":\"MMB OBD2 SOFTWARE\",\"description\":\"\",\"publisher\":{\"@id\":\"https:\\\/\\\/mmbobd2.com\\\/#organization\"},\"alternateName\":\"mmbsoftauto\",\"potentialAction\":[{\"@type\":\"SearchAction\",\"target\":{\"@type\":\"EntryPoint\",\"urlTemplate\":\"https:\\\/\\\/mmbobd2.com\\\/?s={search_term_string}\"},\"query-input\":{\"@type\":\"PropertyValueSpecification\",\"valueRequired\":true,\"valueName\":\"search_term_string\"}}],\"inLanguage\":\"en-GB\"},{\"@type\":\"Organization\",\"@id\":\"https:\\\/\\\/mmbobd2.com\\\/#organization\",\"name\":\"MMB COMPANY\",\"url\":\"https:\\\/\\\/mmbobd2.com\\\/\",\"logo\":{\"@type\":\"ImageObject\",\"inLanguage\":\"en-GB\",\"@id\":\"https:\\\/\\\/mmbobd2.com\\\/#\\\/schema\\\/logo\\\/image\\\/\",\"url\":\"https:\\\/\\\/mmbobd2.com\\\/wp-content\\\/uploads\\\/2023\\\/10\\\/LOGO-ROND-MMB-200.png\",\"contentUrl\":\"https:\\\/\\\/mmbobd2.com\\\/wp-content\\\/uploads\\\/2023\\\/10\\\/LOGO-ROND-MMB-200.png\",\"width\":200,\"height\":200,\"caption\":\"MMB COMPANY\"},\"image\":{\"@id\":\"https:\\\/\\\/mmbobd2.com\\\/#\\\/schema\\\/logo\\\/image\\\/\"},\"sameAs\":[\"https:\\\/\\\/www.facebook.com\\\/profile.php?id=61552159950965\"]}]}<\/script>\n<!-- \/ Yoast SEO plugin. -->","yoast_head_json":{"title":"VEDIAMO MERCEDES MMB OBD2 SOFTWARE","description":"VEDIAMO MERCEDES - L'outil de diagnostic ultime pour les ECU, bien au-del\u00e0 des moteurs. Une innovation Mercedes-Benz. MMB Software Automotive","robots":{"index":"index","follow":"follow","max-snippet":"max-snippet:-1","max-image-preview":"max-image-preview:large","max-video-preview":"max-video-preview:-1"},"canonical":"https:\/\/mmbobd2.com\/en\/product\/vediamo-mercedes\/","og_locale":"en_GB","og_type":"article","og_title":"VEDIAMO MERCEDES","og_description":"D\u00e9couvrez VEDIAMO MERCEDES, le logiciel de diagnostic de pointe pour les ECU, allant bien au-del\u00e0 des moteurs. L'innovation de Mercedes-Benz \u00e0 votre service. #VEDIAMOMERCEDES #DiagnosticAuto #MercedesBenz #MMBSoftwareAutomotive","og_url":"https:\/\/mmbobd2.com\/en\/product\/vediamo-mercedes\/","og_site_name":"MMB OBD2 SOFTWARE","article_publisher":"https:\/\/www.facebook.com\/profile.php?id=61552159950965","article_modified_time":"2024-01-07T19:32:10+00:00","og_image":[{"width":1000,"height":1000,"url":"https:\/\/mmbobd2.com\/wp-content\/uploads\/2023\/10\/VEDIAMO.jpg","type":"image\/jpeg"}],"twitter_card":"summary_large_image","twitter_misc":{"Estimated reading time":"2 minutes"},"schema":{"@context":"https:\/\/schema.org","@graph":[{"@type":"WebPage","@id":"https:\/\/mmbobd2.com\/product\/vediamo-mercedes\/","url":"https:\/\/mmbobd2.com\/product\/vediamo-mercedes\/","name":"VEDIAMO MERCEDES MMB OBD2 SOFTWARE","isPartOf":{"@id":"https:\/\/mmbobd2.com\/#website"},"primaryImageOfPage":{"@id":"https:\/\/mmbobd2.com\/product\/vediamo-mercedes\/#primaryimage"},"image":{"@id":"https:\/\/mmbobd2.com\/product\/vediamo-mercedes\/#primaryimage"},"thumbnailUrl":"https:\/\/i0.wp.com\/mmbobd2.com\/wp-content\/uploads\/2023\/10\/VEDIAMO.jpg?fit=1000%2C1000&ssl=1","datePublished":"2023-10-11T09:17:30+00:00","dateModified":"2024-01-07T19:32:10+00:00","description":"VEDIAMO MERCEDES - L'outil de diagnostic ultime pour les ECU, bien au-del\u00e0 des moteurs. Une innovation Mercedes-Benz. MMB Software Automotive","breadcrumb":{"@id":"https:\/\/mmbobd2.com\/product\/vediamo-mercedes\/#breadcrumb"},"inLanguage":"en-GB","potentialAction":[{"@type":"ReadAction","target":["https:\/\/mmbobd2.com\/product\/vediamo-mercedes\/"]}]},{"@type":"ImageObject","inLanguage":"en-GB","@id":"https:\/\/mmbobd2.com\/product\/vediamo-mercedes\/#primaryimage","url":"https:\/\/i0.wp.com\/mmbobd2.com\/wp-content\/uploads\/2023\/10\/VEDIAMO.jpg?fit=1000%2C1000&ssl=1","contentUrl":"https:\/\/i0.wp.com\/mmbobd2.com\/wp-content\/uploads\/2023\/10\/VEDIAMO.jpg?fit=1000%2C1000&ssl=1","width":1000,"height":1000,"caption":"VEDIAMO MERCEDES"},{"@type":"BreadcrumbList","@id":"https:\/\/mmbobd2.com\/product\/vediamo-mercedes\/#breadcrumb","itemListElement":[{"@type":"ListItem","position":1,"name":"Accueil","item":"https:\/\/mmbobd2.com\/"},{"@type":"ListItem","position":2,"name":"Boutique","item":"https:\/\/mmbobd2.com\/logiciels-de-diagnostic-automobiles\/"},{"@type":"ListItem","position":3,"name":"VEDIAMO MERCEDES"}]},{"@type":"WebSite","@id":"https:\/\/mmbobd2.com\/#website","url":"https:\/\/mmbobd2.com\/","name":"MMB OBD2 SOFTWARE","description":"","publisher":{"@id":"https:\/\/mmbobd2.com\/#organization"},"alternateName":"mmbsoftauto","potentialAction":[{"@type":"SearchAction","target":{"@type":"EntryPoint","urlTemplate":"https:\/\/mmbobd2.com\/?s={search_term_string}"},"query-input":{"@type":"PropertyValueSpecification","valueRequired":true,"valueName":"search_term_string"}}],"inLanguage":"en-GB"},{"@type":"Organization","@id":"https:\/\/mmbobd2.com\/#organization","name":"MMB COMPANY","url":"https:\/\/mmbobd2.com\/","logo":{"@type":"ImageObject","inLanguage":"en-GB","@id":"https:\/\/mmbobd2.com\/#\/schema\/logo\/image\/","url":"https:\/\/mmbobd2.com\/wp-content\/uploads\/2023\/10\/LOGO-ROND-MMB-200.png","contentUrl":"https:\/\/mmbobd2.com\/wp-content\/uploads\/2023\/10\/LOGO-ROND-MMB-200.png","width":200,"height":200,"caption":"MMB COMPANY"},"image":{"@id":"https:\/\/mmbobd2.com\/#\/schema\/logo\/image\/"},"sameAs":["https:\/\/www.facebook.com\/profile.php?id=61552159950965"]}]}},"_links":{"self":[{"href":"https:\/\/mmbobd2.com\/en\/wp-json\/wp\/v2\/product\/450","targetHints":{"allow":["GET"]}}],"collection":[{"href":"https:\/\/mmbobd2.com\/en\/wp-json\/wp\/v2\/product"}],"about":[{"href":"https:\/\/mmbobd2.com\/en\/wp-json\/wp\/v2\/types\/product"}],"wp:featuredmedia":[{"embeddable":true,"href":"https:\/\/mmbobd2.com\/en\/wp-json\/wp\/v2\/media\/451"}],"wp:attachment":[{"href":"https:\/\/mmbobd2.com\/en\/wp-json\/wp\/v2\/media?parent=450"}],"wp:term":[{"taxonomy":"product_brand","embeddable":true,"href":"https:\/\/mmbobd2.com\/en\/wp-json\/wp\/v2\/product_brand?post=450"},{"taxonomy":"product_cat","embeddable":true,"href":"https:\/\/mmbobd2.com\/en\/wp-json\/wp\/v2\/product_cat?post=450"},{"taxonomy":"product_tag","embeddable":true,"href":"https:\/\/mmbobd2.com\/en\/wp-json\/wp\/v2\/product_tag?post=450"}],"curies":[{"name":"wp","href":"https:\/\/api.w.org\/{rel}","templated":true}]}}