{"id":455,"date":"2023-10-11T09:47:47","date_gmt":"2023-10-11T09:47:47","guid":{"rendered":"https:\/\/mmbobd2.com\/?post_type=product&#038;p=455"},"modified":"2023-11-08T15:50:04","modified_gmt":"2023-11-08T15:50:04","slug":"volvo-trucks-impact","status":"publish","type":"product","link":"https:\/\/mmbobd2.com\/en\/product\/volvo-trucks-impact\/","title":{"rendered":"VOLVO TRUCKS IMPACT"},"content":{"rendered":"<h2 style=\"text-align: center;\"><strong>VOLVO TRUCKS IMPACT<\/strong><\/h2>\n<p>&nbsp;<\/p>\n<h2><\/h2>\n<h4><strong>Votre Solution Compl\u00e8te pour Pi\u00e8ces et R\u00e9parations<\/strong><\/h4>\n<p>VOLVO TRUCKS IMPACT est bien plus qu&rsquo;un simple catalogue de pi\u00e8ces de rechange pour les camions et bus Volvo. C&rsquo;est un outil complet qui vous permet de trouver rapidement les pi\u00e8ces dont vous avez besoin, ainsi que de consulter les sch\u00e9mas de c\u00e2blage et les manuels de r\u00e9paration pour entretenir votre flotte de v\u00e9hicules.<\/p>\n<h4><strong>Catalogue de Pi\u00e8ces de Rechange<\/strong><\/h4>\n<p>Volvo Impact propose un catalogue de pi\u00e8ces de rechange, class\u00e9es par code VIN (VIN ou ch\u00e2ssis). Cette fonctionnalit\u00e9 vous permet de localiser pr\u00e9cis\u00e9ment les pi\u00e8ces compatibles avec vos v\u00e9hicules, en gagnant du temps et en \u00e9vitant les erreurs de <a href=\"https:\/\/mmbobd2.com\/en\/product-category\/trucks-diagnostic-software\/epc-et-manuels-de-reparation-trucks\/\">commande<\/a>.<\/p>\n<h4><strong>Sch\u00e9mas de C\u00e2blage et Manuels de R\u00e9paration<\/strong><\/h4>\n<p>En plus du catalogue de pi\u00e8ces, Volvo Impact offre un acc\u00e8s aux sch\u00e9mas de c\u00e2blage et aux manuels de r\u00e9paration. Ces ressources essentielles facilitent l&rsquo;entretien de vos camions et bus Volvo, en vous guidant \u00e0 travers les r\u00e9parations et la<a href=\"https:\/\/www.volvotrucks.us\/trucks\/vnl\/interior\/\"> maintenance.<\/a><\/p>\n<h4><strong>Recherche Facile<\/strong><\/h4>\n<p>Volvo Impact vous permet de rechercher des pi\u00e8ces de rechange en utilisant divers crit\u00e8res. Tels que le code VIN, le ch\u00e2ssis, le num\u00e9ro de pi\u00e8ce, et bien plus encore. Cela vous assure de trouver rapidement la pi\u00e8ce exacte dont vous avez besoin. R\u00e9duisant ainsi les temps d&rsquo;immobilisation de vos v\u00e9hicules.<\/p>","protected":false},"excerpt":{"rendered":"<p>Catalogue de pi\u00e8ces, sch\u00e9mas de c\u00e2blage, et manuels de r\u00e9paration pour camions et bus Volvo. Tout ce dont vous avez besoin \u00e0 port\u00e9e de clic.<\/p>","protected":false},"featured_media":456,"template":"","meta":[],"product_brand":[],"product_cat":[19],"product_tag":[],"class_list":{"0":"post-455","1":"product","2":"type-product","3":"status-publish","4":"has-post-thumbnail","6":"product_cat-epc-et-manuels-de-reparation-trucks","8":"first","9":"instock","10":"downloadable","11":"virtual","12":"purchasable","13":"product-type-simple"},"yoast_head":"<!-- This site is optimized with the Yoast SEO plugin v27.4 - https:\/\/yoast.com\/product\/yoast-seo-wordpress\/ -->\n<title>VOLVO TRUCKS IMPACT MMB OBD2 SOFTWARE<\/title>\n<meta name=\"description\" content=\"VOLVO TRUCKS IMPACT - Catalogue de pi\u00e8ces, sch\u00e9mas de c\u00e2blage, et manuels de r\u00e9paration pour camions et bus Volvo. MMB Software Automotive\" \/>\n<meta name=\"robots\" content=\"index, follow, max-snippet:-1, max-image-preview:large, max-video-preview:-1\" \/>\n<link rel=\"canonical\" href=\"https:\/\/mmbobd2.com\/en\/product\/volvo-trucks-impact\/\" \/>\n<meta property=\"og:locale\" content=\"en_GB\" \/>\n<meta property=\"og:type\" content=\"article\" \/>\n<meta property=\"og:title\" content=\"VOLVO TRUCKS IMPACT\" \/>\n<meta property=\"og:description\" content=\"D\u00e9couvrez Volvo Impact, l&#039;outil incontournable pour les propri\u00e9taires de camions et bus Volvo. Catalogue de pi\u00e8ces, sch\u00e9mas de c\u00e2blage, et bien plus encore. #VolvoImpact #CatalogueDePieces #EntretienVehicules #MMBSoftwareAutomotive\" \/>\n<meta property=\"og:url\" content=\"https:\/\/mmbobd2.com\/en\/product\/volvo-trucks-impact\/\" \/>\n<meta property=\"og:site_name\" content=\"MMB OBD2 SOFTWARE\" \/>\n<meta property=\"article:publisher\" content=\"https:\/\/www.facebook.com\/profile.php?id=61552159950965\" \/>\n<meta property=\"article:modified_time\" content=\"2023-11-08T15:50:04+00:00\" \/>\n<meta property=\"og:image\" content=\"https:\/\/mmbobd2.com\/wp-content\/uploads\/2023\/10\/VOLVOIMPACT.jpg\" \/>\n\t<meta property=\"og:image:width\" content=\"1000\" \/>\n\t<meta property=\"og:image:height\" content=\"1000\" \/>\n\t<meta property=\"og:image:type\" content=\"image\/jpeg\" \/>\n<meta name=\"twitter:card\" content=\"summary_large_image\" \/>\n<meta name=\"twitter:label1\" content=\"Estimated reading time\" \/>\n\t<meta name=\"twitter:data1\" content=\"2 minutes\" \/>\n<script type=\"application\/ld+json\" class=\"yoast-schema-graph\">{\"@context\":\"https:\\\/\\\/schema.org\",\"@graph\":[{\"@type\":\"WebPage\",\"@id\":\"https:\\\/\\\/mmbobd2.com\\\/product\\\/volvo-trucks-impact\\\/\",\"url\":\"https:\\\/\\\/mmbobd2.com\\\/product\\\/volvo-trucks-impact\\\/\",\"name\":\"VOLVO TRUCKS IMPACT MMB OBD2 SOFTWARE\",\"isPartOf\":{\"@id\":\"https:\\\/\\\/mmbobd2.com\\\/#website\"},\"primaryImageOfPage\":{\"@id\":\"https:\\\/\\\/mmbobd2.com\\\/product\\\/volvo-trucks-impact\\\/#primaryimage\"},\"image\":{\"@id\":\"https:\\\/\\\/mmbobd2.com\\\/product\\\/volvo-trucks-impact\\\/#primaryimage\"},\"thumbnailUrl\":\"https:\\\/\\\/i0.wp.com\\\/mmbobd2.com\\\/wp-content\\\/uploads\\\/2023\\\/10\\\/VOLVOIMPACT.jpg?fit=1000%2C1000&ssl=1\",\"datePublished\":\"2023-10-11T09:47:47+00:00\",\"dateModified\":\"2023-11-08T15:50:04+00:00\",\"description\":\"VOLVO TRUCKS IMPACT - Catalogue de pi\u00e8ces, sch\u00e9mas de c\u00e2blage, et manuels de r\u00e9paration pour camions et bus Volvo. MMB Software Automotive\",\"breadcrumb\":{\"@id\":\"https:\\\/\\\/mmbobd2.com\\\/product\\\/volvo-trucks-impact\\\/#breadcrumb\"},\"inLanguage\":\"en-GB\",\"potentialAction\":[{\"@type\":\"ReadAction\",\"target\":[\"https:\\\/\\\/mmbobd2.com\\\/product\\\/volvo-trucks-impact\\\/\"]}]},{\"@type\":\"ImageObject\",\"inLanguage\":\"en-GB\",\"@id\":\"https:\\\/\\\/mmbobd2.com\\\/product\\\/volvo-trucks-impact\\\/#primaryimage\",\"url\":\"https:\\\/\\\/i0.wp.com\\\/mmbobd2.com\\\/wp-content\\\/uploads\\\/2023\\\/10\\\/VOLVOIMPACT.jpg?fit=1000%2C1000&ssl=1\",\"contentUrl\":\"https:\\\/\\\/i0.wp.com\\\/mmbobd2.com\\\/wp-content\\\/uploads\\\/2023\\\/10\\\/VOLVOIMPACT.jpg?fit=1000%2C1000&ssl=1\",\"width\":1000,\"height\":1000,\"caption\":\"VOLVO TRUCKS IMPACT\"},{\"@type\":\"BreadcrumbList\",\"@id\":\"https:\\\/\\\/mmbobd2.com\\\/product\\\/volvo-trucks-impact\\\/#breadcrumb\",\"itemListElement\":[{\"@type\":\"ListItem\",\"position\":1,\"name\":\"Accueil\",\"item\":\"https:\\\/\\\/mmbobd2.com\\\/\"},{\"@type\":\"ListItem\",\"position\":2,\"name\":\"Boutique\",\"item\":\"https:\\\/\\\/mmbobd2.com\\\/logiciels-de-diagnostic-automobiles\\\/\"},{\"@type\":\"ListItem\",\"position\":3,\"name\":\"VOLVO TRUCKS IMPACT\"}]},{\"@type\":\"WebSite\",\"@id\":\"https:\\\/\\\/mmbobd2.com\\\/#website\",\"url\":\"https:\\\/\\\/mmbobd2.com\\\/\",\"name\":\"MMB OBD2 SOFTWARE\",\"description\":\"\",\"publisher\":{\"@id\":\"https:\\\/\\\/mmbobd2.com\\\/#organization\"},\"alternateName\":\"mmbsoftauto\",\"potentialAction\":[{\"@type\":\"SearchAction\",\"target\":{\"@type\":\"EntryPoint\",\"urlTemplate\":\"https:\\\/\\\/mmbobd2.com\\\/?s={search_term_string}\"},\"query-input\":{\"@type\":\"PropertyValueSpecification\",\"valueRequired\":true,\"valueName\":\"search_term_string\"}}],\"inLanguage\":\"en-GB\"},{\"@type\":\"Organization\",\"@id\":\"https:\\\/\\\/mmbobd2.com\\\/#organization\",\"name\":\"MMB COMPANY\",\"url\":\"https:\\\/\\\/mmbobd2.com\\\/\",\"logo\":{\"@type\":\"ImageObject\",\"inLanguage\":\"en-GB\",\"@id\":\"https:\\\/\\\/mmbobd2.com\\\/#\\\/schema\\\/logo\\\/image\\\/\",\"url\":\"https:\\\/\\\/mmbobd2.com\\\/wp-content\\\/uploads\\\/2023\\\/10\\\/LOGO-ROND-MMB-200.png\",\"contentUrl\":\"https:\\\/\\\/mmbobd2.com\\\/wp-content\\\/uploads\\\/2023\\\/10\\\/LOGO-ROND-MMB-200.png\",\"width\":200,\"height\":200,\"caption\":\"MMB COMPANY\"},\"image\":{\"@id\":\"https:\\\/\\\/mmbobd2.com\\\/#\\\/schema\\\/logo\\\/image\\\/\"},\"sameAs\":[\"https:\\\/\\\/www.facebook.com\\\/profile.php?id=61552159950965\"]}]}<\/script>\n<!-- \/ Yoast SEO plugin. -->","yoast_head_json":{"title":"VOLVO TRUCKS IMPACT MMB OBD2 SOFTWARE","description":"VOLVO TRUCKS IMPACT - Catalogue de pi\u00e8ces, sch\u00e9mas de c\u00e2blage, et manuels de r\u00e9paration pour camions et bus Volvo. MMB Software Automotive","robots":{"index":"index","follow":"follow","max-snippet":"max-snippet:-1","max-image-preview":"max-image-preview:large","max-video-preview":"max-video-preview:-1"},"canonical":"https:\/\/mmbobd2.com\/en\/product\/volvo-trucks-impact\/","og_locale":"en_GB","og_type":"article","og_title":"VOLVO TRUCKS IMPACT","og_description":"D\u00e9couvrez Volvo Impact, l'outil incontournable pour les propri\u00e9taires de camions et bus Volvo. Catalogue de pi\u00e8ces, sch\u00e9mas de c\u00e2blage, et bien plus encore. #VolvoImpact #CatalogueDePieces #EntretienVehicules #MMBSoftwareAutomotive","og_url":"https:\/\/mmbobd2.com\/en\/product\/volvo-trucks-impact\/","og_site_name":"MMB OBD2 SOFTWARE","article_publisher":"https:\/\/www.facebook.com\/profile.php?id=61552159950965","article_modified_time":"2023-11-08T15:50:04+00:00","og_image":[{"width":1000,"height":1000,"url":"https:\/\/mmbobd2.com\/wp-content\/uploads\/2023\/10\/VOLVOIMPACT.jpg","type":"image\/jpeg"}],"twitter_card":"summary_large_image","twitter_misc":{"Estimated reading time":"2 minutes"},"schema":{"@context":"https:\/\/schema.org","@graph":[{"@type":"WebPage","@id":"https:\/\/mmbobd2.com\/product\/volvo-trucks-impact\/","url":"https:\/\/mmbobd2.com\/product\/volvo-trucks-impact\/","name":"VOLVO TRUCKS IMPACT MMB OBD2 SOFTWARE","isPartOf":{"@id":"https:\/\/mmbobd2.com\/#website"},"primaryImageOfPage":{"@id":"https:\/\/mmbobd2.com\/product\/volvo-trucks-impact\/#primaryimage"},"image":{"@id":"https:\/\/mmbobd2.com\/product\/volvo-trucks-impact\/#primaryimage"},"thumbnailUrl":"https:\/\/i0.wp.com\/mmbobd2.com\/wp-content\/uploads\/2023\/10\/VOLVOIMPACT.jpg?fit=1000%2C1000&ssl=1","datePublished":"2023-10-11T09:47:47+00:00","dateModified":"2023-11-08T15:50:04+00:00","description":"VOLVO TRUCKS IMPACT - Catalogue de pi\u00e8ces, sch\u00e9mas de c\u00e2blage, et manuels de r\u00e9paration pour camions et bus Volvo. MMB Software Automotive","breadcrumb":{"@id":"https:\/\/mmbobd2.com\/product\/volvo-trucks-impact\/#breadcrumb"},"inLanguage":"en-GB","potentialAction":[{"@type":"ReadAction","target":["https:\/\/mmbobd2.com\/product\/volvo-trucks-impact\/"]}]},{"@type":"ImageObject","inLanguage":"en-GB","@id":"https:\/\/mmbobd2.com\/product\/volvo-trucks-impact\/#primaryimage","url":"https:\/\/i0.wp.com\/mmbobd2.com\/wp-content\/uploads\/2023\/10\/VOLVOIMPACT.jpg?fit=1000%2C1000&ssl=1","contentUrl":"https:\/\/i0.wp.com\/mmbobd2.com\/wp-content\/uploads\/2023\/10\/VOLVOIMPACT.jpg?fit=1000%2C1000&ssl=1","width":1000,"height":1000,"caption":"VOLVO TRUCKS IMPACT"},{"@type":"BreadcrumbList","@id":"https:\/\/mmbobd2.com\/product\/volvo-trucks-impact\/#breadcrumb","itemListElement":[{"@type":"ListItem","position":1,"name":"Accueil","item":"https:\/\/mmbobd2.com\/"},{"@type":"ListItem","position":2,"name":"Boutique","item":"https:\/\/mmbobd2.com\/logiciels-de-diagnostic-automobiles\/"},{"@type":"ListItem","position":3,"name":"VOLVO TRUCKS IMPACT"}]},{"@type":"WebSite","@id":"https:\/\/mmbobd2.com\/#website","url":"https:\/\/mmbobd2.com\/","name":"MMB OBD2 SOFTWARE","description":"","publisher":{"@id":"https:\/\/mmbobd2.com\/#organization"},"alternateName":"mmbsoftauto","potentialAction":[{"@type":"SearchAction","target":{"@type":"EntryPoint","urlTemplate":"https:\/\/mmbobd2.com\/?s={search_term_string}"},"query-input":{"@type":"PropertyValueSpecification","valueRequired":true,"valueName":"search_term_string"}}],"inLanguage":"en-GB"},{"@type":"Organization","@id":"https:\/\/mmbobd2.com\/#organization","name":"MMB COMPANY","url":"https:\/\/mmbobd2.com\/","logo":{"@type":"ImageObject","inLanguage":"en-GB","@id":"https:\/\/mmbobd2.com\/#\/schema\/logo\/image\/","url":"https:\/\/mmbobd2.com\/wp-content\/uploads\/2023\/10\/LOGO-ROND-MMB-200.png","contentUrl":"https:\/\/mmbobd2.com\/wp-content\/uploads\/2023\/10\/LOGO-ROND-MMB-200.png","width":200,"height":200,"caption":"MMB COMPANY"},"image":{"@id":"https:\/\/mmbobd2.com\/#\/schema\/logo\/image\/"},"sameAs":["https:\/\/www.facebook.com\/profile.php?id=61552159950965"]}]}},"_links":{"self":[{"href":"https:\/\/mmbobd2.com\/en\/wp-json\/wp\/v2\/product\/455","targetHints":{"allow":["GET"]}}],"collection":[{"href":"https:\/\/mmbobd2.com\/en\/wp-json\/wp\/v2\/product"}],"about":[{"href":"https:\/\/mmbobd2.com\/en\/wp-json\/wp\/v2\/types\/product"}],"wp:featuredmedia":[{"embeddable":true,"href":"https:\/\/mmbobd2.com\/en\/wp-json\/wp\/v2\/media\/456"}],"wp:attachment":[{"href":"https:\/\/mmbobd2.com\/en\/wp-json\/wp\/v2\/media?parent=455"}],"wp:term":[{"taxonomy":"product_brand","embeddable":true,"href":"https:\/\/mmbobd2.com\/en\/wp-json\/wp\/v2\/product_brand?post=455"},{"taxonomy":"product_cat","embeddable":true,"href":"https:\/\/mmbobd2.com\/en\/wp-json\/wp\/v2\/product_cat?post=455"},{"taxonomy":"product_tag","embeddable":true,"href":"https:\/\/mmbobd2.com\/en\/wp-json\/wp\/v2\/product_tag?post=455"}],"curies":[{"name":"wp","href":"https:\/\/api.w.org\/{rel}","templated":true}]}}