{"id":462,"date":"2023-10-11T10:27:18","date_gmt":"2023-10-11T10:27:18","guid":{"rendered":"https:\/\/mmbobd2.com\/?post_type=product&#038;p=462"},"modified":"2023-11-08T15:52:41","modified_gmt":"2023-11-08T15:52:41","slug":"winols-4-51","status":"publish","type":"product","link":"https:\/\/mmbobd2.com\/en\/product\/winols-4-51\/","title":{"rendered":"WINOLS 4.51"},"content":{"rendered":"<h2 style=\"text-align: center;\"><strong>WINOLS 4.51 <\/strong><\/h2>\n<p>&nbsp;<\/p>\n<h4><strong>L&rsquo;\u00c9volution du Contr\u00f4le Moteur<\/strong><\/h4>\n<p>WinOLS 4.51 est une nouvelle version de ce logiciel d\u00e9di\u00e9 \u00e0 la modification de la m\u00e9moire des calculateurs, les Engine Control Units (ECU). D\u00e9couvrez comment ce logiciel peut am\u00e9liorer la performance de votre v\u00e9hicule.<\/p>\n<h4><strong>Modification ECU Simplifi\u00e9e<\/strong><\/h4>\n<p>WinOLS facilite la recherche et la localisation de cartes dans les fichiers de donn\u00e9es de l&rsquo;ECU. Vous pouvez nommer et ajuster ces cartes en vue et en format pour personnaliser les performances de votre v\u00e9hicule selon <a href=\"https:\/\/www.amazon.com\/\">vos<\/a> pr\u00e9f\u00e9rences.<\/p>\n<h4><strong>Personnalisation Avanc\u00e9e<\/strong><\/h4>\n<p>Avec WinOLS 4.51, la personnalisation des cartes ECU est encore plus pouss\u00e9e. Vous pouvez adapter les param\u00e8tres pour optimiser la performance de votre v\u00e9hicule, que vous cherchiez \u00e0 am\u00e9liorer la consommation de carburant, la puissance du moteur, ou d&rsquo;autres <a href=\"https:\/\/mmbobd2.com\/en\/product-category\/trucks-diagnostic-software\/trucks-reprogrammation-software\/\">aspects.<\/a><\/p>\n<h4><strong>D\u00e9tails Techniques<\/strong><\/h4>\n<ul>\n<li>Version logicielle 4.51<\/li>\n<li>Compatible avec Windows 7\/10<\/li>\n<li>Installation simple et la possibilit\u00e9 d&rsquo;installer sur plusieurs PC<\/li>\n<\/ul>","protected":false},"excerpt":{"rendered":"<p>Personnalisez la performance de votre v\u00e9hicule en modifiant les cartes de l&rsquo;ECU. L&rsquo;\u00e9volution du contr\u00f4le moteur.<\/p>","protected":false},"featured_media":463,"template":"","meta":[],"product_brand":[],"product_cat":[17],"product_tag":[],"class_list":{"0":"post-462","1":"product","2":"type-product","3":"status-publish","4":"has-post-thumbnail","6":"product_cat-software-reprogrammation-auto","8":"first","9":"instock","10":"downloadable","11":"virtual","12":"purchasable","13":"product-type-simple"},"yoast_head":"<!-- This site is optimized with the Yoast SEO plugin v27.4 - https:\/\/yoast.com\/product\/yoast-seo-wordpress\/ -->\n<title>WINOLS 4.51 MMB OBD2 SOFTWARE<\/title>\n<meta name=\"description\" content=\"WinOLS 4.51 - Personnalisez la performance de votre v\u00e9hicule en modifiant les cartes de l&#039;ECU. L&#039;\u00e9volution du contr\u00f4le moteur.\" \/>\n<meta name=\"robots\" content=\"index, follow, max-snippet:-1, max-image-preview:large, max-video-preview:-1\" \/>\n<link rel=\"canonical\" href=\"https:\/\/mmbobd2.com\/en\/product\/winols-4-51\/\" \/>\n<meta property=\"og:locale\" content=\"en_GB\" \/>\n<meta property=\"og:type\" content=\"article\" \/>\n<meta property=\"og:title\" content=\"WINOLS 4.51\" \/>\n<meta property=\"og:description\" content=\"D\u00e9couvrez WinOLS 4.51, la derni\u00e8re version du logiciel de modification ECU. Personnalisez la performance de votre v\u00e9hicule. #WinOLS451 #ModificationECU #PerformanceVehicule #MMBSoftwareAutomotive\" \/>\n<meta property=\"og:url\" content=\"https:\/\/mmbobd2.com\/en\/product\/winols-4-51\/\" \/>\n<meta property=\"og:site_name\" content=\"MMB OBD2 SOFTWARE\" \/>\n<meta property=\"article:publisher\" content=\"https:\/\/www.facebook.com\/profile.php?id=61552159950965\" \/>\n<meta property=\"article:modified_time\" content=\"2023-11-08T15:52:41+00:00\" \/>\n<meta property=\"og:image\" content=\"https:\/\/mmbobd2.com\/wp-content\/uploads\/2023\/10\/WINOLS451.jpg\" \/>\n\t<meta property=\"og:image:width\" content=\"1000\" \/>\n\t<meta property=\"og:image:height\" content=\"1000\" \/>\n\t<meta property=\"og:image:type\" content=\"image\/jpeg\" \/>\n<meta name=\"twitter:card\" content=\"summary_large_image\" \/>\n<meta name=\"twitter:label1\" content=\"Estimated reading time\" \/>\n\t<meta name=\"twitter:data1\" content=\"1 minute\" \/>\n<script type=\"application\/ld+json\" class=\"yoast-schema-graph\">{\"@context\":\"https:\\\/\\\/schema.org\",\"@graph\":[{\"@type\":\"WebPage\",\"@id\":\"https:\\\/\\\/mmbobd2.com\\\/product\\\/winols-4-51\\\/\",\"url\":\"https:\\\/\\\/mmbobd2.com\\\/product\\\/winols-4-51\\\/\",\"name\":\"WINOLS 4.51 MMB OBD2 SOFTWARE\",\"isPartOf\":{\"@id\":\"https:\\\/\\\/mmbobd2.com\\\/#website\"},\"primaryImageOfPage\":{\"@id\":\"https:\\\/\\\/mmbobd2.com\\\/product\\\/winols-4-51\\\/#primaryimage\"},\"image\":{\"@id\":\"https:\\\/\\\/mmbobd2.com\\\/product\\\/winols-4-51\\\/#primaryimage\"},\"thumbnailUrl\":\"https:\\\/\\\/i0.wp.com\\\/mmbobd2.com\\\/wp-content\\\/uploads\\\/2023\\\/10\\\/WINOLS451.jpg?fit=1000%2C1000&ssl=1\",\"datePublished\":\"2023-10-11T10:27:18+00:00\",\"dateModified\":\"2023-11-08T15:52:41+00:00\",\"description\":\"WinOLS 4.51 - Personnalisez la performance de votre v\u00e9hicule en modifiant les cartes de l'ECU. L'\u00e9volution du contr\u00f4le moteur.\",\"breadcrumb\":{\"@id\":\"https:\\\/\\\/mmbobd2.com\\\/product\\\/winols-4-51\\\/#breadcrumb\"},\"inLanguage\":\"en-GB\",\"potentialAction\":[{\"@type\":\"ReadAction\",\"target\":[\"https:\\\/\\\/mmbobd2.com\\\/product\\\/winols-4-51\\\/\"]}]},{\"@type\":\"ImageObject\",\"inLanguage\":\"en-GB\",\"@id\":\"https:\\\/\\\/mmbobd2.com\\\/product\\\/winols-4-51\\\/#primaryimage\",\"url\":\"https:\\\/\\\/i0.wp.com\\\/mmbobd2.com\\\/wp-content\\\/uploads\\\/2023\\\/10\\\/WINOLS451.jpg?fit=1000%2C1000&ssl=1\",\"contentUrl\":\"https:\\\/\\\/i0.wp.com\\\/mmbobd2.com\\\/wp-content\\\/uploads\\\/2023\\\/10\\\/WINOLS451.jpg?fit=1000%2C1000&ssl=1\",\"width\":1000,\"height\":1000,\"caption\":\"WINOLS 4.51\"},{\"@type\":\"BreadcrumbList\",\"@id\":\"https:\\\/\\\/mmbobd2.com\\\/product\\\/winols-4-51\\\/#breadcrumb\",\"itemListElement\":[{\"@type\":\"ListItem\",\"position\":1,\"name\":\"Accueil\",\"item\":\"https:\\\/\\\/mmbobd2.com\\\/\"},{\"@type\":\"ListItem\",\"position\":2,\"name\":\"Boutique\",\"item\":\"https:\\\/\\\/mmbobd2.com\\\/logiciels-de-diagnostic-automobiles\\\/\"},{\"@type\":\"ListItem\",\"position\":3,\"name\":\"WINOLS 4.51\"}]},{\"@type\":\"WebSite\",\"@id\":\"https:\\\/\\\/mmbobd2.com\\\/#website\",\"url\":\"https:\\\/\\\/mmbobd2.com\\\/\",\"name\":\"MMB OBD2 SOFTWARE\",\"description\":\"\",\"publisher\":{\"@id\":\"https:\\\/\\\/mmbobd2.com\\\/#organization\"},\"alternateName\":\"mmbsoftauto\",\"potentialAction\":[{\"@type\":\"SearchAction\",\"target\":{\"@type\":\"EntryPoint\",\"urlTemplate\":\"https:\\\/\\\/mmbobd2.com\\\/?s={search_term_string}\"},\"query-input\":{\"@type\":\"PropertyValueSpecification\",\"valueRequired\":true,\"valueName\":\"search_term_string\"}}],\"inLanguage\":\"en-GB\"},{\"@type\":\"Organization\",\"@id\":\"https:\\\/\\\/mmbobd2.com\\\/#organization\",\"name\":\"MMB COMPANY\",\"url\":\"https:\\\/\\\/mmbobd2.com\\\/\",\"logo\":{\"@type\":\"ImageObject\",\"inLanguage\":\"en-GB\",\"@id\":\"https:\\\/\\\/mmbobd2.com\\\/#\\\/schema\\\/logo\\\/image\\\/\",\"url\":\"https:\\\/\\\/mmbobd2.com\\\/wp-content\\\/uploads\\\/2023\\\/10\\\/LOGO-ROND-MMB-200.png\",\"contentUrl\":\"https:\\\/\\\/mmbobd2.com\\\/wp-content\\\/uploads\\\/2023\\\/10\\\/LOGO-ROND-MMB-200.png\",\"width\":200,\"height\":200,\"caption\":\"MMB COMPANY\"},\"image\":{\"@id\":\"https:\\\/\\\/mmbobd2.com\\\/#\\\/schema\\\/logo\\\/image\\\/\"},\"sameAs\":[\"https:\\\/\\\/www.facebook.com\\\/profile.php?id=61552159950965\"]}]}<\/script>\n<!-- \/ Yoast SEO plugin. -->","yoast_head_json":{"title":"WINOLS 4.51 MMB OBD2 SOFTWARE","description":"WinOLS 4.51 - Personnalisez la performance de votre v\u00e9hicule en modifiant les cartes de l'ECU. L'\u00e9volution du contr\u00f4le moteur.","robots":{"index":"index","follow":"follow","max-snippet":"max-snippet:-1","max-image-preview":"max-image-preview:large","max-video-preview":"max-video-preview:-1"},"canonical":"https:\/\/mmbobd2.com\/en\/product\/winols-4-51\/","og_locale":"en_GB","og_type":"article","og_title":"WINOLS 4.51","og_description":"D\u00e9couvrez WinOLS 4.51, la derni\u00e8re version du logiciel de modification ECU. Personnalisez la performance de votre v\u00e9hicule. #WinOLS451 #ModificationECU #PerformanceVehicule #MMBSoftwareAutomotive","og_url":"https:\/\/mmbobd2.com\/en\/product\/winols-4-51\/","og_site_name":"MMB OBD2 SOFTWARE","article_publisher":"https:\/\/www.facebook.com\/profile.php?id=61552159950965","article_modified_time":"2023-11-08T15:52:41+00:00","og_image":[{"width":1000,"height":1000,"url":"https:\/\/mmbobd2.com\/wp-content\/uploads\/2023\/10\/WINOLS451.jpg","type":"image\/jpeg"}],"twitter_card":"summary_large_image","twitter_misc":{"Estimated reading time":"1 minute"},"schema":{"@context":"https:\/\/schema.org","@graph":[{"@type":"WebPage","@id":"https:\/\/mmbobd2.com\/product\/winols-4-51\/","url":"https:\/\/mmbobd2.com\/product\/winols-4-51\/","name":"WINOLS 4.51 MMB OBD2 SOFTWARE","isPartOf":{"@id":"https:\/\/mmbobd2.com\/#website"},"primaryImageOfPage":{"@id":"https:\/\/mmbobd2.com\/product\/winols-4-51\/#primaryimage"},"image":{"@id":"https:\/\/mmbobd2.com\/product\/winols-4-51\/#primaryimage"},"thumbnailUrl":"https:\/\/i0.wp.com\/mmbobd2.com\/wp-content\/uploads\/2023\/10\/WINOLS451.jpg?fit=1000%2C1000&ssl=1","datePublished":"2023-10-11T10:27:18+00:00","dateModified":"2023-11-08T15:52:41+00:00","description":"WinOLS 4.51 - Personnalisez la performance de votre v\u00e9hicule en modifiant les cartes de l'ECU. L'\u00e9volution du contr\u00f4le moteur.","breadcrumb":{"@id":"https:\/\/mmbobd2.com\/product\/winols-4-51\/#breadcrumb"},"inLanguage":"en-GB","potentialAction":[{"@type":"ReadAction","target":["https:\/\/mmbobd2.com\/product\/winols-4-51\/"]}]},{"@type":"ImageObject","inLanguage":"en-GB","@id":"https:\/\/mmbobd2.com\/product\/winols-4-51\/#primaryimage","url":"https:\/\/i0.wp.com\/mmbobd2.com\/wp-content\/uploads\/2023\/10\/WINOLS451.jpg?fit=1000%2C1000&ssl=1","contentUrl":"https:\/\/i0.wp.com\/mmbobd2.com\/wp-content\/uploads\/2023\/10\/WINOLS451.jpg?fit=1000%2C1000&ssl=1","width":1000,"height":1000,"caption":"WINOLS 4.51"},{"@type":"BreadcrumbList","@id":"https:\/\/mmbobd2.com\/product\/winols-4-51\/#breadcrumb","itemListElement":[{"@type":"ListItem","position":1,"name":"Accueil","item":"https:\/\/mmbobd2.com\/"},{"@type":"ListItem","position":2,"name":"Boutique","item":"https:\/\/mmbobd2.com\/logiciels-de-diagnostic-automobiles\/"},{"@type":"ListItem","position":3,"name":"WINOLS 4.51"}]},{"@type":"WebSite","@id":"https:\/\/mmbobd2.com\/#website","url":"https:\/\/mmbobd2.com\/","name":"MMB OBD2 SOFTWARE","description":"","publisher":{"@id":"https:\/\/mmbobd2.com\/#organization"},"alternateName":"mmbsoftauto","potentialAction":[{"@type":"SearchAction","target":{"@type":"EntryPoint","urlTemplate":"https:\/\/mmbobd2.com\/?s={search_term_string}"},"query-input":{"@type":"PropertyValueSpecification","valueRequired":true,"valueName":"search_term_string"}}],"inLanguage":"en-GB"},{"@type":"Organization","@id":"https:\/\/mmbobd2.com\/#organization","name":"MMB COMPANY","url":"https:\/\/mmbobd2.com\/","logo":{"@type":"ImageObject","inLanguage":"en-GB","@id":"https:\/\/mmbobd2.com\/#\/schema\/logo\/image\/","url":"https:\/\/mmbobd2.com\/wp-content\/uploads\/2023\/10\/LOGO-ROND-MMB-200.png","contentUrl":"https:\/\/mmbobd2.com\/wp-content\/uploads\/2023\/10\/LOGO-ROND-MMB-200.png","width":200,"height":200,"caption":"MMB COMPANY"},"image":{"@id":"https:\/\/mmbobd2.com\/#\/schema\/logo\/image\/"},"sameAs":["https:\/\/www.facebook.com\/profile.php?id=61552159950965"]}]}},"_links":{"self":[{"href":"https:\/\/mmbobd2.com\/en\/wp-json\/wp\/v2\/product\/462","targetHints":{"allow":["GET"]}}],"collection":[{"href":"https:\/\/mmbobd2.com\/en\/wp-json\/wp\/v2\/product"}],"about":[{"href":"https:\/\/mmbobd2.com\/en\/wp-json\/wp\/v2\/types\/product"}],"wp:featuredmedia":[{"embeddable":true,"href":"https:\/\/mmbobd2.com\/en\/wp-json\/wp\/v2\/media\/463"}],"wp:attachment":[{"href":"https:\/\/mmbobd2.com\/en\/wp-json\/wp\/v2\/media?parent=462"}],"wp:term":[{"taxonomy":"product_brand","embeddable":true,"href":"https:\/\/mmbobd2.com\/en\/wp-json\/wp\/v2\/product_brand?post=462"},{"taxonomy":"product_cat","embeddable":true,"href":"https:\/\/mmbobd2.com\/en\/wp-json\/wp\/v2\/product_cat?post=462"},{"taxonomy":"product_tag","embeddable":true,"href":"https:\/\/mmbobd2.com\/en\/wp-json\/wp\/v2\/product_tag?post=462"}],"curies":[{"name":"wp","href":"https:\/\/api.w.org\/{rel}","templated":true}]}}