{"id":464,"date":"2023-10-11T10:37:35","date_gmt":"2023-10-11T10:37:35","guid":{"rendered":"https:\/\/mmbobd2.com\/?post_type=product&#038;p=464"},"modified":"2024-01-06T15:18:18","modified_gmt":"2024-01-06T15:18:18","slug":"x-decoder-10-3","status":"publish","type":"product","link":"https:\/\/mmbobd2.com\/en\/product\/x-decoder-10-3\/","title":{"rendered":"X-DECODER 10.3"},"content":{"rendered":"<h2 style=\"text-align: center;\"><strong> X-DECODER 10.3<\/strong><\/h2>\n<p>&nbsp;<\/p>\n<h4><strong>Solution DTC Compl\u00e8te<\/strong><\/h4>\n<p>X-DECODER 10.3 est le programme ultime pour r\u00e9soudre les erreurs DTC (Diagnostic Trouble Code) provenant de la liste des pilotes ci-dessous. Avec une licence \u00e0 vie compl\u00e8te dans la derni\u00e8re version, il s&rsquo;agit d&rsquo;un outil incontournable pour les professionnels de la r\u00e9paration automobile.<\/p>\n<h4><strong>Licence Compl\u00e8te \u00e0 Vie<\/strong><\/h4>\n<p>Avec X-DECODER 10.3, vous obtenez une licence \u00e0 vie compl\u00e8te dans la derni\u00e8re version. Une fois le programme achet\u00e9, le code de licence vous sera rapidement fourni, vous offrant un acc\u00e8s illimit\u00e9 et sans <a href=\"https:\/\/mmbobd2.com\/en\/product-category\/software-reprogrammation-auto\/\">abonnement<\/a>.<\/p>\n<h4><strong>Contr\u00f4les de Somme (CHECKSUM)<\/strong><\/h4>\n<p>Il est important de noter que les sommes de contr\u00f4le (CHECKSUM) ne sont pas compt\u00e9es automatiquement. Vous devez les calculer manuellement ou utiliser des outils tels que WinOls ou une interface compatible pour t\u00e9l\u00e9charger le <a href=\"https:\/\/www.temu.com\/\">programme<\/a>.<\/p>\n<h4><strong>D\u00e9tails Techniques<\/strong><\/h4>\n<ul>\n<li>Version logicielle : X-DECODER 10.3<\/li>\n<li>Licence \u00e0 vie<\/li>\n<li>Code de licence envoy\u00e9 apr\u00e8s l&rsquo;achat<\/li>\n<li>Calcul manuel des sommes de contr\u00f4le (CHECKSUM)<\/li>\n<\/ul>\n<p>&nbsp;<\/p>\n<p>Alfa Romeo, Fiat, Lancia<\/p>\n<p>BOSCH EDC15<\/p>\n<p>BOSCH EDC16<\/p>\n<p>BOSCH EDC17<\/p>\n<p>BOSCH ME7<\/p>\n<p>BOSCH MED17<\/p>\n<p>DELPHI DCM3.4<\/p>\n<p>DELPHI DCM3.5<\/p>\n<p>MARELLI MJD6<\/p>\n<p>MARELLI MJD8<\/p>\n<p>MARELLI MJD9<\/p>\n<p>MARELLI IAW7<\/p>\n<p>BMW<\/p>\n<p>BOSCH EDC15C4<\/p>\n<p>BOSCH EDC16<\/p>\n<p>BOSCH EDC17<\/p>\n<p>BOSCH MD1CP002<\/p>\n<p>BOSCH MD1CS001<\/p>\n<p>BOSCH ME9<\/p>\n<p>BOSCH MEVD17 &#8211; boot<\/p>\n<p>SIEMENS MS43 &#8211; boot<\/p>\n<p>SIEMENS MSS65<\/p>\n<p>Chery<\/p>\n<p>BOSCH ME7<\/p>\n<p>Chevrolet<\/p>\n<p>DELCO E78<\/p>\n<p>DELCO E83<\/p>\n<p>DELCO E84<\/p>\n<p>DELCO E87<\/p>\n<p>DELCO E98<\/p>\n<p>SIEMENS SIRIUS D42<\/p>\n<p>Citroen, Peugeot<\/p>\n<p>BOSCH EDC15<\/p>\n<p>BOSCH EDC16<\/p>\n<p>BOSCH EDC17C10<\/p>\n<p>BOSCH EDC17C60<\/p>\n<p>BOSCH MD1<\/p>\n<p>BOSCH ME7<\/p>\n<p>BOSCH MED17<\/p>\n<p>BOSCH MEV17<\/p>\n<p>CONTINENTAL SID208<\/p>\n<p>CONTINENTAL SID807<\/p>\n<p>DELPHI DCM3.4<\/p>\n<p>DELPHI DCM3.5<\/p>\n<p>DELPHI DCM6.2<\/p>\n<p>DELPHI DCM7.1<\/p>\n<p>Dodge<\/p>\n<p>BOSCH EDC17<\/p>\n<p>CONTINENTAL GPEC2<\/p>\n<p>Ford, Mazda<\/p>\n<p>BOSCH EDC16<\/p>\n<p>BOSCH EDC17CP05<\/p>\n<p>BOSCH MD1CS005<\/p>\n<p>BOSCH MED17.2.2<\/p>\n<p>BOSCH MEDG17.0<\/p>\n<p>CONTINENTAL SID208<\/p>\n<p>CONTINENTAL SID807<\/p>\n<p>DELPHI DCM3.5<\/p>\n<p>DENSO RFx<\/p>\n<p>HINO<\/p>\n<p>EDC17C01<\/p>\n<p>Honda<\/p>\n<p>BOSCH EDC17<\/p>\n<p>Hyundai, Kia<\/p>\n<p>BOSCH M7<\/p>\n<p>BOSCH ME17<\/p>\n<p>BOSCH EDC16<\/p>\n<p>BOSCH EDC17<\/p>\n<p>DELPHI DCM3.7<\/p>\n<p>Isuzu<\/p>\n<p>BOSCH EDC17CV41<\/p>\n<p>Iveco<\/p>\n<p>BOSCH EDC16<\/p>\n<p>BOSCH EDC17<\/p>\n<p>Jeep<\/p>\n<p>BOSCH EDC16CP31<\/p>\n<p>CONTINENTAL GPEC2<\/p>\n<p>Land Rover<\/p>\n<p>BOSCH EDC17<\/p>\n<p>DENSO<\/p>\n<p>Man<\/p>\n<p>BOSCH EDC7C32<\/p>\n<p>Maserati<\/p>\n<p>ME7.3.2<\/p>\n<p>Mercedes<\/p>\n<p>BOSCH EDC15C6<\/p>\n<p>BOSCH EDC16<\/p>\n<p>BOSCH EDC17<\/p>\n<p>BOSCH MD1CP001<\/p>\n<p>BOSCH MD1CS006<\/p>\n<p>BOSCH ME9<\/p>\n<p>BOSCH MED17<\/p>\n<p>CONTINENTAL SIM266<\/p>\n<p>DELPHI CRD2<\/p>\n<p>DELPHI CRD3<\/p>\n<p>Mini<\/p>\n<p>MEV(D)17.2.2<\/p>\n<p>Opel, Vauxhall<\/p>\n<p>BOSCH EDC16<\/p>\n<p>BOSCH EDC17<\/p>\n<p>BOSCH ME1.5.5<\/p>\n<p>BOSCH ME7.6.x<\/p>\n<p>BOSCH PSG16<\/p>\n<p>DELCO E78<\/p>\n<p>DELCO E83<\/p>\n<p>DELCO E84<\/p>\n<p>DELCO E87<\/p>\n<p>DELCO E98<\/p>\n<p>DELPHI MT35E<\/p>\n<p>DENSO DIESEL<\/p>\n<p>MARELLI MJD6Ox<\/p>\n<p>Porsche<\/p>\n<p>BOSCH BPCM<\/p>\n<p>BOSCH ME7<\/p>\n<p>CONTINENTAL SDI3 &#8211; SDI9<\/p>\n<p>Renault, Nissan<\/p>\n<p>BOSCH EDC16<\/p>\n<p>BOSCH EDC17<\/p>\n<p>BOSCH MD1CS006<\/p>\n<p>HITACHI GASOLINE<\/p>\n<p>SIEMENS SID301<\/p>\n<p>SIEMENS SID305<\/p>\n<p>SIEMENS SID307<\/p>\n<p>VALEO V42<\/p>\n<p>Smart<\/p>\n<p>BOSCH BMS N82<\/p>\n<p>BOSCH ME17.9.20<\/p>\n<p>BOSCH ME7.7.0<\/p>\n<p>Subaru<\/p>\n<p>DENSO DIESEL 2.0<\/p>\n<p>Suzuki<\/p>\n<p>BOSCH EDC16C3 &#8211; jako Renault<\/p>\n<p>DENSO BENZYNA 32bit<\/p>\n<p>Toyota<\/p>\n<p>BOSCH ME7<\/p>\n<p>VAG<\/p>\n<p>BOSCH EDC15<\/p>\n<p>BOSCH EDC16<\/p>\n<p>BOSCH EDC17<\/p>\n<p>BOSCH ME7<\/p>\n<p>BOSCH MED17<\/p>\n<p>BOSCH MED9<\/p>\n<p>BOSCH MD1CP004<\/p>\n<p>CONTINENTAL PCR2.1<\/p>\n<p>CONTINENTAL SIMOS18<\/p>\n<p>DELPHI DCM3.7<\/p>\n<p>DELPHI DCM6.2<\/p>\n<p>MARELLI IAW9GV<\/p>\n<p>SIEMENS SIMOS3<\/p>\n<p>SIEMENS SIMOS7<\/p>\n<p>SIEMENS PPD &#8211; bdm<\/p>\n<p>Volvo<\/p>\n<p>BOSCH EDC16<\/p>\n<p>BOSCH EDC17<\/p>\n<p>&nbsp;<\/p>\n<p>&nbsp;<\/p>","protected":false},"excerpt":{"rendered":"<p><audio class=\"audio-for-speech\"><\/audio><\/p>\n<div class=\"translate-tooltip-mtz translator-hidden\">\n<div class=\"header\">\n<div class=\"header-controls\">Translator<\/div>\n<div class=\"header-controls\"><\/div>\n<\/div>\n<div class=\"translated-text\">\n<div class=\"words\"><\/div>\n<div class=\"sentences\"><\/div>\n<\/div>\n<\/div>\n<p>&nbsp;<\/p>\n<p>La solution compl\u00e8te pour r\u00e9soudre les erreurs DTC. Licence \u00e0 vie incluse. L\u2019outil ultime pour les pros de l\u2019automobile.<\/p>","protected":false},"featured_media":465,"template":"","meta":[],"product_brand":[],"product_cat":[17],"product_tag":[],"class_list":{"0":"post-464","1":"product","2":"type-product","3":"status-publish","4":"has-post-thumbnail","6":"product_cat-software-reprogrammation-auto","8":"first","9":"instock","10":"downloadable","11":"virtual","12":"purchasable","13":"product-type-simple"},"yoast_head":"<!-- This site is optimized with the Yoast SEO plugin v27.4 - https:\/\/yoast.com\/product\/yoast-seo-wordpress\/ -->\n<title>X-DECODER 10.3 MMB OBD2 SOFTWARE<\/title>\n<meta name=\"description\" content=\"X-DECODER 10.3 - La solution compl\u00e8te pour r\u00e9soudre les erreurs DTC. Licence \u00e0 vie incluse. L&#039;outil ultime pour les pros de l&#039;automobile.\" \/>\n<meta name=\"robots\" content=\"index, follow, max-snippet:-1, max-image-preview:large, max-video-preview:-1\" \/>\n<link rel=\"canonical\" href=\"https:\/\/mmbobd2.com\/en\/product\/x-decoder-10-3\/\" \/>\n<meta property=\"og:locale\" content=\"en_GB\" \/>\n<meta property=\"og:type\" content=\"article\" \/>\n<meta property=\"og:title\" content=\"X-DECODER 10.3\" \/>\n<meta property=\"og:description\" content=\"D\u00e9couvrez X-DECODER 10.3, l&#039;outil ultime pour r\u00e9soudre les erreurs DTC. Licence \u00e0 vie incluse. Pour les pros de l&#039;automobile. #XDECODER103 #DiagnosticsAuto #R\u00e9parationAuto #MMBSoftwareAutomotive\" \/>\n<meta property=\"og:url\" content=\"https:\/\/mmbobd2.com\/en\/product\/x-decoder-10-3\/\" \/>\n<meta property=\"og:site_name\" content=\"MMB OBD2 SOFTWARE\" \/>\n<meta property=\"article:publisher\" content=\"https:\/\/www.facebook.com\/profile.php?id=61552159950965\" \/>\n<meta property=\"article:modified_time\" content=\"2024-01-06T15:18:18+00:00\" \/>\n<meta property=\"og:image\" content=\"https:\/\/mmbobd2.com\/wp-content\/uploads\/2023\/10\/XDECODER.jpg\" \/>\n\t<meta property=\"og:image:width\" content=\"1000\" \/>\n\t<meta property=\"og:image:height\" content=\"1000\" \/>\n\t<meta property=\"og:image:type\" content=\"image\/jpeg\" \/>\n<meta name=\"twitter:card\" content=\"summary_large_image\" \/>\n<meta name=\"twitter:label1\" content=\"Estimated reading time\" \/>\n\t<meta name=\"twitter:data1\" content=\"3 minutes\" \/>\n<script type=\"application\/ld+json\" class=\"yoast-schema-graph\">{\"@context\":\"https:\\\/\\\/schema.org\",\"@graph\":[{\"@type\":\"WebPage\",\"@id\":\"https:\\\/\\\/mmbobd2.com\\\/product\\\/x-decoder-10-3\\\/\",\"url\":\"https:\\\/\\\/mmbobd2.com\\\/product\\\/x-decoder-10-3\\\/\",\"name\":\"X-DECODER 10.3 MMB OBD2 SOFTWARE\",\"isPartOf\":{\"@id\":\"https:\\\/\\\/mmbobd2.com\\\/#website\"},\"primaryImageOfPage\":{\"@id\":\"https:\\\/\\\/mmbobd2.com\\\/product\\\/x-decoder-10-3\\\/#primaryimage\"},\"image\":{\"@id\":\"https:\\\/\\\/mmbobd2.com\\\/product\\\/x-decoder-10-3\\\/#primaryimage\"},\"thumbnailUrl\":\"https:\\\/\\\/i0.wp.com\\\/mmbobd2.com\\\/wp-content\\\/uploads\\\/2023\\\/10\\\/XDECODER.jpg?fit=1000%2C1000&ssl=1\",\"datePublished\":\"2023-10-11T10:37:35+00:00\",\"dateModified\":\"2024-01-06T15:18:18+00:00\",\"description\":\"X-DECODER 10.3 - La solution compl\u00e8te pour r\u00e9soudre les erreurs DTC. Licence \u00e0 vie incluse. L'outil ultime pour les pros de l'automobile.\",\"breadcrumb\":{\"@id\":\"https:\\\/\\\/mmbobd2.com\\\/product\\\/x-decoder-10-3\\\/#breadcrumb\"},\"inLanguage\":\"en-GB\",\"potentialAction\":[{\"@type\":\"ReadAction\",\"target\":[\"https:\\\/\\\/mmbobd2.com\\\/product\\\/x-decoder-10-3\\\/\"]}]},{\"@type\":\"ImageObject\",\"inLanguage\":\"en-GB\",\"@id\":\"https:\\\/\\\/mmbobd2.com\\\/product\\\/x-decoder-10-3\\\/#primaryimage\",\"url\":\"https:\\\/\\\/i0.wp.com\\\/mmbobd2.com\\\/wp-content\\\/uploads\\\/2023\\\/10\\\/XDECODER.jpg?fit=1000%2C1000&ssl=1\",\"contentUrl\":\"https:\\\/\\\/i0.wp.com\\\/mmbobd2.com\\\/wp-content\\\/uploads\\\/2023\\\/10\\\/XDECODER.jpg?fit=1000%2C1000&ssl=1\",\"width\":1000,\"height\":1000,\"caption\":\"X-DECODER 10.3\"},{\"@type\":\"BreadcrumbList\",\"@id\":\"https:\\\/\\\/mmbobd2.com\\\/product\\\/x-decoder-10-3\\\/#breadcrumb\",\"itemListElement\":[{\"@type\":\"ListItem\",\"position\":1,\"name\":\"Accueil\",\"item\":\"https:\\\/\\\/mmbobd2.com\\\/\"},{\"@type\":\"ListItem\",\"position\":2,\"name\":\"Boutique\",\"item\":\"https:\\\/\\\/mmbobd2.com\\\/logiciels-de-diagnostic-automobiles\\\/\"},{\"@type\":\"ListItem\",\"position\":3,\"name\":\"X-DECODER 10.3\"}]},{\"@type\":\"WebSite\",\"@id\":\"https:\\\/\\\/mmbobd2.com\\\/#website\",\"url\":\"https:\\\/\\\/mmbobd2.com\\\/\",\"name\":\"MMB OBD2 SOFTWARE\",\"description\":\"\",\"publisher\":{\"@id\":\"https:\\\/\\\/mmbobd2.com\\\/#organization\"},\"alternateName\":\"mmbsoftauto\",\"potentialAction\":[{\"@type\":\"SearchAction\",\"target\":{\"@type\":\"EntryPoint\",\"urlTemplate\":\"https:\\\/\\\/mmbobd2.com\\\/?s={search_term_string}\"},\"query-input\":{\"@type\":\"PropertyValueSpecification\",\"valueRequired\":true,\"valueName\":\"search_term_string\"}}],\"inLanguage\":\"en-GB\"},{\"@type\":\"Organization\",\"@id\":\"https:\\\/\\\/mmbobd2.com\\\/#organization\",\"name\":\"MMB COMPANY\",\"url\":\"https:\\\/\\\/mmbobd2.com\\\/\",\"logo\":{\"@type\":\"ImageObject\",\"inLanguage\":\"en-GB\",\"@id\":\"https:\\\/\\\/mmbobd2.com\\\/#\\\/schema\\\/logo\\\/image\\\/\",\"url\":\"https:\\\/\\\/mmbobd2.com\\\/wp-content\\\/uploads\\\/2023\\\/10\\\/LOGO-ROND-MMB-200.png\",\"contentUrl\":\"https:\\\/\\\/mmbobd2.com\\\/wp-content\\\/uploads\\\/2023\\\/10\\\/LOGO-ROND-MMB-200.png\",\"width\":200,\"height\":200,\"caption\":\"MMB COMPANY\"},\"image\":{\"@id\":\"https:\\\/\\\/mmbobd2.com\\\/#\\\/schema\\\/logo\\\/image\\\/\"},\"sameAs\":[\"https:\\\/\\\/www.facebook.com\\\/profile.php?id=61552159950965\"]}]}<\/script>\n<!-- \/ Yoast SEO plugin. -->","yoast_head_json":{"title":"X-DECODER 10.3 MMB OBD2 SOFTWARE","description":"X-DECODER 10.3 - La solution compl\u00e8te pour r\u00e9soudre les erreurs DTC. Licence \u00e0 vie incluse. L'outil ultime pour les pros de l'automobile.","robots":{"index":"index","follow":"follow","max-snippet":"max-snippet:-1","max-image-preview":"max-image-preview:large","max-video-preview":"max-video-preview:-1"},"canonical":"https:\/\/mmbobd2.com\/en\/product\/x-decoder-10-3\/","og_locale":"en_GB","og_type":"article","og_title":"X-DECODER 10.3","og_description":"D\u00e9couvrez X-DECODER 10.3, l'outil ultime pour r\u00e9soudre les erreurs DTC. Licence \u00e0 vie incluse. Pour les pros de l'automobile. #XDECODER103 #DiagnosticsAuto #R\u00e9parationAuto #MMBSoftwareAutomotive","og_url":"https:\/\/mmbobd2.com\/en\/product\/x-decoder-10-3\/","og_site_name":"MMB OBD2 SOFTWARE","article_publisher":"https:\/\/www.facebook.com\/profile.php?id=61552159950965","article_modified_time":"2024-01-06T15:18:18+00:00","og_image":[{"width":1000,"height":1000,"url":"https:\/\/mmbobd2.com\/wp-content\/uploads\/2023\/10\/XDECODER.jpg","type":"image\/jpeg"}],"twitter_card":"summary_large_image","twitter_misc":{"Estimated reading time":"3 minutes"},"schema":{"@context":"https:\/\/schema.org","@graph":[{"@type":"WebPage","@id":"https:\/\/mmbobd2.com\/product\/x-decoder-10-3\/","url":"https:\/\/mmbobd2.com\/product\/x-decoder-10-3\/","name":"X-DECODER 10.3 MMB OBD2 SOFTWARE","isPartOf":{"@id":"https:\/\/mmbobd2.com\/#website"},"primaryImageOfPage":{"@id":"https:\/\/mmbobd2.com\/product\/x-decoder-10-3\/#primaryimage"},"image":{"@id":"https:\/\/mmbobd2.com\/product\/x-decoder-10-3\/#primaryimage"},"thumbnailUrl":"https:\/\/i0.wp.com\/mmbobd2.com\/wp-content\/uploads\/2023\/10\/XDECODER.jpg?fit=1000%2C1000&ssl=1","datePublished":"2023-10-11T10:37:35+00:00","dateModified":"2024-01-06T15:18:18+00:00","description":"X-DECODER 10.3 - La solution compl\u00e8te pour r\u00e9soudre les erreurs DTC. Licence \u00e0 vie incluse. L'outil ultime pour les pros de l'automobile.","breadcrumb":{"@id":"https:\/\/mmbobd2.com\/product\/x-decoder-10-3\/#breadcrumb"},"inLanguage":"en-GB","potentialAction":[{"@type":"ReadAction","target":["https:\/\/mmbobd2.com\/product\/x-decoder-10-3\/"]}]},{"@type":"ImageObject","inLanguage":"en-GB","@id":"https:\/\/mmbobd2.com\/product\/x-decoder-10-3\/#primaryimage","url":"https:\/\/i0.wp.com\/mmbobd2.com\/wp-content\/uploads\/2023\/10\/XDECODER.jpg?fit=1000%2C1000&ssl=1","contentUrl":"https:\/\/i0.wp.com\/mmbobd2.com\/wp-content\/uploads\/2023\/10\/XDECODER.jpg?fit=1000%2C1000&ssl=1","width":1000,"height":1000,"caption":"X-DECODER 10.3"},{"@type":"BreadcrumbList","@id":"https:\/\/mmbobd2.com\/product\/x-decoder-10-3\/#breadcrumb","itemListElement":[{"@type":"ListItem","position":1,"name":"Accueil","item":"https:\/\/mmbobd2.com\/"},{"@type":"ListItem","position":2,"name":"Boutique","item":"https:\/\/mmbobd2.com\/logiciels-de-diagnostic-automobiles\/"},{"@type":"ListItem","position":3,"name":"X-DECODER 10.3"}]},{"@type":"WebSite","@id":"https:\/\/mmbobd2.com\/#website","url":"https:\/\/mmbobd2.com\/","name":"MMB OBD2 SOFTWARE","description":"","publisher":{"@id":"https:\/\/mmbobd2.com\/#organization"},"alternateName":"mmbsoftauto","potentialAction":[{"@type":"SearchAction","target":{"@type":"EntryPoint","urlTemplate":"https:\/\/mmbobd2.com\/?s={search_term_string}"},"query-input":{"@type":"PropertyValueSpecification","valueRequired":true,"valueName":"search_term_string"}}],"inLanguage":"en-GB"},{"@type":"Organization","@id":"https:\/\/mmbobd2.com\/#organization","name":"MMB COMPANY","url":"https:\/\/mmbobd2.com\/","logo":{"@type":"ImageObject","inLanguage":"en-GB","@id":"https:\/\/mmbobd2.com\/#\/schema\/logo\/image\/","url":"https:\/\/mmbobd2.com\/wp-content\/uploads\/2023\/10\/LOGO-ROND-MMB-200.png","contentUrl":"https:\/\/mmbobd2.com\/wp-content\/uploads\/2023\/10\/LOGO-ROND-MMB-200.png","width":200,"height":200,"caption":"MMB COMPANY"},"image":{"@id":"https:\/\/mmbobd2.com\/#\/schema\/logo\/image\/"},"sameAs":["https:\/\/www.facebook.com\/profile.php?id=61552159950965"]}]}},"_links":{"self":[{"href":"https:\/\/mmbobd2.com\/en\/wp-json\/wp\/v2\/product\/464","targetHints":{"allow":["GET"]}}],"collection":[{"href":"https:\/\/mmbobd2.com\/en\/wp-json\/wp\/v2\/product"}],"about":[{"href":"https:\/\/mmbobd2.com\/en\/wp-json\/wp\/v2\/types\/product"}],"wp:featuredmedia":[{"embeddable":true,"href":"https:\/\/mmbobd2.com\/en\/wp-json\/wp\/v2\/media\/465"}],"wp:attachment":[{"href":"https:\/\/mmbobd2.com\/en\/wp-json\/wp\/v2\/media?parent=464"}],"wp:term":[{"taxonomy":"product_brand","embeddable":true,"href":"https:\/\/mmbobd2.com\/en\/wp-json\/wp\/v2\/product_brand?post=464"},{"taxonomy":"product_cat","embeddable":true,"href":"https:\/\/mmbobd2.com\/en\/wp-json\/wp\/v2\/product_cat?post=464"},{"taxonomy":"product_tag","embeddable":true,"href":"https:\/\/mmbobd2.com\/en\/wp-json\/wp\/v2\/product_tag?post=464"}],"curies":[{"name":"wp","href":"https:\/\/api.w.org\/{rel}","templated":true}]}}