{"id":54,"date":"2023-10-06T11:36:34","date_gmt":"2023-10-06T11:36:34","guid":{"rendered":"https:\/\/mmbobd2.com\/?post_type=product&#038;p=54"},"modified":"2025-12-10T11:35:13","modified_gmt":"2025-12-10T11:35:13","slug":"renault-can-clip-v230","status":"publish","type":"product","link":"https:\/\/mmbobd2.com\/en\/product\/renault-can-clip-v230\/","title":{"rendered":"RENAULT CAN CLIP V230"},"content":{"rendered":"<p><audio class=\"audio-for-speech\"><\/audio><\/p>\n<div class=\"translate-tooltip-mtz translator-hidden\">\n<div class=\"header\">\n<div class=\"header-controls\">Translator<\/div>\n<div class=\"header-controls\"><\/div>\n<\/div>\n<div class=\"translated-text\">\n<div class=\"words\"><\/div>\n<div class=\"sentences\"><\/div>\n<\/div>\n<\/div>\n<p>&nbsp;<\/p>\n<h2 style=\"text-align: center;\"><strong>RENAULT CAN CLIP V230 <\/strong><\/h2>\n<p>&nbsp;<\/p>\n<h4><strong>Diagnostic Complet pour Votre Renault<\/strong><\/h4>\n<p>Le RENAULT CAN CLIP V230 est bien plus qu&rsquo;une simple interface de diagnostic. Cet outil puissant est con\u00e7u pour vous fournir un diagnostic complet de votre v\u00e9hicule Renault. Que vous soyez propri\u00e9taire d&rsquo;une Renault ou un m\u00e9canicien professionnel, cette interface vous permet d&rsquo;acc\u00e9der \u00e0 toutes les informations essentielles de votre v\u00e9hicule et de diagnostiquer un large \u00e9ventail de syst\u00e8mes, y compris la reprogrammation, les tests des airbags et bien d&rsquo;autres fonctions. D\u00e9couvrons de plus pr\u00e8s les caract\u00e9ristiques de cet outil de diagnostic avanc\u00e9.<\/p>\n<h4><strong>Polyglotte et Convivial<\/strong><\/h4>\n<p>Le CAN CLIP pour Renault prend en charge plusieurs langues, y compris l&rsquo;anglais, l&rsquo;allemand, le danois, l&rsquo;espagnol, le finnois, le fran\u00e7ais, l&rsquo;italien, le norv\u00e9gien, le n\u00e9erlandais, le portugais, le roumain et le <a href=\"https:\/\/mmbobd2.com\/en\/\">su\u00e9dois<\/a>. Cette polyvalence linguistique garantit que les utilisateurs du monde entier peuvent b\u00e9n\u00e9ficier de cette puissante interface.<\/p>\n<h4><strong>Version du Logiciel et Compatibilit\u00e9 du Syst\u00e8me d&rsquo;Exploitation<\/strong><\/h4>\n<p>Le RENAULT CAN CLIP V230 est livr\u00e9 avec la version du logiciel V230, garantissant que vous disposez des derni\u00e8res mises \u00e0 jour et am\u00e9liorations. Il est compatible avec les syst\u00e8mes d&rsquo;exploitation Windows XP et Windows 7, offrant une flexibilit\u00e9 d&rsquo;utilisation pour un large \u00e9ventail d&rsquo;<a href=\"https:\/\/www.dacia.lv\/ru\/range.html\">utilisateurs<\/a>.<\/p>\n<h4><strong>Fonctions Compl\u00e8tes<\/strong><\/h4>\n<p>Cet outil de diagnostic polyvalent offre un large \u00e9ventail de fonctions, notamment :<\/p>\n<ol>\n<li><strong>Visualisation des Informations du V\u00e9hicule<\/strong> : Vous pouvez acc\u00e9der \u00e0 toutes les informations relatives \u00e0 votre v\u00e9hicule. Y compris les d\u00e9tails sur le moteur, le syst\u00e8me de changement de vitesse automatique, la climatisation, les syst\u00e8mes de s\u00e9curit\u00e9 (SRS, ABS, ASR), l&rsquo;\u00e9lectronique moteur (MPL, GM), le syst\u00e8me d&rsquo;immobilisation, le syst\u00e8me Keyless GO, l&rsquo;OBD-II, et bien plus encore.<\/li>\n<li><strong>Tests de Calculateurs<\/strong> : Le CAN CLIP vous permet de tester les calculateurs de votre v\u00e9hicule pour identifier rapidement les probl\u00e8mes potentiels.<\/li>\n<li><strong>Tests Automatiques de Tous les Calculateurs<\/strong> : Cette fonctionnalit\u00e9 vous permet de diagnostiquer tous les calculateurs de votre mod\u00e8le Renault en un seul clic.<\/li>\n<li><strong>Tests d&rsquo;Airbag<\/strong> : Vous pouvez effectuer des tests complets des syst\u00e8mes d&rsquo;airbag pour garantir votre s\u00e9curit\u00e9 et celle de vos passagers.<\/li>\n<li><strong>Tests OBD (cantool)<\/strong> : Cette fonction vous permet de diagnostiquer rapidement les probl\u00e8mes li\u00e9s \u00e0 l&rsquo;OBD pour une r\u00e9paration plus efficace.<\/li>\n<li><strong>Acc\u00e8s aux Notes Techniques (Base Doc)<\/strong> : Le CAN CLIP vous offre un acc\u00e8s aux notes techniques. Fournissant des informations d\u00e9taill\u00e9es pour des diagnostics plus approfondis.<\/li>\n<li><strong>Mesures Physiques<\/strong> : Vous pouvez effectuer des mesures physiques pour \u00e9valuer les performances de votre v\u00e9hicule.<\/li>\n<li><strong>Antipollution<\/strong> : Surveillez les syst\u00e8mes antipollution pour vous assurer que votre v\u00e9hicule respecte les normes environnementales.<\/li>\n<li><strong>Multim\u00e8tre<\/strong> : Utilisez la fonction multim\u00e8tre pour des diagnostics encore plus complets.<\/li>\n<\/ol>\n<h4><strong>Lecture et Effacement des Codes D\u00e9fauts<\/strong><\/h4>\n<p>Le RENAULT CAN CLIP V230 vous permet de lire et d&rsquo;effacer les codes de d\u00e9faut. Vous aidant \u00e0 identifier rapidement les probl\u00e8mes de votre v\u00e9hicule et \u00e0 prendre des mesures pour les r\u00e9soudre.<\/p>\n<p>&nbsp;<\/p>","protected":false},"excerpt":{"rendered":"<p><audio class=\"audio-for-speech\"><\/audio><\/p>\n<div class=\"translate-tooltip-mtz translator-hidden\">\n<div class=\"header\">\n<div class=\"header-controls\">Translator<\/div>\n<div class=\"header-controls\"><\/div>\n<\/div>\n<div class=\"translated-text\">\n<div class=\"words\"><\/div>\n<div class=\"sentences\"><\/div>\n<\/div>\n<\/div>\n<p>&nbsp;<\/p>\n<p>RENAULT CAN CLIP V230 &#8211; L&rsquo;interface de diagnostic compl\u00e8te pour les v\u00e9hicules Renault. Diagnostic avanc\u00e9, multilingue et convivial. #Renault #DiagnosticAuto #MMBSoftwareAutomotive<\/p>","protected":false},"featured_media":82,"template":"","meta":[],"product_brand":[],"product_cat":[16],"product_tag":[],"class_list":{"0":"post-54","1":"product","2":"type-product","3":"status-publish","4":"has-post-thumbnail","6":"product_cat-diagnostic-automobiles","8":"first","9":"instock","10":"downloadable","11":"virtual","12":"purchasable","13":"product-type-simple"},"yoast_head":"<!-- This site is optimized with the Yoast SEO plugin v27.4 - https:\/\/yoast.com\/product\/yoast-seo-wordpress\/ -->\n<title>RENAULT CAN CLIP V230 MMB OBD2 SOFTWARE<\/title>\n<meta name=\"description\" content=\"RENAULT CAN CLIP V230 - L&#039;interface de diagnostic compl\u00e8te pour les v\u00e9hicules Renault. #Renault #DiagnosticAuto #MMBSoftwareAutomotive\" \/>\n<meta name=\"robots\" content=\"index, follow, max-snippet:-1, max-image-preview:large, max-video-preview:-1\" \/>\n<link rel=\"canonical\" href=\"https:\/\/mmbobd2.com\/en\/product\/renault-can-clip-v230\/\" \/>\n<meta property=\"og:locale\" content=\"en_GB\" \/>\n<meta property=\"og:type\" content=\"article\" \/>\n<meta property=\"og:title\" content=\"RENAULT CAN CLIP V230\" \/>\n<meta property=\"og:description\" content=\"D\u00e9couvrez le RENAULT CAN CLIP V230, l&#039;outil de diagnostic complet pour les v\u00e9hicules Renault. Prise en charge multilingue, fonctions avanc\u00e9es et compatibilit\u00e9 syst\u00e8me. Ne laissez aucun probl\u00e8me de v\u00e9hicule vous ralentir ! #Renault #DiagnosticAuto #MMBSoftwareAutomotive\" \/>\n<meta property=\"og:url\" content=\"https:\/\/mmbobd2.com\/en\/product\/renault-can-clip-v230\/\" \/>\n<meta property=\"og:site_name\" content=\"MMB OBD2 SOFTWARE\" \/>\n<meta property=\"article:publisher\" content=\"https:\/\/www.facebook.com\/profile.php?id=61552159950965\" \/>\n<meta property=\"article:modified_time\" content=\"2025-12-10T11:35:13+00:00\" \/>\n<meta property=\"og:image\" content=\"https:\/\/mmbobd2.com\/wp-content\/uploads\/2023\/10\/CAN-CLIP-V230.jpg\" \/>\n\t<meta property=\"og:image:width\" content=\"1000\" \/>\n\t<meta property=\"og:image:height\" content=\"1000\" \/>\n\t<meta property=\"og:image:type\" content=\"image\/jpeg\" \/>\n<meta name=\"twitter:card\" content=\"summary_large_image\" \/>\n<meta name=\"twitter:label1\" content=\"Estimated reading time\" \/>\n\t<meta name=\"twitter:data1\" content=\"3 minutes\" \/>\n<script type=\"application\/ld+json\" class=\"yoast-schema-graph\">{\"@context\":\"https:\\\/\\\/schema.org\",\"@graph\":[{\"@type\":\"WebPage\",\"@id\":\"https:\\\/\\\/mmbobd2.com\\\/product\\\/renault-can-clip-v230\\\/\",\"url\":\"https:\\\/\\\/mmbobd2.com\\\/product\\\/renault-can-clip-v230\\\/\",\"name\":\"RENAULT CAN CLIP V230 MMB OBD2 SOFTWARE\",\"isPartOf\":{\"@id\":\"https:\\\/\\\/mmbobd2.com\\\/#website\"},\"primaryImageOfPage\":{\"@id\":\"https:\\\/\\\/mmbobd2.com\\\/product\\\/renault-can-clip-v230\\\/#primaryimage\"},\"image\":{\"@id\":\"https:\\\/\\\/mmbobd2.com\\\/product\\\/renault-can-clip-v230\\\/#primaryimage\"},\"thumbnailUrl\":\"https:\\\/\\\/i0.wp.com\\\/mmbobd2.com\\\/wp-content\\\/uploads\\\/2023\\\/10\\\/CAN-CLIP-V230.jpg?fit=1000%2C1000&ssl=1\",\"datePublished\":\"2023-10-06T11:36:34+00:00\",\"dateModified\":\"2025-12-10T11:35:13+00:00\",\"description\":\"RENAULT CAN CLIP V230 - L'interface de diagnostic compl\u00e8te pour les v\u00e9hicules Renault. #Renault #DiagnosticAuto #MMBSoftwareAutomotive\",\"breadcrumb\":{\"@id\":\"https:\\\/\\\/mmbobd2.com\\\/product\\\/renault-can-clip-v230\\\/#breadcrumb\"},\"inLanguage\":\"en-GB\",\"potentialAction\":[{\"@type\":\"ReadAction\",\"target\":[\"https:\\\/\\\/mmbobd2.com\\\/product\\\/renault-can-clip-v230\\\/\"]}]},{\"@type\":\"ImageObject\",\"inLanguage\":\"en-GB\",\"@id\":\"https:\\\/\\\/mmbobd2.com\\\/product\\\/renault-can-clip-v230\\\/#primaryimage\",\"url\":\"https:\\\/\\\/i0.wp.com\\\/mmbobd2.com\\\/wp-content\\\/uploads\\\/2023\\\/10\\\/CAN-CLIP-V230.jpg?fit=1000%2C1000&ssl=1\",\"contentUrl\":\"https:\\\/\\\/i0.wp.com\\\/mmbobd2.com\\\/wp-content\\\/uploads\\\/2023\\\/10\\\/CAN-CLIP-V230.jpg?fit=1000%2C1000&ssl=1\",\"width\":1000,\"height\":1000,\"caption\":\"RENAULT CAN CLIP V230\"},{\"@type\":\"BreadcrumbList\",\"@id\":\"https:\\\/\\\/mmbobd2.com\\\/product\\\/renault-can-clip-v230\\\/#breadcrumb\",\"itemListElement\":[{\"@type\":\"ListItem\",\"position\":1,\"name\":\"Accueil\",\"item\":\"https:\\\/\\\/mmbobd2.com\\\/\"},{\"@type\":\"ListItem\",\"position\":2,\"name\":\"Boutique\",\"item\":\"https:\\\/\\\/mmbobd2.com\\\/logiciels-de-diagnostic-automobiles\\\/\"},{\"@type\":\"ListItem\",\"position\":3,\"name\":\"RENAULT CAN CLIP V230\"}]},{\"@type\":\"WebSite\",\"@id\":\"https:\\\/\\\/mmbobd2.com\\\/#website\",\"url\":\"https:\\\/\\\/mmbobd2.com\\\/\",\"name\":\"MMB OBD2 SOFTWARE\",\"description\":\"\",\"publisher\":{\"@id\":\"https:\\\/\\\/mmbobd2.com\\\/#organization\"},\"alternateName\":\"mmbsoftauto\",\"potentialAction\":[{\"@type\":\"SearchAction\",\"target\":{\"@type\":\"EntryPoint\",\"urlTemplate\":\"https:\\\/\\\/mmbobd2.com\\\/?s={search_term_string}\"},\"query-input\":{\"@type\":\"PropertyValueSpecification\",\"valueRequired\":true,\"valueName\":\"search_term_string\"}}],\"inLanguage\":\"en-GB\"},{\"@type\":\"Organization\",\"@id\":\"https:\\\/\\\/mmbobd2.com\\\/#organization\",\"name\":\"MMB COMPANY\",\"url\":\"https:\\\/\\\/mmbobd2.com\\\/\",\"logo\":{\"@type\":\"ImageObject\",\"inLanguage\":\"en-GB\",\"@id\":\"https:\\\/\\\/mmbobd2.com\\\/#\\\/schema\\\/logo\\\/image\\\/\",\"url\":\"https:\\\/\\\/mmbobd2.com\\\/wp-content\\\/uploads\\\/2023\\\/10\\\/LOGO-ROND-MMB-200.png\",\"contentUrl\":\"https:\\\/\\\/mmbobd2.com\\\/wp-content\\\/uploads\\\/2023\\\/10\\\/LOGO-ROND-MMB-200.png\",\"width\":200,\"height\":200,\"caption\":\"MMB COMPANY\"},\"image\":{\"@id\":\"https:\\\/\\\/mmbobd2.com\\\/#\\\/schema\\\/logo\\\/image\\\/\"},\"sameAs\":[\"https:\\\/\\\/www.facebook.com\\\/profile.php?id=61552159950965\"]}]}<\/script>\n<!-- \/ Yoast SEO plugin. -->","yoast_head_json":{"title":"RENAULT CAN CLIP V230 MMB OBD2 SOFTWARE","description":"RENAULT CAN CLIP V230 - L'interface de diagnostic compl\u00e8te pour les v\u00e9hicules Renault. #Renault #DiagnosticAuto #MMBSoftwareAutomotive","robots":{"index":"index","follow":"follow","max-snippet":"max-snippet:-1","max-image-preview":"max-image-preview:large","max-video-preview":"max-video-preview:-1"},"canonical":"https:\/\/mmbobd2.com\/en\/product\/renault-can-clip-v230\/","og_locale":"en_GB","og_type":"article","og_title":"RENAULT CAN CLIP V230","og_description":"D\u00e9couvrez le RENAULT CAN CLIP V230, l'outil de diagnostic complet pour les v\u00e9hicules Renault. Prise en charge multilingue, fonctions avanc\u00e9es et compatibilit\u00e9 syst\u00e8me. Ne laissez aucun probl\u00e8me de v\u00e9hicule vous ralentir ! #Renault #DiagnosticAuto #MMBSoftwareAutomotive","og_url":"https:\/\/mmbobd2.com\/en\/product\/renault-can-clip-v230\/","og_site_name":"MMB OBD2 SOFTWARE","article_publisher":"https:\/\/www.facebook.com\/profile.php?id=61552159950965","article_modified_time":"2025-12-10T11:35:13+00:00","og_image":[{"width":1000,"height":1000,"url":"https:\/\/mmbobd2.com\/wp-content\/uploads\/2023\/10\/CAN-CLIP-V230.jpg","type":"image\/jpeg"}],"twitter_card":"summary_large_image","twitter_misc":{"Estimated reading time":"3 minutes"},"schema":{"@context":"https:\/\/schema.org","@graph":[{"@type":"WebPage","@id":"https:\/\/mmbobd2.com\/product\/renault-can-clip-v230\/","url":"https:\/\/mmbobd2.com\/product\/renault-can-clip-v230\/","name":"RENAULT CAN CLIP V230 MMB OBD2 SOFTWARE","isPartOf":{"@id":"https:\/\/mmbobd2.com\/#website"},"primaryImageOfPage":{"@id":"https:\/\/mmbobd2.com\/product\/renault-can-clip-v230\/#primaryimage"},"image":{"@id":"https:\/\/mmbobd2.com\/product\/renault-can-clip-v230\/#primaryimage"},"thumbnailUrl":"https:\/\/i0.wp.com\/mmbobd2.com\/wp-content\/uploads\/2023\/10\/CAN-CLIP-V230.jpg?fit=1000%2C1000&ssl=1","datePublished":"2023-10-06T11:36:34+00:00","dateModified":"2025-12-10T11:35:13+00:00","description":"RENAULT CAN CLIP V230 - L'interface de diagnostic compl\u00e8te pour les v\u00e9hicules Renault. #Renault #DiagnosticAuto #MMBSoftwareAutomotive","breadcrumb":{"@id":"https:\/\/mmbobd2.com\/product\/renault-can-clip-v230\/#breadcrumb"},"inLanguage":"en-GB","potentialAction":[{"@type":"ReadAction","target":["https:\/\/mmbobd2.com\/product\/renault-can-clip-v230\/"]}]},{"@type":"ImageObject","inLanguage":"en-GB","@id":"https:\/\/mmbobd2.com\/product\/renault-can-clip-v230\/#primaryimage","url":"https:\/\/i0.wp.com\/mmbobd2.com\/wp-content\/uploads\/2023\/10\/CAN-CLIP-V230.jpg?fit=1000%2C1000&ssl=1","contentUrl":"https:\/\/i0.wp.com\/mmbobd2.com\/wp-content\/uploads\/2023\/10\/CAN-CLIP-V230.jpg?fit=1000%2C1000&ssl=1","width":1000,"height":1000,"caption":"RENAULT CAN CLIP V230"},{"@type":"BreadcrumbList","@id":"https:\/\/mmbobd2.com\/product\/renault-can-clip-v230\/#breadcrumb","itemListElement":[{"@type":"ListItem","position":1,"name":"Accueil","item":"https:\/\/mmbobd2.com\/"},{"@type":"ListItem","position":2,"name":"Boutique","item":"https:\/\/mmbobd2.com\/logiciels-de-diagnostic-automobiles\/"},{"@type":"ListItem","position":3,"name":"RENAULT CAN CLIP V230"}]},{"@type":"WebSite","@id":"https:\/\/mmbobd2.com\/#website","url":"https:\/\/mmbobd2.com\/","name":"MMB OBD2 SOFTWARE","description":"","publisher":{"@id":"https:\/\/mmbobd2.com\/#organization"},"alternateName":"mmbsoftauto","potentialAction":[{"@type":"SearchAction","target":{"@type":"EntryPoint","urlTemplate":"https:\/\/mmbobd2.com\/?s={search_term_string}"},"query-input":{"@type":"PropertyValueSpecification","valueRequired":true,"valueName":"search_term_string"}}],"inLanguage":"en-GB"},{"@type":"Organization","@id":"https:\/\/mmbobd2.com\/#organization","name":"MMB COMPANY","url":"https:\/\/mmbobd2.com\/","logo":{"@type":"ImageObject","inLanguage":"en-GB","@id":"https:\/\/mmbobd2.com\/#\/schema\/logo\/image\/","url":"https:\/\/mmbobd2.com\/wp-content\/uploads\/2023\/10\/LOGO-ROND-MMB-200.png","contentUrl":"https:\/\/mmbobd2.com\/wp-content\/uploads\/2023\/10\/LOGO-ROND-MMB-200.png","width":200,"height":200,"caption":"MMB COMPANY"},"image":{"@id":"https:\/\/mmbobd2.com\/#\/schema\/logo\/image\/"},"sameAs":["https:\/\/www.facebook.com\/profile.php?id=61552159950965"]}]}},"_links":{"self":[{"href":"https:\/\/mmbobd2.com\/en\/wp-json\/wp\/v2\/product\/54","targetHints":{"allow":["GET"]}}],"collection":[{"href":"https:\/\/mmbobd2.com\/en\/wp-json\/wp\/v2\/product"}],"about":[{"href":"https:\/\/mmbobd2.com\/en\/wp-json\/wp\/v2\/types\/product"}],"wp:featuredmedia":[{"embeddable":true,"href":"https:\/\/mmbobd2.com\/en\/wp-json\/wp\/v2\/media\/82"}],"wp:attachment":[{"href":"https:\/\/mmbobd2.com\/en\/wp-json\/wp\/v2\/media?parent=54"}],"wp:term":[{"taxonomy":"product_brand","embeddable":true,"href":"https:\/\/mmbobd2.com\/en\/wp-json\/wp\/v2\/product_brand?post=54"},{"taxonomy":"product_cat","embeddable":true,"href":"https:\/\/mmbobd2.com\/en\/wp-json\/wp\/v2\/product_cat?post=54"},{"taxonomy":"product_tag","embeddable":true,"href":"https:\/\/mmbobd2.com\/en\/wp-json\/wp\/v2\/product_tag?post=54"}],"curies":[{"name":"wp","href":"https:\/\/api.w.org\/{rel}","templated":true}]}}