{"id":55,"date":"2023-10-06T11:36:35","date_gmt":"2023-10-06T11:36:35","guid":{"rendered":"https:\/\/mmbobd2.com\/?post_type=product&#038;p=55"},"modified":"2026-02-11T18:06:26","modified_gmt":"2026-02-11T18:06:26","slug":"diagbox-v9-150-peugeot-citroen","status":"publish","type":"product","link":"https:\/\/mmbobd2.com\/en\/product\/diagbox-v9-150-peugeot-citroen\/","title":{"rendered":"PSA DIAGBOX V9.150"},"content":{"rendered":"<p><audio class=\"audio-for-speech\"><\/audio><\/p>\n<div class=\"translate-tooltip-mtz translator-hidden\">\n<div class=\"header\">\n<div class=\"header-controls\">Translator<\/div>\n<div class=\"header-controls\"><\/div>\n<\/div>\n<div class=\"translated-text\">\n<div class=\"words\"><\/div>\n<div class=\"sentences\"><\/div>\n<\/div>\n<\/div>\n<p>&nbsp;<\/p>\n<h3 style=\"text-align: center;\"><strong>DIAGBOX 2023 v9.150 pour Peugeot &#8211; Citro\u00ebn &#8211; DS &#8211; Opel<\/strong><\/h3>\n<p><strong><br \/>\nCaract\u00e9ristiques DIAGBOX v9.150 Peugeot Citro\u00ebn<br \/>\n<\/strong><\/p>\n<ul>\n<li>Vous faites les m\u00eames choses que votre agent ou revendeur <a href=\"https:\/\/www.stellantis.com\/fr\">PSA<\/a> directement chez vous. (Lecture, \u00e9criture, mesure de valeurs, t\u00e9l\u00e9codage, etc.)<\/li>\n<li>Compatibilit\u00e9 avec TOUS les mod\u00e8les Citro\u00ebn, Peugeot et DS jusqu&rsquo;en 2022 !<\/li>\n<li>T\u00e9l\u00e9codage et programmation jusqu&rsquo;en 2015-2016 environ.<\/li>\n<li>Compatibilit\u00e9 logicielle avec presque TOUTES les versions Windows<\/li>\n<li>Une installation tr\u00e8s simple par rapport aux versions 7 et 8.<\/li>\n<li>Stabilit\u00e9 de fonctionnement professionnelle<\/li>\n<li>Possibilit\u00e9 d&rsquo;imprimer tous les rapports<\/li>\n<li>En prime, de nouveaux mod\u00e8les Opel compatibles.<\/li>\n<\/ul>\n<p>&nbsp;<\/p>\n<p><strong>Fonctionnement DIAGBOX v9.150 Peugeot Citro\u00ebn<\/strong><\/p>\n<ul>\n<li>Le logiciel fonctionne gr\u00e2ce \u00e0 l&rsquo;interface Lexia, l&rsquo;outil de <a href=\"https:\/\/mmbobd2.com\/en\/product-category\/diagnostic-automobiles\/\">diagnostic<\/a> PSA.<\/li>\n<li>Le logiciel Diagbox s&rsquo;installe sur un PC portable \u00e9quip\u00e9 de Windows 7, 8, 10 en 64 bits l&rsquo;interface Lexia est connect\u00e9e au PC via la prise USB.<\/li>\n<li>Vous effectuez les modifications sur votre v\u00e9hicule directement sur le PC via le logiciel convivial Diagbox.<\/li>\n<\/ul>\n<p>&nbsp;<\/p>\n<p><strong>Exemples d&rsquo;utilisations :<\/strong><\/p>\n<ul>\n<li>Activation de la fonction changeur de CD<\/li>\n<li>Installation d&rsquo;un radar de recul<\/li>\n<li>Installation d&rsquo;un attelage<\/li>\n<li>R\u00e9initialiser les r\u00e9visions<\/li>\n<li>Diagnostiquer les pannes<\/li>\n<li>Effacement des codes d&rsquo;erreur<\/li>\n<li>Duplication de cl\u00e9s<\/li>\n<li>Codage des injecteurs<\/li>\n<li>R\u00e9g\u00e9n\u00e9ration FAP<\/li>\n<li>Etc.<\/li>\n<\/ul>\n<p>&nbsp;<\/p>\n<p><strong>Compatibilit\u00e9 des v\u00e9hicules PSA :<\/strong><\/p>\n<ul>\n<li>Compatibilit\u00e9 Citro\u00ebn<\/li>\n<li>Compatibilit\u00e9 Peugeot<\/li>\n<li>Compatibilit\u00e9 DS<\/li>\n<li>Compatibilit\u00e9 Opel<\/li>\n<\/ul>\n<p>&nbsp;<\/p>\n<p><strong>Contenu de l&rsquo;envoi :<\/strong><\/p>\n<ul>\n<li>Lien pour t\u00e9l\u00e9charger le logiciel DIAGBOX 9.150 pour Peugeot &#8211; Citro\u00ebn &#8211; DS &#8211; Opel.<\/li>\n<\/ul>\n<p><strong><br \/>\nConfiguration minimale requise :<\/strong><\/p>\n<ul>\n<li>PC avec au moins 6 Go de RAM<\/li>\n<li>Processeur Intel i3 ou sup\u00e9rieur<\/li>\n<li>Bios avec param\u00e8tre prenant en charge la virtualisation<\/li>\n<li>Syst\u00e8me d&rsquo;exploitation Win 7 64 bits, Windows 8 64 bits ou Windows 10 64 bits<\/li>\n<li>Espace de stockage disponible min 20 Go<\/li>\n<li>MAC incompatible<\/li>\n<li>L&rsquo;installation est tr\u00e8s simple pour un utilisateur ayant un bon niveau d&rsquo;administration Windows.<\/li>\n<li>L&rsquo;installation est tr\u00e8s simple et tr\u00e8s rapide par rapport aux versions Diagbox 7 et 8.<\/li>\n<li>Ce logiciel ne n\u00e9cessite aucune activation, il sera op\u00e9rationnel imm\u00e9diatement.<\/li>\n<li>Vous pouvez l&rsquo;installer sur de nombreux types de Windows.<\/li>\n<\/ul>\n<p>&nbsp;<\/p>\n<div class=\"translate-tooltip-mtz translator-hidden\">\n<div class=\"header\">\n<div class=\"header-controls\">Translator<\/div>\n<div class=\"header-controls\"><\/div>\n<\/div>\n<div class=\"translated-text\">\n<div class=\"words\"><\/div>\n<div class=\"sentences\"><\/div>\n<\/div>\n<\/div>\n<p>&nbsp;<\/p>\n<p>&nbsp;<\/p>","protected":false},"excerpt":{"rendered":"<p><audio class=\"audio-for-speech\"><\/audio><\/p>\n<div class=\"translate-tooltip-mtz translator-hidden\">\n<div class=\"header\">\n<div class=\"header-controls\">Translator<\/div>\n<div class=\"header-controls\"><\/div>\n<\/div>\n<div class=\"translated-text\">\n<div class=\"words\"><\/div>\n<div class=\"sentences\"><\/div>\n<\/div>\n<\/div>\n<p>&nbsp;<\/p>\n<p>D\u00e9couvrez DIAGBOX v9.150 &#8211; la solution ultime pour la r\u00e9paration et le diagnostic de v\u00e9hicules Citro\u00ebn, Peugeot, DS et Opel.<\/p>","protected":false},"featured_media":83,"template":"","meta":[],"product_brand":[],"product_cat":[16],"product_tag":[],"class_list":{"0":"post-55","1":"product","2":"type-product","3":"status-publish","4":"has-post-thumbnail","6":"product_cat-diagnostic-automobiles","8":"first","9":"instock","10":"downloadable","11":"virtual","12":"purchasable","13":"product-type-simple"},"yoast_head":"<!-- This site is optimized with the Yoast SEO plugin v27.4 - https:\/\/yoast.com\/product\/yoast-seo-wordpress\/ -->\n<title>DIAGBOX v9.150 Peugeot Citro\u00ebn MMB OBD2 SOFTWARE<\/title>\n<meta name=\"description\" content=\"DIAGBOX v9.150 Peugeot Citro\u00ebn : Diagnostic avanc\u00e9 pour tous les mod\u00e8les Citro\u00ebn, Peugeot et DS jusqu&#039;en 2022. Fonctionne avec Windows 7, 8, 10\" \/>\n<meta name=\"robots\" content=\"index, follow, max-snippet:-1, max-image-preview:large, max-video-preview:-1\" \/>\n<link rel=\"canonical\" href=\"https:\/\/mmbobd2.com\/en\/product\/diagbox-v9-150-peugeot-citroen\/\" \/>\n<meta property=\"og:locale\" content=\"en_GB\" \/>\n<meta property=\"og:type\" content=\"article\" \/>\n<meta property=\"og:title\" content=\"DIAGBOX v9.150\" \/>\n<meta property=\"og:description\" content=\"Explorez DIAGBOX v9.150, le logiciel de diagnostic compatibilit\u00e9 \u00e9tendue, programmation illimit\u00e9e. Restez \u00e0 jour avec MMB Software Automotive. #DIAGBOX #Diagnostics #MMBSoftwareAutomotive\" \/>\n<meta property=\"og:url\" content=\"https:\/\/mmbobd2.com\/en\/product\/diagbox-v9-150-peugeot-citroen\/\" \/>\n<meta property=\"og:site_name\" content=\"MMB OBD2 SOFTWARE\" \/>\n<meta property=\"article:publisher\" content=\"https:\/\/www.facebook.com\/profile.php?id=61552159950965\" \/>\n<meta property=\"article:modified_time\" content=\"2026-02-11T18:06:26+00:00\" \/>\n<meta property=\"og:image\" content=\"https:\/\/mmbobd2.com\/wp-content\/uploads\/2023\/10\/DIAGBOX9.jpg\" \/>\n\t<meta property=\"og:image:width\" content=\"1000\" \/>\n\t<meta property=\"og:image:height\" content=\"1000\" \/>\n\t<meta property=\"og:image:type\" content=\"image\/jpeg\" \/>\n<meta name=\"twitter:card\" content=\"summary_large_image\" \/>\n<meta name=\"twitter:label1\" content=\"Estimated reading time\" \/>\n\t<meta name=\"twitter:data1\" content=\"2 minutes\" \/>\n<script type=\"application\/ld+json\" class=\"yoast-schema-graph\">{\"@context\":\"https:\\\/\\\/schema.org\",\"@graph\":[{\"@type\":\"WebPage\",\"@id\":\"https:\\\/\\\/mmbobd2.com\\\/product\\\/diagbox-v9-150-peugeot-citroen\\\/\",\"url\":\"https:\\\/\\\/mmbobd2.com\\\/product\\\/diagbox-v9-150-peugeot-citroen\\\/\",\"name\":\"DIAGBOX v9.150 Peugeot Citro\u00ebn MMB OBD2 SOFTWARE\",\"isPartOf\":{\"@id\":\"https:\\\/\\\/mmbobd2.com\\\/#website\"},\"primaryImageOfPage\":{\"@id\":\"https:\\\/\\\/mmbobd2.com\\\/product\\\/diagbox-v9-150-peugeot-citroen\\\/#primaryimage\"},\"image\":{\"@id\":\"https:\\\/\\\/mmbobd2.com\\\/product\\\/diagbox-v9-150-peugeot-citroen\\\/#primaryimage\"},\"thumbnailUrl\":\"https:\\\/\\\/i0.wp.com\\\/mmbobd2.com\\\/wp-content\\\/uploads\\\/2023\\\/10\\\/DIAGBOX9.jpg?fit=1000%2C1000&ssl=1\",\"datePublished\":\"2023-10-06T11:36:35+00:00\",\"dateModified\":\"2026-02-11T18:06:26+00:00\",\"description\":\"DIAGBOX v9.150 Peugeot Citro\u00ebn : Diagnostic avanc\u00e9 pour tous les mod\u00e8les Citro\u00ebn, Peugeot et DS jusqu'en 2022. Fonctionne avec Windows 7, 8, 10\",\"breadcrumb\":{\"@id\":\"https:\\\/\\\/mmbobd2.com\\\/product\\\/diagbox-v9-150-peugeot-citroen\\\/#breadcrumb\"},\"inLanguage\":\"en-GB\",\"potentialAction\":[{\"@type\":\"ReadAction\",\"target\":[\"https:\\\/\\\/mmbobd2.com\\\/product\\\/diagbox-v9-150-peugeot-citroen\\\/\"]}]},{\"@type\":\"ImageObject\",\"inLanguage\":\"en-GB\",\"@id\":\"https:\\\/\\\/mmbobd2.com\\\/product\\\/diagbox-v9-150-peugeot-citroen\\\/#primaryimage\",\"url\":\"https:\\\/\\\/i0.wp.com\\\/mmbobd2.com\\\/wp-content\\\/uploads\\\/2023\\\/10\\\/DIAGBOX9.jpg?fit=1000%2C1000&ssl=1\",\"contentUrl\":\"https:\\\/\\\/i0.wp.com\\\/mmbobd2.com\\\/wp-content\\\/uploads\\\/2023\\\/10\\\/DIAGBOX9.jpg?fit=1000%2C1000&ssl=1\",\"width\":1000,\"height\":1000,\"caption\":\"DIAGBOX v9.150 Peugeot Citro\u00ebn\"},{\"@type\":\"BreadcrumbList\",\"@id\":\"https:\\\/\\\/mmbobd2.com\\\/product\\\/diagbox-v9-150-peugeot-citroen\\\/#breadcrumb\",\"itemListElement\":[{\"@type\":\"ListItem\",\"position\":1,\"name\":\"Accueil\",\"item\":\"https:\\\/\\\/mmbobd2.com\\\/\"},{\"@type\":\"ListItem\",\"position\":2,\"name\":\"Boutique\",\"item\":\"https:\\\/\\\/mmbobd2.com\\\/logiciels-de-diagnostic-automobiles\\\/\"},{\"@type\":\"ListItem\",\"position\":3,\"name\":\"PSA DIAGBOX V9.150\"}]},{\"@type\":\"WebSite\",\"@id\":\"https:\\\/\\\/mmbobd2.com\\\/#website\",\"url\":\"https:\\\/\\\/mmbobd2.com\\\/\",\"name\":\"MMB OBD2 SOFTWARE\",\"description\":\"\",\"publisher\":{\"@id\":\"https:\\\/\\\/mmbobd2.com\\\/#organization\"},\"alternateName\":\"mmbsoftauto\",\"potentialAction\":[{\"@type\":\"SearchAction\",\"target\":{\"@type\":\"EntryPoint\",\"urlTemplate\":\"https:\\\/\\\/mmbobd2.com\\\/?s={search_term_string}\"},\"query-input\":{\"@type\":\"PropertyValueSpecification\",\"valueRequired\":true,\"valueName\":\"search_term_string\"}}],\"inLanguage\":\"en-GB\"},{\"@type\":\"Organization\",\"@id\":\"https:\\\/\\\/mmbobd2.com\\\/#organization\",\"name\":\"MMB COMPANY\",\"url\":\"https:\\\/\\\/mmbobd2.com\\\/\",\"logo\":{\"@type\":\"ImageObject\",\"inLanguage\":\"en-GB\",\"@id\":\"https:\\\/\\\/mmbobd2.com\\\/#\\\/schema\\\/logo\\\/image\\\/\",\"url\":\"https:\\\/\\\/mmbobd2.com\\\/wp-content\\\/uploads\\\/2023\\\/10\\\/LOGO-ROND-MMB-200.png\",\"contentUrl\":\"https:\\\/\\\/mmbobd2.com\\\/wp-content\\\/uploads\\\/2023\\\/10\\\/LOGO-ROND-MMB-200.png\",\"width\":200,\"height\":200,\"caption\":\"MMB COMPANY\"},\"image\":{\"@id\":\"https:\\\/\\\/mmbobd2.com\\\/#\\\/schema\\\/logo\\\/image\\\/\"},\"sameAs\":[\"https:\\\/\\\/www.facebook.com\\\/profile.php?id=61552159950965\"]}]}<\/script>\n<!-- \/ Yoast SEO plugin. -->","yoast_head_json":{"title":"DIAGBOX v9.150 Peugeot Citro\u00ebn MMB OBD2 SOFTWARE","description":"DIAGBOX v9.150 Peugeot Citro\u00ebn : Diagnostic avanc\u00e9 pour tous les mod\u00e8les Citro\u00ebn, Peugeot et DS jusqu'en 2022. Fonctionne avec Windows 7, 8, 10","robots":{"index":"index","follow":"follow","max-snippet":"max-snippet:-1","max-image-preview":"max-image-preview:large","max-video-preview":"max-video-preview:-1"},"canonical":"https:\/\/mmbobd2.com\/en\/product\/diagbox-v9-150-peugeot-citroen\/","og_locale":"en_GB","og_type":"article","og_title":"DIAGBOX v9.150","og_description":"Explorez DIAGBOX v9.150, le logiciel de diagnostic compatibilit\u00e9 \u00e9tendue, programmation illimit\u00e9e. Restez \u00e0 jour avec MMB Software Automotive. #DIAGBOX #Diagnostics #MMBSoftwareAutomotive","og_url":"https:\/\/mmbobd2.com\/en\/product\/diagbox-v9-150-peugeot-citroen\/","og_site_name":"MMB OBD2 SOFTWARE","article_publisher":"https:\/\/www.facebook.com\/profile.php?id=61552159950965","article_modified_time":"2026-02-11T18:06:26+00:00","og_image":[{"width":1000,"height":1000,"url":"https:\/\/mmbobd2.com\/wp-content\/uploads\/2023\/10\/DIAGBOX9.jpg","type":"image\/jpeg"}],"twitter_card":"summary_large_image","twitter_misc":{"Estimated reading time":"2 minutes"},"schema":{"@context":"https:\/\/schema.org","@graph":[{"@type":"WebPage","@id":"https:\/\/mmbobd2.com\/product\/diagbox-v9-150-peugeot-citroen\/","url":"https:\/\/mmbobd2.com\/product\/diagbox-v9-150-peugeot-citroen\/","name":"DIAGBOX v9.150 Peugeot Citro\u00ebn MMB OBD2 SOFTWARE","isPartOf":{"@id":"https:\/\/mmbobd2.com\/#website"},"primaryImageOfPage":{"@id":"https:\/\/mmbobd2.com\/product\/diagbox-v9-150-peugeot-citroen\/#primaryimage"},"image":{"@id":"https:\/\/mmbobd2.com\/product\/diagbox-v9-150-peugeot-citroen\/#primaryimage"},"thumbnailUrl":"https:\/\/i0.wp.com\/mmbobd2.com\/wp-content\/uploads\/2023\/10\/DIAGBOX9.jpg?fit=1000%2C1000&ssl=1","datePublished":"2023-10-06T11:36:35+00:00","dateModified":"2026-02-11T18:06:26+00:00","description":"DIAGBOX v9.150 Peugeot Citro\u00ebn : Diagnostic avanc\u00e9 pour tous les mod\u00e8les Citro\u00ebn, Peugeot et DS jusqu'en 2022. Fonctionne avec Windows 7, 8, 10","breadcrumb":{"@id":"https:\/\/mmbobd2.com\/product\/diagbox-v9-150-peugeot-citroen\/#breadcrumb"},"inLanguage":"en-GB","potentialAction":[{"@type":"ReadAction","target":["https:\/\/mmbobd2.com\/product\/diagbox-v9-150-peugeot-citroen\/"]}]},{"@type":"ImageObject","inLanguage":"en-GB","@id":"https:\/\/mmbobd2.com\/product\/diagbox-v9-150-peugeot-citroen\/#primaryimage","url":"https:\/\/i0.wp.com\/mmbobd2.com\/wp-content\/uploads\/2023\/10\/DIAGBOX9.jpg?fit=1000%2C1000&ssl=1","contentUrl":"https:\/\/i0.wp.com\/mmbobd2.com\/wp-content\/uploads\/2023\/10\/DIAGBOX9.jpg?fit=1000%2C1000&ssl=1","width":1000,"height":1000,"caption":"DIAGBOX v9.150 Peugeot Citro\u00ebn"},{"@type":"BreadcrumbList","@id":"https:\/\/mmbobd2.com\/product\/diagbox-v9-150-peugeot-citroen\/#breadcrumb","itemListElement":[{"@type":"ListItem","position":1,"name":"Accueil","item":"https:\/\/mmbobd2.com\/"},{"@type":"ListItem","position":2,"name":"Boutique","item":"https:\/\/mmbobd2.com\/logiciels-de-diagnostic-automobiles\/"},{"@type":"ListItem","position":3,"name":"PSA DIAGBOX V9.150"}]},{"@type":"WebSite","@id":"https:\/\/mmbobd2.com\/#website","url":"https:\/\/mmbobd2.com\/","name":"MMB OBD2 SOFTWARE","description":"","publisher":{"@id":"https:\/\/mmbobd2.com\/#organization"},"alternateName":"mmbsoftauto","potentialAction":[{"@type":"SearchAction","target":{"@type":"EntryPoint","urlTemplate":"https:\/\/mmbobd2.com\/?s={search_term_string}"},"query-input":{"@type":"PropertyValueSpecification","valueRequired":true,"valueName":"search_term_string"}}],"inLanguage":"en-GB"},{"@type":"Organization","@id":"https:\/\/mmbobd2.com\/#organization","name":"MMB COMPANY","url":"https:\/\/mmbobd2.com\/","logo":{"@type":"ImageObject","inLanguage":"en-GB","@id":"https:\/\/mmbobd2.com\/#\/schema\/logo\/image\/","url":"https:\/\/mmbobd2.com\/wp-content\/uploads\/2023\/10\/LOGO-ROND-MMB-200.png","contentUrl":"https:\/\/mmbobd2.com\/wp-content\/uploads\/2023\/10\/LOGO-ROND-MMB-200.png","width":200,"height":200,"caption":"MMB COMPANY"},"image":{"@id":"https:\/\/mmbobd2.com\/#\/schema\/logo\/image\/"},"sameAs":["https:\/\/www.facebook.com\/profile.php?id=61552159950965"]}]}},"_links":{"self":[{"href":"https:\/\/mmbobd2.com\/en\/wp-json\/wp\/v2\/product\/55","targetHints":{"allow":["GET"]}}],"collection":[{"href":"https:\/\/mmbobd2.com\/en\/wp-json\/wp\/v2\/product"}],"about":[{"href":"https:\/\/mmbobd2.com\/en\/wp-json\/wp\/v2\/types\/product"}],"wp:featuredmedia":[{"embeddable":true,"href":"https:\/\/mmbobd2.com\/en\/wp-json\/wp\/v2\/media\/83"}],"wp:attachment":[{"href":"https:\/\/mmbobd2.com\/en\/wp-json\/wp\/v2\/media?parent=55"}],"wp:term":[{"taxonomy":"product_brand","embeddable":true,"href":"https:\/\/mmbobd2.com\/en\/wp-json\/wp\/v2\/product_brand?post=55"},{"taxonomy":"product_cat","embeddable":true,"href":"https:\/\/mmbobd2.com\/en\/wp-json\/wp\/v2\/product_cat?post=55"},{"taxonomy":"product_tag","embeddable":true,"href":"https:\/\/mmbobd2.com\/en\/wp-json\/wp\/v2\/product_tag?post=55"}],"curies":[{"name":"wp","href":"https:\/\/api.w.org\/{rel}","templated":true}]}}