{"id":59,"date":"2023-10-06T11:36:35","date_gmt":"2023-10-06T11:36:35","guid":{"rendered":"https:\/\/mmbobd2.com\/?post_type=product&#038;p=59"},"modified":"2023-11-08T09:20:47","modified_gmt":"2023-11-08T09:20:47","slug":"gm-techline-connect-tech2win","status":"publish","type":"product","link":"https:\/\/mmbobd2.com\/en\/product\/gm-techline-connect-tech2win\/","title":{"rendered":"GM TECHLINE CONNECT 2022 + TECH2WIN"},"content":{"rendered":"<p><audio class=\"audio-for-speech\"><\/audio><\/p>\n<div class=\"translate-tooltip-mtz translator-hidden\">\n<div class=\"header\">\n<div class=\"header-controls\">Translator<\/div>\n<div class=\"header-controls\"><\/div>\n<\/div>\n<div class=\"translated-text\">\n<div class=\"words\"><\/div>\n<div class=\"sentences\"><\/div>\n<\/div>\n<\/div>\n<p>&nbsp;<\/p>\n<p><audio class=\"audio-for-speech\"><\/audio><\/p>\n<div class=\"translate-tooltip-mtz translator-hidden\">\n<div class=\"header\">\n<div class=\"header-controls\">Translator<\/div>\n<div class=\"header-controls\"><\/div>\n<\/div>\n<div class=\"translated-text\">\n<div class=\"words\"><\/div>\n<div class=\"sentences\"><\/div>\n<\/div>\n<\/div>\n<h2 style=\"text-align: center;\"><strong>GM TECHLINE CONNECT TECH2WIN<\/strong><\/h2>\n<div class=\"flex flex-grow flex-col gap-3 max-w-full\">\n<div class=\"min-h-[20px] flex flex-col items-start gap-3 whitespace-pre-wrap break-words overflow-x-auto\">\n<div class=\"markdown prose w-full break-words dark:prose-invert dark\">\n<p>&nbsp;<\/p>\n<p><strong>GM TECHLINE CONNECT TECH2WIN<\/strong> &#8211; L&rsquo;Alli\u00e9 Essentiel de la R\u00e9paration et du Diagnostic pour les V\u00e9hicules GM<\/p>\n<h4><strong>Un Guichet Unique pour la R\u00e9paration et le Diagnostic<\/strong><\/h4>\n<p>GM TECHLINE CONNECT TECH2WIN (anciennement TIS2Web) est bien plus qu&rsquo;un simple service d&rsquo;abonnement en ligne pour les v\u00e9hicules GM. Il est l&rsquo;alli\u00e9 incontournable des professionnels de la r\u00e9paration automobile. Cette application tout-en-un fusionne les informations de service, la programmation, et les <a href=\"https:\/\/mmbobd2.com\/product-category\/diagnostic-automobiles\/\">diagnostics<\/a> des outils d&rsquo;analyse dans un guichet unique. Avec GM TECHLINE CONNECT , gagnez du temps, de l&rsquo;argent et optimisez votre efficacit\u00e9.<\/p>\n<h4><strong>Les Avantages de GM TECHLINE CONNECT TECH2WIN<\/strong><\/h4>\n<ol>\n<li><strong>Am\u00e9lioration des Profits<\/strong> : R\u00e9alisez davantage de diagnostics et de r\u00e9parations en interne, ce qui se traduit par une augmentation de vos profits.<\/li>\n<li><strong>Acc\u00e8s \u00e0 des Experts<\/strong> : En cas de questions urgentes li\u00e9es au fonctionnement du logiciel GM, b\u00e9n\u00e9ficiez de l&rsquo;assistance d&rsquo;experts form\u00e9s pour r\u00e9soudre vos probl\u00e8mes.<\/li>\n<li><strong>Gain de Temps<\/strong> : Diagnostiquez rapidement et avec pr\u00e9cision les v\u00e9hicules GM, gr\u00e2ce \u00e0 un outil qui simplifie le processus.<\/li>\n<li><strong>Recherche d&rsquo;\u00c9talonnages<\/strong> : Trouvez rapidement les \u00e9talonnages des v\u00e9hicules, ce qui facilite les mises \u00e0 jour et les r\u00e9parations.<\/li>\n<li><strong>Options d&rsquo;Abonnement Flexibles<\/strong> : Choisissez parmi plusieurs options d&rsquo;abonnement pour r\u00e9pondre pr\u00e9cis\u00e9ment \u00e0 vos besoins en mati\u00e8re de service et de diagnostic.<\/li>\n<li><strong>Compatibilit\u00e9 \u00c9tendue<\/strong> : Utilisez GM TECHLINE CONNECT\u00a0 avec une vari\u00e9t\u00e9 de marques et de mod\u00e8les GM, vous offrant une couverture compl\u00e8te.<\/li>\n<\/ol>\n<h3><strong>Un Compte GM TECHLINE CONNECT TECH2WIN<\/strong><\/h3>\n<p>Un compte GM TECHLINE CONNECT\u00a0 vous ouvre la porte vers un monde de possibilit\u00e9s de diagnostic et de r\u00e9paration. Les abonn\u00e9s ont la capacit\u00e9 de r\u00e9aliser des programmations en ligne pour les v\u00e9hicules du groupe GM, y compris SPS pour Vauxhall Opel.<\/p>\n<h3><strong>Diagnostic GM avec l&rsquo;Adaptateur J2534<\/strong><\/h3>\n<p>GM TECHLINE CONNECT\u00a0 fonctionne en tandem avec un adaptateur J2534, permettant un diagnostic complet des v\u00e9hicules GM. La distribution comprend des packs de diagnostic pour Chevrolet Europe (2010-2017) et Opel \/ <a href=\"https:\/\/www.vauxhall.co.uk\/\">Vauxhaul<\/a> (2010-2023). Une carte J2534 compatible avec les bus CAN est requise pour un fonctionnement optimal, prenant en charge les broches 6-14, 3-11 et 12-13 du connecteur OBD2, ainsi que le bus CAN SingleWire sur la broche 1. Avec GM TECHLINE CONNECT , soyez pr\u00eat \u00e0 relever tous les d\u00e9fis de diagnostic et de r\u00e9paration des v\u00e9hicules GM.<\/p>\n<\/div>\n<\/div>\n<\/div>\n<p>&nbsp;<\/p>\n<p>&nbsp;<\/p>\n","protected":false},"excerpt":{"rendered":"<p><audio class=\"audio-for-speech\"><\/audio><\/p>\n<div class=\"translate-tooltip-mtz translator-hidden\">\n<div class=\"header\">\n<div class=\"header-controls\">Translator<\/div>\n<div class=\"header-controls\"><\/div>\n<\/div>\n<div class=\"translated-text\">\n<div class=\"words\"><\/div>\n<div class=\"sentences\"><\/div>\n<\/div>\n<\/div>\n<p>&nbsp;<\/p>\n<p>GM TECHLINE CONNECT TECH2WIN &#8211; L&rsquo;outil essentiel pour la r\u00e9paration et le diagnostic des v\u00e9hicules GM. Fiabilit\u00e9, efficacit\u00e9 et expertise.<\/p>","protected":false},"featured_media":87,"template":"","meta":[],"product_brand":[],"product_cat":[16],"product_tag":[],"class_list":{"0":"post-59","1":"product","2":"type-product","3":"status-publish","4":"has-post-thumbnail","6":"product_cat-diagnostic-automobiles","8":"first","9":"instock","10":"downloadable","11":"virtual","12":"purchasable","13":"product-type-simple"},"yoast_head":"<!-- This site is optimized with the Yoast SEO plugin v27.4 - https:\/\/yoast.com\/product\/yoast-seo-wordpress\/ -->\n<title>GM TECHLINE CONNECT TECH2WIN MMB OBD2 SOFTWARE<\/title>\n<meta name=\"description\" content=\"GM TECHLINE CONNECT TECH2WIN - L&#039;outil essentiel pour le diagnostic et la r\u00e9paration des v\u00e9hicules GM. Gagnez du temps et de l&#039;argent\" \/>\n<meta name=\"robots\" content=\"index, follow, max-snippet:-1, max-image-preview:large, max-video-preview:-1\" \/>\n<link rel=\"canonical\" href=\"https:\/\/mmbobd2.com\/en\/product\/gm-techline-connect-tech2win\/\" \/>\n<meta property=\"og:locale\" content=\"en_GB\" \/>\n<meta property=\"og:type\" content=\"article\" \/>\n<meta property=\"og:title\" content=\"GM TECHLINE CONNECT TECH2WIN\" \/>\n<meta property=\"og:description\" content=\"GM TECHLINE CONNECT TECH2WIN - Votre partenaire de confiance pour la r\u00e9paration et le diagnostic GM. #GMTECHLINE #TECH2WIN #MMBSoftwareAutomotive\" \/>\n<meta property=\"og:url\" content=\"https:\/\/mmbobd2.com\/en\/product\/gm-techline-connect-tech2win\/\" \/>\n<meta property=\"og:site_name\" content=\"MMB OBD2 SOFTWARE\" \/>\n<meta property=\"article:publisher\" content=\"https:\/\/www.facebook.com\/profile.php?id=61552159950965\" \/>\n<meta property=\"article:modified_time\" content=\"2023-11-08T09:20:47+00:00\" \/>\n<meta property=\"og:image\" content=\"https:\/\/mmbobd2.com\/wp-content\/uploads\/2023\/10\/GM.jpg\" \/>\n\t<meta property=\"og:image:width\" content=\"1000\" \/>\n\t<meta property=\"og:image:height\" content=\"1000\" \/>\n\t<meta property=\"og:image:type\" content=\"image\/jpeg\" \/>\n<meta name=\"twitter:card\" content=\"summary_large_image\" \/>\n<meta name=\"twitter:label1\" content=\"Estimated reading time\" \/>\n\t<meta name=\"twitter:data1\" content=\"2 minutes\" \/>\n<script type=\"application\/ld+json\" class=\"yoast-schema-graph\">{\"@context\":\"https:\\\/\\\/schema.org\",\"@graph\":[{\"@type\":\"WebPage\",\"@id\":\"https:\\\/\\\/mmbobd2.com\\\/product\\\/gm-techline-connect-tech2win\\\/\",\"url\":\"https:\\\/\\\/mmbobd2.com\\\/product\\\/gm-techline-connect-tech2win\\\/\",\"name\":\"GM TECHLINE CONNECT TECH2WIN MMB OBD2 SOFTWARE\",\"isPartOf\":{\"@id\":\"https:\\\/\\\/mmbobd2.com\\\/#website\"},\"primaryImageOfPage\":{\"@id\":\"https:\\\/\\\/mmbobd2.com\\\/product\\\/gm-techline-connect-tech2win\\\/#primaryimage\"},\"image\":{\"@id\":\"https:\\\/\\\/mmbobd2.com\\\/product\\\/gm-techline-connect-tech2win\\\/#primaryimage\"},\"thumbnailUrl\":\"https:\\\/\\\/i0.wp.com\\\/mmbobd2.com\\\/wp-content\\\/uploads\\\/2023\\\/10\\\/GM.jpg?fit=1000%2C1000&ssl=1\",\"datePublished\":\"2023-10-06T11:36:35+00:00\",\"dateModified\":\"2023-11-08T09:20:47+00:00\",\"description\":\"GM TECHLINE CONNECT TECH2WIN - L'outil essentiel pour le diagnostic et la r\u00e9paration des v\u00e9hicules GM. Gagnez du temps et de l'argent\",\"breadcrumb\":{\"@id\":\"https:\\\/\\\/mmbobd2.com\\\/product\\\/gm-techline-connect-tech2win\\\/#breadcrumb\"},\"inLanguage\":\"en-GB\",\"potentialAction\":[{\"@type\":\"ReadAction\",\"target\":[\"https:\\\/\\\/mmbobd2.com\\\/product\\\/gm-techline-connect-tech2win\\\/\"]}]},{\"@type\":\"ImageObject\",\"inLanguage\":\"en-GB\",\"@id\":\"https:\\\/\\\/mmbobd2.com\\\/product\\\/gm-techline-connect-tech2win\\\/#primaryimage\",\"url\":\"https:\\\/\\\/i0.wp.com\\\/mmbobd2.com\\\/wp-content\\\/uploads\\\/2023\\\/10\\\/GM.jpg?fit=1000%2C1000&ssl=1\",\"contentUrl\":\"https:\\\/\\\/i0.wp.com\\\/mmbobd2.com\\\/wp-content\\\/uploads\\\/2023\\\/10\\\/GM.jpg?fit=1000%2C1000&ssl=1\",\"width\":1000,\"height\":1000,\"caption\":\"GM TECHLINE CONNECT 2022 + TECH2WIN\"},{\"@type\":\"BreadcrumbList\",\"@id\":\"https:\\\/\\\/mmbobd2.com\\\/product\\\/gm-techline-connect-tech2win\\\/#breadcrumb\",\"itemListElement\":[{\"@type\":\"ListItem\",\"position\":1,\"name\":\"Accueil\",\"item\":\"https:\\\/\\\/mmbobd2.com\\\/\"},{\"@type\":\"ListItem\",\"position\":2,\"name\":\"Boutique\",\"item\":\"https:\\\/\\\/mmbobd2.com\\\/logiciels-de-diagnostic-automobiles\\\/\"},{\"@type\":\"ListItem\",\"position\":3,\"name\":\"GM TECHLINE CONNECT 2022 + TECH2WIN\"}]},{\"@type\":\"WebSite\",\"@id\":\"https:\\\/\\\/mmbobd2.com\\\/#website\",\"url\":\"https:\\\/\\\/mmbobd2.com\\\/\",\"name\":\"MMB OBD2 SOFTWARE\",\"description\":\"\",\"publisher\":{\"@id\":\"https:\\\/\\\/mmbobd2.com\\\/#organization\"},\"alternateName\":\"mmbsoftauto\",\"potentialAction\":[{\"@type\":\"SearchAction\",\"target\":{\"@type\":\"EntryPoint\",\"urlTemplate\":\"https:\\\/\\\/mmbobd2.com\\\/?s={search_term_string}\"},\"query-input\":{\"@type\":\"PropertyValueSpecification\",\"valueRequired\":true,\"valueName\":\"search_term_string\"}}],\"inLanguage\":\"en-GB\"},{\"@type\":\"Organization\",\"@id\":\"https:\\\/\\\/mmbobd2.com\\\/#organization\",\"name\":\"MMB COMPANY\",\"url\":\"https:\\\/\\\/mmbobd2.com\\\/\",\"logo\":{\"@type\":\"ImageObject\",\"inLanguage\":\"en-GB\",\"@id\":\"https:\\\/\\\/mmbobd2.com\\\/#\\\/schema\\\/logo\\\/image\\\/\",\"url\":\"https:\\\/\\\/mmbobd2.com\\\/wp-content\\\/uploads\\\/2023\\\/10\\\/LOGO-ROND-MMB-200.png\",\"contentUrl\":\"https:\\\/\\\/mmbobd2.com\\\/wp-content\\\/uploads\\\/2023\\\/10\\\/LOGO-ROND-MMB-200.png\",\"width\":200,\"height\":200,\"caption\":\"MMB COMPANY\"},\"image\":{\"@id\":\"https:\\\/\\\/mmbobd2.com\\\/#\\\/schema\\\/logo\\\/image\\\/\"},\"sameAs\":[\"https:\\\/\\\/www.facebook.com\\\/profile.php?id=61552159950965\"]}]}<\/script>\n<!-- \/ Yoast SEO plugin. -->","yoast_head_json":{"title":"GM TECHLINE CONNECT TECH2WIN MMB OBD2 SOFTWARE","description":"GM TECHLINE CONNECT TECH2WIN - L'outil essentiel pour le diagnostic et la r\u00e9paration des v\u00e9hicules GM. Gagnez du temps et de l'argent","robots":{"index":"index","follow":"follow","max-snippet":"max-snippet:-1","max-image-preview":"max-image-preview:large","max-video-preview":"max-video-preview:-1"},"canonical":"https:\/\/mmbobd2.com\/en\/product\/gm-techline-connect-tech2win\/","og_locale":"en_GB","og_type":"article","og_title":"GM TECHLINE CONNECT TECH2WIN","og_description":"GM TECHLINE CONNECT TECH2WIN - Votre partenaire de confiance pour la r\u00e9paration et le diagnostic GM. #GMTECHLINE #TECH2WIN #MMBSoftwareAutomotive","og_url":"https:\/\/mmbobd2.com\/en\/product\/gm-techline-connect-tech2win\/","og_site_name":"MMB OBD2 SOFTWARE","article_publisher":"https:\/\/www.facebook.com\/profile.php?id=61552159950965","article_modified_time":"2023-11-08T09:20:47+00:00","og_image":[{"width":1000,"height":1000,"url":"https:\/\/mmbobd2.com\/wp-content\/uploads\/2023\/10\/GM.jpg","type":"image\/jpeg"}],"twitter_card":"summary_large_image","twitter_misc":{"Estimated reading time":"2 minutes"},"schema":{"@context":"https:\/\/schema.org","@graph":[{"@type":"WebPage","@id":"https:\/\/mmbobd2.com\/product\/gm-techline-connect-tech2win\/","url":"https:\/\/mmbobd2.com\/product\/gm-techline-connect-tech2win\/","name":"GM TECHLINE CONNECT TECH2WIN MMB OBD2 SOFTWARE","isPartOf":{"@id":"https:\/\/mmbobd2.com\/#website"},"primaryImageOfPage":{"@id":"https:\/\/mmbobd2.com\/product\/gm-techline-connect-tech2win\/#primaryimage"},"image":{"@id":"https:\/\/mmbobd2.com\/product\/gm-techline-connect-tech2win\/#primaryimage"},"thumbnailUrl":"https:\/\/i0.wp.com\/mmbobd2.com\/wp-content\/uploads\/2023\/10\/GM.jpg?fit=1000%2C1000&ssl=1","datePublished":"2023-10-06T11:36:35+00:00","dateModified":"2023-11-08T09:20:47+00:00","description":"GM TECHLINE CONNECT TECH2WIN - L'outil essentiel pour le diagnostic et la r\u00e9paration des v\u00e9hicules GM. Gagnez du temps et de l'argent","breadcrumb":{"@id":"https:\/\/mmbobd2.com\/product\/gm-techline-connect-tech2win\/#breadcrumb"},"inLanguage":"en-GB","potentialAction":[{"@type":"ReadAction","target":["https:\/\/mmbobd2.com\/product\/gm-techline-connect-tech2win\/"]}]},{"@type":"ImageObject","inLanguage":"en-GB","@id":"https:\/\/mmbobd2.com\/product\/gm-techline-connect-tech2win\/#primaryimage","url":"https:\/\/i0.wp.com\/mmbobd2.com\/wp-content\/uploads\/2023\/10\/GM.jpg?fit=1000%2C1000&ssl=1","contentUrl":"https:\/\/i0.wp.com\/mmbobd2.com\/wp-content\/uploads\/2023\/10\/GM.jpg?fit=1000%2C1000&ssl=1","width":1000,"height":1000,"caption":"GM TECHLINE CONNECT 2022 + TECH2WIN"},{"@type":"BreadcrumbList","@id":"https:\/\/mmbobd2.com\/product\/gm-techline-connect-tech2win\/#breadcrumb","itemListElement":[{"@type":"ListItem","position":1,"name":"Accueil","item":"https:\/\/mmbobd2.com\/"},{"@type":"ListItem","position":2,"name":"Boutique","item":"https:\/\/mmbobd2.com\/logiciels-de-diagnostic-automobiles\/"},{"@type":"ListItem","position":3,"name":"GM TECHLINE CONNECT 2022 + TECH2WIN"}]},{"@type":"WebSite","@id":"https:\/\/mmbobd2.com\/#website","url":"https:\/\/mmbobd2.com\/","name":"MMB OBD2 SOFTWARE","description":"","publisher":{"@id":"https:\/\/mmbobd2.com\/#organization"},"alternateName":"mmbsoftauto","potentialAction":[{"@type":"SearchAction","target":{"@type":"EntryPoint","urlTemplate":"https:\/\/mmbobd2.com\/?s={search_term_string}"},"query-input":{"@type":"PropertyValueSpecification","valueRequired":true,"valueName":"search_term_string"}}],"inLanguage":"en-GB"},{"@type":"Organization","@id":"https:\/\/mmbobd2.com\/#organization","name":"MMB COMPANY","url":"https:\/\/mmbobd2.com\/","logo":{"@type":"ImageObject","inLanguage":"en-GB","@id":"https:\/\/mmbobd2.com\/#\/schema\/logo\/image\/","url":"https:\/\/mmbobd2.com\/wp-content\/uploads\/2023\/10\/LOGO-ROND-MMB-200.png","contentUrl":"https:\/\/mmbobd2.com\/wp-content\/uploads\/2023\/10\/LOGO-ROND-MMB-200.png","width":200,"height":200,"caption":"MMB COMPANY"},"image":{"@id":"https:\/\/mmbobd2.com\/#\/schema\/logo\/image\/"},"sameAs":["https:\/\/www.facebook.com\/profile.php?id=61552159950965"]}]}},"_links":{"self":[{"href":"https:\/\/mmbobd2.com\/en\/wp-json\/wp\/v2\/product\/59","targetHints":{"allow":["GET"]}}],"collection":[{"href":"https:\/\/mmbobd2.com\/en\/wp-json\/wp\/v2\/product"}],"about":[{"href":"https:\/\/mmbobd2.com\/en\/wp-json\/wp\/v2\/types\/product"}],"wp:featuredmedia":[{"embeddable":true,"href":"https:\/\/mmbobd2.com\/en\/wp-json\/wp\/v2\/media\/87"}],"wp:attachment":[{"href":"https:\/\/mmbobd2.com\/en\/wp-json\/wp\/v2\/media?parent=59"}],"wp:term":[{"taxonomy":"product_brand","embeddable":true,"href":"https:\/\/mmbobd2.com\/en\/wp-json\/wp\/v2\/product_brand?post=59"},{"taxonomy":"product_cat","embeddable":true,"href":"https:\/\/mmbobd2.com\/en\/wp-json\/wp\/v2\/product_cat?post=59"},{"taxonomy":"product_tag","embeddable":true,"href":"https:\/\/mmbobd2.com\/en\/wp-json\/wp\/v2\/product_tag?post=59"}],"curies":[{"name":"wp","href":"https:\/\/api.w.org\/{rel}","templated":true}]}}