{"id":64,"date":"2023-10-06T11:36:36","date_gmt":"2023-10-06T11:36:36","guid":{"rendered":"https:\/\/mmbobd2.com\/?post_type=product&#038;p=64"},"modified":"2026-03-09T17:56:03","modified_gmt":"2026-03-09T17:56:03","slug":"vw-odis-service-diagnostic","status":"publish","type":"product","link":"https:\/\/mmbobd2.com\/en\/product\/vw-odis-service-diagnostic\/","title":{"rendered":"VW ODIS SERVICE 9.1.0"},"content":{"rendered":"<p><audio class=\"audio-for-speech\"><\/audio><\/p>\n<div class=\"translate-tooltip-mtz translator-hidden\">\n<div class=\"header\">\n<div class=\"header-controls\">Translator<\/div>\n<div class=\"header-controls\"><\/div>\n<\/div>\n<div class=\"translated-text\">\n<div class=\"words\"><\/div>\n<div class=\"sentences\"><\/div>\n<\/div>\n<\/div>\n<p>&nbsp;<\/p>\n<h2 style=\"text-align: center;\"><strong>VW ODIS SERVICE 9.1.0<br \/>\n<\/strong><\/h2>\n<div class=\"flex flex-grow flex-col gap-3 max-w-full\">\n<div class=\"min-h-[20px] flex flex-col items-start gap-3 whitespace-pre-wrap break-words overflow-x-auto\">\n<div class=\"markdown prose w-full break-words dark:prose-invert dark\">\n<p>&nbsp;<\/p>\n<div class=\"flex flex-grow flex-col gap-3 max-w-full\">\n<div class=\"min-h-[20px] flex flex-col items-start gap-3 whitespace-pre-wrap break-words overflow-x-auto\">\n<div class=\"markdown prose w-full break-words dark:prose-invert dark\">\n<p>VW ODIS SERVICE <a href=\"https:\/\/mmbobd2.com\/product-category\/diagnostic-automobiles\/\">Diagnostic<\/a>, connu sous le nom d&rsquo;Offboard Diagnostic Information System (ODIS).Un outil de diagnostic automobile essentiel d\u00e9velopp\u00e9 par le groupe Volkswagen (VAG). Il prend en charge leurs marques de v\u00e9hicules de renomm\u00e9e mondiale, notamment Audi, Volkswagen, Seat, Skoda, Bentley, Lamborghini et MAN. Il a \u00e9t\u00e9 con\u00e7u pour r\u00e9pondre aux besoins des concessionnaires et des ateliers de r\u00e9paration agr\u00e9\u00e9s. Offrant un support complet pour les mod\u00e8les de ces marques, qu&rsquo;il s&rsquo;agisse de voitures de tourisme ou de v\u00e9hicules utilitaires.<\/p>\n<p>ODIS a \u00e9t\u00e9 d\u00e9velopp\u00e9 pour remplacer le c\u00e9l\u00e8bre VASPC. Il offre une interface utilisateur conviviale et des fonctionnalit\u00e9s avanc\u00e9es pour r\u00e9pondre aux besoins complexes de diagnostic et de r\u00e9paration des v\u00e9hicules modernes.<\/p>\n<h4><strong>Les principales fonctionnalit\u00e9s<\/strong><\/h4>\n<p>ODIS incluent la lecture et l&rsquo;effacement des codes d&rsquo;erreur. Ce qui permet de d\u00e9tecter rapidement les probl\u00e8mes \u00e9ventuels. De plus, il offre la possibilit\u00e9 de mesurer les param\u00e8tres en temps r\u00e9el. ce qui est essentiel pour diagnostiquer avec pr\u00e9cision les probl\u00e8mes de fonctionnement du v\u00e9hicule.<\/p>\n<p>VW ODIS SERVICE Diagnostic prend \u00e9galement en charge la configuration des modules de contr\u00f4le \u00e9lectronique. la programmation des cl\u00e9s et la mise \u00e0 jour des logiciels de contr\u00f4le \u00e9lectronique. Cette polyvalence en fait un outil inestimable pour les techniciens et les m\u00e9caniciens automobiles.<\/p>\n<p>Un autre aspect important de VW ODIS SERVICE Diagnostic est sa capacit\u00e9 \u00e0 r\u00e9initialiser les indicateurs de service. Ce qui permet de g\u00e9rer efficacement l&rsquo;entretien r\u00e9gulier et les r\u00e9parations des v\u00e9hicules.<\/p>\n<p>En outre, ODIS est capable de diagnostiquer une large gamme de syst\u00e8mes de v\u00e9hicules. Notamment le syst\u00e8me de freinage, le syst\u00e8me de climatisation, le syst\u00e8me de s\u00e9curit\u00e9, le syst\u00e8me de transmission, le syst\u00e8me d&rsquo;injection, et bien plus encore. Cela garantit que les techniciens disposent de l&rsquo;ensemble des outils n\u00e9cessaires pour identifier et r\u00e9soudre les probl\u00e8mes dans tous les domaines du v\u00e9hicule.<\/p>\n<p>L&rsquo;une des fonctionnalit\u00e9s les plus appr\u00e9ci\u00e9es de ODIS est sa fonction de recherche de panne. Qui permet aux techniciens de localiser rapidement les probl\u00e8mes potentiels, facilitant ainsi une r\u00e9paration rapide et efficace. Cette fonctionnalit\u00e9 contribue \u00e0 augmenter la productivit\u00e9 de l&rsquo;atelier et \u00e0 garantir que les v\u00e9hicules sont remis en service rapidement.<\/p>\n<p>En conclusion, le logiciel VW ODIS SERVICE Diagnostic est un outil de diagnostic automobile. Essentiel pour les professionnels de l&rsquo;industrie automobile. Que ce soit pour les diagnostics de routine, les mises \u00e0 jour logicielles ou les r\u00e9parations plus complexes. ODIS est l&rsquo;outil id\u00e9al pour les ateliers de r\u00e9paration et les concessionnaires travaillant sur les marques du groupe <a href=\"https:\/\/fr.wikipedia.org\/wiki\/Volkswagen\">Volkswagen<\/a>.<\/p>\n<\/div>\n<\/div>\n<\/div>\n<\/div>\n<\/div>\n<\/div>\n<p>Compatible sur Windows 8\/10\/11<\/p>\n","protected":false},"excerpt":{"rendered":"<p><audio class=\"audio-for-speech\"><\/audio><\/p>\n<div class=\"translate-tooltip-mtz translator-hidden\">\n<div class=\"header\">\n<div class=\"header-controls\">Translator<\/div>\n<div class=\"header-controls\"><\/div>\n<\/div>\n<div class=\"translated-text\">\n<div class=\"words\"><\/div>\n<div class=\"sentences\"><\/div>\n<\/div>\n<\/div>\n<p>&nbsp;<\/p>\n<p><audio class=\"audio-for-speech\"><\/audio><\/p>\n<div class=\"translate-tooltip-mtz translator-hidden\">\n<div class=\"header\">\n<div class=\"header-controls\">Translator<\/div>\n<div class=\"header-controls\"><\/div>\n<\/div>\n<div class=\"translated-text\">\n<div class=\"words\"><\/div>\n<div class=\"sentences\"><\/div>\n<\/div>\n<\/div>\n<p>&nbsp;<\/p>\n<p>D\u00e9couvrez ODIS SERVICE 9.1.0 &#8211; L&rsquo;outil de diagnostic automobile essentiel pour les marques Volkswagen (VAG) sur Windows 8\/10\/11.<\/p>","protected":false},"featured_media":92,"template":"","meta":[],"product_brand":[],"product_cat":[16],"product_tag":[],"class_list":{"0":"post-64","1":"product","2":"type-product","3":"status-publish","4":"has-post-thumbnail","6":"product_cat-diagnostic-automobiles","8":"first","9":"instock","10":"downloadable","11":"virtual","12":"purchasable","13":"product-type-simple"},"yoast_head":"<!-- This site is optimized with the Yoast SEO plugin v27.4 - https:\/\/yoast.com\/product\/yoast-seo-wordpress\/ -->\n<title>VW ODIS SERVICE Diagnostic MMB OBD2 SOFTWARE<\/title>\n<meta name=\"description\" content=\"VW ODIS SERVICE Diagnostic , d\u00e9velopp\u00e9 par VW pour diagnostiquer les v\u00e9hicules du groupe VAG (Audi, Volkswagen, Seat, Skoda, Lamborghini, Bentley).\" \/>\n<meta name=\"robots\" content=\"index, follow, max-snippet:-1, max-image-preview:large, max-video-preview:-1\" \/>\n<link rel=\"canonical\" href=\"https:\/\/mmbobd2.com\/en\/product\/vw-odis-service-diagnostic\/\" \/>\n<meta property=\"og:locale\" content=\"en_GB\" \/>\n<meta property=\"og:type\" content=\"article\" \/>\n<meta property=\"og:title\" content=\"ODIS SERVICE 9.1.0\" \/>\n<meta property=\"og:description\" content=\"Explorez ODIS SERVICE 9.1.0, le logiciel de diagnostic automobile de Volkswagen (VAG) pour Audi, Volkswagen, Seat, Skoda, Bentley, Lamborghini et MAN. R\u00e9alisez des diagnostics pr\u00e9cis, des r\u00e9initialisations de service et plus encore. Restez \u00e0 la pointe de la technologie automobile avec MMB Software Automotive. #ODIS #Diagnostics #MMBSoftwareAutomotive\" \/>\n<meta property=\"og:url\" content=\"https:\/\/mmbobd2.com\/en\/product\/vw-odis-service-diagnostic\/\" \/>\n<meta property=\"og:site_name\" content=\"MMB OBD2 SOFTWARE\" \/>\n<meta property=\"article:publisher\" content=\"https:\/\/www.facebook.com\/profile.php?id=61552159950965\" \/>\n<meta property=\"article:modified_time\" content=\"2026-03-09T17:56:03+00:00\" \/>\n<meta property=\"og:image\" content=\"https:\/\/mmbobd2.com\/wp-content\/uploads\/2023\/10\/ODIS.jpg\" \/>\n\t<meta property=\"og:image:width\" content=\"1000\" \/>\n\t<meta property=\"og:image:height\" content=\"1000\" \/>\n\t<meta property=\"og:image:type\" content=\"image\/jpeg\" \/>\n<meta name=\"twitter:card\" content=\"summary_large_image\" \/>\n<meta name=\"twitter:label1\" content=\"Estimated reading time\" \/>\n\t<meta name=\"twitter:data1\" content=\"3 minutes\" \/>\n<script type=\"application\/ld+json\" class=\"yoast-schema-graph\">{\"@context\":\"https:\\\/\\\/schema.org\",\"@graph\":[{\"@type\":\"WebPage\",\"@id\":\"https:\\\/\\\/mmbobd2.com\\\/product\\\/vw-odis-service-diagnostic\\\/\",\"url\":\"https:\\\/\\\/mmbobd2.com\\\/product\\\/vw-odis-service-diagnostic\\\/\",\"name\":\"VW ODIS SERVICE Diagnostic MMB OBD2 SOFTWARE\",\"isPartOf\":{\"@id\":\"https:\\\/\\\/mmbobd2.com\\\/#website\"},\"primaryImageOfPage\":{\"@id\":\"https:\\\/\\\/mmbobd2.com\\\/product\\\/vw-odis-service-diagnostic\\\/#primaryimage\"},\"image\":{\"@id\":\"https:\\\/\\\/mmbobd2.com\\\/product\\\/vw-odis-service-diagnostic\\\/#primaryimage\"},\"thumbnailUrl\":\"https:\\\/\\\/i0.wp.com\\\/mmbobd2.com\\\/wp-content\\\/uploads\\\/2023\\\/10\\\/ODIS.jpg?fit=1000%2C1000&ssl=1\",\"datePublished\":\"2023-10-06T11:36:36+00:00\",\"dateModified\":\"2026-03-09T17:56:03+00:00\",\"description\":\"VW ODIS SERVICE Diagnostic , d\u00e9velopp\u00e9 par VW pour diagnostiquer les v\u00e9hicules du groupe VAG (Audi, Volkswagen, Seat, Skoda, Lamborghini, Bentley).\",\"breadcrumb\":{\"@id\":\"https:\\\/\\\/mmbobd2.com\\\/product\\\/vw-odis-service-diagnostic\\\/#breadcrumb\"},\"inLanguage\":\"en-GB\",\"potentialAction\":[{\"@type\":\"ReadAction\",\"target\":[\"https:\\\/\\\/mmbobd2.com\\\/product\\\/vw-odis-service-diagnostic\\\/\"]}]},{\"@type\":\"ImageObject\",\"inLanguage\":\"en-GB\",\"@id\":\"https:\\\/\\\/mmbobd2.com\\\/product\\\/vw-odis-service-diagnostic\\\/#primaryimage\",\"url\":\"https:\\\/\\\/i0.wp.com\\\/mmbobd2.com\\\/wp-content\\\/uploads\\\/2023\\\/10\\\/ODIS.jpg?fit=1000%2C1000&ssl=1\",\"contentUrl\":\"https:\\\/\\\/i0.wp.com\\\/mmbobd2.com\\\/wp-content\\\/uploads\\\/2023\\\/10\\\/ODIS.jpg?fit=1000%2C1000&ssl=1\",\"width\":1000,\"height\":1000,\"caption\":\"VW ODIS SERVICE\"},{\"@type\":\"BreadcrumbList\",\"@id\":\"https:\\\/\\\/mmbobd2.com\\\/product\\\/vw-odis-service-diagnostic\\\/#breadcrumb\",\"itemListElement\":[{\"@type\":\"ListItem\",\"position\":1,\"name\":\"Accueil\",\"item\":\"https:\\\/\\\/mmbobd2.com\\\/\"},{\"@type\":\"ListItem\",\"position\":2,\"name\":\"Boutique\",\"item\":\"https:\\\/\\\/mmbobd2.com\\\/logiciels-de-diagnostic-automobiles\\\/\"},{\"@type\":\"ListItem\",\"position\":3,\"name\":\"VW ODIS SERVICE 9.1.0\"}]},{\"@type\":\"WebSite\",\"@id\":\"https:\\\/\\\/mmbobd2.com\\\/#website\",\"url\":\"https:\\\/\\\/mmbobd2.com\\\/\",\"name\":\"MMB OBD2 SOFTWARE\",\"description\":\"\",\"publisher\":{\"@id\":\"https:\\\/\\\/mmbobd2.com\\\/#organization\"},\"alternateName\":\"mmbsoftauto\",\"potentialAction\":[{\"@type\":\"SearchAction\",\"target\":{\"@type\":\"EntryPoint\",\"urlTemplate\":\"https:\\\/\\\/mmbobd2.com\\\/?s={search_term_string}\"},\"query-input\":{\"@type\":\"PropertyValueSpecification\",\"valueRequired\":true,\"valueName\":\"search_term_string\"}}],\"inLanguage\":\"en-GB\"},{\"@type\":\"Organization\",\"@id\":\"https:\\\/\\\/mmbobd2.com\\\/#organization\",\"name\":\"MMB COMPANY\",\"url\":\"https:\\\/\\\/mmbobd2.com\\\/\",\"logo\":{\"@type\":\"ImageObject\",\"inLanguage\":\"en-GB\",\"@id\":\"https:\\\/\\\/mmbobd2.com\\\/#\\\/schema\\\/logo\\\/image\\\/\",\"url\":\"https:\\\/\\\/mmbobd2.com\\\/wp-content\\\/uploads\\\/2023\\\/10\\\/LOGO-ROND-MMB-200.png\",\"contentUrl\":\"https:\\\/\\\/mmbobd2.com\\\/wp-content\\\/uploads\\\/2023\\\/10\\\/LOGO-ROND-MMB-200.png\",\"width\":200,\"height\":200,\"caption\":\"MMB COMPANY\"},\"image\":{\"@id\":\"https:\\\/\\\/mmbobd2.com\\\/#\\\/schema\\\/logo\\\/image\\\/\"},\"sameAs\":[\"https:\\\/\\\/www.facebook.com\\\/profile.php?id=61552159950965\"]}]}<\/script>\n<!-- \/ Yoast SEO plugin. -->","yoast_head_json":{"title":"VW ODIS SERVICE Diagnostic MMB OBD2 SOFTWARE","description":"VW ODIS SERVICE Diagnostic , d\u00e9velopp\u00e9 par VW pour diagnostiquer les v\u00e9hicules du groupe VAG (Audi, Volkswagen, Seat, Skoda, Lamborghini, Bentley).","robots":{"index":"index","follow":"follow","max-snippet":"max-snippet:-1","max-image-preview":"max-image-preview:large","max-video-preview":"max-video-preview:-1"},"canonical":"https:\/\/mmbobd2.com\/en\/product\/vw-odis-service-diagnostic\/","og_locale":"en_GB","og_type":"article","og_title":"ODIS SERVICE 9.1.0","og_description":"Explorez ODIS SERVICE 9.1.0, le logiciel de diagnostic automobile de Volkswagen (VAG) pour Audi, Volkswagen, Seat, Skoda, Bentley, Lamborghini et MAN. R\u00e9alisez des diagnostics pr\u00e9cis, des r\u00e9initialisations de service et plus encore. Restez \u00e0 la pointe de la technologie automobile avec MMB Software Automotive. #ODIS #Diagnostics #MMBSoftwareAutomotive","og_url":"https:\/\/mmbobd2.com\/en\/product\/vw-odis-service-diagnostic\/","og_site_name":"MMB OBD2 SOFTWARE","article_publisher":"https:\/\/www.facebook.com\/profile.php?id=61552159950965","article_modified_time":"2026-03-09T17:56:03+00:00","og_image":[{"width":1000,"height":1000,"url":"https:\/\/mmbobd2.com\/wp-content\/uploads\/2023\/10\/ODIS.jpg","type":"image\/jpeg"}],"twitter_card":"summary_large_image","twitter_misc":{"Estimated reading time":"3 minutes"},"schema":{"@context":"https:\/\/schema.org","@graph":[{"@type":"WebPage","@id":"https:\/\/mmbobd2.com\/product\/vw-odis-service-diagnostic\/","url":"https:\/\/mmbobd2.com\/product\/vw-odis-service-diagnostic\/","name":"VW ODIS SERVICE Diagnostic MMB OBD2 SOFTWARE","isPartOf":{"@id":"https:\/\/mmbobd2.com\/#website"},"primaryImageOfPage":{"@id":"https:\/\/mmbobd2.com\/product\/vw-odis-service-diagnostic\/#primaryimage"},"image":{"@id":"https:\/\/mmbobd2.com\/product\/vw-odis-service-diagnostic\/#primaryimage"},"thumbnailUrl":"https:\/\/i0.wp.com\/mmbobd2.com\/wp-content\/uploads\/2023\/10\/ODIS.jpg?fit=1000%2C1000&ssl=1","datePublished":"2023-10-06T11:36:36+00:00","dateModified":"2026-03-09T17:56:03+00:00","description":"VW ODIS SERVICE Diagnostic , d\u00e9velopp\u00e9 par VW pour diagnostiquer les v\u00e9hicules du groupe VAG (Audi, Volkswagen, Seat, Skoda, Lamborghini, Bentley).","breadcrumb":{"@id":"https:\/\/mmbobd2.com\/product\/vw-odis-service-diagnostic\/#breadcrumb"},"inLanguage":"en-GB","potentialAction":[{"@type":"ReadAction","target":["https:\/\/mmbobd2.com\/product\/vw-odis-service-diagnostic\/"]}]},{"@type":"ImageObject","inLanguage":"en-GB","@id":"https:\/\/mmbobd2.com\/product\/vw-odis-service-diagnostic\/#primaryimage","url":"https:\/\/i0.wp.com\/mmbobd2.com\/wp-content\/uploads\/2023\/10\/ODIS.jpg?fit=1000%2C1000&ssl=1","contentUrl":"https:\/\/i0.wp.com\/mmbobd2.com\/wp-content\/uploads\/2023\/10\/ODIS.jpg?fit=1000%2C1000&ssl=1","width":1000,"height":1000,"caption":"VW ODIS SERVICE"},{"@type":"BreadcrumbList","@id":"https:\/\/mmbobd2.com\/product\/vw-odis-service-diagnostic\/#breadcrumb","itemListElement":[{"@type":"ListItem","position":1,"name":"Accueil","item":"https:\/\/mmbobd2.com\/"},{"@type":"ListItem","position":2,"name":"Boutique","item":"https:\/\/mmbobd2.com\/logiciels-de-diagnostic-automobiles\/"},{"@type":"ListItem","position":3,"name":"VW ODIS SERVICE 9.1.0"}]},{"@type":"WebSite","@id":"https:\/\/mmbobd2.com\/#website","url":"https:\/\/mmbobd2.com\/","name":"MMB OBD2 SOFTWARE","description":"","publisher":{"@id":"https:\/\/mmbobd2.com\/#organization"},"alternateName":"mmbsoftauto","potentialAction":[{"@type":"SearchAction","target":{"@type":"EntryPoint","urlTemplate":"https:\/\/mmbobd2.com\/?s={search_term_string}"},"query-input":{"@type":"PropertyValueSpecification","valueRequired":true,"valueName":"search_term_string"}}],"inLanguage":"en-GB"},{"@type":"Organization","@id":"https:\/\/mmbobd2.com\/#organization","name":"MMB COMPANY","url":"https:\/\/mmbobd2.com\/","logo":{"@type":"ImageObject","inLanguage":"en-GB","@id":"https:\/\/mmbobd2.com\/#\/schema\/logo\/image\/","url":"https:\/\/mmbobd2.com\/wp-content\/uploads\/2023\/10\/LOGO-ROND-MMB-200.png","contentUrl":"https:\/\/mmbobd2.com\/wp-content\/uploads\/2023\/10\/LOGO-ROND-MMB-200.png","width":200,"height":200,"caption":"MMB COMPANY"},"image":{"@id":"https:\/\/mmbobd2.com\/#\/schema\/logo\/image\/"},"sameAs":["https:\/\/www.facebook.com\/profile.php?id=61552159950965"]}]}},"_links":{"self":[{"href":"https:\/\/mmbobd2.com\/en\/wp-json\/wp\/v2\/product\/64","targetHints":{"allow":["GET"]}}],"collection":[{"href":"https:\/\/mmbobd2.com\/en\/wp-json\/wp\/v2\/product"}],"about":[{"href":"https:\/\/mmbobd2.com\/en\/wp-json\/wp\/v2\/types\/product"}],"wp:featuredmedia":[{"embeddable":true,"href":"https:\/\/mmbobd2.com\/en\/wp-json\/wp\/v2\/media\/92"}],"wp:attachment":[{"href":"https:\/\/mmbobd2.com\/en\/wp-json\/wp\/v2\/media?parent=64"}],"wp:term":[{"taxonomy":"product_brand","embeddable":true,"href":"https:\/\/mmbobd2.com\/en\/wp-json\/wp\/v2\/product_brand?post=64"},{"taxonomy":"product_cat","embeddable":true,"href":"https:\/\/mmbobd2.com\/en\/wp-json\/wp\/v2\/product_cat?post=64"},{"taxonomy":"product_tag","embeddable":true,"href":"https:\/\/mmbobd2.com\/en\/wp-json\/wp\/v2\/product_tag?post=64"}],"curies":[{"name":"wp","href":"https:\/\/api.w.org\/{rel}","templated":true}]}}