{"id":65,"date":"2023-10-06T11:36:37","date_gmt":"2023-10-06T11:36:37","guid":{"rendered":"https:\/\/mmbobd2.com\/?post_type=product&#038;p=65"},"modified":"2024-01-15T12:53:35","modified_gmt":"2024-01-15T12:53:35","slug":"op-com-diagnostic-groupe-opel","status":"publish","type":"product","link":"https:\/\/mmbobd2.com\/en\/product\/op-com-diagnostic-groupe-opel\/","title":{"rendered":"OPEL OP-COM 2023"},"content":{"rendered":"<p><audio class=\"audio-for-speech\"><\/audio><\/p>\n<div class=\"translate-tooltip-mtz translator-hidden\">\n<div class=\"header\">\n<div class=\"header-controls\">Translator<\/div>\n<div class=\"header-controls\"><\/div>\n<\/div>\n<div class=\"translated-text\">\n<div class=\"words\"><\/div>\n<div class=\"sentences\"><\/div>\n<\/div>\n<\/div>\n<p>&nbsp;<\/p>\n<h2 style=\"text-align: center;\"><strong>OP-COM 2023<br \/>\n<\/strong><\/h2>\n<p><strong>\u00a0<\/strong><\/p>\n<p><strong>Fonctions de la valise :<\/strong><\/p>\n<p>Couvre presque toutes les voitures Opel, m\u00eame les nouvelles voitures avec un diagnostic bas\u00e9 sur CAN-BUS, telles que vectra-c, Astra-H, zafira-b.<\/p>\n<p>OP-COM <a href=\"https:\/\/mmbobd2.com\/en\/product-category\/diagnostic-automobiles\/\">Diagnostic<\/a> Groupe <a href=\"https:\/\/www.opel.com\/\">Opel<\/a> vous permet de lire et d&rsquo;effacer les codes d&rsquo;erreur, de vous montrer des donn\u00e9es en direct.<\/p>\n<p>Le programme prend en charge de nombreuses unit\u00e9s de contr\u00f4le. Comme le moteur, la Transmission automatique, l&rsquo;abs, l&rsquo;airbag, le module de refroidissement du moteur, groupe d&rsquo;instruments, contr\u00f4le \u00e9lectronique du climat, unit\u00e9 de contr\u00f4le du corps etc&#8230;<\/p>\n<p>Comme Opel utilise de nombreuses broches dans le connecteur OBD, l&rsquo;interface de diagnostic fonctionne comme un multiplexeur et s\u00e9lectionne la broche appropri\u00e9e pour la communication.<\/p>\n<p>PIN3, PIN7, PIN8, PIN12 = lien s\u00e9rie (ISO9141, KW81, KW82, KWP2000)<br \/>\nLes codes d&rsquo;erreur seront affich\u00e9s avec toutes les informations disponibles :<\/p>\n<p>Description compl\u00e8te du code de d\u00e9faut<br \/>\nInformations compl\u00e8tes sur l&rsquo;\u00e9tat (pr\u00e9sent, non pr\u00e9sent, Intermittent)<\/p>\n<p>Possibilit\u00e9 d&rsquo;imprimer, enregistrer ou copier les codes d&rsquo;erreur dans toute autre application. Dans la fen\u00eatre des codes d&rsquo;erreur, vous pouvez aller directement \u00e0 la fen\u00eatre des blocs de mesure.<\/p>\n<p>Le programme OP-COM Diagnostic Groupe Opel. Vous montre les informations du bloc de mesure sur de nombreux modules de contr\u00f4le. Vous pouvez choisir n&rsquo;importe quoi dans la liste par vous-m\u00eame.<\/p>\n<p>Le programme est capable \u00e9galement d&rsquo;afficher 8 param\u00e8tres de bloc de mesure simultan\u00e9ment. Le taux d&rsquo;\u00e9chantillonnage d\u00e9pend principalement du protocole de communication. Par exemple, l&rsquo;ancien syst\u00e8me, comme Om\u00e9ga B X 25 DT Moteur (ISO-9141-2) peut \u00eatre tr\u00e8s lent, en cours de communication, tandis que de nouvelles Multec, ou les unit\u00e9s bosch sont plus rapides (en utilisant KWP-2000), et les derni\u00e8res unit\u00e9s de contr\u00f4le bas\u00e9es sur CAN sont tr\u00e8s rapides!<\/p>\n<p>&nbsp;<\/p>\n<p>Compatibe Windows 7\/8\/10\/11<\/p>\n<p>&nbsp;<\/p>","protected":false},"excerpt":{"rendered":"<p><audio class=\"audio-for-speech\"><\/audio><\/p>\n<div class=\"translate-tooltip-mtz translator-hidden\">\n<div class=\"header\">\n<div class=\"header-controls\">Translator<\/div>\n<div class=\"header-controls\"><\/div>\n<\/div>\n<div class=\"translated-text\">\n<div class=\"words\"><\/div>\n<div class=\"sentences\"><\/div>\n<\/div>\n<\/div>\n<p>&nbsp;<\/p>\n<p><audio class=\"audio-for-speech\"><\/audio><\/p>\n<div class=\"translate-tooltip-mtz translator-hidden\">\n<div class=\"header\">\n<div class=\"header-controls\">Translator<\/div>\n<div class=\"header-controls\"><\/div>\n<\/div>\n<div class=\"translated-text\">\n<div class=\"words\"><\/div>\n<div class=\"sentences\"><\/div>\n<\/div>\n<\/div>\n<p>&nbsp;<\/p>\n<p>OP-COM 2023 : La valise de diagnostic Opel ultime pour la lecture des codes d&rsquo;erreur, les donn\u00e9es en direct et bien plus encore.<\/p>","protected":false},"featured_media":93,"template":"","meta":[],"product_brand":[],"product_cat":[16],"product_tag":[],"class_list":{"0":"post-65","1":"product","2":"type-product","3":"status-publish","4":"has-post-thumbnail","6":"product_cat-diagnostic-automobiles","8":"first","9":"instock","10":"downloadable","11":"virtual","12":"purchasable","13":"product-type-simple"},"yoast_head":"<!-- This site is optimized with the Yoast SEO plugin v27.4 - https:\/\/yoast.com\/product\/yoast-seo-wordpress\/ -->\n<title>OP-COM Diagnostic Groupe Opel MMB OBD2 SOFTWARE<\/title>\n<meta name=\"description\" content=\"OP-COM Diagnostic Groupe Opel. Lecture et effacement des codes d&#039;erreur, donn\u00e9es en direct, test de sortie. Compatible avec de nombreuses unit\u00e9s de contr\u00f4le\" \/>\n<meta name=\"robots\" content=\"index, follow, max-snippet:-1, max-image-preview:large, max-video-preview:-1\" \/>\n<link rel=\"canonical\" href=\"https:\/\/mmbobd2.com\/en\/product\/op-com-diagnostic-groupe-opel\/\" \/>\n<meta property=\"og:locale\" content=\"en_GB\" \/>\n<meta property=\"og:type\" content=\"article\" \/>\n<meta property=\"og:title\" content=\"OP-COM 2023\" \/>\n<meta property=\"og:description\" content=\"D\u00e9couvrez OP-COM 2023, l&#039;outil de diagnostic incontournable pour les voitures Opel. Il lit les codes d&#039;erreur, affiche des donn\u00e9es en direct et prend en charge de nombreuses unit\u00e9s de contr\u00f4le. Simplifiez vos diagnostics avec MMB Software Automotive. #OPCOM2023 #Opel #Diagnostic #MMBSoftwareAutomotive\" \/>\n<meta property=\"og:url\" content=\"https:\/\/mmbobd2.com\/en\/product\/op-com-diagnostic-groupe-opel\/\" \/>\n<meta property=\"og:site_name\" content=\"MMB OBD2 SOFTWARE\" \/>\n<meta property=\"article:publisher\" content=\"https:\/\/www.facebook.com\/profile.php?id=61552159950965\" \/>\n<meta property=\"article:modified_time\" content=\"2024-01-15T12:53:35+00:00\" \/>\n<meta property=\"og:image\" content=\"https:\/\/mmbobd2.com\/wp-content\/uploads\/2023\/10\/opcom.jpg\" \/>\n\t<meta property=\"og:image:width\" content=\"1000\" \/>\n\t<meta property=\"og:image:height\" content=\"1000\" \/>\n\t<meta property=\"og:image:type\" content=\"image\/jpeg\" \/>\n<meta name=\"twitter:card\" content=\"summary_large_image\" \/>\n<meta name=\"twitter:label1\" content=\"Estimated reading time\" \/>\n\t<meta name=\"twitter:data1\" content=\"2 minutes\" \/>\n<script type=\"application\/ld+json\" class=\"yoast-schema-graph\">{\"@context\":\"https:\\\/\\\/schema.org\",\"@graph\":[{\"@type\":\"WebPage\",\"@id\":\"https:\\\/\\\/mmbobd2.com\\\/product\\\/op-com-diagnostic-groupe-opel\\\/\",\"url\":\"https:\\\/\\\/mmbobd2.com\\\/product\\\/op-com-diagnostic-groupe-opel\\\/\",\"name\":\"OP-COM Diagnostic Groupe Opel MMB OBD2 SOFTWARE\",\"isPartOf\":{\"@id\":\"https:\\\/\\\/mmbobd2.com\\\/#website\"},\"primaryImageOfPage\":{\"@id\":\"https:\\\/\\\/mmbobd2.com\\\/product\\\/op-com-diagnostic-groupe-opel\\\/#primaryimage\"},\"image\":{\"@id\":\"https:\\\/\\\/mmbobd2.com\\\/product\\\/op-com-diagnostic-groupe-opel\\\/#primaryimage\"},\"thumbnailUrl\":\"https:\\\/\\\/i0.wp.com\\\/mmbobd2.com\\\/wp-content\\\/uploads\\\/2023\\\/10\\\/opcom.jpg?fit=1000%2C1000&ssl=1\",\"datePublished\":\"2023-10-06T11:36:37+00:00\",\"dateModified\":\"2024-01-15T12:53:35+00:00\",\"description\":\"OP-COM Diagnostic Groupe Opel. Lecture et effacement des codes d'erreur, donn\u00e9es en direct, test de sortie. Compatible avec de nombreuses unit\u00e9s de contr\u00f4le\",\"breadcrumb\":{\"@id\":\"https:\\\/\\\/mmbobd2.com\\\/product\\\/op-com-diagnostic-groupe-opel\\\/#breadcrumb\"},\"inLanguage\":\"en-GB\",\"potentialAction\":[{\"@type\":\"ReadAction\",\"target\":[\"https:\\\/\\\/mmbobd2.com\\\/product\\\/op-com-diagnostic-groupe-opel\\\/\"]}]},{\"@type\":\"ImageObject\",\"inLanguage\":\"en-GB\",\"@id\":\"https:\\\/\\\/mmbobd2.com\\\/product\\\/op-com-diagnostic-groupe-opel\\\/#primaryimage\",\"url\":\"https:\\\/\\\/i0.wp.com\\\/mmbobd2.com\\\/wp-content\\\/uploads\\\/2023\\\/10\\\/opcom.jpg?fit=1000%2C1000&ssl=1\",\"contentUrl\":\"https:\\\/\\\/i0.wp.com\\\/mmbobd2.com\\\/wp-content\\\/uploads\\\/2023\\\/10\\\/opcom.jpg?fit=1000%2C1000&ssl=1\",\"width\":1000,\"height\":1000,\"caption\":\"OPEL OP-COM 2023\"},{\"@type\":\"BreadcrumbList\",\"@id\":\"https:\\\/\\\/mmbobd2.com\\\/product\\\/op-com-diagnostic-groupe-opel\\\/#breadcrumb\",\"itemListElement\":[{\"@type\":\"ListItem\",\"position\":1,\"name\":\"Accueil\",\"item\":\"https:\\\/\\\/mmbobd2.com\\\/\"},{\"@type\":\"ListItem\",\"position\":2,\"name\":\"Boutique\",\"item\":\"https:\\\/\\\/mmbobd2.com\\\/logiciels-de-diagnostic-automobiles\\\/\"},{\"@type\":\"ListItem\",\"position\":3,\"name\":\"OPEL OP-COM 2023\"}]},{\"@type\":\"WebSite\",\"@id\":\"https:\\\/\\\/mmbobd2.com\\\/#website\",\"url\":\"https:\\\/\\\/mmbobd2.com\\\/\",\"name\":\"MMB OBD2 SOFTWARE\",\"description\":\"\",\"publisher\":{\"@id\":\"https:\\\/\\\/mmbobd2.com\\\/#organization\"},\"alternateName\":\"mmbsoftauto\",\"potentialAction\":[{\"@type\":\"SearchAction\",\"target\":{\"@type\":\"EntryPoint\",\"urlTemplate\":\"https:\\\/\\\/mmbobd2.com\\\/?s={search_term_string}\"},\"query-input\":{\"@type\":\"PropertyValueSpecification\",\"valueRequired\":true,\"valueName\":\"search_term_string\"}}],\"inLanguage\":\"en-GB\"},{\"@type\":\"Organization\",\"@id\":\"https:\\\/\\\/mmbobd2.com\\\/#organization\",\"name\":\"MMB COMPANY\",\"url\":\"https:\\\/\\\/mmbobd2.com\\\/\",\"logo\":{\"@type\":\"ImageObject\",\"inLanguage\":\"en-GB\",\"@id\":\"https:\\\/\\\/mmbobd2.com\\\/#\\\/schema\\\/logo\\\/image\\\/\",\"url\":\"https:\\\/\\\/mmbobd2.com\\\/wp-content\\\/uploads\\\/2023\\\/10\\\/LOGO-ROND-MMB-200.png\",\"contentUrl\":\"https:\\\/\\\/mmbobd2.com\\\/wp-content\\\/uploads\\\/2023\\\/10\\\/LOGO-ROND-MMB-200.png\",\"width\":200,\"height\":200,\"caption\":\"MMB COMPANY\"},\"image\":{\"@id\":\"https:\\\/\\\/mmbobd2.com\\\/#\\\/schema\\\/logo\\\/image\\\/\"},\"sameAs\":[\"https:\\\/\\\/www.facebook.com\\\/profile.php?id=61552159950965\"]}]}<\/script>\n<!-- \/ Yoast SEO plugin. -->","yoast_head_json":{"title":"OP-COM Diagnostic Groupe Opel MMB OBD2 SOFTWARE","description":"OP-COM Diagnostic Groupe Opel. Lecture et effacement des codes d'erreur, donn\u00e9es en direct, test de sortie. Compatible avec de nombreuses unit\u00e9s de contr\u00f4le","robots":{"index":"index","follow":"follow","max-snippet":"max-snippet:-1","max-image-preview":"max-image-preview:large","max-video-preview":"max-video-preview:-1"},"canonical":"https:\/\/mmbobd2.com\/en\/product\/op-com-diagnostic-groupe-opel\/","og_locale":"en_GB","og_type":"article","og_title":"OP-COM 2023","og_description":"D\u00e9couvrez OP-COM 2023, l'outil de diagnostic incontournable pour les voitures Opel. Il lit les codes d'erreur, affiche des donn\u00e9es en direct et prend en charge de nombreuses unit\u00e9s de contr\u00f4le. Simplifiez vos diagnostics avec MMB Software Automotive. #OPCOM2023 #Opel #Diagnostic #MMBSoftwareAutomotive","og_url":"https:\/\/mmbobd2.com\/en\/product\/op-com-diagnostic-groupe-opel\/","og_site_name":"MMB OBD2 SOFTWARE","article_publisher":"https:\/\/www.facebook.com\/profile.php?id=61552159950965","article_modified_time":"2024-01-15T12:53:35+00:00","og_image":[{"width":1000,"height":1000,"url":"https:\/\/mmbobd2.com\/wp-content\/uploads\/2023\/10\/opcom.jpg","type":"image\/jpeg"}],"twitter_card":"summary_large_image","twitter_misc":{"Estimated reading time":"2 minutes"},"schema":{"@context":"https:\/\/schema.org","@graph":[{"@type":"WebPage","@id":"https:\/\/mmbobd2.com\/product\/op-com-diagnostic-groupe-opel\/","url":"https:\/\/mmbobd2.com\/product\/op-com-diagnostic-groupe-opel\/","name":"OP-COM Diagnostic Groupe Opel MMB OBD2 SOFTWARE","isPartOf":{"@id":"https:\/\/mmbobd2.com\/#website"},"primaryImageOfPage":{"@id":"https:\/\/mmbobd2.com\/product\/op-com-diagnostic-groupe-opel\/#primaryimage"},"image":{"@id":"https:\/\/mmbobd2.com\/product\/op-com-diagnostic-groupe-opel\/#primaryimage"},"thumbnailUrl":"https:\/\/i0.wp.com\/mmbobd2.com\/wp-content\/uploads\/2023\/10\/opcom.jpg?fit=1000%2C1000&ssl=1","datePublished":"2023-10-06T11:36:37+00:00","dateModified":"2024-01-15T12:53:35+00:00","description":"OP-COM Diagnostic Groupe Opel. Lecture et effacement des codes d'erreur, donn\u00e9es en direct, test de sortie. Compatible avec de nombreuses unit\u00e9s de contr\u00f4le","breadcrumb":{"@id":"https:\/\/mmbobd2.com\/product\/op-com-diagnostic-groupe-opel\/#breadcrumb"},"inLanguage":"en-GB","potentialAction":[{"@type":"ReadAction","target":["https:\/\/mmbobd2.com\/product\/op-com-diagnostic-groupe-opel\/"]}]},{"@type":"ImageObject","inLanguage":"en-GB","@id":"https:\/\/mmbobd2.com\/product\/op-com-diagnostic-groupe-opel\/#primaryimage","url":"https:\/\/i0.wp.com\/mmbobd2.com\/wp-content\/uploads\/2023\/10\/opcom.jpg?fit=1000%2C1000&ssl=1","contentUrl":"https:\/\/i0.wp.com\/mmbobd2.com\/wp-content\/uploads\/2023\/10\/opcom.jpg?fit=1000%2C1000&ssl=1","width":1000,"height":1000,"caption":"OPEL OP-COM 2023"},{"@type":"BreadcrumbList","@id":"https:\/\/mmbobd2.com\/product\/op-com-diagnostic-groupe-opel\/#breadcrumb","itemListElement":[{"@type":"ListItem","position":1,"name":"Accueil","item":"https:\/\/mmbobd2.com\/"},{"@type":"ListItem","position":2,"name":"Boutique","item":"https:\/\/mmbobd2.com\/logiciels-de-diagnostic-automobiles\/"},{"@type":"ListItem","position":3,"name":"OPEL OP-COM 2023"}]},{"@type":"WebSite","@id":"https:\/\/mmbobd2.com\/#website","url":"https:\/\/mmbobd2.com\/","name":"MMB OBD2 SOFTWARE","description":"","publisher":{"@id":"https:\/\/mmbobd2.com\/#organization"},"alternateName":"mmbsoftauto","potentialAction":[{"@type":"SearchAction","target":{"@type":"EntryPoint","urlTemplate":"https:\/\/mmbobd2.com\/?s={search_term_string}"},"query-input":{"@type":"PropertyValueSpecification","valueRequired":true,"valueName":"search_term_string"}}],"inLanguage":"en-GB"},{"@type":"Organization","@id":"https:\/\/mmbobd2.com\/#organization","name":"MMB COMPANY","url":"https:\/\/mmbobd2.com\/","logo":{"@type":"ImageObject","inLanguage":"en-GB","@id":"https:\/\/mmbobd2.com\/#\/schema\/logo\/image\/","url":"https:\/\/mmbobd2.com\/wp-content\/uploads\/2023\/10\/LOGO-ROND-MMB-200.png","contentUrl":"https:\/\/mmbobd2.com\/wp-content\/uploads\/2023\/10\/LOGO-ROND-MMB-200.png","width":200,"height":200,"caption":"MMB COMPANY"},"image":{"@id":"https:\/\/mmbobd2.com\/#\/schema\/logo\/image\/"},"sameAs":["https:\/\/www.facebook.com\/profile.php?id=61552159950965"]}]}},"_links":{"self":[{"href":"https:\/\/mmbobd2.com\/en\/wp-json\/wp\/v2\/product\/65","targetHints":{"allow":["GET"]}}],"collection":[{"href":"https:\/\/mmbobd2.com\/en\/wp-json\/wp\/v2\/product"}],"about":[{"href":"https:\/\/mmbobd2.com\/en\/wp-json\/wp\/v2\/types\/product"}],"wp:featuredmedia":[{"embeddable":true,"href":"https:\/\/mmbobd2.com\/en\/wp-json\/wp\/v2\/media\/93"}],"wp:attachment":[{"href":"https:\/\/mmbobd2.com\/en\/wp-json\/wp\/v2\/media?parent=65"}],"wp:term":[{"taxonomy":"product_brand","embeddable":true,"href":"https:\/\/mmbobd2.com\/en\/wp-json\/wp\/v2\/product_brand?post=65"},{"taxonomy":"product_cat","embeddable":true,"href":"https:\/\/mmbobd2.com\/en\/wp-json\/wp\/v2\/product_cat?post=65"},{"taxonomy":"product_tag","embeddable":true,"href":"https:\/\/mmbobd2.com\/en\/wp-json\/wp\/v2\/product_tag?post=65"}],"curies":[{"name":"wp","href":"https:\/\/api.w.org\/{rel}","templated":true}]}}