{"id":68,"date":"2023-10-06T11:36:37","date_gmt":"2023-10-06T11:36:37","guid":{"rendered":"https:\/\/mmbobd2.com\/?post_type=product&#038;p=68"},"modified":"2023-11-07T22:56:46","modified_gmt":"2023-11-07T22:56:46","slug":"renolink-logiciel-de-diagnostic","status":"publish","type":"product","link":"https:\/\/mmbobd2.com\/en\/product\/renolink-logiciel-de-diagnostic\/","title":{"rendered":"RENAULT DACIA RENOLINK 2.07"},"content":{"rendered":"<p><audio class=\"audio-for-speech\"><\/audio><\/p>\n<div class=\"translate-tooltip-mtz translator-hidden\">\n<div class=\"header\">\n<div class=\"header-controls\">Translator<\/div>\n<div class=\"header-controls\"><\/div>\n<\/div>\n<div class=\"translated-text\">\n<div class=\"words\"><\/div>\n<div class=\"sentences\"><\/div>\n<\/div>\n<\/div>\n<p>&nbsp;<\/p>\n<h2 style=\"text-align: center;\"><strong>RENOLINK 2.07<\/strong><\/h2>\n<p>&nbsp;<\/p>\n<div class=\"flex flex-grow flex-col gap-3 max-w-full\">\n<div class=\"min-h-[20px] flex flex-col items-start gap-3 whitespace-pre-wrap break-words overflow-x-auto\">\n<div class=\"markdown prose w-full break-words dark:prose-invert dark\">\n<p>RENOLINK logiciel de <a href=\"https:\/\/mmbobd2.com\/product-category\/diagnostic-automobiles\/\">diagnostic<\/a> de pointe con\u00e7u pour les v\u00e9hicules <a href=\"https:\/\/www.renault.fr\/?ORIGIN=F6liens-commerciaux&amp;searchintent=&amp;CAMPAIGN=fr-fr-r-l-def-brand-all_products-na-go-classic-marque_renault_go_def_exact&amp;utm_campaign=fr-fr-r-l-def-brand-all_products-na-go-classic-marque_renault_go_def_exact&amp;utm_medium=cpc&amp;utm_source=google&amp;utm_content=generic-na-brand-ao-exact-contextual-def_renault-renault&amp;utm_term=renault&amp;gclsrc=aw.ds&amp;&amp;gclid=CjwKCAjwyY6pBhA9EiwAMzmfwSQYao2x30dw2KMQCftRV-_8FllMSEfXAypKRGCKTNw9v65cDoDFxRoCz-gQAvD_BwE\">Renault<\/a>, y compris les mod\u00e8les les plus r\u00e9cents. Cet outil professionnel offre une gamme compl\u00e8te de fonctionnalit\u00e9s de diagnostic et de programmation, ce qui en fait un choix essentiel pour les propri\u00e9taires et les techniciens travaillant sur des voitures de cette marque.<\/p>\n<p>Les principales fonctionnalit\u00e9s de RENOLINK logiciel de diagnostic comprennent un diagnostic classique avec la lecture des codes d\u00e9faut et leur effacement, ce qui permet d&rsquo;identifier rapidement les probl\u00e8mes potentiels et d&rsquo;effacer les codes d&rsquo;erreur pour une r\u00e9paration pr\u00e9cise.<\/p>\n<p>Il offre \u00e9galement la capacit\u00e9 de lire et d&rsquo;\u00e9crire sur les ECU Flash avec Eprom, ce qui permet de personnaliser davantage les param\u00e8tres \u00e9lectroniques du v\u00e9hicule. De plus, RENOLINK peut r\u00e9initialiser l&rsquo;ECU, ce qui peut \u00eatre utile lors de la r\u00e9solution de probl\u00e8mes li\u00e9s \u00e0 l&rsquo;\u00e9lectronique du moteur.<\/p>\n<p>Ce logiciel de diagnostic est \u00e9galement capable de r\u00e9initialiser le Crash Airbag et le syst\u00e8me Airbag, ce qui est essentiel pour garantir la s\u00e9curit\u00e9 du conducteur et des passagers en cas d&rsquo;accident.<\/p>\n<p>L&rsquo;une des fonctionnalit\u00e9s les plus importantes de RENOLINK est la programmation de cl\u00e9s, ce qui permet aux propri\u00e9taires de v\u00e9hicules Renault de g\u00e9rer leurs cl\u00e9s en toute s\u00e9curit\u00e9. De plus, il permet la programmation des \u00e9l\u00e9ments du tableau de bord et des modules TDB (cluster), ce qui am\u00e9liore la personnalisation de l&rsquo;exp\u00e9rience de conduite.<\/p>\n<p>RENOLINK logiciel de diagnostic\u00a0 prend \u00e9galement en charge la programmation des modules ECM et UCH, ce qui facilite la gestion de l&rsquo;\u00e9lectronique du v\u00e9hicule.<\/p>\n<p>Dans l&rsquo;ensemble, RENOLINK est un outil de diagnostic complet et polyvalent qui r\u00e9pond aux besoins des propri\u00e9taires de Renault, leur permettant de diagnostiquer, de personnaliser et de g\u00e9rer efficacement l&rsquo;\u00e9lectronique de leurs v\u00e9hicules, y compris les derniers mod\u00e8les de la marque Renault.<\/p>\n<\/div>\n<\/div>\n<\/div>\n<p>&nbsp;<\/p>\n<p>&nbsp;<\/p>\n","protected":false},"excerpt":{"rendered":"<p><audio class=\"audio-for-speech\"><\/audio><\/p>\n<div class=\"translate-tooltip-mtz translator-hidden\">\n<div class=\"header\">\n<div class=\"header-controls\">Translator<\/div>\n<div class=\"header-controls\"><\/div>\n<\/div>\n<div class=\"translated-text\">\n<div class=\"words\"><\/div>\n<div class=\"sentences\"><\/div>\n<\/div>\n<\/div>\n<p>&nbsp;<\/p>\n<p>RENOLINK 2.07 : Le logiciel de diagnostic Renault de pointe pour des r\u00e9parations pr\u00e9cises et une personnalisation \u00e9lectronique. #RENOLINK #Diagnostic #MMBSoftwareAutomotive<\/p>","protected":false},"featured_media":96,"template":"","meta":[],"product_brand":[],"product_cat":[16],"product_tag":[],"class_list":{"0":"post-68","1":"product","2":"type-product","3":"status-publish","4":"has-post-thumbnail","6":"product_cat-diagnostic-automobiles","8":"first","9":"instock","10":"downloadable","11":"virtual","12":"purchasable","13":"product-type-simple"},"yoast_head":"<!-- This site is optimized with the Yoast SEO plugin v27.4 - https:\/\/yoast.com\/product\/yoast-seo-wordpress\/ -->\n<title>RENOLINK logiciel de diagnostic MMB OBD2 SOFTWARE<\/title>\n<meta name=\"description\" content=\"RENOLINK logiciel de diagnostic avanc\u00e9 pour v\u00e9hicules Renault, y compris les derniers mod\u00e8les. Lecture, \u00e9criture, r\u00e9initialisation ECU, s\u00e9curit\u00e9, cl\u00e9s, etc.\" \/>\n<meta name=\"robots\" content=\"index, follow, max-snippet:-1, max-image-preview:large, max-video-preview:-1\" \/>\n<link rel=\"canonical\" href=\"https:\/\/mmbobd2.com\/en\/product\/renolink-logiciel-de-diagnostic\/\" \/>\n<meta property=\"og:locale\" content=\"en_GB\" \/>\n<meta property=\"og:type\" content=\"article\" \/>\n<meta property=\"og:title\" content=\"RENOLINK 2.07\" \/>\n<meta property=\"og:description\" content=\"D\u00e9couvrez RENOLINK 2.07, le logiciel de diagnostic avanc\u00e9 con\u00e7u pour les v\u00e9hicules Renault. Identifiez les probl\u00e8mes, personnalisez les param\u00e8tres \u00e9lectroniques, g\u00e9rez les cl\u00e9s en toute s\u00e9curit\u00e9 et bien plus encore. Une solution compl\u00e8te pour les propri\u00e9taires de Renault. #RENOLINK #Diagnostic #Personnalisation\u00c9lectronique #MMBSoftwareAutomotive\" \/>\n<meta property=\"og:url\" content=\"https:\/\/mmbobd2.com\/en\/product\/renolink-logiciel-de-diagnostic\/\" \/>\n<meta property=\"og:site_name\" content=\"MMB OBD2 SOFTWARE\" \/>\n<meta property=\"article:publisher\" content=\"https:\/\/www.facebook.com\/profile.php?id=61552159950965\" \/>\n<meta property=\"article:modified_time\" content=\"2023-11-07T22:56:46+00:00\" \/>\n<meta property=\"og:image\" content=\"https:\/\/mmbobd2.com\/wp-content\/uploads\/2023\/10\/RENOLINK.jpg\" \/>\n\t<meta property=\"og:image:width\" content=\"1000\" \/>\n\t<meta property=\"og:image:height\" content=\"1000\" \/>\n\t<meta property=\"og:image:type\" content=\"image\/jpeg\" \/>\n<meta name=\"twitter:card\" content=\"summary_large_image\" \/>\n<meta name=\"twitter:label1\" content=\"Estimated reading time\" \/>\n\t<meta name=\"twitter:data1\" content=\"2 minutes\" \/>\n<script type=\"application\/ld+json\" class=\"yoast-schema-graph\">{\"@context\":\"https:\\\/\\\/schema.org\",\"@graph\":[{\"@type\":\"WebPage\",\"@id\":\"https:\\\/\\\/mmbobd2.com\\\/product\\\/renolink-logiciel-de-diagnostic\\\/\",\"url\":\"https:\\\/\\\/mmbobd2.com\\\/product\\\/renolink-logiciel-de-diagnostic\\\/\",\"name\":\"RENOLINK logiciel de diagnostic MMB OBD2 SOFTWARE\",\"isPartOf\":{\"@id\":\"https:\\\/\\\/mmbobd2.com\\\/#website\"},\"primaryImageOfPage\":{\"@id\":\"https:\\\/\\\/mmbobd2.com\\\/product\\\/renolink-logiciel-de-diagnostic\\\/#primaryimage\"},\"image\":{\"@id\":\"https:\\\/\\\/mmbobd2.com\\\/product\\\/renolink-logiciel-de-diagnostic\\\/#primaryimage\"},\"thumbnailUrl\":\"https:\\\/\\\/i0.wp.com\\\/mmbobd2.com\\\/wp-content\\\/uploads\\\/2023\\\/10\\\/RENOLINK.jpg?fit=1000%2C1000&ssl=1\",\"datePublished\":\"2023-10-06T11:36:37+00:00\",\"dateModified\":\"2023-11-07T22:56:46+00:00\",\"description\":\"RENOLINK logiciel de diagnostic avanc\u00e9 pour v\u00e9hicules Renault, y compris les derniers mod\u00e8les. Lecture, \u00e9criture, r\u00e9initialisation ECU, s\u00e9curit\u00e9, cl\u00e9s, etc.\",\"breadcrumb\":{\"@id\":\"https:\\\/\\\/mmbobd2.com\\\/product\\\/renolink-logiciel-de-diagnostic\\\/#breadcrumb\"},\"inLanguage\":\"en-GB\",\"potentialAction\":[{\"@type\":\"ReadAction\",\"target\":[\"https:\\\/\\\/mmbobd2.com\\\/product\\\/renolink-logiciel-de-diagnostic\\\/\"]}]},{\"@type\":\"ImageObject\",\"inLanguage\":\"en-GB\",\"@id\":\"https:\\\/\\\/mmbobd2.com\\\/product\\\/renolink-logiciel-de-diagnostic\\\/#primaryimage\",\"url\":\"https:\\\/\\\/i0.wp.com\\\/mmbobd2.com\\\/wp-content\\\/uploads\\\/2023\\\/10\\\/RENOLINK.jpg?fit=1000%2C1000&ssl=1\",\"contentUrl\":\"https:\\\/\\\/i0.wp.com\\\/mmbobd2.com\\\/wp-content\\\/uploads\\\/2023\\\/10\\\/RENOLINK.jpg?fit=1000%2C1000&ssl=1\",\"width\":1000,\"height\":1000,\"caption\":\"RENOLINK logiciel de diagnostic\"},{\"@type\":\"BreadcrumbList\",\"@id\":\"https:\\\/\\\/mmbobd2.com\\\/product\\\/renolink-logiciel-de-diagnostic\\\/#breadcrumb\",\"itemListElement\":[{\"@type\":\"ListItem\",\"position\":1,\"name\":\"Accueil\",\"item\":\"https:\\\/\\\/mmbobd2.com\\\/\"},{\"@type\":\"ListItem\",\"position\":2,\"name\":\"Boutique\",\"item\":\"https:\\\/\\\/mmbobd2.com\\\/logiciels-de-diagnostic-automobiles\\\/\"},{\"@type\":\"ListItem\",\"position\":3,\"name\":\"RENAULT DACIA RENOLINK 2.07\"}]},{\"@type\":\"WebSite\",\"@id\":\"https:\\\/\\\/mmbobd2.com\\\/#website\",\"url\":\"https:\\\/\\\/mmbobd2.com\\\/\",\"name\":\"MMB OBD2 SOFTWARE\",\"description\":\"\",\"publisher\":{\"@id\":\"https:\\\/\\\/mmbobd2.com\\\/#organization\"},\"alternateName\":\"mmbsoftauto\",\"potentialAction\":[{\"@type\":\"SearchAction\",\"target\":{\"@type\":\"EntryPoint\",\"urlTemplate\":\"https:\\\/\\\/mmbobd2.com\\\/?s={search_term_string}\"},\"query-input\":{\"@type\":\"PropertyValueSpecification\",\"valueRequired\":true,\"valueName\":\"search_term_string\"}}],\"inLanguage\":\"en-GB\"},{\"@type\":\"Organization\",\"@id\":\"https:\\\/\\\/mmbobd2.com\\\/#organization\",\"name\":\"MMB COMPANY\",\"url\":\"https:\\\/\\\/mmbobd2.com\\\/\",\"logo\":{\"@type\":\"ImageObject\",\"inLanguage\":\"en-GB\",\"@id\":\"https:\\\/\\\/mmbobd2.com\\\/#\\\/schema\\\/logo\\\/image\\\/\",\"url\":\"https:\\\/\\\/mmbobd2.com\\\/wp-content\\\/uploads\\\/2023\\\/10\\\/LOGO-ROND-MMB-200.png\",\"contentUrl\":\"https:\\\/\\\/mmbobd2.com\\\/wp-content\\\/uploads\\\/2023\\\/10\\\/LOGO-ROND-MMB-200.png\",\"width\":200,\"height\":200,\"caption\":\"MMB COMPANY\"},\"image\":{\"@id\":\"https:\\\/\\\/mmbobd2.com\\\/#\\\/schema\\\/logo\\\/image\\\/\"},\"sameAs\":[\"https:\\\/\\\/www.facebook.com\\\/profile.php?id=61552159950965\"]}]}<\/script>\n<!-- \/ Yoast SEO plugin. -->","yoast_head_json":{"title":"RENOLINK logiciel de diagnostic MMB OBD2 SOFTWARE","description":"RENOLINK logiciel de diagnostic avanc\u00e9 pour v\u00e9hicules Renault, y compris les derniers mod\u00e8les. Lecture, \u00e9criture, r\u00e9initialisation ECU, s\u00e9curit\u00e9, cl\u00e9s, etc.","robots":{"index":"index","follow":"follow","max-snippet":"max-snippet:-1","max-image-preview":"max-image-preview:large","max-video-preview":"max-video-preview:-1"},"canonical":"https:\/\/mmbobd2.com\/en\/product\/renolink-logiciel-de-diagnostic\/","og_locale":"en_GB","og_type":"article","og_title":"RENOLINK 2.07","og_description":"D\u00e9couvrez RENOLINK 2.07, le logiciel de diagnostic avanc\u00e9 con\u00e7u pour les v\u00e9hicules Renault. Identifiez les probl\u00e8mes, personnalisez les param\u00e8tres \u00e9lectroniques, g\u00e9rez les cl\u00e9s en toute s\u00e9curit\u00e9 et bien plus encore. Une solution compl\u00e8te pour les propri\u00e9taires de Renault. #RENOLINK #Diagnostic #Personnalisation\u00c9lectronique #MMBSoftwareAutomotive","og_url":"https:\/\/mmbobd2.com\/en\/product\/renolink-logiciel-de-diagnostic\/","og_site_name":"MMB OBD2 SOFTWARE","article_publisher":"https:\/\/www.facebook.com\/profile.php?id=61552159950965","article_modified_time":"2023-11-07T22:56:46+00:00","og_image":[{"width":1000,"height":1000,"url":"https:\/\/mmbobd2.com\/wp-content\/uploads\/2023\/10\/RENOLINK.jpg","type":"image\/jpeg"}],"twitter_card":"summary_large_image","twitter_misc":{"Estimated reading time":"2 minutes"},"schema":{"@context":"https:\/\/schema.org","@graph":[{"@type":"WebPage","@id":"https:\/\/mmbobd2.com\/product\/renolink-logiciel-de-diagnostic\/","url":"https:\/\/mmbobd2.com\/product\/renolink-logiciel-de-diagnostic\/","name":"RENOLINK logiciel de diagnostic MMB OBD2 SOFTWARE","isPartOf":{"@id":"https:\/\/mmbobd2.com\/#website"},"primaryImageOfPage":{"@id":"https:\/\/mmbobd2.com\/product\/renolink-logiciel-de-diagnostic\/#primaryimage"},"image":{"@id":"https:\/\/mmbobd2.com\/product\/renolink-logiciel-de-diagnostic\/#primaryimage"},"thumbnailUrl":"https:\/\/i0.wp.com\/mmbobd2.com\/wp-content\/uploads\/2023\/10\/RENOLINK.jpg?fit=1000%2C1000&ssl=1","datePublished":"2023-10-06T11:36:37+00:00","dateModified":"2023-11-07T22:56:46+00:00","description":"RENOLINK logiciel de diagnostic avanc\u00e9 pour v\u00e9hicules Renault, y compris les derniers mod\u00e8les. Lecture, \u00e9criture, r\u00e9initialisation ECU, s\u00e9curit\u00e9, cl\u00e9s, etc.","breadcrumb":{"@id":"https:\/\/mmbobd2.com\/product\/renolink-logiciel-de-diagnostic\/#breadcrumb"},"inLanguage":"en-GB","potentialAction":[{"@type":"ReadAction","target":["https:\/\/mmbobd2.com\/product\/renolink-logiciel-de-diagnostic\/"]}]},{"@type":"ImageObject","inLanguage":"en-GB","@id":"https:\/\/mmbobd2.com\/product\/renolink-logiciel-de-diagnostic\/#primaryimage","url":"https:\/\/i0.wp.com\/mmbobd2.com\/wp-content\/uploads\/2023\/10\/RENOLINK.jpg?fit=1000%2C1000&ssl=1","contentUrl":"https:\/\/i0.wp.com\/mmbobd2.com\/wp-content\/uploads\/2023\/10\/RENOLINK.jpg?fit=1000%2C1000&ssl=1","width":1000,"height":1000,"caption":"RENOLINK logiciel de diagnostic"},{"@type":"BreadcrumbList","@id":"https:\/\/mmbobd2.com\/product\/renolink-logiciel-de-diagnostic\/#breadcrumb","itemListElement":[{"@type":"ListItem","position":1,"name":"Accueil","item":"https:\/\/mmbobd2.com\/"},{"@type":"ListItem","position":2,"name":"Boutique","item":"https:\/\/mmbobd2.com\/logiciels-de-diagnostic-automobiles\/"},{"@type":"ListItem","position":3,"name":"RENAULT DACIA RENOLINK 2.07"}]},{"@type":"WebSite","@id":"https:\/\/mmbobd2.com\/#website","url":"https:\/\/mmbobd2.com\/","name":"MMB OBD2 SOFTWARE","description":"","publisher":{"@id":"https:\/\/mmbobd2.com\/#organization"},"alternateName":"mmbsoftauto","potentialAction":[{"@type":"SearchAction","target":{"@type":"EntryPoint","urlTemplate":"https:\/\/mmbobd2.com\/?s={search_term_string}"},"query-input":{"@type":"PropertyValueSpecification","valueRequired":true,"valueName":"search_term_string"}}],"inLanguage":"en-GB"},{"@type":"Organization","@id":"https:\/\/mmbobd2.com\/#organization","name":"MMB COMPANY","url":"https:\/\/mmbobd2.com\/","logo":{"@type":"ImageObject","inLanguage":"en-GB","@id":"https:\/\/mmbobd2.com\/#\/schema\/logo\/image\/","url":"https:\/\/mmbobd2.com\/wp-content\/uploads\/2023\/10\/LOGO-ROND-MMB-200.png","contentUrl":"https:\/\/mmbobd2.com\/wp-content\/uploads\/2023\/10\/LOGO-ROND-MMB-200.png","width":200,"height":200,"caption":"MMB COMPANY"},"image":{"@id":"https:\/\/mmbobd2.com\/#\/schema\/logo\/image\/"},"sameAs":["https:\/\/www.facebook.com\/profile.php?id=61552159950965"]}]}},"_links":{"self":[{"href":"https:\/\/mmbobd2.com\/en\/wp-json\/wp\/v2\/product\/68","targetHints":{"allow":["GET"]}}],"collection":[{"href":"https:\/\/mmbobd2.com\/en\/wp-json\/wp\/v2\/product"}],"about":[{"href":"https:\/\/mmbobd2.com\/en\/wp-json\/wp\/v2\/types\/product"}],"wp:featuredmedia":[{"embeddable":true,"href":"https:\/\/mmbobd2.com\/en\/wp-json\/wp\/v2\/media\/96"}],"wp:attachment":[{"href":"https:\/\/mmbobd2.com\/en\/wp-json\/wp\/v2\/media?parent=68"}],"wp:term":[{"taxonomy":"product_brand","embeddable":true,"href":"https:\/\/mmbobd2.com\/en\/wp-json\/wp\/v2\/product_brand?post=68"},{"taxonomy":"product_cat","embeddable":true,"href":"https:\/\/mmbobd2.com\/en\/wp-json\/wp\/v2\/product_cat?post=68"},{"taxonomy":"product_tag","embeddable":true,"href":"https:\/\/mmbobd2.com\/en\/wp-json\/wp\/v2\/product_tag?post=68"}],"curies":[{"name":"wp","href":"https:\/\/api.w.org\/{rel}","templated":true}]}}