{"id":680,"date":"2023-11-21T17:24:32","date_gmt":"2023-11-21T17:24:32","guid":{"rendered":"https:\/\/mmbobd2.com\/?post_type=product&#038;p=680"},"modified":"2025-12-10T21:37:46","modified_gmt":"2025-12-10T21:37:46","slug":"bmw-cas-editor","status":"publish","type":"product","link":"https:\/\/mmbobd2.com\/en\/product\/bmw-cas-editor\/","title":{"rendered":"BMW CAS EDITOR"},"content":{"rendered":"<h1 style=\"text-align: center;\"><strong>BMW CAS EDITOR<\/strong><\/h1>\n<h4 style=\"text-align: center;\">APRES ACHAT IL VOUS SERAS ENVOYER UN LIEN DE TELECHARGEMENT<\/h4>\n<h5><\/h5>\n<div class=\"flex flex-grow flex-col max-w-full gap-3 gizmo:gap-0\">\n<div class=\"min-h-[20px] text-message flex flex-col items-start gap-3 whitespace-pre-wrap break-words [.text-message+&amp;]:mt-5 overflow-x-auto\" data-message-author-role=\"assistant\" data-message-id=\"a557bf24-6281-4804-a924-ed4e4732b917\">\n<div class=\"markdown prose w-full break-words dark:prose-invert dark\">\n<p>Le BMW CAS Editor est un logiciel de programmation hautement sp\u00e9cialis\u00e9 con\u00e7u sp\u00e9cifiquement pour les mod\u00e8les BMW et Mini \u00e9quip\u00e9s des modules CAS3 et CAS3+. Ce logiciel offre une gamme \u00e9tendue de fonctionnalit\u00e9s, dont notamment la programmation des cl\u00e9s et des t\u00e9l\u00e9commandes du march\u00e9 secondaire, ainsi que des outils avanc\u00e9s tels que BMW ISN et la correction du kilom\u00e9trage pour les modules CAS4.<\/p>\n<p>L&rsquo;une des principales caract\u00e9ristiques de ce logiciel est sa fonctionnalit\u00e9 d\u00e9di\u00e9e aux modules CAS3 et CAS3+. Cette fonction est sp\u00e9cialement con\u00e7ue pour la programmation des cl\u00e9s et des t\u00e9l\u00e9commandes . Destin\u00e9es aux v\u00e9hicules BMW et Mini \u00e9quip\u00e9s de ces modules. De plus, elle prend en charge les v\u00e9hicules dot\u00e9s d&rsquo;un syst\u00e8me de d\u00e9marrage par bouton-poussoir, offrant une solution compl\u00e8te pour la programmation des cl\u00e9s et t\u00e9l\u00e9commandes.<\/p>\n<p>L&rsquo;utilisation de la Smart Aerial pendant la proc\u00e9dure de programmation. De la cl\u00e9 garantit une programmation simultan\u00e9e du transpondeur et de la t\u00e9l\u00e9commande, assurant ainsi une int\u00e9gration optimale dans le v\u00e9hicule. Il est essentiel de noter que contrairement \u00e0 d&rsquo;autres m\u00e9thodes, l&rsquo;entr\u00e9e d&rsquo;un code PIN ou l&rsquo;utilisation d&rsquo;une cl\u00e9 fonctionnelle n&rsquo;est PAS n\u00e9cessaire, simplifiant ainsi le processus de programmation.<\/p>\n<p>Une caract\u00e9ristique remarquable de cette solution est sa capacit\u00e9 \u00e0 permettre. L&rsquo;ajout de cl\u00e9s suppl\u00e9mentaires sans n\u00e9cessiter la suppression des cl\u00e9s d\u00e9j\u00e0 enregistr\u00e9es. Cela offre une grande flexibilit\u00e9 aux utilisateurs, facilitant la gestion des cl\u00e9s pour les propri\u00e9taires de v\u00e9hicules BMW et Mini.<\/p>\n<p>En r\u00e9sum\u00e9, le BMW CAS Editor est un outil puissant et complet. Offrant des fonctionnalit\u00e9s avanc\u00e9es de programmation des cl\u00e9s et des t\u00e9l\u00e9commandes pour les mod\u00e8les BMW et Mini. Equip\u00e9s des modules CAS3 et CAS3+. Avec sa facilit\u00e9 d&rsquo;utilisation et sa compatibilit\u00e9 \u00e9tendue. Il se positionne comme un choix incontournable pour les professionnels de l&rsquo;automobile. Et les passionn\u00e9s cherchant une solution fiable et efficace.<\/p>\n<\/div>\n<\/div>\n<\/div>\n<p>&nbsp;<\/p>\n","protected":false},"excerpt":{"rendered":"<p>BMW CAS EDITOR Programmation avanc\u00e9e pour cl\u00e9s BMW et Mini (CAS3 et CAS3+). BMW ISN et correction kilom\u00e9trique pour CAS4. <\/p>","protected":false},"featured_media":681,"template":"","meta":[],"product_brand":[],"product_cat":[17],"product_tag":[],"class_list":{"0":"post-680","1":"product","2":"type-product","3":"status-publish","4":"has-post-thumbnail","6":"product_cat-software-reprogrammation-auto","8":"first","9":"instock","10":"downloadable","11":"virtual","12":"purchasable","13":"product-type-simple"},"yoast_head":"<!-- This site is optimized with the Yoast SEO plugin v27.4 - https:\/\/yoast.com\/product\/yoast-seo-wordpress\/ -->\n<title>BMW CAS EDITOR MMB OBD2 SOFTWARE<\/title>\n<meta name=\"description\" content=\"BMW CAS EDITOR Programmation avanc\u00e9e pour cl\u00e9s BMW et Mini (CAS3 et CAS3+). BMW ISN et correction kilom\u00e9trique pour CAS4.\" \/>\n<meta name=\"robots\" content=\"index, follow, max-snippet:-1, max-image-preview:large, max-video-preview:-1\" \/>\n<link rel=\"canonical\" href=\"https:\/\/mmbobd2.com\/en\/product\/bmw-cas-editor\/\" \/>\n<meta property=\"og:locale\" content=\"en_GB\" \/>\n<meta property=\"og:type\" content=\"article\" \/>\n<meta property=\"og:title\" content=\"BMW CAS EDITOR\" \/>\n<meta property=\"og:description\" content=\"BMW CAS EDITOR Programmation avanc\u00e9e pour cl\u00e9s BMW et Mini (CAS3 et CAS3+). BMW ISN et correction kilom\u00e9trique pour CAS4.\" \/>\n<meta property=\"og:url\" content=\"https:\/\/mmbobd2.com\/en\/product\/bmw-cas-editor\/\" \/>\n<meta property=\"og:site_name\" content=\"MMB OBD2 SOFTWARE\" \/>\n<meta property=\"article:publisher\" content=\"https:\/\/www.facebook.com\/profile.php?id=61552159950965\" \/>\n<meta property=\"article:modified_time\" content=\"2025-12-10T21:37:46+00:00\" \/>\n<meta property=\"og:image\" content=\"https:\/\/mmbobd2.com\/wp-content\/uploads\/2023\/11\/BMW-CAS-EDITOR-jpg.webp\" \/>\n\t<meta property=\"og:image:width\" content=\"1000\" \/>\n\t<meta property=\"og:image:height\" content=\"1000\" \/>\n\t<meta property=\"og:image:type\" content=\"image\/jpeg\" \/>\n<meta name=\"twitter:card\" content=\"summary_large_image\" \/>\n<meta name=\"twitter:label1\" content=\"Estimated reading time\" \/>\n\t<meta name=\"twitter:data1\" content=\"2 minutes\" \/>\n<script type=\"application\/ld+json\" class=\"yoast-schema-graph\">{\"@context\":\"https:\\\/\\\/schema.org\",\"@graph\":[{\"@type\":\"WebPage\",\"@id\":\"https:\\\/\\\/mmbobd2.com\\\/product\\\/bmw-cas-editor\\\/\",\"url\":\"https:\\\/\\\/mmbobd2.com\\\/product\\\/bmw-cas-editor\\\/\",\"name\":\"BMW CAS EDITOR MMB OBD2 SOFTWARE\",\"isPartOf\":{\"@id\":\"https:\\\/\\\/mmbobd2.com\\\/#website\"},\"primaryImageOfPage\":{\"@id\":\"https:\\\/\\\/mmbobd2.com\\\/product\\\/bmw-cas-editor\\\/#primaryimage\"},\"image\":{\"@id\":\"https:\\\/\\\/mmbobd2.com\\\/product\\\/bmw-cas-editor\\\/#primaryimage\"},\"thumbnailUrl\":\"https:\\\/\\\/i0.wp.com\\\/mmbobd2.com\\\/wp-content\\\/uploads\\\/2023\\\/11\\\/BMW-CAS-EDITOR-jpg.webp?fit=1000%2C1000&ssl=1\",\"datePublished\":\"2023-11-21T17:24:32+00:00\",\"dateModified\":\"2025-12-10T21:37:46+00:00\",\"description\":\"BMW CAS EDITOR Programmation avanc\u00e9e pour cl\u00e9s BMW et Mini (CAS3 et CAS3+). BMW ISN et correction kilom\u00e9trique pour CAS4.\",\"breadcrumb\":{\"@id\":\"https:\\\/\\\/mmbobd2.com\\\/product\\\/bmw-cas-editor\\\/#breadcrumb\"},\"inLanguage\":\"en-GB\",\"potentialAction\":[{\"@type\":\"ReadAction\",\"target\":[\"https:\\\/\\\/mmbobd2.com\\\/product\\\/bmw-cas-editor\\\/\"]}]},{\"@type\":\"ImageObject\",\"inLanguage\":\"en-GB\",\"@id\":\"https:\\\/\\\/mmbobd2.com\\\/product\\\/bmw-cas-editor\\\/#primaryimage\",\"url\":\"https:\\\/\\\/i0.wp.com\\\/mmbobd2.com\\\/wp-content\\\/uploads\\\/2023\\\/11\\\/BMW-CAS-EDITOR-jpg.webp?fit=1000%2C1000&ssl=1\",\"contentUrl\":\"https:\\\/\\\/i0.wp.com\\\/mmbobd2.com\\\/wp-content\\\/uploads\\\/2023\\\/11\\\/BMW-CAS-EDITOR-jpg.webp?fit=1000%2C1000&ssl=1\",\"width\":1000,\"height\":1000,\"caption\":\"BMW-CAS-EDITOR\"},{\"@type\":\"BreadcrumbList\",\"@id\":\"https:\\\/\\\/mmbobd2.com\\\/product\\\/bmw-cas-editor\\\/#breadcrumb\",\"itemListElement\":[{\"@type\":\"ListItem\",\"position\":1,\"name\":\"Accueil\",\"item\":\"https:\\\/\\\/mmbobd2.com\\\/\"},{\"@type\":\"ListItem\",\"position\":2,\"name\":\"Boutique\",\"item\":\"https:\\\/\\\/mmbobd2.com\\\/logiciels-de-diagnostic-automobiles\\\/\"},{\"@type\":\"ListItem\",\"position\":3,\"name\":\"BMW CAS EDITOR\"}]},{\"@type\":\"WebSite\",\"@id\":\"https:\\\/\\\/mmbobd2.com\\\/#website\",\"url\":\"https:\\\/\\\/mmbobd2.com\\\/\",\"name\":\"MMB OBD2 SOFTWARE\",\"description\":\"\",\"publisher\":{\"@id\":\"https:\\\/\\\/mmbobd2.com\\\/#organization\"},\"alternateName\":\"mmbsoftauto\",\"potentialAction\":[{\"@type\":\"SearchAction\",\"target\":{\"@type\":\"EntryPoint\",\"urlTemplate\":\"https:\\\/\\\/mmbobd2.com\\\/?s={search_term_string}\"},\"query-input\":{\"@type\":\"PropertyValueSpecification\",\"valueRequired\":true,\"valueName\":\"search_term_string\"}}],\"inLanguage\":\"en-GB\"},{\"@type\":\"Organization\",\"@id\":\"https:\\\/\\\/mmbobd2.com\\\/#organization\",\"name\":\"MMB COMPANY\",\"url\":\"https:\\\/\\\/mmbobd2.com\\\/\",\"logo\":{\"@type\":\"ImageObject\",\"inLanguage\":\"en-GB\",\"@id\":\"https:\\\/\\\/mmbobd2.com\\\/#\\\/schema\\\/logo\\\/image\\\/\",\"url\":\"https:\\\/\\\/mmbobd2.com\\\/wp-content\\\/uploads\\\/2023\\\/10\\\/LOGO-ROND-MMB-200.png\",\"contentUrl\":\"https:\\\/\\\/mmbobd2.com\\\/wp-content\\\/uploads\\\/2023\\\/10\\\/LOGO-ROND-MMB-200.png\",\"width\":200,\"height\":200,\"caption\":\"MMB COMPANY\"},\"image\":{\"@id\":\"https:\\\/\\\/mmbobd2.com\\\/#\\\/schema\\\/logo\\\/image\\\/\"},\"sameAs\":[\"https:\\\/\\\/www.facebook.com\\\/profile.php?id=61552159950965\"]}]}<\/script>\n<!-- \/ Yoast SEO plugin. -->","yoast_head_json":{"title":"BMW CAS EDITOR MMB OBD2 SOFTWARE","description":"BMW CAS EDITOR Programmation avanc\u00e9e pour cl\u00e9s BMW et Mini (CAS3 et CAS3+). BMW ISN et correction kilom\u00e9trique pour CAS4.","robots":{"index":"index","follow":"follow","max-snippet":"max-snippet:-1","max-image-preview":"max-image-preview:large","max-video-preview":"max-video-preview:-1"},"canonical":"https:\/\/mmbobd2.com\/en\/product\/bmw-cas-editor\/","og_locale":"en_GB","og_type":"article","og_title":"BMW CAS EDITOR","og_description":"BMW CAS EDITOR Programmation avanc\u00e9e pour cl\u00e9s BMW et Mini (CAS3 et CAS3+). BMW ISN et correction kilom\u00e9trique pour CAS4.","og_url":"https:\/\/mmbobd2.com\/en\/product\/bmw-cas-editor\/","og_site_name":"MMB OBD2 SOFTWARE","article_publisher":"https:\/\/www.facebook.com\/profile.php?id=61552159950965","article_modified_time":"2025-12-10T21:37:46+00:00","og_image":[{"width":1000,"height":1000,"url":"https:\/\/mmbobd2.com\/wp-content\/uploads\/2023\/11\/BMW-CAS-EDITOR-jpg.webp","type":"image\/jpeg"}],"twitter_card":"summary_large_image","twitter_misc":{"Estimated reading time":"2 minutes"},"schema":{"@context":"https:\/\/schema.org","@graph":[{"@type":"WebPage","@id":"https:\/\/mmbobd2.com\/product\/bmw-cas-editor\/","url":"https:\/\/mmbobd2.com\/product\/bmw-cas-editor\/","name":"BMW CAS EDITOR MMB OBD2 SOFTWARE","isPartOf":{"@id":"https:\/\/mmbobd2.com\/#website"},"primaryImageOfPage":{"@id":"https:\/\/mmbobd2.com\/product\/bmw-cas-editor\/#primaryimage"},"image":{"@id":"https:\/\/mmbobd2.com\/product\/bmw-cas-editor\/#primaryimage"},"thumbnailUrl":"https:\/\/i0.wp.com\/mmbobd2.com\/wp-content\/uploads\/2023\/11\/BMW-CAS-EDITOR-jpg.webp?fit=1000%2C1000&ssl=1","datePublished":"2023-11-21T17:24:32+00:00","dateModified":"2025-12-10T21:37:46+00:00","description":"BMW CAS EDITOR Programmation avanc\u00e9e pour cl\u00e9s BMW et Mini (CAS3 et CAS3+). BMW ISN et correction kilom\u00e9trique pour CAS4.","breadcrumb":{"@id":"https:\/\/mmbobd2.com\/product\/bmw-cas-editor\/#breadcrumb"},"inLanguage":"en-GB","potentialAction":[{"@type":"ReadAction","target":["https:\/\/mmbobd2.com\/product\/bmw-cas-editor\/"]}]},{"@type":"ImageObject","inLanguage":"en-GB","@id":"https:\/\/mmbobd2.com\/product\/bmw-cas-editor\/#primaryimage","url":"https:\/\/i0.wp.com\/mmbobd2.com\/wp-content\/uploads\/2023\/11\/BMW-CAS-EDITOR-jpg.webp?fit=1000%2C1000&ssl=1","contentUrl":"https:\/\/i0.wp.com\/mmbobd2.com\/wp-content\/uploads\/2023\/11\/BMW-CAS-EDITOR-jpg.webp?fit=1000%2C1000&ssl=1","width":1000,"height":1000,"caption":"BMW-CAS-EDITOR"},{"@type":"BreadcrumbList","@id":"https:\/\/mmbobd2.com\/product\/bmw-cas-editor\/#breadcrumb","itemListElement":[{"@type":"ListItem","position":1,"name":"Accueil","item":"https:\/\/mmbobd2.com\/"},{"@type":"ListItem","position":2,"name":"Boutique","item":"https:\/\/mmbobd2.com\/logiciels-de-diagnostic-automobiles\/"},{"@type":"ListItem","position":3,"name":"BMW CAS EDITOR"}]},{"@type":"WebSite","@id":"https:\/\/mmbobd2.com\/#website","url":"https:\/\/mmbobd2.com\/","name":"MMB OBD2 SOFTWARE","description":"","publisher":{"@id":"https:\/\/mmbobd2.com\/#organization"},"alternateName":"mmbsoftauto","potentialAction":[{"@type":"SearchAction","target":{"@type":"EntryPoint","urlTemplate":"https:\/\/mmbobd2.com\/?s={search_term_string}"},"query-input":{"@type":"PropertyValueSpecification","valueRequired":true,"valueName":"search_term_string"}}],"inLanguage":"en-GB"},{"@type":"Organization","@id":"https:\/\/mmbobd2.com\/#organization","name":"MMB COMPANY","url":"https:\/\/mmbobd2.com\/","logo":{"@type":"ImageObject","inLanguage":"en-GB","@id":"https:\/\/mmbobd2.com\/#\/schema\/logo\/image\/","url":"https:\/\/mmbobd2.com\/wp-content\/uploads\/2023\/10\/LOGO-ROND-MMB-200.png","contentUrl":"https:\/\/mmbobd2.com\/wp-content\/uploads\/2023\/10\/LOGO-ROND-MMB-200.png","width":200,"height":200,"caption":"MMB COMPANY"},"image":{"@id":"https:\/\/mmbobd2.com\/#\/schema\/logo\/image\/"},"sameAs":["https:\/\/www.facebook.com\/profile.php?id=61552159950965"]}]}},"_links":{"self":[{"href":"https:\/\/mmbobd2.com\/en\/wp-json\/wp\/v2\/product\/680","targetHints":{"allow":["GET"]}}],"collection":[{"href":"https:\/\/mmbobd2.com\/en\/wp-json\/wp\/v2\/product"}],"about":[{"href":"https:\/\/mmbobd2.com\/en\/wp-json\/wp\/v2\/types\/product"}],"wp:featuredmedia":[{"embeddable":true,"href":"https:\/\/mmbobd2.com\/en\/wp-json\/wp\/v2\/media\/681"}],"wp:attachment":[{"href":"https:\/\/mmbobd2.com\/en\/wp-json\/wp\/v2\/media?parent=680"}],"wp:term":[{"taxonomy":"product_brand","embeddable":true,"href":"https:\/\/mmbobd2.com\/en\/wp-json\/wp\/v2\/product_brand?post=680"},{"taxonomy":"product_cat","embeddable":true,"href":"https:\/\/mmbobd2.com\/en\/wp-json\/wp\/v2\/product_cat?post=680"},{"taxonomy":"product_tag","embeddable":true,"href":"https:\/\/mmbobd2.com\/en\/wp-json\/wp\/v2\/product_tag?post=680"}],"curies":[{"name":"wp","href":"https:\/\/api.w.org\/{rel}","templated":true}]}}