{"id":682,"date":"2023-11-21T17:34:22","date_gmt":"2023-11-21T17:34:22","guid":{"rendered":"https:\/\/mmbobd2.com\/?post_type=product&#038;p=682"},"modified":"2026-03-10T01:00:58","modified_gmt":"2026-03-10T01:00:58","slug":"bmwaicoder-editor","status":"publish","type":"product","link":"https:\/\/mmbobd2.com\/en\/product\/bmwaicoder-editor\/","title":{"rendered":"BMWAiCoder EDITOR"},"content":{"rendered":"<h3 style=\"text-align: center;\"><strong>BMWAiCoder EDITOR PROGRAMMING SOFTWARE<\/strong><\/h3>\n<p>&nbsp;<\/p>\n<p style=\"text-align: center;\">APRES ACHAT IL VOUS SERAS ENVOYER UN LIEN DE TELECHARGEMENT<\/p>\n<p>&nbsp;<\/p>\n<p><a href=\"https:\/\/www.bmw.fr\/fr\/accueil.html\">BMW<\/a>AiCoder<\/p>\n<p>CMB_MEDIA<\/p>\n<p>01 :Reconnaissance <a href=\"https:\/\/mmbobd2.com\/en\/\">vocale<\/a><\/p>\n<p>02 : Utiliser les sonneries de t\u00e9l\u00e9phone portable<\/p>\n<p>03 :Choisissez les sonneries<\/p>\n<p>CIC\/NBT<\/p>\n<p>01 :Verrouiller\/d\u00e9verrouiller la case \u00e0 cocher de confirmation du son<\/p>\n<p>02 :Vid\u00e9o en mouvement<\/p>\n<p>03 : Annulation de la valeur de verrouillage de la vitesse :<\/p>\n<p>04 : Verrouillage de la vitesse d\u2019activation :<\/p>\n<p>05 : D\u00e9lai d\u2019affichage de la clause de non-responsabilit\u00e9 :<\/p>\n<p>06 : Inversion de la vid\u00e9o Clause de non-responsabilit\u00e9 :<\/p>\n<p>07 : D\u00e9lai de non-responsabilit\u00e9 de vision nocturne :<\/p>\n<p>08 :Menu d\u2019affichage de la version<\/p>\n<p>09 :Afficher la puissance et le couple du moteur<\/p>\n<p>10 : Sonnerie de l\u2019iPhone en tant que sonnerie Bluetooth<\/p>\n<p>11 :Rappels de stations-service NAVI<\/p>\n<p>12 : USB peut importer le g\u00e9ocodage<\/p>\n<p>13 :Naviguer dans le menu d\u2019ajout d\u2019emplacement<\/p>\n<p>14 :Recherche en ligne de points d\u2019int\u00e9r\u00eat NAVI<\/p>\n<p>15 : Lecture vid\u00e9o USB<\/p>\n<p>16 : D\u00e9codeur vid\u00e9o Xvid<\/p>\n<p>17 : Prise en charge de la vid\u00e9o VCD et SVCD<\/p>\n<p>18 : Enregistrez les fichiers vid\u00e9o dans la m\u00e9moire interne<\/p>\n<p>19 :Aper\u00e7u de l\u2019itin\u00e9raire de navigation<\/p>\n<p>20 :Bouton d\u2019aper\u00e7u de l\u2019itin\u00e9raire de navigation<\/p>\n<p>21 : Voix de navigation voix masculine\/f\u00e9minine<\/p>\n<p>22 : Type d\u2019\u00e9cran d\u2019affichage<\/p>\n<p>23 : Inversion de l\u2019affichage de l\u2019image analogique<\/p>\n<p>24 : Case \u00e0 cocher des feux diurnes<\/p>\n<p>25 : Afficher le r\u00e9glage de la lumi\u00e8re ambiante<\/p>\n<p>26 : D\u00e9sactiver l\u2019audio UPnP\/WLAN<\/p>\n<p>27 : D\u00e9sactiver la vid\u00e9o UPnP\/WLAN<\/p>\n<p>28 : Obtenir un flux vid\u00e9o \u00e0 partir d\u2019un WLAN<\/p>\n<p>29 : Commutateur Wifi<\/p>\n<p>30 : Mode de connexion WLAN<\/p>\n<p>31 : Puissance de la connexion WIFI<\/p>\n<p>Affichage num\u00e9rique de la vitesse 32 :M<\/p>\n<p>33 : M-HUD<\/p>\n<p>34 :\u00c9cran de d\u00e9marrage de l\u2019unit\u00e9 principale<\/p>\n<p>35 : Bo\u00eete \u00e0 cocher HUD afficher les clignotants<\/p>\n<p>36 :Menu du niveau d\u2019huile<\/p>\n<p>37 : Desserrez la terminaison du frein \u00e0 main Vid\u00e9o<\/p>\n<p>38 :Barre de volume<\/p>\n<p>39 : Le fondu de la barre de volume s\u2019est termin\u00e9 pr\u00e9matur\u00e9ment<\/p>\n<p>40 : La barre de volume affiche une priorit\u00e9 basse<\/p>\n<p>41 : Le contr\u00f4leur peut toucher<\/p>\n<p>42 : Fonctionnement tactile Carte interactive<\/p>\n<p>43 : Toucher pour l\u2019orthographe<\/p>\n<p>44 : Toucher pour le navigateur<\/p>\n<p>45 : Verrouillage tactile \u00e0 grande vitesse<\/p>\n<p>46 :Boussole<\/p>\n<p>47 :Couple et \u00e9tat xDrive MENU<\/p>\n<p>48 :D\u00e9filement de la carte 3D<\/p>\n<p>49 : Syst\u00e8me num\u00e9rique de surveillance de la pression des pneus<\/p>\n<p>50 : Surveillance de la pression des pneus &#8211; s\u00e9curit\u00e9 des v\u00e9hicules<\/p>\n<p>51 : Affichage t\u00eate haute (HUD)<\/p>\n<p>52 :Afficher le menu Son B&amp;O<\/p>\n<p>53 :Dans le menu du son, affichez Logic7_Logo<\/p>\n<p>54 :La d\u00e9finition des donn\u00e9es EQ doit \u00eatre charg\u00e9e<\/p>\n<p>ACSM<\/p>\n<p>01 : D\u00e9lai d\u2019alarme de ceinture de s\u00e9curit\u00e9<\/p>\n<p>02 : Avertissement de ceinture de s\u00e9curit\u00e9 passager<\/p>\n<p>03 :Avertissement de ceinture de s\u00e9curit\u00e9 du conducteur<\/p>\n<p>04 : Affichage de l\u2019\u00e9tat de la ceinture de s\u00e9curit\u00e9 du conducteur<\/p>\n<p>05 : Affichage de l\u2019\u00e9tat de la ceinture de s\u00e9curit\u00e9 du passager<\/p>\n<p>06 :Avertissement : la ceinture de s\u00e9curit\u00e9 du conducteur est ouverte<\/p>\n<p>07 :Avertissement que la ceinture de s\u00e9curit\u00e9 du passager est ouverte<\/p>\n<p>08 : L\u2019avertissement initial de ceinture de s\u00e9curit\u00e9<\/p>\n<p>IHKA<\/p>\n<p>01 : L\u2019interrupteur de climatisation se souvient du dernier \u00e9tat<\/p>\n<p>02 : L\u2019interrupteur de climatisation se souvient du dernier \u00e9tat<\/p>\n<p>03 : Le cycle de climatisation se souvient du dernier \u00e9tat<\/p>\n<p>04 : Le cycle de climatisation se souvient du dernier \u00e9tat<\/p>\n<p>HKL<\/p>\n<p>01 : Commutateur de montant A fonctionnant Power Trunk<\/p>\n<p>02 : FOB pour terminer et inverser le tronc d\u2019alimentation<\/p>\n<p>03 : Correspondances FOB et montant A<\/p>\n<p>04 : Bouton du montant A pour ouvrir\/fermer le coffre \u00e9lectrique<\/p>\n<p>05 :FOB pour fermer le tronc d\u2019alimentation<\/p>\n<p>KOMBI<\/p>\n<p>01 : Synchronisation de l\u2019heure GPS<\/p>\n<p>02 : \u00c9chelle de consommation instantan\u00e9e de carburant sur le tableau de bord<\/p>\n<p>03 :Couleur d\u2019arri\u00e8re-plan diurne du tableau de bord<\/p>\n<p>04 :Couleur d\u2019arri\u00e8re-plan de la nuit du tableau de bord<\/p>\n<p>05 : Valeur de luminance diurne du tableau de bord :<\/p>\n<p>06 : Valeur de luminosit\u00e9 nocturne du tableau de bord :<\/p>\n<p>07 : Divertissement d\u2019affichage HUD<\/p>\n<p>08 : T\u00e9l\u00e9phone d\u2019affichage HUD<\/p>\n<p>09 : Annuaire t\u00e9l\u00e9phonique d\u2019affichage HUD<\/p>\n<p>10 : Commande vocale d\u2019affichage du HUD<\/p>\n<p>11 : Clignotants d\u2019affichage HUD<\/p>\n<p>12 : Vitesse num\u00e9rique<\/p>\n<p>13 : D\u00e9lai de r\u00e9initialisation de l\u2019ordinateur de bord (heures)<\/p>\n<p>14 : Feux tournants d\u2019affichage HUD<\/p>\n<p>15 : Rappelez quand ouvrez la porte<\/p>\n<p>16 : Alarme de carburant km :<\/p>\n<p>17 : Le deuxi\u00e8me kilom\u00e8tre de l\u2019alarme de carburant :<\/p>\n<p>18 : Selon la courbe de vitesse pour fixer la vitesse<\/p>\n<p>19 : Feux tournants d\u2019affichage HUD<\/p>\n<p>20 : Indicateurs d\u2019affichage HUD<\/p>\n<p>21 : Num\u00e9ro d\u2019index du LOGO du tableau de bord :<\/p>\n<p>22 : Boussole d\u2019affichage<\/p>\n<p>23 : Affichage du compteur kilom\u00e9trique num\u00e9rique<\/p>\n<p>CAS<\/p>\n<p>01 : Se souvenir du dernier \u00e9tat de d\u00e9marrage et d&rsquo;arr\u00eat<\/p>\n<p>02 : D\u00e9marrer et arr\u00eater la valeur par d\u00e9faut OFF<\/p>\n<p>03 : \u00c9teignez l\u2019unit\u00e9 principale<\/p>\n<p>FZD<\/p>\n<p>01 : Le son de verrouillage confirme le volume<\/p>\n<p>02 : Volume automatique<\/p>\n<p>03 : Fr\u00e9quence de la sonnerie<\/p>\n<p>04 :D\u00e9lai de la sonnerie<\/p>\n<p>FRM\/BODY<\/p>\n<p>01 :START&amp;STOP se souvient du dernier \u00e9tat<\/p>\n<p>02 :START&amp;STOP par d\u00e9faut OFF<\/p>\n<p>03 : Arr\u00eater les fen\u00eatres lors de l\u2019ouverture des portes<\/p>\n<p>04 : Arr\u00eater les fen\u00eatres lors de l\u2019ouverture des portes<\/p>\n<p>05 : Temps des clignotants :<\/p>\n<p>06 :Allumez les feux antibrouillard gauche<\/p>\n<p>07 :Allumez les phares antibrouillard droit<\/p>\n<p>08 : Double flash d\u2019ouverture du frein d\u2019urgence<\/p>\n<p>09 : R\u00e9glage de la luminosit\u00e9 de la lumi\u00e8re ambiante :<\/p>\n<p>10 : Temps de maintien de l\u2019\u00e9clairage int\u00e9rieur :<\/p>\n<p>11 : Temps de maintien de l\u2019\u00e9clairage int\u00e9rieur :<\/p>\n<p>12 : D\u00e9verrouiller le temps de maintien de la lumi\u00e8re interne :<\/p>\n<p>13 : D\u00e9verrouiller le temps de maintien de la lumi\u00e8re interne :<\/p>\n<p>14 : Angle de rotation du r\u00e9troviseur invers\u00e9 :<\/p>\n<p>15 : Nettoyage des phares<\/p>\n<p>16 : Intervalle de nettoyage des phares<\/p>\n<p>17 : Temps de nettoyage des phares :<\/p>\n<p>18 : \u00c9teignez automatiquement la radio et la musique<\/p>\n<p>19 : D\u00e9marrer la voiture avec le frein<\/p>\n<p>20 : Feu stop clignotant<\/p>\n<p>21 : Sensibilit\u00e9 au scintillement des feux stop<\/p>\n<p>22 : Sensibilit\u00e9 au scintillement des feux stop<\/p>\n<p>23 : Temps de retard des r\u00e9troviseurs rabattables :<\/p>\n<p>24 : Sensibilit\u00e9 au scintillement des feux stop<\/p>\n<p>25 : Sensibilit\u00e9 au scintillement des feux stop<\/p>\n<p>26 : Double flash de personnalit\u00e9<\/p>\n<p>27 : Assistant feux de route activ\u00e9 par d\u00e9faut<\/p>\n<p>28 : LED de la poign\u00e9e de porte allum\u00e9e lors de la marche arri\u00e8re<\/p>\n<p>29 : Sensibilit\u00e9 au scintillement des feux stop<\/p>\n<p>30 : \u00c9teignez l\u2019unit\u00e9 principale<\/p>\n<p>31 : Temps de retard des r\u00e9troviseurs rabattables :<\/p>\n<p>32 : Brouillard comme \u00e9clairage auxiliaire d\u2019angle :<\/p>\n<p>33 : Syst\u00e8me de mise \u00e0 niveau automatique des phares (AHL)<\/p>\n<p>34 : Feux de virage<\/p>\n<p>35 : Feux de virage gauche<\/p>\n<p>36 : Feux de virage \u00e0 droite<\/p>\n<p>37 : Mappage de la sortie gauche<\/p>\n<p>38 : Mappage de la sortie droite<\/p>","protected":false},"excerpt":{"rendered":"<p>BMWAiCoder Editor : Logiciel de programmation avanc\u00e9 pour BMW, Mini.  Personnalisez CIC\/NBT, ACSM, IHKA, HKL, KOMBI, CAS, FZD, FRM\/BODY et plus encore<\/p>","protected":false},"featured_media":683,"template":"","meta":[],"product_brand":[],"product_cat":[17],"product_tag":[],"class_list":{"0":"post-682","1":"product","2":"type-product","3":"status-publish","4":"has-post-thumbnail","6":"product_cat-software-reprogrammation-auto","8":"first","9":"instock","10":"downloadable","11":"virtual","12":"purchasable","13":"product-type-simple"},"yoast_head":"<!-- This site is optimized with the Yoast SEO plugin v27.4 - https:\/\/yoast.com\/product\/yoast-seo-wordpress\/ -->\n<title>BMWAiCoder EDITOR MMB OBD2 SOFTWARE<\/title>\n<meta name=\"description\" content=\"BMWAiCoder Editor : Logiciel de programmation avanc\u00e9 pour BMW, Mini. Personnalisez CIC\/NBT, ACSM, IHKA, HKL, KOMBI, CAS, FZD, FRM\/BODY et plus encore\" \/>\n<meta name=\"robots\" content=\"index, follow, max-snippet:-1, max-image-preview:large, max-video-preview:-1\" \/>\n<link rel=\"canonical\" href=\"https:\/\/mmbobd2.com\/en\/product\/bmwaicoder-editor\/\" \/>\n<meta property=\"og:locale\" content=\"en_GB\" \/>\n<meta property=\"og:type\" content=\"article\" \/>\n<meta property=\"og:title\" content=\"BMWAiCoder EDITOR\" \/>\n<meta property=\"og:description\" content=\"BMWAiCoder Editor : Logiciel de programmation avanc\u00e9 pour BMW, Mini. Personnalisez CIC\/NBT, ACSM, IHKA, HKL, KOMBI, CAS, FZD, FRM\/BODY et plus encore\" \/>\n<meta property=\"og:url\" content=\"https:\/\/mmbobd2.com\/en\/product\/bmwaicoder-editor\/\" \/>\n<meta property=\"og:site_name\" content=\"MMB OBD2 SOFTWARE\" \/>\n<meta property=\"article:publisher\" content=\"https:\/\/www.facebook.com\/profile.php?id=61552159950965\" \/>\n<meta property=\"article:modified_time\" content=\"2026-03-10T01:00:58+00:00\" \/>\n<meta property=\"og:image\" content=\"https:\/\/mmbobd2.com\/wp-content\/uploads\/2023\/11\/BMWAICODER-jpg.webp\" \/>\n\t<meta property=\"og:image:width\" content=\"1000\" \/>\n\t<meta property=\"og:image:height\" content=\"1000\" \/>\n\t<meta property=\"og:image:type\" content=\"image\/jpeg\" \/>\n<meta name=\"twitter:card\" content=\"summary_large_image\" \/>\n<meta name=\"twitter:label1\" content=\"Estimated reading time\" \/>\n\t<meta name=\"twitter:data1\" content=\"6 minutes\" \/>\n<script type=\"application\/ld+json\" class=\"yoast-schema-graph\">{\"@context\":\"https:\\\/\\\/schema.org\",\"@graph\":[{\"@type\":\"WebPage\",\"@id\":\"https:\\\/\\\/mmbobd2.com\\\/product\\\/bmwaicoder-editor\\\/\",\"url\":\"https:\\\/\\\/mmbobd2.com\\\/product\\\/bmwaicoder-editor\\\/\",\"name\":\"BMWAiCoder EDITOR MMB OBD2 SOFTWARE\",\"isPartOf\":{\"@id\":\"https:\\\/\\\/mmbobd2.com\\\/#website\"},\"primaryImageOfPage\":{\"@id\":\"https:\\\/\\\/mmbobd2.com\\\/product\\\/bmwaicoder-editor\\\/#primaryimage\"},\"image\":{\"@id\":\"https:\\\/\\\/mmbobd2.com\\\/product\\\/bmwaicoder-editor\\\/#primaryimage\"},\"thumbnailUrl\":\"https:\\\/\\\/i0.wp.com\\\/mmbobd2.com\\\/wp-content\\\/uploads\\\/2023\\\/11\\\/BMWAICODER-jpg.webp?fit=1000%2C1000&ssl=1\",\"datePublished\":\"2023-11-21T17:34:22+00:00\",\"dateModified\":\"2026-03-10T01:00:58+00:00\",\"description\":\"BMWAiCoder Editor : Logiciel de programmation avanc\u00e9 pour BMW, Mini. Personnalisez CIC\\\/NBT, ACSM, IHKA, HKL, KOMBI, CAS, FZD, FRM\\\/BODY et plus encore\",\"breadcrumb\":{\"@id\":\"https:\\\/\\\/mmbobd2.com\\\/product\\\/bmwaicoder-editor\\\/#breadcrumb\"},\"inLanguage\":\"en-GB\",\"potentialAction\":[{\"@type\":\"ReadAction\",\"target\":[\"https:\\\/\\\/mmbobd2.com\\\/product\\\/bmwaicoder-editor\\\/\"]}]},{\"@type\":\"ImageObject\",\"inLanguage\":\"en-GB\",\"@id\":\"https:\\\/\\\/mmbobd2.com\\\/product\\\/bmwaicoder-editor\\\/#primaryimage\",\"url\":\"https:\\\/\\\/i0.wp.com\\\/mmbobd2.com\\\/wp-content\\\/uploads\\\/2023\\\/11\\\/BMWAICODER-jpg.webp?fit=1000%2C1000&ssl=1\",\"contentUrl\":\"https:\\\/\\\/i0.wp.com\\\/mmbobd2.com\\\/wp-content\\\/uploads\\\/2023\\\/11\\\/BMWAICODER-jpg.webp?fit=1000%2C1000&ssl=1\",\"width\":1000,\"height\":1000,\"caption\":\"BMWAiCoder EDITOR\"},{\"@type\":\"BreadcrumbList\",\"@id\":\"https:\\\/\\\/mmbobd2.com\\\/product\\\/bmwaicoder-editor\\\/#breadcrumb\",\"itemListElement\":[{\"@type\":\"ListItem\",\"position\":1,\"name\":\"Accueil\",\"item\":\"https:\\\/\\\/mmbobd2.com\\\/\"},{\"@type\":\"ListItem\",\"position\":2,\"name\":\"Boutique\",\"item\":\"https:\\\/\\\/mmbobd2.com\\\/logiciels-de-diagnostic-automobiles\\\/\"},{\"@type\":\"ListItem\",\"position\":3,\"name\":\"BMWAiCoder EDITOR\"}]},{\"@type\":\"WebSite\",\"@id\":\"https:\\\/\\\/mmbobd2.com\\\/#website\",\"url\":\"https:\\\/\\\/mmbobd2.com\\\/\",\"name\":\"MMB OBD2 SOFTWARE\",\"description\":\"\",\"publisher\":{\"@id\":\"https:\\\/\\\/mmbobd2.com\\\/#organization\"},\"alternateName\":\"mmbsoftauto\",\"potentialAction\":[{\"@type\":\"SearchAction\",\"target\":{\"@type\":\"EntryPoint\",\"urlTemplate\":\"https:\\\/\\\/mmbobd2.com\\\/?s={search_term_string}\"},\"query-input\":{\"@type\":\"PropertyValueSpecification\",\"valueRequired\":true,\"valueName\":\"search_term_string\"}}],\"inLanguage\":\"en-GB\"},{\"@type\":\"Organization\",\"@id\":\"https:\\\/\\\/mmbobd2.com\\\/#organization\",\"name\":\"MMB COMPANY\",\"url\":\"https:\\\/\\\/mmbobd2.com\\\/\",\"logo\":{\"@type\":\"ImageObject\",\"inLanguage\":\"en-GB\",\"@id\":\"https:\\\/\\\/mmbobd2.com\\\/#\\\/schema\\\/logo\\\/image\\\/\",\"url\":\"https:\\\/\\\/mmbobd2.com\\\/wp-content\\\/uploads\\\/2023\\\/10\\\/LOGO-ROND-MMB-200.png\",\"contentUrl\":\"https:\\\/\\\/mmbobd2.com\\\/wp-content\\\/uploads\\\/2023\\\/10\\\/LOGO-ROND-MMB-200.png\",\"width\":200,\"height\":200,\"caption\":\"MMB COMPANY\"},\"image\":{\"@id\":\"https:\\\/\\\/mmbobd2.com\\\/#\\\/schema\\\/logo\\\/image\\\/\"},\"sameAs\":[\"https:\\\/\\\/www.facebook.com\\\/profile.php?id=61552159950965\"]}]}<\/script>\n<!-- \/ Yoast SEO plugin. -->","yoast_head_json":{"title":"BMWAiCoder EDITOR MMB OBD2 SOFTWARE","description":"BMWAiCoder Editor : Logiciel de programmation avanc\u00e9 pour BMW, Mini. Personnalisez CIC\/NBT, ACSM, IHKA, HKL, KOMBI, CAS, FZD, FRM\/BODY et plus encore","robots":{"index":"index","follow":"follow","max-snippet":"max-snippet:-1","max-image-preview":"max-image-preview:large","max-video-preview":"max-video-preview:-1"},"canonical":"https:\/\/mmbobd2.com\/en\/product\/bmwaicoder-editor\/","og_locale":"en_GB","og_type":"article","og_title":"BMWAiCoder EDITOR","og_description":"BMWAiCoder Editor : Logiciel de programmation avanc\u00e9 pour BMW, Mini. Personnalisez CIC\/NBT, ACSM, IHKA, HKL, KOMBI, CAS, FZD, FRM\/BODY et plus encore","og_url":"https:\/\/mmbobd2.com\/en\/product\/bmwaicoder-editor\/","og_site_name":"MMB OBD2 SOFTWARE","article_publisher":"https:\/\/www.facebook.com\/profile.php?id=61552159950965","article_modified_time":"2026-03-10T01:00:58+00:00","og_image":[{"width":1000,"height":1000,"url":"https:\/\/mmbobd2.com\/wp-content\/uploads\/2023\/11\/BMWAICODER-jpg.webp","type":"image\/jpeg"}],"twitter_card":"summary_large_image","twitter_misc":{"Estimated reading time":"6 minutes"},"schema":{"@context":"https:\/\/schema.org","@graph":[{"@type":"WebPage","@id":"https:\/\/mmbobd2.com\/product\/bmwaicoder-editor\/","url":"https:\/\/mmbobd2.com\/product\/bmwaicoder-editor\/","name":"BMWAiCoder EDITOR MMB OBD2 SOFTWARE","isPartOf":{"@id":"https:\/\/mmbobd2.com\/#website"},"primaryImageOfPage":{"@id":"https:\/\/mmbobd2.com\/product\/bmwaicoder-editor\/#primaryimage"},"image":{"@id":"https:\/\/mmbobd2.com\/product\/bmwaicoder-editor\/#primaryimage"},"thumbnailUrl":"https:\/\/i0.wp.com\/mmbobd2.com\/wp-content\/uploads\/2023\/11\/BMWAICODER-jpg.webp?fit=1000%2C1000&ssl=1","datePublished":"2023-11-21T17:34:22+00:00","dateModified":"2026-03-10T01:00:58+00:00","description":"BMWAiCoder Editor : Logiciel de programmation avanc\u00e9 pour BMW, Mini. Personnalisez CIC\/NBT, ACSM, IHKA, HKL, KOMBI, CAS, FZD, FRM\/BODY et plus encore","breadcrumb":{"@id":"https:\/\/mmbobd2.com\/product\/bmwaicoder-editor\/#breadcrumb"},"inLanguage":"en-GB","potentialAction":[{"@type":"ReadAction","target":["https:\/\/mmbobd2.com\/product\/bmwaicoder-editor\/"]}]},{"@type":"ImageObject","inLanguage":"en-GB","@id":"https:\/\/mmbobd2.com\/product\/bmwaicoder-editor\/#primaryimage","url":"https:\/\/i0.wp.com\/mmbobd2.com\/wp-content\/uploads\/2023\/11\/BMWAICODER-jpg.webp?fit=1000%2C1000&ssl=1","contentUrl":"https:\/\/i0.wp.com\/mmbobd2.com\/wp-content\/uploads\/2023\/11\/BMWAICODER-jpg.webp?fit=1000%2C1000&ssl=1","width":1000,"height":1000,"caption":"BMWAiCoder EDITOR"},{"@type":"BreadcrumbList","@id":"https:\/\/mmbobd2.com\/product\/bmwaicoder-editor\/#breadcrumb","itemListElement":[{"@type":"ListItem","position":1,"name":"Accueil","item":"https:\/\/mmbobd2.com\/"},{"@type":"ListItem","position":2,"name":"Boutique","item":"https:\/\/mmbobd2.com\/logiciels-de-diagnostic-automobiles\/"},{"@type":"ListItem","position":3,"name":"BMWAiCoder EDITOR"}]},{"@type":"WebSite","@id":"https:\/\/mmbobd2.com\/#website","url":"https:\/\/mmbobd2.com\/","name":"MMB OBD2 SOFTWARE","description":"","publisher":{"@id":"https:\/\/mmbobd2.com\/#organization"},"alternateName":"mmbsoftauto","potentialAction":[{"@type":"SearchAction","target":{"@type":"EntryPoint","urlTemplate":"https:\/\/mmbobd2.com\/?s={search_term_string}"},"query-input":{"@type":"PropertyValueSpecification","valueRequired":true,"valueName":"search_term_string"}}],"inLanguage":"en-GB"},{"@type":"Organization","@id":"https:\/\/mmbobd2.com\/#organization","name":"MMB COMPANY","url":"https:\/\/mmbobd2.com\/","logo":{"@type":"ImageObject","inLanguage":"en-GB","@id":"https:\/\/mmbobd2.com\/#\/schema\/logo\/image\/","url":"https:\/\/mmbobd2.com\/wp-content\/uploads\/2023\/10\/LOGO-ROND-MMB-200.png","contentUrl":"https:\/\/mmbobd2.com\/wp-content\/uploads\/2023\/10\/LOGO-ROND-MMB-200.png","width":200,"height":200,"caption":"MMB COMPANY"},"image":{"@id":"https:\/\/mmbobd2.com\/#\/schema\/logo\/image\/"},"sameAs":["https:\/\/www.facebook.com\/profile.php?id=61552159950965"]}]}},"_links":{"self":[{"href":"https:\/\/mmbobd2.com\/en\/wp-json\/wp\/v2\/product\/682","targetHints":{"allow":["GET"]}}],"collection":[{"href":"https:\/\/mmbobd2.com\/en\/wp-json\/wp\/v2\/product"}],"about":[{"href":"https:\/\/mmbobd2.com\/en\/wp-json\/wp\/v2\/types\/product"}],"wp:featuredmedia":[{"embeddable":true,"href":"https:\/\/mmbobd2.com\/en\/wp-json\/wp\/v2\/media\/683"}],"wp:attachment":[{"href":"https:\/\/mmbobd2.com\/en\/wp-json\/wp\/v2\/media?parent=682"}],"wp:term":[{"taxonomy":"product_brand","embeddable":true,"href":"https:\/\/mmbobd2.com\/en\/wp-json\/wp\/v2\/product_brand?post=682"},{"taxonomy":"product_cat","embeddable":true,"href":"https:\/\/mmbobd2.com\/en\/wp-json\/wp\/v2\/product_cat?post=682"},{"taxonomy":"product_tag","embeddable":true,"href":"https:\/\/mmbobd2.com\/en\/wp-json\/wp\/v2\/product_tag?post=682"}],"curies":[{"name":"wp","href":"https:\/\/api.w.org\/{rel}","templated":true}]}}