{"id":69,"date":"2023-10-06T11:36:38","date_gmt":"2023-10-06T11:36:38","guid":{"rendered":"https:\/\/mmbobd2.com\/?post_type=product&#038;p=69"},"modified":"2023-11-07T22:47:07","modified_gmt":"2023-11-07T22:47:07","slug":"saab-tis-2000-globaltis","status":"publish","type":"product","link":"https:\/\/mmbobd2.com\/en\/product\/saab-tis-2000-globaltis\/","title":{"rendered":"SAAB TIS 2000 &#038; GlobalTIS 2010"},"content":{"rendered":"<p><audio class=\"audio-for-speech\"><\/audio><\/p>\n<div class=\"translate-tooltip-mtz translator-hidden\">\n<div class=\"header\">\n<div class=\"header-controls\">Translator<\/div>\n<div class=\"header-controls\"><\/div>\n<\/div>\n<div class=\"translated-text\">\n<div class=\"words\"><\/div>\n<div class=\"sentences\"><\/div>\n<\/div>\n<\/div>\n<p>&nbsp;<\/p>\n<h4 style=\"text-align: center;\"><strong><u>SAAB TIS 2000 &amp; GlobalTIS 2010<br \/>\n<\/u><\/strong><\/h4>\n<p><u>\u00a0<\/u><\/p>\n<h4><strong><u>Saab TIS 2000 &amp; Global Workshop Manuals <\/u><\/strong><\/h4>\n<p>Dans ce t\u00e9l\u00e9chargement, vous recevez la <a href=\"https:\/\/fr.wikipedia.org\/wiki\/Saab_Automobile\">Saab<\/a> TIS 2000 ainsi que la Saab TIS Global 2010 et EPC. Saab TIS 2000 &amp; Global Workshop Manuals. Les informations contenues dans ce manuel de r\u00e9paration d\u2019atelier proviennent directement du constructeur et constituent les informations d\u2019entretien les plus compl\u00e8tes disponibles pour les v\u00e9hicules Saab. Instructions \u00e9tape par \u00e9tape illustrations d\u00e9taill\u00e9es, dessins, diagrammes, explications r\u00e9parations et entretien. Manuel complet couvrant tout, du simple entretien \u00e0 un v\u00e9hicule complet d\u00e9mont\u00e9 et reconstruit. Diagrammes \u00e9clat\u00e9s.<\/p>\n<p>Comprend Saab <a href=\"https:\/\/mmbobd2.com\/en\/product-category\/manuel-de-reparation-catalogue-electronique-de-pieces-et-schemas-de-cablage\/\">EPC<\/a> \u2013 Catalogue \u00e9lectronique de pi\u00e8ces et sch\u00e9mas de c\u00e2blage SAAB TIS 2000 &amp; GlobalTIS .<\/p>\n<p>Mod\u00e8les couverts\u00a0:-900 1994-998-9000 1985-1998-9-2X (9316) 2005-2006-9-3 (9400) 1998-2003-9-3 (9440) 2003-2012-9-4X 2011-9-5 (9600) 1998-2010-9-5 (9650) 2010-2011<\/p>\n<h4><strong>Ann\u00e9es couvertes\u00a0:<\/strong><br \/>\n2013, 2012, 2011, 2010, 2009, 2008, 2007, 2006, 2005, 2004, 2003, 2002, 2001, 2000, 1999, 1998, 1997, 1996, 1995, 1994, 1993, 1992, 1991, 1990, 1989, 1988, 1987, 1986. Ann\u00e9e 1985<\/h4>\n<p>SECTIONS D\u2019INFORMATION SUR LE SERVICE \u2013 Toutes les sections s\u2019\u00e9tendent aux sous-sections<\/p>\n<h4><strong><u>Contenu<\/u><\/strong>:<\/h4>\n<p>Moteur de base, Syst\u00e8me de contr\u00f4le des \u00e9missions d&rsquo;\u00e9chappement, Syst\u00e8me d&rsquo;\u00e9chappement, Syst\u00e8me d&rsquo;alimentation, Syst\u00e8me de gestion du moteur, Syst\u00e8me d&rsquo;admission, Syst\u00e8me de refroidissement, Syst\u00e8me de turbocompression, Syst\u00e8me \u00e9lectrique, Syst\u00e8mes de charge, Syst\u00e8me de d\u00e9marrage, Syst\u00e8mes d&rsquo;\u00e9clairage et de signalisation, Syst\u00e8mes de lavage \/ essuyage, Communication de diagnostic de bus, Syst\u00e8mes audio, Harnais de c\u00e2blage et composants, Informations sur le conducteur, Unit\u00e9 d&rsquo;instruments principale et SID, Protection contre le vol, Aide au stationnement,<\/p>\n<p>SPA, T\u00e9l\u00e9matique et navigation,\u00a0 Aide au stationnement, SPA, T\u00e9l\u00e9matique et navigation, Transmission, Bo\u00eete de vitesses manuelle, Syst\u00e8mes d&#8217;embrayage, Arbres de transmission, Transmission automatique, Freins, TCS \/ ESP, Syst\u00e8me de frein \u00e0 pied, Frein \u00e0 main, Ensemble de direction, Relevage de direction, Syst\u00e8me de direction assist\u00e9e, Direction assist\u00e9e \u00e9lectro-hydraulique, Suspension\/Roues, Suspension avant, Suspension arri\u00e8re, Roues et pneus, Carrosserie, Syst\u00e8me de capot, Toit ouvrant, Portes et serrures, Verre, Fen\u00eatres et r\u00e9troviseurs, Syst\u00e8me d&rsquo;airbag, Si\u00e8ges, Syst\u00e8me de ceinture de s\u00e9curit\u00e9,\u00a0 \u00c9quipement int\u00e9rieur, Syst\u00e8me de climatisation, Accessoires, Syst\u00e8me audio, Protection contre le vol, \u00c9quipement int\u00e9rieur<\/p>","protected":false},"excerpt":{"rendered":"<p><audio class=\"audio-for-speech\"><\/audio><\/p>\n<div class=\"translate-tooltip-mtz translator-hidden\">\n<div class=\"header\">\n<div class=\"header-controls\">Translator<\/div>\n<div class=\"header-controls\"><\/div>\n<\/div>\n<div class=\"translated-text\">\n<div class=\"words\"><\/div>\n<div class=\"sentences\"><\/div>\n<\/div>\n<\/div>\n<p>&nbsp;<\/p>\n<p><strong><u>SAAB TIS 2000 &amp; GlobalTIS 2010<\/u><\/strong><\/p>\n<p>Saab TIS 2000 ainsi que la Saab TIS Global 2010 et EPC. Saab TIS 2000 &amp; Global Workshop Manuals. manuel de r\u00e9paration d\u2019atelier , Catalogue \u00e9lectronique de pi\u00e8ces et sch\u00e9mas de c\u00e2blage.<\/p>","protected":false},"featured_media":97,"template":"","meta":[],"product_brand":[],"product_cat":[18],"product_tag":[],"class_list":{"0":"post-69","1":"product","2":"type-product","3":"status-publish","4":"has-post-thumbnail","6":"product_cat-epc-et-manuels-de-reparation-auto","8":"first","9":"instock","10":"downloadable","11":"virtual","12":"purchasable","13":"product-type-simple"},"yoast_head":"<!-- This site is optimized with the Yoast SEO plugin v27.4 - https:\/\/yoast.com\/product\/yoast-seo-wordpress\/ -->\n<title>SAAB TIS 2000 &amp; GlobalTIS MMB OBD2 SOFTWARE<\/title>\n<meta name=\"description\" content=\"SAAB TIS 2000 GlobalTIS Manuels complets pour l&#039;entretien et la r\u00e9paration des v\u00e9hicules Saab, y compris les sch\u00e9mas de c\u00e2blage et les catalogues de pi\u00e8ces\" \/>\n<meta name=\"robots\" content=\"index, follow, max-snippet:-1, max-image-preview:large, max-video-preview:-1\" \/>\n<link rel=\"canonical\" href=\"https:\/\/mmbobd2.com\/en\/product\/saab-tis-2000-globaltis\/\" \/>\n<meta property=\"og:locale\" content=\"en_GB\" \/>\n<meta property=\"og:type\" content=\"article\" \/>\n<meta property=\"og:title\" content=\"SAAB TIS 2000 &amp; GlobalTIS MMB OBD2 SOFTWARE\" \/>\n<meta property=\"og:description\" content=\"SAAB TIS 2000 GlobalTIS Manuels complets pour l&#039;entretien et la r\u00e9paration des v\u00e9hicules Saab, y compris les sch\u00e9mas de c\u00e2blage et les catalogues de pi\u00e8ces\" \/>\n<meta property=\"og:url\" content=\"https:\/\/mmbobd2.com\/en\/product\/saab-tis-2000-globaltis\/\" \/>\n<meta property=\"og:site_name\" content=\"MMB OBD2 SOFTWARE\" \/>\n<meta property=\"article:publisher\" content=\"https:\/\/www.facebook.com\/profile.php?id=61552159950965\" \/>\n<meta property=\"article:modified_time\" content=\"2023-11-07T22:47:07+00:00\" \/>\n<meta property=\"og:image\" content=\"https:\/\/mmbobd2.com\/wp-content\/uploads\/2023\/10\/SAABTIS2000.jpg\" \/>\n\t<meta property=\"og:image:width\" content=\"1000\" \/>\n\t<meta property=\"og:image:height\" content=\"1000\" \/>\n\t<meta property=\"og:image:type\" content=\"image\/jpeg\" \/>\n<meta name=\"twitter:card\" content=\"summary_large_image\" \/>\n<meta name=\"twitter:label1\" content=\"Estimated reading time\" \/>\n\t<meta name=\"twitter:data1\" content=\"2 minutes\" \/>\n<script type=\"application\/ld+json\" class=\"yoast-schema-graph\">{\"@context\":\"https:\\\/\\\/schema.org\",\"@graph\":[{\"@type\":\"WebPage\",\"@id\":\"https:\\\/\\\/mmbobd2.com\\\/product\\\/saab-tis-2000-globaltis\\\/\",\"url\":\"https:\\\/\\\/mmbobd2.com\\\/product\\\/saab-tis-2000-globaltis\\\/\",\"name\":\"SAAB TIS 2000 & GlobalTIS MMB OBD2 SOFTWARE\",\"isPartOf\":{\"@id\":\"https:\\\/\\\/mmbobd2.com\\\/#website\"},\"primaryImageOfPage\":{\"@id\":\"https:\\\/\\\/mmbobd2.com\\\/product\\\/saab-tis-2000-globaltis\\\/#primaryimage\"},\"image\":{\"@id\":\"https:\\\/\\\/mmbobd2.com\\\/product\\\/saab-tis-2000-globaltis\\\/#primaryimage\"},\"thumbnailUrl\":\"https:\\\/\\\/i0.wp.com\\\/mmbobd2.com\\\/wp-content\\\/uploads\\\/2023\\\/10\\\/SAABTIS2000.jpg?fit=1000%2C1000&ssl=1\",\"datePublished\":\"2023-10-06T11:36:38+00:00\",\"dateModified\":\"2023-11-07T22:47:07+00:00\",\"description\":\"SAAB TIS 2000 GlobalTIS Manuels complets pour l'entretien et la r\u00e9paration des v\u00e9hicules Saab, y compris les sch\u00e9mas de c\u00e2blage et les catalogues de pi\u00e8ces\",\"breadcrumb\":{\"@id\":\"https:\\\/\\\/mmbobd2.com\\\/product\\\/saab-tis-2000-globaltis\\\/#breadcrumb\"},\"inLanguage\":\"en-GB\",\"potentialAction\":[{\"@type\":\"ReadAction\",\"target\":[\"https:\\\/\\\/mmbobd2.com\\\/product\\\/saab-tis-2000-globaltis\\\/\"]}]},{\"@type\":\"ImageObject\",\"inLanguage\":\"en-GB\",\"@id\":\"https:\\\/\\\/mmbobd2.com\\\/product\\\/saab-tis-2000-globaltis\\\/#primaryimage\",\"url\":\"https:\\\/\\\/i0.wp.com\\\/mmbobd2.com\\\/wp-content\\\/uploads\\\/2023\\\/10\\\/SAABTIS2000.jpg?fit=1000%2C1000&ssl=1\",\"contentUrl\":\"https:\\\/\\\/i0.wp.com\\\/mmbobd2.com\\\/wp-content\\\/uploads\\\/2023\\\/10\\\/SAABTIS2000.jpg?fit=1000%2C1000&ssl=1\",\"width\":1000,\"height\":1000,\"caption\":\"SAAB TIS 2000 & GlobalTIS 2010\"},{\"@type\":\"BreadcrumbList\",\"@id\":\"https:\\\/\\\/mmbobd2.com\\\/product\\\/saab-tis-2000-globaltis\\\/#breadcrumb\",\"itemListElement\":[{\"@type\":\"ListItem\",\"position\":1,\"name\":\"Accueil\",\"item\":\"https:\\\/\\\/mmbobd2.com\\\/\"},{\"@type\":\"ListItem\",\"position\":2,\"name\":\"Boutique\",\"item\":\"https:\\\/\\\/mmbobd2.com\\\/logiciels-de-diagnostic-automobiles\\\/\"},{\"@type\":\"ListItem\",\"position\":3,\"name\":\"SAAB TIS 2000 &#038; GlobalTIS 2010\"}]},{\"@type\":\"WebSite\",\"@id\":\"https:\\\/\\\/mmbobd2.com\\\/#website\",\"url\":\"https:\\\/\\\/mmbobd2.com\\\/\",\"name\":\"MMB OBD2 SOFTWARE\",\"description\":\"\",\"publisher\":{\"@id\":\"https:\\\/\\\/mmbobd2.com\\\/#organization\"},\"alternateName\":\"mmbsoftauto\",\"potentialAction\":[{\"@type\":\"SearchAction\",\"target\":{\"@type\":\"EntryPoint\",\"urlTemplate\":\"https:\\\/\\\/mmbobd2.com\\\/?s={search_term_string}\"},\"query-input\":{\"@type\":\"PropertyValueSpecification\",\"valueRequired\":true,\"valueName\":\"search_term_string\"}}],\"inLanguage\":\"en-GB\"},{\"@type\":\"Organization\",\"@id\":\"https:\\\/\\\/mmbobd2.com\\\/#organization\",\"name\":\"MMB COMPANY\",\"url\":\"https:\\\/\\\/mmbobd2.com\\\/\",\"logo\":{\"@type\":\"ImageObject\",\"inLanguage\":\"en-GB\",\"@id\":\"https:\\\/\\\/mmbobd2.com\\\/#\\\/schema\\\/logo\\\/image\\\/\",\"url\":\"https:\\\/\\\/mmbobd2.com\\\/wp-content\\\/uploads\\\/2023\\\/10\\\/LOGO-ROND-MMB-200.png\",\"contentUrl\":\"https:\\\/\\\/mmbobd2.com\\\/wp-content\\\/uploads\\\/2023\\\/10\\\/LOGO-ROND-MMB-200.png\",\"width\":200,\"height\":200,\"caption\":\"MMB COMPANY\"},\"image\":{\"@id\":\"https:\\\/\\\/mmbobd2.com\\\/#\\\/schema\\\/logo\\\/image\\\/\"},\"sameAs\":[\"https:\\\/\\\/www.facebook.com\\\/profile.php?id=61552159950965\"]}]}<\/script>\n<!-- \/ Yoast SEO plugin. -->","yoast_head_json":{"title":"SAAB TIS 2000 & GlobalTIS MMB OBD2 SOFTWARE","description":"SAAB TIS 2000 GlobalTIS Manuels complets pour l'entretien et la r\u00e9paration des v\u00e9hicules Saab, y compris les sch\u00e9mas de c\u00e2blage et les catalogues de pi\u00e8ces","robots":{"index":"index","follow":"follow","max-snippet":"max-snippet:-1","max-image-preview":"max-image-preview:large","max-video-preview":"max-video-preview:-1"},"canonical":"https:\/\/mmbobd2.com\/en\/product\/saab-tis-2000-globaltis\/","og_locale":"en_GB","og_type":"article","og_title":"SAAB TIS 2000 & GlobalTIS MMB OBD2 SOFTWARE","og_description":"SAAB TIS 2000 GlobalTIS Manuels complets pour l'entretien et la r\u00e9paration des v\u00e9hicules Saab, y compris les sch\u00e9mas de c\u00e2blage et les catalogues de pi\u00e8ces","og_url":"https:\/\/mmbobd2.com\/en\/product\/saab-tis-2000-globaltis\/","og_site_name":"MMB OBD2 SOFTWARE","article_publisher":"https:\/\/www.facebook.com\/profile.php?id=61552159950965","article_modified_time":"2023-11-07T22:47:07+00:00","og_image":[{"width":1000,"height":1000,"url":"https:\/\/mmbobd2.com\/wp-content\/uploads\/2023\/10\/SAABTIS2000.jpg","type":"image\/jpeg"}],"twitter_card":"summary_large_image","twitter_misc":{"Estimated reading time":"2 minutes"},"schema":{"@context":"https:\/\/schema.org","@graph":[{"@type":"WebPage","@id":"https:\/\/mmbobd2.com\/product\/saab-tis-2000-globaltis\/","url":"https:\/\/mmbobd2.com\/product\/saab-tis-2000-globaltis\/","name":"SAAB TIS 2000 & GlobalTIS MMB OBD2 SOFTWARE","isPartOf":{"@id":"https:\/\/mmbobd2.com\/#website"},"primaryImageOfPage":{"@id":"https:\/\/mmbobd2.com\/product\/saab-tis-2000-globaltis\/#primaryimage"},"image":{"@id":"https:\/\/mmbobd2.com\/product\/saab-tis-2000-globaltis\/#primaryimage"},"thumbnailUrl":"https:\/\/i0.wp.com\/mmbobd2.com\/wp-content\/uploads\/2023\/10\/SAABTIS2000.jpg?fit=1000%2C1000&ssl=1","datePublished":"2023-10-06T11:36:38+00:00","dateModified":"2023-11-07T22:47:07+00:00","description":"SAAB TIS 2000 GlobalTIS Manuels complets pour l'entretien et la r\u00e9paration des v\u00e9hicules Saab, y compris les sch\u00e9mas de c\u00e2blage et les catalogues de pi\u00e8ces","breadcrumb":{"@id":"https:\/\/mmbobd2.com\/product\/saab-tis-2000-globaltis\/#breadcrumb"},"inLanguage":"en-GB","potentialAction":[{"@type":"ReadAction","target":["https:\/\/mmbobd2.com\/product\/saab-tis-2000-globaltis\/"]}]},{"@type":"ImageObject","inLanguage":"en-GB","@id":"https:\/\/mmbobd2.com\/product\/saab-tis-2000-globaltis\/#primaryimage","url":"https:\/\/i0.wp.com\/mmbobd2.com\/wp-content\/uploads\/2023\/10\/SAABTIS2000.jpg?fit=1000%2C1000&ssl=1","contentUrl":"https:\/\/i0.wp.com\/mmbobd2.com\/wp-content\/uploads\/2023\/10\/SAABTIS2000.jpg?fit=1000%2C1000&ssl=1","width":1000,"height":1000,"caption":"SAAB TIS 2000 & GlobalTIS 2010"},{"@type":"BreadcrumbList","@id":"https:\/\/mmbobd2.com\/product\/saab-tis-2000-globaltis\/#breadcrumb","itemListElement":[{"@type":"ListItem","position":1,"name":"Accueil","item":"https:\/\/mmbobd2.com\/"},{"@type":"ListItem","position":2,"name":"Boutique","item":"https:\/\/mmbobd2.com\/logiciels-de-diagnostic-automobiles\/"},{"@type":"ListItem","position":3,"name":"SAAB TIS 2000 &#038; GlobalTIS 2010"}]},{"@type":"WebSite","@id":"https:\/\/mmbobd2.com\/#website","url":"https:\/\/mmbobd2.com\/","name":"MMB OBD2 SOFTWARE","description":"","publisher":{"@id":"https:\/\/mmbobd2.com\/#organization"},"alternateName":"mmbsoftauto","potentialAction":[{"@type":"SearchAction","target":{"@type":"EntryPoint","urlTemplate":"https:\/\/mmbobd2.com\/?s={search_term_string}"},"query-input":{"@type":"PropertyValueSpecification","valueRequired":true,"valueName":"search_term_string"}}],"inLanguage":"en-GB"},{"@type":"Organization","@id":"https:\/\/mmbobd2.com\/#organization","name":"MMB COMPANY","url":"https:\/\/mmbobd2.com\/","logo":{"@type":"ImageObject","inLanguage":"en-GB","@id":"https:\/\/mmbobd2.com\/#\/schema\/logo\/image\/","url":"https:\/\/mmbobd2.com\/wp-content\/uploads\/2023\/10\/LOGO-ROND-MMB-200.png","contentUrl":"https:\/\/mmbobd2.com\/wp-content\/uploads\/2023\/10\/LOGO-ROND-MMB-200.png","width":200,"height":200,"caption":"MMB COMPANY"},"image":{"@id":"https:\/\/mmbobd2.com\/#\/schema\/logo\/image\/"},"sameAs":["https:\/\/www.facebook.com\/profile.php?id=61552159950965"]}]}},"_links":{"self":[{"href":"https:\/\/mmbobd2.com\/en\/wp-json\/wp\/v2\/product\/69","targetHints":{"allow":["GET"]}}],"collection":[{"href":"https:\/\/mmbobd2.com\/en\/wp-json\/wp\/v2\/product"}],"about":[{"href":"https:\/\/mmbobd2.com\/en\/wp-json\/wp\/v2\/types\/product"}],"wp:featuredmedia":[{"embeddable":true,"href":"https:\/\/mmbobd2.com\/en\/wp-json\/wp\/v2\/media\/97"}],"wp:attachment":[{"href":"https:\/\/mmbobd2.com\/en\/wp-json\/wp\/v2\/media?parent=69"}],"wp:term":[{"taxonomy":"product_brand","embeddable":true,"href":"https:\/\/mmbobd2.com\/en\/wp-json\/wp\/v2\/product_brand?post=69"},{"taxonomy":"product_cat","embeddable":true,"href":"https:\/\/mmbobd2.com\/en\/wp-json\/wp\/v2\/product_cat?post=69"},{"taxonomy":"product_tag","embeddable":true,"href":"https:\/\/mmbobd2.com\/en\/wp-json\/wp\/v2\/product_tag?post=69"}],"curies":[{"name":"wp","href":"https:\/\/api.w.org\/{rel}","templated":true}]}}