{"id":694,"date":"2023-11-21T18:59:01","date_gmt":"2023-11-21T18:59:01","guid":{"rendered":"https:\/\/mmbobd2.com\/?post_type=product&#038;p=694"},"modified":"2024-01-04T08:25:31","modified_gmt":"2024-01-04T08:25:31","slug":"haynes-pro-direct-pc-no-vm","status":"publish","type":"product","link":"https:\/\/mmbobd2.com\/en\/product\/haynes-pro-direct-pc-no-vm\/","title":{"rendered":"HAYNES Pro Direct Pc NO VM"},"content":{"rendered":"<h2 style=\"text-align: center;\"><strong>HAYNES PRO<br \/>\n<\/strong><\/h2>\n<p style=\"text-align: center;\">\nAPRES ACHAT IL VOUS SERAS ENVOYER UN LIEN DE TELECHARGEMENT<\/p>\n<p>HAYNES Pro NO VM MMB SOFTWARE Pro ATRIS Stakis : Votre guide de r\u00e9paration automobile de confiance<\/p>\n<p>Si vous \u00eates passionn\u00e9 d\u2019automobile ou un professionnel de la r\u00e9paration,<a href=\"https:\/\/www.haynespro.com\/fr\">HAYNES<\/a> Pro NO VM <a href=\"https:\/\/mmbobd2.com\/en\/product\/haynes-pro-mmb-software\/\">MMB<\/a> SOFTWARE Pro\u00a0 ATRIS Stakis est l\u2019outil dont vous avez besoin. Avec une base de donn\u00e9es couvrant les marques les plus populaires de 1980 \u00e0 2018, ce manuel \u00e9lectronique est votre ressource compl\u00e8te pour la r\u00e9paration automobile.<\/p>\n<p>Donn\u00e9es pr\u00e9cises pour chaque besoin<\/p>\n<p>Ce programme comprend des biblioth\u00e8ques compl\u00e8tes de sp\u00e9cifications techniques, de diagrammes, de syst\u00e8mes, d\u2019outils n\u00e9cessaires, d\u2019intervalles d\u2019entretien, de descriptions exactes et de guides \u00e9tape par \u00e9tape pour chaque op\u00e9ration de r\u00e9paration. Que vous soyez un amateur qui aime bricoler sa voiture ou un professionnel chevronn\u00e9, Haynes Pro vous donne les informations dont vous avez besoin.<\/p>\n<p>Facilit\u00e9 d\u2019utilisation pour tous<\/p>\n<p>Que vous soyez un d\u00e9butant ou un expert, l\u2019interface conviviale de Haynes Pro en fait un outil accessible pour tous. Trouvez rapidement les informations dont vous avez besoin, que ce soit pour diagnostiquer un probl\u00e8me, effectuer un entretien r\u00e9gulier ou r\u00e9parer une panne.<\/p>\n<p>N\u2019attendez plus, d\u00e9couvrez Haynes Pro\u00a0 ATRIS Stakis et maximisez l\u2019efficacit\u00e9 de vos r\u00e9parations automobiles d\u00e8s aujourd\u2019hui.<\/p>\n<p>Le programme fournit des informations sur les syst\u00e8mes suivants:<\/p>\n<p>Sch\u00e9mas pour le diagnostic correct du probl\u00e8me<br \/>\n\u2013 Service<br \/>\n\u2013 int\u00e9rieur\/ext\u00e9rieur<br \/>\n\u2013 Transmission<br \/>\n\u2013 \u00c9lectronique<br \/>\n\u2013 Gestion<br \/>\n\u2013 Syst\u00e8mes de navigation<br \/>\n\u2013 Suspension<br \/>\n\u2013 Modules de confort<br \/>\n\u2013 Freins<br \/>\n\u2013 Appareils et dispositifs de mise \u00e0 feu<br \/>\n\u2013 Messages temps de service<br \/>\n\u2013 Param\u00e8tres de gestion<br \/>\n\u2013 Pression de type<br \/>\n\u2013 Syst\u00e8mes de surveillance<br \/>\n\u2013 Guide de r\u00e9paration<br \/>\n\u2013 Mass et lubrifiants<br \/>\n\u2013 Dessins techniques<br \/>\n\u2013 Informations g\u00e9n\u00e9rales<br \/>\n\u2013 Syst\u00e8mes d\u2019aspiration<\/p>\n<p>Le programme ex\u00e9cute Windows XP, Windows 7, 8 ou 10.<\/p>\n<p>HAYNES PRO MMB SOFTWARE<\/p>","protected":false},"excerpt":{"rendered":"<p><audio class=\"audio-for-speech\"><\/audio><\/p>\n<div class=\"translate-tooltip-mtz translator-hidden\">\n<div class=\"header\">\n<div class=\"header-controls\">Translator<\/div>\n<div class=\"header-controls\"><\/div>\n<div class=\"header-controls\"><\/div>\n<\/div>\n<div class=\"translated-text\">\n<div class=\"words\"><\/div>\n<div class=\"sentences\"><\/div>\n<\/div>\n<\/div>\n<p>&nbsp;<\/p>\n<p>HAYNES Pro VM MMB SOFTWARE Pro ATRIS Stakis : Votre guide de r\u00e9paration automobile \u00e9lectronique. Informations pr\u00e9cises et compl\u00e8tes.<\/p>","protected":false},"featured_media":695,"template":"","meta":[],"product_brand":[],"product_cat":[18],"product_tag":[],"class_list":{"0":"post-694","1":"product","2":"type-product","3":"status-publish","4":"has-post-thumbnail","6":"product_cat-epc-et-manuels-de-reparation-auto","8":"first","9":"instock","10":"downloadable","11":"virtual","12":"purchasable","13":"product-type-simple"},"yoast_head":"<!-- This site is optimized with the Yoast SEO plugin v27.4 - https:\/\/yoast.com\/product\/yoast-seo-wordpress\/ -->\n<title>HAYNES Pro NO VM MMB OBD2 SOFTWARE<\/title>\n<meta name=\"description\" content=\"HAYNES Pro NO VM MMB SOFTWARE Pro ATRIS Stakis : Votre guide de r\u00e9paration automobile \u00e9lectronique. Informations pr\u00e9cises et compl\u00e8tes.\" \/>\n<meta name=\"robots\" content=\"index, follow, max-snippet:-1, max-image-preview:large, max-video-preview:-1\" \/>\n<link rel=\"canonical\" href=\"https:\/\/mmbobd2.com\/en\/product\/haynes-pro-direct-pc-no-vm\/\" \/>\n<meta property=\"og:locale\" content=\"en_GB\" \/>\n<meta property=\"og:type\" content=\"article\" \/>\n<meta property=\"og:title\" content=\"HAYNES Pro Direct Pc NO VM\" \/>\n<meta property=\"og:description\" content=\"HAYNES Pro NO VM MMB SOFTWARE Pro ATRIS Stakis : Votre guide de r\u00e9paration automobile \u00e9lectronique. Informations pr\u00e9cises et compl\u00e8tes.\" \/>\n<meta property=\"og:url\" content=\"https:\/\/mmbobd2.com\/en\/product\/haynes-pro-direct-pc-no-vm\/\" \/>\n<meta property=\"og:site_name\" content=\"MMB OBD2 SOFTWARE\" \/>\n<meta property=\"article:publisher\" content=\"https:\/\/www.facebook.com\/profile.php?id=61552159950965\" \/>\n<meta property=\"article:modified_time\" content=\"2024-01-04T08:25:31+00:00\" \/>\n<meta property=\"og:image\" content=\"https:\/\/mmbobd2.com\/wp-content\/uploads\/2023\/11\/Haynes-Pro--jpg.webp\" \/>\n\t<meta property=\"og:image:width\" content=\"1000\" \/>\n\t<meta property=\"og:image:height\" content=\"1000\" \/>\n\t<meta property=\"og:image:type\" content=\"image\/jpeg\" \/>\n<meta name=\"twitter:card\" content=\"summary_large_image\" \/>\n<meta name=\"twitter:label1\" content=\"Estimated reading time\" \/>\n\t<meta name=\"twitter:data1\" content=\"2 minutes\" \/>\n<script type=\"application\/ld+json\" class=\"yoast-schema-graph\">{\"@context\":\"https:\\\/\\\/schema.org\",\"@graph\":[{\"@type\":\"WebPage\",\"@id\":\"https:\\\/\\\/mmbobd2.com\\\/product\\\/haynes-pro-direct-pc-no-vm\\\/\",\"url\":\"https:\\\/\\\/mmbobd2.com\\\/product\\\/haynes-pro-direct-pc-no-vm\\\/\",\"name\":\"HAYNES Pro NO VM MMB OBD2 SOFTWARE\",\"isPartOf\":{\"@id\":\"https:\\\/\\\/mmbobd2.com\\\/#website\"},\"primaryImageOfPage\":{\"@id\":\"https:\\\/\\\/mmbobd2.com\\\/product\\\/haynes-pro-direct-pc-no-vm\\\/#primaryimage\"},\"image\":{\"@id\":\"https:\\\/\\\/mmbobd2.com\\\/product\\\/haynes-pro-direct-pc-no-vm\\\/#primaryimage\"},\"thumbnailUrl\":\"https:\\\/\\\/i0.wp.com\\\/mmbobd2.com\\\/wp-content\\\/uploads\\\/2023\\\/11\\\/Haynes-Pro--jpg.webp?fit=1000%2C1000&ssl=1\",\"datePublished\":\"2023-11-21T18:59:01+00:00\",\"dateModified\":\"2024-01-04T08:25:31+00:00\",\"description\":\"HAYNES Pro NO VM MMB SOFTWARE Pro ATRIS Stakis : Votre guide de r\u00e9paration automobile \u00e9lectronique. Informations pr\u00e9cises et compl\u00e8tes.\",\"breadcrumb\":{\"@id\":\"https:\\\/\\\/mmbobd2.com\\\/product\\\/haynes-pro-direct-pc-no-vm\\\/#breadcrumb\"},\"inLanguage\":\"en-GB\",\"potentialAction\":[{\"@type\":\"ReadAction\",\"target\":[\"https:\\\/\\\/mmbobd2.com\\\/product\\\/haynes-pro-direct-pc-no-vm\\\/\"]}]},{\"@type\":\"ImageObject\",\"inLanguage\":\"en-GB\",\"@id\":\"https:\\\/\\\/mmbobd2.com\\\/product\\\/haynes-pro-direct-pc-no-vm\\\/#primaryimage\",\"url\":\"https:\\\/\\\/i0.wp.com\\\/mmbobd2.com\\\/wp-content\\\/uploads\\\/2023\\\/11\\\/Haynes-Pro--jpg.webp?fit=1000%2C1000&ssl=1\",\"contentUrl\":\"https:\\\/\\\/i0.wp.com\\\/mmbobd2.com\\\/wp-content\\\/uploads\\\/2023\\\/11\\\/Haynes-Pro--jpg.webp?fit=1000%2C1000&ssl=1\",\"width\":1000,\"height\":1000,\"caption\":\"HAYNES Pro Direct Pc NO VM\"},{\"@type\":\"BreadcrumbList\",\"@id\":\"https:\\\/\\\/mmbobd2.com\\\/product\\\/haynes-pro-direct-pc-no-vm\\\/#breadcrumb\",\"itemListElement\":[{\"@type\":\"ListItem\",\"position\":1,\"name\":\"Accueil\",\"item\":\"https:\\\/\\\/mmbobd2.com\\\/\"},{\"@type\":\"ListItem\",\"position\":2,\"name\":\"Boutique\",\"item\":\"https:\\\/\\\/mmbobd2.com\\\/logiciels-de-diagnostic-automobiles\\\/\"},{\"@type\":\"ListItem\",\"position\":3,\"name\":\"HAYNES Pro Direct Pc NO VM\"}]},{\"@type\":\"WebSite\",\"@id\":\"https:\\\/\\\/mmbobd2.com\\\/#website\",\"url\":\"https:\\\/\\\/mmbobd2.com\\\/\",\"name\":\"MMB OBD2 SOFTWARE\",\"description\":\"\",\"publisher\":{\"@id\":\"https:\\\/\\\/mmbobd2.com\\\/#organization\"},\"alternateName\":\"mmbsoftauto\",\"potentialAction\":[{\"@type\":\"SearchAction\",\"target\":{\"@type\":\"EntryPoint\",\"urlTemplate\":\"https:\\\/\\\/mmbobd2.com\\\/?s={search_term_string}\"},\"query-input\":{\"@type\":\"PropertyValueSpecification\",\"valueRequired\":true,\"valueName\":\"search_term_string\"}}],\"inLanguage\":\"en-GB\"},{\"@type\":\"Organization\",\"@id\":\"https:\\\/\\\/mmbobd2.com\\\/#organization\",\"name\":\"MMB COMPANY\",\"url\":\"https:\\\/\\\/mmbobd2.com\\\/\",\"logo\":{\"@type\":\"ImageObject\",\"inLanguage\":\"en-GB\",\"@id\":\"https:\\\/\\\/mmbobd2.com\\\/#\\\/schema\\\/logo\\\/image\\\/\",\"url\":\"https:\\\/\\\/mmbobd2.com\\\/wp-content\\\/uploads\\\/2023\\\/10\\\/LOGO-ROND-MMB-200.png\",\"contentUrl\":\"https:\\\/\\\/mmbobd2.com\\\/wp-content\\\/uploads\\\/2023\\\/10\\\/LOGO-ROND-MMB-200.png\",\"width\":200,\"height\":200,\"caption\":\"MMB COMPANY\"},\"image\":{\"@id\":\"https:\\\/\\\/mmbobd2.com\\\/#\\\/schema\\\/logo\\\/image\\\/\"},\"sameAs\":[\"https:\\\/\\\/www.facebook.com\\\/profile.php?id=61552159950965\"]}]}<\/script>\n<!-- \/ Yoast SEO plugin. -->","yoast_head_json":{"title":"HAYNES Pro NO VM MMB OBD2 SOFTWARE","description":"HAYNES Pro NO VM MMB SOFTWARE Pro ATRIS Stakis : Votre guide de r\u00e9paration automobile \u00e9lectronique. Informations pr\u00e9cises et compl\u00e8tes.","robots":{"index":"index","follow":"follow","max-snippet":"max-snippet:-1","max-image-preview":"max-image-preview:large","max-video-preview":"max-video-preview:-1"},"canonical":"https:\/\/mmbobd2.com\/en\/product\/haynes-pro-direct-pc-no-vm\/","og_locale":"en_GB","og_type":"article","og_title":"HAYNES Pro Direct Pc NO VM","og_description":"HAYNES Pro NO VM MMB SOFTWARE Pro ATRIS Stakis : Votre guide de r\u00e9paration automobile \u00e9lectronique. Informations pr\u00e9cises et compl\u00e8tes.","og_url":"https:\/\/mmbobd2.com\/en\/product\/haynes-pro-direct-pc-no-vm\/","og_site_name":"MMB OBD2 SOFTWARE","article_publisher":"https:\/\/www.facebook.com\/profile.php?id=61552159950965","article_modified_time":"2024-01-04T08:25:31+00:00","og_image":[{"width":1000,"height":1000,"url":"https:\/\/mmbobd2.com\/wp-content\/uploads\/2023\/11\/Haynes-Pro--jpg.webp","type":"image\/jpeg"}],"twitter_card":"summary_large_image","twitter_misc":{"Estimated reading time":"2 minutes"},"schema":{"@context":"https:\/\/schema.org","@graph":[{"@type":"WebPage","@id":"https:\/\/mmbobd2.com\/product\/haynes-pro-direct-pc-no-vm\/","url":"https:\/\/mmbobd2.com\/product\/haynes-pro-direct-pc-no-vm\/","name":"HAYNES Pro NO VM MMB OBD2 SOFTWARE","isPartOf":{"@id":"https:\/\/mmbobd2.com\/#website"},"primaryImageOfPage":{"@id":"https:\/\/mmbobd2.com\/product\/haynes-pro-direct-pc-no-vm\/#primaryimage"},"image":{"@id":"https:\/\/mmbobd2.com\/product\/haynes-pro-direct-pc-no-vm\/#primaryimage"},"thumbnailUrl":"https:\/\/i0.wp.com\/mmbobd2.com\/wp-content\/uploads\/2023\/11\/Haynes-Pro--jpg.webp?fit=1000%2C1000&ssl=1","datePublished":"2023-11-21T18:59:01+00:00","dateModified":"2024-01-04T08:25:31+00:00","description":"HAYNES Pro NO VM MMB SOFTWARE Pro ATRIS Stakis : Votre guide de r\u00e9paration automobile \u00e9lectronique. Informations pr\u00e9cises et compl\u00e8tes.","breadcrumb":{"@id":"https:\/\/mmbobd2.com\/product\/haynes-pro-direct-pc-no-vm\/#breadcrumb"},"inLanguage":"en-GB","potentialAction":[{"@type":"ReadAction","target":["https:\/\/mmbobd2.com\/product\/haynes-pro-direct-pc-no-vm\/"]}]},{"@type":"ImageObject","inLanguage":"en-GB","@id":"https:\/\/mmbobd2.com\/product\/haynes-pro-direct-pc-no-vm\/#primaryimage","url":"https:\/\/i0.wp.com\/mmbobd2.com\/wp-content\/uploads\/2023\/11\/Haynes-Pro--jpg.webp?fit=1000%2C1000&ssl=1","contentUrl":"https:\/\/i0.wp.com\/mmbobd2.com\/wp-content\/uploads\/2023\/11\/Haynes-Pro--jpg.webp?fit=1000%2C1000&ssl=1","width":1000,"height":1000,"caption":"HAYNES Pro Direct Pc NO VM"},{"@type":"BreadcrumbList","@id":"https:\/\/mmbobd2.com\/product\/haynes-pro-direct-pc-no-vm\/#breadcrumb","itemListElement":[{"@type":"ListItem","position":1,"name":"Accueil","item":"https:\/\/mmbobd2.com\/"},{"@type":"ListItem","position":2,"name":"Boutique","item":"https:\/\/mmbobd2.com\/logiciels-de-diagnostic-automobiles\/"},{"@type":"ListItem","position":3,"name":"HAYNES Pro Direct Pc NO VM"}]},{"@type":"WebSite","@id":"https:\/\/mmbobd2.com\/#website","url":"https:\/\/mmbobd2.com\/","name":"MMB OBD2 SOFTWARE","description":"","publisher":{"@id":"https:\/\/mmbobd2.com\/#organization"},"alternateName":"mmbsoftauto","potentialAction":[{"@type":"SearchAction","target":{"@type":"EntryPoint","urlTemplate":"https:\/\/mmbobd2.com\/?s={search_term_string}"},"query-input":{"@type":"PropertyValueSpecification","valueRequired":true,"valueName":"search_term_string"}}],"inLanguage":"en-GB"},{"@type":"Organization","@id":"https:\/\/mmbobd2.com\/#organization","name":"MMB COMPANY","url":"https:\/\/mmbobd2.com\/","logo":{"@type":"ImageObject","inLanguage":"en-GB","@id":"https:\/\/mmbobd2.com\/#\/schema\/logo\/image\/","url":"https:\/\/mmbobd2.com\/wp-content\/uploads\/2023\/10\/LOGO-ROND-MMB-200.png","contentUrl":"https:\/\/mmbobd2.com\/wp-content\/uploads\/2023\/10\/LOGO-ROND-MMB-200.png","width":200,"height":200,"caption":"MMB COMPANY"},"image":{"@id":"https:\/\/mmbobd2.com\/#\/schema\/logo\/image\/"},"sameAs":["https:\/\/www.facebook.com\/profile.php?id=61552159950965"]}]}},"_links":{"self":[{"href":"https:\/\/mmbobd2.com\/en\/wp-json\/wp\/v2\/product\/694","targetHints":{"allow":["GET"]}}],"collection":[{"href":"https:\/\/mmbobd2.com\/en\/wp-json\/wp\/v2\/product"}],"about":[{"href":"https:\/\/mmbobd2.com\/en\/wp-json\/wp\/v2\/types\/product"}],"wp:featuredmedia":[{"embeddable":true,"href":"https:\/\/mmbobd2.com\/en\/wp-json\/wp\/v2\/media\/695"}],"wp:attachment":[{"href":"https:\/\/mmbobd2.com\/en\/wp-json\/wp\/v2\/media?parent=694"}],"wp:term":[{"taxonomy":"product_brand","embeddable":true,"href":"https:\/\/mmbobd2.com\/en\/wp-json\/wp\/v2\/product_brand?post=694"},{"taxonomy":"product_cat","embeddable":true,"href":"https:\/\/mmbobd2.com\/en\/wp-json\/wp\/v2\/product_cat?post=694"},{"taxonomy":"product_tag","embeddable":true,"href":"https:\/\/mmbobd2.com\/en\/wp-json\/wp\/v2\/product_tag?post=694"}],"curies":[{"name":"wp","href":"https:\/\/api.w.org\/{rel}","templated":true}]}}