{"id":696,"date":"2023-11-21T19:08:41","date_gmt":"2023-11-21T19:08:41","guid":{"rendered":"https:\/\/mmbobd2.com\/?post_type=product&#038;p=696"},"modified":"2023-11-21T19:08:42","modified_gmt":"2023-11-21T19:08:42","slug":"gds-kia-hyundai-diagnostic-tool","status":"publish","type":"product","link":"https:\/\/mmbobd2.com\/en\/product\/gds-kia-hyundai-diagnostic-tool\/","title":{"rendered":"GDS KIA HYUNDAI Diagnostic Tool"},"content":{"rendered":"<h3 style=\"text-align: center;\"><strong>GDS KIA HYUNDAI<\/strong><\/h3>\n<p style=\"text-align: center;\">\nAPRES ACHAT IL VOUS SERAS ENVOYER UN LIEN DE TELECHARGEMENT<\/p>\n<h4>\n<strong>Le Global Diagnostic System (GDS) est l\u2019outil de diagnostic OEM utilis\u00e9 par les concessionnaires <a href=\"https:\/\/www.hyundai.com\/fr\/fr.html\">Hyundai<\/a>.<\/strong><\/h4>\n<p>GDS fournit des capacit\u00e9s compl\u00e8tes de diagnostic et de reprogrammation pour tous les v\u00e9hicules Hyundai et Kia , ainsi qu\u2019une base de donn\u00e9es compl\u00e8te d\u2019informations sur l\u2019entretien et la reparation<\/p>\n<p>Avec un mat\u00e9riel avanc\u00e9 et des fonctionnalit\u00e9s logicielles compl\u00e8tes, GDS fournit une solution compl\u00e8te de diagnostic et d\u2019entretien pour tout v\u00e9hicule Hyundai. Le logiciel GDS fournit des informations compl\u00e8tes sur l\u2019entretien et le d\u00e9pannage sous forme d\u2019instructions d\u00e9taill\u00e9es de r\u00e9paration et d\u2019entretien. Les instructions sont en partie en <a href=\"https:\/\/mmbobd2.com\/en\/\">anglais<\/a>.<\/p>\n<p>&nbsp;<\/p>\n<p>Caract\u00e9ristiques du programme<\/p>\n<p>Informations sur le v\u00e9hicule :<\/p>\n<p>&#8211; Controle les informations de production\/vente et l\u2019historique de garantie pour le NIV s\u00e9lectionn\u00e9, le PC doit \u00eatre connect\u00e9 \u00e0 Internet.<\/p>\n<p>&#8211; V\u00e9rifie les informations de donn\u00e9es de divers bulletins, GDS fournit une fonction de recherche qui effectue une recherche avec le DTC, le sympt\u00f4me, le v\u00e9hicule (mod\u00e8le) et l\u2019historique de garantie VIN<\/p>\n<p>&#8211; V\u00e9rifie l\u2019expiration de la garantie du v\u00e9hicule par rapport au NIV s\u00e9lectionn\u00e9<\/p>\n<h4><strong>Test de performance du v\u00e9hicule :<\/strong><\/h4>\n<p>&#8211; Prise en charge de la liste standard et de l\u2019\u00e9tape de test pour le service de maintenance.<\/p>\n<h4><strong>Analyse des donn\u00e9es :<\/strong><\/h4>\n<p>&#8211; V\u00e9rifie les \u00ab donn\u00e9es actuelles \u00bb et les informations connexes en communiquant avec un module de contr\u00f4le qui utilise la fonction de balayage VCI.<\/p>\n<p>Analyse DTC :<\/p>\n<p>&#8211; V\u00e9rifie les codes d\u2019erreur et les informations connexes confirm\u00e9es par la communication entre la fonction VCI Scan Tool et le module de commande.<\/p>\n<p>Mise \u00e0 niveau de l\u2019ECU :<\/p>\n<p>&#8211; S\u00e9lection automatique de l\u2019\u00e9v\u00e9nement par le v\u00e9hicule et support d\u2019information associ\u00e9 en fonction de la proc\u00e9dure.<\/p>\n<p>Analyse De cas :<\/p>\n<p>&#8211; Fournit des cas de maintenance pour les sympt\u00f4mes d\u2019erreur s\u00e9lectionn\u00e9s dans la fonction de s\u00e9lection automatique.<\/p>\n<p>&nbsp;<\/p>\n<h4><strong>Le logiciel fonctionne avec l\u2019interface Hyndai\/Kia VCI.<\/strong><\/h4>\n<p>Basique:<\/p>\n<p>processeur double c\u0153ur d\u2019au moins 2000 GHz<\/p>\n<p>4 Go de RAM<\/p>\n<p>Fonctionne sur tous les syst\u00e8mes Windows, de Windows 7 \u00e0 Windows 10 inclus<\/p>\n<p>Multilingue<\/p>","protected":false},"excerpt":{"rendered":"<p>GDS KIA HYUNDAI Diagnostic Tool : Outil de diagnostic OEM pour Hyundai. Diagnostic complet, reprogrammation, et base de donn\u00e9es d&rsquo;entretien.<\/p>","protected":false},"featured_media":697,"template":"","meta":[],"product_brand":[],"product_cat":[16],"product_tag":[],"class_list":{"0":"post-696","1":"product","2":"type-product","3":"status-publish","4":"has-post-thumbnail","6":"product_cat-diagnostic-automobiles","8":"first","9":"instock","10":"downloadable","11":"virtual","12":"purchasable","13":"product-type-simple"},"yoast_head":"<!-- This site is optimized with the Yoast SEO plugin v27.4 - https:\/\/yoast.com\/product\/yoast-seo-wordpress\/ -->\n<title>GDS KIA HYUNDAI Diagnostic Tool MMB OBD2 SOFTWARE<\/title>\n<meta name=\"description\" content=\"GDS KIA HYUNDAI Diagnostic Tool : Outil de diagnostic OEM pour Hyundai. Diagnostic complet, reprogrammation, et base de donn\u00e9es d&#039;entretien.\" \/>\n<meta name=\"robots\" content=\"index, follow, max-snippet:-1, max-image-preview:large, max-video-preview:-1\" \/>\n<link rel=\"canonical\" href=\"https:\/\/mmbobd2.com\/en\/product\/gds-kia-hyundai-diagnostic-tool\/\" \/>\n<meta property=\"og:locale\" content=\"en_GB\" \/>\n<meta property=\"og:type\" content=\"article\" \/>\n<meta property=\"og:title\" content=\"GDS KIA HYUNDAI Diagnostic Tool\" \/>\n<meta property=\"og:description\" content=\"GDS KIA HYUNDAI : Outil de diagnostic OEM pour Hyundai. Diagnostic complet, reprogrammation, et base de donn\u00e9es d&#039;entretien.\" \/>\n<meta property=\"og:url\" content=\"https:\/\/mmbobd2.com\/en\/product\/gds-kia-hyundai-diagnostic-tool\/\" \/>\n<meta property=\"og:site_name\" content=\"MMB OBD2 SOFTWARE\" \/>\n<meta property=\"article:publisher\" content=\"https:\/\/www.facebook.com\/profile.php?id=61552159950965\" \/>\n<meta property=\"article:modified_time\" content=\"2023-11-21T19:08:42+00:00\" \/>\n<meta property=\"og:image\" content=\"https:\/\/mmbobd2.com\/wp-content\/uploads\/2023\/11\/Hyundai-GDSKIA--jpg.webp\" \/>\n\t<meta property=\"og:image:width\" content=\"1000\" \/>\n\t<meta property=\"og:image:height\" content=\"1000\" \/>\n\t<meta property=\"og:image:type\" content=\"image\/jpeg\" \/>\n<meta name=\"twitter:card\" content=\"summary_large_image\" \/>\n<meta name=\"twitter:label1\" content=\"Estimated reading time\" \/>\n\t<meta name=\"twitter:data1\" content=\"2 minutes\" \/>\n<script type=\"application\/ld+json\" class=\"yoast-schema-graph\">{\"@context\":\"https:\\\/\\\/schema.org\",\"@graph\":[{\"@type\":\"WebPage\",\"@id\":\"https:\\\/\\\/mmbobd2.com\\\/product\\\/gds-kia-hyundai-diagnostic-tool\\\/\",\"url\":\"https:\\\/\\\/mmbobd2.com\\\/product\\\/gds-kia-hyundai-diagnostic-tool\\\/\",\"name\":\"GDS KIA HYUNDAI Diagnostic Tool MMB OBD2 SOFTWARE\",\"isPartOf\":{\"@id\":\"https:\\\/\\\/mmbobd2.com\\\/#website\"},\"primaryImageOfPage\":{\"@id\":\"https:\\\/\\\/mmbobd2.com\\\/product\\\/gds-kia-hyundai-diagnostic-tool\\\/#primaryimage\"},\"image\":{\"@id\":\"https:\\\/\\\/mmbobd2.com\\\/product\\\/gds-kia-hyundai-diagnostic-tool\\\/#primaryimage\"},\"thumbnailUrl\":\"https:\\\/\\\/i0.wp.com\\\/mmbobd2.com\\\/wp-content\\\/uploads\\\/2023\\\/11\\\/Hyundai-GDSKIA--jpg.webp?fit=1000%2C1000&ssl=1\",\"datePublished\":\"2023-11-21T19:08:41+00:00\",\"dateModified\":\"2023-11-21T19:08:42+00:00\",\"description\":\"GDS KIA HYUNDAI Diagnostic Tool : Outil de diagnostic OEM pour Hyundai. Diagnostic complet, reprogrammation, et base de donn\u00e9es d'entretien.\",\"breadcrumb\":{\"@id\":\"https:\\\/\\\/mmbobd2.com\\\/product\\\/gds-kia-hyundai-diagnostic-tool\\\/#breadcrumb\"},\"inLanguage\":\"en-GB\",\"potentialAction\":[{\"@type\":\"ReadAction\",\"target\":[\"https:\\\/\\\/mmbobd2.com\\\/product\\\/gds-kia-hyundai-diagnostic-tool\\\/\"]}]},{\"@type\":\"ImageObject\",\"inLanguage\":\"en-GB\",\"@id\":\"https:\\\/\\\/mmbobd2.com\\\/product\\\/gds-kia-hyundai-diagnostic-tool\\\/#primaryimage\",\"url\":\"https:\\\/\\\/i0.wp.com\\\/mmbobd2.com\\\/wp-content\\\/uploads\\\/2023\\\/11\\\/Hyundai-GDSKIA--jpg.webp?fit=1000%2C1000&ssl=1\",\"contentUrl\":\"https:\\\/\\\/i0.wp.com\\\/mmbobd2.com\\\/wp-content\\\/uploads\\\/2023\\\/11\\\/Hyundai-GDSKIA--jpg.webp?fit=1000%2C1000&ssl=1\",\"width\":1000,\"height\":1000,\"caption\":\"GDS KIA HYUNDAI Diagnostic Tool\"},{\"@type\":\"BreadcrumbList\",\"@id\":\"https:\\\/\\\/mmbobd2.com\\\/product\\\/gds-kia-hyundai-diagnostic-tool\\\/#breadcrumb\",\"itemListElement\":[{\"@type\":\"ListItem\",\"position\":1,\"name\":\"Accueil\",\"item\":\"https:\\\/\\\/mmbobd2.com\\\/\"},{\"@type\":\"ListItem\",\"position\":2,\"name\":\"Boutique\",\"item\":\"https:\\\/\\\/mmbobd2.com\\\/logiciels-de-diagnostic-automobiles\\\/\"},{\"@type\":\"ListItem\",\"position\":3,\"name\":\"GDS KIA HYUNDAI Diagnostic Tool\"}]},{\"@type\":\"WebSite\",\"@id\":\"https:\\\/\\\/mmbobd2.com\\\/#website\",\"url\":\"https:\\\/\\\/mmbobd2.com\\\/\",\"name\":\"MMB OBD2 SOFTWARE\",\"description\":\"\",\"publisher\":{\"@id\":\"https:\\\/\\\/mmbobd2.com\\\/#organization\"},\"alternateName\":\"mmbsoftauto\",\"potentialAction\":[{\"@type\":\"SearchAction\",\"target\":{\"@type\":\"EntryPoint\",\"urlTemplate\":\"https:\\\/\\\/mmbobd2.com\\\/?s={search_term_string}\"},\"query-input\":{\"@type\":\"PropertyValueSpecification\",\"valueRequired\":true,\"valueName\":\"search_term_string\"}}],\"inLanguage\":\"en-GB\"},{\"@type\":\"Organization\",\"@id\":\"https:\\\/\\\/mmbobd2.com\\\/#organization\",\"name\":\"MMB COMPANY\",\"url\":\"https:\\\/\\\/mmbobd2.com\\\/\",\"logo\":{\"@type\":\"ImageObject\",\"inLanguage\":\"en-GB\",\"@id\":\"https:\\\/\\\/mmbobd2.com\\\/#\\\/schema\\\/logo\\\/image\\\/\",\"url\":\"https:\\\/\\\/mmbobd2.com\\\/wp-content\\\/uploads\\\/2023\\\/10\\\/LOGO-ROND-MMB-200.png\",\"contentUrl\":\"https:\\\/\\\/mmbobd2.com\\\/wp-content\\\/uploads\\\/2023\\\/10\\\/LOGO-ROND-MMB-200.png\",\"width\":200,\"height\":200,\"caption\":\"MMB COMPANY\"},\"image\":{\"@id\":\"https:\\\/\\\/mmbobd2.com\\\/#\\\/schema\\\/logo\\\/image\\\/\"},\"sameAs\":[\"https:\\\/\\\/www.facebook.com\\\/profile.php?id=61552159950965\"]}]}<\/script>\n<!-- \/ Yoast SEO plugin. -->","yoast_head_json":{"title":"GDS KIA HYUNDAI Diagnostic Tool MMB OBD2 SOFTWARE","description":"GDS KIA HYUNDAI Diagnostic Tool : Outil de diagnostic OEM pour Hyundai. Diagnostic complet, reprogrammation, et base de donn\u00e9es d'entretien.","robots":{"index":"index","follow":"follow","max-snippet":"max-snippet:-1","max-image-preview":"max-image-preview:large","max-video-preview":"max-video-preview:-1"},"canonical":"https:\/\/mmbobd2.com\/en\/product\/gds-kia-hyundai-diagnostic-tool\/","og_locale":"en_GB","og_type":"article","og_title":"GDS KIA HYUNDAI Diagnostic Tool","og_description":"GDS KIA HYUNDAI : Outil de diagnostic OEM pour Hyundai. Diagnostic complet, reprogrammation, et base de donn\u00e9es d'entretien.","og_url":"https:\/\/mmbobd2.com\/en\/product\/gds-kia-hyundai-diagnostic-tool\/","og_site_name":"MMB OBD2 SOFTWARE","article_publisher":"https:\/\/www.facebook.com\/profile.php?id=61552159950965","article_modified_time":"2023-11-21T19:08:42+00:00","og_image":[{"width":1000,"height":1000,"url":"https:\/\/mmbobd2.com\/wp-content\/uploads\/2023\/11\/Hyundai-GDSKIA--jpg.webp","type":"image\/jpeg"}],"twitter_card":"summary_large_image","twitter_misc":{"Estimated reading time":"2 minutes"},"schema":{"@context":"https:\/\/schema.org","@graph":[{"@type":"WebPage","@id":"https:\/\/mmbobd2.com\/product\/gds-kia-hyundai-diagnostic-tool\/","url":"https:\/\/mmbobd2.com\/product\/gds-kia-hyundai-diagnostic-tool\/","name":"GDS KIA HYUNDAI Diagnostic Tool MMB OBD2 SOFTWARE","isPartOf":{"@id":"https:\/\/mmbobd2.com\/#website"},"primaryImageOfPage":{"@id":"https:\/\/mmbobd2.com\/product\/gds-kia-hyundai-diagnostic-tool\/#primaryimage"},"image":{"@id":"https:\/\/mmbobd2.com\/product\/gds-kia-hyundai-diagnostic-tool\/#primaryimage"},"thumbnailUrl":"https:\/\/i0.wp.com\/mmbobd2.com\/wp-content\/uploads\/2023\/11\/Hyundai-GDSKIA--jpg.webp?fit=1000%2C1000&ssl=1","datePublished":"2023-11-21T19:08:41+00:00","dateModified":"2023-11-21T19:08:42+00:00","description":"GDS KIA HYUNDAI Diagnostic Tool : Outil de diagnostic OEM pour Hyundai. Diagnostic complet, reprogrammation, et base de donn\u00e9es d'entretien.","breadcrumb":{"@id":"https:\/\/mmbobd2.com\/product\/gds-kia-hyundai-diagnostic-tool\/#breadcrumb"},"inLanguage":"en-GB","potentialAction":[{"@type":"ReadAction","target":["https:\/\/mmbobd2.com\/product\/gds-kia-hyundai-diagnostic-tool\/"]}]},{"@type":"ImageObject","inLanguage":"en-GB","@id":"https:\/\/mmbobd2.com\/product\/gds-kia-hyundai-diagnostic-tool\/#primaryimage","url":"https:\/\/i0.wp.com\/mmbobd2.com\/wp-content\/uploads\/2023\/11\/Hyundai-GDSKIA--jpg.webp?fit=1000%2C1000&ssl=1","contentUrl":"https:\/\/i0.wp.com\/mmbobd2.com\/wp-content\/uploads\/2023\/11\/Hyundai-GDSKIA--jpg.webp?fit=1000%2C1000&ssl=1","width":1000,"height":1000,"caption":"GDS KIA HYUNDAI Diagnostic Tool"},{"@type":"BreadcrumbList","@id":"https:\/\/mmbobd2.com\/product\/gds-kia-hyundai-diagnostic-tool\/#breadcrumb","itemListElement":[{"@type":"ListItem","position":1,"name":"Accueil","item":"https:\/\/mmbobd2.com\/"},{"@type":"ListItem","position":2,"name":"Boutique","item":"https:\/\/mmbobd2.com\/logiciels-de-diagnostic-automobiles\/"},{"@type":"ListItem","position":3,"name":"GDS KIA HYUNDAI Diagnostic Tool"}]},{"@type":"WebSite","@id":"https:\/\/mmbobd2.com\/#website","url":"https:\/\/mmbobd2.com\/","name":"MMB OBD2 SOFTWARE","description":"","publisher":{"@id":"https:\/\/mmbobd2.com\/#organization"},"alternateName":"mmbsoftauto","potentialAction":[{"@type":"SearchAction","target":{"@type":"EntryPoint","urlTemplate":"https:\/\/mmbobd2.com\/?s={search_term_string}"},"query-input":{"@type":"PropertyValueSpecification","valueRequired":true,"valueName":"search_term_string"}}],"inLanguage":"en-GB"},{"@type":"Organization","@id":"https:\/\/mmbobd2.com\/#organization","name":"MMB COMPANY","url":"https:\/\/mmbobd2.com\/","logo":{"@type":"ImageObject","inLanguage":"en-GB","@id":"https:\/\/mmbobd2.com\/#\/schema\/logo\/image\/","url":"https:\/\/mmbobd2.com\/wp-content\/uploads\/2023\/10\/LOGO-ROND-MMB-200.png","contentUrl":"https:\/\/mmbobd2.com\/wp-content\/uploads\/2023\/10\/LOGO-ROND-MMB-200.png","width":200,"height":200,"caption":"MMB COMPANY"},"image":{"@id":"https:\/\/mmbobd2.com\/#\/schema\/logo\/image\/"},"sameAs":["https:\/\/www.facebook.com\/profile.php?id=61552159950965"]}]}},"_links":{"self":[{"href":"https:\/\/mmbobd2.com\/en\/wp-json\/wp\/v2\/product\/696","targetHints":{"allow":["GET"]}}],"collection":[{"href":"https:\/\/mmbobd2.com\/en\/wp-json\/wp\/v2\/product"}],"about":[{"href":"https:\/\/mmbobd2.com\/en\/wp-json\/wp\/v2\/types\/product"}],"wp:featuredmedia":[{"embeddable":true,"href":"https:\/\/mmbobd2.com\/en\/wp-json\/wp\/v2\/media\/697"}],"wp:attachment":[{"href":"https:\/\/mmbobd2.com\/en\/wp-json\/wp\/v2\/media?parent=696"}],"wp:term":[{"taxonomy":"product_brand","embeddable":true,"href":"https:\/\/mmbobd2.com\/en\/wp-json\/wp\/v2\/product_brand?post=696"},{"taxonomy":"product_cat","embeddable":true,"href":"https:\/\/mmbobd2.com\/en\/wp-json\/wp\/v2\/product_cat?post=696"},{"taxonomy":"product_tag","embeddable":true,"href":"https:\/\/mmbobd2.com\/en\/wp-json\/wp\/v2\/product_tag?post=696"}],"curies":[{"name":"wp","href":"https:\/\/api.w.org\/{rel}","templated":true}]}}