{"id":70,"date":"2023-10-06T11:36:38","date_gmt":"2023-10-06T11:36:38","guid":{"rendered":"https:\/\/mmbobd2.com\/?post_type=product&#038;p=70"},"modified":"2023-11-08T16:10:57","modified_gmt":"2023-11-08T16:10:57","slug":"jlr-sdd-logiciels-de-diagnostic","status":"publish","type":"product","link":"https:\/\/mmbobd2.com\/en\/product\/jlr-sdd-logiciels-de-diagnostic\/","title":{"rendered":"JLR SDD V164"},"content":{"rendered":"<p><audio class=\"audio-for-speech\"><\/audio><\/p>\n<div class=\"translate-tooltip-mtz translator-hidden\">\n<div class=\"header\">\n<div class=\"header-controls\">Translator<\/div>\n<div class=\"header-controls\"><\/div>\n<\/div>\n<div class=\"translated-text\">\n<div class=\"words\"><\/div>\n<div class=\"sentences\"><\/div>\n<\/div>\n<\/div>\n<p>&nbsp;<\/p>\n<h2 style=\"text-align: center;\"><strong>JLR SDD 164<\/strong><\/h2>\n<div class=\"flex flex-grow flex-col gap-3 max-w-full\">\n<div class=\"min-h-[20px] flex flex-col items-start gap-3 whitespace-pre-wrap break-words overflow-x-auto\">\n<div class=\"markdown prose w-full break-words dark:prose-invert dark\">\n<p>&nbsp;<\/p>\n<p><strong>R\u00e9volution dans l&rsquo;Industrie Automobile :<\/strong><\/p>\n<p>JLR SDD Logiciels de <a href=\"https:\/\/mmbobd2.com\/product-category\/diagnostic-automobiles\/\">Diagnostic<\/a> pour Jaguar et Land Rover, offrant un service exceptionnel aux techniciens.<\/p>\n<p><strong>Fonctionnalit\u00e9s Avanc\u00e9es et Couverture \u00c9tendue :<\/strong><\/p>\n<ul>\n<li>Fonctionnalit\u00e9s avanc\u00e9es et large couverture des v\u00e9hicules.<\/li>\n<li>Interface conviviale am\u00e9liorant l&rsquo;expertise des techniciens.<\/li>\n<li>Diagnostiquer efficacement, r\u00e9soudre les probl\u00e8mes, satisfaire les clients et pr\u00e9server la r\u00e9putation.<\/li>\n<\/ul>\n<p><strong>L&rsquo;Avantage du JLR SDD 164 :<\/strong><\/p>\n<p>Cet outil assure l&rsquo;excellence, renforce la confiance client, et garantit une maintenance automobile de premier ordre.<\/p>\n<div class=\"flex flex-grow flex-col gap-3 max-w-full\">\n<div class=\"min-h-[20px] flex flex-col items-start gap-3 whitespace-pre-wrap break-words overflow-x-auto\">\n<div class=\"markdown prose w-full break-words dark:prose-invert dark\">\n<p><strong><a href=\"https:\/\/www.jaguarlandrover.com\/\">Jaguar<\/a> Land Rover : Une Marque de Prestige<\/strong><\/p>\n<p>JLR est reconnu pour ses v\u00e9hicules luxueux et sa technologie novatrice.<\/p>\n<p><strong>JLR SDD 164 : Une R\u00e9volution Diagnostique<\/strong><\/p>\n<p>Cet outil r\u00e9volutionne le diagnostic pour Jaguar et Land Rover.<\/p>\n<p><strong>Caract\u00e9ristiques et Avantages du JLR SDD 164<\/strong><\/p>\n<p>D\u00e9couvrez comment il am\u00e9liore l&rsquo;exp\u00e9rience et l&rsquo;expertise des techniciens et renforce leur confiance.<\/p>\n<div class=\"flex flex-grow flex-col gap-3 max-w-full\">\n<div class=\"min-h-[20px] flex flex-col items-start gap-3 whitespace-pre-wrap break-words overflow-x-auto\">\n<div class=\"markdown prose w-full break-words dark:prose-invert dark\">\n<p><strong>R\u00e9volution du Diagnostic Automobile : JLR SDD 164<\/strong><\/p>\n<p>Un outil sophistiqu\u00e9 pour Jaguar et Land Rover, le JLR SDD Logiciels de Diagnostic offre un diagnostic complet et exceptionnel.<\/p>\n<p><strong>Fonctionnalit\u00e9s Avanc\u00e9es du JLR SDD 164<\/strong><\/p>\n<ol>\n<li><strong>Compatibilit\u00e9 J2534 :<\/strong> Conforme, pour une polyvalence accrue.<\/li>\n<li><strong>Couverture \u00c9tendue :<\/strong> Supporte divers mod\u00e8les et syst\u00e8mes.<\/li>\n<li><strong>Surveillance en Temps R\u00e9el :<\/strong> Identifie les anomalies.<\/li>\n<li><strong>Guides de D\u00e9pannage :<\/strong> Aide \u00e0 r\u00e9soudre des probl\u00e8mes complexes.<\/li>\n<\/ol>\n<\/div>\n<div class=\"flex flex-grow flex-col gap-3 max-w-full\">\n<div class=\"min-h-[20px] flex flex-col items-start gap-3 whitespace-pre-wrap break-words overflow-x-auto\">\n<div class=\"markdown prose w-full break-words dark:prose-invert dark\">\n<p><strong>Avantages Incontestables du JLR SDD 164<\/strong><\/p>\n<ol>\n<li><strong>Gain de Temps Exceptionnel :<\/strong> R\u00e9duit le temps de diagnostic, identifie rapidement les probl\u00e8mes et assure des solutions efficaces.<\/li>\n<li><strong>Diagnostic Pr\u00e9cis :<\/strong> Fonctionnalit\u00e9s avanc\u00e9es garantissent des r\u00e9parations correctes d\u00e8s la premi\u00e8re intervention, am\u00e9liorant la satisfaction client.<\/li>\n<li><strong>Capacit\u00e9s de Diagnostic \u00c9tendues :<\/strong> Guides de surveillance en temps r\u00e9el et donn\u00e9es d\u00e9taill\u00e9es simplifient la r\u00e9solution de probl\u00e8mes complexes.<\/li>\n<li><strong>Confiance Client Renforc\u00e9e :<\/strong> Le JLR SDD 164 d\u00e9montre fiabilit\u00e9 et expertise, renfor\u00e7ant la confiance et la fid\u00e9lit\u00e9 \u00e0 long terme.<\/li>\n<\/ol>\n<\/div>\n<\/div>\n<\/div>\n<\/div>\n<\/div>\n<\/div>\n<\/div>\n<\/div>\n<\/div>\n<\/div>\n<\/div>\n","protected":false},"excerpt":{"rendered":"<p><audio class=\"audio-for-speech\"><\/audio><\/p>\n<div class=\"translate-tooltip-mtz translator-hidden\">\n<div class=\"header\">\n<div class=\"header-controls\">Translator<\/div>\n<div class=\"header-controls\"><\/div>\n<\/div>\n<div class=\"translated-text\">\n<div class=\"words\"><\/div>\n<div class=\"sentences\"><\/div>\n<\/div>\n<\/div>\n<p>&nbsp;<\/p>\n<p>Services de diagnostic exceptionnels pour les v\u00e9hicules Jaguar et Land Rover. Ses fonctionnalit\u00e9s avanc\u00e9es, sa couverture \u00e9tendue des v\u00e9hicules et son interface conviviale am\u00e9liorent l\u2019exp\u00e9rience, l\u2019expertise, l\u2019autorit\u00e9 et la confiance des techniciens.<\/p>","protected":false},"featured_media":99,"template":"","meta":[],"product_brand":[],"product_cat":[16],"product_tag":[],"class_list":{"0":"post-70","1":"product","2":"type-product","3":"status-publish","4":"has-post-thumbnail","6":"product_cat-diagnostic-automobiles","8":"first","9":"instock","10":"downloadable","11":"virtual","12":"purchasable","13":"product-type-simple"},"yoast_head":"<!-- This site is optimized with the Yoast SEO plugin v27.4 - https:\/\/yoast.com\/product\/yoast-seo-wordpress\/ -->\n<title>JLR SDD Logiciels de Diagnostic MMB OBD2 SOFTWARE<\/title>\n<meta name=\"description\" content=\"JLR SDD Logiciels de Diagnostic pour Jaguar et Land Rover : des fonctionnalit\u00e9s avanc\u00e9es, une large couverture, et une interface conviviale.\" \/>\n<meta name=\"robots\" content=\"index, follow, max-snippet:-1, max-image-preview:large, max-video-preview:-1\" \/>\n<link rel=\"canonical\" href=\"https:\/\/mmbobd2.com\/en\/product\/jlr-sdd-logiciels-de-diagnostic\/\" \/>\n<meta property=\"og:locale\" content=\"en_GB\" \/>\n<meta property=\"og:type\" content=\"article\" \/>\n<meta property=\"og:title\" content=\"JLR SDD Logiciels de Diagnostic MMB OBD2 SOFTWARE\" \/>\n<meta property=\"og:description\" content=\"JLR SDD Logiciels de Diagnostic pour Jaguar et Land Rover : des fonctionnalit\u00e9s avanc\u00e9es, une large couverture, et une interface conviviale.\" \/>\n<meta property=\"og:url\" content=\"https:\/\/mmbobd2.com\/en\/product\/jlr-sdd-logiciels-de-diagnostic\/\" \/>\n<meta property=\"og:site_name\" content=\"MMB OBD2 SOFTWARE\" \/>\n<meta property=\"article:publisher\" content=\"https:\/\/www.facebook.com\/profile.php?id=61552159950965\" \/>\n<meta property=\"article:modified_time\" content=\"2023-11-08T16:10:57+00:00\" \/>\n<meta property=\"og:image\" content=\"https:\/\/mmbobd2.com\/wp-content\/uploads\/2023\/10\/SDDJLR.jpg\" \/>\n\t<meta property=\"og:image:width\" content=\"1000\" \/>\n\t<meta property=\"og:image:height\" content=\"1000\" \/>\n\t<meta property=\"og:image:type\" content=\"image\/jpeg\" \/>\n<meta name=\"twitter:card\" content=\"summary_large_image\" \/>\n<meta name=\"twitter:label1\" content=\"Estimated reading time\" \/>\n\t<meta name=\"twitter:data1\" content=\"2 minutes\" \/>\n<script type=\"application\/ld+json\" class=\"yoast-schema-graph\">{\"@context\":\"https:\\\/\\\/schema.org\",\"@graph\":[{\"@type\":\"WebPage\",\"@id\":\"https:\\\/\\\/mmbobd2.com\\\/product\\\/jlr-sdd-logiciels-de-diagnostic\\\/\",\"url\":\"https:\\\/\\\/mmbobd2.com\\\/product\\\/jlr-sdd-logiciels-de-diagnostic\\\/\",\"name\":\"JLR SDD Logiciels de Diagnostic MMB OBD2 SOFTWARE\",\"isPartOf\":{\"@id\":\"https:\\\/\\\/mmbobd2.com\\\/#website\"},\"primaryImageOfPage\":{\"@id\":\"https:\\\/\\\/mmbobd2.com\\\/product\\\/jlr-sdd-logiciels-de-diagnostic\\\/#primaryimage\"},\"image\":{\"@id\":\"https:\\\/\\\/mmbobd2.com\\\/product\\\/jlr-sdd-logiciels-de-diagnostic\\\/#primaryimage\"},\"thumbnailUrl\":\"https:\\\/\\\/i0.wp.com\\\/mmbobd2.com\\\/wp-content\\\/uploads\\\/2023\\\/10\\\/SDDJLR.jpg?fit=1000%2C1000&ssl=1\",\"datePublished\":\"2023-10-06T11:36:38+00:00\",\"dateModified\":\"2023-11-08T16:10:57+00:00\",\"description\":\"JLR SDD Logiciels de Diagnostic pour Jaguar et Land Rover : des fonctionnalit\u00e9s avanc\u00e9es, une large couverture, et une interface conviviale.\",\"breadcrumb\":{\"@id\":\"https:\\\/\\\/mmbobd2.com\\\/product\\\/jlr-sdd-logiciels-de-diagnostic\\\/#breadcrumb\"},\"inLanguage\":\"en-GB\",\"potentialAction\":[{\"@type\":\"ReadAction\",\"target\":[\"https:\\\/\\\/mmbobd2.com\\\/product\\\/jlr-sdd-logiciels-de-diagnostic\\\/\"]}]},{\"@type\":\"ImageObject\",\"inLanguage\":\"en-GB\",\"@id\":\"https:\\\/\\\/mmbobd2.com\\\/product\\\/jlr-sdd-logiciels-de-diagnostic\\\/#primaryimage\",\"url\":\"https:\\\/\\\/i0.wp.com\\\/mmbobd2.com\\\/wp-content\\\/uploads\\\/2023\\\/10\\\/SDDJLR.jpg?fit=1000%2C1000&ssl=1\",\"contentUrl\":\"https:\\\/\\\/i0.wp.com\\\/mmbobd2.com\\\/wp-content\\\/uploads\\\/2023\\\/10\\\/SDDJLR.jpg?fit=1000%2C1000&ssl=1\",\"width\":1000,\"height\":1000,\"caption\":\"JLR SDD Logiciels de Diagnostic MMB Software Automotive\"},{\"@type\":\"BreadcrumbList\",\"@id\":\"https:\\\/\\\/mmbobd2.com\\\/product\\\/jlr-sdd-logiciels-de-diagnostic\\\/#breadcrumb\",\"itemListElement\":[{\"@type\":\"ListItem\",\"position\":1,\"name\":\"Accueil\",\"item\":\"https:\\\/\\\/mmbobd2.com\\\/\"},{\"@type\":\"ListItem\",\"position\":2,\"name\":\"Boutique\",\"item\":\"https:\\\/\\\/mmbobd2.com\\\/logiciels-de-diagnostic-automobiles\\\/\"},{\"@type\":\"ListItem\",\"position\":3,\"name\":\"JLR SDD V164\"}]},{\"@type\":\"WebSite\",\"@id\":\"https:\\\/\\\/mmbobd2.com\\\/#website\",\"url\":\"https:\\\/\\\/mmbobd2.com\\\/\",\"name\":\"MMB OBD2 SOFTWARE\",\"description\":\"\",\"publisher\":{\"@id\":\"https:\\\/\\\/mmbobd2.com\\\/#organization\"},\"alternateName\":\"mmbsoftauto\",\"potentialAction\":[{\"@type\":\"SearchAction\",\"target\":{\"@type\":\"EntryPoint\",\"urlTemplate\":\"https:\\\/\\\/mmbobd2.com\\\/?s={search_term_string}\"},\"query-input\":{\"@type\":\"PropertyValueSpecification\",\"valueRequired\":true,\"valueName\":\"search_term_string\"}}],\"inLanguage\":\"en-GB\"},{\"@type\":\"Organization\",\"@id\":\"https:\\\/\\\/mmbobd2.com\\\/#organization\",\"name\":\"MMB COMPANY\",\"url\":\"https:\\\/\\\/mmbobd2.com\\\/\",\"logo\":{\"@type\":\"ImageObject\",\"inLanguage\":\"en-GB\",\"@id\":\"https:\\\/\\\/mmbobd2.com\\\/#\\\/schema\\\/logo\\\/image\\\/\",\"url\":\"https:\\\/\\\/mmbobd2.com\\\/wp-content\\\/uploads\\\/2023\\\/10\\\/LOGO-ROND-MMB-200.png\",\"contentUrl\":\"https:\\\/\\\/mmbobd2.com\\\/wp-content\\\/uploads\\\/2023\\\/10\\\/LOGO-ROND-MMB-200.png\",\"width\":200,\"height\":200,\"caption\":\"MMB COMPANY\"},\"image\":{\"@id\":\"https:\\\/\\\/mmbobd2.com\\\/#\\\/schema\\\/logo\\\/image\\\/\"},\"sameAs\":[\"https:\\\/\\\/www.facebook.com\\\/profile.php?id=61552159950965\"]}]}<\/script>\n<!-- \/ Yoast SEO plugin. -->","yoast_head_json":{"title":"JLR SDD Logiciels de Diagnostic MMB OBD2 SOFTWARE","description":"JLR SDD Logiciels de Diagnostic pour Jaguar et Land Rover : des fonctionnalit\u00e9s avanc\u00e9es, une large couverture, et une interface conviviale.","robots":{"index":"index","follow":"follow","max-snippet":"max-snippet:-1","max-image-preview":"max-image-preview:large","max-video-preview":"max-video-preview:-1"},"canonical":"https:\/\/mmbobd2.com\/en\/product\/jlr-sdd-logiciels-de-diagnostic\/","og_locale":"en_GB","og_type":"article","og_title":"JLR SDD Logiciels de Diagnostic MMB OBD2 SOFTWARE","og_description":"JLR SDD Logiciels de Diagnostic pour Jaguar et Land Rover : des fonctionnalit\u00e9s avanc\u00e9es, une large couverture, et une interface conviviale.","og_url":"https:\/\/mmbobd2.com\/en\/product\/jlr-sdd-logiciels-de-diagnostic\/","og_site_name":"MMB OBD2 SOFTWARE","article_publisher":"https:\/\/www.facebook.com\/profile.php?id=61552159950965","article_modified_time":"2023-11-08T16:10:57+00:00","og_image":[{"width":1000,"height":1000,"url":"https:\/\/mmbobd2.com\/wp-content\/uploads\/2023\/10\/SDDJLR.jpg","type":"image\/jpeg"}],"twitter_card":"summary_large_image","twitter_misc":{"Estimated reading time":"2 minutes"},"schema":{"@context":"https:\/\/schema.org","@graph":[{"@type":"WebPage","@id":"https:\/\/mmbobd2.com\/product\/jlr-sdd-logiciels-de-diagnostic\/","url":"https:\/\/mmbobd2.com\/product\/jlr-sdd-logiciels-de-diagnostic\/","name":"JLR SDD Logiciels de Diagnostic MMB OBD2 SOFTWARE","isPartOf":{"@id":"https:\/\/mmbobd2.com\/#website"},"primaryImageOfPage":{"@id":"https:\/\/mmbobd2.com\/product\/jlr-sdd-logiciels-de-diagnostic\/#primaryimage"},"image":{"@id":"https:\/\/mmbobd2.com\/product\/jlr-sdd-logiciels-de-diagnostic\/#primaryimage"},"thumbnailUrl":"https:\/\/i0.wp.com\/mmbobd2.com\/wp-content\/uploads\/2023\/10\/SDDJLR.jpg?fit=1000%2C1000&ssl=1","datePublished":"2023-10-06T11:36:38+00:00","dateModified":"2023-11-08T16:10:57+00:00","description":"JLR SDD Logiciels de Diagnostic pour Jaguar et Land Rover : des fonctionnalit\u00e9s avanc\u00e9es, une large couverture, et une interface conviviale.","breadcrumb":{"@id":"https:\/\/mmbobd2.com\/product\/jlr-sdd-logiciels-de-diagnostic\/#breadcrumb"},"inLanguage":"en-GB","potentialAction":[{"@type":"ReadAction","target":["https:\/\/mmbobd2.com\/product\/jlr-sdd-logiciels-de-diagnostic\/"]}]},{"@type":"ImageObject","inLanguage":"en-GB","@id":"https:\/\/mmbobd2.com\/product\/jlr-sdd-logiciels-de-diagnostic\/#primaryimage","url":"https:\/\/i0.wp.com\/mmbobd2.com\/wp-content\/uploads\/2023\/10\/SDDJLR.jpg?fit=1000%2C1000&ssl=1","contentUrl":"https:\/\/i0.wp.com\/mmbobd2.com\/wp-content\/uploads\/2023\/10\/SDDJLR.jpg?fit=1000%2C1000&ssl=1","width":1000,"height":1000,"caption":"JLR SDD Logiciels de Diagnostic MMB Software Automotive"},{"@type":"BreadcrumbList","@id":"https:\/\/mmbobd2.com\/product\/jlr-sdd-logiciels-de-diagnostic\/#breadcrumb","itemListElement":[{"@type":"ListItem","position":1,"name":"Accueil","item":"https:\/\/mmbobd2.com\/"},{"@type":"ListItem","position":2,"name":"Boutique","item":"https:\/\/mmbobd2.com\/logiciels-de-diagnostic-automobiles\/"},{"@type":"ListItem","position":3,"name":"JLR SDD V164"}]},{"@type":"WebSite","@id":"https:\/\/mmbobd2.com\/#website","url":"https:\/\/mmbobd2.com\/","name":"MMB OBD2 SOFTWARE","description":"","publisher":{"@id":"https:\/\/mmbobd2.com\/#organization"},"alternateName":"mmbsoftauto","potentialAction":[{"@type":"SearchAction","target":{"@type":"EntryPoint","urlTemplate":"https:\/\/mmbobd2.com\/?s={search_term_string}"},"query-input":{"@type":"PropertyValueSpecification","valueRequired":true,"valueName":"search_term_string"}}],"inLanguage":"en-GB"},{"@type":"Organization","@id":"https:\/\/mmbobd2.com\/#organization","name":"MMB COMPANY","url":"https:\/\/mmbobd2.com\/","logo":{"@type":"ImageObject","inLanguage":"en-GB","@id":"https:\/\/mmbobd2.com\/#\/schema\/logo\/image\/","url":"https:\/\/mmbobd2.com\/wp-content\/uploads\/2023\/10\/LOGO-ROND-MMB-200.png","contentUrl":"https:\/\/mmbobd2.com\/wp-content\/uploads\/2023\/10\/LOGO-ROND-MMB-200.png","width":200,"height":200,"caption":"MMB COMPANY"},"image":{"@id":"https:\/\/mmbobd2.com\/#\/schema\/logo\/image\/"},"sameAs":["https:\/\/www.facebook.com\/profile.php?id=61552159950965"]}]}},"_links":{"self":[{"href":"https:\/\/mmbobd2.com\/en\/wp-json\/wp\/v2\/product\/70","targetHints":{"allow":["GET"]}}],"collection":[{"href":"https:\/\/mmbobd2.com\/en\/wp-json\/wp\/v2\/product"}],"about":[{"href":"https:\/\/mmbobd2.com\/en\/wp-json\/wp\/v2\/types\/product"}],"wp:featuredmedia":[{"embeddable":true,"href":"https:\/\/mmbobd2.com\/en\/wp-json\/wp\/v2\/media\/99"}],"wp:attachment":[{"href":"https:\/\/mmbobd2.com\/en\/wp-json\/wp\/v2\/media?parent=70"}],"wp:term":[{"taxonomy":"product_brand","embeddable":true,"href":"https:\/\/mmbobd2.com\/en\/wp-json\/wp\/v2\/product_brand?post=70"},{"taxonomy":"product_cat","embeddable":true,"href":"https:\/\/mmbobd2.com\/en\/wp-json\/wp\/v2\/product_cat?post=70"},{"taxonomy":"product_tag","embeddable":true,"href":"https:\/\/mmbobd2.com\/en\/wp-json\/wp\/v2\/product_tag?post=70"}],"curies":[{"name":"wp","href":"https:\/\/api.w.org\/{rel}","templated":true}]}}