{"id":702,"date":"2023-11-21T19:53:43","date_gmt":"2023-11-21T19:53:43","guid":{"rendered":"https:\/\/mmbobd2.com\/?post_type=product&#038;p=702"},"modified":"2023-11-21T19:53:44","modified_gmt":"2023-11-21T19:53:44","slug":"isuzu-idss-2023-diagnostic-tool","status":"publish","type":"product","link":"https:\/\/mmbobd2.com\/en\/product\/isuzu-idss-2023-diagnostic-tool\/","title":{"rendered":"ISUZU IDSS 2023 Diagnostic Tool"},"content":{"rendered":"<h2 style=\"text-align: center;\"><strong>ISUZU IDSS 2023<\/strong><\/h2>\n<p style=\"text-align: center;\">\nAPRES ACHAT IL VOUS SERAS ENVOYER UN LIEN DE TELECHARGEMENT<\/p>\n<p>&nbsp;<\/p>\n<h4><strong>Description :<\/strong><\/h4>\n<p>L\u2019Isuzu IDSS II 2023 est un syst\u00e8me de diagnostic mondial utilis\u00e9 par les concessionnaires et les techniciens Isuzu pour diagnostiquer et r\u00e9parer les v\u00e9hicules <a href=\"https:\/\/www.isuzu.fr\/\">Isuzu<\/a>. Il s\u2019agit d\u2019un logiciel sp\u00e9cialis\u00e9 qui permet le diagnostic des syst\u00e8mes et modules \u00e9lectroniques, en fournissant des documents de r\u00e9paration, des manuels d\u2019entretien, des sch\u00e9mas de circuits et des recommandations du fabricant.<\/p>\n<p>Cette version du logiciel inclut des mises \u00e0 jour et des am\u00e9liorations telles que des corrections de bogues, de nouvelles fonctionnalit\u00e9s et des informations de diagnostic mises \u00e0 jour. Avec une base de donn\u00e9es mise \u00e0 jour, il fournit un support pour les v\u00e9hicules Isuzu de 1990 \u00e0 2023, couvrant toutes les s\u00e9ries et tous les mod\u00e8les.<\/p>\n<p>L\u2019IDSS II offre un large \u00e9ventail de fonctions, notamment la reconnaissance automatique du v\u00e9hicule. La lecture et l\u2019effacement des codes de diagnostic, les listes de donn\u00e9es, les tests d\u2019actionnement, la r\u00e9initialisation de l\u2019entretien. L\u2019\u00e9talonnage du capteur de direction, l\u2019enregistrement des injecteurs, l\u2019apprentissage de la pompe, la programmation de l\u2019ECU, <a href=\"https:\/\/mmbobd2.com\/en\/\">etc<\/a>.<\/p>\n<p>Ce logiciel est compatible avec divers outils de diagnostic tels que Isuzu MX2, DPA5, Nexiq USB Link 1 et 2, J2534 Passthru. Offrant une flexibilit\u00e9 dans le choix du mat\u00e9riel appropri\u00e9 pour effectuer des t\u00e2ches de diagnostic.<\/p>\n<p>En r\u00e9sum\u00e9, ce logiciel est un logiciel de diagnostic sp\u00e9cialis\u00e9 utilis\u00e9 pour diagnostiquer et r\u00e9parer les v\u00e9hicules Isuzu. Avec son large \u00e9ventail de fonctions et sa base de donn\u00e9es mise \u00e0 jour. Il fournit aux techniciens Isuzu et aux propri\u00e9taires de v\u00e9hicules. Les outils n\u00e9cessaires pour effectuer des diagnostics pr\u00e9cis et des r\u00e9parations efficaces.<\/p>\n<h4><strong>Configuration Requise :<\/strong><\/h4>\n<p>Type de logiciel : Syst\u00e8me de service de diagnostic Isuzu G-IDSS<br \/>\nLangue : Anglais, Italie, France&#8230; etc&#8230; (Plusieurs langues)<br \/>\nLangue de la base de donn\u00e9es : Anglais<br \/>\nuniquement R\u00e9gion : Monde entier, mais \u00e0 l\u2019exception des \u00ab \u00c9tats-Unis et Canada\u00a0\u00bb<br \/>\nAnn\u00e9e : 02.2023<br \/>\nSyst\u00e8me d\u2019exploitation : Windows 7, Windows 8, Windows 10-11 32 et 64 bits.<br \/>\nInstruction : Pr\u00e9sent<br \/>\nInstallation : Plusieurs PC<\/p>","protected":false},"excerpt":{"rendered":"<p>L\u2019Isuzu IDSS II 2023 : Diagnostiquez et r\u00e9parez les v\u00e9hicules Isuzu avec ce logiciel sp\u00e9cialis\u00e9. Fonctions avanc\u00e9es, reconnaissance automatique du v\u00e9hicule<\/p>","protected":false},"featured_media":703,"template":"","meta":[],"product_brand":[],"product_cat":[16],"product_tag":[],"class_list":{"0":"post-702","1":"product","2":"type-product","3":"status-publish","4":"has-post-thumbnail","6":"product_cat-diagnostic-automobiles","8":"first","9":"instock","10":"downloadable","11":"virtual","12":"purchasable","13":"product-type-simple"},"yoast_head":"<!-- This site is optimized with the Yoast SEO plugin v27.4 - https:\/\/yoast.com\/product\/yoast-seo-wordpress\/ -->\n<title>ISUZU IDSS 2023 MMB OBD2 SOFTWARE<\/title>\n<meta name=\"description\" content=\"L\u2019Isuzu IDSS II 2023 : Diagnostiquez et r\u00e9parez les v\u00e9hicules Isuzu avec ce logiciel sp\u00e9cialis\u00e9. Fonctions avanc\u00e9es, reconnaissance automatique du v\u00e9hicule\" \/>\n<meta name=\"robots\" content=\"index, follow, max-snippet:-1, max-image-preview:large, max-video-preview:-1\" \/>\n<link rel=\"canonical\" href=\"https:\/\/mmbobd2.com\/en\/product\/isuzu-idss-2023-diagnostic-tool\/\" \/>\n<meta property=\"og:locale\" content=\"en_GB\" \/>\n<meta property=\"og:type\" content=\"article\" \/>\n<meta property=\"og:title\" content=\"ISUZU IDSS 2023 Diagnostic Tool\" \/>\n<meta property=\"og:description\" content=\"L\u2019Isuzu IDSS II 2023 : Diagnostiquez et r\u00e9parez les v\u00e9hicules Isuzu avec ce logiciel sp\u00e9cialis\u00e9. Fonctions avanc\u00e9es, reconnaissance automatique du v\u00e9hicule\" \/>\n<meta property=\"og:url\" content=\"https:\/\/mmbobd2.com\/en\/product\/isuzu-idss-2023-diagnostic-tool\/\" \/>\n<meta property=\"og:site_name\" content=\"MMB OBD2 SOFTWARE\" \/>\n<meta property=\"article:publisher\" content=\"https:\/\/www.facebook.com\/profile.php?id=61552159950965\" \/>\n<meta property=\"article:modified_time\" content=\"2023-11-21T19:53:44+00:00\" \/>\n<meta property=\"og:image\" content=\"https:\/\/mmbobd2.com\/wp-content\/uploads\/2023\/11\/ISUZU-IDSS-2023-jpg.webp\" \/>\n\t<meta property=\"og:image:width\" content=\"1000\" \/>\n\t<meta property=\"og:image:height\" content=\"1000\" \/>\n\t<meta property=\"og:image:type\" content=\"image\/jpeg\" \/>\n<meta name=\"twitter:card\" content=\"summary_large_image\" \/>\n<meta name=\"twitter:label1\" content=\"Estimated reading time\" \/>\n\t<meta name=\"twitter:data1\" content=\"2 minutes\" \/>\n<script type=\"application\/ld+json\" class=\"yoast-schema-graph\">{\"@context\":\"https:\\\/\\\/schema.org\",\"@graph\":[{\"@type\":\"WebPage\",\"@id\":\"https:\\\/\\\/mmbobd2.com\\\/product\\\/isuzu-idss-2023-diagnostic-tool\\\/\",\"url\":\"https:\\\/\\\/mmbobd2.com\\\/product\\\/isuzu-idss-2023-diagnostic-tool\\\/\",\"name\":\"ISUZU IDSS 2023 MMB OBD2 SOFTWARE\",\"isPartOf\":{\"@id\":\"https:\\\/\\\/mmbobd2.com\\\/#website\"},\"primaryImageOfPage\":{\"@id\":\"https:\\\/\\\/mmbobd2.com\\\/product\\\/isuzu-idss-2023-diagnostic-tool\\\/#primaryimage\"},\"image\":{\"@id\":\"https:\\\/\\\/mmbobd2.com\\\/product\\\/isuzu-idss-2023-diagnostic-tool\\\/#primaryimage\"},\"thumbnailUrl\":\"https:\\\/\\\/i0.wp.com\\\/mmbobd2.com\\\/wp-content\\\/uploads\\\/2023\\\/11\\\/ISUZU-IDSS-2023-jpg.webp?fit=1000%2C1000&ssl=1\",\"datePublished\":\"2023-11-21T19:53:43+00:00\",\"dateModified\":\"2023-11-21T19:53:44+00:00\",\"description\":\"L\u2019Isuzu IDSS II 2023 : Diagnostiquez et r\u00e9parez les v\u00e9hicules Isuzu avec ce logiciel sp\u00e9cialis\u00e9. Fonctions avanc\u00e9es, reconnaissance automatique du v\u00e9hicule\",\"breadcrumb\":{\"@id\":\"https:\\\/\\\/mmbobd2.com\\\/product\\\/isuzu-idss-2023-diagnostic-tool\\\/#breadcrumb\"},\"inLanguage\":\"en-GB\",\"potentialAction\":[{\"@type\":\"ReadAction\",\"target\":[\"https:\\\/\\\/mmbobd2.com\\\/product\\\/isuzu-idss-2023-diagnostic-tool\\\/\"]}]},{\"@type\":\"ImageObject\",\"inLanguage\":\"en-GB\",\"@id\":\"https:\\\/\\\/mmbobd2.com\\\/product\\\/isuzu-idss-2023-diagnostic-tool\\\/#primaryimage\",\"url\":\"https:\\\/\\\/i0.wp.com\\\/mmbobd2.com\\\/wp-content\\\/uploads\\\/2023\\\/11\\\/ISUZU-IDSS-2023-jpg.webp?fit=1000%2C1000&ssl=1\",\"contentUrl\":\"https:\\\/\\\/i0.wp.com\\\/mmbobd2.com\\\/wp-content\\\/uploads\\\/2023\\\/11\\\/ISUZU-IDSS-2023-jpg.webp?fit=1000%2C1000&ssl=1\",\"width\":1000,\"height\":1000,\"caption\":\"ISUZU IDSS 2023 Diagnostic Tool\"},{\"@type\":\"BreadcrumbList\",\"@id\":\"https:\\\/\\\/mmbobd2.com\\\/product\\\/isuzu-idss-2023-diagnostic-tool\\\/#breadcrumb\",\"itemListElement\":[{\"@type\":\"ListItem\",\"position\":1,\"name\":\"Accueil\",\"item\":\"https:\\\/\\\/mmbobd2.com\\\/\"},{\"@type\":\"ListItem\",\"position\":2,\"name\":\"Boutique\",\"item\":\"https:\\\/\\\/mmbobd2.com\\\/logiciels-de-diagnostic-automobiles\\\/\"},{\"@type\":\"ListItem\",\"position\":3,\"name\":\"ISUZU IDSS 2023 Diagnostic Tool\"}]},{\"@type\":\"WebSite\",\"@id\":\"https:\\\/\\\/mmbobd2.com\\\/#website\",\"url\":\"https:\\\/\\\/mmbobd2.com\\\/\",\"name\":\"MMB OBD2 SOFTWARE\",\"description\":\"\",\"publisher\":{\"@id\":\"https:\\\/\\\/mmbobd2.com\\\/#organization\"},\"alternateName\":\"mmbsoftauto\",\"potentialAction\":[{\"@type\":\"SearchAction\",\"target\":{\"@type\":\"EntryPoint\",\"urlTemplate\":\"https:\\\/\\\/mmbobd2.com\\\/?s={search_term_string}\"},\"query-input\":{\"@type\":\"PropertyValueSpecification\",\"valueRequired\":true,\"valueName\":\"search_term_string\"}}],\"inLanguage\":\"en-GB\"},{\"@type\":\"Organization\",\"@id\":\"https:\\\/\\\/mmbobd2.com\\\/#organization\",\"name\":\"MMB COMPANY\",\"url\":\"https:\\\/\\\/mmbobd2.com\\\/\",\"logo\":{\"@type\":\"ImageObject\",\"inLanguage\":\"en-GB\",\"@id\":\"https:\\\/\\\/mmbobd2.com\\\/#\\\/schema\\\/logo\\\/image\\\/\",\"url\":\"https:\\\/\\\/mmbobd2.com\\\/wp-content\\\/uploads\\\/2023\\\/10\\\/LOGO-ROND-MMB-200.png\",\"contentUrl\":\"https:\\\/\\\/mmbobd2.com\\\/wp-content\\\/uploads\\\/2023\\\/10\\\/LOGO-ROND-MMB-200.png\",\"width\":200,\"height\":200,\"caption\":\"MMB COMPANY\"},\"image\":{\"@id\":\"https:\\\/\\\/mmbobd2.com\\\/#\\\/schema\\\/logo\\\/image\\\/\"},\"sameAs\":[\"https:\\\/\\\/www.facebook.com\\\/profile.php?id=61552159950965\"]}]}<\/script>\n<!-- \/ Yoast SEO plugin. -->","yoast_head_json":{"title":"ISUZU IDSS 2023 MMB OBD2 SOFTWARE","description":"L\u2019Isuzu IDSS II 2023 : Diagnostiquez et r\u00e9parez les v\u00e9hicules Isuzu avec ce logiciel sp\u00e9cialis\u00e9. Fonctions avanc\u00e9es, reconnaissance automatique du v\u00e9hicule","robots":{"index":"index","follow":"follow","max-snippet":"max-snippet:-1","max-image-preview":"max-image-preview:large","max-video-preview":"max-video-preview:-1"},"canonical":"https:\/\/mmbobd2.com\/en\/product\/isuzu-idss-2023-diagnostic-tool\/","og_locale":"en_GB","og_type":"article","og_title":"ISUZU IDSS 2023 Diagnostic Tool","og_description":"L\u2019Isuzu IDSS II 2023 : Diagnostiquez et r\u00e9parez les v\u00e9hicules Isuzu avec ce logiciel sp\u00e9cialis\u00e9. Fonctions avanc\u00e9es, reconnaissance automatique du v\u00e9hicule","og_url":"https:\/\/mmbobd2.com\/en\/product\/isuzu-idss-2023-diagnostic-tool\/","og_site_name":"MMB OBD2 SOFTWARE","article_publisher":"https:\/\/www.facebook.com\/profile.php?id=61552159950965","article_modified_time":"2023-11-21T19:53:44+00:00","og_image":[{"width":1000,"height":1000,"url":"https:\/\/mmbobd2.com\/wp-content\/uploads\/2023\/11\/ISUZU-IDSS-2023-jpg.webp","type":"image\/jpeg"}],"twitter_card":"summary_large_image","twitter_misc":{"Estimated reading time":"2 minutes"},"schema":{"@context":"https:\/\/schema.org","@graph":[{"@type":"WebPage","@id":"https:\/\/mmbobd2.com\/product\/isuzu-idss-2023-diagnostic-tool\/","url":"https:\/\/mmbobd2.com\/product\/isuzu-idss-2023-diagnostic-tool\/","name":"ISUZU IDSS 2023 MMB OBD2 SOFTWARE","isPartOf":{"@id":"https:\/\/mmbobd2.com\/#website"},"primaryImageOfPage":{"@id":"https:\/\/mmbobd2.com\/product\/isuzu-idss-2023-diagnostic-tool\/#primaryimage"},"image":{"@id":"https:\/\/mmbobd2.com\/product\/isuzu-idss-2023-diagnostic-tool\/#primaryimage"},"thumbnailUrl":"https:\/\/i0.wp.com\/mmbobd2.com\/wp-content\/uploads\/2023\/11\/ISUZU-IDSS-2023-jpg.webp?fit=1000%2C1000&ssl=1","datePublished":"2023-11-21T19:53:43+00:00","dateModified":"2023-11-21T19:53:44+00:00","description":"L\u2019Isuzu IDSS II 2023 : Diagnostiquez et r\u00e9parez les v\u00e9hicules Isuzu avec ce logiciel sp\u00e9cialis\u00e9. Fonctions avanc\u00e9es, reconnaissance automatique du v\u00e9hicule","breadcrumb":{"@id":"https:\/\/mmbobd2.com\/product\/isuzu-idss-2023-diagnostic-tool\/#breadcrumb"},"inLanguage":"en-GB","potentialAction":[{"@type":"ReadAction","target":["https:\/\/mmbobd2.com\/product\/isuzu-idss-2023-diagnostic-tool\/"]}]},{"@type":"ImageObject","inLanguage":"en-GB","@id":"https:\/\/mmbobd2.com\/product\/isuzu-idss-2023-diagnostic-tool\/#primaryimage","url":"https:\/\/i0.wp.com\/mmbobd2.com\/wp-content\/uploads\/2023\/11\/ISUZU-IDSS-2023-jpg.webp?fit=1000%2C1000&ssl=1","contentUrl":"https:\/\/i0.wp.com\/mmbobd2.com\/wp-content\/uploads\/2023\/11\/ISUZU-IDSS-2023-jpg.webp?fit=1000%2C1000&ssl=1","width":1000,"height":1000,"caption":"ISUZU IDSS 2023 Diagnostic Tool"},{"@type":"BreadcrumbList","@id":"https:\/\/mmbobd2.com\/product\/isuzu-idss-2023-diagnostic-tool\/#breadcrumb","itemListElement":[{"@type":"ListItem","position":1,"name":"Accueil","item":"https:\/\/mmbobd2.com\/"},{"@type":"ListItem","position":2,"name":"Boutique","item":"https:\/\/mmbobd2.com\/logiciels-de-diagnostic-automobiles\/"},{"@type":"ListItem","position":3,"name":"ISUZU IDSS 2023 Diagnostic Tool"}]},{"@type":"WebSite","@id":"https:\/\/mmbobd2.com\/#website","url":"https:\/\/mmbobd2.com\/","name":"MMB OBD2 SOFTWARE","description":"","publisher":{"@id":"https:\/\/mmbobd2.com\/#organization"},"alternateName":"mmbsoftauto","potentialAction":[{"@type":"SearchAction","target":{"@type":"EntryPoint","urlTemplate":"https:\/\/mmbobd2.com\/?s={search_term_string}"},"query-input":{"@type":"PropertyValueSpecification","valueRequired":true,"valueName":"search_term_string"}}],"inLanguage":"en-GB"},{"@type":"Organization","@id":"https:\/\/mmbobd2.com\/#organization","name":"MMB COMPANY","url":"https:\/\/mmbobd2.com\/","logo":{"@type":"ImageObject","inLanguage":"en-GB","@id":"https:\/\/mmbobd2.com\/#\/schema\/logo\/image\/","url":"https:\/\/mmbobd2.com\/wp-content\/uploads\/2023\/10\/LOGO-ROND-MMB-200.png","contentUrl":"https:\/\/mmbobd2.com\/wp-content\/uploads\/2023\/10\/LOGO-ROND-MMB-200.png","width":200,"height":200,"caption":"MMB COMPANY"},"image":{"@id":"https:\/\/mmbobd2.com\/#\/schema\/logo\/image\/"},"sameAs":["https:\/\/www.facebook.com\/profile.php?id=61552159950965"]}]}},"_links":{"self":[{"href":"https:\/\/mmbobd2.com\/en\/wp-json\/wp\/v2\/product\/702","targetHints":{"allow":["GET"]}}],"collection":[{"href":"https:\/\/mmbobd2.com\/en\/wp-json\/wp\/v2\/product"}],"about":[{"href":"https:\/\/mmbobd2.com\/en\/wp-json\/wp\/v2\/types\/product"}],"wp:featuredmedia":[{"embeddable":true,"href":"https:\/\/mmbobd2.com\/en\/wp-json\/wp\/v2\/media\/703"}],"wp:attachment":[{"href":"https:\/\/mmbobd2.com\/en\/wp-json\/wp\/v2\/media?parent=702"}],"wp:term":[{"taxonomy":"product_brand","embeddable":true,"href":"https:\/\/mmbobd2.com\/en\/wp-json\/wp\/v2\/product_brand?post=702"},{"taxonomy":"product_cat","embeddable":true,"href":"https:\/\/mmbobd2.com\/en\/wp-json\/wp\/v2\/product_cat?post=702"},{"taxonomy":"product_tag","embeddable":true,"href":"https:\/\/mmbobd2.com\/en\/wp-json\/wp\/v2\/product_tag?post=702"}],"curies":[{"name":"wp","href":"https:\/\/api.w.org\/{rel}","templated":true}]}}