{"id":707,"date":"2023-11-21T20:28:48","date_gmt":"2023-11-21T20:28:48","guid":{"rendered":"https:\/\/mmbobd2.com\/?post_type=product&#038;p=707"},"modified":"2023-11-21T20:28:49","modified_gmt":"2023-11-21T20:28:49","slug":"odis-s-23-01","status":"publish","type":"product","link":"https:\/\/mmbobd2.com\/en\/product\/odis-s-23-01\/","title":{"rendered":"Offboard Diagnostic Information System ODIS-S 23.01 2023"},"content":{"rendered":"<h4 style=\"text-align: center;\"><strong>Offboard Diagnostic Information System ODIS S 23.01<\/strong><br \/>\nVersion 2023<\/h4>\n<p style=\"text-align: center;\">\nAPRES ACHAT IL VOUS SERAS ENVOYER UN LIEN DE TELECHARGEMENT<\/p>\n<p>ODIS-S 23.01,Un outil de diagnostic automobile essentiel d\u00e9velopp\u00e9 par le groupe Volkswagen (VAG). Il prend en charge leurs marques de v\u00e9hicules de renomm\u00e9e mondiale, notamment Audi, Volkswagen, Seat, Skoda, Bentley, Lamborghini et MAN. Il a \u00e9t\u00e9 con\u00e7u pour r\u00e9pondre aux besoins des concessionnaires et des ateliers de r\u00e9paration agr\u00e9\u00e9s. Offrant un support complet pour les mod\u00e8les de ces marques, qu\u2019il s\u2019agisse de voitures de tourisme ou de v\u00e9hicules utilitaires.<\/p>\n<p>Offboard Diagnostic Information System a \u00e9t\u00e9 d\u00e9velopp\u00e9 pour remplacer le c\u00e9l\u00e8bre VASPC. Il offre une interface utilisateur conviviale et des fonctionnalit\u00e9s avanc\u00e9es pour r\u00e9pondre aux besoins complexes de diagnostic et de r\u00e9paration des v\u00e9hicules modernes.<br \/>\nLes principales fonctionnalit\u00e9s<\/p>\n<p>ODIS-S 23.01 incluent la lecture et l\u2019effacement des codes d\u2019erreur. Ce qui permet de d\u00e9tecter rapidement les probl\u00e8mes \u00e9ventuels. De plus, il offre la possibilit\u00e9 de mesurer les param\u00e8tres en temps r\u00e9el. ce qui est essentiel pour diagnostiquer avec pr\u00e9cision les probl\u00e8mes de fonctionnement du v\u00e9hicule.<\/p>\n<p>VW Offboard Diagnostic Information System prend \u00e9galement en charge la configuration des modules de contr\u00f4le \u00e9lectronique. la programmation des cl\u00e9s et la mise \u00e0 jour des logiciels de contr\u00f4le \u00e9lectronique. Cette polyvalence en fait un outil inestimable pour les techniciens et les m\u00e9caniciens automobiles.<\/p>\n<p>Un autre aspect important de VW Offboard Diagnostic Information System est sa capacit\u00e9 \u00e0 r\u00e9initialiser les indicateurs de service. Ce qui permet de g\u00e9rer efficacement l\u2019entretien r\u00e9gulier et les r\u00e9parations des v\u00e9hicules.<\/p>\n<p>En outre, Offboard Diagnostic Information System est capable de diagnostiquer une large gamme de syst\u00e8mes de v\u00e9hicules. Notamment le syst\u00e8me de freinage, le syst\u00e8me de climatisation, le syst\u00e8me de s\u00e9curit\u00e9, le syst\u00e8me de transmission, le syst\u00e8me d\u2019injection, et bien plus encore. Cela garantit que les techniciens disposent de l\u2019ensemble des outils n\u00e9cessaires pour identifier et r\u00e9soudre les probl\u00e8mes dans tous les domaines du v\u00e9hicule.<\/p>\n<p>L\u2019une des fonctionnalit\u00e9s les plus appr\u00e9ci\u00e9es de Offboard Diagnostic Information System est sa fonction de recherche de panne. Qui permet aux techniciens de localiser rapidement les probl\u00e8mes potentiels, facilitant ainsi une r\u00e9paration rapide et efficace. Cette fonctionnalit\u00e9 contribue \u00e0 augmenter la productivit\u00e9 de l\u2019atelier et \u00e0 garantir que les v\u00e9hicules sont remis en service rapidement.<\/p>\n<p>En conclusion, le logiciel VW Offboard Diagnostic Information System est un outil de diagnostic automobile. Essentiel pour les professionnels de l\u2019industrie automobile. Que ce soit pour les diagnostics de routine, les mises \u00e0 jour logicielles ou les r\u00e9parations plus complexes. Offboard Diagnostic Information System est l\u2019outil id\u00e9al pour les ateliers de r\u00e9paration et les concessionnaires travaillant sur les marques du groupe Volkswagen.<\/p>\n<p>Compatible sur Windows 7\/10\/11<\/p>","protected":false},"excerpt":{"rendered":"<p>ODIS-S 23.01, l&rsquo;outil de diagnostic automobile pour les marques du groupe Volkswagen. Prise en charge compl\u00e8te, diagnostics pr\u00e9cis, maintenance optimale<\/p>","protected":false},"featured_media":708,"template":"","meta":[],"product_brand":[],"product_cat":[16],"product_tag":[],"class_list":{"0":"post-707","1":"product","2":"type-product","3":"status-publish","4":"has-post-thumbnail","6":"product_cat-diagnostic-automobiles","8":"first","9":"instock","10":"downloadable","11":"virtual","12":"purchasable","13":"product-type-simple"},"yoast_head":"<!-- This site is optimized with the Yoast SEO plugin v27.4 - https:\/\/yoast.com\/product\/yoast-seo-wordpress\/ -->\n<title>ODIS-S 23.01 MMB OBD2 SOFTWARE<\/title>\n<meta name=\"description\" content=\"ODIS-S 23.01, l&#039;outil de diagnostic automobile pour les marques du groupe Volkswagen. Prise en charge compl\u00e8te, diagnostics pr\u00e9cis, maintenance optimale\" \/>\n<meta name=\"robots\" content=\"index, follow, max-snippet:-1, max-image-preview:large, max-video-preview:-1\" \/>\n<link rel=\"canonical\" href=\"https:\/\/mmbobd2.com\/en\/product\/odis-s-23-01\/\" \/>\n<meta property=\"og:locale\" content=\"en_GB\" \/>\n<meta property=\"og:type\" content=\"article\" \/>\n<meta property=\"og:title\" content=\"ODIS-S 23.01\" \/>\n<meta property=\"og:description\" content=\"ODIS-S 23.01, l&#039;outil de diagnostic automobile pour les marques du groupe Volkswagen. Prise en charge compl\u00e8te, diagnostics pr\u00e9cis, maintenance optimale\" \/>\n<meta property=\"og:url\" content=\"https:\/\/mmbobd2.com\/en\/product\/odis-s-23-01\/\" \/>\n<meta property=\"og:site_name\" content=\"MMB OBD2 SOFTWARE\" \/>\n<meta property=\"article:publisher\" content=\"https:\/\/www.facebook.com\/profile.php?id=61552159950965\" \/>\n<meta property=\"article:modified_time\" content=\"2023-11-21T20:28:49+00:00\" \/>\n<meta property=\"og:image\" content=\"https:\/\/mmbobd2.com\/wp-content\/uploads\/2023\/11\/ODIS-S-23.01-jpg.webp\" \/>\n\t<meta property=\"og:image:width\" content=\"1000\" \/>\n\t<meta property=\"og:image:height\" content=\"1000\" \/>\n\t<meta property=\"og:image:type\" content=\"image\/jpeg\" \/>\n<meta name=\"twitter:card\" content=\"summary_large_image\" \/>\n<meta name=\"twitter:label1\" content=\"Estimated reading time\" \/>\n\t<meta name=\"twitter:data1\" content=\"3 minutes\" \/>\n<script type=\"application\/ld+json\" class=\"yoast-schema-graph\">{\"@context\":\"https:\\\/\\\/schema.org\",\"@graph\":[{\"@type\":\"WebPage\",\"@id\":\"https:\\\/\\\/mmbobd2.com\\\/product\\\/odis-s-23-01\\\/\",\"url\":\"https:\\\/\\\/mmbobd2.com\\\/product\\\/odis-s-23-01\\\/\",\"name\":\"ODIS-S 23.01 MMB OBD2 SOFTWARE\",\"isPartOf\":{\"@id\":\"https:\\\/\\\/mmbobd2.com\\\/#website\"},\"primaryImageOfPage\":{\"@id\":\"https:\\\/\\\/mmbobd2.com\\\/product\\\/odis-s-23-01\\\/#primaryimage\"},\"image\":{\"@id\":\"https:\\\/\\\/mmbobd2.com\\\/product\\\/odis-s-23-01\\\/#primaryimage\"},\"thumbnailUrl\":\"https:\\\/\\\/i0.wp.com\\\/mmbobd2.com\\\/wp-content\\\/uploads\\\/2023\\\/11\\\/ODIS-S-23.01-jpg.webp?fit=1000%2C1000&ssl=1\",\"datePublished\":\"2023-11-21T20:28:48+00:00\",\"dateModified\":\"2023-11-21T20:28:49+00:00\",\"description\":\"ODIS-S 23.01, l'outil de diagnostic automobile pour les marques du groupe Volkswagen. Prise en charge compl\u00e8te, diagnostics pr\u00e9cis, maintenance optimale\",\"breadcrumb\":{\"@id\":\"https:\\\/\\\/mmbobd2.com\\\/product\\\/odis-s-23-01\\\/#breadcrumb\"},\"inLanguage\":\"en-GB\",\"potentialAction\":[{\"@type\":\"ReadAction\",\"target\":[\"https:\\\/\\\/mmbobd2.com\\\/product\\\/odis-s-23-01\\\/\"]}]},{\"@type\":\"ImageObject\",\"inLanguage\":\"en-GB\",\"@id\":\"https:\\\/\\\/mmbobd2.com\\\/product\\\/odis-s-23-01\\\/#primaryimage\",\"url\":\"https:\\\/\\\/i0.wp.com\\\/mmbobd2.com\\\/wp-content\\\/uploads\\\/2023\\\/11\\\/ODIS-S-23.01-jpg.webp?fit=1000%2C1000&ssl=1\",\"contentUrl\":\"https:\\\/\\\/i0.wp.com\\\/mmbobd2.com\\\/wp-content\\\/uploads\\\/2023\\\/11\\\/ODIS-S-23.01-jpg.webp?fit=1000%2C1000&ssl=1\",\"width\":1000,\"height\":1000,\"caption\":\"Offboard Diagnostic Information System ODIS-S 23.01 2023\"},{\"@type\":\"BreadcrumbList\",\"@id\":\"https:\\\/\\\/mmbobd2.com\\\/product\\\/odis-s-23-01\\\/#breadcrumb\",\"itemListElement\":[{\"@type\":\"ListItem\",\"position\":1,\"name\":\"Accueil\",\"item\":\"https:\\\/\\\/mmbobd2.com\\\/\"},{\"@type\":\"ListItem\",\"position\":2,\"name\":\"Boutique\",\"item\":\"https:\\\/\\\/mmbobd2.com\\\/logiciels-de-diagnostic-automobiles\\\/\"},{\"@type\":\"ListItem\",\"position\":3,\"name\":\"Offboard Diagnostic Information System ODIS-S 23.01 2023\"}]},{\"@type\":\"WebSite\",\"@id\":\"https:\\\/\\\/mmbobd2.com\\\/#website\",\"url\":\"https:\\\/\\\/mmbobd2.com\\\/\",\"name\":\"MMB OBD2 SOFTWARE\",\"description\":\"\",\"publisher\":{\"@id\":\"https:\\\/\\\/mmbobd2.com\\\/#organization\"},\"alternateName\":\"mmbsoftauto\",\"potentialAction\":[{\"@type\":\"SearchAction\",\"target\":{\"@type\":\"EntryPoint\",\"urlTemplate\":\"https:\\\/\\\/mmbobd2.com\\\/?s={search_term_string}\"},\"query-input\":{\"@type\":\"PropertyValueSpecification\",\"valueRequired\":true,\"valueName\":\"search_term_string\"}}],\"inLanguage\":\"en-GB\"},{\"@type\":\"Organization\",\"@id\":\"https:\\\/\\\/mmbobd2.com\\\/#organization\",\"name\":\"MMB COMPANY\",\"url\":\"https:\\\/\\\/mmbobd2.com\\\/\",\"logo\":{\"@type\":\"ImageObject\",\"inLanguage\":\"en-GB\",\"@id\":\"https:\\\/\\\/mmbobd2.com\\\/#\\\/schema\\\/logo\\\/image\\\/\",\"url\":\"https:\\\/\\\/mmbobd2.com\\\/wp-content\\\/uploads\\\/2023\\\/10\\\/LOGO-ROND-MMB-200.png\",\"contentUrl\":\"https:\\\/\\\/mmbobd2.com\\\/wp-content\\\/uploads\\\/2023\\\/10\\\/LOGO-ROND-MMB-200.png\",\"width\":200,\"height\":200,\"caption\":\"MMB COMPANY\"},\"image\":{\"@id\":\"https:\\\/\\\/mmbobd2.com\\\/#\\\/schema\\\/logo\\\/image\\\/\"},\"sameAs\":[\"https:\\\/\\\/www.facebook.com\\\/profile.php?id=61552159950965\"]}]}<\/script>\n<!-- \/ Yoast SEO plugin. -->","yoast_head_json":{"title":"ODIS-S 23.01 MMB OBD2 SOFTWARE","description":"ODIS-S 23.01, l'outil de diagnostic automobile pour les marques du groupe Volkswagen. Prise en charge compl\u00e8te, diagnostics pr\u00e9cis, maintenance optimale","robots":{"index":"index","follow":"follow","max-snippet":"max-snippet:-1","max-image-preview":"max-image-preview:large","max-video-preview":"max-video-preview:-1"},"canonical":"https:\/\/mmbobd2.com\/en\/product\/odis-s-23-01\/","og_locale":"en_GB","og_type":"article","og_title":"ODIS-S 23.01","og_description":"ODIS-S 23.01, l'outil de diagnostic automobile pour les marques du groupe Volkswagen. Prise en charge compl\u00e8te, diagnostics pr\u00e9cis, maintenance optimale","og_url":"https:\/\/mmbobd2.com\/en\/product\/odis-s-23-01\/","og_site_name":"MMB OBD2 SOFTWARE","article_publisher":"https:\/\/www.facebook.com\/profile.php?id=61552159950965","article_modified_time":"2023-11-21T20:28:49+00:00","og_image":[{"width":1000,"height":1000,"url":"https:\/\/mmbobd2.com\/wp-content\/uploads\/2023\/11\/ODIS-S-23.01-jpg.webp","type":"image\/jpeg"}],"twitter_card":"summary_large_image","twitter_misc":{"Estimated reading time":"3 minutes"},"schema":{"@context":"https:\/\/schema.org","@graph":[{"@type":"WebPage","@id":"https:\/\/mmbobd2.com\/product\/odis-s-23-01\/","url":"https:\/\/mmbobd2.com\/product\/odis-s-23-01\/","name":"ODIS-S 23.01 MMB OBD2 SOFTWARE","isPartOf":{"@id":"https:\/\/mmbobd2.com\/#website"},"primaryImageOfPage":{"@id":"https:\/\/mmbobd2.com\/product\/odis-s-23-01\/#primaryimage"},"image":{"@id":"https:\/\/mmbobd2.com\/product\/odis-s-23-01\/#primaryimage"},"thumbnailUrl":"https:\/\/i0.wp.com\/mmbobd2.com\/wp-content\/uploads\/2023\/11\/ODIS-S-23.01-jpg.webp?fit=1000%2C1000&ssl=1","datePublished":"2023-11-21T20:28:48+00:00","dateModified":"2023-11-21T20:28:49+00:00","description":"ODIS-S 23.01, l'outil de diagnostic automobile pour les marques du groupe Volkswagen. Prise en charge compl\u00e8te, diagnostics pr\u00e9cis, maintenance optimale","breadcrumb":{"@id":"https:\/\/mmbobd2.com\/product\/odis-s-23-01\/#breadcrumb"},"inLanguage":"en-GB","potentialAction":[{"@type":"ReadAction","target":["https:\/\/mmbobd2.com\/product\/odis-s-23-01\/"]}]},{"@type":"ImageObject","inLanguage":"en-GB","@id":"https:\/\/mmbobd2.com\/product\/odis-s-23-01\/#primaryimage","url":"https:\/\/i0.wp.com\/mmbobd2.com\/wp-content\/uploads\/2023\/11\/ODIS-S-23.01-jpg.webp?fit=1000%2C1000&ssl=1","contentUrl":"https:\/\/i0.wp.com\/mmbobd2.com\/wp-content\/uploads\/2023\/11\/ODIS-S-23.01-jpg.webp?fit=1000%2C1000&ssl=1","width":1000,"height":1000,"caption":"Offboard Diagnostic Information System ODIS-S 23.01 2023"},{"@type":"BreadcrumbList","@id":"https:\/\/mmbobd2.com\/product\/odis-s-23-01\/#breadcrumb","itemListElement":[{"@type":"ListItem","position":1,"name":"Accueil","item":"https:\/\/mmbobd2.com\/"},{"@type":"ListItem","position":2,"name":"Boutique","item":"https:\/\/mmbobd2.com\/logiciels-de-diagnostic-automobiles\/"},{"@type":"ListItem","position":3,"name":"Offboard Diagnostic Information System ODIS-S 23.01 2023"}]},{"@type":"WebSite","@id":"https:\/\/mmbobd2.com\/#website","url":"https:\/\/mmbobd2.com\/","name":"MMB OBD2 SOFTWARE","description":"","publisher":{"@id":"https:\/\/mmbobd2.com\/#organization"},"alternateName":"mmbsoftauto","potentialAction":[{"@type":"SearchAction","target":{"@type":"EntryPoint","urlTemplate":"https:\/\/mmbobd2.com\/?s={search_term_string}"},"query-input":{"@type":"PropertyValueSpecification","valueRequired":true,"valueName":"search_term_string"}}],"inLanguage":"en-GB"},{"@type":"Organization","@id":"https:\/\/mmbobd2.com\/#organization","name":"MMB COMPANY","url":"https:\/\/mmbobd2.com\/","logo":{"@type":"ImageObject","inLanguage":"en-GB","@id":"https:\/\/mmbobd2.com\/#\/schema\/logo\/image\/","url":"https:\/\/mmbobd2.com\/wp-content\/uploads\/2023\/10\/LOGO-ROND-MMB-200.png","contentUrl":"https:\/\/mmbobd2.com\/wp-content\/uploads\/2023\/10\/LOGO-ROND-MMB-200.png","width":200,"height":200,"caption":"MMB COMPANY"},"image":{"@id":"https:\/\/mmbobd2.com\/#\/schema\/logo\/image\/"},"sameAs":["https:\/\/www.facebook.com\/profile.php?id=61552159950965"]}]}},"_links":{"self":[{"href":"https:\/\/mmbobd2.com\/en\/wp-json\/wp\/v2\/product\/707","targetHints":{"allow":["GET"]}}],"collection":[{"href":"https:\/\/mmbobd2.com\/en\/wp-json\/wp\/v2\/product"}],"about":[{"href":"https:\/\/mmbobd2.com\/en\/wp-json\/wp\/v2\/types\/product"}],"wp:featuredmedia":[{"embeddable":true,"href":"https:\/\/mmbobd2.com\/en\/wp-json\/wp\/v2\/media\/708"}],"wp:attachment":[{"href":"https:\/\/mmbobd2.com\/en\/wp-json\/wp\/v2\/media?parent=707"}],"wp:term":[{"taxonomy":"product_brand","embeddable":true,"href":"https:\/\/mmbobd2.com\/en\/wp-json\/wp\/v2\/product_brand?post=707"},{"taxonomy":"product_cat","embeddable":true,"href":"https:\/\/mmbobd2.com\/en\/wp-json\/wp\/v2\/product_cat?post=707"},{"taxonomy":"product_tag","embeddable":true,"href":"https:\/\/mmbobd2.com\/en\/wp-json\/wp\/v2\/product_tag?post=707"}],"curies":[{"name":"wp","href":"https:\/\/api.w.org\/{rel}","templated":true}]}}