{"id":709,"date":"2023-11-21T20:41:48","date_gmt":"2023-11-21T20:41:48","guid":{"rendered":"https:\/\/mmbobd2.com\/?post_type=product&#038;p=709"},"modified":"2023-11-21T20:41:49","modified_gmt":"2023-11-21T20:41:49","slug":"vw-audi-seat-skoda-porsche-cupra-diagnostic-petka-8-3","status":"publish","type":"product","link":"https:\/\/mmbobd2.com\/en\/product\/vw-audi-seat-skoda-porsche-cupra-diagnostic-petka-8-3\/","title":{"rendered":"VW Audi Seat Skoda Porsche CUPRA Diagnostic PETKA 8.3"},"content":{"rendered":"<h4 style=\"text-align: center;\"><strong>VW AUDI SEAT SKODA PORSCHE CUPRA Diagnostic PETKA 8.3 <\/strong><\/h4>\n<h4 style=\"text-align: center;\">\nAPRES ACHAT IL VOUS SERAS ENVOYER UN LIEN DE TELECHARGEMENT<\/h4>\n<p>&nbsp;<\/p>\n<p>PETKA Diagnostic VAG Group est un logiciel de code d\u2019erreur et de diagnostic int\u00e9gr\u00e9 pour tous les constructeurs automobiles VAG, y compris des marques telles que Audi, Porsche, VW,\u2026 Avec ce logiciel, vous pouvez rechercher et diagnostiquer les lignes. VAG voiture d\u2019une mani\u00e8re simple. C\u2019est l\u2019un des logiciels indispensables pour tous les techniciens qui veulent faire le travail rapidement et efficacement.<\/p>\n<p>Recherchez les pi\u00e8ces de rechange moteur, le syst\u00e8me de direction, les vis, les boulons, le syst\u00e8me d\u2019allumage, le syst\u00e8me de <a href=\"https:\/\/mmbobd2.com\/en\/product\/multiecuscan-4-8\/\">climatisation<\/a>\u2026 Derniers d\u00e9tails pour les mod\u00e8les de voitures : AUDI, SEAT, SKODA, VW, PORSCHE.<br \/>\nRechercher les derniers mod\u00e8les de voitures ( 2022 , <a href=\"https:\/\/www.audi.fr\/fr\/web\/fr.html\">2023<\/a> )<\/p>\n<p>Informations sur le logiciel PETKA<\/p>\n<p>Interface logicielle de recherche de pi\u00e8ces de rechange PETKA 8.3.<\/p>\n<p>Nom du logiciel : PETKA 8.3 . Logiciel de recherche de pi\u00e8ces de rechange.<br \/>\nSyst\u00e8me d\u2019exploitation : windows 7 8 10 \u2013 32 &amp; 64 bits.<br \/>\nVersion logicielle : 8.3<br \/>\nLangue : Multi-langue.<\/p>\n<p>Fonction du logiciel Diagnostic PETKA 8.3 VAG Group<\/p>\n<p>Recherchez les pi\u00e8ces de rechange moteur, le syst\u00e8me de direction, les vis, les boulons, le syst\u00e8me d\u2019allumage, le syst\u00e8me de climatisation\u2026 Derniers d\u00e9tails pour les mod\u00e8les de voitures : AUDI, SEAT, SKODA, VW, PORSCHE.<\/p>\n<p>Une s\u00e9lection de groupe principal que vous pouvez choisir :<\/p>\n<p>Moteur<br \/>\nCarburant, \u00e9chappement, refroidissement<br \/>\nBo\u00eete de vitesses<br \/>\nEssieu avant, direction<br \/>\nEssieu arri\u00e8re<br \/>\nRoues, freins<br \/>\nP\u00e9dales<br \/>\nCorps<br \/>\nElectriques<br \/>\nAs, info divertissement,<\/p>\n<p>&nbsp;<\/p>\n<p>Avec 23 langues et peut rechercher les derniers mod\u00e8les de voitures ( 2022 , 2023 ) langues telles que : allemand, anglais, anglais am\u00e9ricain, fran\u00e7ais, italien, espagnol, tch\u00e8que, dansk, vietnamien n\u00e9erlandais, Norsk, Svenska, polonais, turc, hongrois, chinois, japonais, russe, croate, portugais, slov\u00e8ne, roumain, finnois\u2026.<\/p>","protected":false},"excerpt":{"rendered":"<p>Diagnostic PETKA 8.3 VAG Group  offre une solution compl\u00e8te pour le diagnostic et la recherche de pi\u00e8ces, une prise en charge \u00e9tendue des marques VAG<\/p>","protected":false},"featured_media":710,"template":"","meta":[],"product_brand":[],"product_cat":[16],"product_tag":[],"class_list":{"0":"post-709","1":"product","2":"type-product","3":"status-publish","4":"has-post-thumbnail","6":"product_cat-diagnostic-automobiles","8":"first","9":"instock","10":"downloadable","11":"virtual","12":"purchasable","13":"product-type-simple"},"yoast_head":"<!-- This site is optimized with the Yoast SEO plugin v27.4 - https:\/\/yoast.com\/product\/yoast-seo-wordpress\/ -->\n<title>Diagnostic PETKA 8.3 MMB OBD2 SOFTWARE<\/title>\n<meta name=\"description\" content=\"Diagnostic PETKA 8.3 VAG Group offre une solution compl\u00e8te pour le diagnostic et la recherche de pi\u00e8ces, une prise en charge \u00e9tendue des marques VAG\" \/>\n<meta name=\"robots\" content=\"index, follow, max-snippet:-1, max-image-preview:large, max-video-preview:-1\" \/>\n<link rel=\"canonical\" href=\"https:\/\/mmbobd2.com\/en\/product\/vw-audi-seat-skoda-porsche-cupra-diagnostic-petka-8-3\/\" \/>\n<meta property=\"og:locale\" content=\"en_GB\" \/>\n<meta property=\"og:type\" content=\"article\" \/>\n<meta property=\"og:title\" content=\"Diagnostic PETKA 8.3\" \/>\n<meta property=\"og:description\" content=\"Diagnostic PETKA 8.3 VAG Group offre une solution compl\u00e8te pour le diagnostic et la recherche de pi\u00e8ces, une prise en charge \u00e9tendue des marques VAG\" \/>\n<meta property=\"og:url\" content=\"https:\/\/mmbobd2.com\/en\/product\/vw-audi-seat-skoda-porsche-cupra-diagnostic-petka-8-3\/\" \/>\n<meta property=\"og:site_name\" content=\"MMB OBD2 SOFTWARE\" \/>\n<meta property=\"article:publisher\" content=\"https:\/\/www.facebook.com\/profile.php?id=61552159950965\" \/>\n<meta property=\"article:modified_time\" content=\"2023-11-21T20:41:49+00:00\" \/>\n<meta property=\"og:image\" content=\"https:\/\/mmbobd2.com\/wp-content\/uploads\/2023\/11\/PETKA83VM-jpg.webp\" \/>\n\t<meta property=\"og:image:width\" content=\"1000\" \/>\n\t<meta property=\"og:image:height\" content=\"1000\" \/>\n\t<meta property=\"og:image:type\" content=\"image\/jpeg\" \/>\n<meta name=\"twitter:card\" content=\"summary_large_image\" \/>\n<meta name=\"twitter:label1\" content=\"Estimated reading time\" \/>\n\t<meta name=\"twitter:data1\" content=\"2 minutes\" \/>\n<script type=\"application\/ld+json\" class=\"yoast-schema-graph\">{\"@context\":\"https:\\\/\\\/schema.org\",\"@graph\":[{\"@type\":\"WebPage\",\"@id\":\"https:\\\/\\\/mmbobd2.com\\\/product\\\/vw-audi-seat-skoda-porsche-cupra-diagnostic-petka-8-3\\\/\",\"url\":\"https:\\\/\\\/mmbobd2.com\\\/product\\\/vw-audi-seat-skoda-porsche-cupra-diagnostic-petka-8-3\\\/\",\"name\":\"Diagnostic PETKA 8.3 MMB OBD2 SOFTWARE\",\"isPartOf\":{\"@id\":\"https:\\\/\\\/mmbobd2.com\\\/#website\"},\"primaryImageOfPage\":{\"@id\":\"https:\\\/\\\/mmbobd2.com\\\/product\\\/vw-audi-seat-skoda-porsche-cupra-diagnostic-petka-8-3\\\/#primaryimage\"},\"image\":{\"@id\":\"https:\\\/\\\/mmbobd2.com\\\/product\\\/vw-audi-seat-skoda-porsche-cupra-diagnostic-petka-8-3\\\/#primaryimage\"},\"thumbnailUrl\":\"https:\\\/\\\/i0.wp.com\\\/mmbobd2.com\\\/wp-content\\\/uploads\\\/2023\\\/11\\\/PETKA83VM-jpg.webp?fit=1000%2C1000&ssl=1\",\"datePublished\":\"2023-11-21T20:41:48+00:00\",\"dateModified\":\"2023-11-21T20:41:49+00:00\",\"description\":\"Diagnostic PETKA 8.3 VAG Group offre une solution compl\u00e8te pour le diagnostic et la recherche de pi\u00e8ces, une prise en charge \u00e9tendue des marques VAG\",\"breadcrumb\":{\"@id\":\"https:\\\/\\\/mmbobd2.com\\\/product\\\/vw-audi-seat-skoda-porsche-cupra-diagnostic-petka-8-3\\\/#breadcrumb\"},\"inLanguage\":\"en-GB\",\"potentialAction\":[{\"@type\":\"ReadAction\",\"target\":[\"https:\\\/\\\/mmbobd2.com\\\/product\\\/vw-audi-seat-skoda-porsche-cupra-diagnostic-petka-8-3\\\/\"]}]},{\"@type\":\"ImageObject\",\"inLanguage\":\"en-GB\",\"@id\":\"https:\\\/\\\/mmbobd2.com\\\/product\\\/vw-audi-seat-skoda-porsche-cupra-diagnostic-petka-8-3\\\/#primaryimage\",\"url\":\"https:\\\/\\\/i0.wp.com\\\/mmbobd2.com\\\/wp-content\\\/uploads\\\/2023\\\/11\\\/PETKA83VM-jpg.webp?fit=1000%2C1000&ssl=1\",\"contentUrl\":\"https:\\\/\\\/i0.wp.com\\\/mmbobd2.com\\\/wp-content\\\/uploads\\\/2023\\\/11\\\/PETKA83VM-jpg.webp?fit=1000%2C1000&ssl=1\",\"width\":1000,\"height\":1000,\"caption\":\"Diagnostic PETKA 8.3 VAG Group offre une solution compl\u00e8te pour le diagnostic et la recherche de pi\u00e8ces, une prise en charge \u00e9tendue des marques VAG\"},{\"@type\":\"BreadcrumbList\",\"@id\":\"https:\\\/\\\/mmbobd2.com\\\/product\\\/vw-audi-seat-skoda-porsche-cupra-diagnostic-petka-8-3\\\/#breadcrumb\",\"itemListElement\":[{\"@type\":\"ListItem\",\"position\":1,\"name\":\"Accueil\",\"item\":\"https:\\\/\\\/mmbobd2.com\\\/\"},{\"@type\":\"ListItem\",\"position\":2,\"name\":\"Boutique\",\"item\":\"https:\\\/\\\/mmbobd2.com\\\/logiciels-de-diagnostic-automobiles\\\/\"},{\"@type\":\"ListItem\",\"position\":3,\"name\":\"VW Audi Seat Skoda Porsche CUPRA Diagnostic PETKA 8.3\"}]},{\"@type\":\"WebSite\",\"@id\":\"https:\\\/\\\/mmbobd2.com\\\/#website\",\"url\":\"https:\\\/\\\/mmbobd2.com\\\/\",\"name\":\"MMB OBD2 SOFTWARE\",\"description\":\"\",\"publisher\":{\"@id\":\"https:\\\/\\\/mmbobd2.com\\\/#organization\"},\"alternateName\":\"mmbsoftauto\",\"potentialAction\":[{\"@type\":\"SearchAction\",\"target\":{\"@type\":\"EntryPoint\",\"urlTemplate\":\"https:\\\/\\\/mmbobd2.com\\\/?s={search_term_string}\"},\"query-input\":{\"@type\":\"PropertyValueSpecification\",\"valueRequired\":true,\"valueName\":\"search_term_string\"}}],\"inLanguage\":\"en-GB\"},{\"@type\":\"Organization\",\"@id\":\"https:\\\/\\\/mmbobd2.com\\\/#organization\",\"name\":\"MMB COMPANY\",\"url\":\"https:\\\/\\\/mmbobd2.com\\\/\",\"logo\":{\"@type\":\"ImageObject\",\"inLanguage\":\"en-GB\",\"@id\":\"https:\\\/\\\/mmbobd2.com\\\/#\\\/schema\\\/logo\\\/image\\\/\",\"url\":\"https:\\\/\\\/mmbobd2.com\\\/wp-content\\\/uploads\\\/2023\\\/10\\\/LOGO-ROND-MMB-200.png\",\"contentUrl\":\"https:\\\/\\\/mmbobd2.com\\\/wp-content\\\/uploads\\\/2023\\\/10\\\/LOGO-ROND-MMB-200.png\",\"width\":200,\"height\":200,\"caption\":\"MMB COMPANY\"},\"image\":{\"@id\":\"https:\\\/\\\/mmbobd2.com\\\/#\\\/schema\\\/logo\\\/image\\\/\"},\"sameAs\":[\"https:\\\/\\\/www.facebook.com\\\/profile.php?id=61552159950965\"]}]}<\/script>\n<!-- \/ Yoast SEO plugin. -->","yoast_head_json":{"title":"Diagnostic PETKA 8.3 MMB OBD2 SOFTWARE","description":"Diagnostic PETKA 8.3 VAG Group offre une solution compl\u00e8te pour le diagnostic et la recherche de pi\u00e8ces, une prise en charge \u00e9tendue des marques VAG","robots":{"index":"index","follow":"follow","max-snippet":"max-snippet:-1","max-image-preview":"max-image-preview:large","max-video-preview":"max-video-preview:-1"},"canonical":"https:\/\/mmbobd2.com\/en\/product\/vw-audi-seat-skoda-porsche-cupra-diagnostic-petka-8-3\/","og_locale":"en_GB","og_type":"article","og_title":"Diagnostic PETKA 8.3","og_description":"Diagnostic PETKA 8.3 VAG Group offre une solution compl\u00e8te pour le diagnostic et la recherche de pi\u00e8ces, une prise en charge \u00e9tendue des marques VAG","og_url":"https:\/\/mmbobd2.com\/en\/product\/vw-audi-seat-skoda-porsche-cupra-diagnostic-petka-8-3\/","og_site_name":"MMB OBD2 SOFTWARE","article_publisher":"https:\/\/www.facebook.com\/profile.php?id=61552159950965","article_modified_time":"2023-11-21T20:41:49+00:00","og_image":[{"width":1000,"height":1000,"url":"https:\/\/mmbobd2.com\/wp-content\/uploads\/2023\/11\/PETKA83VM-jpg.webp","type":"image\/jpeg"}],"twitter_card":"summary_large_image","twitter_misc":{"Estimated reading time":"2 minutes"},"schema":{"@context":"https:\/\/schema.org","@graph":[{"@type":"WebPage","@id":"https:\/\/mmbobd2.com\/product\/vw-audi-seat-skoda-porsche-cupra-diagnostic-petka-8-3\/","url":"https:\/\/mmbobd2.com\/product\/vw-audi-seat-skoda-porsche-cupra-diagnostic-petka-8-3\/","name":"Diagnostic PETKA 8.3 MMB OBD2 SOFTWARE","isPartOf":{"@id":"https:\/\/mmbobd2.com\/#website"},"primaryImageOfPage":{"@id":"https:\/\/mmbobd2.com\/product\/vw-audi-seat-skoda-porsche-cupra-diagnostic-petka-8-3\/#primaryimage"},"image":{"@id":"https:\/\/mmbobd2.com\/product\/vw-audi-seat-skoda-porsche-cupra-diagnostic-petka-8-3\/#primaryimage"},"thumbnailUrl":"https:\/\/i0.wp.com\/mmbobd2.com\/wp-content\/uploads\/2023\/11\/PETKA83VM-jpg.webp?fit=1000%2C1000&ssl=1","datePublished":"2023-11-21T20:41:48+00:00","dateModified":"2023-11-21T20:41:49+00:00","description":"Diagnostic PETKA 8.3 VAG Group offre une solution compl\u00e8te pour le diagnostic et la recherche de pi\u00e8ces, une prise en charge \u00e9tendue des marques VAG","breadcrumb":{"@id":"https:\/\/mmbobd2.com\/product\/vw-audi-seat-skoda-porsche-cupra-diagnostic-petka-8-3\/#breadcrumb"},"inLanguage":"en-GB","potentialAction":[{"@type":"ReadAction","target":["https:\/\/mmbobd2.com\/product\/vw-audi-seat-skoda-porsche-cupra-diagnostic-petka-8-3\/"]}]},{"@type":"ImageObject","inLanguage":"en-GB","@id":"https:\/\/mmbobd2.com\/product\/vw-audi-seat-skoda-porsche-cupra-diagnostic-petka-8-3\/#primaryimage","url":"https:\/\/i0.wp.com\/mmbobd2.com\/wp-content\/uploads\/2023\/11\/PETKA83VM-jpg.webp?fit=1000%2C1000&ssl=1","contentUrl":"https:\/\/i0.wp.com\/mmbobd2.com\/wp-content\/uploads\/2023\/11\/PETKA83VM-jpg.webp?fit=1000%2C1000&ssl=1","width":1000,"height":1000,"caption":"Diagnostic PETKA 8.3 VAG Group offre une solution compl\u00e8te pour le diagnostic et la recherche de pi\u00e8ces, une prise en charge \u00e9tendue des marques VAG"},{"@type":"BreadcrumbList","@id":"https:\/\/mmbobd2.com\/product\/vw-audi-seat-skoda-porsche-cupra-diagnostic-petka-8-3\/#breadcrumb","itemListElement":[{"@type":"ListItem","position":1,"name":"Accueil","item":"https:\/\/mmbobd2.com\/"},{"@type":"ListItem","position":2,"name":"Boutique","item":"https:\/\/mmbobd2.com\/logiciels-de-diagnostic-automobiles\/"},{"@type":"ListItem","position":3,"name":"VW Audi Seat Skoda Porsche CUPRA Diagnostic PETKA 8.3"}]},{"@type":"WebSite","@id":"https:\/\/mmbobd2.com\/#website","url":"https:\/\/mmbobd2.com\/","name":"MMB OBD2 SOFTWARE","description":"","publisher":{"@id":"https:\/\/mmbobd2.com\/#organization"},"alternateName":"mmbsoftauto","potentialAction":[{"@type":"SearchAction","target":{"@type":"EntryPoint","urlTemplate":"https:\/\/mmbobd2.com\/?s={search_term_string}"},"query-input":{"@type":"PropertyValueSpecification","valueRequired":true,"valueName":"search_term_string"}}],"inLanguage":"en-GB"},{"@type":"Organization","@id":"https:\/\/mmbobd2.com\/#organization","name":"MMB COMPANY","url":"https:\/\/mmbobd2.com\/","logo":{"@type":"ImageObject","inLanguage":"en-GB","@id":"https:\/\/mmbobd2.com\/#\/schema\/logo\/image\/","url":"https:\/\/mmbobd2.com\/wp-content\/uploads\/2023\/10\/LOGO-ROND-MMB-200.png","contentUrl":"https:\/\/mmbobd2.com\/wp-content\/uploads\/2023\/10\/LOGO-ROND-MMB-200.png","width":200,"height":200,"caption":"MMB COMPANY"},"image":{"@id":"https:\/\/mmbobd2.com\/#\/schema\/logo\/image\/"},"sameAs":["https:\/\/www.facebook.com\/profile.php?id=61552159950965"]}]}},"_links":{"self":[{"href":"https:\/\/mmbobd2.com\/en\/wp-json\/wp\/v2\/product\/709","targetHints":{"allow":["GET"]}}],"collection":[{"href":"https:\/\/mmbobd2.com\/en\/wp-json\/wp\/v2\/product"}],"about":[{"href":"https:\/\/mmbobd2.com\/en\/wp-json\/wp\/v2\/types\/product"}],"wp:featuredmedia":[{"embeddable":true,"href":"https:\/\/mmbobd2.com\/en\/wp-json\/wp\/v2\/media\/710"}],"wp:attachment":[{"href":"https:\/\/mmbobd2.com\/en\/wp-json\/wp\/v2\/media?parent=709"}],"wp:term":[{"taxonomy":"product_brand","embeddable":true,"href":"https:\/\/mmbobd2.com\/en\/wp-json\/wp\/v2\/product_brand?post=709"},{"taxonomy":"product_cat","embeddable":true,"href":"https:\/\/mmbobd2.com\/en\/wp-json\/wp\/v2\/product_cat?post=709"},{"taxonomy":"product_tag","embeddable":true,"href":"https:\/\/mmbobd2.com\/en\/wp-json\/wp\/v2\/product_tag?post=709"}],"curies":[{"name":"wp","href":"https:\/\/api.w.org\/{rel}","templated":true}]}}