{"id":716,"date":"2023-11-21T21:23:09","date_gmt":"2023-11-21T21:23:09","guid":{"rendered":"https:\/\/mmbobd2.com\/?post_type=product&#038;p=716"},"modified":"2024-01-14T12:20:06","modified_gmt":"2024-01-14T12:20:06","slug":"multiecuscan-5-0-fiat-alfa-romeo-lancia-jeep","status":"publish","type":"product","link":"https:\/\/mmbobd2.com\/en\/product\/multiecuscan-5-0-fiat-alfa-romeo-lancia-jeep\/","title":{"rendered":"MULTIECUSCAN 5.0 FIAT ALFA ROMEO LANCIA JEEP"},"content":{"rendered":"<div id=\"ds_div\">\n<div align=\"center\">\n<h2 class=\"product_title entry-title\"><strong>MULTIECUSCAN 5.0<\/strong><\/h2>\n<\/div>\n<h4 align=\"center\">APRES ACHAT IL VOUS SERAS ENVOYER UN LIEN DE TELECHARGEMENT<\/h4>\n<p>&nbsp;<\/p>\n<h3><strong data-moz-translations-id=\"0\">D\u00e9couvrez le Diagnostic de V\u00e9hicules FIAT<\/strong><\/h3>\n<p>MMB Software Automotive pr\u00e9sente un logiciel de diagnostique incontournable pour les v\u00e9hicules FIAT, couvrant les marques Alfa Romeo, Fiat, Lancia, Abarth, Chrysler, Dodge, Jeep, Suzuki. Ce logiciel simplifie votre diagnostic automobile, le tout depuis votre <a href=\"https:\/\/mmbobd2.com\/en\/product-category\/software-reprogrammation-auto\/diagnostic-automobiles\/\">PC<\/a>.<\/p>\n<h3><strong>Diagnostic Complet en Quelques Minutes<\/strong><\/h3>\n<p>Avec ce logiciel, vous pouvez r\u00e9cup\u00e9rer les codes d\u00e9faut moteurs et ceux de nombreux voyants tels que l\u2019airbag, la transmission et la climatisation. Il vous permet \u00e9galement de lire les param\u00e8tres statiques, effacer les codes d\u00e9fauts, programmer des cl\u00e9s, et bien plus <a href=\"https:\/\/www.fiat.fr\/\">encore<\/a>.<\/p>\n<h3><strong data-moz-translations-id=\"0\">Surveillance en Temps R\u00e9el<\/strong><\/h3>\n<p>Une des fonctionnalit\u00e9s phares de ce logiciel est la surveillance en temps r\u00e9el des param\u00e8tres du moteur, de la bo\u00eete de vitesses, et plus encore. Obtenez des donn\u00e9es en direct pour un diagnostic pr\u00e9cis.<\/p>\n<h3><strong>Caract\u00e9ristiques Techniques du Logiciel Multiecuscan<\/strong><\/h3>\n<p>D\u00e9crit en d\u00e9tail, le logiciel Multiecuscan est \u00e0 jour en 2022 avec la version 5.0. Il est disponible en fran\u00e7ais et dans plusieurs autres langues. Il est compatible avec Windows XP, 2000, VISTA, 7, 8, 10, et Windows Mobile.<\/p>\n<h3><strong data-moz-translations-id=\"0\">Compatibilit\u00e9 Interface<\/strong><\/h3>\n<p>Ce logiciel fonctionne avec une gamme d\u2019interfaces, y compris ELM327 (Bluetooth et USB), OBDKEY, KKL, VagCom 409, OBDLink, ELM Scan 5, et CANtieCAR.<\/p>\n<h3><strong>Diagnostic Pr\u00e9cis, Facile et Puissant<\/strong><\/h3>\n<p>Ce logiciel offre une lecture des codes d\u00e9fauts, un affichage graphique, la surveillance en temps r\u00e9el des param\u00e8tres moteur, et bien plus encore. Simplifiez votre diagnostic et prenez des d\u00e9cisions \u00e9clair\u00e9es pour l\u2019entretien de votre v\u00e9hicule FIAT.<\/p>\n<h3><strong>Un Outil Indispensable<\/strong><\/h3>\n<p>Le logiciel de diagnostic MMB Software Automotive est un outil indispensable pour les propri\u00e9taires de v\u00e9hicules FIAT. Simplifiez la maintenance, r\u00e9duisez les co\u00fbts de r\u00e9paration, et gardez votre v\u00e9hicule en parfait \u00e9tat de marche.<\/p>\n<p>&nbsp;<\/p>\n<\/div>","protected":false},"excerpt":{"rendered":"<p>MULTIECUSCAN 5.0 &#8211; Diagnostic complet pour les v\u00e9hicules FIAT. Codes d\u00e9fauts, surveillance en temps r\u00e9el. Compatible avec diverses interfaces. Version 2022.<\/p>","protected":false},"featured_media":717,"template":"","meta":[],"product_brand":[],"product_cat":[16],"product_tag":[],"class_list":{"0":"post-716","1":"product","2":"type-product","3":"status-publish","4":"has-post-thumbnail","6":"product_cat-diagnostic-automobiles","8":"first","9":"instock","10":"downloadable","11":"virtual","12":"purchasable","13":"product-type-simple"},"yoast_head":"<!-- This site is optimized with the Yoast SEO plugin v27.4 - https:\/\/yoast.com\/product\/yoast-seo-wordpress\/ -->\n<title>MULTIECUSCAN 5.0 MMB OBD2 SOFTWARE<\/title>\n<meta name=\"description\" content=\"MULTIECUSCAN 5.0 - Diagnostic complet pour les v\u00e9hicules FIAT. Codes d\u00e9fauts, surveillance en temps r\u00e9el. Compatible avec diverses interfaces. Version 2022.\" \/>\n<meta name=\"robots\" content=\"index, follow, max-snippet:-1, max-image-preview:large, max-video-preview:-1\" \/>\n<link rel=\"canonical\" href=\"https:\/\/mmbobd2.com\/en\/product\/multiecuscan-5-0-fiat-alfa-romeo-lancia-jeep\/\" \/>\n<meta property=\"og:locale\" content=\"en_GB\" \/>\n<meta property=\"og:type\" content=\"article\" \/>\n<meta property=\"og:title\" content=\"MULTIECUSCAN 5.0\" \/>\n<meta property=\"og:description\" content=\"MULTIECUSCAN 5.0 - Diagnostic complet pour les v\u00e9hicules FIAT. Codes d\u00e9fauts, surveillance en temps r\u00e9el. Compatible avec diverses interfaces. Version 2022.\" \/>\n<meta property=\"og:url\" content=\"https:\/\/mmbobd2.com\/en\/product\/multiecuscan-5-0-fiat-alfa-romeo-lancia-jeep\/\" \/>\n<meta property=\"og:site_name\" content=\"MMB OBD2 SOFTWARE\" \/>\n<meta property=\"article:publisher\" content=\"https:\/\/www.facebook.com\/profile.php?id=61552159950965\" \/>\n<meta property=\"article:modified_time\" content=\"2024-01-14T12:20:06+00:00\" \/>\n<meta property=\"og:image\" content=\"https:\/\/mmbobd2.com\/wp-content\/uploads\/2023\/11\/MULTIECUSCAN5-jpg.webp\" \/>\n\t<meta property=\"og:image:width\" content=\"1000\" \/>\n\t<meta property=\"og:image:height\" content=\"1000\" \/>\n\t<meta property=\"og:image:type\" content=\"image\/jpeg\" \/>\n<meta name=\"twitter:card\" content=\"summary_large_image\" \/>\n<meta name=\"twitter:label1\" content=\"Estimated reading time\" \/>\n\t<meta name=\"twitter:data1\" content=\"2 minutes\" \/>\n<script type=\"application\/ld+json\" class=\"yoast-schema-graph\">{\"@context\":\"https:\\\/\\\/schema.org\",\"@graph\":[{\"@type\":\"WebPage\",\"@id\":\"https:\\\/\\\/mmbobd2.com\\\/product\\\/multiecuscan-5-0-fiat-alfa-romeo-lancia-jeep\\\/\",\"url\":\"https:\\\/\\\/mmbobd2.com\\\/product\\\/multiecuscan-5-0-fiat-alfa-romeo-lancia-jeep\\\/\",\"name\":\"MULTIECUSCAN 5.0 MMB OBD2 SOFTWARE\",\"isPartOf\":{\"@id\":\"https:\\\/\\\/mmbobd2.com\\\/#website\"},\"primaryImageOfPage\":{\"@id\":\"https:\\\/\\\/mmbobd2.com\\\/product\\\/multiecuscan-5-0-fiat-alfa-romeo-lancia-jeep\\\/#primaryimage\"},\"image\":{\"@id\":\"https:\\\/\\\/mmbobd2.com\\\/product\\\/multiecuscan-5-0-fiat-alfa-romeo-lancia-jeep\\\/#primaryimage\"},\"thumbnailUrl\":\"https:\\\/\\\/i0.wp.com\\\/mmbobd2.com\\\/wp-content\\\/uploads\\\/2023\\\/11\\\/MULTIECUSCAN5-jpg.webp?fit=1000%2C1000&ssl=1\",\"datePublished\":\"2023-11-21T21:23:09+00:00\",\"dateModified\":\"2024-01-14T12:20:06+00:00\",\"description\":\"MULTIECUSCAN 5.0 - Diagnostic complet pour les v\u00e9hicules FIAT. Codes d\u00e9fauts, surveillance en temps r\u00e9el. Compatible avec diverses interfaces. Version 2022.\",\"breadcrumb\":{\"@id\":\"https:\\\/\\\/mmbobd2.com\\\/product\\\/multiecuscan-5-0-fiat-alfa-romeo-lancia-jeep\\\/#breadcrumb\"},\"inLanguage\":\"en-GB\",\"potentialAction\":[{\"@type\":\"ReadAction\",\"target\":[\"https:\\\/\\\/mmbobd2.com\\\/product\\\/multiecuscan-5-0-fiat-alfa-romeo-lancia-jeep\\\/\"]}]},{\"@type\":\"ImageObject\",\"inLanguage\":\"en-GB\",\"@id\":\"https:\\\/\\\/mmbobd2.com\\\/product\\\/multiecuscan-5-0-fiat-alfa-romeo-lancia-jeep\\\/#primaryimage\",\"url\":\"https:\\\/\\\/i0.wp.com\\\/mmbobd2.com\\\/wp-content\\\/uploads\\\/2023\\\/11\\\/MULTIECUSCAN5-jpg.webp?fit=1000%2C1000&ssl=1\",\"contentUrl\":\"https:\\\/\\\/i0.wp.com\\\/mmbobd2.com\\\/wp-content\\\/uploads\\\/2023\\\/11\\\/MULTIECUSCAN5-jpg.webp?fit=1000%2C1000&ssl=1\",\"width\":1000,\"height\":1000,\"caption\":\"MULTIECUSCAN 5.0\"},{\"@type\":\"BreadcrumbList\",\"@id\":\"https:\\\/\\\/mmbobd2.com\\\/product\\\/multiecuscan-5-0-fiat-alfa-romeo-lancia-jeep\\\/#breadcrumb\",\"itemListElement\":[{\"@type\":\"ListItem\",\"position\":1,\"name\":\"Accueil\",\"item\":\"https:\\\/\\\/mmbobd2.com\\\/\"},{\"@type\":\"ListItem\",\"position\":2,\"name\":\"Boutique\",\"item\":\"https:\\\/\\\/mmbobd2.com\\\/logiciels-de-diagnostic-automobiles\\\/\"},{\"@type\":\"ListItem\",\"position\":3,\"name\":\"MULTIECUSCAN 5.0 FIAT ALFA ROMEO LANCIA JEEP\"}]},{\"@type\":\"WebSite\",\"@id\":\"https:\\\/\\\/mmbobd2.com\\\/#website\",\"url\":\"https:\\\/\\\/mmbobd2.com\\\/\",\"name\":\"MMB OBD2 SOFTWARE\",\"description\":\"\",\"publisher\":{\"@id\":\"https:\\\/\\\/mmbobd2.com\\\/#organization\"},\"alternateName\":\"mmbsoftauto\",\"potentialAction\":[{\"@type\":\"SearchAction\",\"target\":{\"@type\":\"EntryPoint\",\"urlTemplate\":\"https:\\\/\\\/mmbobd2.com\\\/?s={search_term_string}\"},\"query-input\":{\"@type\":\"PropertyValueSpecification\",\"valueRequired\":true,\"valueName\":\"search_term_string\"}}],\"inLanguage\":\"en-GB\"},{\"@type\":\"Organization\",\"@id\":\"https:\\\/\\\/mmbobd2.com\\\/#organization\",\"name\":\"MMB COMPANY\",\"url\":\"https:\\\/\\\/mmbobd2.com\\\/\",\"logo\":{\"@type\":\"ImageObject\",\"inLanguage\":\"en-GB\",\"@id\":\"https:\\\/\\\/mmbobd2.com\\\/#\\\/schema\\\/logo\\\/image\\\/\",\"url\":\"https:\\\/\\\/mmbobd2.com\\\/wp-content\\\/uploads\\\/2023\\\/10\\\/LOGO-ROND-MMB-200.png\",\"contentUrl\":\"https:\\\/\\\/mmbobd2.com\\\/wp-content\\\/uploads\\\/2023\\\/10\\\/LOGO-ROND-MMB-200.png\",\"width\":200,\"height\":200,\"caption\":\"MMB COMPANY\"},\"image\":{\"@id\":\"https:\\\/\\\/mmbobd2.com\\\/#\\\/schema\\\/logo\\\/image\\\/\"},\"sameAs\":[\"https:\\\/\\\/www.facebook.com\\\/profile.php?id=61552159950965\"]}]}<\/script>\n<!-- \/ Yoast SEO plugin. -->","yoast_head_json":{"title":"MULTIECUSCAN 5.0 MMB OBD2 SOFTWARE","description":"MULTIECUSCAN 5.0 - Diagnostic complet pour les v\u00e9hicules FIAT. Codes d\u00e9fauts, surveillance en temps r\u00e9el. Compatible avec diverses interfaces. Version 2022.","robots":{"index":"index","follow":"follow","max-snippet":"max-snippet:-1","max-image-preview":"max-image-preview:large","max-video-preview":"max-video-preview:-1"},"canonical":"https:\/\/mmbobd2.com\/en\/product\/multiecuscan-5-0-fiat-alfa-romeo-lancia-jeep\/","og_locale":"en_GB","og_type":"article","og_title":"MULTIECUSCAN 5.0","og_description":"MULTIECUSCAN 5.0 - Diagnostic complet pour les v\u00e9hicules FIAT. Codes d\u00e9fauts, surveillance en temps r\u00e9el. Compatible avec diverses interfaces. Version 2022.","og_url":"https:\/\/mmbobd2.com\/en\/product\/multiecuscan-5-0-fiat-alfa-romeo-lancia-jeep\/","og_site_name":"MMB OBD2 SOFTWARE","article_publisher":"https:\/\/www.facebook.com\/profile.php?id=61552159950965","article_modified_time":"2024-01-14T12:20:06+00:00","og_image":[{"width":1000,"height":1000,"url":"https:\/\/mmbobd2.com\/wp-content\/uploads\/2023\/11\/MULTIECUSCAN5-jpg.webp","type":"image\/jpeg"}],"twitter_card":"summary_large_image","twitter_misc":{"Estimated reading time":"2 minutes"},"schema":{"@context":"https:\/\/schema.org","@graph":[{"@type":"WebPage","@id":"https:\/\/mmbobd2.com\/product\/multiecuscan-5-0-fiat-alfa-romeo-lancia-jeep\/","url":"https:\/\/mmbobd2.com\/product\/multiecuscan-5-0-fiat-alfa-romeo-lancia-jeep\/","name":"MULTIECUSCAN 5.0 MMB OBD2 SOFTWARE","isPartOf":{"@id":"https:\/\/mmbobd2.com\/#website"},"primaryImageOfPage":{"@id":"https:\/\/mmbobd2.com\/product\/multiecuscan-5-0-fiat-alfa-romeo-lancia-jeep\/#primaryimage"},"image":{"@id":"https:\/\/mmbobd2.com\/product\/multiecuscan-5-0-fiat-alfa-romeo-lancia-jeep\/#primaryimage"},"thumbnailUrl":"https:\/\/i0.wp.com\/mmbobd2.com\/wp-content\/uploads\/2023\/11\/MULTIECUSCAN5-jpg.webp?fit=1000%2C1000&ssl=1","datePublished":"2023-11-21T21:23:09+00:00","dateModified":"2024-01-14T12:20:06+00:00","description":"MULTIECUSCAN 5.0 - Diagnostic complet pour les v\u00e9hicules FIAT. Codes d\u00e9fauts, surveillance en temps r\u00e9el. Compatible avec diverses interfaces. Version 2022.","breadcrumb":{"@id":"https:\/\/mmbobd2.com\/product\/multiecuscan-5-0-fiat-alfa-romeo-lancia-jeep\/#breadcrumb"},"inLanguage":"en-GB","potentialAction":[{"@type":"ReadAction","target":["https:\/\/mmbobd2.com\/product\/multiecuscan-5-0-fiat-alfa-romeo-lancia-jeep\/"]}]},{"@type":"ImageObject","inLanguage":"en-GB","@id":"https:\/\/mmbobd2.com\/product\/multiecuscan-5-0-fiat-alfa-romeo-lancia-jeep\/#primaryimage","url":"https:\/\/i0.wp.com\/mmbobd2.com\/wp-content\/uploads\/2023\/11\/MULTIECUSCAN5-jpg.webp?fit=1000%2C1000&ssl=1","contentUrl":"https:\/\/i0.wp.com\/mmbobd2.com\/wp-content\/uploads\/2023\/11\/MULTIECUSCAN5-jpg.webp?fit=1000%2C1000&ssl=1","width":1000,"height":1000,"caption":"MULTIECUSCAN 5.0"},{"@type":"BreadcrumbList","@id":"https:\/\/mmbobd2.com\/product\/multiecuscan-5-0-fiat-alfa-romeo-lancia-jeep\/#breadcrumb","itemListElement":[{"@type":"ListItem","position":1,"name":"Accueil","item":"https:\/\/mmbobd2.com\/"},{"@type":"ListItem","position":2,"name":"Boutique","item":"https:\/\/mmbobd2.com\/logiciels-de-diagnostic-automobiles\/"},{"@type":"ListItem","position":3,"name":"MULTIECUSCAN 5.0 FIAT ALFA ROMEO LANCIA JEEP"}]},{"@type":"WebSite","@id":"https:\/\/mmbobd2.com\/#website","url":"https:\/\/mmbobd2.com\/","name":"MMB OBD2 SOFTWARE","description":"","publisher":{"@id":"https:\/\/mmbobd2.com\/#organization"},"alternateName":"mmbsoftauto","potentialAction":[{"@type":"SearchAction","target":{"@type":"EntryPoint","urlTemplate":"https:\/\/mmbobd2.com\/?s={search_term_string}"},"query-input":{"@type":"PropertyValueSpecification","valueRequired":true,"valueName":"search_term_string"}}],"inLanguage":"en-GB"},{"@type":"Organization","@id":"https:\/\/mmbobd2.com\/#organization","name":"MMB COMPANY","url":"https:\/\/mmbobd2.com\/","logo":{"@type":"ImageObject","inLanguage":"en-GB","@id":"https:\/\/mmbobd2.com\/#\/schema\/logo\/image\/","url":"https:\/\/mmbobd2.com\/wp-content\/uploads\/2023\/10\/LOGO-ROND-MMB-200.png","contentUrl":"https:\/\/mmbobd2.com\/wp-content\/uploads\/2023\/10\/LOGO-ROND-MMB-200.png","width":200,"height":200,"caption":"MMB COMPANY"},"image":{"@id":"https:\/\/mmbobd2.com\/#\/schema\/logo\/image\/"},"sameAs":["https:\/\/www.facebook.com\/profile.php?id=61552159950965"]}]}},"_links":{"self":[{"href":"https:\/\/mmbobd2.com\/en\/wp-json\/wp\/v2\/product\/716","targetHints":{"allow":["GET"]}}],"collection":[{"href":"https:\/\/mmbobd2.com\/en\/wp-json\/wp\/v2\/product"}],"about":[{"href":"https:\/\/mmbobd2.com\/en\/wp-json\/wp\/v2\/types\/product"}],"wp:featuredmedia":[{"embeddable":true,"href":"https:\/\/mmbobd2.com\/en\/wp-json\/wp\/v2\/media\/717"}],"wp:attachment":[{"href":"https:\/\/mmbobd2.com\/en\/wp-json\/wp\/v2\/media?parent=716"}],"wp:term":[{"taxonomy":"product_brand","embeddable":true,"href":"https:\/\/mmbobd2.com\/en\/wp-json\/wp\/v2\/product_brand?post=716"},{"taxonomy":"product_cat","embeddable":true,"href":"https:\/\/mmbobd2.com\/en\/wp-json\/wp\/v2\/product_cat?post=716"},{"taxonomy":"product_tag","embeddable":true,"href":"https:\/\/mmbobd2.com\/en\/wp-json\/wp\/v2\/product_tag?post=716"}],"curies":[{"name":"wp","href":"https:\/\/api.w.org\/{rel}","templated":true}]}}