{"id":718,"date":"2023-11-21T21:47:25","date_gmt":"2023-11-21T21:47:25","guid":{"rendered":"https:\/\/mmbobd2.com\/?post_type=product&#038;p=718"},"modified":"2025-07-26T09:41:00","modified_gmt":"2025-07-26T09:41:00","slug":"renault-pin-extractor-2","status":"publish","type":"product","link":"https:\/\/mmbobd2.com\/en\/product\/renault-pin-extractor-2\/","title":{"rendered":"Renault Pin Extractor 2"},"content":{"rendered":"<h3 style=\"text-align: center;\"><strong>RENAULT PIN EXTRACTOR VERSION 1 ET 2<\/strong><\/h3>\n<h4 style=\"text-align: center;\">APRES ACHAT IL VOUS SERAS ENVOYER UN LIEN DE TELECHARGEMENT<\/h4>\n<p>&nbsp;<\/p>\n<p>Avec ce logiciel, vous pouvez calculer le code PIN (apv) pour les voitures Renault \/ Dacia, le code de reprog de clip pour la reprogrammation <a href=\"https:\/\/mmbobd2.com\/en\/product\/multiecuscan-4-8\/\">hors<\/a> ligne, la cl\u00e9 de clip pour la programmation de la cl\u00e9 \/ carte de voiture.<\/p>\n<p>&nbsp;<\/p>\n<h4><strong>Caract\u00e9ristiques principales Renault <a href=\"https:\/\/www.renault.fr\/?CAMPAIGN=fr-fr-r-l-def-brand-all_products-na-go-classic-marque_renault_go_def_exact&amp;utm_campaign=fr-fr-r-l-def-brand-all_products-na-go-classic-marque_renault_go_def_exact&amp;utm_medium=cpc&amp;utm_source=google&amp;utm_content=generic-na-brand-ao-exact-contextual-def_renault-renault&amp;utm_term=renault&amp;gclsrc=aw.ds&amp;gad_source=1&amp;gclid=CjwKCAiAx_GqBhBQEiwAlDNAZj7pzBejdOk-hRw1iveNIS8jYa7FkBZQ2HFcedIoXOVzF7-4V9nA5BoCFDoQAvD_BwE\">Pin<\/a> Extractor 2 :<br \/>\n<\/strong><\/h4>\n<p>&nbsp;<\/p>\n<ol>\n<li><strong> Extraction du code PIN du dump d\u2019ImmoBox<\/strong><\/li>\n<\/ol>\n<p>&nbsp;<\/p>\n<h4><strong>Liste des dispositifs d\u2019immobilisation pris en charge :<\/strong><\/h4>\n<p>&nbsp;<\/p>\n<p>Siemens 9366<\/p>\n<p>Sagem 9366 (Clio 2)<\/p>\n<p>Sagem 9366 (Kangoo\/Master\/Traffic\/Opel Vivaro\/Movano)<\/p>\n<p>Sagem 9366 (algo2) (Kangoo\/Master\/Traffic\/Opel Vivaro\/Movano)<\/p>\n<p>MC68HC912DG128 (Laguna 1 ph2, Laguna2, Velsatis)<\/p>\n<p>Johnson Controls 95080 (Kangoo\/Master\/Traffic\/Opel Vivaro\/Movano) &#8211; 2007+<\/p>\n<p>UCH 95160 (Laguna 2 ph2, Espace IV, Velsatis ph2)<\/p>\n<p>MC9S12DG256 (Megane 2, Scenic 2)<\/p>\n<p>Siemens 95040 (Symbol, Logan, Duster, Sandero) &#8211; 2010+<\/p>\n<p>Johnson Controls 9366 ( Logan, Duster, Sandero) &#8211; 2010+<\/p>\n<p>MC68HC05B16 (Megane, Scenic \u00e0 8 chiffres)<\/p>\n<p>BMT Sagem 9346 (Clio, Kangoo, SuperNova, Solenza 4 digits pin)<\/p>\n<p>Sagem 9356 ( 4 digits pin)<\/p>\n<p>&nbsp;<\/p>\n<ol start=\"2\">\n<li><strong> Calcul du code PIN par ISK<\/strong><\/li>\n<\/ol>\n<p>&nbsp;<\/p>\n<h4><strong>Liste des dispositifs d\u2019immobilisation pris en charge :<\/strong><\/h4>\n<p>&nbsp;<\/p>\n<p>Siemens 9366<\/p>\n<p>Sagem 9366 (Clio 2)<\/p>\n<p>Sagem 9366 (Kangoo\/Master\/Traffic\/Opel Vivaro\/Movano)<\/p>\n<p>Sagem 9366 (algo2) (Kangoo\/Master\/Traffic\/Opel Vivaro\/Movano)<\/p>\n<p>MC68HC912DG128 (Laguna 1 ph2, Laguna2, Velsatis)<\/p>\n<p>Johnson Controls 95080 (Kangoo\/Master\/Traffic\/Opel Vivaro\/Movano) &#8211; 2007+<\/p>\n<p>UCH 95160 (Laguna 2 ph2, Espace IV, Velsatis ph2)<\/p>\n<p>MC9S12DG256 (Megane 2, Scenic 2)<\/p>\n<p>Siemens 95040 (Symbol, Logan, Duster, Sandero) &#8211; 2010+<\/p>\n<p>Johnson Controls 9366 ( Logan, Duster, Sandero) &#8211; 2010+<\/p>\n<p>MC68HC05B16 (Megane, Scenic \u00e0 8 chiffres)<\/p>\n<p>&nbsp;<\/p>\n<ol start=\"3\">\n<li><strong> Calcul du code PIN par \u00e9tiquette \u00e0 partir de la cl\u00e9<\/strong><\/li>\n<li><strong> Calcul du code PIN et de l\u2019encodage pour Clip<\/strong><\/li>\n<li><strong> Calcul du code pour Reprog par code de demande<\/strong><\/li>\n<\/ol>","protected":false},"excerpt":{"rendered":"<p>Renault Pin Extractor 2, offre un calcul facile du code PIN pour Renault\/Dacia, la reprogrammation hors ligne et la programmation de cl\u00e9s\/carte<\/p>","protected":false},"featured_media":719,"template":"","meta":[],"product_brand":[],"product_cat":[17],"product_tag":[],"class_list":{"0":"post-718","1":"product","2":"type-product","3":"status-publish","4":"has-post-thumbnail","6":"product_cat-software-reprogrammation-auto","8":"first","9":"instock","10":"downloadable","11":"virtual","12":"purchasable","13":"product-type-simple"},"yoast_head":"<!-- This site is optimized with the Yoast SEO plugin v27.4 - https:\/\/yoast.com\/product\/yoast-seo-wordpress\/ -->\n<title>Renault Pin Extractor 2 MMB OBD2 SOFTWARE<\/title>\n<meta name=\"description\" content=\"Renault Pin Extractor 2, offre un calcul facile du code PIN pour Renault\/Dacia, la reprogrammation hors ligne et la programmation de cl\u00e9s\/carte\" \/>\n<meta name=\"robots\" content=\"index, follow, max-snippet:-1, max-image-preview:large, max-video-preview:-1\" \/>\n<link rel=\"canonical\" href=\"https:\/\/mmbobd2.com\/en\/product\/renault-pin-extractor-2\/\" \/>\n<meta property=\"og:locale\" content=\"en_GB\" \/>\n<meta property=\"og:type\" content=\"article\" \/>\n<meta property=\"og:title\" content=\"Renault Pin Extractor 2\" \/>\n<meta property=\"og:description\" content=\"Renault Pin Extractor 2, offre un calcul facile du code PIN pour Renault\/Dacia, la reprogrammation hors ligne et la programmation de cl\u00e9s\/carte\" \/>\n<meta property=\"og:url\" content=\"https:\/\/mmbobd2.com\/en\/product\/renault-pin-extractor-2\/\" \/>\n<meta property=\"og:site_name\" content=\"MMB OBD2 SOFTWARE\" \/>\n<meta property=\"article:publisher\" content=\"https:\/\/www.facebook.com\/profile.php?id=61552159950965\" \/>\n<meta property=\"article:modified_time\" content=\"2025-07-26T09:41:00+00:00\" \/>\n<meta property=\"og:image\" content=\"https:\/\/mmbobd2.com\/wp-content\/uploads\/2023\/11\/RENAULT-PIN-EXTRACTOR-jpg.webp\" \/>\n\t<meta property=\"og:image:width\" content=\"1000\" \/>\n\t<meta property=\"og:image:height\" content=\"1000\" \/>\n\t<meta property=\"og:image:type\" content=\"image\/jpeg\" \/>\n<meta name=\"twitter:card\" content=\"summary_large_image\" \/>\n<meta name=\"twitter:label1\" content=\"Estimated reading time\" \/>\n\t<meta name=\"twitter:data1\" content=\"2 minutes\" \/>\n<script type=\"application\/ld+json\" class=\"yoast-schema-graph\">{\"@context\":\"https:\\\/\\\/schema.org\",\"@graph\":[{\"@type\":\"WebPage\",\"@id\":\"https:\\\/\\\/mmbobd2.com\\\/product\\\/renault-pin-extractor-2\\\/\",\"url\":\"https:\\\/\\\/mmbobd2.com\\\/product\\\/renault-pin-extractor-2\\\/\",\"name\":\"Renault Pin Extractor 2 MMB OBD2 SOFTWARE\",\"isPartOf\":{\"@id\":\"https:\\\/\\\/mmbobd2.com\\\/#website\"},\"primaryImageOfPage\":{\"@id\":\"https:\\\/\\\/mmbobd2.com\\\/product\\\/renault-pin-extractor-2\\\/#primaryimage\"},\"image\":{\"@id\":\"https:\\\/\\\/mmbobd2.com\\\/product\\\/renault-pin-extractor-2\\\/#primaryimage\"},\"thumbnailUrl\":\"https:\\\/\\\/i0.wp.com\\\/mmbobd2.com\\\/wp-content\\\/uploads\\\/2023\\\/11\\\/RENAULT-PIN-EXTRACTOR-jpg.webp?fit=1000%2C1000&ssl=1\",\"datePublished\":\"2023-11-21T21:47:25+00:00\",\"dateModified\":\"2025-07-26T09:41:00+00:00\",\"description\":\"Renault Pin Extractor 2, offre un calcul facile du code PIN pour Renault\\\/Dacia, la reprogrammation hors ligne et la programmation de cl\u00e9s\\\/carte\",\"breadcrumb\":{\"@id\":\"https:\\\/\\\/mmbobd2.com\\\/product\\\/renault-pin-extractor-2\\\/#breadcrumb\"},\"inLanguage\":\"en-GB\",\"potentialAction\":[{\"@type\":\"ReadAction\",\"target\":[\"https:\\\/\\\/mmbobd2.com\\\/product\\\/renault-pin-extractor-2\\\/\"]}]},{\"@type\":\"ImageObject\",\"inLanguage\":\"en-GB\",\"@id\":\"https:\\\/\\\/mmbobd2.com\\\/product\\\/renault-pin-extractor-2\\\/#primaryimage\",\"url\":\"https:\\\/\\\/i0.wp.com\\\/mmbobd2.com\\\/wp-content\\\/uploads\\\/2023\\\/11\\\/RENAULT-PIN-EXTRACTOR-jpg.webp?fit=1000%2C1000&ssl=1\",\"contentUrl\":\"https:\\\/\\\/i0.wp.com\\\/mmbobd2.com\\\/wp-content\\\/uploads\\\/2023\\\/11\\\/RENAULT-PIN-EXTRACTOR-jpg.webp?fit=1000%2C1000&ssl=1\",\"width\":1000,\"height\":1000,\"caption\":\"Renault Pin Extractor 2\"},{\"@type\":\"BreadcrumbList\",\"@id\":\"https:\\\/\\\/mmbobd2.com\\\/product\\\/renault-pin-extractor-2\\\/#breadcrumb\",\"itemListElement\":[{\"@type\":\"ListItem\",\"position\":1,\"name\":\"Accueil\",\"item\":\"https:\\\/\\\/mmbobd2.com\\\/\"},{\"@type\":\"ListItem\",\"position\":2,\"name\":\"Boutique\",\"item\":\"https:\\\/\\\/mmbobd2.com\\\/logiciels-de-diagnostic-automobiles\\\/\"},{\"@type\":\"ListItem\",\"position\":3,\"name\":\"Renault Pin Extractor 2\"}]},{\"@type\":\"WebSite\",\"@id\":\"https:\\\/\\\/mmbobd2.com\\\/#website\",\"url\":\"https:\\\/\\\/mmbobd2.com\\\/\",\"name\":\"MMB OBD2 SOFTWARE\",\"description\":\"\",\"publisher\":{\"@id\":\"https:\\\/\\\/mmbobd2.com\\\/#organization\"},\"alternateName\":\"mmbsoftauto\",\"potentialAction\":[{\"@type\":\"SearchAction\",\"target\":{\"@type\":\"EntryPoint\",\"urlTemplate\":\"https:\\\/\\\/mmbobd2.com\\\/?s={search_term_string}\"},\"query-input\":{\"@type\":\"PropertyValueSpecification\",\"valueRequired\":true,\"valueName\":\"search_term_string\"}}],\"inLanguage\":\"en-GB\"},{\"@type\":\"Organization\",\"@id\":\"https:\\\/\\\/mmbobd2.com\\\/#organization\",\"name\":\"MMB COMPANY\",\"url\":\"https:\\\/\\\/mmbobd2.com\\\/\",\"logo\":{\"@type\":\"ImageObject\",\"inLanguage\":\"en-GB\",\"@id\":\"https:\\\/\\\/mmbobd2.com\\\/#\\\/schema\\\/logo\\\/image\\\/\",\"url\":\"https:\\\/\\\/mmbobd2.com\\\/wp-content\\\/uploads\\\/2023\\\/10\\\/LOGO-ROND-MMB-200.png\",\"contentUrl\":\"https:\\\/\\\/mmbobd2.com\\\/wp-content\\\/uploads\\\/2023\\\/10\\\/LOGO-ROND-MMB-200.png\",\"width\":200,\"height\":200,\"caption\":\"MMB COMPANY\"},\"image\":{\"@id\":\"https:\\\/\\\/mmbobd2.com\\\/#\\\/schema\\\/logo\\\/image\\\/\"},\"sameAs\":[\"https:\\\/\\\/www.facebook.com\\\/profile.php?id=61552159950965\"]}]}<\/script>\n<!-- \/ Yoast SEO plugin. -->","yoast_head_json":{"title":"Renault Pin Extractor 2 MMB OBD2 SOFTWARE","description":"Renault Pin Extractor 2, offre un calcul facile du code PIN pour Renault\/Dacia, la reprogrammation hors ligne et la programmation de cl\u00e9s\/carte","robots":{"index":"index","follow":"follow","max-snippet":"max-snippet:-1","max-image-preview":"max-image-preview:large","max-video-preview":"max-video-preview:-1"},"canonical":"https:\/\/mmbobd2.com\/en\/product\/renault-pin-extractor-2\/","og_locale":"en_GB","og_type":"article","og_title":"Renault Pin Extractor 2","og_description":"Renault Pin Extractor 2, offre un calcul facile du code PIN pour Renault\/Dacia, la reprogrammation hors ligne et la programmation de cl\u00e9s\/carte","og_url":"https:\/\/mmbobd2.com\/en\/product\/renault-pin-extractor-2\/","og_site_name":"MMB OBD2 SOFTWARE","article_publisher":"https:\/\/www.facebook.com\/profile.php?id=61552159950965","article_modified_time":"2025-07-26T09:41:00+00:00","og_image":[{"width":1000,"height":1000,"url":"https:\/\/mmbobd2.com\/wp-content\/uploads\/2023\/11\/RENAULT-PIN-EXTRACTOR-jpg.webp","type":"image\/jpeg"}],"twitter_card":"summary_large_image","twitter_misc":{"Estimated reading time":"2 minutes"},"schema":{"@context":"https:\/\/schema.org","@graph":[{"@type":"WebPage","@id":"https:\/\/mmbobd2.com\/product\/renault-pin-extractor-2\/","url":"https:\/\/mmbobd2.com\/product\/renault-pin-extractor-2\/","name":"Renault Pin Extractor 2 MMB OBD2 SOFTWARE","isPartOf":{"@id":"https:\/\/mmbobd2.com\/#website"},"primaryImageOfPage":{"@id":"https:\/\/mmbobd2.com\/product\/renault-pin-extractor-2\/#primaryimage"},"image":{"@id":"https:\/\/mmbobd2.com\/product\/renault-pin-extractor-2\/#primaryimage"},"thumbnailUrl":"https:\/\/i0.wp.com\/mmbobd2.com\/wp-content\/uploads\/2023\/11\/RENAULT-PIN-EXTRACTOR-jpg.webp?fit=1000%2C1000&ssl=1","datePublished":"2023-11-21T21:47:25+00:00","dateModified":"2025-07-26T09:41:00+00:00","description":"Renault Pin Extractor 2, offre un calcul facile du code PIN pour Renault\/Dacia, la reprogrammation hors ligne et la programmation de cl\u00e9s\/carte","breadcrumb":{"@id":"https:\/\/mmbobd2.com\/product\/renault-pin-extractor-2\/#breadcrumb"},"inLanguage":"en-GB","potentialAction":[{"@type":"ReadAction","target":["https:\/\/mmbobd2.com\/product\/renault-pin-extractor-2\/"]}]},{"@type":"ImageObject","inLanguage":"en-GB","@id":"https:\/\/mmbobd2.com\/product\/renault-pin-extractor-2\/#primaryimage","url":"https:\/\/i0.wp.com\/mmbobd2.com\/wp-content\/uploads\/2023\/11\/RENAULT-PIN-EXTRACTOR-jpg.webp?fit=1000%2C1000&ssl=1","contentUrl":"https:\/\/i0.wp.com\/mmbobd2.com\/wp-content\/uploads\/2023\/11\/RENAULT-PIN-EXTRACTOR-jpg.webp?fit=1000%2C1000&ssl=1","width":1000,"height":1000,"caption":"Renault Pin Extractor 2"},{"@type":"BreadcrumbList","@id":"https:\/\/mmbobd2.com\/product\/renault-pin-extractor-2\/#breadcrumb","itemListElement":[{"@type":"ListItem","position":1,"name":"Accueil","item":"https:\/\/mmbobd2.com\/"},{"@type":"ListItem","position":2,"name":"Boutique","item":"https:\/\/mmbobd2.com\/logiciels-de-diagnostic-automobiles\/"},{"@type":"ListItem","position":3,"name":"Renault Pin Extractor 2"}]},{"@type":"WebSite","@id":"https:\/\/mmbobd2.com\/#website","url":"https:\/\/mmbobd2.com\/","name":"MMB OBD2 SOFTWARE","description":"","publisher":{"@id":"https:\/\/mmbobd2.com\/#organization"},"alternateName":"mmbsoftauto","potentialAction":[{"@type":"SearchAction","target":{"@type":"EntryPoint","urlTemplate":"https:\/\/mmbobd2.com\/?s={search_term_string}"},"query-input":{"@type":"PropertyValueSpecification","valueRequired":true,"valueName":"search_term_string"}}],"inLanguage":"en-GB"},{"@type":"Organization","@id":"https:\/\/mmbobd2.com\/#organization","name":"MMB COMPANY","url":"https:\/\/mmbobd2.com\/","logo":{"@type":"ImageObject","inLanguage":"en-GB","@id":"https:\/\/mmbobd2.com\/#\/schema\/logo\/image\/","url":"https:\/\/mmbobd2.com\/wp-content\/uploads\/2023\/10\/LOGO-ROND-MMB-200.png","contentUrl":"https:\/\/mmbobd2.com\/wp-content\/uploads\/2023\/10\/LOGO-ROND-MMB-200.png","width":200,"height":200,"caption":"MMB COMPANY"},"image":{"@id":"https:\/\/mmbobd2.com\/#\/schema\/logo\/image\/"},"sameAs":["https:\/\/www.facebook.com\/profile.php?id=61552159950965"]}]}},"_links":{"self":[{"href":"https:\/\/mmbobd2.com\/en\/wp-json\/wp\/v2\/product\/718","targetHints":{"allow":["GET"]}}],"collection":[{"href":"https:\/\/mmbobd2.com\/en\/wp-json\/wp\/v2\/product"}],"about":[{"href":"https:\/\/mmbobd2.com\/en\/wp-json\/wp\/v2\/types\/product"}],"wp:featuredmedia":[{"embeddable":true,"href":"https:\/\/mmbobd2.com\/en\/wp-json\/wp\/v2\/media\/719"}],"wp:attachment":[{"href":"https:\/\/mmbobd2.com\/en\/wp-json\/wp\/v2\/media?parent=718"}],"wp:term":[{"taxonomy":"product_brand","embeddable":true,"href":"https:\/\/mmbobd2.com\/en\/wp-json\/wp\/v2\/product_brand?post=718"},{"taxonomy":"product_cat","embeddable":true,"href":"https:\/\/mmbobd2.com\/en\/wp-json\/wp\/v2\/product_cat?post=718"},{"taxonomy":"product_tag","embeddable":true,"href":"https:\/\/mmbobd2.com\/en\/wp-json\/wp\/v2\/product_tag?post=718"}],"curies":[{"name":"wp","href":"https:\/\/api.w.org\/{rel}","templated":true}]}}