{"id":72,"date":"2023-10-06T11:36:38","date_gmt":"2023-10-06T11:36:38","guid":{"rendered":"https:\/\/mmbobd2.com\/?post_type=product&#038;p=72"},"modified":"2025-09-03T07:21:37","modified_gmt":"2025-09-03T07:21:37","slug":"toyota-ista-obd-diagnostic","status":"publish","type":"product","link":"https:\/\/mmbobd2.com\/en\/product\/toyota-ista-obd-diagnostic\/","title":{"rendered":"TOYOTA ISTA 2023"},"content":{"rendered":"<p><audio class=\"audio-for-speech\"><\/audio><\/p>\n<div class=\"translate-tooltip-mtz translator-hidden\">\n<div class=\"header\">\n<div class=\"header-controls\">Translator<\/div>\n<div class=\"header-controls\"><\/div>\n<\/div>\n<div class=\"translated-text\">\n<div class=\"words\"><\/div>\n<div class=\"sentences\"><\/div>\n<\/div>\n<\/div>\n<p>&nbsp;<\/p>\n<h3 style=\"text-align: center;\"><strong>Toyota ISTA OBD Diagnostic<\/strong><\/h3>\n<p>&nbsp;<\/p>\n<div class=\"flex flex-grow flex-col gap-3 max-w-full\">\n<div class=\"min-h-[20px] flex flex-col items-start gap-3 whitespace-pre-wrap break-words overflow-x-auto\">\n<div class=\"markdown prose w-full break-words dark:prose-invert dark\">\n<div class=\"flex flex-grow flex-col gap-3 max-w-full\">\n<div class=\"min-h-[20px] flex flex-col items-start gap-3 whitespace-pre-wrap break-words overflow-x-auto\">\n<div class=\"markdown prose w-full break-words dark:prose-invert dark\">\n<div class=\"flex flex-grow flex-col gap-3 max-w-full\">\n<div class=\"min-h-[20px] flex flex-col items-start gap-3 whitespace-pre-wrap break-words overflow-x-auto\">\n<div class=\"markdown prose w-full break-words dark:prose-invert dark\">\n<p>Toyota ISTA OBD Diagnostic : Votre Solution Compl\u00e8te en <a href=\"https:\/\/mmbobd2.com\/product-category\/diagnostic-automobiles\/\">Diagnostic<\/a> Automobile<\/p>\n<p>Si vous recherchez une solution compl\u00e8te pour am\u00e9liorer les performances et diagnostiquer des probl\u00e8mes complexes, vous \u00eates au bon endroit. D\u00e9couvrez la Toyota ISTA 2023 Supra J29, un outil r\u00e9volutionnaire de diagnostic OBD II et de programmation automobile.<\/p>\n<p>Un Outil R\u00e9volutionnaire pour des Performances Optimales<\/p>\n<p>Ce logiciel va bien au-del\u00e0 des simples diagnostics. La <a href=\"https:\/\/www.toyota.fr\/\">Toyota<\/a> ISTA\u00a0 2023 Supra J29 est un compagnon essentiel, que vous soyez professionnel de l&rsquo;automobile ou passionn\u00e9. Elle offre des diagnostics complets pour les v\u00e9hicules Toyota, ce qui est essentiel pour r\u00e9soudre efficacement tous les probl\u00e8mes de votre v\u00e9hicule.<\/p>\n<p>Convivialit\u00e9 Avanc\u00e9e pour Tous les Utilisateurs<\/p>\n<p>Son interface intuitive rend la navigation simple et accessible \u00e0 tous, qu&rsquo;il s&rsquo;agisse de professionnels aguerris ou de passionn\u00e9s d\u00e9butants. De plus, ce logiciel est disponible en t\u00e9l\u00e9chargement imm\u00e9diat (instant download), ce qui signifie que vous pouvez commencer \u00e0 l&rsquo;utiliser rapidement sans attendre de livraison.<\/p>\n<p>Investissez dans Votre Avenir Automobile<\/p>\n<p>Que vous souhaitiez am\u00e9liorer votre service client ou tirer le meilleur parti de votre v\u00e9hicule Toyota, la Toyota ISTA\u00a0 2023 Supra J29 est la solution incontournable. N&rsquo;attendez plus et investissez dans l&rsquo;avenir de votre automobile d\u00e8s aujourd&rsquo;hui.<\/p>\n<p>Lib\u00e9rez Tout le Potentiel de Votre Toyota<\/p>\n<p>Investissez dans cet outil de pointe et d\u00e9couvrez la nouvelle norme en mati\u00e8re de technologie de diagnostic et de programmation automobile. Avec la Toyota ISTA 2023 Supra J29, vous pouvez lib\u00e9rer tout le potentiel de votre v\u00e9hicule Toyota.<\/p>\n<p>Prenez le Contr\u00f4le de Votre Diagnostic Automobile<\/p>\n<p>T\u00e9l\u00e9chargez-le maintenant et d\u00e9couvrez la diff\u00e9rence par vous-m\u00eame. Ne laissez pas les probl\u00e8mes de diagnostic vous ralentir. Prenez le contr\u00f4le avec la Toyota ISTA OBD Diagnostic 2023 Supra J29.<\/p>\n<p>LOGICIEL EN TELECHARGEMENT IMMEDIAT ( INSTANT DOWNLOAD )<\/p>\n<\/div>\n<\/div>\n<\/div>\n<\/div>\n<\/div>\n<\/div>\n<\/div>\n<\/div>\n<\/div>\n<p>&nbsp;<\/p>\n","protected":false},"excerpt":{"rendered":"<p><audio class=\"audio-for-speech\"><\/audio><\/p>\n<div class=\"translate-tooltip-mtz translator-hidden\">\n<div class=\"header\">\n<div class=\"header-controls\">Translator<\/div>\n<div class=\"header-controls\"><\/div>\n<\/div>\n<div class=\"translated-text\">\n<div class=\"words\"><\/div>\n<div class=\"sentences\"><\/div>\n<\/div>\n<\/div>\n<p>&nbsp;<\/p>\n<p><audio class=\"audio-for-speech\"><\/audio><\/p>\n<div class=\"translate-tooltip-mtz translator-hidden\">\n<div class=\"header\">\n<div class=\"header-controls\">Translator<\/div>\n<div class=\"header-controls\"><\/div>\n<\/div>\n<div class=\"translated-text\">\n<div class=\"words\"><\/div>\n<div class=\"sentences\"><\/div>\n<\/div>\n<\/div>\n<p>&nbsp;<\/p>\n<p>Toyota ISTA OBD Diagnostic 2023 Supra J29 : La Solution Compl\u00e8te en Diagnostic Automobile. Diagnostics avanc\u00e9s pour votre Toyota.<\/p>","protected":false},"featured_media":101,"template":"","meta":[],"product_brand":[],"product_cat":[16],"product_tag":[],"class_list":{"0":"post-72","1":"product","2":"type-product","3":"status-publish","4":"has-post-thumbnail","6":"product_cat-diagnostic-automobiles","8":"first","9":"instock","10":"downloadable","11":"virtual","12":"purchasable","13":"product-type-simple"},"yoast_head":"<!-- This site is optimized with the Yoast SEO plugin v27.4 - https:\/\/yoast.com\/product\/yoast-seo-wordpress\/ -->\n<title>Toyota ISTA OBD diagnostic - MMB OBD2 SOFTWARE - TOYOTA ISTA 2023<\/title>\n<meta name=\"description\" content=\"MMB OBD2 SOFTWARE - TOYOTA ISTA 2023 logiciel diagnostic Toyota ,vous permet de diagnostiquer, d&#039;entretenir et de r\u00e9parer . Toyota ISTA OBD diagnostic\" \/>\n<meta name=\"robots\" content=\"index, follow, max-snippet:-1, max-image-preview:large, max-video-preview:-1\" \/>\n<link rel=\"canonical\" href=\"https:\/\/mmbobd2.com\/en\/product\/toyota-ista-obd-diagnostic\/\" \/>\n<meta property=\"og:locale\" content=\"en_GB\" \/>\n<meta property=\"og:type\" content=\"article\" \/>\n<meta property=\"og:title\" content=\"TOYOTA ISTA 2023 - TOYOTA ISTA 2023\" \/>\n<meta property=\"og:description\" content=\"Passionn\u00e9(e) d&#039;automobile et de technologie ? Rejoignez-moi pour d\u00e9couvrir les derni\u00e8res innovations en mati\u00e8re de diagnostic automobile avec Toyota ISTA OBD Diagnostic 2023 Supra J29. Restez \u00e0 jour avec les avanc\u00e9es les plus r\u00e9centes, les astuces de diagnostic, et bien plus encore. Ensemble, explorons le futur de l&#039;automobile et lib\u00e9rons le potentiel de nos v\u00e9hicules Toyota. Rejoignez la communaut\u00e9 d\u00e8s aujourd&#039;hui ! \ud83d\ude97\ud83d\udcbb #ToyotaISTA #DiagnosticAutomobile #TechnologieAuto\" \/>\n<meta property=\"og:url\" content=\"https:\/\/mmbobd2.com\/en\/product\/toyota-ista-obd-diagnostic\/\" \/>\n<meta property=\"og:site_name\" content=\"MMB OBD2 SOFTWARE\" \/>\n<meta property=\"article:publisher\" content=\"https:\/\/www.facebook.com\/profile.php?id=61552159950965\" \/>\n<meta property=\"article:modified_time\" content=\"2025-09-03T07:21:37+00:00\" \/>\n<meta property=\"og:image\" content=\"https:\/\/mmbobd2.com\/wp-content\/uploads\/2023\/10\/TOYOTAISTA.jpg\" \/>\n\t<meta property=\"og:image:width\" content=\"1000\" \/>\n\t<meta property=\"og:image:height\" content=\"1000\" \/>\n\t<meta property=\"og:image:type\" content=\"image\/jpeg\" \/>\n<meta name=\"twitter:card\" content=\"summary_large_image\" \/>\n<meta name=\"twitter:label1\" content=\"Estimated reading time\" \/>\n\t<meta name=\"twitter:data1\" content=\"2 minutes\" \/>\n<script type=\"application\/ld+json\" class=\"yoast-schema-graph\">{\"@context\":\"https:\\\/\\\/schema.org\",\"@graph\":[{\"@type\":\"WebPage\",\"@id\":\"https:\\\/\\\/mmbobd2.com\\\/product\\\/toyota-ista-obd-diagnostic\\\/\",\"url\":\"https:\\\/\\\/mmbobd2.com\\\/product\\\/toyota-ista-obd-diagnostic\\\/\",\"name\":\"Toyota ISTA OBD diagnostic - MMB OBD2 SOFTWARE - TOYOTA ISTA 2023\",\"isPartOf\":{\"@id\":\"https:\\\/\\\/mmbobd2.com\\\/#website\"},\"primaryImageOfPage\":{\"@id\":\"https:\\\/\\\/mmbobd2.com\\\/product\\\/toyota-ista-obd-diagnostic\\\/#primaryimage\"},\"image\":{\"@id\":\"https:\\\/\\\/mmbobd2.com\\\/product\\\/toyota-ista-obd-diagnostic\\\/#primaryimage\"},\"thumbnailUrl\":\"https:\\\/\\\/i0.wp.com\\\/mmbobd2.com\\\/wp-content\\\/uploads\\\/2023\\\/10\\\/TOYOTAISTA.jpg?fit=1000%2C1000&ssl=1\",\"datePublished\":\"2023-10-06T11:36:38+00:00\",\"dateModified\":\"2025-09-03T07:21:37+00:00\",\"description\":\"MMB OBD2 SOFTWARE - TOYOTA ISTA 2023 logiciel diagnostic Toyota ,vous permet de diagnostiquer, d'entretenir et de r\u00e9parer . Toyota ISTA OBD diagnostic\",\"breadcrumb\":{\"@id\":\"https:\\\/\\\/mmbobd2.com\\\/product\\\/toyota-ista-obd-diagnostic\\\/#breadcrumb\"},\"inLanguage\":\"en-GB\",\"potentialAction\":[{\"@type\":\"ReadAction\",\"target\":[\"https:\\\/\\\/mmbobd2.com\\\/product\\\/toyota-ista-obd-diagnostic\\\/\"]}]},{\"@type\":\"ImageObject\",\"inLanguage\":\"en-GB\",\"@id\":\"https:\\\/\\\/mmbobd2.com\\\/product\\\/toyota-ista-obd-diagnostic\\\/#primaryimage\",\"url\":\"https:\\\/\\\/i0.wp.com\\\/mmbobd2.com\\\/wp-content\\\/uploads\\\/2023\\\/10\\\/TOYOTAISTA.jpg?fit=1000%2C1000&ssl=1\",\"contentUrl\":\"https:\\\/\\\/i0.wp.com\\\/mmbobd2.com\\\/wp-content\\\/uploads\\\/2023\\\/10\\\/TOYOTAISTA.jpg?fit=1000%2C1000&ssl=1\",\"width\":1000,\"height\":1000,\"caption\":\"toyota ista 2023\"},{\"@type\":\"BreadcrumbList\",\"@id\":\"https:\\\/\\\/mmbobd2.com\\\/product\\\/toyota-ista-obd-diagnostic\\\/#breadcrumb\",\"itemListElement\":[{\"@type\":\"ListItem\",\"position\":1,\"name\":\"Accueil\",\"item\":\"https:\\\/\\\/mmbobd2.com\\\/\"},{\"@type\":\"ListItem\",\"position\":2,\"name\":\"Boutique\",\"item\":\"https:\\\/\\\/mmbobd2.com\\\/logiciels-de-diagnostic-automobiles\\\/\"},{\"@type\":\"ListItem\",\"position\":3,\"name\":\"TOYOTA ISTA 2023\"}]},{\"@type\":\"WebSite\",\"@id\":\"https:\\\/\\\/mmbobd2.com\\\/#website\",\"url\":\"https:\\\/\\\/mmbobd2.com\\\/\",\"name\":\"MMB OBD2 SOFTWARE\",\"description\":\"\",\"publisher\":{\"@id\":\"https:\\\/\\\/mmbobd2.com\\\/#organization\"},\"alternateName\":\"mmbsoftauto\",\"potentialAction\":[{\"@type\":\"SearchAction\",\"target\":{\"@type\":\"EntryPoint\",\"urlTemplate\":\"https:\\\/\\\/mmbobd2.com\\\/?s={search_term_string}\"},\"query-input\":{\"@type\":\"PropertyValueSpecification\",\"valueRequired\":true,\"valueName\":\"search_term_string\"}}],\"inLanguage\":\"en-GB\"},{\"@type\":\"Organization\",\"@id\":\"https:\\\/\\\/mmbobd2.com\\\/#organization\",\"name\":\"MMB COMPANY\",\"url\":\"https:\\\/\\\/mmbobd2.com\\\/\",\"logo\":{\"@type\":\"ImageObject\",\"inLanguage\":\"en-GB\",\"@id\":\"https:\\\/\\\/mmbobd2.com\\\/#\\\/schema\\\/logo\\\/image\\\/\",\"url\":\"https:\\\/\\\/mmbobd2.com\\\/wp-content\\\/uploads\\\/2023\\\/10\\\/LOGO-ROND-MMB-200.png\",\"contentUrl\":\"https:\\\/\\\/mmbobd2.com\\\/wp-content\\\/uploads\\\/2023\\\/10\\\/LOGO-ROND-MMB-200.png\",\"width\":200,\"height\":200,\"caption\":\"MMB COMPANY\"},\"image\":{\"@id\":\"https:\\\/\\\/mmbobd2.com\\\/#\\\/schema\\\/logo\\\/image\\\/\"},\"sameAs\":[\"https:\\\/\\\/www.facebook.com\\\/profile.php?id=61552159950965\"]}]}<\/script>\n<!-- \/ Yoast SEO plugin. -->","yoast_head_json":{"title":"Toyota ISTA OBD diagnostic - MMB OBD2 SOFTWARE - TOYOTA ISTA 2023","description":"MMB OBD2 SOFTWARE - TOYOTA ISTA 2023 logiciel diagnostic Toyota ,vous permet de diagnostiquer, d'entretenir et de r\u00e9parer . Toyota ISTA OBD diagnostic","robots":{"index":"index","follow":"follow","max-snippet":"max-snippet:-1","max-image-preview":"max-image-preview:large","max-video-preview":"max-video-preview:-1"},"canonical":"https:\/\/mmbobd2.com\/en\/product\/toyota-ista-obd-diagnostic\/","og_locale":"en_GB","og_type":"article","og_title":"TOYOTA ISTA 2023 - TOYOTA ISTA 2023","og_description":"Passionn\u00e9(e) d'automobile et de technologie ? Rejoignez-moi pour d\u00e9couvrir les derni\u00e8res innovations en mati\u00e8re de diagnostic automobile avec Toyota ISTA OBD Diagnostic 2023 Supra J29. Restez \u00e0 jour avec les avanc\u00e9es les plus r\u00e9centes, les astuces de diagnostic, et bien plus encore. Ensemble, explorons le futur de l'automobile et lib\u00e9rons le potentiel de nos v\u00e9hicules Toyota. Rejoignez la communaut\u00e9 d\u00e8s aujourd'hui ! \ud83d\ude97\ud83d\udcbb #ToyotaISTA #DiagnosticAutomobile #TechnologieAuto","og_url":"https:\/\/mmbobd2.com\/en\/product\/toyota-ista-obd-diagnostic\/","og_site_name":"MMB OBD2 SOFTWARE","article_publisher":"https:\/\/www.facebook.com\/profile.php?id=61552159950965","article_modified_time":"2025-09-03T07:21:37+00:00","og_image":[{"width":1000,"height":1000,"url":"https:\/\/mmbobd2.com\/wp-content\/uploads\/2023\/10\/TOYOTAISTA.jpg","type":"image\/jpeg"}],"twitter_card":"summary_large_image","twitter_misc":{"Estimated reading time":"2 minutes"},"schema":{"@context":"https:\/\/schema.org","@graph":[{"@type":"WebPage","@id":"https:\/\/mmbobd2.com\/product\/toyota-ista-obd-diagnostic\/","url":"https:\/\/mmbobd2.com\/product\/toyota-ista-obd-diagnostic\/","name":"Toyota ISTA OBD diagnostic - MMB OBD2 SOFTWARE - TOYOTA ISTA 2023","isPartOf":{"@id":"https:\/\/mmbobd2.com\/#website"},"primaryImageOfPage":{"@id":"https:\/\/mmbobd2.com\/product\/toyota-ista-obd-diagnostic\/#primaryimage"},"image":{"@id":"https:\/\/mmbobd2.com\/product\/toyota-ista-obd-diagnostic\/#primaryimage"},"thumbnailUrl":"https:\/\/i0.wp.com\/mmbobd2.com\/wp-content\/uploads\/2023\/10\/TOYOTAISTA.jpg?fit=1000%2C1000&ssl=1","datePublished":"2023-10-06T11:36:38+00:00","dateModified":"2025-09-03T07:21:37+00:00","description":"MMB OBD2 SOFTWARE - TOYOTA ISTA 2023 logiciel diagnostic Toyota ,vous permet de diagnostiquer, d'entretenir et de r\u00e9parer . Toyota ISTA OBD diagnostic","breadcrumb":{"@id":"https:\/\/mmbobd2.com\/product\/toyota-ista-obd-diagnostic\/#breadcrumb"},"inLanguage":"en-GB","potentialAction":[{"@type":"ReadAction","target":["https:\/\/mmbobd2.com\/product\/toyota-ista-obd-diagnostic\/"]}]},{"@type":"ImageObject","inLanguage":"en-GB","@id":"https:\/\/mmbobd2.com\/product\/toyota-ista-obd-diagnostic\/#primaryimage","url":"https:\/\/i0.wp.com\/mmbobd2.com\/wp-content\/uploads\/2023\/10\/TOYOTAISTA.jpg?fit=1000%2C1000&ssl=1","contentUrl":"https:\/\/i0.wp.com\/mmbobd2.com\/wp-content\/uploads\/2023\/10\/TOYOTAISTA.jpg?fit=1000%2C1000&ssl=1","width":1000,"height":1000,"caption":"toyota ista 2023"},{"@type":"BreadcrumbList","@id":"https:\/\/mmbobd2.com\/product\/toyota-ista-obd-diagnostic\/#breadcrumb","itemListElement":[{"@type":"ListItem","position":1,"name":"Accueil","item":"https:\/\/mmbobd2.com\/"},{"@type":"ListItem","position":2,"name":"Boutique","item":"https:\/\/mmbobd2.com\/logiciels-de-diagnostic-automobiles\/"},{"@type":"ListItem","position":3,"name":"TOYOTA ISTA 2023"}]},{"@type":"WebSite","@id":"https:\/\/mmbobd2.com\/#website","url":"https:\/\/mmbobd2.com\/","name":"MMB OBD2 SOFTWARE","description":"","publisher":{"@id":"https:\/\/mmbobd2.com\/#organization"},"alternateName":"mmbsoftauto","potentialAction":[{"@type":"SearchAction","target":{"@type":"EntryPoint","urlTemplate":"https:\/\/mmbobd2.com\/?s={search_term_string}"},"query-input":{"@type":"PropertyValueSpecification","valueRequired":true,"valueName":"search_term_string"}}],"inLanguage":"en-GB"},{"@type":"Organization","@id":"https:\/\/mmbobd2.com\/#organization","name":"MMB COMPANY","url":"https:\/\/mmbobd2.com\/","logo":{"@type":"ImageObject","inLanguage":"en-GB","@id":"https:\/\/mmbobd2.com\/#\/schema\/logo\/image\/","url":"https:\/\/mmbobd2.com\/wp-content\/uploads\/2023\/10\/LOGO-ROND-MMB-200.png","contentUrl":"https:\/\/mmbobd2.com\/wp-content\/uploads\/2023\/10\/LOGO-ROND-MMB-200.png","width":200,"height":200,"caption":"MMB COMPANY"},"image":{"@id":"https:\/\/mmbobd2.com\/#\/schema\/logo\/image\/"},"sameAs":["https:\/\/www.facebook.com\/profile.php?id=61552159950965"]}]}},"_links":{"self":[{"href":"https:\/\/mmbobd2.com\/en\/wp-json\/wp\/v2\/product\/72","targetHints":{"allow":["GET"]}}],"collection":[{"href":"https:\/\/mmbobd2.com\/en\/wp-json\/wp\/v2\/product"}],"about":[{"href":"https:\/\/mmbobd2.com\/en\/wp-json\/wp\/v2\/types\/product"}],"wp:featuredmedia":[{"embeddable":true,"href":"https:\/\/mmbobd2.com\/en\/wp-json\/wp\/v2\/media\/101"}],"wp:attachment":[{"href":"https:\/\/mmbobd2.com\/en\/wp-json\/wp\/v2\/media?parent=72"}],"wp:term":[{"taxonomy":"product_brand","embeddable":true,"href":"https:\/\/mmbobd2.com\/en\/wp-json\/wp\/v2\/product_brand?post=72"},{"taxonomy":"product_cat","embeddable":true,"href":"https:\/\/mmbobd2.com\/en\/wp-json\/wp\/v2\/product_cat?post=72"},{"taxonomy":"product_tag","embeddable":true,"href":"https:\/\/mmbobd2.com\/en\/wp-json\/wp\/v2\/product_tag?post=72"}],"curies":[{"name":"wp","href":"https:\/\/api.w.org\/{rel}","templated":true}]}}