{"id":722,"date":"2023-11-21T22:19:14","date_gmt":"2023-11-21T22:19:14","guid":{"rendered":"https:\/\/mmbobd2.com\/?post_type=product&#038;p=722"},"modified":"2023-11-21T22:19:16","modified_gmt":"2023-11-21T22:19:16","slug":"vag-com-vcds-23-3-1-multilingual","status":"publish","type":"product","link":"https:\/\/mmbobd2.com\/en\/product\/vag-com-vcds-23-3-1-multilingual\/","title":{"rendered":"VAG-COM VCDS 23.3.1 MULTILINGUAL"},"content":{"rendered":"<div id=\"ds_div\">\n<div align=\"center\">\n<h1 class=\"product_title entry-title\"><strong>VAG-COM VCDS 23.3.1 MULTILINGUAL<\/strong><\/h1>\n<p>&nbsp;<\/p>\n<\/div>\n<h4 align=\"center\">APRES ACHAT IL VOUS SERAS ENVOYER UN LIEN DE TELECHARGEMENT<\/h4>\n<p>&nbsp;<\/p>\n<p>&nbsp;<\/p>\n<div class=\"flex flex-grow flex-col gap-3 max-w-full\">\n<div class=\"min-h-[20px] flex flex-col items-start gap-3 whitespace-pre-wrap break-words overflow-x-auto\">\n<div class=\"markdown prose w-full break-words dark:prose-invert dark\">\n<div class=\"flex flex-grow flex-col gap-3 max-w-full\">\n<div class=\"min-h-[20px] flex flex-col items-start gap-3 whitespace-pre-wrap break-words overflow-x-auto\">\n<div class=\"markdown prose w-full break-words dark:prose-invert dark\">\n<div class=\"flex flex-grow flex-col gap-3 max-w-full\">\n<div class=\"min-h-[20px] flex flex-col items-start gap-3 whitespace-pre-wrap break-words overflow-x-auto\">\n<div class=\"markdown prose w-full break-words dark:prose-invert dark\">\n<p>Diagnostic Auto <a href=\"https:\/\/www.volkswagen-group.com\/en\">VAGCOM<\/a> VCDS prend en charge les mod\u00e8les <a href=\"https:\/\/www.vag-group.com\/fr\/\">MQB<\/a> r\u00e9cents du groupe VAG en ne limitant pas le nombre de VIN, vous pouvez utiliser votre interface sur autant de v\u00e9hicules que souhait\u00e9. L\u2019ajout de fonctions internes par calculateur (pour certains v\u00e9hicules, nouvelles adaptations ect.) <a href=\"https:\/\/mmbobd2.com\/product\/diagnostic-auto-vagcom-vcds\/\">y<\/a> est pr\u00e9sent gr\u00e2ce aux nouveaux fichiers ASAM et Labels permettant encore plus de compatibilit\u00e9 avec les v\u00e9hicules r\u00e9cents.<\/p>\n<ul>\n<li>Pour le groupe VAG plus de 200 param\u00e8tres sont logguables par groupe de 3 fois 3<\/li>\n<li>Nouveaux Pid sur les v\u00e9hicules r\u00e9cents avec la version 23.3.1<\/li>\n<li>Acc\u00e9dez \u00e0 plus de capteurs\/valeurs en temps r\u00e9el<\/li>\n<li>Identification plus compl\u00e8te des calculateurs SIMOS 18, MDG1..<\/li>\n<\/ul>\n<h4><strong>La VCDS 23.3.1 et les Gateway s\u00e9curis\u00e9es<\/strong><\/h4>\n<ul>\n<li>De plus en plus de v\u00e9hicules d\u00e8s 2021 poss\u00e8dent des Gateway s\u00e9curis\u00e9es (passerelles s\u00e9curis\u00e9es) pour acc\u00e9der ne serait-ce qu\u2019au codage et diagnostic des calculateurs. Seul les outils officiels du groupe VAG permettent de communiquer avec les v\u00e9hicules. Aucun outil non connect\u00e9 au serveur du concessionnaire ne permet une communication.<\/li>\n<li>Le Diagnostic Auto VAGCOM VCDS ne permet malheureusement pas non plus un acc\u00e8s \u00e0 ces v\u00e9hicules, ni <strong>plus ni moins qu\u2019un outil de <a href=\"https:\/\/mmbobd2.com\/product-category\/diagnostic-automobiles\/\">diagnostic<\/a> \u00e0 5000\u20ac<\/strong> qui ne poss\u00e8derait pas de connexion aux serveurs.<\/li>\n<\/ul>\n<h4><strong>La VCDS 23.3.1 et les plateformes MQB non s\u00e9curis\u00e9es<\/strong><\/h4>\n<ul>\n<li>La VCDS 23.3 permet une connexion aux v\u00e9hicules (MQB et MQB v2) non \u00e9quip\u00e9s de passerelles s\u00e9curis\u00e9es.<\/li>\n<li>Elle permet une connexion \u00e0 la quasi totalit\u00e9 des calculateurs du v\u00e9hicule via le r\u00e9seau CAN<\/li>\n<li>Elle permet \u00e9galement de logguer (enregistrer des donn\u00e9es en temps r\u00e9el) et de les exploiter dans un fichier Excel ou sous forme de graphiques<\/li>\n<li>Elle permet de lire, interpr\u00e9ter et effacer les codes d\u00e9fauts pr\u00e9sents dans les diff\u00e9rents calculateurs du v\u00e9hicule<\/li>\n<li>Elle permet \u00e9galement d\u2019adapter de nombreuses pi\u00e8ces de remplacement (d\u00e9bitm\u00e8tre, actuateurs, calibrer des capteurs d\u2019angle de braquage et plusieurs centaines de possibilit\u00e9s)<\/li>\n<\/ul>\n<h4><strong>La Vag-Com 23.3.1 et les plateformes non MQB<\/strong><\/h4>\n<ul>\n<li>Les v\u00e9hicules plus anciens (g\u00e9n\u00e9ralement avant 2012) ne sont pas con\u00e7us sous la plateforme MQB.<\/li>\n<li>Ils fonctionnent toutefois en utilisant un Bus de donn\u00e9es utilisant le r\u00e9seau CAN ou K-Line pour les premi\u00e8res g\u00e9n\u00e9rations<\/li>\n<li>La VCDS 23.3.1 permet de communiquer avec tous les calculateurs du v\u00e9hicule, tout comme les plateformes MQB non s\u00e9curis\u00e9es (cit\u00e9 ci-dessus).<\/li>\n<\/ul>\n<h4><strong>Les autres marques et la VCDS<\/strong><\/h4>\n<ul>\n<li>Diagnostic Auto VAGCOM VCDS est aussi un outil de diagnostic g\u00e9n\u00e9rique qui permet de fonctionner sur d\u2019autres marques que celles du groupe VAG.<\/li>\n<li>Elle permet de lire\/effacer les d\u00e9fauts pr\u00e9sents dans le calculateur moteur uniquement des marques qui n\u2019appartiennent pas au groupe VAG<\/li>\n<li>Il est \u00e9galement possible de logguer les diff\u00e9rentes informations en temps r\u00e9el des v\u00e9hicules non VAG et de les enregistrer via un format csv\/xls afin de les interpr\u00e9ter.<\/li>\n<\/ul>\n<h4><strong>Quelques exemples parmi des centaines<\/strong><\/h4>\n<ul>\n<li>EFFECTUER DE NOMBREUX CODAGES<\/li>\n<li>Lecture et effacement des d\u00e9fauts pr\u00e9sents dans tous les calculateurs du v\u00e9hicule (pas seulement moteur), vous pouvez dialoguer avec les calculateurs de boite de vitesse, les calculateur d\u2019airbag, les blocs abs, le compteur ect\u2026<\/li>\n<li>Interrogation des \u00e9tats du calculateur et identification compl\u00e8tes des versions Hardware et Software<\/li>\n<li>Codage Long, activation d\u2019options et modification (tous les v\u00e9hicules ne sont pas compatibles) cela d\u00e9pend aussi des version mat\u00e9rielles et logicielles mont\u00e9es sur votre v\u00e9hicule<\/li>\n<li>D\u00e9sactivation EGR (De nombreux v\u00e9hicules)<\/li>\n<li>Remise \u00e0 z\u00e9ro de l\u2019entretien p\u00e9riodique<\/li>\n<li>R\u00e9glage dynamique de l\u2019avance \u00e0 l\u2019allumage\/injection<\/li>\n<li>Lecture des groupes de mesures<\/li>\n<li>V\u00e9rification taux de colmatage FAP et lancement de r\u00e9g\u00e9n\u00e9ration concession<\/li>\n<li>Adaptations de pi\u00e8ce neuves et d\u2019occasion (calibrage des capteurs, ajout de clefs, remplacement de pi\u00e8ces et accessoires)<\/li>\n<li>Possibilit\u00e9 de logguer et enregistrer des valeurs puis les ins\u00e9rer sous forme de tableau Excel<\/li>\n<\/ul>\n<p><strong>ATTENTION\u00a0 : SELON LES MISES A JOURS PRESENTES DANS LES VEHICULES IL N\u2019EST PAS POSSIBLE D\u2019ACCEDER A CERTAINS MODULES NOTAMMENT SUR LES DERNIERES PLATEFORMES MBQ !! LE VCDS ORIGINAL N\u2019EST PAS NON PLUS CAPABLE !!<\/strong><\/p>\n<p><strong>Installation de votre interface<\/strong><\/p>\n<h4><strong>COMPATIBILITE<\/strong><\/h4>\n<ul>\n<li>WINDOWS 7<\/li>\n<li>WINDOWS 8<\/li>\n<li>WINDOWS 10<\/li>\n<li>ANTIVIRUS DESACTIVE OBLIGATOIREMENT AINSI QUE WINDOWS DEFENDER<\/li>\n<\/ul>\n<p>&nbsp;<\/p>\n<p><strong>Les derniers mod\u00e8les MQB support\u00e9s (liste)<\/strong><\/p>\n<p><strong>Plateforme MQB \u00e0 partir de 2012<\/strong><\/p>\n<p>La plateforme\u00a0<strong>MQB\u00a0<\/strong>du groupe Volkswagen est le r\u00e9sultat de la strat\u00e9gie mise en place pour partager au sein de son groupe (<strong>VAG<\/strong>) plusieurs modules sur diff\u00e9rents mod\u00e8les de v\u00e9hicules tout en r\u00e9duisant les co\u00fbts de production. Diff\u00e9rents \u00e9l\u00e9ments constituant l\u2019ensemble du v\u00e9hicule sont ainsi \u00ab\u00a0interchangeables\u00a0\u00bb entre diff\u00e9rents v\u00e9hicules, des diff\u00e9rentes marques :<\/p>\n<p><strong>Audi Seat\u00a0Skoda\u00a0VW (Wolkswagen)<\/strong><\/p>\n<p><strong>Premi\u00e8re g\u00e9n\u00e9ration MQB\u00a02012-2021<\/strong><\/p>\n<p><strong>Audi A3 Mk3<\/strong><br \/>\n2013\u20132020<\/p>\n<p><strong>Audi Q2<br \/>\n<\/strong>2016\u2013aujourd\u2019hui<\/p>\n<p><strong>Audi TT Mk3<br \/>\n<\/strong>2014\u2013aujourd\u2019hui<\/p>\n<p><strong>SEAT Le\u00f3n Mk3<br \/>\n<\/strong>2012\u20132020<\/p>\n<p><strong>\u0160koda Octavia Mk3<br \/>\n<\/strong>2012\u20132020<\/p>\n<p><strong>\u0160koda Superb Mk3 (B8)<br \/>\n<\/strong>2015\u2013aujourd\u2019hui<\/p>\n<p><strong>Volkswagen Arteon\/CC<br \/>\n<\/strong>2017\u2013aujourd\u2019hui<\/p>\n<p><strong>Volkswagen Atlas\/Teramont<br \/>\n<\/strong>2017\u2013aujourd\u2019hui<\/p>\n<p><strong>Atlas Cross Sport\/Teramont X<br \/>\n<\/strong>2019\u2013aujourd\u2019hui<\/p>\n<p><strong>Volkswagen Golf Mk7<br \/>\n<\/strong>2012\u20132020<\/p>\n<p><strong>Golf Sportsvan<\/strong><br \/>\n2013\u20132020<\/p>\n<p><strong>Volkswagen Lamando<br \/>\n<\/strong>2014\u2013aujourd\u2019hui<\/p>\n<p><strong>Volkswagen Passat\/Magotan (B8)<br \/>\n<\/strong>2014\u2013aujourd\u2019hui<\/p>\n<p><strong>Volkswagen Passat (NMS) Mk2 (Chine uniquement)<br \/>\n<\/strong>2018\u2013aujourd\u2019hui<\/p>\n<p><strong>Volkswagen Touran Mk2<br \/>\n<\/strong>2015\u2013aujourd\u2019hui<\/p>\n<p><strong>Seconde G\u00e9n\u00e9ration MQB\u00a02016-2021 MQB A0 2016-2020<\/strong><\/p>\n<p><strong>Audi A1 Mk2<br \/>\n<\/strong>2018\u2013aujourd\u2019hui<\/p>\n<p><strong>SEAT Arona<br \/>\n<\/strong>2017\u2013aujourd\u2019hui<\/p>\n<p><strong>SEAT Ibiza Mk5<br \/>\n<\/strong>2018\u2013aujourd\u2019hui<\/p>\n<p><strong>\u0160koda Kamiq<\/strong>\u00a0(Europe)<br \/>\n2019\u2013aujourd\u2019hui<\/p>\n<p><strong>\u0160koda Scala<br \/>\n<\/strong>2019\u2013aujourd\u2019hui<\/p>\n<p><strong>Volkswagen Nivus<br \/>\n<\/strong>2020\u2013aujourd\u2019hui<\/p>\n<p><strong>Volkswagen Polo Mk6<br \/>\n<\/strong>2017\u2013aujourd\u2019hui<\/p>\n<p><strong>Volkswagen T-Cross\/Tacqua<br \/>\n<\/strong>2019\u2013aujourd\u2019hui<\/p>\n<p><strong>Volkswagen Virtus<br \/>\n<\/strong>2017\u2013aujourd\u2019hui<\/p>\n<p><strong>MQB A1\u00a02017-2021<\/strong><\/p>\n<p><strong>Jetta VS5<br \/>\n<\/strong>2019\u2013aujourd\u2019hui<\/p>\n<p><strong>Seat Ateca<br \/>\n<\/strong>2016-aujourd\u2019hui<\/p>\n<p><strong>\u0160koda Karoq<br \/>\n<\/strong>2017\u2013aujourd\u2019hui<\/p>\n<p><strong>Volkswagen Bora Mk4<br \/>\n<\/strong>2018\u2013aujourd\u2019hui<\/p>\n<p><strong>Volkswagen Jetta\/Sagitar\/Vento (A7)<br \/>\n<\/strong>2018\u2013aujourd\u2019hui<\/p>\n<p><strong>Volkswagen Lavida Mk3<br \/>\n<\/strong>2018\u2013aujourd\u2019hui<\/p>\n<p><strong>Volkswagen T-Roc<br \/>\n<\/strong>2017\u2013aujourd\u2019hui<\/p>\n<p><strong>T-Roc Cabriolet<br \/>\n<\/strong>2020\u2013aujourd\u2019hui<\/p>\n<p><strong>Volkswagen Taos\/Tharu<br \/>\n<\/strong>2018\u2013aujourd\u2019hui<\/p>\n<p><strong>G\u00e9n\u00e9ration MQB A2\u00a02016-2021<\/strong><\/p>\n<p><strong>Audi Q3 Mk2<br \/>\n<\/strong>2018\u2013aujourd\u2019hui<\/p>\n<p><strong>Jetta VS7<br \/>\n<\/strong>2020\u2013aujourd\u2019hui<\/p>\n<p><strong>SEAT Tarraco<br \/>\n<\/strong>2018\u2013aujourd\u2019hui<\/p>\n<p><strong>\u0160koda Kodiaq<br \/>\n<\/strong>2016\u2013aujourd\u2019hui<\/p>\n<p><strong>Volkswagen Tayron<br \/>\n<\/strong>2018\u2013aujourd\u2019hui<\/p>\n<p><strong>Tayron X<br \/>\n<\/strong>2020\u2013aujourd\u2019hui<\/p>\n<p><strong>Volkswagen Tiguan Mk2<br \/>\n<\/strong>2016\u2013aujourd\u2019hui<\/p>\n<p><strong>Tiguan Allspace\/L<br \/>\n<\/strong>2017\u2013aujourd\u2019hui<\/p>\n<p><strong>Tiguan X<br \/>\n<\/strong>2020\u2013aujourd\u2019hui<\/p>\n<p><strong>Volkswagen Viloran<br \/>\n<\/strong>2020\u2013aujourd\u2019hui<\/p>\n<p><strong>G\u00e9n\u00e9ration MQB evo 2019-2021<\/strong><\/p>\n<p><strong>Audi A3 Mk4<br \/>\n<\/strong>2020\u2013aujourd\u2019hui<\/p>\n<p><strong>Cupra Formentor<br \/>\n<\/strong>2020\u2013aujourd\u2019hui<\/p>\n<p><strong>SEAT Le\u00f3n Mk4<br \/>\n<\/strong>2020\u2013aujourd\u2019hui<\/p>\n<p><strong>\u0160koda Octavia Mk4<br \/>\n<\/strong>2020\u2013aujourd\u2019hui<\/p>\n<p><strong>Volkswagen Caddy Mk4<br \/>\n<\/strong>2020\u2013aujourd\u2019hui<\/p>\n<p><strong>Volkswagen Golf Mk8<\/strong><\/p>\n<p>&nbsp;<\/p>\n<\/div>\n<\/div>\n<\/div>\n<\/div>\n<\/div>\n<\/div>\n<\/div>\n<\/div>\n<\/div>\n<\/div>\n","protected":false},"excerpt":{"rendered":"<p>VAG-COM VCDS 23.3.1 MULTILINGUAL : Diagnostic complet pour mod\u00e8les MQB et non MQB du groupe VAG. Fonctions avanc\u00e9es, compatibilit\u00e9 \u00e9tendue.<\/p>","protected":false},"featured_media":723,"template":"","meta":[],"product_brand":[],"product_cat":[16],"product_tag":[],"class_list":{"0":"post-722","1":"product","2":"type-product","3":"status-publish","4":"has-post-thumbnail","6":"product_cat-diagnostic-automobiles","8":"first","9":"instock","10":"downloadable","11":"virtual","12":"purchasable","13":"product-type-simple"},"yoast_head":"<!-- This site is optimized with the Yoast SEO plugin v27.4 - https:\/\/yoast.com\/product\/yoast-seo-wordpress\/ -->\n<title>VAG-COM VCDS 23.3.1 MULTI MMB OBD2 SOFTWARE<\/title>\n<meta name=\"description\" content=\"VAG-COM VCDS 23.3.1 MULTI : Diagnostic complet pour mod\u00e8les MQB et non MQB du groupe VAG. Fonctions avanc\u00e9es, compatibilit\u00e9 \u00e9tendue.\" \/>\n<meta name=\"robots\" content=\"index, follow, max-snippet:-1, max-image-preview:large, max-video-preview:-1\" \/>\n<link rel=\"canonical\" href=\"https:\/\/mmbobd2.com\/en\/product\/vag-com-vcds-23-3-1-multilingual\/\" \/>\n<meta property=\"og:locale\" content=\"en_GB\" \/>\n<meta property=\"og:type\" content=\"article\" \/>\n<meta property=\"og:title\" content=\"VAG-COM VCDS 23.3.1 MULTILINGUAL\" \/>\n<meta property=\"og:description\" content=\"VAG-COM VCDS 23.3.1 MULTILINGUAL : Diagnostic complet pour mod\u00e8les MQB et non MQB du groupe VAG. Fonctions avanc\u00e9es, compatibilit\u00e9 \u00e9tendue.\" \/>\n<meta property=\"og:url\" content=\"https:\/\/mmbobd2.com\/en\/product\/vag-com-vcds-23-3-1-multilingual\/\" \/>\n<meta property=\"og:site_name\" content=\"MMB OBD2 SOFTWARE\" \/>\n<meta property=\"article:publisher\" content=\"https:\/\/www.facebook.com\/profile.php?id=61552159950965\" \/>\n<meta property=\"article:modified_time\" content=\"2023-11-21T22:19:16+00:00\" \/>\n<meta property=\"og:image\" content=\"https:\/\/mmbobd2.com\/wp-content\/uploads\/2023\/11\/VCDS-VAG-COM-jpg.webp\" \/>\n\t<meta property=\"og:image:width\" content=\"1000\" \/>\n\t<meta property=\"og:image:height\" content=\"1000\" \/>\n\t<meta property=\"og:image:type\" content=\"image\/jpeg\" \/>\n<meta name=\"twitter:card\" content=\"summary_large_image\" \/>\n<meta name=\"twitter:label1\" content=\"Estimated reading time\" \/>\n\t<meta name=\"twitter:data1\" content=\"5 minutes\" \/>\n<script type=\"application\/ld+json\" class=\"yoast-schema-graph\">{\"@context\":\"https:\\\/\\\/schema.org\",\"@graph\":[{\"@type\":\"WebPage\",\"@id\":\"https:\\\/\\\/mmbobd2.com\\\/product\\\/vag-com-vcds-23-3-1-multilingual\\\/\",\"url\":\"https:\\\/\\\/mmbobd2.com\\\/product\\\/vag-com-vcds-23-3-1-multilingual\\\/\",\"name\":\"VAG-COM VCDS 23.3.1 MULTI MMB OBD2 SOFTWARE\",\"isPartOf\":{\"@id\":\"https:\\\/\\\/mmbobd2.com\\\/#website\"},\"primaryImageOfPage\":{\"@id\":\"https:\\\/\\\/mmbobd2.com\\\/product\\\/vag-com-vcds-23-3-1-multilingual\\\/#primaryimage\"},\"image\":{\"@id\":\"https:\\\/\\\/mmbobd2.com\\\/product\\\/vag-com-vcds-23-3-1-multilingual\\\/#primaryimage\"},\"thumbnailUrl\":\"https:\\\/\\\/i0.wp.com\\\/mmbobd2.com\\\/wp-content\\\/uploads\\\/2023\\\/11\\\/VCDS-VAG-COM-jpg.webp?fit=1000%2C1000&ssl=1\",\"datePublished\":\"2023-11-21T22:19:14+00:00\",\"dateModified\":\"2023-11-21T22:19:16+00:00\",\"description\":\"VAG-COM VCDS 23.3.1 MULTI : Diagnostic complet pour mod\u00e8les MQB et non MQB du groupe VAG. Fonctions avanc\u00e9es, compatibilit\u00e9 \u00e9tendue.\",\"breadcrumb\":{\"@id\":\"https:\\\/\\\/mmbobd2.com\\\/product\\\/vag-com-vcds-23-3-1-multilingual\\\/#breadcrumb\"},\"inLanguage\":\"en-GB\",\"potentialAction\":[{\"@type\":\"ReadAction\",\"target\":[\"https:\\\/\\\/mmbobd2.com\\\/product\\\/vag-com-vcds-23-3-1-multilingual\\\/\"]}]},{\"@type\":\"ImageObject\",\"inLanguage\":\"en-GB\",\"@id\":\"https:\\\/\\\/mmbobd2.com\\\/product\\\/vag-com-vcds-23-3-1-multilingual\\\/#primaryimage\",\"url\":\"https:\\\/\\\/i0.wp.com\\\/mmbobd2.com\\\/wp-content\\\/uploads\\\/2023\\\/11\\\/VCDS-VAG-COM-jpg.webp?fit=1000%2C1000&ssl=1\",\"contentUrl\":\"https:\\\/\\\/i0.wp.com\\\/mmbobd2.com\\\/wp-content\\\/uploads\\\/2023\\\/11\\\/VCDS-VAG-COM-jpg.webp?fit=1000%2C1000&ssl=1\",\"width\":1000,\"height\":1000,\"caption\":\"VAG-COM VCDS 23.3.1 MULTILINGUAL\"},{\"@type\":\"BreadcrumbList\",\"@id\":\"https:\\\/\\\/mmbobd2.com\\\/product\\\/vag-com-vcds-23-3-1-multilingual\\\/#breadcrumb\",\"itemListElement\":[{\"@type\":\"ListItem\",\"position\":1,\"name\":\"Accueil\",\"item\":\"https:\\\/\\\/mmbobd2.com\\\/\"},{\"@type\":\"ListItem\",\"position\":2,\"name\":\"Boutique\",\"item\":\"https:\\\/\\\/mmbobd2.com\\\/logiciels-de-diagnostic-automobiles\\\/\"},{\"@type\":\"ListItem\",\"position\":3,\"name\":\"VAG-COM VCDS 23.3.1 MULTILINGUAL\"}]},{\"@type\":\"WebSite\",\"@id\":\"https:\\\/\\\/mmbobd2.com\\\/#website\",\"url\":\"https:\\\/\\\/mmbobd2.com\\\/\",\"name\":\"MMB OBD2 SOFTWARE\",\"description\":\"\",\"publisher\":{\"@id\":\"https:\\\/\\\/mmbobd2.com\\\/#organization\"},\"alternateName\":\"mmbsoftauto\",\"potentialAction\":[{\"@type\":\"SearchAction\",\"target\":{\"@type\":\"EntryPoint\",\"urlTemplate\":\"https:\\\/\\\/mmbobd2.com\\\/?s={search_term_string}\"},\"query-input\":{\"@type\":\"PropertyValueSpecification\",\"valueRequired\":true,\"valueName\":\"search_term_string\"}}],\"inLanguage\":\"en-GB\"},{\"@type\":\"Organization\",\"@id\":\"https:\\\/\\\/mmbobd2.com\\\/#organization\",\"name\":\"MMB COMPANY\",\"url\":\"https:\\\/\\\/mmbobd2.com\\\/\",\"logo\":{\"@type\":\"ImageObject\",\"inLanguage\":\"en-GB\",\"@id\":\"https:\\\/\\\/mmbobd2.com\\\/#\\\/schema\\\/logo\\\/image\\\/\",\"url\":\"https:\\\/\\\/mmbobd2.com\\\/wp-content\\\/uploads\\\/2023\\\/10\\\/LOGO-ROND-MMB-200.png\",\"contentUrl\":\"https:\\\/\\\/mmbobd2.com\\\/wp-content\\\/uploads\\\/2023\\\/10\\\/LOGO-ROND-MMB-200.png\",\"width\":200,\"height\":200,\"caption\":\"MMB COMPANY\"},\"image\":{\"@id\":\"https:\\\/\\\/mmbobd2.com\\\/#\\\/schema\\\/logo\\\/image\\\/\"},\"sameAs\":[\"https:\\\/\\\/www.facebook.com\\\/profile.php?id=61552159950965\"]}]}<\/script>\n<!-- \/ Yoast SEO plugin. -->","yoast_head_json":{"title":"VAG-COM VCDS 23.3.1 MULTI MMB OBD2 SOFTWARE","description":"VAG-COM VCDS 23.3.1 MULTI : Diagnostic complet pour mod\u00e8les MQB et non MQB du groupe VAG. Fonctions avanc\u00e9es, compatibilit\u00e9 \u00e9tendue.","robots":{"index":"index","follow":"follow","max-snippet":"max-snippet:-1","max-image-preview":"max-image-preview:large","max-video-preview":"max-video-preview:-1"},"canonical":"https:\/\/mmbobd2.com\/en\/product\/vag-com-vcds-23-3-1-multilingual\/","og_locale":"en_GB","og_type":"article","og_title":"VAG-COM VCDS 23.3.1 MULTILINGUAL","og_description":"VAG-COM VCDS 23.3.1 MULTILINGUAL : Diagnostic complet pour mod\u00e8les MQB et non MQB du groupe VAG. Fonctions avanc\u00e9es, compatibilit\u00e9 \u00e9tendue.","og_url":"https:\/\/mmbobd2.com\/en\/product\/vag-com-vcds-23-3-1-multilingual\/","og_site_name":"MMB OBD2 SOFTWARE","article_publisher":"https:\/\/www.facebook.com\/profile.php?id=61552159950965","article_modified_time":"2023-11-21T22:19:16+00:00","og_image":[{"width":1000,"height":1000,"url":"https:\/\/mmbobd2.com\/wp-content\/uploads\/2023\/11\/VCDS-VAG-COM-jpg.webp","type":"image\/jpeg"}],"twitter_card":"summary_large_image","twitter_misc":{"Estimated reading time":"5 minutes"},"schema":{"@context":"https:\/\/schema.org","@graph":[{"@type":"WebPage","@id":"https:\/\/mmbobd2.com\/product\/vag-com-vcds-23-3-1-multilingual\/","url":"https:\/\/mmbobd2.com\/product\/vag-com-vcds-23-3-1-multilingual\/","name":"VAG-COM VCDS 23.3.1 MULTI MMB OBD2 SOFTWARE","isPartOf":{"@id":"https:\/\/mmbobd2.com\/#website"},"primaryImageOfPage":{"@id":"https:\/\/mmbobd2.com\/product\/vag-com-vcds-23-3-1-multilingual\/#primaryimage"},"image":{"@id":"https:\/\/mmbobd2.com\/product\/vag-com-vcds-23-3-1-multilingual\/#primaryimage"},"thumbnailUrl":"https:\/\/i0.wp.com\/mmbobd2.com\/wp-content\/uploads\/2023\/11\/VCDS-VAG-COM-jpg.webp?fit=1000%2C1000&ssl=1","datePublished":"2023-11-21T22:19:14+00:00","dateModified":"2023-11-21T22:19:16+00:00","description":"VAG-COM VCDS 23.3.1 MULTI : Diagnostic complet pour mod\u00e8les MQB et non MQB du groupe VAG. Fonctions avanc\u00e9es, compatibilit\u00e9 \u00e9tendue.","breadcrumb":{"@id":"https:\/\/mmbobd2.com\/product\/vag-com-vcds-23-3-1-multilingual\/#breadcrumb"},"inLanguage":"en-GB","potentialAction":[{"@type":"ReadAction","target":["https:\/\/mmbobd2.com\/product\/vag-com-vcds-23-3-1-multilingual\/"]}]},{"@type":"ImageObject","inLanguage":"en-GB","@id":"https:\/\/mmbobd2.com\/product\/vag-com-vcds-23-3-1-multilingual\/#primaryimage","url":"https:\/\/i0.wp.com\/mmbobd2.com\/wp-content\/uploads\/2023\/11\/VCDS-VAG-COM-jpg.webp?fit=1000%2C1000&ssl=1","contentUrl":"https:\/\/i0.wp.com\/mmbobd2.com\/wp-content\/uploads\/2023\/11\/VCDS-VAG-COM-jpg.webp?fit=1000%2C1000&ssl=1","width":1000,"height":1000,"caption":"VAG-COM VCDS 23.3.1 MULTILINGUAL"},{"@type":"BreadcrumbList","@id":"https:\/\/mmbobd2.com\/product\/vag-com-vcds-23-3-1-multilingual\/#breadcrumb","itemListElement":[{"@type":"ListItem","position":1,"name":"Accueil","item":"https:\/\/mmbobd2.com\/"},{"@type":"ListItem","position":2,"name":"Boutique","item":"https:\/\/mmbobd2.com\/logiciels-de-diagnostic-automobiles\/"},{"@type":"ListItem","position":3,"name":"VAG-COM VCDS 23.3.1 MULTILINGUAL"}]},{"@type":"WebSite","@id":"https:\/\/mmbobd2.com\/#website","url":"https:\/\/mmbobd2.com\/","name":"MMB OBD2 SOFTWARE","description":"","publisher":{"@id":"https:\/\/mmbobd2.com\/#organization"},"alternateName":"mmbsoftauto","potentialAction":[{"@type":"SearchAction","target":{"@type":"EntryPoint","urlTemplate":"https:\/\/mmbobd2.com\/?s={search_term_string}"},"query-input":{"@type":"PropertyValueSpecification","valueRequired":true,"valueName":"search_term_string"}}],"inLanguage":"en-GB"},{"@type":"Organization","@id":"https:\/\/mmbobd2.com\/#organization","name":"MMB COMPANY","url":"https:\/\/mmbobd2.com\/","logo":{"@type":"ImageObject","inLanguage":"en-GB","@id":"https:\/\/mmbobd2.com\/#\/schema\/logo\/image\/","url":"https:\/\/mmbobd2.com\/wp-content\/uploads\/2023\/10\/LOGO-ROND-MMB-200.png","contentUrl":"https:\/\/mmbobd2.com\/wp-content\/uploads\/2023\/10\/LOGO-ROND-MMB-200.png","width":200,"height":200,"caption":"MMB COMPANY"},"image":{"@id":"https:\/\/mmbobd2.com\/#\/schema\/logo\/image\/"},"sameAs":["https:\/\/www.facebook.com\/profile.php?id=61552159950965"]}]}},"_links":{"self":[{"href":"https:\/\/mmbobd2.com\/en\/wp-json\/wp\/v2\/product\/722","targetHints":{"allow":["GET"]}}],"collection":[{"href":"https:\/\/mmbobd2.com\/en\/wp-json\/wp\/v2\/product"}],"about":[{"href":"https:\/\/mmbobd2.com\/en\/wp-json\/wp\/v2\/types\/product"}],"wp:featuredmedia":[{"embeddable":true,"href":"https:\/\/mmbobd2.com\/en\/wp-json\/wp\/v2\/media\/723"}],"wp:attachment":[{"href":"https:\/\/mmbobd2.com\/en\/wp-json\/wp\/v2\/media?parent=722"}],"wp:term":[{"taxonomy":"product_brand","embeddable":true,"href":"https:\/\/mmbobd2.com\/en\/wp-json\/wp\/v2\/product_brand?post=722"},{"taxonomy":"product_cat","embeddable":true,"href":"https:\/\/mmbobd2.com\/en\/wp-json\/wp\/v2\/product_cat?post=722"},{"taxonomy":"product_tag","embeddable":true,"href":"https:\/\/mmbobd2.com\/en\/wp-json\/wp\/v2\/product_tag?post=722"}],"curies":[{"name":"wp","href":"https:\/\/api.w.org\/{rel}","templated":true}]}}