{"id":727,"date":"2023-11-21T22:34:07","date_gmt":"2023-11-21T22:34:07","guid":{"rendered":"https:\/\/mmbobd2.com\/?post_type=product&#038;p=727"},"modified":"2023-11-21T22:36:18","modified_gmt":"2023-11-21T22:36:18","slug":"volvo-premium-tech-tool-2-8-vmware","status":"publish","type":"product","link":"https:\/\/mmbobd2.com\/en\/product\/volvo-premium-tech-tool-2-8-vmware\/","title":{"rendered":"VOLVO PREMIUM\u00a0TECH TOOL 2.8 VMware"},"content":{"rendered":"<h2 style=\"text-align: center;\"><strong>VOLVO PREMIUM TECHTOOL 2.8 VMware<br \/>\n<\/strong><\/h2>\n<h2><\/h2>\n<h4><strong>La Puissance du Diagnostic Automobile<\/strong><\/h4>\n<p>Volvo Premium TechTool 2.8.150 (PTT\/VCAD) est un logiciel de diagnostic de pointe con\u00e7u sp\u00e9cialement pour diagnostiquer et programmer les camions Volvo, les bus et les \u00e9quipements de construction. Il ne s&rsquo;arr\u00eate pas l\u00e0, puisqu&rsquo;il peut \u00e9galement prendre en charge les nouveaux mod\u00e8les de camions Mack, Renault et Nissan UD. Cette derni\u00e8re version de l&rsquo;outil de diagnostic offre aux ateliers et services automobiles une gamme impressionnante de capacit\u00e9s, du diagnostic \u00e0 la programmation, en passant par la modification des param\u00e8tres, l&rsquo;effacement des codes <a href=\"https:\/\/mmbobd2.com\/en\/product-category\/trucks-diagnostic-software\/\">DTC<\/a>, l&rsquo;\u00e9talonnage, la num\u00e9risation et les tests.<\/p>\n<h4><strong>Un Service Professionnel pour les Propri\u00e9taires de Volvo<\/strong><\/h4>\n<p>Gr\u00e2ce au logiciel Volvo <a href=\"https:\/\/www.volvotrucks.fr\/fr-fr\/\">PTT,<\/a> les propri\u00e9taires de v\u00e9hicules Volvo peuvent d\u00e9sormais effectuer des tests complets et diagnostiquer leurs v\u00e9hicules comme des professionnels. Parmi les nombreuses fonctionnalit\u00e9s incluses, on trouve la v\u00e9rification des codes d&rsquo;erreur, les tests d&rsquo;injecteurs, la r\u00e9g\u00e9n\u00e9ration des filtres \u00e0 particules diesel (DPF), et la possibilit\u00e9 de diagnostiquer et r\u00e9parer les camions Mack.<\/p>\n<h4><strong>Fonctionnalit\u00e9s Avanc\u00e9es<\/strong><\/h4>\n<p>La nouvelle version de l&rsquo;outil propose des fonctionnalit\u00e9s avanc\u00e9es, notamment un support complet pour les anciens syst\u00e8mes \u00e9lectriques 98 (Version 2, 3), une prise en charge des v\u00e9hicules Euro 6, le diagnostic des \u00e9quipements de construction Volvo, la sauvegarde de donn\u00e9es et la programmation hors ligne, l&rsquo;\u00e9talonnage de param\u00e8tres tels que la suspension pneumatique, les commandes \u00e9lectroniques, et bien plus encore.<\/p>\n<h4><strong>Accessible et Performant<\/strong><\/h4>\n<p>Malgr\u00e9 ses nombreuses caract\u00e9ristiques avanc\u00e9es, Volvo PTT reste un outil abordable, garantissant que les professionnels de l&rsquo;automobile puissent b\u00e9n\u00e9ficier de ses avantages sans se ruiner.<\/p>","protected":false},"excerpt":{"rendered":"<p><audio class=\"audio-for-speech\"><\/audio><\/p>\n<div class=\"translate-tooltip-mtz translator-hidden\">\n<div class=\"header\">\n<div class=\"header-controls\">Translator<\/div>\n<div class=\"header-controls\"><\/div>\n<div class=\"header-controls\"><\/div>\n<\/div>\n<div class=\"translated-text\">\n<div class=\"words\"><\/div>\n<div class=\"sentences\"><\/div>\n<\/div>\n<\/div>\n<p>&nbsp;<\/p>\n<p>L&rsquo;outil de diagnostic ultime pour camions, bus, et \u00e9quipements Volvo. Diagnostic professionnel \u00e0 port\u00e9e de main.<\/p>","protected":false},"featured_media":728,"template":"","meta":[],"product_brand":[],"product_cat":[21],"product_tag":[],"class_list":{"0":"post-727","1":"product","2":"type-product","3":"status-publish","4":"has-post-thumbnail","6":"product_cat-trucks-diagnostic-software","8":"first","9":"instock","10":"downloadable","11":"virtual","12":"purchasable","13":"product-type-simple"},"yoast_head":"<!-- This site is optimized with the Yoast SEO plugin v27.4 - https:\/\/yoast.com\/product\/yoast-seo-wordpress\/ -->\n<title>VOLVO PREMIUM\u00a0TECHTOOL 2.8 MMB OBD2 SOFTWARE<\/title>\n<meta name=\"description\" content=\"Volvo Premium TechTool 2.8 - L&#039;outil de diagnostic ultime pour camions, bus, et \u00e9quipements Volvo. Diagnostic professionnel \u00e0 port\u00e9e de main.\" \/>\n<meta name=\"robots\" content=\"index, follow, max-snippet:-1, max-image-preview:large, max-video-preview:-1\" \/>\n<link rel=\"canonical\" href=\"https:\/\/mmbobd2.com\/en\/product\/volvo-premium-tech-tool-2-8-vmware\/\" \/>\n<meta property=\"og:locale\" content=\"en_GB\" \/>\n<meta property=\"og:type\" content=\"article\" \/>\n<meta property=\"og:title\" content=\"VOLVO PREMIUM\u00a0 TECH TOOL 2.8\" \/>\n<meta property=\"og:description\" content=\"D\u00e9couvrez Volvo Premium Tech Tool 2.8 (PTT\/VCAD) - l&#039;outil de diagnostic incontournable pour les camions, bus, et \u00e9quipements Volvo. Diagnostic pro \u00e0 votre port\u00e9e. #VolvoPTT #DiagnosticAuto #MMBSoftwareAutomotive #TechTool28\" \/>\n<meta property=\"og:url\" content=\"https:\/\/mmbobd2.com\/en\/product\/volvo-premium-tech-tool-2-8-vmware\/\" \/>\n<meta property=\"og:site_name\" content=\"MMB OBD2 SOFTWARE\" \/>\n<meta property=\"article:publisher\" content=\"https:\/\/www.facebook.com\/profile.php?id=61552159950965\" \/>\n<meta property=\"article:modified_time\" content=\"2023-11-21T22:36:18+00:00\" \/>\n<meta property=\"og:image\" content=\"https:\/\/mmbobd2.com\/wp-content\/uploads\/2023\/10\/VOLVO-PREMIUM-TECH-TOOL-2.8.jpg\" \/>\n\t<meta property=\"og:image:width\" content=\"1000\" \/>\n\t<meta property=\"og:image:height\" content=\"1000\" \/>\n\t<meta property=\"og:image:type\" content=\"image\/jpeg\" \/>\n<meta name=\"twitter:card\" content=\"summary_large_image\" \/>\n<meta name=\"twitter:label1\" content=\"Estimated reading time\" \/>\n\t<meta name=\"twitter:data1\" content=\"2 minutes\" \/>\n<script type=\"application\/ld+json\" class=\"yoast-schema-graph\">{\"@context\":\"https:\\\/\\\/schema.org\",\"@graph\":[{\"@type\":\"WebPage\",\"@id\":\"https:\\\/\\\/mmbobd2.com\\\/product\\\/volvo-premium-tech-tool-2-8-vmware\\\/\",\"url\":\"https:\\\/\\\/mmbobd2.com\\\/product\\\/volvo-premium-tech-tool-2-8-vmware\\\/\",\"name\":\"VOLVO PREMIUM\u00a0TECHTOOL 2.8 MMB OBD2 SOFTWARE\",\"isPartOf\":{\"@id\":\"https:\\\/\\\/mmbobd2.com\\\/#website\"},\"primaryImageOfPage\":{\"@id\":\"https:\\\/\\\/mmbobd2.com\\\/product\\\/volvo-premium-tech-tool-2-8-vmware\\\/#primaryimage\"},\"image\":{\"@id\":\"https:\\\/\\\/mmbobd2.com\\\/product\\\/volvo-premium-tech-tool-2-8-vmware\\\/#primaryimage\"},\"thumbnailUrl\":\"https:\\\/\\\/i0.wp.com\\\/mmbobd2.com\\\/wp-content\\\/uploads\\\/2023\\\/11\\\/VOLVO-PREMIUM-TECH-TOOL-2.8VM-jpg.webp?fit=1000%2C1000&ssl=1\",\"datePublished\":\"2023-11-21T22:34:07+00:00\",\"dateModified\":\"2023-11-21T22:36:18+00:00\",\"description\":\"Volvo Premium TechTool 2.8 - L'outil de diagnostic ultime pour camions, bus, et \u00e9quipements Volvo. Diagnostic professionnel \u00e0 port\u00e9e de main.\",\"breadcrumb\":{\"@id\":\"https:\\\/\\\/mmbobd2.com\\\/product\\\/volvo-premium-tech-tool-2-8-vmware\\\/#breadcrumb\"},\"inLanguage\":\"en-GB\",\"potentialAction\":[{\"@type\":\"ReadAction\",\"target\":[\"https:\\\/\\\/mmbobd2.com\\\/product\\\/volvo-premium-tech-tool-2-8-vmware\\\/\"]}]},{\"@type\":\"ImageObject\",\"inLanguage\":\"en-GB\",\"@id\":\"https:\\\/\\\/mmbobd2.com\\\/product\\\/volvo-premium-tech-tool-2-8-vmware\\\/#primaryimage\",\"url\":\"https:\\\/\\\/i0.wp.com\\\/mmbobd2.com\\\/wp-content\\\/uploads\\\/2023\\\/11\\\/VOLVO-PREMIUM-TECH-TOOL-2.8VM-jpg.webp?fit=1000%2C1000&ssl=1\",\"contentUrl\":\"https:\\\/\\\/i0.wp.com\\\/mmbobd2.com\\\/wp-content\\\/uploads\\\/2023\\\/11\\\/VOLVO-PREMIUM-TECH-TOOL-2.8VM-jpg.webp?fit=1000%2C1000&ssl=1\",\"width\":1000,\"height\":1000,\"caption\":\"VOLVO PREMIUM TECHTOOL 2.8\"},{\"@type\":\"BreadcrumbList\",\"@id\":\"https:\\\/\\\/mmbobd2.com\\\/product\\\/volvo-premium-tech-tool-2-8-vmware\\\/#breadcrumb\",\"itemListElement\":[{\"@type\":\"ListItem\",\"position\":1,\"name\":\"Accueil\",\"item\":\"https:\\\/\\\/mmbobd2.com\\\/\"},{\"@type\":\"ListItem\",\"position\":2,\"name\":\"Boutique\",\"item\":\"https:\\\/\\\/mmbobd2.com\\\/logiciels-de-diagnostic-automobiles\\\/\"},{\"@type\":\"ListItem\",\"position\":3,\"name\":\"VOLVO PREMIUM\u00a0TECH TOOL 2.8 VMware\"}]},{\"@type\":\"WebSite\",\"@id\":\"https:\\\/\\\/mmbobd2.com\\\/#website\",\"url\":\"https:\\\/\\\/mmbobd2.com\\\/\",\"name\":\"MMB OBD2 SOFTWARE\",\"description\":\"\",\"publisher\":{\"@id\":\"https:\\\/\\\/mmbobd2.com\\\/#organization\"},\"alternateName\":\"mmbsoftauto\",\"potentialAction\":[{\"@type\":\"SearchAction\",\"target\":{\"@type\":\"EntryPoint\",\"urlTemplate\":\"https:\\\/\\\/mmbobd2.com\\\/?s={search_term_string}\"},\"query-input\":{\"@type\":\"PropertyValueSpecification\",\"valueRequired\":true,\"valueName\":\"search_term_string\"}}],\"inLanguage\":\"en-GB\"},{\"@type\":\"Organization\",\"@id\":\"https:\\\/\\\/mmbobd2.com\\\/#organization\",\"name\":\"MMB COMPANY\",\"url\":\"https:\\\/\\\/mmbobd2.com\\\/\",\"logo\":{\"@type\":\"ImageObject\",\"inLanguage\":\"en-GB\",\"@id\":\"https:\\\/\\\/mmbobd2.com\\\/#\\\/schema\\\/logo\\\/image\\\/\",\"url\":\"https:\\\/\\\/mmbobd2.com\\\/wp-content\\\/uploads\\\/2023\\\/10\\\/LOGO-ROND-MMB-200.png\",\"contentUrl\":\"https:\\\/\\\/mmbobd2.com\\\/wp-content\\\/uploads\\\/2023\\\/10\\\/LOGO-ROND-MMB-200.png\",\"width\":200,\"height\":200,\"caption\":\"MMB COMPANY\"},\"image\":{\"@id\":\"https:\\\/\\\/mmbobd2.com\\\/#\\\/schema\\\/logo\\\/image\\\/\"},\"sameAs\":[\"https:\\\/\\\/www.facebook.com\\\/profile.php?id=61552159950965\"]}]}<\/script>\n<!-- \/ Yoast SEO plugin. -->","yoast_head_json":{"title":"VOLVO PREMIUM\u00a0TECHTOOL 2.8 MMB OBD2 SOFTWARE","description":"Volvo Premium TechTool 2.8 - L'outil de diagnostic ultime pour camions, bus, et \u00e9quipements Volvo. Diagnostic professionnel \u00e0 port\u00e9e de main.","robots":{"index":"index","follow":"follow","max-snippet":"max-snippet:-1","max-image-preview":"max-image-preview:large","max-video-preview":"max-video-preview:-1"},"canonical":"https:\/\/mmbobd2.com\/en\/product\/volvo-premium-tech-tool-2-8-vmware\/","og_locale":"en_GB","og_type":"article","og_title":"VOLVO PREMIUM\u00a0 TECH TOOL 2.8","og_description":"D\u00e9couvrez Volvo Premium Tech Tool 2.8 (PTT\/VCAD) - l'outil de diagnostic incontournable pour les camions, bus, et \u00e9quipements Volvo. Diagnostic pro \u00e0 votre port\u00e9e. #VolvoPTT #DiagnosticAuto #MMBSoftwareAutomotive #TechTool28","og_url":"https:\/\/mmbobd2.com\/en\/product\/volvo-premium-tech-tool-2-8-vmware\/","og_site_name":"MMB OBD2 SOFTWARE","article_publisher":"https:\/\/www.facebook.com\/profile.php?id=61552159950965","article_modified_time":"2023-11-21T22:36:18+00:00","og_image":[{"width":1000,"height":1000,"url":"https:\/\/mmbobd2.com\/wp-content\/uploads\/2023\/10\/VOLVO-PREMIUM-TECH-TOOL-2.8.jpg","type":"image\/jpeg"}],"twitter_card":"summary_large_image","twitter_misc":{"Estimated reading time":"2 minutes"},"schema":{"@context":"https:\/\/schema.org","@graph":[{"@type":"WebPage","@id":"https:\/\/mmbobd2.com\/product\/volvo-premium-tech-tool-2-8-vmware\/","url":"https:\/\/mmbobd2.com\/product\/volvo-premium-tech-tool-2-8-vmware\/","name":"VOLVO PREMIUM\u00a0TECHTOOL 2.8 MMB OBD2 SOFTWARE","isPartOf":{"@id":"https:\/\/mmbobd2.com\/#website"},"primaryImageOfPage":{"@id":"https:\/\/mmbobd2.com\/product\/volvo-premium-tech-tool-2-8-vmware\/#primaryimage"},"image":{"@id":"https:\/\/mmbobd2.com\/product\/volvo-premium-tech-tool-2-8-vmware\/#primaryimage"},"thumbnailUrl":"https:\/\/i0.wp.com\/mmbobd2.com\/wp-content\/uploads\/2023\/11\/VOLVO-PREMIUM-TECH-TOOL-2.8VM-jpg.webp?fit=1000%2C1000&ssl=1","datePublished":"2023-11-21T22:34:07+00:00","dateModified":"2023-11-21T22:36:18+00:00","description":"Volvo Premium TechTool 2.8 - L'outil de diagnostic ultime pour camions, bus, et \u00e9quipements Volvo. Diagnostic professionnel \u00e0 port\u00e9e de main.","breadcrumb":{"@id":"https:\/\/mmbobd2.com\/product\/volvo-premium-tech-tool-2-8-vmware\/#breadcrumb"},"inLanguage":"en-GB","potentialAction":[{"@type":"ReadAction","target":["https:\/\/mmbobd2.com\/product\/volvo-premium-tech-tool-2-8-vmware\/"]}]},{"@type":"ImageObject","inLanguage":"en-GB","@id":"https:\/\/mmbobd2.com\/product\/volvo-premium-tech-tool-2-8-vmware\/#primaryimage","url":"https:\/\/i0.wp.com\/mmbobd2.com\/wp-content\/uploads\/2023\/11\/VOLVO-PREMIUM-TECH-TOOL-2.8VM-jpg.webp?fit=1000%2C1000&ssl=1","contentUrl":"https:\/\/i0.wp.com\/mmbobd2.com\/wp-content\/uploads\/2023\/11\/VOLVO-PREMIUM-TECH-TOOL-2.8VM-jpg.webp?fit=1000%2C1000&ssl=1","width":1000,"height":1000,"caption":"VOLVO PREMIUM TECHTOOL 2.8"},{"@type":"BreadcrumbList","@id":"https:\/\/mmbobd2.com\/product\/volvo-premium-tech-tool-2-8-vmware\/#breadcrumb","itemListElement":[{"@type":"ListItem","position":1,"name":"Accueil","item":"https:\/\/mmbobd2.com\/"},{"@type":"ListItem","position":2,"name":"Boutique","item":"https:\/\/mmbobd2.com\/logiciels-de-diagnostic-automobiles\/"},{"@type":"ListItem","position":3,"name":"VOLVO PREMIUM\u00a0TECH TOOL 2.8 VMware"}]},{"@type":"WebSite","@id":"https:\/\/mmbobd2.com\/#website","url":"https:\/\/mmbobd2.com\/","name":"MMB OBD2 SOFTWARE","description":"","publisher":{"@id":"https:\/\/mmbobd2.com\/#organization"},"alternateName":"mmbsoftauto","potentialAction":[{"@type":"SearchAction","target":{"@type":"EntryPoint","urlTemplate":"https:\/\/mmbobd2.com\/?s={search_term_string}"},"query-input":{"@type":"PropertyValueSpecification","valueRequired":true,"valueName":"search_term_string"}}],"inLanguage":"en-GB"},{"@type":"Organization","@id":"https:\/\/mmbobd2.com\/#organization","name":"MMB COMPANY","url":"https:\/\/mmbobd2.com\/","logo":{"@type":"ImageObject","inLanguage":"en-GB","@id":"https:\/\/mmbobd2.com\/#\/schema\/logo\/image\/","url":"https:\/\/mmbobd2.com\/wp-content\/uploads\/2023\/10\/LOGO-ROND-MMB-200.png","contentUrl":"https:\/\/mmbobd2.com\/wp-content\/uploads\/2023\/10\/LOGO-ROND-MMB-200.png","width":200,"height":200,"caption":"MMB COMPANY"},"image":{"@id":"https:\/\/mmbobd2.com\/#\/schema\/logo\/image\/"},"sameAs":["https:\/\/www.facebook.com\/profile.php?id=61552159950965"]}]}},"_links":{"self":[{"href":"https:\/\/mmbobd2.com\/en\/wp-json\/wp\/v2\/product\/727","targetHints":{"allow":["GET"]}}],"collection":[{"href":"https:\/\/mmbobd2.com\/en\/wp-json\/wp\/v2\/product"}],"about":[{"href":"https:\/\/mmbobd2.com\/en\/wp-json\/wp\/v2\/types\/product"}],"wp:featuredmedia":[{"embeddable":true,"href":"https:\/\/mmbobd2.com\/en\/wp-json\/wp\/v2\/media\/728"}],"wp:attachment":[{"href":"https:\/\/mmbobd2.com\/en\/wp-json\/wp\/v2\/media?parent=727"}],"wp:term":[{"taxonomy":"product_brand","embeddable":true,"href":"https:\/\/mmbobd2.com\/en\/wp-json\/wp\/v2\/product_brand?post=727"},{"taxonomy":"product_cat","embeddable":true,"href":"https:\/\/mmbobd2.com\/en\/wp-json\/wp\/v2\/product_cat?post=727"},{"taxonomy":"product_tag","embeddable":true,"href":"https:\/\/mmbobd2.com\/en\/wp-json\/wp\/v2\/product_tag?post=727"}],"curies":[{"name":"wp","href":"https:\/\/api.w.org\/{rel}","templated":true}]}}