{"id":735,"date":"2023-11-21T23:43:00","date_gmt":"2023-11-21T23:43:00","guid":{"rendered":"https:\/\/mmbobd2.com\/?post_type=product&#038;p=735"},"modified":"2024-01-12T12:58:15","modified_gmt":"2024-01-12T12:58:15","slug":"ford-etis-2015","status":"publish","type":"product","link":"https:\/\/mmbobd2.com\/en\/product\/ford-etis-2015\/","title":{"rendered":"Ford Etis 2015"},"content":{"rendered":"<h2 style=\"text-align: center;\"><strong>Ford Etis 2015<\/strong><\/h2>\n<p>&nbsp;<\/p>\n<h4><strong><span>Manuel de r\u00e9paration du service d&rsquo;atelier Ford ETIS IDS<br \/>\n<\/span><\/strong><\/h4>\n<div>\n<p><span>Couvrant tous les v\u00e9hicules Ford de 1982 \u00e0 2015<\/span><\/p>\n<p><span>Il s&rsquo;agit du m\u00eame manuel d&rsquo;entretien et de r\u00e9paration d&rsquo;atelier Ford ETIS <a href=\"https:\/\/mmbobd2.com\/en\/?s=PETKA&amp;post_type=product\">utilis\u00e9<\/a> par tous les garages des principaux concessionnaires Ford dans le monde.<\/span><\/p>\n<p><span>Ford Etis 2015 Contient : <\/span><br \/>\n<span>La r\u00e9paration, l&rsquo;entretien, l&rsquo;entretien, le diagnostic, etc. sont tous couverts dans ce manuel de r\u00e9paration d&rsquo;atelier Ford <a href=\"https:\/\/www.ford.fr\/?searchid=ppc:Search_FR(fra)%7C%5BAO%5D_Retail_SD_Brand_Brand:100%25_CPPI_EUR%7CShp-T2%7CExact:Pure:ford:e:c:g:GOOGLE&amp;gad_source=1&amp;gclid=CjwKCAiAx_GqBhBQEiwAlDNAZo7vTmSdLGVOb9l4bN1TqsNLmk15vxU_gEPaNZITPDJSDIFsf3BZZRoCl0YQAvD_BwE&amp;gclsrc=aw.ds\">ETIS<\/a>.<\/span><\/p>\n<p><span>Le manuel d&rsquo;atelier Ford ETIS est le manuel d&rsquo;usine officiel utilis\u00e9 par les garages de r\u00e9paration des principaux concessionnaires Ford. <\/span><br \/>\n<span>Le manuel de r\u00e9paration de service Ford ETIS est id\u00e9al pour les m\u00e9caniciens professionnels et novices, les amateurs et les r\u00e9parations \u00e0 domicile.<\/span><\/p>\n<p><strong><span>Mod\u00e8les :<\/span><\/strong><br \/>\n<span> B-Max, C-Max, Cougar, Everest, Explorer, Fiesta, Figo, Focus, Fusion, Galaxy, Ikon, Ka, Kuga, Mondeo, Mustang, Orion, Probe, Puma, Ranger, Scorpio, Sierra, S- MAX, Street Ka, Transit, Transit Connect, Transit personnalis\u00e9, Tourneo, Windstar<\/span><\/p>\n<p><span>Moteurs essence et diesel. <\/span><br \/>\n<span>Manuel et automatique. <\/span><br \/>\n<span>Conduite \u00e0 gauche et \u00e0 droite.<\/span><\/p>\n<p><strong><span><span class=\"\">Sections\u00a0:<\/span><\/span><\/strong><br \/>\n<span><span class=\"\"> Fusibles et relais, moteur, transmission, embrayage, hydraulique, suspension, freins, ABS, d\u00e9pose et installation de la courroie de distribution et de la cha\u00eene, donn\u00e9es de r\u00e9glage, diagnostics, turbo, refroidissement, climatisation, syst\u00e8me de lubrification, fluides, syst\u00e8me \u00e9lectrique, \u00e9lectronique, \u00c9clairage, int\u00e9rieur et ext\u00e9rieur, proc\u00e9dures de v\u00e9rification, service, direction assist\u00e9e, r\u00e9paration de carrosserie, panneaux, fen\u00eatres, portes, luminaires et accessoires, s\u00e9curit\u00e9, syst\u00e8me d&rsquo;alarme, sacs gonflables, ceinture de s\u00e9curit\u00e9, \u00e9chappement, batterie, roues, pneus et bien plus encore.<\/span><\/span><\/p>\n<p><span>Ne contient pas de sch\u00e9mas de c\u00e2blage<\/span><\/p>\n<p><strong><span>Langue:<\/span><\/strong><br \/>\n<span> fran\u00e7ais<\/span><\/p>\n<p><strong><span>Ann\u00e9es\u00a0:<\/span><\/strong><br \/>\n<span> 2015, 2014, 2013, 2012, 2011, 2010, 2009, 2008, 2007, 2006, 2005, 2004, 2003, 2002, 2001, 2000, 1999, 1998, 1997, 1996, 1995, 1994, 1993, 1992, 1991, 1990, 1989, 1988, 1987, 1986, 1985, 1984, 1983, 1982<\/span><\/p>\n<p><strong><span>Compatibilit\u00e9 :<\/span><\/strong><br \/>\n<span> Tous les syst\u00e8mes d&rsquo;exploitation PC <\/span><br \/>\n<span>Windows 10, 8.1, 8, 7, Vista, XP \u2013 32 bits et 64 bits<\/span><\/p>\n<p><strong><span>Taille du fichier \u00e0 t\u00e9l\u00e9charger\u00a0:<\/span><\/strong><br \/>\n<span> 8\u00a0Go<\/span><\/p>\n<p><span>T\u00e9l\u00e9chargement du manuel d&rsquo;atelier Ford ETIS IDS<\/span><\/p>\n<\/div>","protected":false},"excerpt":{"rendered":"<p>Manuel de r\u00e9paration Ford Etis 2015 pour tous les v\u00e9hicules Ford 1982-2015. Couvre r\u00e9paration, entretien, diagnostic. Id\u00e9al pour pros et amateurs.<\/p>","protected":false},"featured_media":736,"template":"","meta":[],"product_brand":[],"product_cat":[18],"product_tag":[],"class_list":{"0":"post-735","1":"product","2":"type-product","3":"status-publish","4":"has-post-thumbnail","6":"product_cat-epc-et-manuels-de-reparation-auto","8":"first","9":"instock","10":"downloadable","11":"virtual","12":"purchasable","13":"product-type-simple"},"yoast_head":"<!-- This site is optimized with the Yoast SEO plugin v27.4 - https:\/\/yoast.com\/product\/yoast-seo-wordpress\/ -->\n<title>Ford Etis 2015 MMB OBD2 SOFTWARE<\/title>\n<meta name=\"description\" content=\"Manuel de r\u00e9paration Ford Etis 2015 pour tous les v\u00e9hicules Ford 1982-2015. Couvre r\u00e9paration, entretien, diagnostic. Id\u00e9al pour pros et amateurs.\" \/>\n<meta name=\"robots\" content=\"index, follow, max-snippet:-1, max-image-preview:large, max-video-preview:-1\" \/>\n<link rel=\"canonical\" href=\"https:\/\/mmbobd2.com\/en\/product\/ford-etis-2015\/\" \/>\n<meta property=\"og:locale\" content=\"en_GB\" \/>\n<meta property=\"og:type\" content=\"article\" \/>\n<meta property=\"og:title\" content=\"Ford Etis 2015\" \/>\n<meta property=\"og:description\" content=\"Manuel de r\u00e9paration Ford Etis 2015 pour tous les v\u00e9hicules Ford 1982-2015. Couvre r\u00e9paration, entretien, diagnostic. Id\u00e9al pour pros et amateurs.\" \/>\n<meta property=\"og:url\" content=\"https:\/\/mmbobd2.com\/en\/product\/ford-etis-2015\/\" \/>\n<meta property=\"og:site_name\" content=\"MMB OBD2 SOFTWARE\" \/>\n<meta property=\"article:publisher\" content=\"https:\/\/www.facebook.com\/profile.php?id=61552159950965\" \/>\n<meta property=\"article:modified_time\" content=\"2024-01-12T12:58:15+00:00\" \/>\n<meta property=\"og:image\" content=\"https:\/\/mmbobd2.com\/wp-content\/uploads\/2023\/11\/FORDETIS-jpg.webp\" \/>\n\t<meta property=\"og:image:width\" content=\"1000\" \/>\n\t<meta property=\"og:image:height\" content=\"1000\" \/>\n\t<meta property=\"og:image:type\" content=\"image\/jpeg\" \/>\n<meta name=\"twitter:card\" content=\"summary_large_image\" \/>\n<meta name=\"twitter:label1\" content=\"Estimated reading time\" \/>\n\t<meta name=\"twitter:data1\" content=\"2 minutes\" \/>\n<script type=\"application\/ld+json\" class=\"yoast-schema-graph\">{\"@context\":\"https:\\\/\\\/schema.org\",\"@graph\":[{\"@type\":\"WebPage\",\"@id\":\"https:\\\/\\\/mmbobd2.com\\\/product\\\/ford-etis-2015\\\/\",\"url\":\"https:\\\/\\\/mmbobd2.com\\\/product\\\/ford-etis-2015\\\/\",\"name\":\"Ford Etis 2015 MMB OBD2 SOFTWARE\",\"isPartOf\":{\"@id\":\"https:\\\/\\\/mmbobd2.com\\\/#website\"},\"primaryImageOfPage\":{\"@id\":\"https:\\\/\\\/mmbobd2.com\\\/product\\\/ford-etis-2015\\\/#primaryimage\"},\"image\":{\"@id\":\"https:\\\/\\\/mmbobd2.com\\\/product\\\/ford-etis-2015\\\/#primaryimage\"},\"thumbnailUrl\":\"https:\\\/\\\/i0.wp.com\\\/mmbobd2.com\\\/wp-content\\\/uploads\\\/2023\\\/11\\\/FORDETIS-jpg.webp?fit=1000%2C1000&ssl=1\",\"datePublished\":\"2023-11-21T23:43:00+00:00\",\"dateModified\":\"2024-01-12T12:58:15+00:00\",\"description\":\"Manuel de r\u00e9paration Ford Etis 2015 pour tous les v\u00e9hicules Ford 1982-2015. Couvre r\u00e9paration, entretien, diagnostic. Id\u00e9al pour pros et amateurs.\",\"breadcrumb\":{\"@id\":\"https:\\\/\\\/mmbobd2.com\\\/product\\\/ford-etis-2015\\\/#breadcrumb\"},\"inLanguage\":\"en-GB\",\"potentialAction\":[{\"@type\":\"ReadAction\",\"target\":[\"https:\\\/\\\/mmbobd2.com\\\/product\\\/ford-etis-2015\\\/\"]}]},{\"@type\":\"ImageObject\",\"inLanguage\":\"en-GB\",\"@id\":\"https:\\\/\\\/mmbobd2.com\\\/product\\\/ford-etis-2015\\\/#primaryimage\",\"url\":\"https:\\\/\\\/i0.wp.com\\\/mmbobd2.com\\\/wp-content\\\/uploads\\\/2023\\\/11\\\/FORDETIS-jpg.webp?fit=1000%2C1000&ssl=1\",\"contentUrl\":\"https:\\\/\\\/i0.wp.com\\\/mmbobd2.com\\\/wp-content\\\/uploads\\\/2023\\\/11\\\/FORDETIS-jpg.webp?fit=1000%2C1000&ssl=1\",\"width\":1000,\"height\":1000,\"caption\":\"Ford Etis 2015\"},{\"@type\":\"BreadcrumbList\",\"@id\":\"https:\\\/\\\/mmbobd2.com\\\/product\\\/ford-etis-2015\\\/#breadcrumb\",\"itemListElement\":[{\"@type\":\"ListItem\",\"position\":1,\"name\":\"Accueil\",\"item\":\"https:\\\/\\\/mmbobd2.com\\\/\"},{\"@type\":\"ListItem\",\"position\":2,\"name\":\"Boutique\",\"item\":\"https:\\\/\\\/mmbobd2.com\\\/logiciels-de-diagnostic-automobiles\\\/\"},{\"@type\":\"ListItem\",\"position\":3,\"name\":\"Ford Etis 2015\"}]},{\"@type\":\"WebSite\",\"@id\":\"https:\\\/\\\/mmbobd2.com\\\/#website\",\"url\":\"https:\\\/\\\/mmbobd2.com\\\/\",\"name\":\"MMB OBD2 SOFTWARE\",\"description\":\"\",\"publisher\":{\"@id\":\"https:\\\/\\\/mmbobd2.com\\\/#organization\"},\"alternateName\":\"mmbsoftauto\",\"potentialAction\":[{\"@type\":\"SearchAction\",\"target\":{\"@type\":\"EntryPoint\",\"urlTemplate\":\"https:\\\/\\\/mmbobd2.com\\\/?s={search_term_string}\"},\"query-input\":{\"@type\":\"PropertyValueSpecification\",\"valueRequired\":true,\"valueName\":\"search_term_string\"}}],\"inLanguage\":\"en-GB\"},{\"@type\":\"Organization\",\"@id\":\"https:\\\/\\\/mmbobd2.com\\\/#organization\",\"name\":\"MMB COMPANY\",\"url\":\"https:\\\/\\\/mmbobd2.com\\\/\",\"logo\":{\"@type\":\"ImageObject\",\"inLanguage\":\"en-GB\",\"@id\":\"https:\\\/\\\/mmbobd2.com\\\/#\\\/schema\\\/logo\\\/image\\\/\",\"url\":\"https:\\\/\\\/mmbobd2.com\\\/wp-content\\\/uploads\\\/2023\\\/10\\\/LOGO-ROND-MMB-200.png\",\"contentUrl\":\"https:\\\/\\\/mmbobd2.com\\\/wp-content\\\/uploads\\\/2023\\\/10\\\/LOGO-ROND-MMB-200.png\",\"width\":200,\"height\":200,\"caption\":\"MMB COMPANY\"},\"image\":{\"@id\":\"https:\\\/\\\/mmbobd2.com\\\/#\\\/schema\\\/logo\\\/image\\\/\"},\"sameAs\":[\"https:\\\/\\\/www.facebook.com\\\/profile.php?id=61552159950965\"]}]}<\/script>\n<!-- \/ Yoast SEO plugin. -->","yoast_head_json":{"title":"Ford Etis 2015 MMB OBD2 SOFTWARE","description":"Manuel de r\u00e9paration Ford Etis 2015 pour tous les v\u00e9hicules Ford 1982-2015. Couvre r\u00e9paration, entretien, diagnostic. Id\u00e9al pour pros et amateurs.","robots":{"index":"index","follow":"follow","max-snippet":"max-snippet:-1","max-image-preview":"max-image-preview:large","max-video-preview":"max-video-preview:-1"},"canonical":"https:\/\/mmbobd2.com\/en\/product\/ford-etis-2015\/","og_locale":"en_GB","og_type":"article","og_title":"Ford Etis 2015","og_description":"Manuel de r\u00e9paration Ford Etis 2015 pour tous les v\u00e9hicules Ford 1982-2015. Couvre r\u00e9paration, entretien, diagnostic. Id\u00e9al pour pros et amateurs.","og_url":"https:\/\/mmbobd2.com\/en\/product\/ford-etis-2015\/","og_site_name":"MMB OBD2 SOFTWARE","article_publisher":"https:\/\/www.facebook.com\/profile.php?id=61552159950965","article_modified_time":"2024-01-12T12:58:15+00:00","og_image":[{"width":1000,"height":1000,"url":"https:\/\/mmbobd2.com\/wp-content\/uploads\/2023\/11\/FORDETIS-jpg.webp","type":"image\/jpeg"}],"twitter_card":"summary_large_image","twitter_misc":{"Estimated reading time":"2 minutes"},"schema":{"@context":"https:\/\/schema.org","@graph":[{"@type":"WebPage","@id":"https:\/\/mmbobd2.com\/product\/ford-etis-2015\/","url":"https:\/\/mmbobd2.com\/product\/ford-etis-2015\/","name":"Ford Etis 2015 MMB OBD2 SOFTWARE","isPartOf":{"@id":"https:\/\/mmbobd2.com\/#website"},"primaryImageOfPage":{"@id":"https:\/\/mmbobd2.com\/product\/ford-etis-2015\/#primaryimage"},"image":{"@id":"https:\/\/mmbobd2.com\/product\/ford-etis-2015\/#primaryimage"},"thumbnailUrl":"https:\/\/i0.wp.com\/mmbobd2.com\/wp-content\/uploads\/2023\/11\/FORDETIS-jpg.webp?fit=1000%2C1000&ssl=1","datePublished":"2023-11-21T23:43:00+00:00","dateModified":"2024-01-12T12:58:15+00:00","description":"Manuel de r\u00e9paration Ford Etis 2015 pour tous les v\u00e9hicules Ford 1982-2015. Couvre r\u00e9paration, entretien, diagnostic. Id\u00e9al pour pros et amateurs.","breadcrumb":{"@id":"https:\/\/mmbobd2.com\/product\/ford-etis-2015\/#breadcrumb"},"inLanguage":"en-GB","potentialAction":[{"@type":"ReadAction","target":["https:\/\/mmbobd2.com\/product\/ford-etis-2015\/"]}]},{"@type":"ImageObject","inLanguage":"en-GB","@id":"https:\/\/mmbobd2.com\/product\/ford-etis-2015\/#primaryimage","url":"https:\/\/i0.wp.com\/mmbobd2.com\/wp-content\/uploads\/2023\/11\/FORDETIS-jpg.webp?fit=1000%2C1000&ssl=1","contentUrl":"https:\/\/i0.wp.com\/mmbobd2.com\/wp-content\/uploads\/2023\/11\/FORDETIS-jpg.webp?fit=1000%2C1000&ssl=1","width":1000,"height":1000,"caption":"Ford Etis 2015"},{"@type":"BreadcrumbList","@id":"https:\/\/mmbobd2.com\/product\/ford-etis-2015\/#breadcrumb","itemListElement":[{"@type":"ListItem","position":1,"name":"Accueil","item":"https:\/\/mmbobd2.com\/"},{"@type":"ListItem","position":2,"name":"Boutique","item":"https:\/\/mmbobd2.com\/logiciels-de-diagnostic-automobiles\/"},{"@type":"ListItem","position":3,"name":"Ford Etis 2015"}]},{"@type":"WebSite","@id":"https:\/\/mmbobd2.com\/#website","url":"https:\/\/mmbobd2.com\/","name":"MMB OBD2 SOFTWARE","description":"","publisher":{"@id":"https:\/\/mmbobd2.com\/#organization"},"alternateName":"mmbsoftauto","potentialAction":[{"@type":"SearchAction","target":{"@type":"EntryPoint","urlTemplate":"https:\/\/mmbobd2.com\/?s={search_term_string}"},"query-input":{"@type":"PropertyValueSpecification","valueRequired":true,"valueName":"search_term_string"}}],"inLanguage":"en-GB"},{"@type":"Organization","@id":"https:\/\/mmbobd2.com\/#organization","name":"MMB COMPANY","url":"https:\/\/mmbobd2.com\/","logo":{"@type":"ImageObject","inLanguage":"en-GB","@id":"https:\/\/mmbobd2.com\/#\/schema\/logo\/image\/","url":"https:\/\/mmbobd2.com\/wp-content\/uploads\/2023\/10\/LOGO-ROND-MMB-200.png","contentUrl":"https:\/\/mmbobd2.com\/wp-content\/uploads\/2023\/10\/LOGO-ROND-MMB-200.png","width":200,"height":200,"caption":"MMB COMPANY"},"image":{"@id":"https:\/\/mmbobd2.com\/#\/schema\/logo\/image\/"},"sameAs":["https:\/\/www.facebook.com\/profile.php?id=61552159950965"]}]}},"_links":{"self":[{"href":"https:\/\/mmbobd2.com\/en\/wp-json\/wp\/v2\/product\/735","targetHints":{"allow":["GET"]}}],"collection":[{"href":"https:\/\/mmbobd2.com\/en\/wp-json\/wp\/v2\/product"}],"about":[{"href":"https:\/\/mmbobd2.com\/en\/wp-json\/wp\/v2\/types\/product"}],"wp:featuredmedia":[{"embeddable":true,"href":"https:\/\/mmbobd2.com\/en\/wp-json\/wp\/v2\/media\/736"}],"wp:attachment":[{"href":"https:\/\/mmbobd2.com\/en\/wp-json\/wp\/v2\/media?parent=735"}],"wp:term":[{"taxonomy":"product_brand","embeddable":true,"href":"https:\/\/mmbobd2.com\/en\/wp-json\/wp\/v2\/product_brand?post=735"},{"taxonomy":"product_cat","embeddable":true,"href":"https:\/\/mmbobd2.com\/en\/wp-json\/wp\/v2\/product_cat?post=735"},{"taxonomy":"product_tag","embeddable":true,"href":"https:\/\/mmbobd2.com\/en\/wp-json\/wp\/v2\/product_tag?post=735"}],"curies":[{"name":"wp","href":"https:\/\/api.w.org\/{rel}","templated":true}]}}