{"id":737,"date":"2023-11-22T00:10:03","date_gmt":"2023-11-22T00:10:03","guid":{"rendered":"https:\/\/mmbobd2.com\/?post_type=product&#038;p=737"},"modified":"2024-01-20T07:05:44","modified_gmt":"2024-01-20T07:05:44","slug":"vivid-workshop-data","status":"publish","type":"product","link":"https:\/\/mmbobd2.com\/en\/product\/vivid-workshop-data\/","title":{"rendered":"VIVID WORKSHOP DATA"},"content":{"rendered":"<h3 style=\"text-align: center;\"><strong>VIVID WORKSHOP DATA<\/strong><\/h3>\n<p>&nbsp;<\/p>\n<h4><b><span><span class=\"\"><em>Description :<\/em> <\/span><\/span><\/b><\/p>\n<p><i><span><span class=\"\">WorkshopData <\/span>prend comme base la base de donn\u00e9es technique de Vivid, qui contient enti\u00e8rement les donn\u00e9es cod\u00e9es des v\u00e9hicules <a href=\"https:\/\/mmbobd2.com\/en\/?s=PETKA&amp;post_type=product\">europ\u00e9ens<\/a>. <span class=\"\">La version professionnelle comprend des informations de base sur la maintenance et la r\u00e9paration, les donn\u00e9es de r\u00e9glage, les dessins techniques, les fusibles et relais, les codes de diagnostic et le moteur de gestion des donn\u00e9es. <\/span>Comprend \u00e9galement des sch\u00e9mas pour les syst\u00e8mes de climatisation \u00e9lectriques. <\/span><\/p>\n<p><span>Vivid WorkshopData\u00a0 comprend plus de manuels de r\u00e9paration que tout autre produit de donn\u00e9es techniques. Tous les manuels combinent du texte avec des images et des dessins (en r\u00e9alit\u00e9 plus de 40 000 et ce chiffre ne cesse de cro\u00eetre). Il comprend des donn\u00e9es de gestion moteur d\u2019une qualit\u00e9 et d\u2019une quantit\u00e9 in\u00e9gal\u00e9es. <\/span><\/p>\n<p><span>Son contenu ne permet pas de comparaison. Les modules suppl\u00e9mentaires incluent\u00a0: les sch\u00e9mas \u00e9lectriques (\u00e9lectronique de confort) et les temps de r\u00e9paration. <\/span><\/p>\n<p><span><strong>Vivid WorkshopData\u00a0 offre les fonctionnalit\u00e9s et avantages suivants :<\/strong> <\/span><\/i><\/h4>\n<h4><i><br \/>\n<span>* Les donn\u00e9es sont organis\u00e9es en 7 cat\u00e9gories principales ; entretien, moteur, transmission, ext\u00e9rieur\/int\u00e9rieur, freins, direction\/suspension et \u00e9lectronique. <\/span><br \/>\n<span>* Vivid WorkshopData comprend toutes les informations dont vous avez besoin pour identifier le bon v\u00e9hicule. <\/span><br \/>\n<span>* Des raccourcis (hyperliens) sont disponibles \u00e0 diff\u00e9rents niveaux ; vous permettant d&rsquo;acc\u00e9der aux informations connexes. <\/span><br \/>\n<span>* Recherche facile\u00a0; tapez simplement un mod\u00e8le ou un code moteur pour r\u00e9cup\u00e9rer tous les mod\u00e8les et types qui correspondent \u00e0 vos crit\u00e8res de recherche. Un moyen rapide et s\u00fbr de trouver les donn\u00e9es dont vous avez besoin. <\/span><br \/>\n<span>* Graphiques (dessins) hautement am\u00e9lior\u00e9s <\/span><br \/>\n<span>* Codes d&rsquo;erreur EOBD et sp\u00e9cifiques au fabricant <\/span><br \/>\n<span>* Couverture in\u00e9gal\u00e9e des donn\u00e9es \u00e9lectroniques <\/span><\/p>\n<p><span><strong>Quelles sont les particularit\u00e9s de Vivid WorkshopData qui le rendent sp\u00e9cial ?<\/strong> <\/span><\/i><\/h4>\n<h4><i><br \/>\n<span>La qualit\u00e9 et la quantit\u00e9 de donn\u00e9es pouvant \u00eatre incluses (sous format \u00e9lectronique) dans WorkshopData sont in\u00e9gal\u00e9es. <\/span><br \/>\n<span>* Les donn\u00e9es sont bas\u00e9es uniquement sur les donn\u00e9es OEM d&rsquo;origine. <\/span><br \/>\n<span>* Le meilleur rapport qualit\u00e9\/prix. <\/span><br \/>\n<span>* Couverture de toutes les voitures disponibles sur le march\u00e9 europ\u00e9en. <\/span><br \/>\n<span>* Il se connecte facilement \u00e0 d&rsquo;autres bases de donn\u00e9es offrant des possibilit\u00e9s illimit\u00e9es d&rsquo;\u00e9change de donn\u00e9es sur Internet. <\/span><br \/>\n<span>* Nous proposons des services Web pour tous nos modules de donn\u00e9es, y compris des liens vers de nombreux produits g\u00e9n\u00e9riques du march\u00e9 secondaire. <\/span><\/p>\n<p><span><strong>Que proposons-nous ?<\/strong> <\/span><\/i><\/h4>\n<h4><i><br \/>\n<span>* Pr\u00e8s de 7000 types de moteurs ; <\/span><br \/>\n<span>* Plus de 50 000 dessins techniques\u00a0; <\/span><br \/>\n<span>* Plus de 6 000 syst\u00e8mes de gestion moteur\u00a0; <\/span><br \/>\n<span>* Des milliers de sch\u00e9mas \u00e9lectriques\u00a0; <\/span><br \/>\n<span>* Des millions de d\u00e9lais de r\u00e9paration sp\u00e9cifi\u00e9s\u00a0; <\/span><br \/>\n<span>* Et bien plus encore&#8230; <\/span><\/p>\n<p><span><strong>Maintenance<\/strong> <\/span><\/i><\/h4>\n<h4><i><br \/>\n<span>* Informations standardis\u00e9es sur le fournisseur <\/span><br \/>\n<span>* Informations sp\u00e9cifiques au code moteur <\/span><br \/>\n<span>* R\u00e9initialisation de l&rsquo;indicateur d&rsquo;intervalle d&rsquo;entretien <\/span><br \/>\n<span>* P\u00e9riodes d&rsquo;\u00e9change de la courroie fiscale<\/span><br \/>\n<span>* Entretien <\/span><br \/>\n<span>* Avec les num\u00e9ros globaux d&rsquo;entretien associ\u00e9s <\/span><\/p>\n<p><span><strong>Moteur<\/strong> <\/span><\/i><\/h4>\n<h4><i><br \/>\n<span>* Informations sp\u00e9cifiques au code moteur <\/span><br \/>\n<span>* Images d&rsquo;\u00e9talonnage incluant les courroies trap\u00e9zo\u00efdales <\/span><br \/>\n<span>* Manuels de r\u00e9paration sur : <\/span><br \/>\n<span>* \u00c9change de courroie fiscale <\/span><br \/>\n<span>* Expansion de culasse <\/span><br \/>\n<span>* Expansion de moteur <\/span><br \/>\n<span>* Lubrifiants et fluides <\/span><br \/>\n<span>* Gestion moteur comprenant : <\/span><br \/>\n<span>o Sch\u00e9mas de c\u00e2blage \u00e9lectrique <\/span><br \/>\n<span>o Donn\u00e9es des composants <\/span><br \/>\n<span>o composants mont\u00e9s <\/span><br \/>\n<span>o Diagnostic <\/span><br \/>\n<span>o Oszilloskopbilder <\/span><br \/>\n<span>o EOBD Caract\u00e9ristiques <\/span><br \/>\n<span>* Dessins techniques <\/span><br \/>\n<span>* Informations suppl\u00e9mentaires si n\u00e9cessaire <\/span><br \/>\n<span>* Valeurs de travail * <\/span><\/p>\n<p><span><strong>Engrenage<\/strong> <\/span><\/i><\/h4>\n<h4><i><br \/>\n<span>* R\u00e9glage <\/span><br \/>\n<span>* Lubrifiants et fluides <\/span><br \/>\n<span>* Dessins techniques <\/span><br \/>\n<span>* Manuels de r\u00e9paration : <\/span><br \/>\n<span>o Expansion des engrenages <\/span><br \/>\n<span>o Transmissions automatiques <\/span><br \/>\n<span>* Fonctionnement Valeurs * <\/span><\/p>\n<p><span><strong>Direction et suspension<\/strong> <\/span><\/i><\/h4>\n<h4><i><br \/>\n<span>* R\u00e9glage <\/span><br \/>\n<span>* Dessins techniques <\/span><br \/>\n<span>* Lubrifiants et fluides <\/span><br \/>\n<span>* Valeurs de fonctionnement * <\/span><\/p>\n<p><span><strong>Int\u00e9rieur \/ ext\u00e9rieur<\/strong> <\/span><\/i><\/h4>\n<h4><i><br \/>\n<span>* R\u00e9glage <\/span><br \/>\n<span>* Informations sur la climatisation <\/span><br \/>\n<span>o Sch\u00e9mas de c\u00e2blage \u00e9lectrique <\/span><br \/>\n<span>o contenu <\/span><br \/>\n<span>* Sch\u00e9mas de c\u00e2blage \u00e9lectrique pour l&rsquo;\u00e9lectronique de confort : <\/span><br \/>\n<span>o Fonctionnement des vitres \u00e0 commande \u00e9lectrique <\/span><br \/>\n<span>o Fonctionnement \u00e0 commande \u00e9lectrique r\u00e9troviseurs <\/span><br \/>\n<span>o Si\u00e8ge <\/span><br \/>\n<span>o syst\u00e8mes audio <\/span><br \/>\n<span>* Manuels de r\u00e9paration : <\/span><br \/>\n<span>o extension de pare-chocs <\/span><br \/>\n<span>o extension des ailes avant et arri\u00e8re <\/span><br \/>\n<span>o extension des pi\u00e8ces int\u00e9rieures <\/span><br \/>\n<span>o \u00e9change d&rsquo;airbag <\/span><br \/>\n<span>* Valeurs de travail * <\/span><\/p>\n<p><span><strong>Freins<\/strong> <\/span><\/i><\/h4>\n<h4><i><br \/>\n<span>* R\u00e9glage <\/span><br \/>\n<span>* Informations ABS : <\/span><br \/>\n<span>o Sch\u00e9mas de c\u00e2blage \u00e9lectrique <\/span><br \/>\n<span>o Informations sur les composants <\/span><br \/>\n<span>o composants mont\u00e9s <\/span><br \/>\n<span>o Tests de composants <\/span><br \/>\n<span>* Manuels de r\u00e9paration\u00a0: <\/span><br \/>\n<span>o Syst\u00e8me de ventilation m\u00e9canique ABS <\/span><br \/>\n<span>(si n\u00e9cessaire) <\/span><br \/>\n<span>* Lubrifiants et fluides <\/span><br \/>\n<span>* Dessins techniques <\/span><br \/>\n<span>* Valeurs de travail * <\/span><\/p>\n<p><span><strong>\u00c9lectronique<\/strong> <\/span><\/i><\/h4>\n<p><i><br \/>\n<span>* Gestion du moteur <\/span><br \/>\n<span>* ABS <\/span><br \/>\n<span>* Fusibles et relais <\/span><br \/>\n<span>* Sch\u00e9mas \u00e9lectriques de confort <\/span><br \/>\n<span>* Diagnostic<\/span><\/i><\/p>","protected":false},"excerpt":{"rendered":"<p>Vivid Workshop Data combine les donn\u00e9es essentielles de maintenance et de r\u00e9paration avec des dessins techniques d\u00e9taill\u00e9s<\/p>","protected":false},"featured_media":738,"template":"","meta":[],"product_brand":[],"product_cat":[18],"product_tag":[],"class_list":{"0":"post-737","1":"product","2":"type-product","3":"status-publish","4":"has-post-thumbnail","6":"product_cat-epc-et-manuels-de-reparation-auto","8":"first","9":"instock","10":"downloadable","11":"virtual","12":"purchasable","13":"product-type-simple"},"yoast_head":"<!-- This site is optimized with the Yoast SEO plugin v27.4 - https:\/\/yoast.com\/product\/yoast-seo-wordpress\/ -->\n<title>VIVID WORKSHOP DATA MMB OBD2 SOFTWARE<\/title>\n<meta name=\"description\" content=\"VIVID WORKSHOP DATA D\u00e9couvrez notre gamme compl\u00e8te de logiciels de diagnostic automobiles, camion et de reprogrammation moteur chez MMB Software Automotive.\" \/>\n<meta name=\"robots\" content=\"index, follow, max-snippet:-1, max-image-preview:large, max-video-preview:-1\" \/>\n<link rel=\"canonical\" href=\"https:\/\/mmbobd2.com\/en\/product\/vivid-workshop-data\/\" \/>\n<meta property=\"og:locale\" content=\"en_GB\" \/>\n<meta property=\"og:type\" content=\"article\" \/>\n<meta property=\"og:title\" content=\"VIVID WORKSHOP DATA\" \/>\n<meta property=\"og:description\" content=\"VIVID WORKSHOP DATA D\u00e9couvrez notre gamme compl\u00e8te de logiciels de diagnostic automobiles, camion et de reprogrammation moteur chez MMB Software Automotive.\" \/>\n<meta property=\"og:url\" content=\"https:\/\/mmbobd2.com\/en\/product\/vivid-workshop-data\/\" \/>\n<meta property=\"og:site_name\" content=\"MMB OBD2 SOFTWARE\" \/>\n<meta property=\"article:publisher\" content=\"https:\/\/www.facebook.com\/profile.php?id=61552159950965\" \/>\n<meta property=\"article:modified_time\" content=\"2024-01-20T07:05:44+00:00\" \/>\n<meta property=\"og:image\" content=\"https:\/\/mmbobd2.com\/wp-content\/uploads\/2023\/11\/VIVID-jpg.webp\" \/>\n\t<meta property=\"og:image:width\" content=\"1000\" \/>\n\t<meta property=\"og:image:height\" content=\"1000\" \/>\n\t<meta property=\"og:image:type\" content=\"image\/jpeg\" \/>\n<meta name=\"twitter:card\" content=\"summary_large_image\" \/>\n<meta name=\"twitter:label1\" content=\"Estimated reading time\" \/>\n\t<meta name=\"twitter:data1\" content=\"4 minutes\" \/>\n<script type=\"application\/ld+json\" class=\"yoast-schema-graph\">{\"@context\":\"https:\\\/\\\/schema.org\",\"@graph\":[{\"@type\":\"WebPage\",\"@id\":\"https:\\\/\\\/mmbobd2.com\\\/product\\\/vivid-workshop-data\\\/\",\"url\":\"https:\\\/\\\/mmbobd2.com\\\/product\\\/vivid-workshop-data\\\/\",\"name\":\"VIVID WORKSHOP DATA MMB OBD2 SOFTWARE\",\"isPartOf\":{\"@id\":\"https:\\\/\\\/mmbobd2.com\\\/#website\"},\"primaryImageOfPage\":{\"@id\":\"https:\\\/\\\/mmbobd2.com\\\/product\\\/vivid-workshop-data\\\/#primaryimage\"},\"image\":{\"@id\":\"https:\\\/\\\/mmbobd2.com\\\/product\\\/vivid-workshop-data\\\/#primaryimage\"},\"thumbnailUrl\":\"https:\\\/\\\/i0.wp.com\\\/mmbobd2.com\\\/wp-content\\\/uploads\\\/2023\\\/11\\\/VIVID-jpg.webp?fit=1000%2C1000&ssl=1\",\"datePublished\":\"2023-11-22T00:10:03+00:00\",\"dateModified\":\"2024-01-20T07:05:44+00:00\",\"description\":\"VIVID WORKSHOP DATA D\u00e9couvrez notre gamme compl\u00e8te de logiciels de diagnostic automobiles, camion et de reprogrammation moteur chez MMB Software Automotive.\",\"breadcrumb\":{\"@id\":\"https:\\\/\\\/mmbobd2.com\\\/product\\\/vivid-workshop-data\\\/#breadcrumb\"},\"inLanguage\":\"en-GB\",\"potentialAction\":[{\"@type\":\"ReadAction\",\"target\":[\"https:\\\/\\\/mmbobd2.com\\\/product\\\/vivid-workshop-data\\\/\"]}]},{\"@type\":\"ImageObject\",\"inLanguage\":\"en-GB\",\"@id\":\"https:\\\/\\\/mmbobd2.com\\\/product\\\/vivid-workshop-data\\\/#primaryimage\",\"url\":\"https:\\\/\\\/i0.wp.com\\\/mmbobd2.com\\\/wp-content\\\/uploads\\\/2023\\\/11\\\/VIVID-jpg.webp?fit=1000%2C1000&ssl=1\",\"contentUrl\":\"https:\\\/\\\/i0.wp.com\\\/mmbobd2.com\\\/wp-content\\\/uploads\\\/2023\\\/11\\\/VIVID-jpg.webp?fit=1000%2C1000&ssl=1\",\"width\":1000,\"height\":1000,\"caption\":\"VIVID WORKSHOP DATA\"},{\"@type\":\"BreadcrumbList\",\"@id\":\"https:\\\/\\\/mmbobd2.com\\\/product\\\/vivid-workshop-data\\\/#breadcrumb\",\"itemListElement\":[{\"@type\":\"ListItem\",\"position\":1,\"name\":\"Accueil\",\"item\":\"https:\\\/\\\/mmbobd2.com\\\/\"},{\"@type\":\"ListItem\",\"position\":2,\"name\":\"Boutique\",\"item\":\"https:\\\/\\\/mmbobd2.com\\\/logiciels-de-diagnostic-automobiles\\\/\"},{\"@type\":\"ListItem\",\"position\":3,\"name\":\"VIVID WORKSHOP DATA\"}]},{\"@type\":\"WebSite\",\"@id\":\"https:\\\/\\\/mmbobd2.com\\\/#website\",\"url\":\"https:\\\/\\\/mmbobd2.com\\\/\",\"name\":\"MMB OBD2 SOFTWARE\",\"description\":\"\",\"publisher\":{\"@id\":\"https:\\\/\\\/mmbobd2.com\\\/#organization\"},\"alternateName\":\"mmbsoftauto\",\"potentialAction\":[{\"@type\":\"SearchAction\",\"target\":{\"@type\":\"EntryPoint\",\"urlTemplate\":\"https:\\\/\\\/mmbobd2.com\\\/?s={search_term_string}\"},\"query-input\":{\"@type\":\"PropertyValueSpecification\",\"valueRequired\":true,\"valueName\":\"search_term_string\"}}],\"inLanguage\":\"en-GB\"},{\"@type\":\"Organization\",\"@id\":\"https:\\\/\\\/mmbobd2.com\\\/#organization\",\"name\":\"MMB COMPANY\",\"url\":\"https:\\\/\\\/mmbobd2.com\\\/\",\"logo\":{\"@type\":\"ImageObject\",\"inLanguage\":\"en-GB\",\"@id\":\"https:\\\/\\\/mmbobd2.com\\\/#\\\/schema\\\/logo\\\/image\\\/\",\"url\":\"https:\\\/\\\/mmbobd2.com\\\/wp-content\\\/uploads\\\/2023\\\/10\\\/LOGO-ROND-MMB-200.png\",\"contentUrl\":\"https:\\\/\\\/mmbobd2.com\\\/wp-content\\\/uploads\\\/2023\\\/10\\\/LOGO-ROND-MMB-200.png\",\"width\":200,\"height\":200,\"caption\":\"MMB COMPANY\"},\"image\":{\"@id\":\"https:\\\/\\\/mmbobd2.com\\\/#\\\/schema\\\/logo\\\/image\\\/\"},\"sameAs\":[\"https:\\\/\\\/www.facebook.com\\\/profile.php?id=61552159950965\"]}]}<\/script>\n<!-- \/ Yoast SEO plugin. -->","yoast_head_json":{"title":"VIVID WORKSHOP DATA MMB OBD2 SOFTWARE","description":"VIVID WORKSHOP DATA D\u00e9couvrez notre gamme compl\u00e8te de logiciels de diagnostic automobiles, camion et de reprogrammation moteur chez MMB Software Automotive.","robots":{"index":"index","follow":"follow","max-snippet":"max-snippet:-1","max-image-preview":"max-image-preview:large","max-video-preview":"max-video-preview:-1"},"canonical":"https:\/\/mmbobd2.com\/en\/product\/vivid-workshop-data\/","og_locale":"en_GB","og_type":"article","og_title":"VIVID WORKSHOP DATA","og_description":"VIVID WORKSHOP DATA D\u00e9couvrez notre gamme compl\u00e8te de logiciels de diagnostic automobiles, camion et de reprogrammation moteur chez MMB Software Automotive.","og_url":"https:\/\/mmbobd2.com\/en\/product\/vivid-workshop-data\/","og_site_name":"MMB OBD2 SOFTWARE","article_publisher":"https:\/\/www.facebook.com\/profile.php?id=61552159950965","article_modified_time":"2024-01-20T07:05:44+00:00","og_image":[{"width":1000,"height":1000,"url":"https:\/\/mmbobd2.com\/wp-content\/uploads\/2023\/11\/VIVID-jpg.webp","type":"image\/jpeg"}],"twitter_card":"summary_large_image","twitter_misc":{"Estimated reading time":"4 minutes"},"schema":{"@context":"https:\/\/schema.org","@graph":[{"@type":"WebPage","@id":"https:\/\/mmbobd2.com\/product\/vivid-workshop-data\/","url":"https:\/\/mmbobd2.com\/product\/vivid-workshop-data\/","name":"VIVID WORKSHOP DATA MMB OBD2 SOFTWARE","isPartOf":{"@id":"https:\/\/mmbobd2.com\/#website"},"primaryImageOfPage":{"@id":"https:\/\/mmbobd2.com\/product\/vivid-workshop-data\/#primaryimage"},"image":{"@id":"https:\/\/mmbobd2.com\/product\/vivid-workshop-data\/#primaryimage"},"thumbnailUrl":"https:\/\/i0.wp.com\/mmbobd2.com\/wp-content\/uploads\/2023\/11\/VIVID-jpg.webp?fit=1000%2C1000&ssl=1","datePublished":"2023-11-22T00:10:03+00:00","dateModified":"2024-01-20T07:05:44+00:00","description":"VIVID WORKSHOP DATA D\u00e9couvrez notre gamme compl\u00e8te de logiciels de diagnostic automobiles, camion et de reprogrammation moteur chez MMB Software Automotive.","breadcrumb":{"@id":"https:\/\/mmbobd2.com\/product\/vivid-workshop-data\/#breadcrumb"},"inLanguage":"en-GB","potentialAction":[{"@type":"ReadAction","target":["https:\/\/mmbobd2.com\/product\/vivid-workshop-data\/"]}]},{"@type":"ImageObject","inLanguage":"en-GB","@id":"https:\/\/mmbobd2.com\/product\/vivid-workshop-data\/#primaryimage","url":"https:\/\/i0.wp.com\/mmbobd2.com\/wp-content\/uploads\/2023\/11\/VIVID-jpg.webp?fit=1000%2C1000&ssl=1","contentUrl":"https:\/\/i0.wp.com\/mmbobd2.com\/wp-content\/uploads\/2023\/11\/VIVID-jpg.webp?fit=1000%2C1000&ssl=1","width":1000,"height":1000,"caption":"VIVID WORKSHOP DATA"},{"@type":"BreadcrumbList","@id":"https:\/\/mmbobd2.com\/product\/vivid-workshop-data\/#breadcrumb","itemListElement":[{"@type":"ListItem","position":1,"name":"Accueil","item":"https:\/\/mmbobd2.com\/"},{"@type":"ListItem","position":2,"name":"Boutique","item":"https:\/\/mmbobd2.com\/logiciels-de-diagnostic-automobiles\/"},{"@type":"ListItem","position":3,"name":"VIVID WORKSHOP DATA"}]},{"@type":"WebSite","@id":"https:\/\/mmbobd2.com\/#website","url":"https:\/\/mmbobd2.com\/","name":"MMB OBD2 SOFTWARE","description":"","publisher":{"@id":"https:\/\/mmbobd2.com\/#organization"},"alternateName":"mmbsoftauto","potentialAction":[{"@type":"SearchAction","target":{"@type":"EntryPoint","urlTemplate":"https:\/\/mmbobd2.com\/?s={search_term_string}"},"query-input":{"@type":"PropertyValueSpecification","valueRequired":true,"valueName":"search_term_string"}}],"inLanguage":"en-GB"},{"@type":"Organization","@id":"https:\/\/mmbobd2.com\/#organization","name":"MMB COMPANY","url":"https:\/\/mmbobd2.com\/","logo":{"@type":"ImageObject","inLanguage":"en-GB","@id":"https:\/\/mmbobd2.com\/#\/schema\/logo\/image\/","url":"https:\/\/mmbobd2.com\/wp-content\/uploads\/2023\/10\/LOGO-ROND-MMB-200.png","contentUrl":"https:\/\/mmbobd2.com\/wp-content\/uploads\/2023\/10\/LOGO-ROND-MMB-200.png","width":200,"height":200,"caption":"MMB COMPANY"},"image":{"@id":"https:\/\/mmbobd2.com\/#\/schema\/logo\/image\/"},"sameAs":["https:\/\/www.facebook.com\/profile.php?id=61552159950965"]}]}},"_links":{"self":[{"href":"https:\/\/mmbobd2.com\/en\/wp-json\/wp\/v2\/product\/737","targetHints":{"allow":["GET"]}}],"collection":[{"href":"https:\/\/mmbobd2.com\/en\/wp-json\/wp\/v2\/product"}],"about":[{"href":"https:\/\/mmbobd2.com\/en\/wp-json\/wp\/v2\/types\/product"}],"wp:featuredmedia":[{"embeddable":true,"href":"https:\/\/mmbobd2.com\/en\/wp-json\/wp\/v2\/media\/738"}],"wp:attachment":[{"href":"https:\/\/mmbobd2.com\/en\/wp-json\/wp\/v2\/media?parent=737"}],"wp:term":[{"taxonomy":"product_brand","embeddable":true,"href":"https:\/\/mmbobd2.com\/en\/wp-json\/wp\/v2\/product_brand?post=737"},{"taxonomy":"product_cat","embeddable":true,"href":"https:\/\/mmbobd2.com\/en\/wp-json\/wp\/v2\/product_cat?post=737"},{"taxonomy":"product_tag","embeddable":true,"href":"https:\/\/mmbobd2.com\/en\/wp-json\/wp\/v2\/product_tag?post=737"}],"curies":[{"name":"wp","href":"https:\/\/api.w.org\/{rel}","templated":true}]}}