{"id":74,"date":"2023-10-06T11:36:38","date_gmt":"2023-10-06T11:36:38","guid":{"rendered":"https:\/\/mmbobd2.com\/?post_type=product&#038;p=74"},"modified":"2023-11-07T22:54:08","modified_gmt":"2023-11-07T22:54:08","slug":"volvo-vida-diagnostic","status":"publish","type":"product","link":"https:\/\/mmbobd2.com\/en\/product\/volvo-vida-diagnostic\/","title":{"rendered":"VOLVO VIDA 2014D"},"content":{"rendered":"<p><audio class=\"audio-for-speech\"><\/audio><\/p>\n<div class=\"translate-tooltip-mtz translator-hidden\">\n<div class=\"header\">\n<div class=\"header-controls\">Translator<\/div>\n<div class=\"header-controls\"><\/div>\n<\/div>\n<div class=\"translated-text\">\n<div class=\"words\"><\/div>\n<div class=\"sentences\"><\/div>\n<\/div>\n<\/div>\n<p>&nbsp;<\/p>\n<p><audio class=\"audio-for-speech\"><\/audio><\/p>\n<div class=\"translate-tooltip-mtz translator-hidden\">\n<div class=\"header\">\n<div class=\"header-controls\">Translator<\/div>\n<div class=\"header-controls\"><\/div>\n<\/div>\n<div class=\"translated-text\">\n<div class=\"words\"><\/div>\n<div class=\"sentences\"><\/div>\n<\/div>\n<\/div>\n<h2 style=\"text-align: center;\"><strong>VOLVO VIDA 2014D<br \/>\n<\/strong><\/h2>\n<p>&nbsp;<\/p>\n<div class=\"flex flex-grow flex-col gap-3 max-w-full\">\n<div class=\"min-h-[20px] flex flex-col items-start gap-3 whitespace-pre-wrap break-words overflow-x-auto\">\n<div class=\"markdown prose w-full break-words dark:prose-invert dark\">\n<p>Le 2014D <a href=\"https:\/\/www.volvocars.com\/fr\/\">VOLVO<\/a> VIDA est un outil de diagnostic professionnel essentiel pour les propri\u00e9taires et les techniciens de v\u00e9hicules Volvo fabriqu\u00e9s apr\u00e8s 1999. Avec la derni\u00e8re version du logiciel, la 2014D, cet outil offre un acc\u00e8s complet \u00e0 la gamme de fonctions de diagnostic n\u00e9cessaires pour entretenir et r\u00e9parer efficacement les v\u00e9hicules Volvo.<\/p>\n<p>L&rsquo;une des caract\u00e9ristiques remarquables de cet outil est sa compatibilit\u00e9 avec une vari\u00e9t\u00e9 de langues, ce qui le rend accessible aux utilisateurs du monde entier. Les langues prises en charge comprennent l&rsquo;italien, l&rsquo;anglais, le fran\u00e7ais, le portugais, le su\u00e9dois, le japonais, le cor\u00e9en, le n\u00e9erlandais, le russe, le turc, le tha\u00ef, le chinois traditionnel et le chinois simplifi\u00e9. Cette polyvalence linguistique garantit que les utilisateurs peuvent naviguer et interagir avec l&rsquo;outil dans leur langue pr\u00e9f\u00e9r\u00e9e, ce qui facilite grandement son utilisation.<\/p>\n<p>Les fonctions de <a href=\"https:\/\/mmbobd2.com\/product-category\/diagnostic-automobiles\/\">diagnostic<\/a> de la 2014D VOLVO VIDA DICE sont \u00e9tendues. Couvrent une gamme compl\u00e8te de domaines li\u00e9s aux v\u00e9hicules Volvo. Voici quelques-unes des principales cat\u00e9gories de diagnostic prises en charge par l&rsquo;outil :<\/p>\n<ol>\n<li>\n<h4><strong>Administration<\/strong> : Cette section fournit des informations g\u00e9n\u00e9rales sur la conception et la fonction des v\u00e9hicules Volvo. Ce qui aide les utilisateurs \u00e0 comprendre la structure de base et les composants du v\u00e9hicule.<\/h4>\n<\/li>\n<li>\n<h4><strong>Composants Standard<\/strong> : Vous pouvez acc\u00e9der \u00e0 des informations sur les composants standard. Les mat\u00e9riaux de service et les consommables utilis\u00e9s dans les v\u00e9hicules Volvo. Cela vous permet de trouver rapidement des d\u00e9tails sur les pi\u00e8ces et les mat\u00e9riaux n\u00e9cessaires pour l&rsquo;entretien.<\/h4>\n<\/li>\n<li>\n<h4><strong>Moteur<\/strong> : La section moteur couvre le montage et l&rsquo;\u00e9quipement du moteur. Vous permettant de diagnostiquer et de r\u00e9soudre des probl\u00e8mes li\u00e9s \u00e0 la m\u00e9canique du moteur.<\/h4>\n<\/li>\n<li>\n<h4><strong>Syst\u00e8me \u00c9lectrique<\/strong> : Pour tout ce qui concerne les syst\u00e8mes \u00e9lectriques, vous pouvez utiliser cet outil pour identifier les probl\u00e8mes .<\/h4>\n<\/li>\n<li>\n<h4><strong>Transmission de Puissance<\/strong> : Les probl\u00e8mes de transmission et de puissance peuvent \u00eatre diagnostiqu\u00e9s avec pr\u00e9cision. Gr\u00e2ce \u00e0 cette fonctionnalit\u00e9, ce qui est essentiel pour assurer un bon fonctionnement du v\u00e9hicule.<\/h4>\n<\/li>\n<li>\n<h4><strong>Freins<\/strong> : Les syst\u00e8mes de freinage sont critiques pour la s\u00e9curit\u00e9. Cette section vous permet d&rsquo;identifier et de r\u00e9soudre des probl\u00e8mes de freinage.<\/h4>\n<\/li>\n<li>\n<h4><strong>Suspension et Direction<\/strong> : Les probl\u00e8mes de suspension et de direction peuvent affecter la tenue de route et la stabilit\u00e9 du v\u00e9hicule.Cet outil vous permet de diagnostiquer et de r\u00e9soudre ces probl\u00e8mes.<\/h4>\n<\/li>\n<li>\n<h4><strong>Ressorts, Amortisseurs et Roues<\/strong> : Cette section concerne les \u00e9l\u00e9ments de suspension tels que les ressorts et les amortisseurs, ainsi que les roues.<\/h4>\n<\/li>\n<li>\n<h4><strong>Carrosserie et Int\u00e9rieur<\/strong> : Vous pouvez diagnostiquer. Concevoir, r\u00e9parer et obtenir des informations sur les pi\u00e8ces de rechange li\u00e9es \u00e0 la carrosserie et \u00e0 l&rsquo;int\u00e9rieur du v\u00e9hicule.<\/h4>\n<\/li>\n<li>\n<h4><strong>Autres<\/strong> : Cette cat\u00e9gorie comprend des v\u00e9hicules sp\u00e9ciaux, tels que les ambulances et les voitures de police. Ainsi que des composants qui ne sont pas conformes \u00e0 la norme.<\/h4>\n<\/li>\n<\/ol>\n<p>En r\u00e9sum\u00e9, le 2014D VOLVO VIDA DICE est un outil de diagnostic professionnel polyvalent et multilingue. Con\u00e7u pour offrir aux propri\u00e9taires et aux techniciens de v\u00e9hicules Volvo. Une solution compl\u00e8te pour le diagnostic, la r\u00e9paration et l&rsquo;entretien. Avec sa derni\u00e8re version de logiciel, il assure une compatibilit\u00e9 \u00e9tendue avec les v\u00e9hicules Volvo fabriqu\u00e9s apr\u00e8s 1999. Garantissant ainsi une utilisation fiable et efficace pour les ann\u00e9es \u00e0 venir.<\/p>\n<\/div>\n<\/div>\n<\/div>\n<p>&nbsp;<\/p>\n<p>&nbsp;<\/p>\n<p>&nbsp;<\/p>\n<p>&nbsp;<\/p>\n","protected":false},"excerpt":{"rendered":"<p><audio class=\"audio-for-speech\"><\/audio><\/p>\n<div class=\"translate-tooltip-mtz translator-hidden\">\n<div class=\"header\">\n<div class=\"header-controls\">Translator<\/div>\n<div class=\"header-controls\"><\/div>\n<\/div>\n<div class=\"translated-text\">\n<div class=\"words\"><\/div>\n<div class=\"sentences\"><\/div>\n<\/div>\n<\/div>\n<p>&nbsp;<\/p>\n<p>L&rsquo;outil de diagnostic essentiel pour les v\u00e9hicules Volvo fabriqu\u00e9s apr\u00e8s 1999. Diagnostic, r\u00e9paration et entretien complets.<\/p>","protected":false},"featured_media":103,"template":"","meta":[],"product_brand":[],"product_cat":[16],"product_tag":[],"class_list":{"0":"post-74","1":"product","2":"type-product","3":"status-publish","4":"has-post-thumbnail","6":"product_cat-diagnostic-automobiles","8":"first","9":"instock","10":"downloadable","11":"virtual","12":"purchasable","13":"product-type-simple"},"yoast_head":"<!-- This site is optimized with the Yoast SEO plugin v27.4 - https:\/\/yoast.com\/product\/yoast-seo-wordpress\/ -->\n<title>VOLVO VIDA diagnostic VOLVO VIDA 2014D MMB OBD2 SOFTWARE<\/title>\n<meta name=\"description\" content=\"VOLVO VIDA diagnostic 2014D : Outil professionnel pour v\u00e9hicules Volvo apr\u00e8s 1999. Derni\u00e8re version du logiciel, multilingue, fonctions compl\u00e8tes.\" \/>\n<meta name=\"robots\" content=\"index, follow, max-snippet:-1, max-image-preview:large, max-video-preview:-1\" \/>\n<link rel=\"canonical\" href=\"https:\/\/mmbobd2.com\/en\/product\/volvo-vida-diagnostic\/\" \/>\n<meta property=\"og:locale\" content=\"en_GB\" \/>\n<meta property=\"og:type\" content=\"article\" \/>\n<meta property=\"og:title\" content=\"VOLVO VIDA 2014D\" \/>\n<meta property=\"og:description\" content=\"D\u00e9couvrez VOLVO VIDA 2014D, l&#039;outil de diagnostic polyvalent pour les v\u00e9hicules Volvo apr\u00e8s 1999. Disponible en plusieurs langues, il offre une gamme compl\u00e8te de fonctions pour le diagnostic, la r\u00e9paration et l&#039;entretien. De l&#039;administration \u00e0 la carrosserie, en passant par le moteur, il vous permet de prendre soin de votre Volvo en toute simplicit\u00e9. #VOLVOVIDA #Diagnostic #R\u00e9paration #MMBSoftwareAutomotive\" \/>\n<meta property=\"og:url\" content=\"https:\/\/mmbobd2.com\/en\/product\/volvo-vida-diagnostic\/\" \/>\n<meta property=\"og:site_name\" content=\"MMB OBD2 SOFTWARE\" \/>\n<meta property=\"article:publisher\" content=\"https:\/\/www.facebook.com\/profile.php?id=61552159950965\" \/>\n<meta property=\"article:modified_time\" content=\"2023-11-07T22:54:08+00:00\" \/>\n<meta property=\"og:image\" content=\"https:\/\/mmbobd2.com\/wp-content\/uploads\/2023\/10\/VOLVOVIDA.jpg\" \/>\n\t<meta property=\"og:image:width\" content=\"1000\" \/>\n\t<meta property=\"og:image:height\" content=\"1000\" \/>\n\t<meta property=\"og:image:type\" content=\"image\/jpeg\" \/>\n<meta name=\"twitter:card\" content=\"summary_large_image\" \/>\n<meta name=\"twitter:label1\" content=\"Estimated reading time\" \/>\n\t<meta name=\"twitter:data1\" content=\"3 minutes\" \/>\n<script type=\"application\/ld+json\" class=\"yoast-schema-graph\">{\"@context\":\"https:\\\/\\\/schema.org\",\"@graph\":[{\"@type\":\"WebPage\",\"@id\":\"https:\\\/\\\/mmbobd2.com\\\/product\\\/volvo-vida-diagnostic\\\/\",\"url\":\"https:\\\/\\\/mmbobd2.com\\\/product\\\/volvo-vida-diagnostic\\\/\",\"name\":\"VOLVO VIDA diagnostic VOLVO VIDA 2014D MMB OBD2 SOFTWARE\",\"isPartOf\":{\"@id\":\"https:\\\/\\\/mmbobd2.com\\\/#website\"},\"primaryImageOfPage\":{\"@id\":\"https:\\\/\\\/mmbobd2.com\\\/product\\\/volvo-vida-diagnostic\\\/#primaryimage\"},\"image\":{\"@id\":\"https:\\\/\\\/mmbobd2.com\\\/product\\\/volvo-vida-diagnostic\\\/#primaryimage\"},\"thumbnailUrl\":\"https:\\\/\\\/i0.wp.com\\\/mmbobd2.com\\\/wp-content\\\/uploads\\\/2023\\\/10\\\/VOLVOVIDA.jpg?fit=1000%2C1000&ssl=1\",\"datePublished\":\"2023-10-06T11:36:38+00:00\",\"dateModified\":\"2023-11-07T22:54:08+00:00\",\"description\":\"VOLVO VIDA diagnostic 2014D : Outil professionnel pour v\u00e9hicules Volvo apr\u00e8s 1999. Derni\u00e8re version du logiciel, multilingue, fonctions compl\u00e8tes.\",\"breadcrumb\":{\"@id\":\"https:\\\/\\\/mmbobd2.com\\\/product\\\/volvo-vida-diagnostic\\\/#breadcrumb\"},\"inLanguage\":\"en-GB\",\"potentialAction\":[{\"@type\":\"ReadAction\",\"target\":[\"https:\\\/\\\/mmbobd2.com\\\/product\\\/volvo-vida-diagnostic\\\/\"]}]},{\"@type\":\"ImageObject\",\"inLanguage\":\"en-GB\",\"@id\":\"https:\\\/\\\/mmbobd2.com\\\/product\\\/volvo-vida-diagnostic\\\/#primaryimage\",\"url\":\"https:\\\/\\\/i0.wp.com\\\/mmbobd2.com\\\/wp-content\\\/uploads\\\/2023\\\/10\\\/VOLVOVIDA.jpg?fit=1000%2C1000&ssl=1\",\"contentUrl\":\"https:\\\/\\\/i0.wp.com\\\/mmbobd2.com\\\/wp-content\\\/uploads\\\/2023\\\/10\\\/VOLVOVIDA.jpg?fit=1000%2C1000&ssl=1\",\"width\":1000,\"height\":1000,\"caption\":\"VOLVO VIDA diagnostic\"},{\"@type\":\"BreadcrumbList\",\"@id\":\"https:\\\/\\\/mmbobd2.com\\\/product\\\/volvo-vida-diagnostic\\\/#breadcrumb\",\"itemListElement\":[{\"@type\":\"ListItem\",\"position\":1,\"name\":\"Accueil\",\"item\":\"https:\\\/\\\/mmbobd2.com\\\/\"},{\"@type\":\"ListItem\",\"position\":2,\"name\":\"Boutique\",\"item\":\"https:\\\/\\\/mmbobd2.com\\\/logiciels-de-diagnostic-automobiles\\\/\"},{\"@type\":\"ListItem\",\"position\":3,\"name\":\"VOLVO VIDA 2014D\"}]},{\"@type\":\"WebSite\",\"@id\":\"https:\\\/\\\/mmbobd2.com\\\/#website\",\"url\":\"https:\\\/\\\/mmbobd2.com\\\/\",\"name\":\"MMB OBD2 SOFTWARE\",\"description\":\"\",\"publisher\":{\"@id\":\"https:\\\/\\\/mmbobd2.com\\\/#organization\"},\"alternateName\":\"mmbsoftauto\",\"potentialAction\":[{\"@type\":\"SearchAction\",\"target\":{\"@type\":\"EntryPoint\",\"urlTemplate\":\"https:\\\/\\\/mmbobd2.com\\\/?s={search_term_string}\"},\"query-input\":{\"@type\":\"PropertyValueSpecification\",\"valueRequired\":true,\"valueName\":\"search_term_string\"}}],\"inLanguage\":\"en-GB\"},{\"@type\":\"Organization\",\"@id\":\"https:\\\/\\\/mmbobd2.com\\\/#organization\",\"name\":\"MMB COMPANY\",\"url\":\"https:\\\/\\\/mmbobd2.com\\\/\",\"logo\":{\"@type\":\"ImageObject\",\"inLanguage\":\"en-GB\",\"@id\":\"https:\\\/\\\/mmbobd2.com\\\/#\\\/schema\\\/logo\\\/image\\\/\",\"url\":\"https:\\\/\\\/mmbobd2.com\\\/wp-content\\\/uploads\\\/2023\\\/10\\\/LOGO-ROND-MMB-200.png\",\"contentUrl\":\"https:\\\/\\\/mmbobd2.com\\\/wp-content\\\/uploads\\\/2023\\\/10\\\/LOGO-ROND-MMB-200.png\",\"width\":200,\"height\":200,\"caption\":\"MMB COMPANY\"},\"image\":{\"@id\":\"https:\\\/\\\/mmbobd2.com\\\/#\\\/schema\\\/logo\\\/image\\\/\"},\"sameAs\":[\"https:\\\/\\\/www.facebook.com\\\/profile.php?id=61552159950965\"]}]}<\/script>\n<!-- \/ Yoast SEO plugin. -->","yoast_head_json":{"title":"VOLVO VIDA diagnostic VOLVO VIDA 2014D MMB OBD2 SOFTWARE","description":"VOLVO VIDA diagnostic 2014D : Outil professionnel pour v\u00e9hicules Volvo apr\u00e8s 1999. Derni\u00e8re version du logiciel, multilingue, fonctions compl\u00e8tes.","robots":{"index":"index","follow":"follow","max-snippet":"max-snippet:-1","max-image-preview":"max-image-preview:large","max-video-preview":"max-video-preview:-1"},"canonical":"https:\/\/mmbobd2.com\/en\/product\/volvo-vida-diagnostic\/","og_locale":"en_GB","og_type":"article","og_title":"VOLVO VIDA 2014D","og_description":"D\u00e9couvrez VOLVO VIDA 2014D, l'outil de diagnostic polyvalent pour les v\u00e9hicules Volvo apr\u00e8s 1999. Disponible en plusieurs langues, il offre une gamme compl\u00e8te de fonctions pour le diagnostic, la r\u00e9paration et l'entretien. De l'administration \u00e0 la carrosserie, en passant par le moteur, il vous permet de prendre soin de votre Volvo en toute simplicit\u00e9. #VOLVOVIDA #Diagnostic #R\u00e9paration #MMBSoftwareAutomotive","og_url":"https:\/\/mmbobd2.com\/en\/product\/volvo-vida-diagnostic\/","og_site_name":"MMB OBD2 SOFTWARE","article_publisher":"https:\/\/www.facebook.com\/profile.php?id=61552159950965","article_modified_time":"2023-11-07T22:54:08+00:00","og_image":[{"width":1000,"height":1000,"url":"https:\/\/mmbobd2.com\/wp-content\/uploads\/2023\/10\/VOLVOVIDA.jpg","type":"image\/jpeg"}],"twitter_card":"summary_large_image","twitter_misc":{"Estimated reading time":"3 minutes"},"schema":{"@context":"https:\/\/schema.org","@graph":[{"@type":"WebPage","@id":"https:\/\/mmbobd2.com\/product\/volvo-vida-diagnostic\/","url":"https:\/\/mmbobd2.com\/product\/volvo-vida-diagnostic\/","name":"VOLVO VIDA diagnostic VOLVO VIDA 2014D MMB OBD2 SOFTWARE","isPartOf":{"@id":"https:\/\/mmbobd2.com\/#website"},"primaryImageOfPage":{"@id":"https:\/\/mmbobd2.com\/product\/volvo-vida-diagnostic\/#primaryimage"},"image":{"@id":"https:\/\/mmbobd2.com\/product\/volvo-vida-diagnostic\/#primaryimage"},"thumbnailUrl":"https:\/\/i0.wp.com\/mmbobd2.com\/wp-content\/uploads\/2023\/10\/VOLVOVIDA.jpg?fit=1000%2C1000&ssl=1","datePublished":"2023-10-06T11:36:38+00:00","dateModified":"2023-11-07T22:54:08+00:00","description":"VOLVO VIDA diagnostic 2014D : Outil professionnel pour v\u00e9hicules Volvo apr\u00e8s 1999. Derni\u00e8re version du logiciel, multilingue, fonctions compl\u00e8tes.","breadcrumb":{"@id":"https:\/\/mmbobd2.com\/product\/volvo-vida-diagnostic\/#breadcrumb"},"inLanguage":"en-GB","potentialAction":[{"@type":"ReadAction","target":["https:\/\/mmbobd2.com\/product\/volvo-vida-diagnostic\/"]}]},{"@type":"ImageObject","inLanguage":"en-GB","@id":"https:\/\/mmbobd2.com\/product\/volvo-vida-diagnostic\/#primaryimage","url":"https:\/\/i0.wp.com\/mmbobd2.com\/wp-content\/uploads\/2023\/10\/VOLVOVIDA.jpg?fit=1000%2C1000&ssl=1","contentUrl":"https:\/\/i0.wp.com\/mmbobd2.com\/wp-content\/uploads\/2023\/10\/VOLVOVIDA.jpg?fit=1000%2C1000&ssl=1","width":1000,"height":1000,"caption":"VOLVO VIDA diagnostic"},{"@type":"BreadcrumbList","@id":"https:\/\/mmbobd2.com\/product\/volvo-vida-diagnostic\/#breadcrumb","itemListElement":[{"@type":"ListItem","position":1,"name":"Accueil","item":"https:\/\/mmbobd2.com\/"},{"@type":"ListItem","position":2,"name":"Boutique","item":"https:\/\/mmbobd2.com\/logiciels-de-diagnostic-automobiles\/"},{"@type":"ListItem","position":3,"name":"VOLVO VIDA 2014D"}]},{"@type":"WebSite","@id":"https:\/\/mmbobd2.com\/#website","url":"https:\/\/mmbobd2.com\/","name":"MMB OBD2 SOFTWARE","description":"","publisher":{"@id":"https:\/\/mmbobd2.com\/#organization"},"alternateName":"mmbsoftauto","potentialAction":[{"@type":"SearchAction","target":{"@type":"EntryPoint","urlTemplate":"https:\/\/mmbobd2.com\/?s={search_term_string}"},"query-input":{"@type":"PropertyValueSpecification","valueRequired":true,"valueName":"search_term_string"}}],"inLanguage":"en-GB"},{"@type":"Organization","@id":"https:\/\/mmbobd2.com\/#organization","name":"MMB COMPANY","url":"https:\/\/mmbobd2.com\/","logo":{"@type":"ImageObject","inLanguage":"en-GB","@id":"https:\/\/mmbobd2.com\/#\/schema\/logo\/image\/","url":"https:\/\/mmbobd2.com\/wp-content\/uploads\/2023\/10\/LOGO-ROND-MMB-200.png","contentUrl":"https:\/\/mmbobd2.com\/wp-content\/uploads\/2023\/10\/LOGO-ROND-MMB-200.png","width":200,"height":200,"caption":"MMB COMPANY"},"image":{"@id":"https:\/\/mmbobd2.com\/#\/schema\/logo\/image\/"},"sameAs":["https:\/\/www.facebook.com\/profile.php?id=61552159950965"]}]}},"_links":{"self":[{"href":"https:\/\/mmbobd2.com\/en\/wp-json\/wp\/v2\/product\/74","targetHints":{"allow":["GET"]}}],"collection":[{"href":"https:\/\/mmbobd2.com\/en\/wp-json\/wp\/v2\/product"}],"about":[{"href":"https:\/\/mmbobd2.com\/en\/wp-json\/wp\/v2\/types\/product"}],"wp:featuredmedia":[{"embeddable":true,"href":"https:\/\/mmbobd2.com\/en\/wp-json\/wp\/v2\/media\/103"}],"wp:attachment":[{"href":"https:\/\/mmbobd2.com\/en\/wp-json\/wp\/v2\/media?parent=74"}],"wp:term":[{"taxonomy":"product_brand","embeddable":true,"href":"https:\/\/mmbobd2.com\/en\/wp-json\/wp\/v2\/product_brand?post=74"},{"taxonomy":"product_cat","embeddable":true,"href":"https:\/\/mmbobd2.com\/en\/wp-json\/wp\/v2\/product_cat?post=74"},{"taxonomy":"product_tag","embeddable":true,"href":"https:\/\/mmbobd2.com\/en\/wp-json\/wp\/v2\/product_tag?post=74"}],"curies":[{"name":"wp","href":"https:\/\/api.w.org\/{rel}","templated":true}]}}