{"id":75,"date":"2023-10-06T11:36:39","date_gmt":"2023-10-06T11:36:39","guid":{"rendered":"https:\/\/mmbobd2.com\/?post_type=product&#038;p=75"},"modified":"2026-01-05T16:39:20","modified_gmt":"2026-01-05T16:39:20","slug":"wow-5-00-12-logiciels-de-diagnostic-automobiles-multimarques","status":"publish","type":"product","link":"https:\/\/mmbobd2.com\/en\/product\/wow-5-00-12-logiciels-de-diagnostic-automobiles-multimarques\/","title":{"rendered":"WOW 5.00.12"},"content":{"rendered":"<p><audio class=\"audio-for-speech\"><\/audio><\/p>\n<div class=\"translate-tooltip-mtz translator-hidden\">\n<div class=\"header\">\n<div class=\"header-controls\">Translator<\/div>\n<div class=\"header-controls\"><\/div>\n<\/div>\n<div class=\"translated-text\">\n<div class=\"words\"><\/div>\n<div class=\"sentences\"><\/div>\n<\/div>\n<\/div>\n<p>&nbsp;<\/p>\n<p><audio class=\"audio-for-speech\"><\/audio><\/p>\n<div class=\"translate-tooltip-mtz translator-hidden\">\n<div class=\"header\">\n<div class=\"header-controls\">Translator<\/div>\n<div class=\"header-controls\"><\/div>\n<\/div>\n<div class=\"translated-text\">\n<div class=\"words\"><\/div>\n<div class=\"sentences\"><\/div>\n<\/div>\n<\/div>\n<h2 style=\"text-align: center;\"><strong>\u00a0WOW 5.00.12 <\/strong><\/h2>\n<p>&nbsp;<\/p>\n<h4><strong>WOW 5.00.12 : Logiciel de diagnostic multimarques<br \/>\n<\/strong><\/h4>\n<p>logiciel de <a href=\"https:\/\/mmbobd2.com\/en\/product-category\/diagnostic-automobiles\/\">diagnostic<\/a> multimarques , D\u00e9couvrez WOW 5.00.12. Cette interface propose une analyse g\u00e9n\u00e9rique corrig\u00e9e, une fonction d&rsquo;assistance DTC non bloqu\u00e9e et des mises \u00e0 jour en ligne pour l&rsquo;assistance DTC.<\/p>\n<p>Plus Rapide et Plus R\u00e9actif<\/p>\n<h4><strong>Logiciel de diagnostic multimarques<\/strong><\/h4>\n<p>Le programme WOW 5.00.12 logiciel de diagnostic multimarques\u00a0 se montre maintenant plus rapide et r\u00e9actif que jamais, surpassant m\u00eame l&rsquo;ancienne version 2021.10. De plus, il b\u00e9n\u00e9ficie de corrections majeures de bugs garantissant une exp\u00e9rience fluide.<\/p>\n<p>Ajout de Plus de 1000 Nouveaux Protocoles<\/p>\n<p><a href=\"https:\/\/solutions.wurth.fr\/wow-diagnostic-automobile\/\">WOW<\/a> 5.00.12 prend en charge plus de 1000 nouveaux protocoles DTC\/ODB, garantissant une compatibilit\u00e9 \u00e9tendue avec une vari\u00e9t\u00e9 de v\u00e9hicules.<\/p>\n<p>Compatible avec VCI DS150e<\/p>\n<p>Ce logiciel est compatible avec VCI DS150e, qu&rsquo;il s&rsquo;agisse de mod\u00e8les simples ou \u00e0 double carte. Notre \u00e9quipe s&rsquo;occupe de l&rsquo;activation de votre logiciel de diagnostic multimarques pour une utilisation sans tracas.<\/p>\n<p>Multilingue, y Compris le Fran\u00e7ais<\/p>\n<p>WOW 5.00.12 est multilingue, offrant une option en fran\u00e7ais pour une exp\u00e9rience plus conviviale.<\/p>\n<p>Compatible avec Windows 7\/8\/10\/11<\/p>\n<p>Ce logiciel est compatible avec une gamme de syst\u00e8mes d&rsquo;exploitation Windows, incluant les derni\u00e8res versions comme Windows 11.<\/p>\n<h4><strong>Logiciel de diagnostic multimarques pour Tous les Types de V\u00e9hicules<\/strong><\/h4>\n<p>WOW 5.00.12 permet d&rsquo;effectuer un diagnostic complet sur les v\u00e9hicules l\u00e9gers, utilitaires et poids lourds. Ses fonctionnalit\u00e9s incluent la lecture et la suppression des codes d\u00e9fauts, la remise \u00e0 z\u00e9ro du voyant de service SLR, la lecture des donn\u00e9es en temps r\u00e9el (temp\u00e9rature, d\u00e9bit d&rsquo;air, etc.), le test des actionneurs (actionneur EGR, actionneur papillon), la v\u00e9rification des freins et de l&rsquo;ABS (capteur d&rsquo;angle de braquage, capteur de pression des freins), les informations sur l&rsquo;entretien, les intervalles d&rsquo;entretien, le codage des injecteurs, la r\u00e9g\u00e9n\u00e9ration FAP, la calibration, l&rsquo;\u00e9talonnage et l&rsquo;auto-apprentissage, entre autres.<\/p>\n<p>Note Importante<\/p>\n<p>Pour profiter pleinement des fonctionnalit\u00e9s sur les nouveaux v\u00e9hicules (\u00e0 partir de 2020), vous devez absolument acqu\u00e9rir le nouveau VCI DS150e \u00e9quip\u00e9 d&rsquo;une carte PCB. Veuillez noter que la valise DS150e ancienne g\u00e9n\u00e9ration sera compatible avec ce logiciel, mais vous serez limit\u00e9 aux v\u00e9hicules pris en charge jusqu&rsquo;en 2017\/2018.<\/p>\n<p>&nbsp;<\/p>\n<h4><strong>LISTE DES MARQUES COMPATIBLE\u00a0:<\/strong><\/h4>\n<p>&nbsp;<\/p>\n<p><strong>V\u00e9hicules l\u00e9gers\u00a0:<\/strong><\/p>\n<p>Abarth, Alfa-Romeo, Audi, Bentley, BMW, Cadillac, Chevrolet, Chrysler, Citro\u00ebn, Dacia, Daewoo, Dodge, Daihatsu, Ferrari, Fiat, Ford, Foton, Gaz, GWM,\u00a0Honda,\u00a0Hyundai, Infiniti, Isuzu, Iveco, Jaguar, Jeep, Jinbei, JMC, Kia, Lada, Ladog, Lamborghini, Lancia, Land Rover, Lexus, Lotus, Mahindra, Maserati, Maybach, Mazda, Mercedes, MG, Mini, Mitsubishi, Multicar, Nissan, Opel, Peugeot, Porsche, Renault, Rolls-Royce, Rover, Saab, Samsung, Seat, Skoda, Shuanghuan, Smart, SSangyong, Subaru, Suzuki, Tata, Toyota, UAZ, Vauxhall, Volkswagen, Volvo, Yuchai.<\/p>\n<p>&nbsp;<\/p>\n<p><strong>V\u00e9hicules lourds\u00a0:<\/strong><\/p>\n<p>Agrale Bus, Alexander Dennis, Allison,\u00a0Autosan, Chevrolet,\u00a0Citro\u00ebn, Dacia, DAF, Dennis Eagle, EvoBus, Fiat, Ford, Ford Cargo, Gaz, Generic Bus, Generic Trucks Systems, Heuliez Bus,Hino, Hyndai, Irisbus, Isuzu, Iveco, Iveco Bus, Iveco Trucks, Kamaz, Kia, King Long, Ladog, Lancia, Mahindra, MAN, MAN Bus, Maz, Mazda, Mercedes Trucks,Mitsubishi,\u00a0Mitsubishi Fuso, Multicar, Nissan, Nissan trucks, Opel, Optare, Otokar, Peugeot, Plaxton, Plaxton, Renault, Renault Trucks, Scania,\u00a0Scania Bus, Seat, Skoda, Solaris,\u00a0Toyota, Trailers, UAZ, Vauxhall, VDL Berkhof, VDL Bova, VDL Bus &amp; Coach, VDL Jonckheere,Volare, Volksbus, Volkswagen,\u00a0Volkswagen Truckd,\u00a0Volvo, Volvo Bus, Volvo trucks, Yutong.<\/p>\n<p>&nbsp;<\/p>","protected":false},"excerpt":{"rendered":"<p><audio class=\"audio-for-speech\"><\/audio><\/p>\n<div class=\"translate-tooltip-mtz translator-hidden\">\n<div class=\"header\">\n<div class=\"header-controls\">Translator<\/div>\n<div class=\"header-controls\"><\/div>\n<\/div>\n<div class=\"translated-text\">\n<div class=\"words\"><\/div>\n<div class=\"sentences\"><\/div>\n<\/div>\n<\/div>\n<p>&nbsp;<\/p>\n<p><audio class=\"audio-for-speech\"><\/audio><\/p>\n<div class=\"translate-tooltip-mtz translator-hidden\">\n<div class=\"header\">\n<div class=\"header-controls\">Translator<\/div>\n<div class=\"header-controls\"><\/div>\n<\/div>\n<div class=\"translated-text\">\n<div class=\"words\"><\/div>\n<div class=\"sentences\"><\/div>\n<\/div>\n<\/div>\n<p>&nbsp;<\/p>\n<p><audio class=\"audio-for-speech\"><\/audio><\/p>\n<div class=\"translate-tooltip-mtz translator-hidden\">\n<div class=\"header\">\n<div class=\"header-controls\">Translator<\/div>\n<div class=\"header-controls\"><\/div>\n<\/div>\n<div class=\"translated-text\">\n<div class=\"words\"><\/div>\n<div class=\"sentences\"><\/div>\n<\/div>\n<\/div>\n<p>&nbsp;<\/p>\n<p>Optimisez votre diagnostic automobile avec WOW 5.00.12 : logiciel de diagnostic multimarques performant, rapide et r\u00e9actif. D\u00e9couvrez-le d\u00e8s maintenant !<\/p>\n<div class=\"translate-tooltip-mtz translator-hidden\">\n<div class=\"header\">\n<div class=\"header-controls\">Translator<\/div>\n<div class=\"header-controls\"><\/div>\n<\/div>\n<div class=\"translated-text\">\n<div class=\"words\"><\/div>\n<div class=\"sentences\"><\/div>\n<\/div>\n<\/div>\n<p>&nbsp;<\/p>\n<p>&nbsp;<\/p>\n<div class=\"translate-tooltip-mtz translator-hidden\">\n<div class=\"header\">\n<div class=\"header-controls\">Translator<\/div>\n<div class=\"header-controls\"><\/div>\n<\/div>\n<div class=\"translated-text\">\n<div class=\"words\"><\/div>\n<div class=\"sentences\"><\/div>\n<\/div>\n<\/div>\n<p>&nbsp;<\/p>\n<p>&nbsp;<\/p>\n<div class=\"translate-tooltip-mtz translator-hidden\">\n<div class=\"header\">\n<div class=\"header-controls\">Translat<strong><u>WOW <\/u><\/strong>Logiciel de diagnostic complet pour les v\u00e9hicules l\u00e9gers, utilitaires et poids lourd.<\/div>\n<\/div>\n<\/div>","protected":false},"featured_media":104,"template":"","meta":[],"product_brand":[],"product_cat":[16],"product_tag":[],"class_list":{"0":"post-75","1":"product","2":"type-product","3":"status-publish","4":"has-post-thumbnail","6":"product_cat-diagnostic-automobiles","8":"first","9":"instock","10":"downloadable","11":"virtual","12":"purchasable","13":"product-type-simple"},"yoast_head":"<!-- This site is optimized with the Yoast SEO plugin v27.4 - https:\/\/yoast.com\/product\/yoast-seo-wordpress\/ -->\n<title>Logiciels de Diagnostic Automobiles multimarques WOW 5.00.12 - MMB OBD2 SOFTWARE<\/title>\n<meta name=\"description\" content=\"WOW 5.00.12 Logiciels de Diagnostic Automobiles multimarques Compl\u00e8te pour V\u00e9hicules L\u00e9gers, Utilitaires et Poids Lourds.\" \/>\n<meta name=\"robots\" content=\"index, follow, max-snippet:-1, max-image-preview:large, max-video-preview:-1\" \/>\n<link rel=\"canonical\" href=\"https:\/\/mmbobd2.com\/en\/product\/wow-5-00-12-logiciels-de-diagnostic-automobiles-multimarques\/\" \/>\n<meta property=\"og:locale\" content=\"en_GB\" \/>\n<meta property=\"og:type\" content=\"article\" \/>\n<meta property=\"og:title\" content=\"Logiciels de Diagnostic Automobiles multimarques WOW 5.00.12 - MMB OBD2 SOFTWARE\" \/>\n<meta property=\"og:description\" content=\"WOW 5.00.12 Logiciels de Diagnostic Automobiles multimarques Compl\u00e8te pour V\u00e9hicules L\u00e9gers, Utilitaires et Poids Lourds.\" \/>\n<meta property=\"og:url\" content=\"https:\/\/mmbobd2.com\/en\/product\/wow-5-00-12-logiciels-de-diagnostic-automobiles-multimarques\/\" \/>\n<meta property=\"og:site_name\" content=\"MMB OBD2 SOFTWARE\" \/>\n<meta property=\"article:publisher\" content=\"https:\/\/www.facebook.com\/profile.php?id=61552159950965\" \/>\n<meta property=\"article:modified_time\" content=\"2026-01-05T16:39:20+00:00\" \/>\n<meta property=\"og:image\" content=\"https:\/\/mmbobd2.com\/wp-content\/uploads\/2023\/10\/WOW-5.00.12.jpg\" \/>\n\t<meta property=\"og:image:width\" content=\"1000\" \/>\n\t<meta property=\"og:image:height\" content=\"1000\" \/>\n\t<meta property=\"og:image:type\" content=\"image\/jpeg\" \/>\n<meta name=\"twitter:card\" content=\"summary_large_image\" \/>\n<meta name=\"twitter:label1\" content=\"Estimated reading time\" \/>\n\t<meta name=\"twitter:data1\" content=\"3 minutes\" \/>\n<script type=\"application\/ld+json\" class=\"yoast-schema-graph\">{\"@context\":\"https:\\\/\\\/schema.org\",\"@graph\":[{\"@type\":\"WebPage\",\"@id\":\"https:\\\/\\\/mmbobd2.com\\\/product\\\/wow-5-00-12-logiciels-de-diagnostic-automobiles-multimarques\\\/\",\"url\":\"https:\\\/\\\/mmbobd2.com\\\/product\\\/wow-5-00-12-logiciels-de-diagnostic-automobiles-multimarques\\\/\",\"name\":\"Logiciels de Diagnostic Automobiles multimarques WOW 5.00.12 - MMB OBD2 SOFTWARE\",\"isPartOf\":{\"@id\":\"https:\\\/\\\/mmbobd2.com\\\/#website\"},\"primaryImageOfPage\":{\"@id\":\"https:\\\/\\\/mmbobd2.com\\\/product\\\/wow-5-00-12-logiciels-de-diagnostic-automobiles-multimarques\\\/#primaryimage\"},\"image\":{\"@id\":\"https:\\\/\\\/mmbobd2.com\\\/product\\\/wow-5-00-12-logiciels-de-diagnostic-automobiles-multimarques\\\/#primaryimage\"},\"thumbnailUrl\":\"https:\\\/\\\/i0.wp.com\\\/mmbobd2.com\\\/wp-content\\\/uploads\\\/2023\\\/10\\\/WOW-5.00.12.jpg?fit=1000%2C1000&ssl=1\",\"datePublished\":\"2023-10-06T11:36:39+00:00\",\"dateModified\":\"2026-01-05T16:39:20+00:00\",\"description\":\"WOW 5.00.12 Logiciels de Diagnostic Automobiles multimarques Compl\u00e8te pour V\u00e9hicules L\u00e9gers, Utilitaires et Poids Lourds.\",\"breadcrumb\":{\"@id\":\"https:\\\/\\\/mmbobd2.com\\\/product\\\/wow-5-00-12-logiciels-de-diagnostic-automobiles-multimarques\\\/#breadcrumb\"},\"inLanguage\":\"en-GB\",\"potentialAction\":[{\"@type\":\"ReadAction\",\"target\":[\"https:\\\/\\\/mmbobd2.com\\\/product\\\/wow-5-00-12-logiciels-de-diagnostic-automobiles-multimarques\\\/\"]}]},{\"@type\":\"ImageObject\",\"inLanguage\":\"en-GB\",\"@id\":\"https:\\\/\\\/mmbobd2.com\\\/product\\\/wow-5-00-12-logiciels-de-diagnostic-automobiles-multimarques\\\/#primaryimage\",\"url\":\"https:\\\/\\\/i0.wp.com\\\/mmbobd2.com\\\/wp-content\\\/uploads\\\/2023\\\/10\\\/WOW-5.00.12.jpg?fit=1000%2C1000&ssl=1\",\"contentUrl\":\"https:\\\/\\\/i0.wp.com\\\/mmbobd2.com\\\/wp-content\\\/uploads\\\/2023\\\/10\\\/WOW-5.00.12.jpg?fit=1000%2C1000&ssl=1\",\"width\":1000,\"height\":1000,\"caption\":\"WOW-5.00.12 Logiciels de Diagnostic Automobiles, multimarques\"},{\"@type\":\"BreadcrumbList\",\"@id\":\"https:\\\/\\\/mmbobd2.com\\\/product\\\/wow-5-00-12-logiciels-de-diagnostic-automobiles-multimarques\\\/#breadcrumb\",\"itemListElement\":[{\"@type\":\"ListItem\",\"position\":1,\"name\":\"Accueil\",\"item\":\"https:\\\/\\\/mmbobd2.com\\\/\"},{\"@type\":\"ListItem\",\"position\":2,\"name\":\"Boutique\",\"item\":\"https:\\\/\\\/mmbobd2.com\\\/logiciels-de-diagnostic-automobiles\\\/\"},{\"@type\":\"ListItem\",\"position\":3,\"name\":\"WOW 5.00.12\"}]},{\"@type\":\"WebSite\",\"@id\":\"https:\\\/\\\/mmbobd2.com\\\/#website\",\"url\":\"https:\\\/\\\/mmbobd2.com\\\/\",\"name\":\"MMB OBD2 SOFTWARE\",\"description\":\"\",\"publisher\":{\"@id\":\"https:\\\/\\\/mmbobd2.com\\\/#organization\"},\"alternateName\":\"mmbsoftauto\",\"potentialAction\":[{\"@type\":\"SearchAction\",\"target\":{\"@type\":\"EntryPoint\",\"urlTemplate\":\"https:\\\/\\\/mmbobd2.com\\\/?s={search_term_string}\"},\"query-input\":{\"@type\":\"PropertyValueSpecification\",\"valueRequired\":true,\"valueName\":\"search_term_string\"}}],\"inLanguage\":\"en-GB\"},{\"@type\":\"Organization\",\"@id\":\"https:\\\/\\\/mmbobd2.com\\\/#organization\",\"name\":\"MMB COMPANY\",\"url\":\"https:\\\/\\\/mmbobd2.com\\\/\",\"logo\":{\"@type\":\"ImageObject\",\"inLanguage\":\"en-GB\",\"@id\":\"https:\\\/\\\/mmbobd2.com\\\/#\\\/schema\\\/logo\\\/image\\\/\",\"url\":\"https:\\\/\\\/mmbobd2.com\\\/wp-content\\\/uploads\\\/2023\\\/10\\\/LOGO-ROND-MMB-200.png\",\"contentUrl\":\"https:\\\/\\\/mmbobd2.com\\\/wp-content\\\/uploads\\\/2023\\\/10\\\/LOGO-ROND-MMB-200.png\",\"width\":200,\"height\":200,\"caption\":\"MMB COMPANY\"},\"image\":{\"@id\":\"https:\\\/\\\/mmbobd2.com\\\/#\\\/schema\\\/logo\\\/image\\\/\"},\"sameAs\":[\"https:\\\/\\\/www.facebook.com\\\/profile.php?id=61552159950965\"]}]}<\/script>\n<!-- \/ Yoast SEO plugin. -->","yoast_head_json":{"title":"Logiciels de Diagnostic Automobiles multimarques WOW 5.00.12 - MMB OBD2 SOFTWARE","description":"WOW 5.00.12 Logiciels de Diagnostic Automobiles multimarques Compl\u00e8te pour V\u00e9hicules L\u00e9gers, Utilitaires et Poids Lourds.","robots":{"index":"index","follow":"follow","max-snippet":"max-snippet:-1","max-image-preview":"max-image-preview:large","max-video-preview":"max-video-preview:-1"},"canonical":"https:\/\/mmbobd2.com\/en\/product\/wow-5-00-12-logiciels-de-diagnostic-automobiles-multimarques\/","og_locale":"en_GB","og_type":"article","og_title":"Logiciels de Diagnostic Automobiles multimarques WOW 5.00.12 - MMB OBD2 SOFTWARE","og_description":"WOW 5.00.12 Logiciels de Diagnostic Automobiles multimarques Compl\u00e8te pour V\u00e9hicules L\u00e9gers, Utilitaires et Poids Lourds.","og_url":"https:\/\/mmbobd2.com\/en\/product\/wow-5-00-12-logiciels-de-diagnostic-automobiles-multimarques\/","og_site_name":"MMB OBD2 SOFTWARE","article_publisher":"https:\/\/www.facebook.com\/profile.php?id=61552159950965","article_modified_time":"2026-01-05T16:39:20+00:00","og_image":[{"width":1000,"height":1000,"url":"https:\/\/mmbobd2.com\/wp-content\/uploads\/2023\/10\/WOW-5.00.12.jpg","type":"image\/jpeg"}],"twitter_card":"summary_large_image","twitter_misc":{"Estimated reading time":"3 minutes"},"schema":{"@context":"https:\/\/schema.org","@graph":[{"@type":"WebPage","@id":"https:\/\/mmbobd2.com\/product\/wow-5-00-12-logiciels-de-diagnostic-automobiles-multimarques\/","url":"https:\/\/mmbobd2.com\/product\/wow-5-00-12-logiciels-de-diagnostic-automobiles-multimarques\/","name":"Logiciels de Diagnostic Automobiles multimarques WOW 5.00.12 - MMB OBD2 SOFTWARE","isPartOf":{"@id":"https:\/\/mmbobd2.com\/#website"},"primaryImageOfPage":{"@id":"https:\/\/mmbobd2.com\/product\/wow-5-00-12-logiciels-de-diagnostic-automobiles-multimarques\/#primaryimage"},"image":{"@id":"https:\/\/mmbobd2.com\/product\/wow-5-00-12-logiciels-de-diagnostic-automobiles-multimarques\/#primaryimage"},"thumbnailUrl":"https:\/\/i0.wp.com\/mmbobd2.com\/wp-content\/uploads\/2023\/10\/WOW-5.00.12.jpg?fit=1000%2C1000&ssl=1","datePublished":"2023-10-06T11:36:39+00:00","dateModified":"2026-01-05T16:39:20+00:00","description":"WOW 5.00.12 Logiciels de Diagnostic Automobiles multimarques Compl\u00e8te pour V\u00e9hicules L\u00e9gers, Utilitaires et Poids Lourds.","breadcrumb":{"@id":"https:\/\/mmbobd2.com\/product\/wow-5-00-12-logiciels-de-diagnostic-automobiles-multimarques\/#breadcrumb"},"inLanguage":"en-GB","potentialAction":[{"@type":"ReadAction","target":["https:\/\/mmbobd2.com\/product\/wow-5-00-12-logiciels-de-diagnostic-automobiles-multimarques\/"]}]},{"@type":"ImageObject","inLanguage":"en-GB","@id":"https:\/\/mmbobd2.com\/product\/wow-5-00-12-logiciels-de-diagnostic-automobiles-multimarques\/#primaryimage","url":"https:\/\/i0.wp.com\/mmbobd2.com\/wp-content\/uploads\/2023\/10\/WOW-5.00.12.jpg?fit=1000%2C1000&ssl=1","contentUrl":"https:\/\/i0.wp.com\/mmbobd2.com\/wp-content\/uploads\/2023\/10\/WOW-5.00.12.jpg?fit=1000%2C1000&ssl=1","width":1000,"height":1000,"caption":"WOW-5.00.12 Logiciels de Diagnostic Automobiles, multimarques"},{"@type":"BreadcrumbList","@id":"https:\/\/mmbobd2.com\/product\/wow-5-00-12-logiciels-de-diagnostic-automobiles-multimarques\/#breadcrumb","itemListElement":[{"@type":"ListItem","position":1,"name":"Accueil","item":"https:\/\/mmbobd2.com\/"},{"@type":"ListItem","position":2,"name":"Boutique","item":"https:\/\/mmbobd2.com\/logiciels-de-diagnostic-automobiles\/"},{"@type":"ListItem","position":3,"name":"WOW 5.00.12"}]},{"@type":"WebSite","@id":"https:\/\/mmbobd2.com\/#website","url":"https:\/\/mmbobd2.com\/","name":"MMB OBD2 SOFTWARE","description":"","publisher":{"@id":"https:\/\/mmbobd2.com\/#organization"},"alternateName":"mmbsoftauto","potentialAction":[{"@type":"SearchAction","target":{"@type":"EntryPoint","urlTemplate":"https:\/\/mmbobd2.com\/?s={search_term_string}"},"query-input":{"@type":"PropertyValueSpecification","valueRequired":true,"valueName":"search_term_string"}}],"inLanguage":"en-GB"},{"@type":"Organization","@id":"https:\/\/mmbobd2.com\/#organization","name":"MMB COMPANY","url":"https:\/\/mmbobd2.com\/","logo":{"@type":"ImageObject","inLanguage":"en-GB","@id":"https:\/\/mmbobd2.com\/#\/schema\/logo\/image\/","url":"https:\/\/mmbobd2.com\/wp-content\/uploads\/2023\/10\/LOGO-ROND-MMB-200.png","contentUrl":"https:\/\/mmbobd2.com\/wp-content\/uploads\/2023\/10\/LOGO-ROND-MMB-200.png","width":200,"height":200,"caption":"MMB COMPANY"},"image":{"@id":"https:\/\/mmbobd2.com\/#\/schema\/logo\/image\/"},"sameAs":["https:\/\/www.facebook.com\/profile.php?id=61552159950965"]}]}},"_links":{"self":[{"href":"https:\/\/mmbobd2.com\/en\/wp-json\/wp\/v2\/product\/75","targetHints":{"allow":["GET"]}}],"collection":[{"href":"https:\/\/mmbobd2.com\/en\/wp-json\/wp\/v2\/product"}],"about":[{"href":"https:\/\/mmbobd2.com\/en\/wp-json\/wp\/v2\/types\/product"}],"wp:featuredmedia":[{"embeddable":true,"href":"https:\/\/mmbobd2.com\/en\/wp-json\/wp\/v2\/media\/104"}],"wp:attachment":[{"href":"https:\/\/mmbobd2.com\/en\/wp-json\/wp\/v2\/media?parent=75"}],"wp:term":[{"taxonomy":"product_brand","embeddable":true,"href":"https:\/\/mmbobd2.com\/en\/wp-json\/wp\/v2\/product_brand?post=75"},{"taxonomy":"product_cat","embeddable":true,"href":"https:\/\/mmbobd2.com\/en\/wp-json\/wp\/v2\/product_cat?post=75"},{"taxonomy":"product_tag","embeddable":true,"href":"https:\/\/mmbobd2.com\/en\/wp-json\/wp\/v2\/product_tag?post=75"}],"curies":[{"name":"wp","href":"https:\/\/api.w.org\/{rel}","templated":true}]}}