{"id":761,"date":"2023-11-22T13:17:37","date_gmt":"2023-11-22T13:17:37","guid":{"rendered":"https:\/\/mmbobd2.com\/?post_type=product&#038;p=761"},"modified":"2023-11-22T13:17:38","modified_gmt":"2023-11-22T13:17:38","slug":"daf-rapido-epc-2015","status":"publish","type":"product","link":"https:\/\/mmbobd2.com\/en\/product\/daf-rapido-epc-2015\/","title":{"rendered":"DAF Rapido EPC 2015"},"content":{"rendered":"<div class=\"flex flex-grow flex-col max-w-full gap-3 gizmo:gap-0\">\n<div class=\"min-h-[20px] text-message flex flex-col items-start gap-3 whitespace-pre-wrap break-words [.text-message+&amp;]:mt-5 overflow-x-auto\" data-message-author-role=\"assistant\" data-message-id=\"3e32f408-6050-4a81-93f7-a1cf0bd15782\">\n<div class=\"markdown prose w-full break-words dark:prose-invert dark\">\n<h3 style=\"text-align: center;\"><strong>DAF Rapido EPC 2015<\/strong><\/h3>\n<p>&nbsp;<\/p>\n<h4><strong>DAF Rapido EPC (Electronic Parts Catalogue)<\/strong><\/h4>\n<p><em>Documentation Compl\u00e8te<\/em> Explorez les pi\u00e8ces et accessoires d&rsquo;usine pour camions et bus DAF avec le catalogue \u00e9lectronique <a href=\"https:\/\/www.daf.fr\/fr-fr\">DAF<\/a> <a href=\"https:\/\/mmbobd2.com\/\">Rapido<\/a>.<\/p>\n<p><em>R\u00e9f\u00e9rences Crois\u00e9es <\/em><\/p>\n<p>DAF Rapido EPC 2015 facilite la comparaison entre pi\u00e8ces standard et non standard, offrant des informations g\u00e9n\u00e9rales sur les pi\u00e8ces d&rsquo;origine.<\/p>\n<p><em>Informations Approfondies<\/em> Rapido Commercial vous guide sur les diff\u00e9rences entre pi\u00e8ces d&rsquo;origine DAF et non originales en termes de mat\u00e9riaux, conception et fonctionnalit\u00e9.<\/p>\n<p><strong>Cat\u00e9gories de Pi\u00e8ces:<\/strong> Ch\u00e2ssis, Essieux avant\/arri\u00e8re, Moteur, Auxiliaires du moteur, Transmission, Syst\u00e8me de freinage, Cabine, Syst\u00e8me \u00e9lectrique, Autres caract\u00e9ristiques.<\/p>\n<h4><strong>Assistance Compl\u00e8te:<\/strong><\/h4>\n<ul>\n<li>Fiches de donn\u00e9es de s\u00e9curit\u00e9<\/li>\n<li>Instructions d&rsquo;installation<\/li>\n<li>Cartes d&rsquo;identit\u00e9 du v\u00e9hicule<\/li>\n<li>Questions d&rsquo;impression commerciale<\/li>\n<li>Bulletins de pi\u00e8ces<\/li>\n<li>Assortiments d&rsquo;accessoires<\/li>\n<\/ul>\n<p><em>Installation Facile<\/em> DAF Rapido est accompagn\u00e9 d&rsquo;instructions \u00e9tape par \u00e9tape en anglais pour faciliter le processus d&rsquo;installation.<\/p>\n<p><strong>Recherche Pr\u00e9cise:<\/strong> Recherchez par num\u00e9ro de ch\u00e2ssis sans date d&rsquo;expiration.<\/p>\n<h4><strong>Support Technique:<\/strong><\/h4>\n<ul>\n<li>Langues : Anglais, Fran\u00e7ais, Allemand, Espagnol, Italien, N\u00e9erlandais.<\/li>\n<\/ul>\n<p><strong>Compatibilit\u00e9 Syst\u00e8me:<\/strong> Windows 2000, XP, 7, 8, 8.1, 10 (32 bits et 64 bits) sans fermer l&rsquo;application.<\/p>\n<p><em>Optimisez vos op\u00e9rations avec DAF Rapido EPC.<\/em><\/p>\n<\/div>\n<\/div>\n<\/div>\n","protected":false},"excerpt":{"rendered":"<p>DAF Rapido EPC 2015 Catalogue \u00e9lectronique complet pour pi\u00e8ces de rechange DAF. Comparez, installez avec facilit\u00e9. Support multilingue .<\/p>","protected":false},"featured_media":762,"template":"","meta":[],"product_brand":[],"product_cat":[19],"product_tag":[],"class_list":{"0":"post-761","1":"product","2":"type-product","3":"status-publish","4":"has-post-thumbnail","6":"product_cat-epc-et-manuels-de-reparation-trucks","8":"first","9":"instock","10":"downloadable","11":"virtual","12":"purchasable","13":"product-type-simple"},"yoast_head":"<!-- This site is optimized with the Yoast SEO plugin v27.4 - https:\/\/yoast.com\/product\/yoast-seo-wordpress\/ -->\n<title>DAF Rapido EPC 2015 MMB OBD2 SOFTWARE<\/title>\n<meta name=\"description\" content=\"DAF Rapido EPC 2015 Catalogue \u00e9lectronique complet pour pi\u00e8ces de rechange DAF. Comparez, installez avec facilit\u00e9. Support multilingue .\" \/>\n<meta name=\"robots\" content=\"index, follow, max-snippet:-1, max-image-preview:large, max-video-preview:-1\" \/>\n<link rel=\"canonical\" href=\"https:\/\/mmbobd2.com\/en\/product\/daf-rapido-epc-2015\/\" \/>\n<meta property=\"og:locale\" content=\"en_GB\" \/>\n<meta property=\"og:type\" content=\"article\" \/>\n<meta property=\"og:title\" content=\"DAF Rapido EPC 2015\" \/>\n<meta property=\"og:description\" content=\"DAF Rapido EPC 2015 Catalogue \u00e9lectronique complet pour pi\u00e8ces de rechange DAF. Comparez, installez avec facilit\u00e9. Support multilingue .\" \/>\n<meta property=\"og:url\" content=\"https:\/\/mmbobd2.com\/en\/product\/daf-rapido-epc-2015\/\" \/>\n<meta property=\"og:site_name\" content=\"MMB OBD2 SOFTWARE\" \/>\n<meta property=\"article:publisher\" content=\"https:\/\/www.facebook.com\/profile.php?id=61552159950965\" \/>\n<meta property=\"article:modified_time\" content=\"2023-11-22T13:17:38+00:00\" \/>\n<meta property=\"og:image\" content=\"https:\/\/mmbobd2.com\/wp-content\/uploads\/2023\/11\/DAFRAPIDO-jpg.webp\" \/>\n\t<meta property=\"og:image:width\" content=\"1000\" \/>\n\t<meta property=\"og:image:height\" content=\"1000\" \/>\n\t<meta property=\"og:image:type\" content=\"image\/jpeg\" \/>\n<meta name=\"twitter:card\" content=\"summary_large_image\" \/>\n<meta name=\"twitter:label1\" content=\"Estimated reading time\" \/>\n\t<meta name=\"twitter:data1\" content=\"1 minute\" \/>\n<script type=\"application\/ld+json\" class=\"yoast-schema-graph\">{\"@context\":\"https:\\\/\\\/schema.org\",\"@graph\":[{\"@type\":\"WebPage\",\"@id\":\"https:\\\/\\\/mmbobd2.com\\\/product\\\/daf-rapido-epc-2015\\\/\",\"url\":\"https:\\\/\\\/mmbobd2.com\\\/product\\\/daf-rapido-epc-2015\\\/\",\"name\":\"DAF Rapido EPC 2015 MMB OBD2 SOFTWARE\",\"isPartOf\":{\"@id\":\"https:\\\/\\\/mmbobd2.com\\\/#website\"},\"primaryImageOfPage\":{\"@id\":\"https:\\\/\\\/mmbobd2.com\\\/product\\\/daf-rapido-epc-2015\\\/#primaryimage\"},\"image\":{\"@id\":\"https:\\\/\\\/mmbobd2.com\\\/product\\\/daf-rapido-epc-2015\\\/#primaryimage\"},\"thumbnailUrl\":\"https:\\\/\\\/i0.wp.com\\\/mmbobd2.com\\\/wp-content\\\/uploads\\\/2023\\\/11\\\/DAFRAPIDO-jpg.webp?fit=1000%2C1000&ssl=1\",\"datePublished\":\"2023-11-22T13:17:37+00:00\",\"dateModified\":\"2023-11-22T13:17:38+00:00\",\"description\":\"DAF Rapido EPC 2015 Catalogue \u00e9lectronique complet pour pi\u00e8ces de rechange DAF. Comparez, installez avec facilit\u00e9. Support multilingue .\",\"breadcrumb\":{\"@id\":\"https:\\\/\\\/mmbobd2.com\\\/product\\\/daf-rapido-epc-2015\\\/#breadcrumb\"},\"inLanguage\":\"en-GB\",\"potentialAction\":[{\"@type\":\"ReadAction\",\"target\":[\"https:\\\/\\\/mmbobd2.com\\\/product\\\/daf-rapido-epc-2015\\\/\"]}]},{\"@type\":\"ImageObject\",\"inLanguage\":\"en-GB\",\"@id\":\"https:\\\/\\\/mmbobd2.com\\\/product\\\/daf-rapido-epc-2015\\\/#primaryimage\",\"url\":\"https:\\\/\\\/i0.wp.com\\\/mmbobd2.com\\\/wp-content\\\/uploads\\\/2023\\\/11\\\/DAFRAPIDO-jpg.webp?fit=1000%2C1000&ssl=1\",\"contentUrl\":\"https:\\\/\\\/i0.wp.com\\\/mmbobd2.com\\\/wp-content\\\/uploads\\\/2023\\\/11\\\/DAFRAPIDO-jpg.webp?fit=1000%2C1000&ssl=1\",\"width\":1000,\"height\":1000,\"caption\":\"DAF Rapido EPC 2015 Catalogue \u00e9lectronique complet pour pi\u00e8ces de rechange DAF. Comparez, installez avec facilit\u00e9. Support multilingue .\"},{\"@type\":\"BreadcrumbList\",\"@id\":\"https:\\\/\\\/mmbobd2.com\\\/product\\\/daf-rapido-epc-2015\\\/#breadcrumb\",\"itemListElement\":[{\"@type\":\"ListItem\",\"position\":1,\"name\":\"Accueil\",\"item\":\"https:\\\/\\\/mmbobd2.com\\\/\"},{\"@type\":\"ListItem\",\"position\":2,\"name\":\"Boutique\",\"item\":\"https:\\\/\\\/mmbobd2.com\\\/logiciels-de-diagnostic-automobiles\\\/\"},{\"@type\":\"ListItem\",\"position\":3,\"name\":\"DAF Rapido EPC 2015\"}]},{\"@type\":\"WebSite\",\"@id\":\"https:\\\/\\\/mmbobd2.com\\\/#website\",\"url\":\"https:\\\/\\\/mmbobd2.com\\\/\",\"name\":\"MMB OBD2 SOFTWARE\",\"description\":\"\",\"publisher\":{\"@id\":\"https:\\\/\\\/mmbobd2.com\\\/#organization\"},\"alternateName\":\"mmbsoftauto\",\"potentialAction\":[{\"@type\":\"SearchAction\",\"target\":{\"@type\":\"EntryPoint\",\"urlTemplate\":\"https:\\\/\\\/mmbobd2.com\\\/?s={search_term_string}\"},\"query-input\":{\"@type\":\"PropertyValueSpecification\",\"valueRequired\":true,\"valueName\":\"search_term_string\"}}],\"inLanguage\":\"en-GB\"},{\"@type\":\"Organization\",\"@id\":\"https:\\\/\\\/mmbobd2.com\\\/#organization\",\"name\":\"MMB COMPANY\",\"url\":\"https:\\\/\\\/mmbobd2.com\\\/\",\"logo\":{\"@type\":\"ImageObject\",\"inLanguage\":\"en-GB\",\"@id\":\"https:\\\/\\\/mmbobd2.com\\\/#\\\/schema\\\/logo\\\/image\\\/\",\"url\":\"https:\\\/\\\/mmbobd2.com\\\/wp-content\\\/uploads\\\/2023\\\/10\\\/LOGO-ROND-MMB-200.png\",\"contentUrl\":\"https:\\\/\\\/mmbobd2.com\\\/wp-content\\\/uploads\\\/2023\\\/10\\\/LOGO-ROND-MMB-200.png\",\"width\":200,\"height\":200,\"caption\":\"MMB COMPANY\"},\"image\":{\"@id\":\"https:\\\/\\\/mmbobd2.com\\\/#\\\/schema\\\/logo\\\/image\\\/\"},\"sameAs\":[\"https:\\\/\\\/www.facebook.com\\\/profile.php?id=61552159950965\"]}]}<\/script>\n<!-- \/ Yoast SEO plugin. -->","yoast_head_json":{"title":"DAF Rapido EPC 2015 MMB OBD2 SOFTWARE","description":"DAF Rapido EPC 2015 Catalogue \u00e9lectronique complet pour pi\u00e8ces de rechange DAF. Comparez, installez avec facilit\u00e9. Support multilingue .","robots":{"index":"index","follow":"follow","max-snippet":"max-snippet:-1","max-image-preview":"max-image-preview:large","max-video-preview":"max-video-preview:-1"},"canonical":"https:\/\/mmbobd2.com\/en\/product\/daf-rapido-epc-2015\/","og_locale":"en_GB","og_type":"article","og_title":"DAF Rapido EPC 2015","og_description":"DAF Rapido EPC 2015 Catalogue \u00e9lectronique complet pour pi\u00e8ces de rechange DAF. Comparez, installez avec facilit\u00e9. Support multilingue .","og_url":"https:\/\/mmbobd2.com\/en\/product\/daf-rapido-epc-2015\/","og_site_name":"MMB OBD2 SOFTWARE","article_publisher":"https:\/\/www.facebook.com\/profile.php?id=61552159950965","article_modified_time":"2023-11-22T13:17:38+00:00","og_image":[{"width":1000,"height":1000,"url":"https:\/\/mmbobd2.com\/wp-content\/uploads\/2023\/11\/DAFRAPIDO-jpg.webp","type":"image\/jpeg"}],"twitter_card":"summary_large_image","twitter_misc":{"Estimated reading time":"1 minute"},"schema":{"@context":"https:\/\/schema.org","@graph":[{"@type":"WebPage","@id":"https:\/\/mmbobd2.com\/product\/daf-rapido-epc-2015\/","url":"https:\/\/mmbobd2.com\/product\/daf-rapido-epc-2015\/","name":"DAF Rapido EPC 2015 MMB OBD2 SOFTWARE","isPartOf":{"@id":"https:\/\/mmbobd2.com\/#website"},"primaryImageOfPage":{"@id":"https:\/\/mmbobd2.com\/product\/daf-rapido-epc-2015\/#primaryimage"},"image":{"@id":"https:\/\/mmbobd2.com\/product\/daf-rapido-epc-2015\/#primaryimage"},"thumbnailUrl":"https:\/\/i0.wp.com\/mmbobd2.com\/wp-content\/uploads\/2023\/11\/DAFRAPIDO-jpg.webp?fit=1000%2C1000&ssl=1","datePublished":"2023-11-22T13:17:37+00:00","dateModified":"2023-11-22T13:17:38+00:00","description":"DAF Rapido EPC 2015 Catalogue \u00e9lectronique complet pour pi\u00e8ces de rechange DAF. Comparez, installez avec facilit\u00e9. Support multilingue .","breadcrumb":{"@id":"https:\/\/mmbobd2.com\/product\/daf-rapido-epc-2015\/#breadcrumb"},"inLanguage":"en-GB","potentialAction":[{"@type":"ReadAction","target":["https:\/\/mmbobd2.com\/product\/daf-rapido-epc-2015\/"]}]},{"@type":"ImageObject","inLanguage":"en-GB","@id":"https:\/\/mmbobd2.com\/product\/daf-rapido-epc-2015\/#primaryimage","url":"https:\/\/i0.wp.com\/mmbobd2.com\/wp-content\/uploads\/2023\/11\/DAFRAPIDO-jpg.webp?fit=1000%2C1000&ssl=1","contentUrl":"https:\/\/i0.wp.com\/mmbobd2.com\/wp-content\/uploads\/2023\/11\/DAFRAPIDO-jpg.webp?fit=1000%2C1000&ssl=1","width":1000,"height":1000,"caption":"DAF Rapido EPC 2015 Catalogue \u00e9lectronique complet pour pi\u00e8ces de rechange DAF. Comparez, installez avec facilit\u00e9. Support multilingue ."},{"@type":"BreadcrumbList","@id":"https:\/\/mmbobd2.com\/product\/daf-rapido-epc-2015\/#breadcrumb","itemListElement":[{"@type":"ListItem","position":1,"name":"Accueil","item":"https:\/\/mmbobd2.com\/"},{"@type":"ListItem","position":2,"name":"Boutique","item":"https:\/\/mmbobd2.com\/logiciels-de-diagnostic-automobiles\/"},{"@type":"ListItem","position":3,"name":"DAF Rapido EPC 2015"}]},{"@type":"WebSite","@id":"https:\/\/mmbobd2.com\/#website","url":"https:\/\/mmbobd2.com\/","name":"MMB OBD2 SOFTWARE","description":"","publisher":{"@id":"https:\/\/mmbobd2.com\/#organization"},"alternateName":"mmbsoftauto","potentialAction":[{"@type":"SearchAction","target":{"@type":"EntryPoint","urlTemplate":"https:\/\/mmbobd2.com\/?s={search_term_string}"},"query-input":{"@type":"PropertyValueSpecification","valueRequired":true,"valueName":"search_term_string"}}],"inLanguage":"en-GB"},{"@type":"Organization","@id":"https:\/\/mmbobd2.com\/#organization","name":"MMB COMPANY","url":"https:\/\/mmbobd2.com\/","logo":{"@type":"ImageObject","inLanguage":"en-GB","@id":"https:\/\/mmbobd2.com\/#\/schema\/logo\/image\/","url":"https:\/\/mmbobd2.com\/wp-content\/uploads\/2023\/10\/LOGO-ROND-MMB-200.png","contentUrl":"https:\/\/mmbobd2.com\/wp-content\/uploads\/2023\/10\/LOGO-ROND-MMB-200.png","width":200,"height":200,"caption":"MMB COMPANY"},"image":{"@id":"https:\/\/mmbobd2.com\/#\/schema\/logo\/image\/"},"sameAs":["https:\/\/www.facebook.com\/profile.php?id=61552159950965"]}]}},"_links":{"self":[{"href":"https:\/\/mmbobd2.com\/en\/wp-json\/wp\/v2\/product\/761","targetHints":{"allow":["GET"]}}],"collection":[{"href":"https:\/\/mmbobd2.com\/en\/wp-json\/wp\/v2\/product"}],"about":[{"href":"https:\/\/mmbobd2.com\/en\/wp-json\/wp\/v2\/types\/product"}],"wp:featuredmedia":[{"embeddable":true,"href":"https:\/\/mmbobd2.com\/en\/wp-json\/wp\/v2\/media\/762"}],"wp:attachment":[{"href":"https:\/\/mmbobd2.com\/en\/wp-json\/wp\/v2\/media?parent=761"}],"wp:term":[{"taxonomy":"product_brand","embeddable":true,"href":"https:\/\/mmbobd2.com\/en\/wp-json\/wp\/v2\/product_brand?post=761"},{"taxonomy":"product_cat","embeddable":true,"href":"https:\/\/mmbobd2.com\/en\/wp-json\/wp\/v2\/product_cat?post=761"},{"taxonomy":"product_tag","embeddable":true,"href":"https:\/\/mmbobd2.com\/en\/wp-json\/wp\/v2\/product_tag?post=761"}],"curies":[{"name":"wp","href":"https:\/\/api.w.org\/{rel}","templated":true}]}}