{"id":772,"date":"2023-11-22T15:01:10","date_gmt":"2023-11-22T15:01:10","guid":{"rendered":"https:\/\/mmbobd2.com\/?post_type=product&#038;p=772"},"modified":"2026-03-28T13:31:34","modified_gmt":"2026-03-28T13:31:34","slug":"ads-egr-dpf-lambda-remover","status":"publish","type":"product","link":"https:\/\/mmbobd2.com\/en\/product\/ads-egr-dpf-lambda-remover\/","title":{"rendered":"ADS EGR DPF LAMBDA REMOVER"},"content":{"rendered":"<h2 style=\"text-align: center;\"><strong>ADS EGR DPF LAMBDA REMOVER<\/strong><\/h2>\n<p>&nbsp;<\/p>\n<p><strong>Professionnel ADS EGR DPF LAMBDA REMOVER 3.0: \u00c9liminez Facilement les DPF et EGR de Votre Voiture<\/strong><\/p>\n<p><em>Solution Simple pour D\u00e9butants<\/em> Choisissez votre voiture et ECU, et le programme d\u00e9sactive automatiquement les solutions DPF ou EGR, id\u00e9al m\u00eame pour les d\u00e9butants.<\/p>\n<p><strong>Caract\u00e9ristiques Cl\u00e9s:<\/strong><\/p>\n<ol>\n<li><em>Compatibilit\u00e9 \u00c9tendue<\/em> Utilisez les lecteurs binaires tels que FGTECH Galletto, KESS V2, KTAG Master, MPPS, CMD, Byteshoter Master avec 100% de fichiers fonctionnant.<\/li>\n<li><em>Support Multi-ECU<\/em> Bosch, Siemens, Denso, Visteon, Delphi, Marelli, Transtron ECU pris en charge pour une flexibilit\u00e9 maximal<a href=\"https:\/\/www.bugatti.com\/fr\/\">e<\/a>.<\/li>\n<li><em>Compatibilit\u00e9 Syst\u00e8me<\/em> Pris en charge par WinXP vers Win8.1, Win10 (uniquement 64 bits), assurant une utilisation fluide sur divers syst\u00e8mes.<\/li>\n<li><em>Autonome et Illimit\u00e9<\/em> Pas besoin d&rsquo;Internet, pas de compte requis, pas de limites &#8211; fichiers illimit\u00e9s pour une utilisation sans contrainte<a href=\"https:\/\/mmbobd2.com\/en\/\">s<\/a>.<\/li>\n<\/ol>","protected":false},"excerpt":{"rendered":"<p>DPF + EGR REMOVER 3.0: Programmez votre voiture rapidement et facilement. Compatibilit\u00e9 \u00e9tendue, autonomie totale, aucune limite. T\u00e9l\u00e9chargez maintenant !<\/p>","protected":false},"featured_media":773,"template":"","meta":[],"product_brand":[],"product_cat":[17],"product_tag":[],"class_list":{"0":"post-772","1":"product","2":"type-product","3":"status-publish","4":"has-post-thumbnail","6":"product_cat-software-reprogrammation-auto","8":"first","9":"instock","10":"downloadable","11":"virtual","12":"purchasable","13":"product-type-simple"},"yoast_head":"<!-- This site is optimized with the Yoast SEO plugin v27.4 - https:\/\/yoast.com\/product\/yoast-seo-wordpress\/ -->\n<title>ADS EGR DPF LAMBDA REMOVER - MMB OBD2 SOFTWARE<\/title>\n<meta name=\"description\" content=\"ADS EGR DPF LAMBDA REMOVER : Programmez votre voiture rapidement et facilement. Compatibilit\u00e9 \u00e9tendue, autonomie totale, aucune limite. T\u00e9l\u00e9chargez !\" \/>\n<meta name=\"robots\" content=\"index, follow, max-snippet:-1, max-image-preview:large, max-video-preview:-1\" \/>\n<link rel=\"canonical\" href=\"https:\/\/mmbobd2.com\/en\/product\/ads-egr-dpf-lambda-remover\/\" \/>\n<meta property=\"og:locale\" content=\"en_GB\" \/>\n<meta property=\"og:type\" content=\"article\" \/>\n<meta property=\"og:title\" content=\"ADS EGR DPF LAMBDA REMOVER\" \/>\n<meta property=\"og:description\" content=\"DPF + EGR REMOVER 3.0: Programmez votre voiture rapidement et facilement. Compatibilit\u00e9 \u00e9tendue, autonomie totale, aucune limite. T\u00e9l\u00e9chargez maintenant !\" \/>\n<meta property=\"og:url\" content=\"https:\/\/mmbobd2.com\/en\/product\/ads-egr-dpf-lambda-remover\/\" \/>\n<meta property=\"og:site_name\" content=\"MMB OBD2 SOFTWARE\" \/>\n<meta property=\"article:publisher\" content=\"https:\/\/www.facebook.com\/profile.php?id=61552159950965\" \/>\n<meta property=\"article:modified_time\" content=\"2026-03-28T13:31:34+00:00\" \/>\n<meta property=\"og:image\" content=\"https:\/\/mmbobd2.com\/wp-content\/uploads\/2023\/11\/ADSREMOVER-jpg.webp\" \/>\n\t<meta property=\"og:image:width\" content=\"1000\" \/>\n\t<meta property=\"og:image:height\" content=\"1000\" \/>\n\t<meta property=\"og:image:type\" content=\"image\/jpeg\" \/>\n<meta name=\"twitter:card\" content=\"summary_large_image\" \/>\n<meta name=\"twitter:label1\" content=\"Estimated reading time\" \/>\n\t<meta name=\"twitter:data1\" content=\"1 minute\" \/>\n<script type=\"application\/ld+json\" class=\"yoast-schema-graph\">{\"@context\":\"https:\\\/\\\/schema.org\",\"@graph\":[{\"@type\":\"WebPage\",\"@id\":\"https:\\\/\\\/mmbobd2.com\\\/product\\\/ads-egr-dpf-lambda-remover\\\/\",\"url\":\"https:\\\/\\\/mmbobd2.com\\\/product\\\/ads-egr-dpf-lambda-remover\\\/\",\"name\":\"ADS EGR DPF LAMBDA REMOVER - MMB OBD2 SOFTWARE\",\"isPartOf\":{\"@id\":\"https:\\\/\\\/mmbobd2.com\\\/#website\"},\"primaryImageOfPage\":{\"@id\":\"https:\\\/\\\/mmbobd2.com\\\/product\\\/ads-egr-dpf-lambda-remover\\\/#primaryimage\"},\"image\":{\"@id\":\"https:\\\/\\\/mmbobd2.com\\\/product\\\/ads-egr-dpf-lambda-remover\\\/#primaryimage\"},\"thumbnailUrl\":\"https:\\\/\\\/i0.wp.com\\\/mmbobd2.com\\\/wp-content\\\/uploads\\\/2023\\\/11\\\/ADSREMOVER-jpg.webp?fit=1000%2C1000&ssl=1\",\"datePublished\":\"2023-11-22T15:01:10+00:00\",\"dateModified\":\"2026-03-28T13:31:34+00:00\",\"description\":\"ADS EGR DPF LAMBDA REMOVER : Programmez votre voiture rapidement et facilement. Compatibilit\u00e9 \u00e9tendue, autonomie totale, aucune limite. T\u00e9l\u00e9chargez !\",\"breadcrumb\":{\"@id\":\"https:\\\/\\\/mmbobd2.com\\\/product\\\/ads-egr-dpf-lambda-remover\\\/#breadcrumb\"},\"inLanguage\":\"en-GB\",\"potentialAction\":[{\"@type\":\"ReadAction\",\"target\":[\"https:\\\/\\\/mmbobd2.com\\\/product\\\/ads-egr-dpf-lambda-remover\\\/\"]}]},{\"@type\":\"ImageObject\",\"inLanguage\":\"en-GB\",\"@id\":\"https:\\\/\\\/mmbobd2.com\\\/product\\\/ads-egr-dpf-lambda-remover\\\/#primaryimage\",\"url\":\"https:\\\/\\\/i0.wp.com\\\/mmbobd2.com\\\/wp-content\\\/uploads\\\/2023\\\/11\\\/ADSREMOVER-jpg.webp?fit=1000%2C1000&ssl=1\",\"contentUrl\":\"https:\\\/\\\/i0.wp.com\\\/mmbobd2.com\\\/wp-content\\\/uploads\\\/2023\\\/11\\\/ADSREMOVER-jpg.webp?fit=1000%2C1000&ssl=1\",\"width\":1000,\"height\":1000,\"caption\":\"ADS EGR DPF LAMBDA REMOVER\"},{\"@type\":\"BreadcrumbList\",\"@id\":\"https:\\\/\\\/mmbobd2.com\\\/product\\\/ads-egr-dpf-lambda-remover\\\/#breadcrumb\",\"itemListElement\":[{\"@type\":\"ListItem\",\"position\":1,\"name\":\"Accueil\",\"item\":\"https:\\\/\\\/mmbobd2.com\\\/\"},{\"@type\":\"ListItem\",\"position\":2,\"name\":\"Boutique\",\"item\":\"https:\\\/\\\/mmbobd2.com\\\/logiciels-de-diagnostic-automobiles\\\/\"},{\"@type\":\"ListItem\",\"position\":3,\"name\":\"ADS EGR DPF LAMBDA REMOVER\"}]},{\"@type\":\"WebSite\",\"@id\":\"https:\\\/\\\/mmbobd2.com\\\/#website\",\"url\":\"https:\\\/\\\/mmbobd2.com\\\/\",\"name\":\"MMB OBD2 SOFTWARE\",\"description\":\"\",\"publisher\":{\"@id\":\"https:\\\/\\\/mmbobd2.com\\\/#organization\"},\"alternateName\":\"mmbsoftauto\",\"potentialAction\":[{\"@type\":\"SearchAction\",\"target\":{\"@type\":\"EntryPoint\",\"urlTemplate\":\"https:\\\/\\\/mmbobd2.com\\\/?s={search_term_string}\"},\"query-input\":{\"@type\":\"PropertyValueSpecification\",\"valueRequired\":true,\"valueName\":\"search_term_string\"}}],\"inLanguage\":\"en-GB\"},{\"@type\":\"Organization\",\"@id\":\"https:\\\/\\\/mmbobd2.com\\\/#organization\",\"name\":\"MMB COMPANY\",\"url\":\"https:\\\/\\\/mmbobd2.com\\\/\",\"logo\":{\"@type\":\"ImageObject\",\"inLanguage\":\"en-GB\",\"@id\":\"https:\\\/\\\/mmbobd2.com\\\/#\\\/schema\\\/logo\\\/image\\\/\",\"url\":\"https:\\\/\\\/mmbobd2.com\\\/wp-content\\\/uploads\\\/2023\\\/10\\\/LOGO-ROND-MMB-200.png\",\"contentUrl\":\"https:\\\/\\\/mmbobd2.com\\\/wp-content\\\/uploads\\\/2023\\\/10\\\/LOGO-ROND-MMB-200.png\",\"width\":200,\"height\":200,\"caption\":\"MMB COMPANY\"},\"image\":{\"@id\":\"https:\\\/\\\/mmbobd2.com\\\/#\\\/schema\\\/logo\\\/image\\\/\"},\"sameAs\":[\"https:\\\/\\\/www.facebook.com\\\/profile.php?id=61552159950965\"]}]}<\/script>\n<!-- \/ Yoast SEO plugin. -->","yoast_head_json":{"title":"ADS EGR DPF LAMBDA REMOVER - MMB OBD2 SOFTWARE","description":"ADS EGR DPF LAMBDA REMOVER : Programmez votre voiture rapidement et facilement. Compatibilit\u00e9 \u00e9tendue, autonomie totale, aucune limite. T\u00e9l\u00e9chargez !","robots":{"index":"index","follow":"follow","max-snippet":"max-snippet:-1","max-image-preview":"max-image-preview:large","max-video-preview":"max-video-preview:-1"},"canonical":"https:\/\/mmbobd2.com\/en\/product\/ads-egr-dpf-lambda-remover\/","og_locale":"en_GB","og_type":"article","og_title":"ADS EGR DPF LAMBDA REMOVER","og_description":"DPF + EGR REMOVER 3.0: Programmez votre voiture rapidement et facilement. Compatibilit\u00e9 \u00e9tendue, autonomie totale, aucune limite. T\u00e9l\u00e9chargez maintenant !","og_url":"https:\/\/mmbobd2.com\/en\/product\/ads-egr-dpf-lambda-remover\/","og_site_name":"MMB OBD2 SOFTWARE","article_publisher":"https:\/\/www.facebook.com\/profile.php?id=61552159950965","article_modified_time":"2026-03-28T13:31:34+00:00","og_image":[{"width":1000,"height":1000,"url":"https:\/\/mmbobd2.com\/wp-content\/uploads\/2023\/11\/ADSREMOVER-jpg.webp","type":"image\/jpeg"}],"twitter_card":"summary_large_image","twitter_misc":{"Estimated reading time":"1 minute"},"schema":{"@context":"https:\/\/schema.org","@graph":[{"@type":"WebPage","@id":"https:\/\/mmbobd2.com\/product\/ads-egr-dpf-lambda-remover\/","url":"https:\/\/mmbobd2.com\/product\/ads-egr-dpf-lambda-remover\/","name":"ADS EGR DPF LAMBDA REMOVER - MMB OBD2 SOFTWARE","isPartOf":{"@id":"https:\/\/mmbobd2.com\/#website"},"primaryImageOfPage":{"@id":"https:\/\/mmbobd2.com\/product\/ads-egr-dpf-lambda-remover\/#primaryimage"},"image":{"@id":"https:\/\/mmbobd2.com\/product\/ads-egr-dpf-lambda-remover\/#primaryimage"},"thumbnailUrl":"https:\/\/i0.wp.com\/mmbobd2.com\/wp-content\/uploads\/2023\/11\/ADSREMOVER-jpg.webp?fit=1000%2C1000&ssl=1","datePublished":"2023-11-22T15:01:10+00:00","dateModified":"2026-03-28T13:31:34+00:00","description":"ADS EGR DPF LAMBDA REMOVER : Programmez votre voiture rapidement et facilement. Compatibilit\u00e9 \u00e9tendue, autonomie totale, aucune limite. T\u00e9l\u00e9chargez !","breadcrumb":{"@id":"https:\/\/mmbobd2.com\/product\/ads-egr-dpf-lambda-remover\/#breadcrumb"},"inLanguage":"en-GB","potentialAction":[{"@type":"ReadAction","target":["https:\/\/mmbobd2.com\/product\/ads-egr-dpf-lambda-remover\/"]}]},{"@type":"ImageObject","inLanguage":"en-GB","@id":"https:\/\/mmbobd2.com\/product\/ads-egr-dpf-lambda-remover\/#primaryimage","url":"https:\/\/i0.wp.com\/mmbobd2.com\/wp-content\/uploads\/2023\/11\/ADSREMOVER-jpg.webp?fit=1000%2C1000&ssl=1","contentUrl":"https:\/\/i0.wp.com\/mmbobd2.com\/wp-content\/uploads\/2023\/11\/ADSREMOVER-jpg.webp?fit=1000%2C1000&ssl=1","width":1000,"height":1000,"caption":"ADS EGR DPF LAMBDA REMOVER"},{"@type":"BreadcrumbList","@id":"https:\/\/mmbobd2.com\/product\/ads-egr-dpf-lambda-remover\/#breadcrumb","itemListElement":[{"@type":"ListItem","position":1,"name":"Accueil","item":"https:\/\/mmbobd2.com\/"},{"@type":"ListItem","position":2,"name":"Boutique","item":"https:\/\/mmbobd2.com\/logiciels-de-diagnostic-automobiles\/"},{"@type":"ListItem","position":3,"name":"ADS EGR DPF LAMBDA REMOVER"}]},{"@type":"WebSite","@id":"https:\/\/mmbobd2.com\/#website","url":"https:\/\/mmbobd2.com\/","name":"MMB OBD2 SOFTWARE","description":"","publisher":{"@id":"https:\/\/mmbobd2.com\/#organization"},"alternateName":"mmbsoftauto","potentialAction":[{"@type":"SearchAction","target":{"@type":"EntryPoint","urlTemplate":"https:\/\/mmbobd2.com\/?s={search_term_string}"},"query-input":{"@type":"PropertyValueSpecification","valueRequired":true,"valueName":"search_term_string"}}],"inLanguage":"en-GB"},{"@type":"Organization","@id":"https:\/\/mmbobd2.com\/#organization","name":"MMB COMPANY","url":"https:\/\/mmbobd2.com\/","logo":{"@type":"ImageObject","inLanguage":"en-GB","@id":"https:\/\/mmbobd2.com\/#\/schema\/logo\/image\/","url":"https:\/\/mmbobd2.com\/wp-content\/uploads\/2023\/10\/LOGO-ROND-MMB-200.png","contentUrl":"https:\/\/mmbobd2.com\/wp-content\/uploads\/2023\/10\/LOGO-ROND-MMB-200.png","width":200,"height":200,"caption":"MMB COMPANY"},"image":{"@id":"https:\/\/mmbobd2.com\/#\/schema\/logo\/image\/"},"sameAs":["https:\/\/www.facebook.com\/profile.php?id=61552159950965"]}]}},"_links":{"self":[{"href":"https:\/\/mmbobd2.com\/en\/wp-json\/wp\/v2\/product\/772","targetHints":{"allow":["GET"]}}],"collection":[{"href":"https:\/\/mmbobd2.com\/en\/wp-json\/wp\/v2\/product"}],"about":[{"href":"https:\/\/mmbobd2.com\/en\/wp-json\/wp\/v2\/types\/product"}],"wp:featuredmedia":[{"embeddable":true,"href":"https:\/\/mmbobd2.com\/en\/wp-json\/wp\/v2\/media\/773"}],"wp:attachment":[{"href":"https:\/\/mmbobd2.com\/en\/wp-json\/wp\/v2\/media?parent=772"}],"wp:term":[{"taxonomy":"product_brand","embeddable":true,"href":"https:\/\/mmbobd2.com\/en\/wp-json\/wp\/v2\/product_brand?post=772"},{"taxonomy":"product_cat","embeddable":true,"href":"https:\/\/mmbobd2.com\/en\/wp-json\/wp\/v2\/product_cat?post=772"},{"taxonomy":"product_tag","embeddable":true,"href":"https:\/\/mmbobd2.com\/en\/wp-json\/wp\/v2\/product_tag?post=772"}],"curies":[{"name":"wp","href":"https:\/\/api.w.org\/{rel}","templated":true}]}}